{"id":6974,"date":"2012-10-18T15:39:00","date_gmt":"2012-10-18T15:39:00","guid":{"rendered":"https:\/\/milanta.net\/aviso-legal\/"},"modified":"2023-07-20T11:12:58","modified_gmt":"2023-07-20T11:12:58","slug":"aviso-legal","status":"publish","type":"page","link":"https:\/\/milanta.net\/es\/aviso-legal\/","title":{"rendered":"Aviso legal"},"content":{"rendered":"\t\t<div data-elementor-type=\"wp-page\" data-elementor-id=\"6974\" class=\"elementor elementor-6974 elementor-2130\" data-elementor-post-type=\"page\">\n\t\t\t\t\t\t<section class=\"elementor-section elementor-top-section elementor-element elementor-element-34566b5e elementor-section-boxed elementor-section-height-default elementor-section-height-default\" data-id=\"34566b5e\" data-element_type=\"section\" data-e-type=\"section\" data-settings=\"{&quot;jet_parallax_layout_list&quot;:[]}\">\n\t\t\t\t\t\t<div class=\"elementor-container elementor-column-gap-default\">\n\t\t\t\t\t<div class=\"elementor-column elementor-col-100 elementor-top-column elementor-element elementor-element-2a456ec3\" data-id=\"2a456ec3\" data-element_type=\"column\" data-e-type=\"column\">\n\t\t\t<div class=\"elementor-widget-wrap elementor-element-populated\">\n\t\t\t\t\t\t<div class=\"elementor-element elementor-element-73a696cf elementor-widget elementor-widget-text-editor\" data-id=\"73a696cf\" data-element_type=\"widget\" data-e-type=\"widget\" data-widget_type=\"text-editor.default\">\n\t\t\t\t<div class=\"elementor-widget-container\">\n\t\t\t\t\t\t\t\t\t<p style=\"text-align: center;\"><span> <span style=\"background-color: #ffffff;\" title=\"Aviso legal\"> <a href=\"#avis-legal\">Aviso Legal<\/a> &#8211; <a href=\"#avis-confidencialitat\">Aviso de Confidencialidad<\/a> &#8211; <a href=\"#politica-cookies\">Pol\u00edtica de Cookies<\/a> <\/span> <\/span><\/p>\n<section id=\"avis-legal\">\n<p> <\/p>\n<h2>Aviso Legal<\/h2>\n<hr>\n<h3>Titularidad y propiedad intelectual<\/h3>\n<p>En cumplimiento de lo que se expone en el art\u00edculo 10 de la Ley 34\/2002 de Servicios de la Sociedad de la Informaci\u00f3n y de Comercio Electr\u00f3nico, informamos que esta p\u00e1gina web es propiedad de Milanta-Craft SLU, en adelante MILANTA, con CIF B67431890 y domicilio social en C\/OLZINELLES 66 &#8211; 08014, Barcelona &#8211; Espa\u00f1a. El tel\u00e9fono de contacto es 679473684 y la direcci\u00f3n de correo electr\u00f3nico joan@milanta.net<\/p>\n<p>El uso de este sitio web, incluido el mero acceso, est\u00e1 sujeto a las condiciones aqu\u00ed expuestas. El hecho de acceder a la p\u00e1gina y utilizar los materiales contenidos en ella implica que has le\u00eddo estas condiciones y que las aceptas.<\/p>\n<p>Todos los textos de esta p\u00e1gina est\u00e1n sujetos a una licencia Creative Commons Reconocimiento 3.0 Espa\u00f1a, que significa que cualquier persona o entidad puede compartir (copiar y redistribuir el material en cualquier medio y formato) y adaptar (refundir, transformar y crear a partir del material) para cualquier finalidad, incluida la comercial, siempre que reconozca su autor\u00eda (citando el nombre del autor, haciendo constar milanta.net como fuente e incluyendo un enlace a la licencia) e indique cu\u00e1les han sido los cambios que se han realizado. Esto puede hacerse de cualquier forma razonable, y no puede hacerse de ninguna manera que sugiera que MILANTA protege a quien est\u00e9 compartiendo o usando estos contenidos o la forma en que lo haga.<\/p>\n<h3>Pol\u00edtica de datos personales<\/h3>\n<p>Los datos facilitados por los suscriptores ser\u00e1n incorporados a un fichero de car\u00e1cter personal del que es titular y responsable MILANTA. Este fichero ser\u00e1 tratado conforme a lo dispuesto en la Ley Org\u00e1nica 15\/1999, de Protecci\u00f3n de Datos de Car\u00e1cter Personal. Los datos personales que almacenamos se transmiten siempre bajo conexiones seguras.<\/p>\n<p>MILANTA ha adoptado las medidas t\u00e9cnicas y organizativas necesarias para garantizar la seguridad e integridad de los datos, as\u00ed como para evitar que se alteren, pierdan, traten o accedan de forma no autorizada.<\/p>\n<p>MILANTA asegura la confidencialidad de los datos aportados por nuestros usuarios y garantiza que en ning\u00fan caso ser\u00e1n cedidos a terceros. Los servicios de ensobrado y env\u00edo de revistas y la entidad bancaria que realiza las transacciones econ\u00f3micas tienen acceso a estos datos \u00fanica y exclusivamente para el cumplimiento de estos fines.<\/p>\n<p>Los usuarios cuyos datos personales sean objeto de tratamiento podr\u00e1n ejercitar los derechos de acceso, rectificaci\u00f3n, oposici\u00f3n y cancelaci\u00f3n en los t\u00e9rminos recogidos en la legislaci\u00f3n de protecci\u00f3n de datos. Estos derechos podr\u00e1n ser ejercidos dirigi\u00e9ndose a MILANTA por escrito (C\/OLZINELLES 66 &#8211; 08014, Barcelona &#8211; Espa\u00f1a) o por correo electr\u00f3nico (joan@milanta.net).<\/p>\n<\/section>\n<hr>\n<section id=\"avis-confidencialitat\">\n<p> <\/p>\n<h2>Aviso Confidencialidad Email<\/h2>\n<hr>\n<p>Este mensaje y sus archivos se dirigen exclusivamente a su destinatario, pudiendo contener informaci\u00f3n confidencial sometida a secreto profesional. No est\u00e1 permitida su reproducci\u00f3n o distribuci\u00f3n sin la autorizaci\u00f3n expresa de MILANTA CRAFT SLU. Si usted no es el destinatario final, por favor, elim\u00ednelo e inf\u00f3rmenos por este medio. Por el Reglamento General de Protecci\u00f3n de Datos (UE) 2016\/679, del Parlamento Europeo y del Consejo, de 27 de abril de 2016, y por la LOPD 3\/2018, de 5 de diciembre, y garant\u00eda de los derechos digitales, l informamos que sus datos ser\u00e1n tratados con el fin de realizar la gesti\u00f3n ofrecida por MILANTA CRAFT SLU. Asimismo, le informamos de la posibilidad de que ejerza los derechos de acceso, rectificaci\u00f3n, oposici\u00f3n, supresi\u00f3n, limitaci\u00f3n y portabilidad de sus datos ante MILANTA CRAFT SLU: OLZINELLES 66, 08014, BARCELONA, BARCELONA, joan@milanta.net Si usted no desea recibir nuestra informaci\u00f3n, p\u00f3ngase en contacto con nosotros enviando un correo electr\u00f3nico a la siguiente direcci\u00f3n: joan@milanta.net<\/p>\n<\/section>\n<hr>\n<section id=\"politica-cookies\">\n<p> <\/p>\n<h2>Pol\u00edtica de Cookies<\/h2>\n<hr>\n<h3>\u00bfC\u00f3mo utilizamos las cookies?<\/h3>\n<p>Una cookie es un peque\u00f1o fragmento de texto que los sitios web que visitas env\u00edan al navegador y que permite que el sitio web recuerde informaci\u00f3n sobre tu visita, para que el sitio te resulte m\u00e1s \u00fatil. Sin las cookies, la navegaci\u00f3n ser\u00eda m\u00e1s lenta. MILANTA utiliza varios tipos de cookies con diversos fines:<\/p>\n<h4>CATEGOR\u00cdA DE USO | DESCRIPCI\u00d3N<\/h4>\n<p><strong>Preferencias:<\/strong> Permiten que nuestros sitios web recuerden informaciones que cambian el aspecto o el comportamiento del sitio, como por ejemplo tu idioma favorito o la regi\u00f3n donde est\u00e1s. Por ejemplo, recordando la regi\u00f3n el sitio web puede proporcionarte noticias sobre el tr\u00e1fico o boletines meteorol\u00f3gicos locales. Estas cookies tambi\u00e9n te permiten cambiar el tama\u00f1o del texto, la fuente y otras partes de las p\u00e1ginas web que puedes personalizar. Perder la informaci\u00f3n almacenada en una cookie de preferencias puede hacer que la experiencia en el sitio web sea menos funcional, pero no debe afectar su funcionamiento.<\/p>\n<p><strong>Procesos<\/strong> : Las cookies de procesos ofrecen servicios esperados por el usuario que accede al sitio web, como por ejemplo la navegaci\u00f3n por p\u00e1ginas web o el acceso a \u00e1reas seguras del sitio web.<\/p>\n<p><strong>Estado de la sesi\u00f3n<\/strong> : Son para recopilar informaci\u00f3n sobre la forma en que los usuarios interact\u00faan con el sitio web, por ejemplo las p\u00e1ginas que visitan con mayor frecuencia, o si reciben mensajes de error de determinadas p\u00e1ginas. Estas cookies tienen por objetivo mejorar la experiencia de navegaci\u00f3n de los usuarios, pero si se bloquean o eliminan el sitio web seguir\u00e1 funcionando.<\/p>\n<p><strong>Publicitarias \/ Conversi\u00f3n<\/strong> : Utilizamos estas cookies para que nuestra publicidad sea m\u00e1s atractiva para los usuarios. Las cookies suelen utilizarse para seleccionar anuncios relevantes para los usuarios, mejorar los resultados de nuestras campa\u00f1as y evitar mostrar anuncios que el usuario ya haya visto. Tambi\u00e9n es posible usar varias cookies de conversi\u00f3n para que nos sea posible determinar el n\u00famero de veces que los usuarios que han pulsado nuestros anuncios acaban realizando acciones espec\u00edficas en nuestro sitio web. Estas cookies permiten a los anunciantes saber que has clicado en el anuncio y que posteriormente has accedido a nuestro sitio web.<\/p>\n<p><strong>Google Analytics<\/strong> : Google Analytics es una herramienta gratuita de an\u00e1lisis web que principalmente permite que los propietarios de sitios web conozcan c\u00f3mo interact\u00faan los usuarios. Tambi\u00e9n habilita cookies en el dominio del sitio en el que te encuentras y utiliza un conjunto de cookies (&#8216;_utma&#8217; y &#8216;_utmz&#8217;) para recopilar informaci\u00f3n de forma an\u00f3nima y elaborar informes de tendencias de sitios web sin identificar usuarios individuales.<\/p>\n<h4>\u00bfC\u00f3mo utilizamos Google Analytics?<\/h4>\n<p>Nuestro sitio web utiliza Google Analytics, un servicio anal\u00edtico de web prestado por Google, Inc., una compa\u00f1\u00eda de Delaware que tiene la oficina principal en 1600 Amphitheatre Parkway, Mountain View (California), CA 94043, Estados Unidos (en adelante \u201c Google\u201d).<\/p>\n<p>Google Analytics utiliza cookies, que son archivos de texto situados en su ordenador, para ayudar al sitio web a analizar el uso que hacen los usuarios. La informaci\u00f3n que genera la cookie sobre su uso del sitio web (incluyendo la direcci\u00f3n IP) ser\u00e1 directamente transmitida y archivada por Google en los servidores de Estados Unidos. Google utilizar\u00e1 esta informaci\u00f3n por su cuenta con el prop\u00f3sito de seguir la pista de tu uso del sitio web, recopilando informes de la actividad del sitio y prestando otros servicios relacionados con tu actividad y el uso de internet. Google podr\u00e1 transmitir esta informaci\u00f3n a terceros cuando as\u00ed le requiera la legislaci\u00f3n, o cuando estos terceros procesen la informaci\u00f3n por cuenta de Google. Google no asociar\u00e1 tu direcci\u00f3n IP con ning\u00fan otro dato del que disponga. Puedes rechazar el tratamiento de los datos o la informaci\u00f3n rechazando el uso de cookies mediante la selecci\u00f3n de la configuraci\u00f3n apropiada de tu navegador (tal y como se describe en el apartado siguiente); sin embargo, debes saber que si lo haces puede que no puedas usar la plena funcionalidad de esta web.<\/p>\n<p>Visitando este sitio web consientes el tratamiento de informaci\u00f3n sobre tu navegaci\u00f3n por parte de Google de la forma y con los fines que se describen aqu\u00ed arriba.<\/p>\n<h4>\u00bfC\u00f3mo puedo desactivar o activar las cookies en mi navegador?<\/h4>\n<p>Las p\u00e1ginas de ayuda de los principales navegadores para activar\/desactivar el uso de las cookies son:<\/p>\n<ul>\n<li>[Firefox (Mozilla)](https:\/\/support.mozilla.org\/es\/kb\/habilitar-y-deshabilitar-cookies-que-los-sitios-we)<\/li>\n<li>[Chrome](https:\/\/support.google.com\/accounts\/answer\/61416?hl=es)<\/li>\n<li>[Internet Explorer](http:\/\/windows.microsoft.com\/es-es\/windows-vista\/block-or-allow-cookies)<\/li>\n<\/ul>\n<p>Si utilizas alg\u00fan otro navegador, consulta la ayuda del navegador.<\/p>\n<p>Puedes inhabilitar Google Analytics para publicidad de display y personalizar los anuncios de la Red de Display de Google mediante el Administrador de preferencias de anuncios, o utilizar el complemento de inhabilitaci\u00f3n para navegadores de Google Analytics.<\/p>\n<h4>Env\u00edo de comunicaciones<\/h4>\n<p>La suscripci\u00f3n a nuestros boletines electr\u00f3nicos, correo electr\u00f3nico o cualquier otro medio de comunicaci\u00f3n electr\u00f3nica equivalente es totalmente gratuita y tiene siempre la autorizaci\u00f3n previa del usuario\/a.<\/p>\n<p>En cumplimiento de lo dispuesto en la Ley 34\/2002 de 11 de julio, de Servicios de Sociedad de la Informaci\u00f3n y de Comercio Electr\u00f3nico, los usuarios y usuarias podr\u00e1n revocar el consentimiento dado a la recepci\u00f3n de estas comunicaciones en cualquier momento a trav\u00e9s de &#8216;un enlace incluido en la propia comunicaci\u00f3n o comunic\u00e1ndolo por correo electr\u00f3nico a joan@milanta.net.<\/p>\n<h4>Participaci\u00f3n en foros, chats y comunidades virtuales<\/h4>\n<p>MILANTA no se responsabiliza de las opiniones expresadas en los foros, chats y otros espacios de participaci\u00f3n online. Los mensajes que se publiquen en estos espacios corresponden \u00fanicamente a la opini\u00f3n de sus autores, y no la de los administradores\/as o moderadores\/as.<\/p>\n<p>Al registrarse en estos espacios los usuarios\/as deben aceptar no publicar material abusivo, discriminatorio, obsceno, vulgar, de cualquier forma de violencia, amenazante o ning\u00fan otro que de alguna forma viole las leyes vigentes. Adem\u00e1s, los usuarios\/as aceptan que MILANTA ejerza las acciones de borrar, editar, mover o cerrar cualquier mensaje que pueda considerarse inadecuado.<\/p>\n<p>\u00daltima actualizaci\u00f3n: 20\/05\/2021<\/p>\n<p style=\"text-align: center;\"><span> <span style=\"background-color: #ffffff;\" title=\"Aviso Legal\"> <a href=\"#avis-legal\">Aviso Legal<\/a> &#8211; <a href=\"#avis-confidencialitat\">Aviso de Confidencialidad<\/a> &#8211; <a href=\"#politica-cookies\">Pol\u00edtica de Cookies<\/a> <\/span> <\/span><\/p>\n<\/section>\n\t\t\t\t\t\t\t\t<\/div>\n\t\t\t\t<\/div>\n\t\t\t\t\t<\/div>\n\t\t<\/div>\n\t\t\t\t\t<\/div>\n\t\t<\/section>\n\t\t\t\t<\/div>\n\t\t","protected":false},"excerpt":{"rendered":"<p>Aviso Legal &#8211; Aviso de Confidencialidad &#8211; Pol\u00edtica de Cookies Aviso Legal Titularidad y propiedad intelectual En cumplimiento de lo que se expone en el art\u00edculo 10 de la Ley 34\/2002 de Servicios de la Sociedad de la Informaci\u00f3n y de Comercio Electr\u00f3nico, informamos que esta p\u00e1gina web es propiedad de Milanta-Craft SLU, en adelante [&hellip;]<\/p>\n","protected":false},"author":3,"featured_media":0,"parent":0,"menu_order":1,"comment_status":"closed","ping_status":"closed","template":"","meta":{"footnotes":""},"class_list":["post-6974","page","type-page","status-publish","hentry"],"yoast_head":"<!-- This site is optimized with the Yoast SEO Premium plugin v21.6 (Yoast SEO v27.3) - https:\/\/yoast.com\/product\/yoast-seo-premium-wordpress\/ -->\n<title>Aviso legal -Milanta<\/title>\n<meta name=\"description\" content=\"Aviso Legal - Aviso de Confidencialidad - Pol\u00edtica de Cookies Aviso Legal Titularidad y propiedad intelectual En cumplimiento de lo que se expone en el\" \/>\n<meta name=\"robots\" content=\"index, follow, max-snippet:-1, max-image-preview:large, max-video-preview:-1\" \/>\n<link rel=\"canonical\" href=\"https:\/\/milanta.net\/es\/aviso-legal\/\" \/>\n<meta property=\"og:locale\" content=\"es_ES\" \/>\n<meta property=\"og:type\" content=\"article\" \/>\n<meta property=\"og:title\" content=\"Aviso legal\" \/>\n<meta property=\"og:description\" content=\"Aviso Legal - Aviso de Confidencialidad - Pol\u00edtica de Cookies Aviso Legal Titularidad y propiedad intelectual En cumplimiento de lo que se expone en el\" \/>\n<meta property=\"og:url\" content=\"https:\/\/milanta.net\/es\/aviso-legal\/\" \/>\n<meta property=\"og:site_name\" content=\"Milanta\" \/>\n<meta property=\"article:publisher\" content=\"https:\/\/www.facebook.com\/MilantaCraft\/\" \/>\n<meta property=\"article:modified_time\" content=\"2023-07-20T11:12:58+00:00\" \/>\n<meta property=\"og:image\" content=\"https:\/\/milanta.net\/wp-content\/uploads\/2023\/04\/arjau_bo_v1.jpg\" \/>\n\t<meta property=\"og:image:width\" content=\"1920\" \/>\n\t<meta property=\"og:image:height\" content=\"1080\" \/>\n\t<meta property=\"og:image:type\" content=\"image\/jpeg\" \/>\n<meta name=\"twitter:card\" content=\"summary_large_image\" \/>\n<meta name=\"twitter:label1\" content=\"Tiempo de lectura\" \/>\n\t<meta name=\"twitter:data1\" content=\"9 minutos\" \/>\n<script type=\"application\/ld+json\" class=\"yoast-schema-graph\">{\"@context\":\"https:\\\/\\\/schema.org\",\"@graph\":[{\"@type\":\"WebPage\",\"@id\":\"https:\\\/\\\/milanta.net\\\/es\\\/aviso-legal\\\/\",\"url\":\"https:\\\/\\\/milanta.net\\\/es\\\/aviso-legal\\\/\",\"name\":\"Aviso legal -Milanta\",\"isPartOf\":{\"@id\":\"https:\\\/\\\/milanta.net\\\/es\\\/#website\"},\"datePublished\":\"2012-10-18T15:39:00+00:00\",\"dateModified\":\"2023-07-20T11:12:58+00:00\",\"description\":\"Aviso Legal - Aviso de Confidencialidad - Pol\u00edtica de Cookies Aviso Legal Titularidad y propiedad intelectual En cumplimiento de lo que se expone en el\",\"breadcrumb\":{\"@id\":\"https:\\\/\\\/milanta.net\\\/es\\\/aviso-legal\\\/#breadcrumb\"},\"inLanguage\":\"es\",\"potentialAction\":[{\"@type\":\"ReadAction\",\"target\":[\"https:\\\/\\\/milanta.net\\\/es\\\/aviso-legal\\\/\"]}]},{\"@type\":\"BreadcrumbList\",\"@id\":\"https:\\\/\\\/milanta.net\\\/es\\\/aviso-legal\\\/#breadcrumb\",\"itemListElement\":[{\"@type\":\"ListItem\",\"position\":1,\"name\":\"Portada\",\"item\":\"https:\\\/\\\/milanta.net\\\/es\\\/\"},{\"@type\":\"ListItem\",\"position\":2,\"name\":\"Aviso legal\"}]},{\"@type\":\"WebSite\",\"@id\":\"https:\\\/\\\/milanta.net\\\/es\\\/#website\",\"url\":\"https:\\\/\\\/milanta.net\\\/es\\\/\",\"name\":\"Milanta Patis Vius\",\"description\":\"ESPACIOS NATURALES Y CREATIVOS PARA LA EDUCACI\u00d3N\",\"publisher\":{\"@id\":\"https:\\\/\\\/milanta.net\\\/es\\\/#organization\"},\"alternateName\":\"Milanta - Patis Vius\",\"potentialAction\":[{\"@type\":\"SearchAction\",\"target\":{\"@type\":\"EntryPoint\",\"urlTemplate\":\"https:\\\/\\\/milanta.net\\\/es\\\/?s={search_term_string}\"},\"query-input\":{\"@type\":\"PropertyValueSpecification\",\"valueRequired\":true,\"valueName\":\"search_term_string\"}}],\"inLanguage\":\"es\"},{\"@type\":\"Organization\",\"@id\":\"https:\\\/\\\/milanta.net\\\/es\\\/#organization\",\"name\":\"Milanta\",\"url\":\"https:\\\/\\\/milanta.net\\\/es\\\/\",\"logo\":{\"@type\":\"ImageObject\",\"inLanguage\":\"es\",\"@id\":\"https:\\\/\\\/milanta.net\\\/es\\\/#\\\/schema\\\/logo\\\/image\\\/\",\"url\":\"https:\\\/\\\/milanta.net\\\/wp-content\\\/uploads\\\/2023\\\/04\\\/Logo-Milanta-color.svg\",\"contentUrl\":\"https:\\\/\\\/milanta.net\\\/wp-content\\\/uploads\\\/2023\\\/04\\\/Logo-Milanta-color.svg\",\"caption\":\"Milanta\"},\"image\":{\"@id\":\"https:\\\/\\\/milanta.net\\\/es\\\/#\\\/schema\\\/logo\\\/image\\\/\"},\"sameAs\":[\"https:\\\/\\\/www.facebook.com\\\/MilantaCraft\\\/\",\"https:\\\/\\\/www.instagram.com\\\/milanta_patis\\\/\"]}]}<\/script>\n<!-- \/ Yoast SEO Premium plugin. -->","yoast_head_json":{"title":"Aviso legal -Milanta","description":"Aviso Legal - Aviso de Confidencialidad - Pol\u00edtica de Cookies Aviso Legal Titularidad y propiedad intelectual En cumplimiento de lo que se expone en el","robots":{"index":"index","follow":"follow","max-snippet":"max-snippet:-1","max-image-preview":"max-image-preview:large","max-video-preview":"max-video-preview:-1"},"canonical":"https:\/\/milanta.net\/es\/aviso-legal\/","og_locale":"es_ES","og_type":"article","og_title":"Aviso legal","og_description":"Aviso Legal - Aviso de Confidencialidad - Pol\u00edtica de Cookies Aviso Legal Titularidad y propiedad intelectual En cumplimiento de lo que se expone en el","og_url":"https:\/\/milanta.net\/es\/aviso-legal\/","og_site_name":"Milanta","article_publisher":"https:\/\/www.facebook.com\/MilantaCraft\/","article_modified_time":"2023-07-20T11:12:58+00:00","og_image":[{"width":1920,"height":1080,"url":"https:\/\/milanta.net\/wp-content\/uploads\/2023\/04\/arjau_bo_v1.jpg","type":"image\/jpeg"}],"twitter_card":"summary_large_image","twitter_misc":{"Tiempo de lectura":"9 minutos"},"schema":{"@context":"https:\/\/schema.org","@graph":[{"@type":"WebPage","@id":"https:\/\/milanta.net\/es\/aviso-legal\/","url":"https:\/\/milanta.net\/es\/aviso-legal\/","name":"Aviso legal -Milanta","isPartOf":{"@id":"https:\/\/milanta.net\/es\/#website"},"datePublished":"2012-10-18T15:39:00+00:00","dateModified":"2023-07-20T11:12:58+00:00","description":"Aviso Legal - Aviso de Confidencialidad - Pol\u00edtica de Cookies Aviso Legal Titularidad y propiedad intelectual En cumplimiento de lo que se expone en el","breadcrumb":{"@id":"https:\/\/milanta.net\/es\/aviso-legal\/#breadcrumb"},"inLanguage":"es","potentialAction":[{"@type":"ReadAction","target":["https:\/\/milanta.net\/es\/aviso-legal\/"]}]},{"@type":"BreadcrumbList","@id":"https:\/\/milanta.net\/es\/aviso-legal\/#breadcrumb","itemListElement":[{"@type":"ListItem","position":1,"name":"Portada","item":"https:\/\/milanta.net\/es\/"},{"@type":"ListItem","position":2,"name":"Aviso legal"}]},{"@type":"WebSite","@id":"https:\/\/milanta.net\/es\/#website","url":"https:\/\/milanta.net\/es\/","name":"Milanta Patis Vius","description":"ESPACIOS NATURALES Y CREATIVOS PARA LA EDUCACI\u00d3N","publisher":{"@id":"https:\/\/milanta.net\/es\/#organization"},"alternateName":"Milanta - Patis Vius","potentialAction":[{"@type":"SearchAction","target":{"@type":"EntryPoint","urlTemplate":"https:\/\/milanta.net\/es\/?s={search_term_string}"},"query-input":{"@type":"PropertyValueSpecification","valueRequired":true,"valueName":"search_term_string"}}],"inLanguage":"es"},{"@type":"Organization","@id":"https:\/\/milanta.net\/es\/#organization","name":"Milanta","url":"https:\/\/milanta.net\/es\/","logo":{"@type":"ImageObject","inLanguage":"es","@id":"https:\/\/milanta.net\/es\/#\/schema\/logo\/image\/","url":"https:\/\/milanta.net\/wp-content\/uploads\/2023\/04\/Logo-Milanta-color.svg","contentUrl":"https:\/\/milanta.net\/wp-content\/uploads\/2023\/04\/Logo-Milanta-color.svg","caption":"Milanta"},"image":{"@id":"https:\/\/milanta.net\/es\/#\/schema\/logo\/image\/"},"sameAs":["https:\/\/www.facebook.com\/MilantaCraft\/","https:\/\/www.instagram.com\/milanta_patis\/"]}]}},"_links":{"self":[{"href":"https:\/\/milanta.net\/es\/wp-json\/wp\/v2\/pages\/6974","targetHints":{"allow":["GET"]}}],"collection":[{"href":"https:\/\/milanta.net\/es\/wp-json\/wp\/v2\/pages"}],"about":[{"href":"https:\/\/milanta.net\/es\/wp-json\/wp\/v2\/types\/page"}],"author":[{"embeddable":true,"href":"https:\/\/milanta.net\/es\/wp-json\/wp\/v2\/users\/3"}],"replies":[{"embeddable":true,"href":"https:\/\/milanta.net\/es\/wp-json\/wp\/v2\/comments?post=6974"}],"version-history":[{"count":0,"href":"https:\/\/milanta.net\/es\/wp-json\/wp\/v2\/pages\/6974\/revisions"}],"wp:attachment":[{"href":"https:\/\/milanta.net\/es\/wp-json\/wp\/v2\/media?parent=6974"}],"curies":[{"name":"wp","href":"https:\/\/api.w.org\/{rel}","templated":true}]}}