{"id":7221,"date":"2023-07-16T21:07:02","date_gmt":"2023-07-16T21:07:02","guid":{"rendered":"https:\/\/milanta.net\/servicios\/formacion\/"},"modified":"2023-11-13T16:45:35","modified_gmt":"2023-11-13T16:45:35","slug":"formacion","status":"publish","type":"page","link":"https:\/\/milanta.net\/es\/servicios\/formacion\/","title":{"rendered":"FORMACI\u00d3N"},"content":{"rendered":"\t\t<div data-elementor-type=\"wp-page\" data-elementor-id=\"7221\" class=\"elementor elementor-7221 elementor-6494\" data-elementor-post-type=\"page\">\n\t\t\t\t\t\t<section class=\"elementor-section elementor-top-section elementor-element elementor-element-84fac7f elementor-section-boxed elementor-section-height-default elementor-section-height-default\" data-id=\"84fac7f\" data-element_type=\"section\" data-e-type=\"section\" data-settings=\"{&quot;jet_parallax_layout_list&quot;:[]}\">\n\t\t\t\t\t\t<div class=\"elementor-container elementor-column-gap-default\">\n\t\t\t\t\t<div class=\"elementor-column elementor-col-100 elementor-top-column elementor-element elementor-element-3613956\" data-id=\"3613956\" data-element_type=\"column\" data-e-type=\"column\">\n\t\t\t<div class=\"elementor-widget-wrap elementor-element-populated\">\n\t\t\t\t\t\t<div class=\"elementor-element elementor-element-cb5c5a4 elementor-widget elementor-widget-heading\" data-id=\"cb5c5a4\" data-element_type=\"widget\" data-e-type=\"widget\" data-widget_type=\"heading.default\">\n\t\t\t\t<div class=\"elementor-widget-container\">\n\t\t\t\t\t<h2 class=\"elementor-heading-title elementor-size-default\">FORMACI\u00d3N<\/h2>\t\t\t\t<\/div>\n\t\t\t\t<\/div>\n\t\t\t\t<div class=\"elementor-element elementor-element-1c2cec91 elementor-widget elementor-widget-text-editor\" data-id=\"1c2cec91\" data-element_type=\"widget\" data-e-type=\"widget\" data-widget_type=\"text-editor.default\">\n\t\t\t\t<div class=\"elementor-widget-container\">\n\t\t\t\t\t\t\t\t\t<p style=\"text-align: center;\">\u00a1Aqu\u00ed encontrar\u00e1s todos los talleres, charlas y formaciones que ofrecemos, tanto a los alumnos como a los docentes y familias!<\/p>\n\t\t\t\t\t\t\t\t<\/div>\n\t\t\t\t<\/div>\n\t\t\t\t\t<\/div>\n\t\t<\/div>\n\t\t\t\t\t<\/div>\n\t\t<\/section>\n\t\t\t\t<section class=\"elementor-section elementor-top-section elementor-element elementor-element-7b7a363d elementor-section-boxed elementor-section-height-default elementor-section-height-default\" data-id=\"7b7a363d\" data-element_type=\"section\" data-e-type=\"section\" data-settings=\"{&quot;jet_parallax_layout_list&quot;:[]}\">\n\t\t\t\t\t\t<div class=\"elementor-container elementor-column-gap-wider\">\n\t\t\t\t\t<div class=\"elementor-column elementor-col-50 elementor-top-column elementor-element elementor-element-77fd079c\" data-id=\"77fd079c\" data-element_type=\"column\" data-e-type=\"column\">\n\t\t\t<div class=\"elementor-widget-wrap elementor-element-populated\">\n\t\t\t\t\t\t<div class=\"elementor-element elementor-element-ecdf442 elementor-widget elementor-widget-text-editor\" data-id=\"ecdf442\" data-element_type=\"widget\" data-e-type=\"widget\" data-widget_type=\"text-editor.default\">\n\t\t\t\t<div class=\"elementor-widget-container\">\n\t\t\t\t\t\t\t\t\t<p><strong>Talleres<\/strong><\/p>\n<ul>\n<li><strong>Con los alumnos<\/strong>\n<ul>\n<li>Coodise\u00f1o de los patios con alumnos de Primaria<\/li>\n<li>Coodise\u00f1o de los patios con alumnos de Secundaria<\/li>\n<li>Perder el miedo a hablar en p\u00fablico<\/li>\n<li>Crea c\u00fapulas con el recurso educativo Leonardome<\/li>\n<\/ul>\n<\/li>\n<\/ul>\n<ul>\n<li><strong>Con los docentes y\/o Familias<\/strong>\n<ul>\n<li>Diagn\u00f3stico y codise\u00f1o de patio con la comunidad educativa.<\/li>\n<li>Perder el miedo a hablar en p\u00fablico<\/li>\n<\/ul>\n<\/li>\n<\/ul>\n<p><strong>Ponencias<\/strong><\/p>\n<ul>\n<li style=\"list-style-type: none;\">\n<ul>\n<li>La necesidad de renaturalizar los patios de escuelas.<\/li>\n<\/ul>\n<\/li>\n<\/ul>\n<p><strong>Formaciones<\/strong><\/p>\n<ul>\n<li style=\"list-style-type: none;\">\n<ul>\n<li>Renaturalizaci\u00f3n del espacio exterior de la escuela.<\/li>\n<\/ul>\n<\/li>\n<\/ul>\n\t\t\t\t\t\t\t\t<\/div>\n\t\t\t\t<\/div>\n\t\t\t\t<div class=\"elementor-element elementor-element-30110372 elementor-button-warning elementor-align-center elementor-widget elementor-widget-button\" data-id=\"30110372\" data-element_type=\"widget\" data-e-type=\"widget\" data-widget_type=\"button.default\">\n\t\t\t\t<div class=\"elementor-widget-container\">\n\t\t\t\t\t\t\t\t\t<div class=\"elementor-button-wrapper\">\n\t\t\t\t\t<a class=\"elementor-button elementor-button-link elementor-size-lg\" href=\"https:\/\/milanta.net\/es\/contacto\/\">\n\t\t\t\t\t\t<span class=\"elementor-button-content-wrapper\">\n\t\t\t\t\t\t<span class=\"elementor-button-icon\">\n\t\t\t\t<i aria-hidden=\"true\" class=\"fas fa-leaf\"><\/i>\t\t\t<\/span>\n\t\t\t\t\t\t\t\t\t<span class=\"elementor-button-text\">Cont\u00e1ctanos aqu\u00ed<\/span>\n\t\t\t\t\t<\/span>\n\t\t\t\t\t<\/a>\n\t\t\t\t<\/div>\n\t\t\t\t\t\t\t\t<\/div>\n\t\t\t\t<\/div>\n\t\t\t\t\t<\/div>\n\t\t<\/div>\n\t\t\t\t<div class=\"elementor-column elementor-col-50 elementor-top-column elementor-element elementor-element-c45fe98\" data-id=\"c45fe98\" data-element_type=\"column\" data-e-type=\"column\">\n\t\t\t<div class=\"elementor-widget-wrap elementor-element-populated\">\n\t\t\t\t\t\t<div class=\"elementor-element elementor-element-b7368e8 elementor-widget elementor-widget-image\" data-id=\"b7368e8\" data-element_type=\"widget\" data-e-type=\"widget\" data-widget_type=\"image.default\">\n\t\t\t\t<div class=\"elementor-widget-container\">\n\t\t\t\t\t\t\t\t\t\t\t\t\t\t\t<img decoding=\"async\" src=\"https:\/\/milanta.net\/wp-content\/uploads\/2023\/10\/magia.png\" title=\"\" alt=\"\" loading=\"lazy\" \/>\t\t\t\t\t\t\t\t\t\t\t\t\t\t\t<\/div>\n\t\t\t\t<\/div>\n\t\t\t\t\t<\/div>\n\t\t<\/div>\n\t\t\t\t\t<\/div>\n\t\t<\/section>\n\t\t\t\t<\/div>\n\t\t","protected":false},"excerpt":{"rendered":"<p>FORMACI\u00d3N \u00a1Aqu\u00ed encontrar\u00e1s todos los talleres, charlas y formaciones que ofrecemos, tanto a los alumnos como a los docentes y familias! Talleres Con los alumnos Coodise\u00f1o de los patios con alumnos de Primaria Coodise\u00f1o de los patios con alumnos de Secundaria Perder el miedo a hablar en p\u00fablico Crea c\u00fapulas con el recurso educativo Leonardome [&hellip;]<\/p>\n","protected":false},"author":3,"featured_media":0,"parent":7204,"menu_order":0,"comment_status":"closed","ping_status":"closed","template":"","meta":{"footnotes":""},"class_list":["post-7221","page","type-page","status-publish","hentry"],"yoast_head":"<!-- This site is optimized with the Yoast SEO Premium plugin v21.6 (Yoast SEO v27.3) - https:\/\/yoast.com\/product\/yoast-seo-premium-wordpress\/ -->\n<title>FORMACI\u00d3N -Milanta<\/title>\n<meta name=\"description\" content=\"FORMACI\u00d3N \u00a1Aqu\u00ed encontrar\u00e1s todos los talleres, charlas y formaciones que ofrecemos, tanto a los alumnos como a los docentes y familias! Talleres Con los\" \/>\n<meta name=\"robots\" content=\"index, follow, max-snippet:-1, max-image-preview:large, max-video-preview:-1\" \/>\n<link rel=\"canonical\" href=\"https:\/\/milanta.net\/es\/servicios\/formacion\/\" \/>\n<meta property=\"og:locale\" content=\"es_ES\" \/>\n<meta property=\"og:type\" content=\"article\" \/>\n<meta property=\"og:title\" content=\"FORMACI\u00d3N\" \/>\n<meta property=\"og:description\" content=\"FORMACI\u00d3N \u00a1Aqu\u00ed encontrar\u00e1s todos los talleres, charlas y formaciones que ofrecemos, tanto a los alumnos como a los docentes y familias! Talleres Con los\" \/>\n<meta property=\"og:url\" content=\"https:\/\/milanta.net\/es\/servicios\/formacion\/\" \/>\n<meta property=\"og:site_name\" content=\"Milanta\" \/>\n<meta property=\"article:publisher\" content=\"https:\/\/www.facebook.com\/MilantaCraft\/\" \/>\n<meta property=\"article:modified_time\" content=\"2023-11-13T16:45:35+00:00\" \/>\n<meta property=\"og:image\" content=\"https:\/\/milanta.net\/wp-content\/uploads\/elementor\/thumbs\/magia-qeop0xx8rhtiv2mpsdvoekqkm71wpe8nm5vndmndvk.png\" \/>\n<meta name=\"twitter:card\" content=\"summary_large_image\" \/>\n<meta name=\"twitter:label1\" content=\"Tiempo de lectura\" \/>\n\t<meta name=\"twitter:data1\" content=\"1 minuto\" \/>\n<script type=\"application\/ld+json\" class=\"yoast-schema-graph\">{\"@context\":\"https:\\\/\\\/schema.org\",\"@graph\":[{\"@type\":\"WebPage\",\"@id\":\"https:\\\/\\\/milanta.net\\\/es\\\/servicios\\\/formacion\\\/\",\"url\":\"https:\\\/\\\/milanta.net\\\/es\\\/servicios\\\/formacion\\\/\",\"name\":\"FORMACI\u00d3N -Milanta\",\"isPartOf\":{\"@id\":\"https:\\\/\\\/milanta.net\\\/es\\\/#website\"},\"primaryImageOfPage\":{\"@id\":\"https:\\\/\\\/milanta.net\\\/es\\\/servicios\\\/formacion\\\/#primaryimage\"},\"image\":{\"@id\":\"https:\\\/\\\/milanta.net\\\/es\\\/servicios\\\/formacion\\\/#primaryimage\"},\"thumbnailUrl\":\"https:\\\/\\\/milanta.net\\\/wp-content\\\/uploads\\\/elementor\\\/thumbs\\\/magia-qeop0xx8rhtiv2mpsdvoekqkm71wpe8nm5vndmndvk.png\",\"datePublished\":\"2023-07-16T21:07:02+00:00\",\"dateModified\":\"2023-11-13T16:45:35+00:00\",\"description\":\"FORMACI\u00d3N \u00a1Aqu\u00ed encontrar\u00e1s todos los talleres, charlas y formaciones que ofrecemos, tanto a los alumnos como a los docentes y familias! Talleres Con los\",\"breadcrumb\":{\"@id\":\"https:\\\/\\\/milanta.net\\\/es\\\/servicios\\\/formacion\\\/#breadcrumb\"},\"inLanguage\":\"es\",\"potentialAction\":[{\"@type\":\"ReadAction\",\"target\":[\"https:\\\/\\\/milanta.net\\\/es\\\/servicios\\\/formacion\\\/\"]}]},{\"@type\":\"ImageObject\",\"inLanguage\":\"es\",\"@id\":\"https:\\\/\\\/milanta.net\\\/es\\\/servicios\\\/formacion\\\/#primaryimage\",\"url\":\"https:\\\/\\\/milanta.net\\\/wp-content\\\/uploads\\\/elementor\\\/thumbs\\\/magia-qeop0xx8rhtiv2mpsdvoekqkm71wpe8nm5vndmndvk.png\",\"contentUrl\":\"https:\\\/\\\/milanta.net\\\/wp-content\\\/uploads\\\/elementor\\\/thumbs\\\/magia-qeop0xx8rhtiv2mpsdvoekqkm71wpe8nm5vndmndvk.png\"},{\"@type\":\"BreadcrumbList\",\"@id\":\"https:\\\/\\\/milanta.net\\\/es\\\/servicios\\\/formacion\\\/#breadcrumb\",\"itemListElement\":[{\"@type\":\"ListItem\",\"position\":1,\"name\":\"Portada\",\"item\":\"https:\\\/\\\/milanta.net\\\/es\\\/\"},{\"@type\":\"ListItem\",\"position\":2,\"name\":\"SERVICIOS\",\"item\":\"https:\\\/\\\/milanta.net\\\/es\\\/servicios\\\/\"},{\"@type\":\"ListItem\",\"position\":3,\"name\":\"FORMACI\u00d3N\"}]},{\"@type\":\"WebSite\",\"@id\":\"https:\\\/\\\/milanta.net\\\/es\\\/#website\",\"url\":\"https:\\\/\\\/milanta.net\\\/es\\\/\",\"name\":\"Milanta Patis Vius\",\"description\":\"ESPACIOS NATURALES Y CREATIVOS PARA LA EDUCACI\u00d3N\",\"publisher\":{\"@id\":\"https:\\\/\\\/milanta.net\\\/es\\\/#organization\"},\"alternateName\":\"Milanta - Patis Vius\",\"potentialAction\":[{\"@type\":\"SearchAction\",\"target\":{\"@type\":\"EntryPoint\",\"urlTemplate\":\"https:\\\/\\\/milanta.net\\\/es\\\/?s={search_term_string}\"},\"query-input\":{\"@type\":\"PropertyValueSpecification\",\"valueRequired\":true,\"valueName\":\"search_term_string\"}}],\"inLanguage\":\"es\"},{\"@type\":\"Organization\",\"@id\":\"https:\\\/\\\/milanta.net\\\/es\\\/#organization\",\"name\":\"Milanta\",\"url\":\"https:\\\/\\\/milanta.net\\\/es\\\/\",\"logo\":{\"@type\":\"ImageObject\",\"inLanguage\":\"es\",\"@id\":\"https:\\\/\\\/milanta.net\\\/es\\\/#\\\/schema\\\/logo\\\/image\\\/\",\"url\":\"https:\\\/\\\/milanta.net\\\/wp-content\\\/uploads\\\/2023\\\/04\\\/Logo-Milanta-color.svg\",\"contentUrl\":\"https:\\\/\\\/milanta.net\\\/wp-content\\\/uploads\\\/2023\\\/04\\\/Logo-Milanta-color.svg\",\"caption\":\"Milanta\"},\"image\":{\"@id\":\"https:\\\/\\\/milanta.net\\\/es\\\/#\\\/schema\\\/logo\\\/image\\\/\"},\"sameAs\":[\"https:\\\/\\\/www.facebook.com\\\/MilantaCraft\\\/\",\"https:\\\/\\\/www.instagram.com\\\/milanta_patis\\\/\"]}]}<\/script>\n<!-- \/ Yoast SEO Premium plugin. -->","yoast_head_json":{"title":"FORMACI\u00d3N -Milanta","description":"FORMACI\u00d3N \u00a1Aqu\u00ed encontrar\u00e1s todos los talleres, charlas y formaciones que ofrecemos, tanto a los alumnos como a los docentes y familias! Talleres Con los","robots":{"index":"index","follow":"follow","max-snippet":"max-snippet:-1","max-image-preview":"max-image-preview:large","max-video-preview":"max-video-preview:-1"},"canonical":"https:\/\/milanta.net\/es\/servicios\/formacion\/","og_locale":"es_ES","og_type":"article","og_title":"FORMACI\u00d3N","og_description":"FORMACI\u00d3N \u00a1Aqu\u00ed encontrar\u00e1s todos los talleres, charlas y formaciones que ofrecemos, tanto a los alumnos como a los docentes y familias! Talleres Con los","og_url":"https:\/\/milanta.net\/es\/servicios\/formacion\/","og_site_name":"Milanta","article_publisher":"https:\/\/www.facebook.com\/MilantaCraft\/","article_modified_time":"2023-11-13T16:45:35+00:00","og_image":[{"url":"https:\/\/milanta.net\/wp-content\/uploads\/elementor\/thumbs\/magia-qeop0xx8rhtiv2mpsdvoekqkm71wpe8nm5vndmndvk.png","type":"","width":"","height":""}],"twitter_card":"summary_large_image","twitter_misc":{"Tiempo de lectura":"1 minuto"},"schema":{"@context":"https:\/\/schema.org","@graph":[{"@type":"WebPage","@id":"https:\/\/milanta.net\/es\/servicios\/formacion\/","url":"https:\/\/milanta.net\/es\/servicios\/formacion\/","name":"FORMACI\u00d3N -Milanta","isPartOf":{"@id":"https:\/\/milanta.net\/es\/#website"},"primaryImageOfPage":{"@id":"https:\/\/milanta.net\/es\/servicios\/formacion\/#primaryimage"},"image":{"@id":"https:\/\/milanta.net\/es\/servicios\/formacion\/#primaryimage"},"thumbnailUrl":"https:\/\/milanta.net\/wp-content\/uploads\/elementor\/thumbs\/magia-qeop0xx8rhtiv2mpsdvoekqkm71wpe8nm5vndmndvk.png","datePublished":"2023-07-16T21:07:02+00:00","dateModified":"2023-11-13T16:45:35+00:00","description":"FORMACI\u00d3N \u00a1Aqu\u00ed encontrar\u00e1s todos los talleres, charlas y formaciones que ofrecemos, tanto a los alumnos como a los docentes y familias! Talleres Con los","breadcrumb":{"@id":"https:\/\/milanta.net\/es\/servicios\/formacion\/#breadcrumb"},"inLanguage":"es","potentialAction":[{"@type":"ReadAction","target":["https:\/\/milanta.net\/es\/servicios\/formacion\/"]}]},{"@type":"ImageObject","inLanguage":"es","@id":"https:\/\/milanta.net\/es\/servicios\/formacion\/#primaryimage","url":"https:\/\/milanta.net\/wp-content\/uploads\/elementor\/thumbs\/magia-qeop0xx8rhtiv2mpsdvoekqkm71wpe8nm5vndmndvk.png","contentUrl":"https:\/\/milanta.net\/wp-content\/uploads\/elementor\/thumbs\/magia-qeop0xx8rhtiv2mpsdvoekqkm71wpe8nm5vndmndvk.png"},{"@type":"BreadcrumbList","@id":"https:\/\/milanta.net\/es\/servicios\/formacion\/#breadcrumb","itemListElement":[{"@type":"ListItem","position":1,"name":"Portada","item":"https:\/\/milanta.net\/es\/"},{"@type":"ListItem","position":2,"name":"SERVICIOS","item":"https:\/\/milanta.net\/es\/servicios\/"},{"@type":"ListItem","position":3,"name":"FORMACI\u00d3N"}]},{"@type":"WebSite","@id":"https:\/\/milanta.net\/es\/#website","url":"https:\/\/milanta.net\/es\/","name":"Milanta Patis Vius","description":"ESPACIOS NATURALES Y CREATIVOS PARA LA EDUCACI\u00d3N","publisher":{"@id":"https:\/\/milanta.net\/es\/#organization"},"alternateName":"Milanta - Patis Vius","potentialAction":[{"@type":"SearchAction","target":{"@type":"EntryPoint","urlTemplate":"https:\/\/milanta.net\/es\/?s={search_term_string}"},"query-input":{"@type":"PropertyValueSpecification","valueRequired":true,"valueName":"search_term_string"}}],"inLanguage":"es"},{"@type":"Organization","@id":"https:\/\/milanta.net\/es\/#organization","name":"Milanta","url":"https:\/\/milanta.net\/es\/","logo":{"@type":"ImageObject","inLanguage":"es","@id":"https:\/\/milanta.net\/es\/#\/schema\/logo\/image\/","url":"https:\/\/milanta.net\/wp-content\/uploads\/2023\/04\/Logo-Milanta-color.svg","contentUrl":"https:\/\/milanta.net\/wp-content\/uploads\/2023\/04\/Logo-Milanta-color.svg","caption":"Milanta"},"image":{"@id":"https:\/\/milanta.net\/es\/#\/schema\/logo\/image\/"},"sameAs":["https:\/\/www.facebook.com\/MilantaCraft\/","https:\/\/www.instagram.com\/milanta_patis\/"]}]}},"_links":{"self":[{"href":"https:\/\/milanta.net\/es\/wp-json\/wp\/v2\/pages\/7221","targetHints":{"allow":["GET"]}}],"collection":[{"href":"https:\/\/milanta.net\/es\/wp-json\/wp\/v2\/pages"}],"about":[{"href":"https:\/\/milanta.net\/es\/wp-json\/wp\/v2\/types\/page"}],"author":[{"embeddable":true,"href":"https:\/\/milanta.net\/es\/wp-json\/wp\/v2\/users\/3"}],"replies":[{"embeddable":true,"href":"https:\/\/milanta.net\/es\/wp-json\/wp\/v2\/comments?post=7221"}],"version-history":[{"count":0,"href":"https:\/\/milanta.net\/es\/wp-json\/wp\/v2\/pages\/7221\/revisions"}],"up":[{"embeddable":true,"href":"https:\/\/milanta.net\/es\/wp-json\/wp\/v2\/pages\/7204"}],"wp:attachment":[{"href":"https:\/\/milanta.net\/es\/wp-json\/wp\/v2\/media?parent=7221"}],"curies":[{"name":"wp","href":"https:\/\/api.w.org\/{rel}","templated":true}]}}