{"id":7229,"date":"2020-03-19T06:06:44","date_gmt":"2020-03-19T06:06:44","guid":{"rendered":"https:\/\/milanta.net\/servicios\/certificacion-y-mantenimiento\/"},"modified":"2023-11-14T20:19:01","modified_gmt":"2023-11-14T20:19:01","slug":"certificacion-y-mantenimiento","status":"publish","type":"page","link":"https:\/\/milanta.net\/es\/servicios\/certificacion-y-mantenimiento\/","title":{"rendered":"Certificaci\u00f3n y Mantenimiento"},"content":{"rendered":"\t\t<div data-elementor-type=\"wp-page\" data-elementor-id=\"7229\" class=\"elementor elementor-7229 elementor-2155\" data-elementor-post-type=\"page\">\n\t\t\t\t\t\t<section class=\"elementor-section elementor-top-section elementor-element elementor-element-6a1c80e elementor-section-boxed elementor-section-height-default elementor-section-height-default\" data-id=\"6a1c80e\" data-element_type=\"section\" data-e-type=\"section\" data-settings=\"{&quot;jet_parallax_layout_list&quot;:[]}\">\n\t\t\t\t\t\t<div class=\"elementor-container elementor-column-gap-default\">\n\t\t\t\t\t<div class=\"elementor-column elementor-col-100 elementor-top-column elementor-element elementor-element-0fa5e1e\" data-id=\"0fa5e1e\" data-element_type=\"column\" data-e-type=\"column\">\n\t\t\t<div class=\"elementor-widget-wrap elementor-element-populated\">\n\t\t\t\t\t\t<div class=\"elementor-element elementor-element-9a3b1b8 elementor-widget elementor-widget-heading\" data-id=\"9a3b1b8\" data-element_type=\"widget\" data-e-type=\"widget\" data-widget_type=\"heading.default\">\n\t\t\t\t<div class=\"elementor-widget-container\">\n\t\t\t\t\t<h2 class=\"elementor-heading-title elementor-size-default\">Certificaci\u00f3n y Mantenimiento<\/h2>\t\t\t\t<\/div>\n\t\t\t\t<\/div>\n\t\t\t\t\t<\/div>\n\t\t<\/div>\n\t\t\t\t\t<\/div>\n\t\t<\/section>\n\t\t\t\t<section class=\"elementor-section elementor-top-section elementor-element elementor-element-8168745 elementor-section-boxed elementor-section-height-default elementor-section-height-default\" data-id=\"8168745\" data-element_type=\"section\" data-e-type=\"section\" data-settings=\"{&quot;jet_parallax_layout_list&quot;:[]}\">\n\t\t\t\t\t\t<div class=\"elementor-container elementor-column-gap-default\">\n\t\t\t\t\t<div class=\"elementor-column elementor-col-100 elementor-top-column elementor-element elementor-element-07f4669\" data-id=\"07f4669\" data-element_type=\"column\" data-e-type=\"column\">\n\t\t\t<div class=\"elementor-widget-wrap elementor-element-populated\">\n\t\t\t\t\t\t<div class=\"elementor-element elementor-element-5c53bdb elementor-widget elementor-widget-heading\" data-id=\"5c53bdb\" data-element_type=\"widget\" data-e-type=\"widget\" data-widget_type=\"heading.default\">\n\t\t\t\t<div class=\"elementor-widget-container\">\n\t\t\t\t\t<h2 class=\"elementor-heading-title elementor-size-default\">Todos nuestros productos est\u00e1n dise\u00f1ados y construidos seg\u00fan Norma EN-1176.<\/h2>\t\t\t\t<\/div>\n\t\t\t\t<\/div>\n\t\t\t\t<div class=\"elementor-element elementor-element-58cf6d2 elementor-widget elementor-widget-image\" data-id=\"58cf6d2\" data-element_type=\"widget\" data-e-type=\"widget\" data-widget_type=\"image.default\">\n\t\t\t\t<div class=\"elementor-widget-container\">\n\t\t\t\t\t\t\t\t\t\t\t\t\t\t\t<img fetchpriority=\"high\" decoding=\"async\" width=\"300\" height=\"233\" src=\"https:\/\/milanta.net\/wp-content\/uploads\/2020\/03\/une-Norma-Une-300x233.png\" class=\"attachment-medium size-medium wp-image-4664\" alt=\"\" srcset=\"https:\/\/milanta.net\/wp-content\/uploads\/2020\/03\/une-Norma-Une-300x233.png 300w, https:\/\/milanta.net\/wp-content\/uploads\/2020\/03\/une-Norma-Une.png 600w\" sizes=\"(max-width: 300px) 100vw, 300px\" \/>\t\t\t\t\t\t\t\t\t\t\t\t\t\t\t<\/div>\n\t\t\t\t<\/div>\n\t\t\t\t<div class=\"elementor-element elementor-element-195a6d7 elementor-widget elementor-widget-heading\" data-id=\"195a6d7\" data-element_type=\"widget\" data-e-type=\"widget\" data-widget_type=\"heading.default\">\n\t\t\t\t<div class=\"elementor-widget-container\">\n\t\t\t\t\t<h2 class=\"elementor-heading-title elementor-size-default\">\u00bfSe pueden certificar nuestros patios? S\u00ed!\n<\/h2>\t\t\t\t<\/div>\n\t\t\t\t<\/div>\n\t\t\t\t<div class=\"elementor-element elementor-element-0b2ae9f elementor-widget elementor-widget-text-editor\" data-id=\"0b2ae9f\" data-element_type=\"widget\" data-e-type=\"widget\" data-widget_type=\"text-editor.default\">\n\t\t\t\t<div class=\"elementor-widget-container\">\n\t\t\t\t\t\t\t\t\t<p><span style=\"color: #666666; font-family: 'Open Sans', Helvetica, Arial, sans-serif; font-size: 16px;\">Si necesita la certificaci\u00f3n de las instalaciones, nos puede pedir presupuesto, este trabajo lo encargamos a un ingeniero externo. Tanto puede ser de nuestras estructuras o de todo el mobiliario que tiene en el exterior.<\/span><\/p>\n\t\t\t\t\t\t\t\t<\/div>\n\t\t\t\t<\/div>\n\t\t\t\t\t<\/div>\n\t\t<\/div>\n\t\t\t\t\t<\/div>\n\t\t<\/section>\n\t\t\t\t<section class=\"elementor-section elementor-top-section elementor-element elementor-element-3d0fcb1 elementor-section-boxed elementor-section-height-default elementor-section-height-default\" data-id=\"3d0fcb1\" data-element_type=\"section\" data-e-type=\"section\" data-settings=\"{&quot;jet_parallax_layout_list&quot;:[]}\">\n\t\t\t\t\t\t<div class=\"elementor-container elementor-column-gap-default\">\n\t\t\t\t\t<div class=\"elementor-column elementor-col-50 elementor-top-column elementor-element elementor-element-72d270f\" data-id=\"72d270f\" data-element_type=\"column\" data-e-type=\"column\">\n\t\t\t<div class=\"elementor-widget-wrap elementor-element-populated\">\n\t\t\t\t\t\t<div class=\"elementor-element elementor-element-91d3f59 elementor-widget elementor-widget-image\" data-id=\"91d3f59\" data-element_type=\"widget\" data-e-type=\"widget\" data-widget_type=\"image.default\">\n\t\t\t\t<div class=\"elementor-widget-container\">\n\t\t\t\t\t\t\t\t\t\t\t\t\t\t\t<img decoding=\"async\" width=\"800\" height=\"800\" src=\"https:\/\/milanta.net\/wp-content\/uploads\/2020\/03\/trenet-manteniment-1024x1024.jpg\" class=\"attachment-large size-large wp-image-4665\" alt=\"\" srcset=\"https:\/\/milanta.net\/wp-content\/uploads\/2020\/03\/trenet-manteniment-1024x1024.jpg 1024w, https:\/\/milanta.net\/wp-content\/uploads\/2020\/03\/trenet-manteniment-300x300.jpg 300w, https:\/\/milanta.net\/wp-content\/uploads\/2020\/03\/trenet-manteniment-100x100.jpg 100w, https:\/\/milanta.net\/wp-content\/uploads\/2020\/03\/trenet-manteniment-600x600.jpg 600w, https:\/\/milanta.net\/wp-content\/uploads\/2020\/03\/trenet-manteniment-150x150.jpg 150w, https:\/\/milanta.net\/wp-content\/uploads\/2020\/03\/trenet-manteniment-768x768.jpg 768w, https:\/\/milanta.net\/wp-content\/uploads\/2020\/03\/trenet-manteniment-1536x1536.jpg 1536w, https:\/\/milanta.net\/wp-content\/uploads\/2020\/03\/trenet-manteniment.jpg 1600w\" sizes=\"(max-width: 800px) 100vw, 800px\" \/>\t\t\t\t\t\t\t\t\t\t\t\t\t\t\t<\/div>\n\t\t\t\t<\/div>\n\t\t\t\t\t<\/div>\n\t\t<\/div>\n\t\t\t\t<div class=\"elementor-column elementor-col-50 elementor-top-column elementor-element elementor-element-76823bd\" data-id=\"76823bd\" data-element_type=\"column\" data-e-type=\"column\">\n\t\t\t<div class=\"elementor-widget-wrap elementor-element-populated\">\n\t\t\t\t\t\t<div class=\"elementor-element elementor-element-a32d2e0 elementor-widget elementor-widget-text-editor\" data-id=\"a32d2e0\" data-element_type=\"widget\" data-e-type=\"widget\" data-widget_type=\"text-editor.default\">\n\t\t\t\t<div class=\"elementor-widget-container\">\n\t\t\t\t\t\t\t\t\t<p>La Norma y el sentido com\u00fan indica que debe realizarse un mantenimiento anual. Las estructuras de madera necesitan nutrirse peri\u00f3dicamente si queremos procurarles una vida larga en el exterior.<\/p>\n<p>Desde Milanta le ofrecemos hacer el mantenimiento directamente. Si tiene tiempo y ganas nos puede pedir la descripci\u00f3n del procedimiento por <a href=\"mailto:milanta@milanta.net\">correo electr\u00f3nico<\/a> y hacerlo usted mismo. Incluso tenemos un &#8220;Taller de proyecto de mantenimiento&#8221; para realizar con ni\u00f1os y ni\u00f1as mayores de 6 a\u00f1os.<\/p>\n<p>Si finalmente no puede comprometerse a realizar esta tarea regularmente, le ofrecemos un Contrato de Mantenimiento.<\/p>\n<p>\u00a1Salud y larga vida en la madera!<\/p>\n\t\t\t\t\t\t\t\t<\/div>\n\t\t\t\t<\/div>\n\t\t\t\t<div class=\"elementor-element elementor-element-d3bee9f elementor-align-center elementor-widget elementor-widget-button\" data-id=\"d3bee9f\" data-element_type=\"widget\" data-e-type=\"widget\" data-widget_type=\"button.default\">\n\t\t\t\t<div class=\"elementor-widget-container\">\n\t\t\t\t\t\t\t\t\t<div class=\"elementor-button-wrapper\">\n\t\t\t\t\t<a class=\"elementor-button elementor-button-link elementor-size-lg\" href=\"https:\/\/milanta.net\/es\/contacto\/\">\n\t\t\t\t\t\t<span class=\"elementor-button-content-wrapper\">\n\t\t\t\t\t\t\t\t\t<span class=\"elementor-button-text\">Consultar<\/span>\n\t\t\t\t\t<\/span>\n\t\t\t\t\t<\/a>\n\t\t\t\t<\/div>\n\t\t\t\t\t\t\t\t<\/div>\n\t\t\t\t<\/div>\n\t\t\t\t\t<\/div>\n\t\t<\/div>\n\t\t\t\t\t<\/div>\n\t\t<\/section>\n\t\t\t\t<\/div>\n\t\t","protected":false},"excerpt":{"rendered":"<p>Todos nuestros productos est\u00e1n dise\u00f1ados y construidos seg\u00fan Norma EN-1176. \u00bfSe pueden certificar nuestros patios? S\u00ed! Si necesita la certificaci\u00f3n de las instalaciones, nos puede pedir presupuesto, este trabajo lo encargamos a un ingeniero externo. Tanto puede ser de nuestras estructuras o de todo el mobiliario que tiene en el exterior. La Norma y el [&hellip;]<\/p>\n","protected":false},"author":3,"featured_media":4664,"parent":7204,"menu_order":3,"comment_status":"closed","ping_status":"closed","template":"","meta":{"footnotes":""},"class_list":["post-7229","page","type-page","status-publish","has-post-thumbnail","hentry"],"yoast_head":"<!-- This site is optimized with the Yoast SEO Premium plugin v21.6 (Yoast SEO v27.3) - https:\/\/yoast.com\/product\/yoast-seo-premium-wordpress\/ -->\n<title>Certificaci\u00f3n y Mantenimiento -Milanta<\/title>\n<meta name=\"description\" content=\"Todos nuestros productos est\u00e1n dise\u00f1ados y construidos seg\u00fan Norma EN-1176. \u00bfSe pueden certificar nuestros patios? S\u00ed! Si necesita la certificaci\u00f3n de las\" \/>\n<meta name=\"robots\" content=\"index, follow, max-snippet:-1, max-image-preview:large, max-video-preview:-1\" \/>\n<link rel=\"canonical\" href=\"https:\/\/milanta.net\/es\/servicios\/certificacion-y-mantenimiento\/\" \/>\n<meta property=\"og:locale\" content=\"es_ES\" \/>\n<meta property=\"og:type\" content=\"article\" \/>\n<meta property=\"og:title\" content=\"Certificaci\u00f3n y Mantenimiento\" \/>\n<meta property=\"og:description\" content=\"Todos nuestros productos est\u00e1n dise\u00f1ados y construidos seg\u00fan Norma EN-1176. \u00bfSe pueden certificar nuestros patios? S\u00ed! Si necesita la certificaci\u00f3n de las\" \/>\n<meta property=\"og:url\" content=\"https:\/\/milanta.net\/es\/servicios\/certificacion-y-mantenimiento\/\" \/>\n<meta property=\"og:site_name\" content=\"Milanta\" \/>\n<meta property=\"article:publisher\" content=\"https:\/\/www.facebook.com\/MilantaCraft\/\" \/>\n<meta property=\"article:modified_time\" content=\"2023-11-14T20:19:01+00:00\" \/>\n<meta property=\"og:image\" content=\"https:\/\/milanta.net\/wp-content\/uploads\/2020\/03\/une-Norma-Une.png\" \/>\n\t<meta property=\"og:image:width\" content=\"600\" \/>\n\t<meta property=\"og:image:height\" content=\"465\" \/>\n\t<meta property=\"og:image:type\" content=\"image\/png\" \/>\n<meta name=\"twitter:card\" content=\"summary_large_image\" \/>\n<meta name=\"twitter:label1\" content=\"Tiempo de lectura\" \/>\n\t<meta name=\"twitter:data1\" content=\"2 minutos\" \/>\n<script type=\"application\/ld+json\" class=\"yoast-schema-graph\">{\"@context\":\"https:\\\/\\\/schema.org\",\"@graph\":[{\"@type\":\"WebPage\",\"@id\":\"https:\\\/\\\/milanta.net\\\/es\\\/servicios\\\/certificacion-y-mantenimiento\\\/\",\"url\":\"https:\\\/\\\/milanta.net\\\/es\\\/servicios\\\/certificacion-y-mantenimiento\\\/\",\"name\":\"Certificaci\u00f3n y Mantenimiento -Milanta\",\"isPartOf\":{\"@id\":\"https:\\\/\\\/milanta.net\\\/es\\\/#website\"},\"primaryImageOfPage\":{\"@id\":\"https:\\\/\\\/milanta.net\\\/es\\\/servicios\\\/certificacion-y-mantenimiento\\\/#primaryimage\"},\"image\":{\"@id\":\"https:\\\/\\\/milanta.net\\\/es\\\/servicios\\\/certificacion-y-mantenimiento\\\/#primaryimage\"},\"thumbnailUrl\":\"https:\\\/\\\/milanta.net\\\/wp-content\\\/uploads\\\/2020\\\/03\\\/une-Norma-Une.png\",\"datePublished\":\"2020-03-19T06:06:44+00:00\",\"dateModified\":\"2023-11-14T20:19:01+00:00\",\"description\":\"Todos nuestros productos est\u00e1n dise\u00f1ados y construidos seg\u00fan Norma EN-1176. \u00bfSe pueden certificar nuestros patios? S\u00ed! Si necesita la certificaci\u00f3n de las\",\"breadcrumb\":{\"@id\":\"https:\\\/\\\/milanta.net\\\/es\\\/servicios\\\/certificacion-y-mantenimiento\\\/#breadcrumb\"},\"inLanguage\":\"es\",\"potentialAction\":[{\"@type\":\"ReadAction\",\"target\":[\"https:\\\/\\\/milanta.net\\\/es\\\/servicios\\\/certificacion-y-mantenimiento\\\/\"]}]},{\"@type\":\"ImageObject\",\"inLanguage\":\"es\",\"@id\":\"https:\\\/\\\/milanta.net\\\/es\\\/servicios\\\/certificacion-y-mantenimiento\\\/#primaryimage\",\"url\":\"https:\\\/\\\/milanta.net\\\/wp-content\\\/uploads\\\/2020\\\/03\\\/une-Norma-Une.png\",\"contentUrl\":\"https:\\\/\\\/milanta.net\\\/wp-content\\\/uploads\\\/2020\\\/03\\\/une-Norma-Une.png\",\"width\":600,\"height\":465},{\"@type\":\"BreadcrumbList\",\"@id\":\"https:\\\/\\\/milanta.net\\\/es\\\/servicios\\\/certificacion-y-mantenimiento\\\/#breadcrumb\",\"itemListElement\":[{\"@type\":\"ListItem\",\"position\":1,\"name\":\"Portada\",\"item\":\"https:\\\/\\\/milanta.net\\\/es\\\/\"},{\"@type\":\"ListItem\",\"position\":2,\"name\":\"SERVICIOS\",\"item\":\"https:\\\/\\\/milanta.net\\\/es\\\/servicios\\\/\"},{\"@type\":\"ListItem\",\"position\":3,\"name\":\"Certificaci\u00f3n y Mantenimiento\"}]},{\"@type\":\"WebSite\",\"@id\":\"https:\\\/\\\/milanta.net\\\/es\\\/#website\",\"url\":\"https:\\\/\\\/milanta.net\\\/es\\\/\",\"name\":\"Milanta Patis Vius\",\"description\":\"ESPACIOS NATURALES Y CREATIVOS PARA LA EDUCACI\u00d3N\",\"publisher\":{\"@id\":\"https:\\\/\\\/milanta.net\\\/es\\\/#organization\"},\"alternateName\":\"Milanta - Patis Vius\",\"potentialAction\":[{\"@type\":\"SearchAction\",\"target\":{\"@type\":\"EntryPoint\",\"urlTemplate\":\"https:\\\/\\\/milanta.net\\\/es\\\/?s={search_term_string}\"},\"query-input\":{\"@type\":\"PropertyValueSpecification\",\"valueRequired\":true,\"valueName\":\"search_term_string\"}}],\"inLanguage\":\"es\"},{\"@type\":\"Organization\",\"@id\":\"https:\\\/\\\/milanta.net\\\/es\\\/#organization\",\"name\":\"Milanta\",\"url\":\"https:\\\/\\\/milanta.net\\\/es\\\/\",\"logo\":{\"@type\":\"ImageObject\",\"inLanguage\":\"es\",\"@id\":\"https:\\\/\\\/milanta.net\\\/es\\\/#\\\/schema\\\/logo\\\/image\\\/\",\"url\":\"https:\\\/\\\/milanta.net\\\/wp-content\\\/uploads\\\/2023\\\/04\\\/Logo-Milanta-color.svg\",\"contentUrl\":\"https:\\\/\\\/milanta.net\\\/wp-content\\\/uploads\\\/2023\\\/04\\\/Logo-Milanta-color.svg\",\"width\":786,\"height\":486,\"caption\":\"Milanta\"},\"image\":{\"@id\":\"https:\\\/\\\/milanta.net\\\/es\\\/#\\\/schema\\\/logo\\\/image\\\/\"},\"sameAs\":[\"https:\\\/\\\/www.facebook.com\\\/MilantaCraft\\\/\",\"https:\\\/\\\/www.instagram.com\\\/milanta_patis\\\/\"]}]}<\/script>\n<!-- \/ Yoast SEO Premium plugin. -->","yoast_head_json":{"title":"Certificaci\u00f3n y Mantenimiento -Milanta","description":"Todos nuestros productos est\u00e1n dise\u00f1ados y construidos seg\u00fan Norma EN-1176. \u00bfSe pueden certificar nuestros patios? S\u00ed! Si necesita la certificaci\u00f3n de las","robots":{"index":"index","follow":"follow","max-snippet":"max-snippet:-1","max-image-preview":"max-image-preview:large","max-video-preview":"max-video-preview:-1"},"canonical":"https:\/\/milanta.net\/es\/servicios\/certificacion-y-mantenimiento\/","og_locale":"es_ES","og_type":"article","og_title":"Certificaci\u00f3n y Mantenimiento","og_description":"Todos nuestros productos est\u00e1n dise\u00f1ados y construidos seg\u00fan Norma EN-1176. \u00bfSe pueden certificar nuestros patios? S\u00ed! Si necesita la certificaci\u00f3n de las","og_url":"https:\/\/milanta.net\/es\/servicios\/certificacion-y-mantenimiento\/","og_site_name":"Milanta","article_publisher":"https:\/\/www.facebook.com\/MilantaCraft\/","article_modified_time":"2023-11-14T20:19:01+00:00","og_image":[{"width":600,"height":465,"url":"https:\/\/milanta.net\/wp-content\/uploads\/2020\/03\/une-Norma-Une.png","type":"image\/png"}],"twitter_card":"summary_large_image","twitter_misc":{"Tiempo de lectura":"2 minutos"},"schema":{"@context":"https:\/\/schema.org","@graph":[{"@type":"WebPage","@id":"https:\/\/milanta.net\/es\/servicios\/certificacion-y-mantenimiento\/","url":"https:\/\/milanta.net\/es\/servicios\/certificacion-y-mantenimiento\/","name":"Certificaci\u00f3n y Mantenimiento -Milanta","isPartOf":{"@id":"https:\/\/milanta.net\/es\/#website"},"primaryImageOfPage":{"@id":"https:\/\/milanta.net\/es\/servicios\/certificacion-y-mantenimiento\/#primaryimage"},"image":{"@id":"https:\/\/milanta.net\/es\/servicios\/certificacion-y-mantenimiento\/#primaryimage"},"thumbnailUrl":"https:\/\/milanta.net\/wp-content\/uploads\/2020\/03\/une-Norma-Une.png","datePublished":"2020-03-19T06:06:44+00:00","dateModified":"2023-11-14T20:19:01+00:00","description":"Todos nuestros productos est\u00e1n dise\u00f1ados y construidos seg\u00fan Norma EN-1176. \u00bfSe pueden certificar nuestros patios? S\u00ed! Si necesita la certificaci\u00f3n de las","breadcrumb":{"@id":"https:\/\/milanta.net\/es\/servicios\/certificacion-y-mantenimiento\/#breadcrumb"},"inLanguage":"es","potentialAction":[{"@type":"ReadAction","target":["https:\/\/milanta.net\/es\/servicios\/certificacion-y-mantenimiento\/"]}]},{"@type":"ImageObject","inLanguage":"es","@id":"https:\/\/milanta.net\/es\/servicios\/certificacion-y-mantenimiento\/#primaryimage","url":"https:\/\/milanta.net\/wp-content\/uploads\/2020\/03\/une-Norma-Une.png","contentUrl":"https:\/\/milanta.net\/wp-content\/uploads\/2020\/03\/une-Norma-Une.png","width":600,"height":465},{"@type":"BreadcrumbList","@id":"https:\/\/milanta.net\/es\/servicios\/certificacion-y-mantenimiento\/#breadcrumb","itemListElement":[{"@type":"ListItem","position":1,"name":"Portada","item":"https:\/\/milanta.net\/es\/"},{"@type":"ListItem","position":2,"name":"SERVICIOS","item":"https:\/\/milanta.net\/es\/servicios\/"},{"@type":"ListItem","position":3,"name":"Certificaci\u00f3n y Mantenimiento"}]},{"@type":"WebSite","@id":"https:\/\/milanta.net\/es\/#website","url":"https:\/\/milanta.net\/es\/","name":"Milanta Patis Vius","description":"ESPACIOS NATURALES Y CREATIVOS PARA LA EDUCACI\u00d3N","publisher":{"@id":"https:\/\/milanta.net\/es\/#organization"},"alternateName":"Milanta - Patis Vius","potentialAction":[{"@type":"SearchAction","target":{"@type":"EntryPoint","urlTemplate":"https:\/\/milanta.net\/es\/?s={search_term_string}"},"query-input":{"@type":"PropertyValueSpecification","valueRequired":true,"valueName":"search_term_string"}}],"inLanguage":"es"},{"@type":"Organization","@id":"https:\/\/milanta.net\/es\/#organization","name":"Milanta","url":"https:\/\/milanta.net\/es\/","logo":{"@type":"ImageObject","inLanguage":"es","@id":"https:\/\/milanta.net\/es\/#\/schema\/logo\/image\/","url":"https:\/\/milanta.net\/wp-content\/uploads\/2023\/04\/Logo-Milanta-color.svg","contentUrl":"https:\/\/milanta.net\/wp-content\/uploads\/2023\/04\/Logo-Milanta-color.svg","width":786,"height":486,"caption":"Milanta"},"image":{"@id":"https:\/\/milanta.net\/es\/#\/schema\/logo\/image\/"},"sameAs":["https:\/\/www.facebook.com\/MilantaCraft\/","https:\/\/www.instagram.com\/milanta_patis\/"]}]}},"_links":{"self":[{"href":"https:\/\/milanta.net\/es\/wp-json\/wp\/v2\/pages\/7229","targetHints":{"allow":["GET"]}}],"collection":[{"href":"https:\/\/milanta.net\/es\/wp-json\/wp\/v2\/pages"}],"about":[{"href":"https:\/\/milanta.net\/es\/wp-json\/wp\/v2\/types\/page"}],"author":[{"embeddable":true,"href":"https:\/\/milanta.net\/es\/wp-json\/wp\/v2\/users\/3"}],"replies":[{"embeddable":true,"href":"https:\/\/milanta.net\/es\/wp-json\/wp\/v2\/comments?post=7229"}],"version-history":[{"count":0,"href":"https:\/\/milanta.net\/es\/wp-json\/wp\/v2\/pages\/7229\/revisions"}],"up":[{"embeddable":true,"href":"https:\/\/milanta.net\/es\/wp-json\/wp\/v2\/pages\/7204"}],"wp:featuredmedia":[{"embeddable":true,"href":"https:\/\/milanta.net\/es\/wp-json\/wp\/v2\/media\/4664"}],"wp:attachment":[{"href":"https:\/\/milanta.net\/es\/wp-json\/wp\/v2\/media?parent=7229"}],"curies":[{"name":"wp","href":"https:\/\/api.w.org\/{rel}","templated":true}]}}