{"id":10703,"date":"2024-04-04T09:22:01","date_gmt":"2024-04-04T09:22:01","guid":{"rendered":"https:\/\/milanta.net\/?post_type=product&#038;p=10703"},"modified":"2024-05-29T08:32:59","modified_gmt":"2024-05-29T08:32:59","slug":"nuvol-polvoritzador-daigua","status":"publish","type":"product","link":"https:\/\/milanta.net\/es\/producte\/nuvol-polvoritzador-daigua\/","title":{"rendered":"N\u00favol polvoritzador d&#8217;aigua"},"content":{"rendered":"<p>Aquest element permet refrescar-se formant un n\u00favol d&#8217;aigua, controlant molt el seu cabal. Ja que amb el per\u00edode de sequera que estem vivint, \u00e9s important ser molt curosos en el seu consum.<\/p>\n<div class=\"tagtd wordbreak table-val-border-col sensiblehtmlcontent\">Podem dir que si un m\u00e0nec de dutxa t\u00e9 un cabal de 10 litres per minut,\u00a0 aquest en t\u00e9 un de 1,5 litres per minut ( consum molt baix).<\/div>\n<p>Est\u00e0 preparat amb connector r\u00e0pid per m\u00e0nega.<\/p>\n","protected":false},"excerpt":{"rendered":"<p>Aquest element permet refrescar-se formant un n\u00favol d&#8217;aigua, controlant molt el seu cabal. Ja que amb el per\u00edode de sequera que estem vivint, \u00e9s important ser molt curosos en el seu consum. Podem dir que si un m\u00e0nec de dutxa t\u00e9 un cabal de 10 litres per minut,\u00a0 aquest en t\u00e9 un de 1,5 litres [&hellip;]<\/p>\n","protected":false},"featured_media":10706,"template":"","meta":[],"product_brand":[],"product_cat":[743],"product_tag":[779],"ubicacion-del-mobiliario":[],"class_list":{"0":"post-10703","1":"product","2":"type-product","3":"status-publish","4":"has-post-thumbnail","6":"product_cat-sorra-aigua-i-experimentacio","7":"product_tag-aigua","9":"first","10":"instock","11":"taxable","12":"shipping-taxable","13":"purchasable","14":"product-type-simple"},"yoast_head":"<!-- This site is optimized with the Yoast SEO Premium plugin v21.6 (Yoast SEO v27.3) - https:\/\/yoast.com\/product\/yoast-seo-premium-wordpress\/ -->\n<title>N\u00favol polvoritzador d&#039;aigua - Milanta<\/title>\n<meta name=\"robots\" content=\"index, follow, max-snippet:-1, max-image-preview:large, max-video-preview:-1\" \/>\n<link rel=\"canonical\" href=\"https:\/\/milanta.net\/es\/producte\/nuvol-polvoritzador-daigua\/\" \/>\n<meta property=\"og:locale\" content=\"es_ES\" \/>\n<meta property=\"og:type\" content=\"article\" \/>\n<meta property=\"og:title\" content=\"N\u00favol polvoritzador d&#039;aigua\" \/>\n<meta property=\"og:description\" content=\"Aquest element permet refrescar-se formant un n\u00favol d&#8217;aigua, controlant molt el seu cabal. Ja que amb el per\u00edode de sequera que estem vivint, \u00e9s important ser molt curosos en el seu consum. Podem dir que si un m\u00e0nec de dutxa t\u00e9 un cabal de 10 litres per minut,\u00a0 aquest en t\u00e9 un de 1,5 litres [&hellip;]\" \/>\n<meta property=\"og:url\" content=\"https:\/\/milanta.net\/es\/producte\/nuvol-polvoritzador-daigua\/\" \/>\n<meta property=\"og:site_name\" content=\"Milanta\" \/>\n<meta property=\"article:publisher\" content=\"https:\/\/www.facebook.com\/MilantaCraft\/\" \/>\n<meta property=\"article:modified_time\" content=\"2024-05-29T08:32:59+00:00\" \/>\n<meta property=\"og:image\" content=\"https:\/\/milanta.net\/wp-content\/uploads\/2024\/04\/nuvol2.jpg\" \/>\n\t<meta property=\"og:image:width\" content=\"1782\" \/>\n\t<meta property=\"og:image:height\" content=\"2551\" \/>\n\t<meta property=\"og:image:type\" content=\"image\/jpeg\" \/>\n<meta name=\"twitter:card\" content=\"summary_large_image\" \/>\n<meta name=\"twitter:label1\" content=\"Tiempo de lectura\" \/>\n\t<meta name=\"twitter:data1\" content=\"1 minuto\" \/>\n<script type=\"application\/ld+json\" class=\"yoast-schema-graph\">{\"@context\":\"https:\\\/\\\/schema.org\",\"@graph\":[{\"@type\":\"WebPage\",\"@id\":\"https:\\\/\\\/milanta.net\\\/es\\\/producte\\\/nuvol-polvoritzador-daigua\\\/\",\"url\":\"https:\\\/\\\/milanta.net\\\/es\\\/producte\\\/nuvol-polvoritzador-daigua\\\/\",\"name\":\"N\u00favol polvoritzador d'aigua - Milanta\",\"isPartOf\":{\"@id\":\"https:\\\/\\\/milanta.net\\\/es\\\/#website\"},\"primaryImageOfPage\":{\"@id\":\"https:\\\/\\\/milanta.net\\\/es\\\/producte\\\/nuvol-polvoritzador-daigua\\\/#primaryimage\"},\"image\":{\"@id\":\"https:\\\/\\\/milanta.net\\\/es\\\/producte\\\/nuvol-polvoritzador-daigua\\\/#primaryimage\"},\"thumbnailUrl\":\"https:\\\/\\\/milanta.net\\\/wp-content\\\/uploads\\\/2024\\\/04\\\/nuvol2.jpg\",\"datePublished\":\"2024-04-04T09:22:01+00:00\",\"dateModified\":\"2024-05-29T08:32:59+00:00\",\"breadcrumb\":{\"@id\":\"https:\\\/\\\/milanta.net\\\/es\\\/producte\\\/nuvol-polvoritzador-daigua\\\/#breadcrumb\"},\"inLanguage\":\"es\",\"potentialAction\":[{\"@type\":\"ReadAction\",\"target\":[\"https:\\\/\\\/milanta.net\\\/es\\\/producte\\\/nuvol-polvoritzador-daigua\\\/\"]}]},{\"@type\":\"ImageObject\",\"inLanguage\":\"es\",\"@id\":\"https:\\\/\\\/milanta.net\\\/es\\\/producte\\\/nuvol-polvoritzador-daigua\\\/#primaryimage\",\"url\":\"https:\\\/\\\/milanta.net\\\/wp-content\\\/uploads\\\/2024\\\/04\\\/nuvol2.jpg\",\"contentUrl\":\"https:\\\/\\\/milanta.net\\\/wp-content\\\/uploads\\\/2024\\\/04\\\/nuvol2.jpg\",\"width\":1782,\"height\":2551},{\"@type\":\"BreadcrumbList\",\"@id\":\"https:\\\/\\\/milanta.net\\\/es\\\/producte\\\/nuvol-polvoritzador-daigua\\\/#breadcrumb\",\"itemListElement\":[{\"@type\":\"ListItem\",\"position\":1,\"name\":\"Portada\",\"item\":\"https:\\\/\\\/milanta.net\\\/es\\\/\"},{\"@type\":\"ListItem\",\"position\":2,\"name\":\"Cat\u00e1logo\",\"item\":\"https:\\\/\\\/milanta.net\\\/es\\\/catalogo\\\/\"},{\"@type\":\"ListItem\",\"position\":3,\"name\":\"N\u00favol polvoritzador d&#8217;aigua\"}]},{\"@type\":\"WebSite\",\"@id\":\"https:\\\/\\\/milanta.net\\\/es\\\/#website\",\"url\":\"https:\\\/\\\/milanta.net\\\/es\\\/\",\"name\":\"Milanta Patis Vius\",\"description\":\"ESPACIOS NATURALES Y CREATIVOS PARA LA EDUCACI\u00d3N\",\"publisher\":{\"@id\":\"https:\\\/\\\/milanta.net\\\/es\\\/#organization\"},\"alternateName\":\"Milanta - Patis Vius\",\"potentialAction\":[{\"@type\":\"SearchAction\",\"target\":{\"@type\":\"EntryPoint\",\"urlTemplate\":\"https:\\\/\\\/milanta.net\\\/es\\\/?s={search_term_string}\"},\"query-input\":{\"@type\":\"PropertyValueSpecification\",\"valueRequired\":true,\"valueName\":\"search_term_string\"}}],\"inLanguage\":\"es\"},{\"@type\":\"Organization\",\"@id\":\"https:\\\/\\\/milanta.net\\\/es\\\/#organization\",\"name\":\"Milanta\",\"url\":\"https:\\\/\\\/milanta.net\\\/es\\\/\",\"logo\":{\"@type\":\"ImageObject\",\"inLanguage\":\"es\",\"@id\":\"https:\\\/\\\/milanta.net\\\/es\\\/#\\\/schema\\\/logo\\\/image\\\/\",\"url\":\"https:\\\/\\\/milanta.net\\\/wp-content\\\/uploads\\\/2023\\\/04\\\/Logo-Milanta-color.svg\",\"contentUrl\":\"https:\\\/\\\/milanta.net\\\/wp-content\\\/uploads\\\/2023\\\/04\\\/Logo-Milanta-color.svg\",\"caption\":\"Milanta\"},\"image\":{\"@id\":\"https:\\\/\\\/milanta.net\\\/es\\\/#\\\/schema\\\/logo\\\/image\\\/\"},\"sameAs\":[\"https:\\\/\\\/www.facebook.com\\\/MilantaCraft\\\/\",\"https:\\\/\\\/www.instagram.com\\\/milanta_patis\\\/\"]}]}<\/script>\n<!-- \/ Yoast SEO Premium plugin. -->","yoast_head_json":{"title":"N\u00favol polvoritzador d'aigua - Milanta","robots":{"index":"index","follow":"follow","max-snippet":"max-snippet:-1","max-image-preview":"max-image-preview:large","max-video-preview":"max-video-preview:-1"},"canonical":"https:\/\/milanta.net\/es\/producte\/nuvol-polvoritzador-daigua\/","og_locale":"es_ES","og_type":"article","og_title":"N\u00favol polvoritzador d'aigua","og_description":"Aquest element permet refrescar-se formant un n\u00favol d&#8217;aigua, controlant molt el seu cabal. Ja que amb el per\u00edode de sequera que estem vivint, \u00e9s important ser molt curosos en el seu consum. Podem dir que si un m\u00e0nec de dutxa t\u00e9 un cabal de 10 litres per minut,\u00a0 aquest en t\u00e9 un de 1,5 litres [&hellip;]","og_url":"https:\/\/milanta.net\/es\/producte\/nuvol-polvoritzador-daigua\/","og_site_name":"Milanta","article_publisher":"https:\/\/www.facebook.com\/MilantaCraft\/","article_modified_time":"2024-05-29T08:32:59+00:00","og_image":[{"width":1782,"height":2551,"url":"https:\/\/milanta.net\/wp-content\/uploads\/2024\/04\/nuvol2.jpg","type":"image\/jpeg"}],"twitter_card":"summary_large_image","twitter_misc":{"Tiempo de lectura":"1 minuto"},"schema":{"@context":"https:\/\/schema.org","@graph":[{"@type":"WebPage","@id":"https:\/\/milanta.net\/es\/producte\/nuvol-polvoritzador-daigua\/","url":"https:\/\/milanta.net\/es\/producte\/nuvol-polvoritzador-daigua\/","name":"N\u00favol polvoritzador d'aigua - Milanta","isPartOf":{"@id":"https:\/\/milanta.net\/es\/#website"},"primaryImageOfPage":{"@id":"https:\/\/milanta.net\/es\/producte\/nuvol-polvoritzador-daigua\/#primaryimage"},"image":{"@id":"https:\/\/milanta.net\/es\/producte\/nuvol-polvoritzador-daigua\/#primaryimage"},"thumbnailUrl":"https:\/\/milanta.net\/wp-content\/uploads\/2024\/04\/nuvol2.jpg","datePublished":"2024-04-04T09:22:01+00:00","dateModified":"2024-05-29T08:32:59+00:00","breadcrumb":{"@id":"https:\/\/milanta.net\/es\/producte\/nuvol-polvoritzador-daigua\/#breadcrumb"},"inLanguage":"es","potentialAction":[{"@type":"ReadAction","target":["https:\/\/milanta.net\/es\/producte\/nuvol-polvoritzador-daigua\/"]}]},{"@type":"ImageObject","inLanguage":"es","@id":"https:\/\/milanta.net\/es\/producte\/nuvol-polvoritzador-daigua\/#primaryimage","url":"https:\/\/milanta.net\/wp-content\/uploads\/2024\/04\/nuvol2.jpg","contentUrl":"https:\/\/milanta.net\/wp-content\/uploads\/2024\/04\/nuvol2.jpg","width":1782,"height":2551},{"@type":"BreadcrumbList","@id":"https:\/\/milanta.net\/es\/producte\/nuvol-polvoritzador-daigua\/#breadcrumb","itemListElement":[{"@type":"ListItem","position":1,"name":"Portada","item":"https:\/\/milanta.net\/es\/"},{"@type":"ListItem","position":2,"name":"Cat\u00e1logo","item":"https:\/\/milanta.net\/es\/catalogo\/"},{"@type":"ListItem","position":3,"name":"N\u00favol polvoritzador d&#8217;aigua"}]},{"@type":"WebSite","@id":"https:\/\/milanta.net\/es\/#website","url":"https:\/\/milanta.net\/es\/","name":"Milanta Patis Vius","description":"ESPACIOS NATURALES Y CREATIVOS PARA LA EDUCACI\u00d3N","publisher":{"@id":"https:\/\/milanta.net\/es\/#organization"},"alternateName":"Milanta - Patis Vius","potentialAction":[{"@type":"SearchAction","target":{"@type":"EntryPoint","urlTemplate":"https:\/\/milanta.net\/es\/?s={search_term_string}"},"query-input":{"@type":"PropertyValueSpecification","valueRequired":true,"valueName":"search_term_string"}}],"inLanguage":"es"},{"@type":"Organization","@id":"https:\/\/milanta.net\/es\/#organization","name":"Milanta","url":"https:\/\/milanta.net\/es\/","logo":{"@type":"ImageObject","inLanguage":"es","@id":"https:\/\/milanta.net\/es\/#\/schema\/logo\/image\/","url":"https:\/\/milanta.net\/wp-content\/uploads\/2023\/04\/Logo-Milanta-color.svg","contentUrl":"https:\/\/milanta.net\/wp-content\/uploads\/2023\/04\/Logo-Milanta-color.svg","caption":"Milanta"},"image":{"@id":"https:\/\/milanta.net\/es\/#\/schema\/logo\/image\/"},"sameAs":["https:\/\/www.facebook.com\/MilantaCraft\/","https:\/\/www.instagram.com\/milanta_patis\/"]}]}},"_links":{"self":[{"href":"https:\/\/milanta.net\/es\/wp-json\/wp\/v2\/product\/10703","targetHints":{"allow":["GET"]}}],"collection":[{"href":"https:\/\/milanta.net\/es\/wp-json\/wp\/v2\/product"}],"about":[{"href":"https:\/\/milanta.net\/es\/wp-json\/wp\/v2\/types\/product"}],"version-history":[{"count":0,"href":"https:\/\/milanta.net\/es\/wp-json\/wp\/v2\/product\/10703\/revisions"}],"wp:featuredmedia":[{"embeddable":true,"href":"https:\/\/milanta.net\/es\/wp-json\/wp\/v2\/media\/10706"}],"wp:attachment":[{"href":"https:\/\/milanta.net\/es\/wp-json\/wp\/v2\/media?parent=10703"}],"wp:term":[{"taxonomy":"product_brand","embeddable":true,"href":"https:\/\/milanta.net\/es\/wp-json\/wp\/v2\/product_brand?post=10703"},{"taxonomy":"product_cat","embeddable":true,"href":"https:\/\/milanta.net\/es\/wp-json\/wp\/v2\/product_cat?post=10703"},{"taxonomy":"product_tag","embeddable":true,"href":"https:\/\/milanta.net\/es\/wp-json\/wp\/v2\/product_tag?post=10703"},{"taxonomy":"ubicacion-del-mobiliario","embeddable":true,"href":"https:\/\/milanta.net\/es\/wp-json\/wp\/v2\/ubicacion-del-mobiliario?post=10703"}],"curies":[{"name":"wp","href":"https:\/\/api.w.org\/{rel}","templated":true}]}}