{"id":11257,"date":"2024-05-29T07:50:08","date_gmt":"2024-05-29T07:50:08","guid":{"rendered":"https:\/\/milanta.net\/?post_type=product&#038;p=11257"},"modified":"2025-04-22T13:48:44","modified_gmt":"2025-04-22T11:48:44","slug":"turo-de-la-descoberta-per-infantil-amb-escala-pont-rampa-lliscant-i-rampa-dacces","status":"publish","type":"product","link":"https:\/\/milanta.net\/es\/producte\/turo-de-la-descoberta-per-infantil-amb-escala-pont-rampa-lliscant-i-rampa-dacces\/","title":{"rendered":"Tur\u00f3 de la descoberta &#8211; Cicle Infantil"},"content":{"rendered":"<p>Aquest tur\u00f3 per patis d&#8217;escola \u00e9s fant\u00e0stic per proporcionar relleu a l&#8217;espai exterior, fomentar el joc motriu i simb\u00f2lic i esdevenir un espai de cura i observaci\u00f3 de la vegetaci\u00f3. <\/p>\n<p>Amb els turons trencarem el paisatge pla i crearem una nova realitat al pati! Un pati&#8230; Una porta a la natura!<\/p>\n<p>Est\u00e0 format per una muntanya de terra perimetrada i 4 accessos motrius:<br \/>\n&#8211; Escala amb travesses de fusta<br \/>\n&#8211; Rampa lliscant<br \/>\n&#8211; Rampa amb llistons<br \/>\n&#8211; Bosquet de troncs<\/p>\n<p><strong>Important:<\/strong> Recomanem plantar-hi for\u00e7a vegetaci\u00f3, ja que ajuden a mantenir el tur\u00f3 compactat. Sense, \u00e9s f\u00e0cil que es desgasti\/erosioni amb l&#8217;\u00fas.<\/p>\n<p>Un pati Renaturalitzat vol assemblar-se tant com sigui possible a la natura i&#8230; Oi que a la muntanya la topografia no \u00e9s plana? Doncs en els patis vius&#8230; Tampoc! Per aix\u00f2 ens encanta fer cr\u00e9ixer turons i muntanyes dins els patis Milanta!<\/p>\n<p>Sempre plantegem aquests desnivells com a elements multipotenciadors. Per un costat, els fem amb terres, sorres i vegetaci\u00f3 per potenciar l&#8217;experimentaci\u00f3, l&#8217;observaci\u00f3 i el contacte amb la natura i, per altre costat, hi integrem diversos reptes motors per afavorir el moviment dels infants, el coneixement del propi cos i l\u00edmits, i l&#8217;autogesti\u00f3 del risc.<\/p>\n<p>Tenim diversos turons i muntanyes en el nostre cat\u00e0leg, per\u00f2 si no us n&#8217;encaixa cap, no patiu, que els podem fer a mida.<br \/>\nCom la majoria d&#8217;estructures i materials que proporcionem a Milanta els dissenyem i fabriquem a la nostra fusteria, podem adaptar-los als vostres espais i necessitats. Demaneu-nos pressupost sense comprom\u00eds. <\/p>\n<p>&#8212;&#8212;<br \/>\nPersonalitzaci\u00f3: S\u00ed <\/p>\n<p>Material: Fusta de pi amb tractament a l\u2019autoclau.<\/p>\n<p>El preu inclou el muntatge<\/p>\n<p>El preu NO inlou: La terra i les plantes. Ho venem i gestionem a part. Demaneu-nos pressupost.<\/p>\n","protected":false},"excerpt":{"rendered":"<p>Muntanya de terra perimetrada amb 4 reptes psicomotrius.<\/p>\n","protected":false},"featured_media":11262,"template":"","meta":[],"product_brand":[],"product_cat":[117,838],"product_tag":[794],"ubicacion-del-mobiliario":[821],"class_list":{"0":"post-11257","1":"product","2":"type-product","3":"status-publish","4":"has-post-thumbnail","6":"product_cat-exterior-pati-i-jardi","7":"product_cat-turons","8":"product_tag-muntanya","9":"ubicacion-del-mobiliario-exterior","11":"first","12":"instock","13":"taxable","14":"shipping-taxable","15":"purchasable","16":"product-type-simple"},"yoast_head":"<!-- This site is optimized with the Yoast SEO Premium plugin v21.6 (Yoast SEO v27.2) - https:\/\/yoast.com\/product\/yoast-seo-premium-wordpress\/ -->\n<title>Tur\u00f3 de la descoberta - Cicle Infantil - Milanta<\/title>\n<meta name=\"description\" content=\"Muntanya de terra perimetrada, plena de reptes psicomotrius per a patis d&#039;escola de cicle infantil. Aporta relleu i fomenta el joc motriu i simb\u00f2lic.\" \/>\n<meta name=\"robots\" content=\"index, follow, max-snippet:-1, max-image-preview:large, max-video-preview:-1\" \/>\n<link rel=\"canonical\" href=\"https:\/\/milanta.net\/es\/producte\/turo-de-la-descoberta-per-infantil-amb-escala-pont-rampa-lliscant-i-rampa-dacces\/\" \/>\n<meta property=\"og:locale\" content=\"es_ES\" \/>\n<meta property=\"og:type\" content=\"article\" \/>\n<meta property=\"og:title\" content=\"Tur\u00f3 de la descoberta - Cicle Infantil\" \/>\n<meta property=\"og:description\" content=\"Muntanya de terra perimetrada, plena de reptes psicomotrius per a patis d&#039;escola de cicle infantil. Aporta relleu i fomenta el joc motriu i simb\u00f2lic.\" \/>\n<meta property=\"og:url\" content=\"https:\/\/milanta.net\/es\/producte\/turo-de-la-descoberta-per-infantil-amb-escala-pont-rampa-lliscant-i-rampa-dacces\/\" \/>\n<meta property=\"og:site_name\" content=\"Milanta\" \/>\n<meta property=\"article:publisher\" content=\"https:\/\/www.facebook.com\/MilantaCraft\/\" \/>\n<meta property=\"article:modified_time\" content=\"2025-04-22T11:48:44+00:00\" \/>\n<meta property=\"og:image\" content=\"https:\/\/milanta.net\/wp-content\/uploads\/2024\/05\/IMG-20240308-WA0017.jpg\" \/>\n\t<meta property=\"og:image:width\" content=\"1600\" \/>\n\t<meta property=\"og:image:height\" content=\"720\" \/>\n\t<meta property=\"og:image:type\" content=\"image\/jpeg\" \/>\n<meta name=\"twitter:card\" content=\"summary_large_image\" \/>\n<meta name=\"twitter:label1\" content=\"Tiempo de lectura\" \/>\n\t<meta name=\"twitter:data1\" content=\"2 minutos\" \/>\n<script type=\"application\/ld+json\" class=\"yoast-schema-graph\">{\"@context\":\"https:\/\/schema.org\",\"@graph\":[{\"@type\":\"WebPage\",\"@id\":\"https:\/\/milanta.net\/es\/producte\/turo-de-la-descoberta-per-infantil-amb-escala-pont-rampa-lliscant-i-rampa-dacces\/\",\"url\":\"https:\/\/milanta.net\/es\/producte\/turo-de-la-descoberta-per-infantil-amb-escala-pont-rampa-lliscant-i-rampa-dacces\/\",\"name\":\"Tur\u00f3 de la descoberta - Cicle Infantil - Milanta\",\"isPartOf\":{\"@id\":\"https:\/\/milanta.net\/es\/#website\"},\"primaryImageOfPage\":{\"@id\":\"https:\/\/milanta.net\/es\/producte\/turo-de-la-descoberta-per-infantil-amb-escala-pont-rampa-lliscant-i-rampa-dacces\/#primaryimage\"},\"image\":{\"@id\":\"https:\/\/milanta.net\/es\/producte\/turo-de-la-descoberta-per-infantil-amb-escala-pont-rampa-lliscant-i-rampa-dacces\/#primaryimage\"},\"thumbnailUrl\":\"https:\/\/milanta.net\/wp-content\/uploads\/2024\/05\/IMG-20240308-WA0017.jpg\",\"datePublished\":\"2024-05-29T07:50:08+00:00\",\"dateModified\":\"2025-04-22T11:48:44+00:00\",\"description\":\"Muntanya de terra perimetrada, plena de reptes psicomotrius per a patis d'escola de cicle infantil. Aporta relleu i fomenta el joc motriu i simb\u00f2lic.\",\"breadcrumb\":{\"@id\":\"https:\/\/milanta.net\/es\/producte\/turo-de-la-descoberta-per-infantil-amb-escala-pont-rampa-lliscant-i-rampa-dacces\/#breadcrumb\"},\"inLanguage\":\"es\",\"potentialAction\":[{\"@type\":\"ReadAction\",\"target\":[\"https:\/\/milanta.net\/es\/producte\/turo-de-la-descoberta-per-infantil-amb-escala-pont-rampa-lliscant-i-rampa-dacces\/\"]}]},{\"@type\":\"ImageObject\",\"inLanguage\":\"es\",\"@id\":\"https:\/\/milanta.net\/es\/producte\/turo-de-la-descoberta-per-infantil-amb-escala-pont-rampa-lliscant-i-rampa-dacces\/#primaryimage\",\"url\":\"https:\/\/milanta.net\/wp-content\/uploads\/2024\/05\/IMG-20240308-WA0017.jpg\",\"contentUrl\":\"https:\/\/milanta.net\/wp-content\/uploads\/2024\/05\/IMG-20240308-WA0017.jpg\",\"width\":1600,\"height\":720},{\"@type\":\"BreadcrumbList\",\"@id\":\"https:\/\/milanta.net\/es\/producte\/turo-de-la-descoberta-per-infantil-amb-escala-pont-rampa-lliscant-i-rampa-dacces\/#breadcrumb\",\"itemListElement\":[{\"@type\":\"ListItem\",\"position\":1,\"name\":\"Portada\",\"item\":\"https:\/\/milanta.net\/es\/\"},{\"@type\":\"ListItem\",\"position\":2,\"name\":\"Cat\u00e1logo\",\"item\":\"https:\/\/milanta.net\/es\/catalogo\/\"},{\"@type\":\"ListItem\",\"position\":3,\"name\":\"Tur\u00f3 de la descoberta &#8211; Cicle Infantil\"}]},{\"@type\":\"WebSite\",\"@id\":\"https:\/\/milanta.net\/es\/#website\",\"url\":\"https:\/\/milanta.net\/es\/\",\"name\":\"Milanta Patis Vius\",\"description\":\"ESPACIOS NATURALES Y CREATIVOS PARA LA EDUCACI\u00d3N\",\"publisher\":{\"@id\":\"https:\/\/milanta.net\/es\/#organization\"},\"alternateName\":\"Milanta - Patis Vius\",\"potentialAction\":[{\"@type\":\"SearchAction\",\"target\":{\"@type\":\"EntryPoint\",\"urlTemplate\":\"https:\/\/milanta.net\/es\/?s={search_term_string}\"},\"query-input\":{\"@type\":\"PropertyValueSpecification\",\"valueRequired\":true,\"valueName\":\"search_term_string\"}}],\"inLanguage\":\"es\"},{\"@type\":\"Organization\",\"@id\":\"https:\/\/milanta.net\/es\/#organization\",\"name\":\"Milanta\",\"url\":\"https:\/\/milanta.net\/es\/\",\"logo\":{\"@type\":\"ImageObject\",\"inLanguage\":\"es\",\"@id\":\"https:\/\/milanta.net\/es\/#\/schema\/logo\/image\/\",\"url\":\"https:\/\/milanta.net\/wp-content\/uploads\/2023\/04\/Logo-Milanta-color.svg\",\"contentUrl\":\"https:\/\/milanta.net\/wp-content\/uploads\/2023\/04\/Logo-Milanta-color.svg\",\"width\":786,\"height\":486,\"caption\":\"Milanta\"},\"image\":{\"@id\":\"https:\/\/milanta.net\/es\/#\/schema\/logo\/image\/\"},\"sameAs\":[\"https:\/\/www.facebook.com\/MilantaCraft\/\",\"https:\/\/www.instagram.com\/milanta_patis\/\"]}]}<\/script>\n<!-- \/ Yoast SEO Premium plugin. -->","yoast_head_json":{"title":"Tur\u00f3 de la descoberta - Cicle Infantil - Milanta","description":"Muntanya de terra perimetrada, plena de reptes psicomotrius per a patis d'escola de cicle infantil. Aporta relleu i fomenta el joc motriu i simb\u00f2lic.","robots":{"index":"index","follow":"follow","max-snippet":"max-snippet:-1","max-image-preview":"max-image-preview:large","max-video-preview":"max-video-preview:-1"},"canonical":"https:\/\/milanta.net\/es\/producte\/turo-de-la-descoberta-per-infantil-amb-escala-pont-rampa-lliscant-i-rampa-dacces\/","og_locale":"es_ES","og_type":"article","og_title":"Tur\u00f3 de la descoberta - Cicle Infantil","og_description":"Muntanya de terra perimetrada, plena de reptes psicomotrius per a patis d'escola de cicle infantil. Aporta relleu i fomenta el joc motriu i simb\u00f2lic.","og_url":"https:\/\/milanta.net\/es\/producte\/turo-de-la-descoberta-per-infantil-amb-escala-pont-rampa-lliscant-i-rampa-dacces\/","og_site_name":"Milanta","article_publisher":"https:\/\/www.facebook.com\/MilantaCraft\/","article_modified_time":"2025-04-22T11:48:44+00:00","og_image":[{"width":1600,"height":720,"url":"https:\/\/milanta.net\/wp-content\/uploads\/2024\/05\/IMG-20240308-WA0017.jpg","type":"image\/jpeg"}],"twitter_card":"summary_large_image","twitter_misc":{"Tiempo de lectura":"2 minutos"},"schema":{"@context":"https:\/\/schema.org","@graph":[{"@type":"WebPage","@id":"https:\/\/milanta.net\/es\/producte\/turo-de-la-descoberta-per-infantil-amb-escala-pont-rampa-lliscant-i-rampa-dacces\/","url":"https:\/\/milanta.net\/es\/producte\/turo-de-la-descoberta-per-infantil-amb-escala-pont-rampa-lliscant-i-rampa-dacces\/","name":"Tur\u00f3 de la descoberta - Cicle Infantil - Milanta","isPartOf":{"@id":"https:\/\/milanta.net\/es\/#website"},"primaryImageOfPage":{"@id":"https:\/\/milanta.net\/es\/producte\/turo-de-la-descoberta-per-infantil-amb-escala-pont-rampa-lliscant-i-rampa-dacces\/#primaryimage"},"image":{"@id":"https:\/\/milanta.net\/es\/producte\/turo-de-la-descoberta-per-infantil-amb-escala-pont-rampa-lliscant-i-rampa-dacces\/#primaryimage"},"thumbnailUrl":"https:\/\/milanta.net\/wp-content\/uploads\/2024\/05\/IMG-20240308-WA0017.jpg","datePublished":"2024-05-29T07:50:08+00:00","dateModified":"2025-04-22T11:48:44+00:00","description":"Muntanya de terra perimetrada, plena de reptes psicomotrius per a patis d'escola de cicle infantil. Aporta relleu i fomenta el joc motriu i simb\u00f2lic.","breadcrumb":{"@id":"https:\/\/milanta.net\/es\/producte\/turo-de-la-descoberta-per-infantil-amb-escala-pont-rampa-lliscant-i-rampa-dacces\/#breadcrumb"},"inLanguage":"es","potentialAction":[{"@type":"ReadAction","target":["https:\/\/milanta.net\/es\/producte\/turo-de-la-descoberta-per-infantil-amb-escala-pont-rampa-lliscant-i-rampa-dacces\/"]}]},{"@type":"ImageObject","inLanguage":"es","@id":"https:\/\/milanta.net\/es\/producte\/turo-de-la-descoberta-per-infantil-amb-escala-pont-rampa-lliscant-i-rampa-dacces\/#primaryimage","url":"https:\/\/milanta.net\/wp-content\/uploads\/2024\/05\/IMG-20240308-WA0017.jpg","contentUrl":"https:\/\/milanta.net\/wp-content\/uploads\/2024\/05\/IMG-20240308-WA0017.jpg","width":1600,"height":720},{"@type":"BreadcrumbList","@id":"https:\/\/milanta.net\/es\/producte\/turo-de-la-descoberta-per-infantil-amb-escala-pont-rampa-lliscant-i-rampa-dacces\/#breadcrumb","itemListElement":[{"@type":"ListItem","position":1,"name":"Portada","item":"https:\/\/milanta.net\/es\/"},{"@type":"ListItem","position":2,"name":"Cat\u00e1logo","item":"https:\/\/milanta.net\/es\/catalogo\/"},{"@type":"ListItem","position":3,"name":"Tur\u00f3 de la descoberta &#8211; Cicle Infantil"}]},{"@type":"WebSite","@id":"https:\/\/milanta.net\/es\/#website","url":"https:\/\/milanta.net\/es\/","name":"Milanta Patis Vius","description":"ESPACIOS NATURALES Y CREATIVOS PARA LA EDUCACI\u00d3N","publisher":{"@id":"https:\/\/milanta.net\/es\/#organization"},"alternateName":"Milanta - Patis Vius","potentialAction":[{"@type":"SearchAction","target":{"@type":"EntryPoint","urlTemplate":"https:\/\/milanta.net\/es\/?s={search_term_string}"},"query-input":{"@type":"PropertyValueSpecification","valueRequired":true,"valueName":"search_term_string"}}],"inLanguage":"es"},{"@type":"Organization","@id":"https:\/\/milanta.net\/es\/#organization","name":"Milanta","url":"https:\/\/milanta.net\/es\/","logo":{"@type":"ImageObject","inLanguage":"es","@id":"https:\/\/milanta.net\/es\/#\/schema\/logo\/image\/","url":"https:\/\/milanta.net\/wp-content\/uploads\/2023\/04\/Logo-Milanta-color.svg","contentUrl":"https:\/\/milanta.net\/wp-content\/uploads\/2023\/04\/Logo-Milanta-color.svg","width":786,"height":486,"caption":"Milanta"},"image":{"@id":"https:\/\/milanta.net\/es\/#\/schema\/logo\/image\/"},"sameAs":["https:\/\/www.facebook.com\/MilantaCraft\/","https:\/\/www.instagram.com\/milanta_patis\/"]}]}},"_links":{"self":[{"href":"https:\/\/milanta.net\/es\/wp-json\/wp\/v2\/product\/11257","targetHints":{"allow":["GET"]}}],"collection":[{"href":"https:\/\/milanta.net\/es\/wp-json\/wp\/v2\/product"}],"about":[{"href":"https:\/\/milanta.net\/es\/wp-json\/wp\/v2\/types\/product"}],"version-history":[{"count":0,"href":"https:\/\/milanta.net\/es\/wp-json\/wp\/v2\/product\/11257\/revisions"}],"wp:featuredmedia":[{"embeddable":true,"href":"https:\/\/milanta.net\/es\/wp-json\/wp\/v2\/media\/11262"}],"wp:attachment":[{"href":"https:\/\/milanta.net\/es\/wp-json\/wp\/v2\/media?parent=11257"}],"wp:term":[{"taxonomy":"product_brand","embeddable":true,"href":"https:\/\/milanta.net\/es\/wp-json\/wp\/v2\/product_brand?post=11257"},{"taxonomy":"product_cat","embeddable":true,"href":"https:\/\/milanta.net\/es\/wp-json\/wp\/v2\/product_cat?post=11257"},{"taxonomy":"product_tag","embeddable":true,"href":"https:\/\/milanta.net\/es\/wp-json\/wp\/v2\/product_tag?post=11257"},{"taxonomy":"ubicacion-del-mobiliario","embeddable":true,"href":"https:\/\/milanta.net\/es\/wp-json\/wp\/v2\/ubicacion-del-mobiliario?post=11257"}],"curies":[{"name":"wp","href":"https:\/\/api.w.org\/{rel}","templated":true}]}}