{"id":12667,"date":"2025-02-03T13:19:38","date_gmt":"2025-02-03T12:19:38","guid":{"rendered":"https:\/\/milanta.net\/?post_type=product&#038;p=12667"},"modified":"2025-04-22T12:13:30","modified_gmt":"2025-04-22T10:13:30","slug":"circuit-de-troncs-albons","status":"publish","type":"product","link":"https:\/\/milanta.net\/es\/producte\/circuit-de-troncs-albons\/","title":{"rendered":"Circuit de troncs &#8211; Albons"},"content":{"rendered":"<p>Aquest circuit es compon de diversos troncs de fusta disposats estrat\u00e8gicament, tan de manera horitzontal com vertical, per afavorir el joc d&#8217;equilibri als patis d&#8217;escoles de prim\u00e0ria i instituts. <\/p>\n<p>Els troncs d&#8217;ac\u00e0cia s\u00f3n molt resistents i estan tractats i polits per estar a l&#8217;exterior.<\/p>\n<p>Jugant-hi es treballa l\u2019equilibri, la coordinaci\u00f3 i la percepci\u00f3 del propi cos en l\u2019espai, afavorint el desenvolupament psicomotor en un entorn natural i estimulant. Cada tronc \u00e9s diferent, com cada infant: la irregularitat del material viu promou l\u2019atenci\u00f3, la concentraci\u00f3 i l\u2019autoconfian\u00e7a. \u00c9s un element obert, que s\u2019adapta a m\u00faltiples usos i convida al joc cooperatiu, a l\u2019aventura i a la imaginaci\u00f3.<\/p>\n<p>A l&#8217;aire lliure, els troncs utilitzats en els jocs poden fer que els participants se sentin m\u00e9s connectats amb la natura, potenciant el benestar emocional i la consci\u00e8ncia ambiental.<\/p>\n<p>Tenim diverses mides i models d&#8217;aquests circuits. Podeu veure&#8217;ls tots al nostre cat\u00e0leg d&#8217;estructures i materials per patis escolars. Si no us n&#8217;encaixa cap, tamb\u00e9 podem fer-los a mida. Demaneu-nos-en pressupost sense comprom\u00eds. <\/p>\n<p>_______<br \/>\nAquesta estructura necessita un terra esmorte\u00efdor, tal com surt a la foto, que no est\u00e0 incl\u00f2s en el preu.<\/p>\n","protected":false},"excerpt":{"rendered":"<p>Aquest circuit es compon de diversos troncs de fusta disposats estrat\u00e8gicament, tan de manera horitzontal com vertical, per afavorir el joc d&#8217;equilibri als patis d&#8217;escoles de prim\u00e0ria i instituts. Els troncs d&#8217;ac\u00e0cia s\u00f3n molt resistents i estan tractats i polits per estar a l&#8217;exterior. Jugant-hi es treballa l\u2019equilibri, la coordinaci\u00f3 i la percepci\u00f3 del propi [&hellip;]<\/p>\n","protected":false},"featured_media":12670,"template":"","meta":[],"product_brand":[],"product_cat":[837,117],"product_tag":[],"ubicacion-del-mobiliario":[821],"class_list":{"0":"post-12667","1":"product","2":"type-product","3":"status-publish","4":"has-post-thumbnail","6":"product_cat-circuits-de-troncs","7":"product_cat-exterior-pati-i-jardi","8":"ubicacion-del-mobiliario-exterior","10":"first","11":"instock","12":"taxable","13":"shipping-taxable","14":"purchasable","15":"product-type-simple"},"yoast_head":"<!-- This site is optimized with the Yoast SEO Premium plugin v21.6 (Yoast SEO v27.3) - https:\/\/yoast.com\/product\/yoast-seo-premium-wordpress\/ -->\n<title>Circuit de troncs - Albons - Milanta<\/title>\n<meta name=\"description\" content=\"Circuit de diversos troncs disposats estrat\u00e8gicament per afavorir el joc d&#039;equilibri als patis d&#039;escoles de prim\u00e0ria i instituts.\" \/>\n<meta name=\"robots\" content=\"index, follow, max-snippet:-1, max-image-preview:large, max-video-preview:-1\" \/>\n<link rel=\"canonical\" href=\"https:\/\/milanta.net\/es\/producte\/circuit-de-troncs-albons\/\" \/>\n<meta property=\"og:locale\" content=\"es_ES\" \/>\n<meta property=\"og:type\" content=\"article\" \/>\n<meta property=\"og:title\" content=\"Circuit de troncs - Albons\" \/>\n<meta property=\"og:description\" content=\"Circuit de diversos troncs disposats estrat\u00e8gicament per afavorir el joc d&#039;equilibri als patis d&#039;escoles de prim\u00e0ria i instituts.\" \/>\n<meta property=\"og:url\" content=\"https:\/\/milanta.net\/es\/producte\/circuit-de-troncs-albons\/\" \/>\n<meta property=\"og:site_name\" content=\"Milanta\" \/>\n<meta property=\"article:publisher\" content=\"https:\/\/www.facebook.com\/MilantaCraft\/\" \/>\n<meta property=\"article:modified_time\" content=\"2025-04-22T10:13:30+00:00\" \/>\n<meta property=\"og:image\" content=\"https:\/\/milanta.net\/wp-content\/uploads\/2025\/02\/mikado-albons-2.jpg\" \/>\n\t<meta property=\"og:image:width\" content=\"2000\" \/>\n\t<meta property=\"og:image:height\" content=\"900\" \/>\n\t<meta property=\"og:image:type\" content=\"image\/jpeg\" \/>\n<meta name=\"twitter:card\" content=\"summary_large_image\" \/>\n<meta name=\"twitter:label1\" content=\"Tiempo de lectura\" \/>\n\t<meta name=\"twitter:data1\" content=\"2 minutos\" \/>\n<script type=\"application\/ld+json\" class=\"yoast-schema-graph\">{\"@context\":\"https:\\\/\\\/schema.org\",\"@graph\":[{\"@type\":\"WebPage\",\"@id\":\"https:\\\/\\\/milanta.net\\\/es\\\/producte\\\/circuit-de-troncs-albons\\\/\",\"url\":\"https:\\\/\\\/milanta.net\\\/es\\\/producte\\\/circuit-de-troncs-albons\\\/\",\"name\":\"Circuit de troncs - Albons - Milanta\",\"isPartOf\":{\"@id\":\"https:\\\/\\\/milanta.net\\\/es\\\/#website\"},\"primaryImageOfPage\":{\"@id\":\"https:\\\/\\\/milanta.net\\\/es\\\/producte\\\/circuit-de-troncs-albons\\\/#primaryimage\"},\"image\":{\"@id\":\"https:\\\/\\\/milanta.net\\\/es\\\/producte\\\/circuit-de-troncs-albons\\\/#primaryimage\"},\"thumbnailUrl\":\"https:\\\/\\\/milanta.net\\\/wp-content\\\/uploads\\\/2025\\\/02\\\/mikado-albons-2.jpg\",\"datePublished\":\"2025-02-03T12:19:38+00:00\",\"dateModified\":\"2025-04-22T10:13:30+00:00\",\"description\":\"Circuit de diversos troncs disposats estrat\u00e8gicament per afavorir el joc d'equilibri als patis d'escoles de prim\u00e0ria i instituts.\",\"breadcrumb\":{\"@id\":\"https:\\\/\\\/milanta.net\\\/es\\\/producte\\\/circuit-de-troncs-albons\\\/#breadcrumb\"},\"inLanguage\":\"es\",\"potentialAction\":[{\"@type\":\"ReadAction\",\"target\":[\"https:\\\/\\\/milanta.net\\\/es\\\/producte\\\/circuit-de-troncs-albons\\\/\"]}]},{\"@type\":\"ImageObject\",\"inLanguage\":\"es\",\"@id\":\"https:\\\/\\\/milanta.net\\\/es\\\/producte\\\/circuit-de-troncs-albons\\\/#primaryimage\",\"url\":\"https:\\\/\\\/milanta.net\\\/wp-content\\\/uploads\\\/2025\\\/02\\\/mikado-albons-2.jpg\",\"contentUrl\":\"https:\\\/\\\/milanta.net\\\/wp-content\\\/uploads\\\/2025\\\/02\\\/mikado-albons-2.jpg\",\"width\":2000,\"height\":900},{\"@type\":\"BreadcrumbList\",\"@id\":\"https:\\\/\\\/milanta.net\\\/es\\\/producte\\\/circuit-de-troncs-albons\\\/#breadcrumb\",\"itemListElement\":[{\"@type\":\"ListItem\",\"position\":1,\"name\":\"Portada\",\"item\":\"https:\\\/\\\/milanta.net\\\/es\\\/\"},{\"@type\":\"ListItem\",\"position\":2,\"name\":\"Cat\u00e1logo\",\"item\":\"https:\\\/\\\/milanta.net\\\/es\\\/catalogo\\\/\"},{\"@type\":\"ListItem\",\"position\":3,\"name\":\"Circuit de troncs &#8211; Albons\"}]},{\"@type\":\"WebSite\",\"@id\":\"https:\\\/\\\/milanta.net\\\/es\\\/#website\",\"url\":\"https:\\\/\\\/milanta.net\\\/es\\\/\",\"name\":\"Milanta Patis Vius\",\"description\":\"ESPACIOS NATURALES Y CREATIVOS PARA LA EDUCACI\u00d3N\",\"publisher\":{\"@id\":\"https:\\\/\\\/milanta.net\\\/es\\\/#organization\"},\"alternateName\":\"Milanta - Patis Vius\",\"potentialAction\":[{\"@type\":\"SearchAction\",\"target\":{\"@type\":\"EntryPoint\",\"urlTemplate\":\"https:\\\/\\\/milanta.net\\\/es\\\/?s={search_term_string}\"},\"query-input\":{\"@type\":\"PropertyValueSpecification\",\"valueRequired\":true,\"valueName\":\"search_term_string\"}}],\"inLanguage\":\"es\"},{\"@type\":\"Organization\",\"@id\":\"https:\\\/\\\/milanta.net\\\/es\\\/#organization\",\"name\":\"Milanta\",\"url\":\"https:\\\/\\\/milanta.net\\\/es\\\/\",\"logo\":{\"@type\":\"ImageObject\",\"inLanguage\":\"es\",\"@id\":\"https:\\\/\\\/milanta.net\\\/es\\\/#\\\/schema\\\/logo\\\/image\\\/\",\"url\":\"https:\\\/\\\/milanta.net\\\/wp-content\\\/uploads\\\/2023\\\/04\\\/Logo-Milanta-color.svg\",\"contentUrl\":\"https:\\\/\\\/milanta.net\\\/wp-content\\\/uploads\\\/2023\\\/04\\\/Logo-Milanta-color.svg\",\"caption\":\"Milanta\"},\"image\":{\"@id\":\"https:\\\/\\\/milanta.net\\\/es\\\/#\\\/schema\\\/logo\\\/image\\\/\"},\"sameAs\":[\"https:\\\/\\\/www.facebook.com\\\/MilantaCraft\\\/\",\"https:\\\/\\\/www.instagram.com\\\/milanta_patis\\\/\"]}]}<\/script>\n<!-- \/ Yoast SEO Premium plugin. -->","yoast_head_json":{"title":"Circuit de troncs - Albons - Milanta","description":"Circuit de diversos troncs disposats estrat\u00e8gicament per afavorir el joc d'equilibri als patis d'escoles de prim\u00e0ria i instituts.","robots":{"index":"index","follow":"follow","max-snippet":"max-snippet:-1","max-image-preview":"max-image-preview:large","max-video-preview":"max-video-preview:-1"},"canonical":"https:\/\/milanta.net\/es\/producte\/circuit-de-troncs-albons\/","og_locale":"es_ES","og_type":"article","og_title":"Circuit de troncs - Albons","og_description":"Circuit de diversos troncs disposats estrat\u00e8gicament per afavorir el joc d'equilibri als patis d'escoles de prim\u00e0ria i instituts.","og_url":"https:\/\/milanta.net\/es\/producte\/circuit-de-troncs-albons\/","og_site_name":"Milanta","article_publisher":"https:\/\/www.facebook.com\/MilantaCraft\/","article_modified_time":"2025-04-22T10:13:30+00:00","og_image":[{"width":2000,"height":900,"url":"https:\/\/milanta.net\/wp-content\/uploads\/2025\/02\/mikado-albons-2.jpg","type":"image\/jpeg"}],"twitter_card":"summary_large_image","twitter_misc":{"Tiempo de lectura":"2 minutos"},"schema":{"@context":"https:\/\/schema.org","@graph":[{"@type":"WebPage","@id":"https:\/\/milanta.net\/es\/producte\/circuit-de-troncs-albons\/","url":"https:\/\/milanta.net\/es\/producte\/circuit-de-troncs-albons\/","name":"Circuit de troncs - Albons - Milanta","isPartOf":{"@id":"https:\/\/milanta.net\/es\/#website"},"primaryImageOfPage":{"@id":"https:\/\/milanta.net\/es\/producte\/circuit-de-troncs-albons\/#primaryimage"},"image":{"@id":"https:\/\/milanta.net\/es\/producte\/circuit-de-troncs-albons\/#primaryimage"},"thumbnailUrl":"https:\/\/milanta.net\/wp-content\/uploads\/2025\/02\/mikado-albons-2.jpg","datePublished":"2025-02-03T12:19:38+00:00","dateModified":"2025-04-22T10:13:30+00:00","description":"Circuit de diversos troncs disposats estrat\u00e8gicament per afavorir el joc d'equilibri als patis d'escoles de prim\u00e0ria i instituts.","breadcrumb":{"@id":"https:\/\/milanta.net\/es\/producte\/circuit-de-troncs-albons\/#breadcrumb"},"inLanguage":"es","potentialAction":[{"@type":"ReadAction","target":["https:\/\/milanta.net\/es\/producte\/circuit-de-troncs-albons\/"]}]},{"@type":"ImageObject","inLanguage":"es","@id":"https:\/\/milanta.net\/es\/producte\/circuit-de-troncs-albons\/#primaryimage","url":"https:\/\/milanta.net\/wp-content\/uploads\/2025\/02\/mikado-albons-2.jpg","contentUrl":"https:\/\/milanta.net\/wp-content\/uploads\/2025\/02\/mikado-albons-2.jpg","width":2000,"height":900},{"@type":"BreadcrumbList","@id":"https:\/\/milanta.net\/es\/producte\/circuit-de-troncs-albons\/#breadcrumb","itemListElement":[{"@type":"ListItem","position":1,"name":"Portada","item":"https:\/\/milanta.net\/es\/"},{"@type":"ListItem","position":2,"name":"Cat\u00e1logo","item":"https:\/\/milanta.net\/es\/catalogo\/"},{"@type":"ListItem","position":3,"name":"Circuit de troncs &#8211; Albons"}]},{"@type":"WebSite","@id":"https:\/\/milanta.net\/es\/#website","url":"https:\/\/milanta.net\/es\/","name":"Milanta Patis Vius","description":"ESPACIOS NATURALES Y CREATIVOS PARA LA EDUCACI\u00d3N","publisher":{"@id":"https:\/\/milanta.net\/es\/#organization"},"alternateName":"Milanta - Patis Vius","potentialAction":[{"@type":"SearchAction","target":{"@type":"EntryPoint","urlTemplate":"https:\/\/milanta.net\/es\/?s={search_term_string}"},"query-input":{"@type":"PropertyValueSpecification","valueRequired":true,"valueName":"search_term_string"}}],"inLanguage":"es"},{"@type":"Organization","@id":"https:\/\/milanta.net\/es\/#organization","name":"Milanta","url":"https:\/\/milanta.net\/es\/","logo":{"@type":"ImageObject","inLanguage":"es","@id":"https:\/\/milanta.net\/es\/#\/schema\/logo\/image\/","url":"https:\/\/milanta.net\/wp-content\/uploads\/2023\/04\/Logo-Milanta-color.svg","contentUrl":"https:\/\/milanta.net\/wp-content\/uploads\/2023\/04\/Logo-Milanta-color.svg","caption":"Milanta"},"image":{"@id":"https:\/\/milanta.net\/es\/#\/schema\/logo\/image\/"},"sameAs":["https:\/\/www.facebook.com\/MilantaCraft\/","https:\/\/www.instagram.com\/milanta_patis\/"]}]}},"_links":{"self":[{"href":"https:\/\/milanta.net\/es\/wp-json\/wp\/v2\/product\/12667","targetHints":{"allow":["GET"]}}],"collection":[{"href":"https:\/\/milanta.net\/es\/wp-json\/wp\/v2\/product"}],"about":[{"href":"https:\/\/milanta.net\/es\/wp-json\/wp\/v2\/types\/product"}],"version-history":[{"count":0,"href":"https:\/\/milanta.net\/es\/wp-json\/wp\/v2\/product\/12667\/revisions"}],"wp:featuredmedia":[{"embeddable":true,"href":"https:\/\/milanta.net\/es\/wp-json\/wp\/v2\/media\/12670"}],"wp:attachment":[{"href":"https:\/\/milanta.net\/es\/wp-json\/wp\/v2\/media?parent=12667"}],"wp:term":[{"taxonomy":"product_brand","embeddable":true,"href":"https:\/\/milanta.net\/es\/wp-json\/wp\/v2\/product_brand?post=12667"},{"taxonomy":"product_cat","embeddable":true,"href":"https:\/\/milanta.net\/es\/wp-json\/wp\/v2\/product_cat?post=12667"},{"taxonomy":"product_tag","embeddable":true,"href":"https:\/\/milanta.net\/es\/wp-json\/wp\/v2\/product_tag?post=12667"},{"taxonomy":"ubicacion-del-mobiliario","embeddable":true,"href":"https:\/\/milanta.net\/es\/wp-json\/wp\/v2\/ubicacion-del-mobiliario?post=12667"}],"curies":[{"name":"wp","href":"https:\/\/api.w.org\/{rel}","templated":true}]}}