{"id":12677,"date":"2025-02-03T13:51:24","date_gmt":"2025-02-03T12:51:24","guid":{"rendered":"https:\/\/milanta.net\/?post_type=product&#038;p=12677"},"modified":"2025-04-23T13:33:07","modified_gmt":"2025-04-23T11:33:07","slug":"vaixell-amb-tobogan","status":"publish","type":"product","link":"https:\/\/milanta.net\/es\/producte\/vaixell-amb-tobogan\/","title":{"rendered":"Vaixell de fusta amb tobogan"},"content":{"rendered":"<p>Estructura de fusta ideal per potenciar tant el joc simb\u00f2lic, com el joc d&#8217;equilibri i el joc motriu en un pati natural i viu. <\/p>\n<p><strong>Es tracta d&#8217;un h\u00edbrid entre el nostre vaixell lla\u00fct i la plataforma d&#8217;escales amb tobogan. D&#8217;aquesta manera, amb una sola estructura proporcionem joc simb\u00f2lic, d&#8217;equilibri i de moviment per una edat d&#8217;\u00fas d&#8217;entre els 3 i els 9 anys. <\/strong><\/p>\n<p>Una estructura de joc de fusta al pati escolar viu \u00e9s molt m\u00e9s que un espai per jugar: \u00e9s una oportunitat per cr\u00e9ixer.<\/p>\n<p>Fomenta l\u2019autonomia, l\u2019equilibri i la creativitat en un entorn viu, c\u00e0lid i respectu\u00f3s amb el ritme de l\u2019infant. La fusta, com a material noble i viu, connecta amb la natura i convida al joc lliure, simb\u00f2lic i motor, essencial en el desenvolupament global dels nens i nenes. Aquestes estructures esdevenen escenaris oberts d\u2019aprenentatge, on cada infant crea la seva pr\u00f2pia aventura.<\/p>\n<p>Aquest tipus d\u2019estructures s\u00f3n peces clau en la transformaci\u00f3 dels patis escolars: deixen enrere els espais r\u00edgids i homogenis per donar lloc a entorns vius, diversos i flexibles, que posen l\u2019infant al centre. Fomenten l\u2019autonomia, l\u2019equilibri, la creativitat i el joc simb\u00f2lic i motor, essencials per al desenvolupament global dels nens i nenes.<\/p>\n<p>A Milanta, dissenyem escenaris oberts d\u2019aprenentatge i creixement, on cada infant pot viure el pati com un lloc propi, ple d\u2019aventures a mida.<\/p>\n<p>________<\/p>\n<p>Important: Necessita terra esmorte\u00efdor com el saul\u00f3 o similar<\/p>\n<p>Espai de seguretat: 4,55 x 9,10 m<\/p>\n","protected":false},"excerpt":{"rendered":"<p>Estructura de fusta ideal per potenciar el joc simb\u00f2lic, d&#8217;equilibri i motriu en un pati escolar viu.<\/p>\n","protected":false},"featured_media":12681,"template":"","meta":[],"product_brand":[],"product_cat":[740,117],"product_tag":[],"ubicacion-del-mobiliario":[],"class_list":{"0":"post-12677","1":"product","2":"type-product","3":"status-publish","4":"has-post-thumbnail","6":"product_cat-estructures-de-fusta-pel-pati","7":"product_cat-exterior-pati-i-jardi","9":"first","10":"instock","11":"taxable","12":"shipping-taxable","13":"purchasable","14":"product-type-simple"},"yoast_head":"<!-- This site is optimized with the Yoast SEO Premium plugin v21.6 (Yoast SEO v27.3) - https:\/\/yoast.com\/product\/yoast-seo-premium-wordpress\/ -->\n<title>Vaixell de fusta amb tobogan - Milanta<\/title>\n<meta name=\"description\" content=\"Estructura de fusta ideal per potenciar tant el joc simb\u00f2lic, com el joc d&#039;equilibri i el joc motriu en un pati natural i viu.\" \/>\n<meta name=\"robots\" content=\"index, follow, max-snippet:-1, max-image-preview:large, max-video-preview:-1\" \/>\n<link rel=\"canonical\" href=\"https:\/\/milanta.net\/es\/producte\/vaixell-amb-tobogan\/\" \/>\n<meta property=\"og:locale\" content=\"es_ES\" \/>\n<meta property=\"og:type\" content=\"article\" \/>\n<meta property=\"og:title\" content=\"Vaixell de fusta amb tobogan\" \/>\n<meta property=\"og:description\" content=\"Estructura de fusta ideal per potenciar tant el joc simb\u00f2lic, com el joc d&#039;equilibri i el joc motriu en un pati natural i viu.\" \/>\n<meta property=\"og:url\" content=\"https:\/\/milanta.net\/es\/producte\/vaixell-amb-tobogan\/\" \/>\n<meta property=\"og:site_name\" content=\"Milanta\" \/>\n<meta property=\"article:publisher\" content=\"https:\/\/www.facebook.com\/MilantaCraft\/\" \/>\n<meta property=\"article:modified_time\" content=\"2025-04-23T11:33:07+00:00\" \/>\n<meta property=\"og:image\" content=\"https:\/\/milanta.net\/wp-content\/uploads\/2025\/02\/IMG-20241220-WA0026.jpg\" \/>\n\t<meta property=\"og:image:width\" content=\"2000\" \/>\n\t<meta property=\"og:image:height\" content=\"900\" \/>\n\t<meta property=\"og:image:type\" content=\"image\/jpeg\" \/>\n<meta name=\"twitter:card\" content=\"summary_large_image\" \/>\n<meta name=\"twitter:label1\" content=\"Tiempo de lectura\" \/>\n\t<meta name=\"twitter:data1\" content=\"2 minutos\" \/>\n<script type=\"application\/ld+json\" class=\"yoast-schema-graph\">{\"@context\":\"https:\\\/\\\/schema.org\",\"@graph\":[{\"@type\":\"WebPage\",\"@id\":\"https:\\\/\\\/milanta.net\\\/es\\\/producte\\\/vaixell-amb-tobogan\\\/\",\"url\":\"https:\\\/\\\/milanta.net\\\/es\\\/producte\\\/vaixell-amb-tobogan\\\/\",\"name\":\"Vaixell de fusta amb tobogan - Milanta\",\"isPartOf\":{\"@id\":\"https:\\\/\\\/milanta.net\\\/es\\\/#website\"},\"primaryImageOfPage\":{\"@id\":\"https:\\\/\\\/milanta.net\\\/es\\\/producte\\\/vaixell-amb-tobogan\\\/#primaryimage\"},\"image\":{\"@id\":\"https:\\\/\\\/milanta.net\\\/es\\\/producte\\\/vaixell-amb-tobogan\\\/#primaryimage\"},\"thumbnailUrl\":\"https:\\\/\\\/milanta.net\\\/wp-content\\\/uploads\\\/2025\\\/02\\\/IMG-20241220-WA0026.jpg\",\"datePublished\":\"2025-02-03T12:51:24+00:00\",\"dateModified\":\"2025-04-23T11:33:07+00:00\",\"description\":\"Estructura de fusta ideal per potenciar tant el joc simb\u00f2lic, com el joc d'equilibri i el joc motriu en un pati natural i viu.\",\"breadcrumb\":{\"@id\":\"https:\\\/\\\/milanta.net\\\/es\\\/producte\\\/vaixell-amb-tobogan\\\/#breadcrumb\"},\"inLanguage\":\"es\",\"potentialAction\":[{\"@type\":\"ReadAction\",\"target\":[\"https:\\\/\\\/milanta.net\\\/es\\\/producte\\\/vaixell-amb-tobogan\\\/\"]}]},{\"@type\":\"ImageObject\",\"inLanguage\":\"es\",\"@id\":\"https:\\\/\\\/milanta.net\\\/es\\\/producte\\\/vaixell-amb-tobogan\\\/#primaryimage\",\"url\":\"https:\\\/\\\/milanta.net\\\/wp-content\\\/uploads\\\/2025\\\/02\\\/IMG-20241220-WA0026.jpg\",\"contentUrl\":\"https:\\\/\\\/milanta.net\\\/wp-content\\\/uploads\\\/2025\\\/02\\\/IMG-20241220-WA0026.jpg\",\"width\":2000,\"height\":900},{\"@type\":\"BreadcrumbList\",\"@id\":\"https:\\\/\\\/milanta.net\\\/es\\\/producte\\\/vaixell-amb-tobogan\\\/#breadcrumb\",\"itemListElement\":[{\"@type\":\"ListItem\",\"position\":1,\"name\":\"Portada\",\"item\":\"https:\\\/\\\/milanta.net\\\/es\\\/\"},{\"@type\":\"ListItem\",\"position\":2,\"name\":\"Cat\u00e1logo\",\"item\":\"https:\\\/\\\/milanta.net\\\/es\\\/catalogo\\\/\"},{\"@type\":\"ListItem\",\"position\":3,\"name\":\"Vaixell de fusta amb tobogan\"}]},{\"@type\":\"WebSite\",\"@id\":\"https:\\\/\\\/milanta.net\\\/es\\\/#website\",\"url\":\"https:\\\/\\\/milanta.net\\\/es\\\/\",\"name\":\"Milanta Patis Vius\",\"description\":\"ESPACIOS NATURALES Y CREATIVOS PARA LA EDUCACI\u00d3N\",\"publisher\":{\"@id\":\"https:\\\/\\\/milanta.net\\\/es\\\/#organization\"},\"alternateName\":\"Milanta - Patis Vius\",\"potentialAction\":[{\"@type\":\"SearchAction\",\"target\":{\"@type\":\"EntryPoint\",\"urlTemplate\":\"https:\\\/\\\/milanta.net\\\/es\\\/?s={search_term_string}\"},\"query-input\":{\"@type\":\"PropertyValueSpecification\",\"valueRequired\":true,\"valueName\":\"search_term_string\"}}],\"inLanguage\":\"es\"},{\"@type\":\"Organization\",\"@id\":\"https:\\\/\\\/milanta.net\\\/es\\\/#organization\",\"name\":\"Milanta\",\"url\":\"https:\\\/\\\/milanta.net\\\/es\\\/\",\"logo\":{\"@type\":\"ImageObject\",\"inLanguage\":\"es\",\"@id\":\"https:\\\/\\\/milanta.net\\\/es\\\/#\\\/schema\\\/logo\\\/image\\\/\",\"url\":\"https:\\\/\\\/milanta.net\\\/wp-content\\\/uploads\\\/2023\\\/04\\\/Logo-Milanta-color.svg\",\"contentUrl\":\"https:\\\/\\\/milanta.net\\\/wp-content\\\/uploads\\\/2023\\\/04\\\/Logo-Milanta-color.svg\",\"width\":786,\"height\":486,\"caption\":\"Milanta\"},\"image\":{\"@id\":\"https:\\\/\\\/milanta.net\\\/es\\\/#\\\/schema\\\/logo\\\/image\\\/\"},\"sameAs\":[\"https:\\\/\\\/www.facebook.com\\\/MilantaCraft\\\/\",\"https:\\\/\\\/www.instagram.com\\\/milanta_patis\\\/\"]}]}<\/script>\n<!-- \/ Yoast SEO Premium plugin. -->","yoast_head_json":{"title":"Vaixell de fusta amb tobogan - Milanta","description":"Estructura de fusta ideal per potenciar tant el joc simb\u00f2lic, com el joc d'equilibri i el joc motriu en un pati natural i viu.","robots":{"index":"index","follow":"follow","max-snippet":"max-snippet:-1","max-image-preview":"max-image-preview:large","max-video-preview":"max-video-preview:-1"},"canonical":"https:\/\/milanta.net\/es\/producte\/vaixell-amb-tobogan\/","og_locale":"es_ES","og_type":"article","og_title":"Vaixell de fusta amb tobogan","og_description":"Estructura de fusta ideal per potenciar tant el joc simb\u00f2lic, com el joc d'equilibri i el joc motriu en un pati natural i viu.","og_url":"https:\/\/milanta.net\/es\/producte\/vaixell-amb-tobogan\/","og_site_name":"Milanta","article_publisher":"https:\/\/www.facebook.com\/MilantaCraft\/","article_modified_time":"2025-04-23T11:33:07+00:00","og_image":[{"width":2000,"height":900,"url":"https:\/\/milanta.net\/wp-content\/uploads\/2025\/02\/IMG-20241220-WA0026.jpg","type":"image\/jpeg"}],"twitter_card":"summary_large_image","twitter_misc":{"Tiempo de lectura":"2 minutos"},"schema":{"@context":"https:\/\/schema.org","@graph":[{"@type":"WebPage","@id":"https:\/\/milanta.net\/es\/producte\/vaixell-amb-tobogan\/","url":"https:\/\/milanta.net\/es\/producte\/vaixell-amb-tobogan\/","name":"Vaixell de fusta amb tobogan - Milanta","isPartOf":{"@id":"https:\/\/milanta.net\/es\/#website"},"primaryImageOfPage":{"@id":"https:\/\/milanta.net\/es\/producte\/vaixell-amb-tobogan\/#primaryimage"},"image":{"@id":"https:\/\/milanta.net\/es\/producte\/vaixell-amb-tobogan\/#primaryimage"},"thumbnailUrl":"https:\/\/milanta.net\/wp-content\/uploads\/2025\/02\/IMG-20241220-WA0026.jpg","datePublished":"2025-02-03T12:51:24+00:00","dateModified":"2025-04-23T11:33:07+00:00","description":"Estructura de fusta ideal per potenciar tant el joc simb\u00f2lic, com el joc d'equilibri i el joc motriu en un pati natural i viu.","breadcrumb":{"@id":"https:\/\/milanta.net\/es\/producte\/vaixell-amb-tobogan\/#breadcrumb"},"inLanguage":"es","potentialAction":[{"@type":"ReadAction","target":["https:\/\/milanta.net\/es\/producte\/vaixell-amb-tobogan\/"]}]},{"@type":"ImageObject","inLanguage":"es","@id":"https:\/\/milanta.net\/es\/producte\/vaixell-amb-tobogan\/#primaryimage","url":"https:\/\/milanta.net\/wp-content\/uploads\/2025\/02\/IMG-20241220-WA0026.jpg","contentUrl":"https:\/\/milanta.net\/wp-content\/uploads\/2025\/02\/IMG-20241220-WA0026.jpg","width":2000,"height":900},{"@type":"BreadcrumbList","@id":"https:\/\/milanta.net\/es\/producte\/vaixell-amb-tobogan\/#breadcrumb","itemListElement":[{"@type":"ListItem","position":1,"name":"Portada","item":"https:\/\/milanta.net\/es\/"},{"@type":"ListItem","position":2,"name":"Cat\u00e1logo","item":"https:\/\/milanta.net\/es\/catalogo\/"},{"@type":"ListItem","position":3,"name":"Vaixell de fusta amb tobogan"}]},{"@type":"WebSite","@id":"https:\/\/milanta.net\/es\/#website","url":"https:\/\/milanta.net\/es\/","name":"Milanta Patis Vius","description":"ESPACIOS NATURALES Y CREATIVOS PARA LA EDUCACI\u00d3N","publisher":{"@id":"https:\/\/milanta.net\/es\/#organization"},"alternateName":"Milanta - Patis Vius","potentialAction":[{"@type":"SearchAction","target":{"@type":"EntryPoint","urlTemplate":"https:\/\/milanta.net\/es\/?s={search_term_string}"},"query-input":{"@type":"PropertyValueSpecification","valueRequired":true,"valueName":"search_term_string"}}],"inLanguage":"es"},{"@type":"Organization","@id":"https:\/\/milanta.net\/es\/#organization","name":"Milanta","url":"https:\/\/milanta.net\/es\/","logo":{"@type":"ImageObject","inLanguage":"es","@id":"https:\/\/milanta.net\/es\/#\/schema\/logo\/image\/","url":"https:\/\/milanta.net\/wp-content\/uploads\/2023\/04\/Logo-Milanta-color.svg","contentUrl":"https:\/\/milanta.net\/wp-content\/uploads\/2023\/04\/Logo-Milanta-color.svg","width":786,"height":486,"caption":"Milanta"},"image":{"@id":"https:\/\/milanta.net\/es\/#\/schema\/logo\/image\/"},"sameAs":["https:\/\/www.facebook.com\/MilantaCraft\/","https:\/\/www.instagram.com\/milanta_patis\/"]}]}},"_links":{"self":[{"href":"https:\/\/milanta.net\/es\/wp-json\/wp\/v2\/product\/12677","targetHints":{"allow":["GET"]}}],"collection":[{"href":"https:\/\/milanta.net\/es\/wp-json\/wp\/v2\/product"}],"about":[{"href":"https:\/\/milanta.net\/es\/wp-json\/wp\/v2\/types\/product"}],"version-history":[{"count":0,"href":"https:\/\/milanta.net\/es\/wp-json\/wp\/v2\/product\/12677\/revisions"}],"wp:featuredmedia":[{"embeddable":true,"href":"https:\/\/milanta.net\/es\/wp-json\/wp\/v2\/media\/12681"}],"wp:attachment":[{"href":"https:\/\/milanta.net\/es\/wp-json\/wp\/v2\/media?parent=12677"}],"wp:term":[{"taxonomy":"product_brand","embeddable":true,"href":"https:\/\/milanta.net\/es\/wp-json\/wp\/v2\/product_brand?post=12677"},{"taxonomy":"product_cat","embeddable":true,"href":"https:\/\/milanta.net\/es\/wp-json\/wp\/v2\/product_cat?post=12677"},{"taxonomy":"product_tag","embeddable":true,"href":"https:\/\/milanta.net\/es\/wp-json\/wp\/v2\/product_tag?post=12677"},{"taxonomy":"ubicacion-del-mobiliario","embeddable":true,"href":"https:\/\/milanta.net\/es\/wp-json\/wp\/v2\/ubicacion-del-mobiliario?post=12677"}],"curies":[{"name":"wp","href":"https:\/\/api.w.org\/{rel}","templated":true}]}}