{"id":2344,"date":"2013-11-06T13:42:28","date_gmt":"2013-11-06T13:42:28","guid":{"rendered":"https:\/\/milanta.net\/producto\/espai-de-cuina-1\/"},"modified":"2025-02-26T13:46:03","modified_gmt":"2025-02-26T12:46:03","slug":"espai-de-cuina-obrador-per-patis-escolars","status":"publish","type":"product","link":"https:\/\/milanta.net\/es\/producte\/espai-de-cuina-obrador-per-patis-escolars\/","title":{"rendered":"Espai modulable de joc simb\u00f2lic"},"content":{"rendered":"<p data-pm-slice=\"1 1 []\">Aquest espai de joc simb\u00f2lic i experimentaci\u00f3 \u00e9s ideal per un pati escolar. Genera un rac\u00f3 acollidor i es pot servir com a delimitador d&#8217;espai.<\/p>\n<p>Recomanem col\u00b7locar-lo a la zona del sorral i proper a la vegetaci\u00f3, perqu\u00e8 l&#8217;estructura esdev\u00e9 un obrador fant\u00e0stic per la canalla.<\/p>\n<p>Est\u00e0 format per 12 caixes de fusta de primera qualitat, duradores i tractades per a l&#8217;exterior, i un simulador de fogons. Tant poden ser per exterior com per interior.<\/p>\n<p>El muntem sobre una plataforma de travesses de fusta perqu\u00e8 sigui ben estable.<\/p>\n<p><em>*El muntatge no est\u00e0 incl\u00f2s en el preu<\/em><\/p>\n<p>El podem fer a MIDA? S\u00ed, podem adaptar la forma i la quantitat de caixes segons les vostres necessitats. Demaneu-nos pressupost sense comprom\u00eds.<\/p>\n","protected":false},"excerpt":{"rendered":"<p>Un rac\u00f3 de joc simb\u00f2lic acollidor format per 12 caixes de fruita i uns fogons<\/p>\n","protected":false},"featured_media":2340,"template":"","meta":[],"product_brand":[],"product_cat":[744],"product_tag":[130,131],"ubicacion-del-mobiliario":[],"class_list":{"0":"post-2344","1":"product","2":"type-product","3":"status-publish","4":"has-post-thumbnail","6":"product_cat-joc-simbolic","7":"product_tag-cuineta","8":"product_tag-joc-simbolic","10":"first","11":"instock","12":"taxable","13":"shipping-taxable","14":"purchasable","15":"product-type-simple"},"yoast_head":"<!-- This site is optimized with the Yoast SEO Premium plugin v21.6 (Yoast SEO v27.3) - https:\/\/yoast.com\/product\/yoast-seo-premium-wordpress\/ -->\n<title>Espai modulable de joc simb\u00f2lic - Milanta<\/title>\n<meta name=\"description\" content=\"Aquest espai de joc simb\u00f2lic i experimentaci\u00f3 \u00e9s ideal pel pati de l&#039;escola perqu\u00e8 genera un rac\u00f3 acollidor format per 12 caixes de fusta i uns fogons.\" \/>\n<meta name=\"robots\" content=\"index, follow, max-snippet:-1, max-image-preview:large, max-video-preview:-1\" \/>\n<link rel=\"canonical\" href=\"https:\/\/milanta.net\/es\/producte\/espai-de-cuina-obrador-per-patis-escolars\/\" \/>\n<meta property=\"og:locale\" content=\"es_ES\" \/>\n<meta property=\"og:type\" content=\"article\" \/>\n<meta property=\"og:title\" content=\"Espai modulable de joc simb\u00f2lic\" \/>\n<meta property=\"og:description\" content=\"Aquest espai de joc simb\u00f2lic i experimentaci\u00f3 \u00e9s ideal pel pati de l&#039;escola perqu\u00e8 genera un rac\u00f3 acollidor format per 12 caixes de fusta i uns fogons.\" \/>\n<meta property=\"og:url\" content=\"https:\/\/milanta.net\/es\/producte\/espai-de-cuina-obrador-per-patis-escolars\/\" \/>\n<meta property=\"og:site_name\" content=\"Milanta\" \/>\n<meta property=\"article:publisher\" content=\"https:\/\/www.facebook.com\/MilantaCraft\/\" \/>\n<meta property=\"article:modified_time\" content=\"2025-02-26T12:46:03+00:00\" \/>\n<meta property=\"og:image\" content=\"https:\/\/milanta.net\/wp-content\/uploads\/2013\/11\/2218-Espai-de-joc-simbolic-2.jpg\" \/>\n\t<meta property=\"og:image:width\" content=\"504\" \/>\n\t<meta property=\"og:image:height\" content=\"387\" \/>\n\t<meta property=\"og:image:type\" content=\"image\/jpeg\" \/>\n<meta name=\"twitter:card\" content=\"summary_large_image\" \/>\n<meta name=\"twitter:label1\" content=\"Tiempo de lectura\" \/>\n\t<meta name=\"twitter:data1\" content=\"1 minuto\" \/>\n<script type=\"application\/ld+json\" class=\"yoast-schema-graph\">{\"@context\":\"https:\\\/\\\/schema.org\",\"@graph\":[{\"@type\":\"WebPage\",\"@id\":\"https:\\\/\\\/milanta.net\\\/es\\\/producte\\\/espai-de-cuina-obrador-per-patis-escolars\\\/\",\"url\":\"https:\\\/\\\/milanta.net\\\/es\\\/producte\\\/espai-de-cuina-obrador-per-patis-escolars\\\/\",\"name\":\"Espai modulable de joc simb\u00f2lic - Milanta\",\"isPartOf\":{\"@id\":\"https:\\\/\\\/milanta.net\\\/es\\\/#website\"},\"primaryImageOfPage\":{\"@id\":\"https:\\\/\\\/milanta.net\\\/es\\\/producte\\\/espai-de-cuina-obrador-per-patis-escolars\\\/#primaryimage\"},\"image\":{\"@id\":\"https:\\\/\\\/milanta.net\\\/es\\\/producte\\\/espai-de-cuina-obrador-per-patis-escolars\\\/#primaryimage\"},\"thumbnailUrl\":\"https:\\\/\\\/milanta.net\\\/wp-content\\\/uploads\\\/2013\\\/11\\\/2218-Espai-de-joc-simbolic-2.jpg\",\"datePublished\":\"2013-11-06T13:42:28+00:00\",\"dateModified\":\"2025-02-26T12:46:03+00:00\",\"description\":\"Aquest espai de joc simb\u00f2lic i experimentaci\u00f3 \u00e9s ideal pel pati de l'escola perqu\u00e8 genera un rac\u00f3 acollidor format per 12 caixes de fusta i uns fogons.\",\"breadcrumb\":{\"@id\":\"https:\\\/\\\/milanta.net\\\/es\\\/producte\\\/espai-de-cuina-obrador-per-patis-escolars\\\/#breadcrumb\"},\"inLanguage\":\"es\",\"potentialAction\":[{\"@type\":\"ReadAction\",\"target\":[\"https:\\\/\\\/milanta.net\\\/es\\\/producte\\\/espai-de-cuina-obrador-per-patis-escolars\\\/\"]}]},{\"@type\":\"ImageObject\",\"inLanguage\":\"es\",\"@id\":\"https:\\\/\\\/milanta.net\\\/es\\\/producte\\\/espai-de-cuina-obrador-per-patis-escolars\\\/#primaryimage\",\"url\":\"https:\\\/\\\/milanta.net\\\/wp-content\\\/uploads\\\/2013\\\/11\\\/2218-Espai-de-joc-simbolic-2.jpg\",\"contentUrl\":\"https:\\\/\\\/milanta.net\\\/wp-content\\\/uploads\\\/2013\\\/11\\\/2218-Espai-de-joc-simbolic-2.jpg\",\"width\":504,\"height\":387,\"caption\":\"Espai de joc simb\u00f2lic 2\"},{\"@type\":\"BreadcrumbList\",\"@id\":\"https:\\\/\\\/milanta.net\\\/es\\\/producte\\\/espai-de-cuina-obrador-per-patis-escolars\\\/#breadcrumb\",\"itemListElement\":[{\"@type\":\"ListItem\",\"position\":1,\"name\":\"Portada\",\"item\":\"https:\\\/\\\/milanta.net\\\/es\\\/\"},{\"@type\":\"ListItem\",\"position\":2,\"name\":\"Cat\u00e1logo\",\"item\":\"https:\\\/\\\/milanta.net\\\/es\\\/catalogo\\\/\"},{\"@type\":\"ListItem\",\"position\":3,\"name\":\"Espai modulable de joc simb\u00f2lic\"}]},{\"@type\":\"WebSite\",\"@id\":\"https:\\\/\\\/milanta.net\\\/es\\\/#website\",\"url\":\"https:\\\/\\\/milanta.net\\\/es\\\/\",\"name\":\"Milanta Patis Vius\",\"description\":\"ESPACIOS NATURALES Y CREATIVOS PARA LA EDUCACI\u00d3N\",\"publisher\":{\"@id\":\"https:\\\/\\\/milanta.net\\\/es\\\/#organization\"},\"alternateName\":\"Milanta - Patis Vius\",\"potentialAction\":[{\"@type\":\"SearchAction\",\"target\":{\"@type\":\"EntryPoint\",\"urlTemplate\":\"https:\\\/\\\/milanta.net\\\/es\\\/?s={search_term_string}\"},\"query-input\":{\"@type\":\"PropertyValueSpecification\",\"valueRequired\":true,\"valueName\":\"search_term_string\"}}],\"inLanguage\":\"es\"},{\"@type\":\"Organization\",\"@id\":\"https:\\\/\\\/milanta.net\\\/es\\\/#organization\",\"name\":\"Milanta\",\"url\":\"https:\\\/\\\/milanta.net\\\/es\\\/\",\"logo\":{\"@type\":\"ImageObject\",\"inLanguage\":\"es\",\"@id\":\"https:\\\/\\\/milanta.net\\\/es\\\/#\\\/schema\\\/logo\\\/image\\\/\",\"url\":\"https:\\\/\\\/milanta.net\\\/wp-content\\\/uploads\\\/2023\\\/04\\\/Logo-Milanta-color.svg\",\"contentUrl\":\"https:\\\/\\\/milanta.net\\\/wp-content\\\/uploads\\\/2023\\\/04\\\/Logo-Milanta-color.svg\",\"width\":786,\"height\":486,\"caption\":\"Milanta\"},\"image\":{\"@id\":\"https:\\\/\\\/milanta.net\\\/es\\\/#\\\/schema\\\/logo\\\/image\\\/\"},\"sameAs\":[\"https:\\\/\\\/www.facebook.com\\\/MilantaCraft\\\/\",\"https:\\\/\\\/www.instagram.com\\\/milanta_patis\\\/\"]}]}<\/script>\n<!-- \/ Yoast SEO Premium plugin. -->","yoast_head_json":{"title":"Espai modulable de joc simb\u00f2lic - Milanta","description":"Aquest espai de joc simb\u00f2lic i experimentaci\u00f3 \u00e9s ideal pel pati de l'escola perqu\u00e8 genera un rac\u00f3 acollidor format per 12 caixes de fusta i uns fogons.","robots":{"index":"index","follow":"follow","max-snippet":"max-snippet:-1","max-image-preview":"max-image-preview:large","max-video-preview":"max-video-preview:-1"},"canonical":"https:\/\/milanta.net\/es\/producte\/espai-de-cuina-obrador-per-patis-escolars\/","og_locale":"es_ES","og_type":"article","og_title":"Espai modulable de joc simb\u00f2lic","og_description":"Aquest espai de joc simb\u00f2lic i experimentaci\u00f3 \u00e9s ideal pel pati de l'escola perqu\u00e8 genera un rac\u00f3 acollidor format per 12 caixes de fusta i uns fogons.","og_url":"https:\/\/milanta.net\/es\/producte\/espai-de-cuina-obrador-per-patis-escolars\/","og_site_name":"Milanta","article_publisher":"https:\/\/www.facebook.com\/MilantaCraft\/","article_modified_time":"2025-02-26T12:46:03+00:00","og_image":[{"width":504,"height":387,"url":"https:\/\/milanta.net\/wp-content\/uploads\/2013\/11\/2218-Espai-de-joc-simbolic-2.jpg","type":"image\/jpeg"}],"twitter_card":"summary_large_image","twitter_misc":{"Tiempo de lectura":"1 minuto"},"schema":{"@context":"https:\/\/schema.org","@graph":[{"@type":"WebPage","@id":"https:\/\/milanta.net\/es\/producte\/espai-de-cuina-obrador-per-patis-escolars\/","url":"https:\/\/milanta.net\/es\/producte\/espai-de-cuina-obrador-per-patis-escolars\/","name":"Espai modulable de joc simb\u00f2lic - Milanta","isPartOf":{"@id":"https:\/\/milanta.net\/es\/#website"},"primaryImageOfPage":{"@id":"https:\/\/milanta.net\/es\/producte\/espai-de-cuina-obrador-per-patis-escolars\/#primaryimage"},"image":{"@id":"https:\/\/milanta.net\/es\/producte\/espai-de-cuina-obrador-per-patis-escolars\/#primaryimage"},"thumbnailUrl":"https:\/\/milanta.net\/wp-content\/uploads\/2013\/11\/2218-Espai-de-joc-simbolic-2.jpg","datePublished":"2013-11-06T13:42:28+00:00","dateModified":"2025-02-26T12:46:03+00:00","description":"Aquest espai de joc simb\u00f2lic i experimentaci\u00f3 \u00e9s ideal pel pati de l'escola perqu\u00e8 genera un rac\u00f3 acollidor format per 12 caixes de fusta i uns fogons.","breadcrumb":{"@id":"https:\/\/milanta.net\/es\/producte\/espai-de-cuina-obrador-per-patis-escolars\/#breadcrumb"},"inLanguage":"es","potentialAction":[{"@type":"ReadAction","target":["https:\/\/milanta.net\/es\/producte\/espai-de-cuina-obrador-per-patis-escolars\/"]}]},{"@type":"ImageObject","inLanguage":"es","@id":"https:\/\/milanta.net\/es\/producte\/espai-de-cuina-obrador-per-patis-escolars\/#primaryimage","url":"https:\/\/milanta.net\/wp-content\/uploads\/2013\/11\/2218-Espai-de-joc-simbolic-2.jpg","contentUrl":"https:\/\/milanta.net\/wp-content\/uploads\/2013\/11\/2218-Espai-de-joc-simbolic-2.jpg","width":504,"height":387,"caption":"Espai de joc simb\u00f2lic 2"},{"@type":"BreadcrumbList","@id":"https:\/\/milanta.net\/es\/producte\/espai-de-cuina-obrador-per-patis-escolars\/#breadcrumb","itemListElement":[{"@type":"ListItem","position":1,"name":"Portada","item":"https:\/\/milanta.net\/es\/"},{"@type":"ListItem","position":2,"name":"Cat\u00e1logo","item":"https:\/\/milanta.net\/es\/catalogo\/"},{"@type":"ListItem","position":3,"name":"Espai modulable de joc simb\u00f2lic"}]},{"@type":"WebSite","@id":"https:\/\/milanta.net\/es\/#website","url":"https:\/\/milanta.net\/es\/","name":"Milanta Patis Vius","description":"ESPACIOS NATURALES Y CREATIVOS PARA LA EDUCACI\u00d3N","publisher":{"@id":"https:\/\/milanta.net\/es\/#organization"},"alternateName":"Milanta - Patis Vius","potentialAction":[{"@type":"SearchAction","target":{"@type":"EntryPoint","urlTemplate":"https:\/\/milanta.net\/es\/?s={search_term_string}"},"query-input":{"@type":"PropertyValueSpecification","valueRequired":true,"valueName":"search_term_string"}}],"inLanguage":"es"},{"@type":"Organization","@id":"https:\/\/milanta.net\/es\/#organization","name":"Milanta","url":"https:\/\/milanta.net\/es\/","logo":{"@type":"ImageObject","inLanguage":"es","@id":"https:\/\/milanta.net\/es\/#\/schema\/logo\/image\/","url":"https:\/\/milanta.net\/wp-content\/uploads\/2023\/04\/Logo-Milanta-color.svg","contentUrl":"https:\/\/milanta.net\/wp-content\/uploads\/2023\/04\/Logo-Milanta-color.svg","width":786,"height":486,"caption":"Milanta"},"image":{"@id":"https:\/\/milanta.net\/es\/#\/schema\/logo\/image\/"},"sameAs":["https:\/\/www.facebook.com\/MilantaCraft\/","https:\/\/www.instagram.com\/milanta_patis\/"]}]}},"_links":{"self":[{"href":"https:\/\/milanta.net\/es\/wp-json\/wp\/v2\/product\/2344","targetHints":{"allow":["GET"]}}],"collection":[{"href":"https:\/\/milanta.net\/es\/wp-json\/wp\/v2\/product"}],"about":[{"href":"https:\/\/milanta.net\/es\/wp-json\/wp\/v2\/types\/product"}],"version-history":[{"count":0,"href":"https:\/\/milanta.net\/es\/wp-json\/wp\/v2\/product\/2344\/revisions"}],"wp:featuredmedia":[{"embeddable":true,"href":"https:\/\/milanta.net\/es\/wp-json\/wp\/v2\/media\/2340"}],"wp:attachment":[{"href":"https:\/\/milanta.net\/es\/wp-json\/wp\/v2\/media?parent=2344"}],"wp:term":[{"taxonomy":"product_brand","embeddable":true,"href":"https:\/\/milanta.net\/es\/wp-json\/wp\/v2\/product_brand?post=2344"},{"taxonomy":"product_cat","embeddable":true,"href":"https:\/\/milanta.net\/es\/wp-json\/wp\/v2\/product_cat?post=2344"},{"taxonomy":"product_tag","embeddable":true,"href":"https:\/\/milanta.net\/es\/wp-json\/wp\/v2\/product_tag?post=2344"},{"taxonomy":"ubicacion-del-mobiliario","embeddable":true,"href":"https:\/\/milanta.net\/es\/wp-json\/wp\/v2\/ubicacion-del-mobiliario?post=2344"}],"curies":[{"name":"wp","href":"https:\/\/api.w.org\/{rel}","templated":true}]}}