{"id":2357,"date":"2013-11-07T13:39:26","date_gmt":"2013-11-07T13:39:26","guid":{"rendered":"https:\/\/milanta.net\/producto\/espai-cuina-2\/"},"modified":"2023-10-23T11:08:22","modified_gmt":"2023-10-23T11:08:22","slug":"espai-cuina-2","status":"publish","type":"product","link":"https:\/\/milanta.net\/es\/producte\/espai-cuina-2\/","title":{"rendered":"Espai de joc simb\u00f2lic 1"},"content":{"rendered":"<p>Elements per a un original rac\u00f3 de joc simb\u00f2lic format per les nostres caixes de fruita i algunes peces del mobiliari de joc simb\u00f2lic.<\/p>\n<p>Aquest conjunt \u00e9s apte tant per\u00a0<span style=\"color: #666666;font-family: 'Open Sans', Helvetica, Arial, sans-serif;font-size: 16px\">a l&#8217;interior<\/span>\u00a0com per a l&#8217;exterior.<\/p>\n<p>El preu no inclou el muntatge.<\/p>\n<p>Podem fer a MIDA.<\/p>\n","protected":false},"excerpt":{"rendered":"<p>Constru\u00efu el vostre rac\u00f3!<\/p>\n","protected":false},"featured_media":2345,"template":"","meta":[],"product_brand":[],"product_cat":[744],"product_tag":[130,131],"ubicacion-del-mobiliario":[],"class_list":{"0":"post-2357","1":"product","2":"type-product","3":"status-publish","4":"has-post-thumbnail","6":"product_cat-joc-simbolic","7":"product_tag-cuineta","8":"product_tag-joc-simbolic","10":"first","11":"instock","12":"taxable","13":"shipping-taxable","14":"purchasable","15":"product-type-simple"},"yoast_head":"<!-- This site is optimized with the Yoast SEO Premium plugin v21.6 (Yoast SEO v27.2) - https:\/\/yoast.com\/product\/yoast-seo-premium-wordpress\/ -->\n<title>Espai de joc simb\u00f2lic 1 - Milanta<\/title>\n<meta name=\"robots\" content=\"index, follow, max-snippet:-1, max-image-preview:large, max-video-preview:-1\" \/>\n<link rel=\"canonical\" href=\"https:\/\/milanta.net\/es\/producte\/espai-cuina-2\/\" \/>\n<meta property=\"og:locale\" content=\"es_ES\" \/>\n<meta property=\"og:type\" content=\"article\" \/>\n<meta property=\"og:title\" content=\"Espai de joc simb\u00f2lic 1\" \/>\n<meta property=\"og:description\" content=\"Constru\u00efu el vostre rac\u00f3!\" \/>\n<meta property=\"og:url\" content=\"https:\/\/milanta.net\/es\/producte\/espai-cuina-2\/\" \/>\n<meta property=\"og:site_name\" content=\"Milanta\" \/>\n<meta property=\"article:publisher\" content=\"https:\/\/www.facebook.com\/MilantaCraft\/\" \/>\n<meta property=\"article:modified_time\" content=\"2023-10-23T11:08:22+00:00\" \/>\n<meta property=\"og:image\" content=\"https:\/\/milanta.net\/wp-content\/uploads\/2013\/11\/1635-Espai-de-joc-simbolic-1.jpg\" \/>\n\t<meta property=\"og:image:width\" content=\"2560\" \/>\n\t<meta property=\"og:image:height\" content=\"1440\" \/>\n\t<meta property=\"og:image:type\" content=\"image\/jpeg\" \/>\n<meta name=\"twitter:card\" content=\"summary_large_image\" \/>\n<meta name=\"twitter:label1\" content=\"Tiempo de lectura\" \/>\n\t<meta name=\"twitter:data1\" content=\"1 minuto\" \/>\n<script type=\"application\/ld+json\" class=\"yoast-schema-graph\">{\"@context\":\"https:\/\/schema.org\",\"@graph\":[{\"@type\":\"WebPage\",\"@id\":\"https:\/\/milanta.net\/es\/producte\/espai-cuina-2\/\",\"url\":\"https:\/\/milanta.net\/es\/producte\/espai-cuina-2\/\",\"name\":\"Espai de joc simb\u00f2lic 1 - Milanta\",\"isPartOf\":{\"@id\":\"https:\/\/milanta.net\/es\/#website\"},\"primaryImageOfPage\":{\"@id\":\"https:\/\/milanta.net\/es\/producte\/espai-cuina-2\/#primaryimage\"},\"image\":{\"@id\":\"https:\/\/milanta.net\/es\/producte\/espai-cuina-2\/#primaryimage\"},\"thumbnailUrl\":\"https:\/\/milanta.net\/wp-content\/uploads\/2013\/11\/1635-Espai-de-joc-simbolic-1.jpg\",\"datePublished\":\"2013-11-07T13:39:26+00:00\",\"dateModified\":\"2023-10-23T11:08:22+00:00\",\"breadcrumb\":{\"@id\":\"https:\/\/milanta.net\/es\/producte\/espai-cuina-2\/#breadcrumb\"},\"inLanguage\":\"es\",\"potentialAction\":[{\"@type\":\"ReadAction\",\"target\":[\"https:\/\/milanta.net\/es\/producte\/espai-cuina-2\/\"]}]},{\"@type\":\"ImageObject\",\"inLanguage\":\"es\",\"@id\":\"https:\/\/milanta.net\/es\/producte\/espai-cuina-2\/#primaryimage\",\"url\":\"https:\/\/milanta.net\/wp-content\/uploads\/2013\/11\/1635-Espai-de-joc-simbolic-1.jpg\",\"contentUrl\":\"https:\/\/milanta.net\/wp-content\/uploads\/2013\/11\/1635-Espai-de-joc-simbolic-1.jpg\",\"width\":2560,\"height\":1440,\"caption\":\"Espai de joc simb\u00f2lic 1\"},{\"@type\":\"BreadcrumbList\",\"@id\":\"https:\/\/milanta.net\/es\/producte\/espai-cuina-2\/#breadcrumb\",\"itemListElement\":[{\"@type\":\"ListItem\",\"position\":1,\"name\":\"Portada\",\"item\":\"https:\/\/milanta.net\/es\/\"},{\"@type\":\"ListItem\",\"position\":2,\"name\":\"Cat\u00e1logo\",\"item\":\"https:\/\/milanta.net\/es\/catalogo\/\"},{\"@type\":\"ListItem\",\"position\":3,\"name\":\"Espai de joc simb\u00f2lic 1\"}]},{\"@type\":\"WebSite\",\"@id\":\"https:\/\/milanta.net\/es\/#website\",\"url\":\"https:\/\/milanta.net\/es\/\",\"name\":\"Milanta Patis Vius\",\"description\":\"ESPACIOS NATURALES Y CREATIVOS PARA LA EDUCACI\u00d3N\",\"publisher\":{\"@id\":\"https:\/\/milanta.net\/es\/#organization\"},\"alternateName\":\"Milanta - Patis Vius\",\"potentialAction\":[{\"@type\":\"SearchAction\",\"target\":{\"@type\":\"EntryPoint\",\"urlTemplate\":\"https:\/\/milanta.net\/es\/?s={search_term_string}\"},\"query-input\":{\"@type\":\"PropertyValueSpecification\",\"valueRequired\":true,\"valueName\":\"search_term_string\"}}],\"inLanguage\":\"es\"},{\"@type\":\"Organization\",\"@id\":\"https:\/\/milanta.net\/es\/#organization\",\"name\":\"Milanta\",\"url\":\"https:\/\/milanta.net\/es\/\",\"logo\":{\"@type\":\"ImageObject\",\"inLanguage\":\"es\",\"@id\":\"https:\/\/milanta.net\/es\/#\/schema\/logo\/image\/\",\"url\":\"https:\/\/milanta.net\/wp-content\/uploads\/2023\/04\/Logo-Milanta-color.svg\",\"contentUrl\":\"https:\/\/milanta.net\/wp-content\/uploads\/2023\/04\/Logo-Milanta-color.svg\",\"width\":786,\"height\":486,\"caption\":\"Milanta\"},\"image\":{\"@id\":\"https:\/\/milanta.net\/es\/#\/schema\/logo\/image\/\"},\"sameAs\":[\"https:\/\/www.facebook.com\/MilantaCraft\/\",\"https:\/\/www.instagram.com\/milanta_patis\/\"]}]}<\/script>\n<!-- \/ Yoast SEO Premium plugin. -->","yoast_head_json":{"title":"Espai de joc simb\u00f2lic 1 - Milanta","robots":{"index":"index","follow":"follow","max-snippet":"max-snippet:-1","max-image-preview":"max-image-preview:large","max-video-preview":"max-video-preview:-1"},"canonical":"https:\/\/milanta.net\/es\/producte\/espai-cuina-2\/","og_locale":"es_ES","og_type":"article","og_title":"Espai de joc simb\u00f2lic 1","og_description":"Constru\u00efu el vostre rac\u00f3!","og_url":"https:\/\/milanta.net\/es\/producte\/espai-cuina-2\/","og_site_name":"Milanta","article_publisher":"https:\/\/www.facebook.com\/MilantaCraft\/","article_modified_time":"2023-10-23T11:08:22+00:00","og_image":[{"width":2560,"height":1440,"url":"https:\/\/milanta.net\/wp-content\/uploads\/2013\/11\/1635-Espai-de-joc-simbolic-1.jpg","type":"image\/jpeg"}],"twitter_card":"summary_large_image","twitter_misc":{"Tiempo de lectura":"1 minuto"},"schema":{"@context":"https:\/\/schema.org","@graph":[{"@type":"WebPage","@id":"https:\/\/milanta.net\/es\/producte\/espai-cuina-2\/","url":"https:\/\/milanta.net\/es\/producte\/espai-cuina-2\/","name":"Espai de joc simb\u00f2lic 1 - Milanta","isPartOf":{"@id":"https:\/\/milanta.net\/es\/#website"},"primaryImageOfPage":{"@id":"https:\/\/milanta.net\/es\/producte\/espai-cuina-2\/#primaryimage"},"image":{"@id":"https:\/\/milanta.net\/es\/producte\/espai-cuina-2\/#primaryimage"},"thumbnailUrl":"https:\/\/milanta.net\/wp-content\/uploads\/2013\/11\/1635-Espai-de-joc-simbolic-1.jpg","datePublished":"2013-11-07T13:39:26+00:00","dateModified":"2023-10-23T11:08:22+00:00","breadcrumb":{"@id":"https:\/\/milanta.net\/es\/producte\/espai-cuina-2\/#breadcrumb"},"inLanguage":"es","potentialAction":[{"@type":"ReadAction","target":["https:\/\/milanta.net\/es\/producte\/espai-cuina-2\/"]}]},{"@type":"ImageObject","inLanguage":"es","@id":"https:\/\/milanta.net\/es\/producte\/espai-cuina-2\/#primaryimage","url":"https:\/\/milanta.net\/wp-content\/uploads\/2013\/11\/1635-Espai-de-joc-simbolic-1.jpg","contentUrl":"https:\/\/milanta.net\/wp-content\/uploads\/2013\/11\/1635-Espai-de-joc-simbolic-1.jpg","width":2560,"height":1440,"caption":"Espai de joc simb\u00f2lic 1"},{"@type":"BreadcrumbList","@id":"https:\/\/milanta.net\/es\/producte\/espai-cuina-2\/#breadcrumb","itemListElement":[{"@type":"ListItem","position":1,"name":"Portada","item":"https:\/\/milanta.net\/es\/"},{"@type":"ListItem","position":2,"name":"Cat\u00e1logo","item":"https:\/\/milanta.net\/es\/catalogo\/"},{"@type":"ListItem","position":3,"name":"Espai de joc simb\u00f2lic 1"}]},{"@type":"WebSite","@id":"https:\/\/milanta.net\/es\/#website","url":"https:\/\/milanta.net\/es\/","name":"Milanta Patis Vius","description":"ESPACIOS NATURALES Y CREATIVOS PARA LA EDUCACI\u00d3N","publisher":{"@id":"https:\/\/milanta.net\/es\/#organization"},"alternateName":"Milanta - Patis Vius","potentialAction":[{"@type":"SearchAction","target":{"@type":"EntryPoint","urlTemplate":"https:\/\/milanta.net\/es\/?s={search_term_string}"},"query-input":{"@type":"PropertyValueSpecification","valueRequired":true,"valueName":"search_term_string"}}],"inLanguage":"es"},{"@type":"Organization","@id":"https:\/\/milanta.net\/es\/#organization","name":"Milanta","url":"https:\/\/milanta.net\/es\/","logo":{"@type":"ImageObject","inLanguage":"es","@id":"https:\/\/milanta.net\/es\/#\/schema\/logo\/image\/","url":"https:\/\/milanta.net\/wp-content\/uploads\/2023\/04\/Logo-Milanta-color.svg","contentUrl":"https:\/\/milanta.net\/wp-content\/uploads\/2023\/04\/Logo-Milanta-color.svg","width":786,"height":486,"caption":"Milanta"},"image":{"@id":"https:\/\/milanta.net\/es\/#\/schema\/logo\/image\/"},"sameAs":["https:\/\/www.facebook.com\/MilantaCraft\/","https:\/\/www.instagram.com\/milanta_patis\/"]}]}},"_links":{"self":[{"href":"https:\/\/milanta.net\/es\/wp-json\/wp\/v2\/product\/2357","targetHints":{"allow":["GET"]}}],"collection":[{"href":"https:\/\/milanta.net\/es\/wp-json\/wp\/v2\/product"}],"about":[{"href":"https:\/\/milanta.net\/es\/wp-json\/wp\/v2\/types\/product"}],"version-history":[{"count":0,"href":"https:\/\/milanta.net\/es\/wp-json\/wp\/v2\/product\/2357\/revisions"}],"wp:featuredmedia":[{"embeddable":true,"href":"https:\/\/milanta.net\/es\/wp-json\/wp\/v2\/media\/2345"}],"wp:attachment":[{"href":"https:\/\/milanta.net\/es\/wp-json\/wp\/v2\/media?parent=2357"}],"wp:term":[{"taxonomy":"product_brand","embeddable":true,"href":"https:\/\/milanta.net\/es\/wp-json\/wp\/v2\/product_brand?post=2357"},{"taxonomy":"product_cat","embeddable":true,"href":"https:\/\/milanta.net\/es\/wp-json\/wp\/v2\/product_cat?post=2357"},{"taxonomy":"product_tag","embeddable":true,"href":"https:\/\/milanta.net\/es\/wp-json\/wp\/v2\/product_tag?post=2357"},{"taxonomy":"ubicacion-del-mobiliario","embeddable":true,"href":"https:\/\/milanta.net\/es\/wp-json\/wp\/v2\/ubicacion-del-mobiliario?post=2357"}],"curies":[{"name":"wp","href":"https:\/\/api.w.org\/{rel}","templated":true}]}}