{"id":2409,"date":"2013-11-10T23:07:26","date_gmt":"2013-11-10T23:07:26","guid":{"rendered":"https:\/\/milanta.net\/producto\/conjunt-de-troncs-21-unitats\/"},"modified":"2025-04-24T09:29:02","modified_gmt":"2025-04-24T07:29:02","slug":"conjunt-de-troncs-21-unitats","status":"publish","type":"product","link":"https:\/\/milanta.net\/es\/producte\/conjunt-de-troncs-21-unitats\/","title":{"rendered":"Conjunt de troncs 21 unitats"},"content":{"rendered":"<p>Troncs amb cantons fresats, tallats de diferents mides per a l\u2019articulaci\u00f3 de l\u2019espai, per a propostes de joc a l&#8217;exterior, etc.<\/p>\n<p>Els troncs poden anar collats a terra com a circuit fixe (pressupost a part) o tenir-los disposats lliurement per al joc i manipulaci\u00f3.<\/p>\n<p>Aquest material did\u00e0ctic t\u00e9 unes caracter\u00edstiques, com la textura i els acabats arrodonits, interessants pel desenvolupament dels infants, per\u00f2 que requereix m\u00e9s atenci\u00f3 a l&#8217;hora de manipular-lo, aix\u00ed com una responsabilitat major per evitar-ne els mals usos, ja que no \u00e9s una joguina amb funcionalitats definides.<\/p>\n<p>Podem fer \u00a0MIDA.<\/p>\n<p>&#8220;Mai hi ha dos troncs id\u00e8ntics, la fusta \u00e9s un material que s&#8217;altera amb el temps,\u00a0 les seves formes s\u00f3n irregulars i els muntatges mai queden igual que a les fotos. Les esquerdes a la fusta formen part de la natura viva del material, si s\u00f3n de menys de 8mm no us heu de preocupar. Aplicar anualment un nutrient com l&#8217;oli de llinosa ajuda a mantenir la fusta en bones condicions durant molts anys. Truqueu-nos si teniu algun dubte o necessiteu ajuda pel manteniment&#8221;<\/p><\/p>\n","protected":false},"excerpt":{"rendered":"<p>Troncs amb cantons fresats per a exterior. Els troncs s\u00f3n d&#8217;ac\u00e0cia i corresponen als de les\u00a0fotos sense infants<\/p>\n","protected":false},"featured_media":4823,"template":"","meta":[],"product_brand":[],"product_cat":[844],"product_tag":[137,165,175],"ubicacion-del-mobiliario":[821],"class_list":{"0":"post-2409","1":"product","2":"type-product","3":"status-publish","4":"has-post-thumbnail","6":"product_cat-materials-i-complements","7":"product_tag-fusta","8":"product_tag-pati","9":"product_tag-troncs","10":"ubicacion-del-mobiliario-exterior","12":"first","13":"instock","14":"taxable","15":"shipping-taxable","16":"purchasable","17":"product-type-simple"},"yoast_head":"<!-- This site is optimized with the Yoast SEO Premium plugin v21.6 (Yoast SEO v27.2) - https:\/\/yoast.com\/product\/yoast-seo-premium-wordpress\/ -->\n<title>Conjunt de troncs 21 unitats - Milanta<\/title>\n<meta name=\"robots\" content=\"index, follow, max-snippet:-1, max-image-preview:large, max-video-preview:-1\" \/>\n<link rel=\"canonical\" href=\"https:\/\/milanta.net\/es\/producte\/conjunt-de-troncs-21-unitats\/\" \/>\n<meta property=\"og:locale\" content=\"es_ES\" \/>\n<meta property=\"og:type\" content=\"article\" \/>\n<meta property=\"og:title\" content=\"Conjunt de troncs 21 unitats\" \/>\n<meta property=\"og:description\" content=\"Troncs amb cantons fresats per a exterior. Els troncs s\u00f3n d&#039;ac\u00e0cia i corresponen als de les\u00a0fotos sense infants\" \/>\n<meta property=\"og:url\" content=\"https:\/\/milanta.net\/es\/producte\/conjunt-de-troncs-21-unitats\/\" \/>\n<meta property=\"og:site_name\" content=\"Milanta\" \/>\n<meta property=\"article:publisher\" content=\"https:\/\/www.facebook.com\/MilantaCraft\/\" \/>\n<meta property=\"article:modified_time\" content=\"2025-04-24T07:29:02+00:00\" \/>\n<meta property=\"og:image\" content=\"https:\/\/milanta.net\/wp-content\/uploads\/2013\/11\/2125-Conjunt-de-troncs-21-unitats-scaled.jpg\" \/>\n\t<meta property=\"og:image:width\" content=\"2560\" \/>\n\t<meta property=\"og:image:height\" content=\"1813\" \/>\n\t<meta property=\"og:image:type\" content=\"image\/jpeg\" \/>\n<meta name=\"twitter:card\" content=\"summary_large_image\" \/>\n<meta name=\"twitter:label1\" content=\"Tiempo de lectura\" \/>\n\t<meta name=\"twitter:data1\" content=\"1 minuto\" \/>\n<script type=\"application\/ld+json\" class=\"yoast-schema-graph\">{\"@context\":\"https:\/\/schema.org\",\"@graph\":[{\"@type\":\"WebPage\",\"@id\":\"https:\/\/milanta.net\/es\/producte\/conjunt-de-troncs-21-unitats\/\",\"url\":\"https:\/\/milanta.net\/es\/producte\/conjunt-de-troncs-21-unitats\/\",\"name\":\"Conjunt de troncs 21 unitats - Milanta\",\"isPartOf\":{\"@id\":\"https:\/\/milanta.net\/es\/#website\"},\"primaryImageOfPage\":{\"@id\":\"https:\/\/milanta.net\/es\/producte\/conjunt-de-troncs-21-unitats\/#primaryimage\"},\"image\":{\"@id\":\"https:\/\/milanta.net\/es\/producte\/conjunt-de-troncs-21-unitats\/#primaryimage\"},\"thumbnailUrl\":\"https:\/\/milanta.net\/wp-content\/uploads\/2013\/11\/2125-Conjunt-de-troncs-21-unitats-scaled.jpg\",\"datePublished\":\"2013-11-10T23:07:26+00:00\",\"dateModified\":\"2025-04-24T07:29:02+00:00\",\"breadcrumb\":{\"@id\":\"https:\/\/milanta.net\/es\/producte\/conjunt-de-troncs-21-unitats\/#breadcrumb\"},\"inLanguage\":\"es\",\"potentialAction\":[{\"@type\":\"ReadAction\",\"target\":[\"https:\/\/milanta.net\/es\/producte\/conjunt-de-troncs-21-unitats\/\"]}]},{\"@type\":\"ImageObject\",\"inLanguage\":\"es\",\"@id\":\"https:\/\/milanta.net\/es\/producte\/conjunt-de-troncs-21-unitats\/#primaryimage\",\"url\":\"https:\/\/milanta.net\/wp-content\/uploads\/2013\/11\/2125-Conjunt-de-troncs-21-unitats-scaled.jpg\",\"contentUrl\":\"https:\/\/milanta.net\/wp-content\/uploads\/2013\/11\/2125-Conjunt-de-troncs-21-unitats-scaled.jpg\",\"width\":2560,\"height\":1813},{\"@type\":\"BreadcrumbList\",\"@id\":\"https:\/\/milanta.net\/es\/producte\/conjunt-de-troncs-21-unitats\/#breadcrumb\",\"itemListElement\":[{\"@type\":\"ListItem\",\"position\":1,\"name\":\"Portada\",\"item\":\"https:\/\/milanta.net\/es\/\"},{\"@type\":\"ListItem\",\"position\":2,\"name\":\"Cat\u00e1logo\",\"item\":\"https:\/\/milanta.net\/es\/catalogo\/\"},{\"@type\":\"ListItem\",\"position\":3,\"name\":\"Conjunt de troncs 21 unitats\"}]},{\"@type\":\"WebSite\",\"@id\":\"https:\/\/milanta.net\/es\/#website\",\"url\":\"https:\/\/milanta.net\/es\/\",\"name\":\"Milanta Patis Vius\",\"description\":\"ESPACIOS NATURALES Y CREATIVOS PARA LA EDUCACI\u00d3N\",\"publisher\":{\"@id\":\"https:\/\/milanta.net\/es\/#organization\"},\"alternateName\":\"Milanta - Patis Vius\",\"potentialAction\":[{\"@type\":\"SearchAction\",\"target\":{\"@type\":\"EntryPoint\",\"urlTemplate\":\"https:\/\/milanta.net\/es\/?s={search_term_string}\"},\"query-input\":{\"@type\":\"PropertyValueSpecification\",\"valueRequired\":true,\"valueName\":\"search_term_string\"}}],\"inLanguage\":\"es\"},{\"@type\":\"Organization\",\"@id\":\"https:\/\/milanta.net\/es\/#organization\",\"name\":\"Milanta\",\"url\":\"https:\/\/milanta.net\/es\/\",\"logo\":{\"@type\":\"ImageObject\",\"inLanguage\":\"es\",\"@id\":\"https:\/\/milanta.net\/es\/#\/schema\/logo\/image\/\",\"url\":\"https:\/\/milanta.net\/wp-content\/uploads\/2023\/04\/Logo-Milanta-color.svg\",\"contentUrl\":\"https:\/\/milanta.net\/wp-content\/uploads\/2023\/04\/Logo-Milanta-color.svg\",\"width\":786,\"height\":486,\"caption\":\"Milanta\"},\"image\":{\"@id\":\"https:\/\/milanta.net\/es\/#\/schema\/logo\/image\/\"},\"sameAs\":[\"https:\/\/www.facebook.com\/MilantaCraft\/\",\"https:\/\/www.instagram.com\/milanta_patis\/\"]}]}<\/script>\n<!-- \/ Yoast SEO Premium plugin. -->","yoast_head_json":{"title":"Conjunt de troncs 21 unitats - Milanta","robots":{"index":"index","follow":"follow","max-snippet":"max-snippet:-1","max-image-preview":"max-image-preview:large","max-video-preview":"max-video-preview:-1"},"canonical":"https:\/\/milanta.net\/es\/producte\/conjunt-de-troncs-21-unitats\/","og_locale":"es_ES","og_type":"article","og_title":"Conjunt de troncs 21 unitats","og_description":"Troncs amb cantons fresats per a exterior. Els troncs s\u00f3n d'ac\u00e0cia i corresponen als de les\u00a0fotos sense infants","og_url":"https:\/\/milanta.net\/es\/producte\/conjunt-de-troncs-21-unitats\/","og_site_name":"Milanta","article_publisher":"https:\/\/www.facebook.com\/MilantaCraft\/","article_modified_time":"2025-04-24T07:29:02+00:00","og_image":[{"width":2560,"height":1813,"url":"https:\/\/milanta.net\/wp-content\/uploads\/2013\/11\/2125-Conjunt-de-troncs-21-unitats-scaled.jpg","type":"image\/jpeg"}],"twitter_card":"summary_large_image","twitter_misc":{"Tiempo de lectura":"1 minuto"},"schema":{"@context":"https:\/\/schema.org","@graph":[{"@type":"WebPage","@id":"https:\/\/milanta.net\/es\/producte\/conjunt-de-troncs-21-unitats\/","url":"https:\/\/milanta.net\/es\/producte\/conjunt-de-troncs-21-unitats\/","name":"Conjunt de troncs 21 unitats - Milanta","isPartOf":{"@id":"https:\/\/milanta.net\/es\/#website"},"primaryImageOfPage":{"@id":"https:\/\/milanta.net\/es\/producte\/conjunt-de-troncs-21-unitats\/#primaryimage"},"image":{"@id":"https:\/\/milanta.net\/es\/producte\/conjunt-de-troncs-21-unitats\/#primaryimage"},"thumbnailUrl":"https:\/\/milanta.net\/wp-content\/uploads\/2013\/11\/2125-Conjunt-de-troncs-21-unitats-scaled.jpg","datePublished":"2013-11-10T23:07:26+00:00","dateModified":"2025-04-24T07:29:02+00:00","breadcrumb":{"@id":"https:\/\/milanta.net\/es\/producte\/conjunt-de-troncs-21-unitats\/#breadcrumb"},"inLanguage":"es","potentialAction":[{"@type":"ReadAction","target":["https:\/\/milanta.net\/es\/producte\/conjunt-de-troncs-21-unitats\/"]}]},{"@type":"ImageObject","inLanguage":"es","@id":"https:\/\/milanta.net\/es\/producte\/conjunt-de-troncs-21-unitats\/#primaryimage","url":"https:\/\/milanta.net\/wp-content\/uploads\/2013\/11\/2125-Conjunt-de-troncs-21-unitats-scaled.jpg","contentUrl":"https:\/\/milanta.net\/wp-content\/uploads\/2013\/11\/2125-Conjunt-de-troncs-21-unitats-scaled.jpg","width":2560,"height":1813},{"@type":"BreadcrumbList","@id":"https:\/\/milanta.net\/es\/producte\/conjunt-de-troncs-21-unitats\/#breadcrumb","itemListElement":[{"@type":"ListItem","position":1,"name":"Portada","item":"https:\/\/milanta.net\/es\/"},{"@type":"ListItem","position":2,"name":"Cat\u00e1logo","item":"https:\/\/milanta.net\/es\/catalogo\/"},{"@type":"ListItem","position":3,"name":"Conjunt de troncs 21 unitats"}]},{"@type":"WebSite","@id":"https:\/\/milanta.net\/es\/#website","url":"https:\/\/milanta.net\/es\/","name":"Milanta Patis Vius","description":"ESPACIOS NATURALES Y CREATIVOS PARA LA EDUCACI\u00d3N","publisher":{"@id":"https:\/\/milanta.net\/es\/#organization"},"alternateName":"Milanta - Patis Vius","potentialAction":[{"@type":"SearchAction","target":{"@type":"EntryPoint","urlTemplate":"https:\/\/milanta.net\/es\/?s={search_term_string}"},"query-input":{"@type":"PropertyValueSpecification","valueRequired":true,"valueName":"search_term_string"}}],"inLanguage":"es"},{"@type":"Organization","@id":"https:\/\/milanta.net\/es\/#organization","name":"Milanta","url":"https:\/\/milanta.net\/es\/","logo":{"@type":"ImageObject","inLanguage":"es","@id":"https:\/\/milanta.net\/es\/#\/schema\/logo\/image\/","url":"https:\/\/milanta.net\/wp-content\/uploads\/2023\/04\/Logo-Milanta-color.svg","contentUrl":"https:\/\/milanta.net\/wp-content\/uploads\/2023\/04\/Logo-Milanta-color.svg","width":786,"height":486,"caption":"Milanta"},"image":{"@id":"https:\/\/milanta.net\/es\/#\/schema\/logo\/image\/"},"sameAs":["https:\/\/www.facebook.com\/MilantaCraft\/","https:\/\/www.instagram.com\/milanta_patis\/"]}]}},"_links":{"self":[{"href":"https:\/\/milanta.net\/es\/wp-json\/wp\/v2\/product\/2409","targetHints":{"allow":["GET"]}}],"collection":[{"href":"https:\/\/milanta.net\/es\/wp-json\/wp\/v2\/product"}],"about":[{"href":"https:\/\/milanta.net\/es\/wp-json\/wp\/v2\/types\/product"}],"version-history":[{"count":0,"href":"https:\/\/milanta.net\/es\/wp-json\/wp\/v2\/product\/2409\/revisions"}],"wp:featuredmedia":[{"embeddable":true,"href":"https:\/\/milanta.net\/es\/wp-json\/wp\/v2\/media\/4823"}],"wp:attachment":[{"href":"https:\/\/milanta.net\/es\/wp-json\/wp\/v2\/media?parent=2409"}],"wp:term":[{"taxonomy":"product_brand","embeddable":true,"href":"https:\/\/milanta.net\/es\/wp-json\/wp\/v2\/product_brand?post=2409"},{"taxonomy":"product_cat","embeddable":true,"href":"https:\/\/milanta.net\/es\/wp-json\/wp\/v2\/product_cat?post=2409"},{"taxonomy":"product_tag","embeddable":true,"href":"https:\/\/milanta.net\/es\/wp-json\/wp\/v2\/product_tag?post=2409"},{"taxonomy":"ubicacion-del-mobiliario","embeddable":true,"href":"https:\/\/milanta.net\/es\/wp-json\/wp\/v2\/ubicacion-del-mobiliario?post=2409"}],"curies":[{"name":"wp","href":"https:\/\/api.w.org\/{rel}","templated":true}]}}