{"id":2498,"date":"2014-02-20T13:08:15","date_gmt":"2014-02-20T13:08:15","guid":{"rendered":"https:\/\/milanta.net\/producto\/zigzag-de-blocs-per-equilibri\/"},"modified":"2025-04-22T14:10:41","modified_gmt":"2025-04-22T12:10:41","slug":"zigzag-de-blocs-per-equilibri","status":"publish","type":"product","link":"https:\/\/milanta.net\/es\/producte\/zigzag-de-blocs-per-equilibri\/","title":{"rendered":"Zigzag de blocs per equilibri"},"content":{"rendered":"<p>Una proposta molt b\u00e0sica i f\u00e0cil per iniciar-se en les pr\u00e0ctiques d&#8217;equilibri formada per blocs de fusta de 13 cm d&#8217;ample i diferents llargades per crear camins i caminar-hi per damunt.<\/p>\n<p>Fusta per a interior, es pot demanar pressupost per fer amb fusta per a exterior. Tot i aix\u00f2, despr\u00e9s d&#8217;utilitzar-lo, cal guardar el material a l&#8217;interior<\/p>\n","protected":false},"excerpt":{"rendered":"<p>Proposta per a les primeres pr\u00e0ctiques d&#8217;equilibri.<\/p>\n","protected":false},"featured_media":2493,"template":"","meta":[],"product_brand":[],"product_cat":[837,117],"product_tag":[206,205,185],"ubicacion-del-mobiliario":[821],"class_list":{"0":"post-2498","1":"product","2":"type-product","3":"status-publish","4":"has-post-thumbnail","6":"product_cat-circuits-de-troncs","7":"product_cat-exterior-pati-i-jardi","8":"product_tag-barra-dequilibri","9":"product_tag-circ","10":"product_tag-equilibri","11":"ubicacion-del-mobiliario-exterior","13":"first","14":"instock","15":"taxable","16":"shipping-taxable","17":"purchasable","18":"product-type-simple"},"yoast_head":"<!-- This site is optimized with the Yoast SEO Premium plugin v21.6 (Yoast SEO v27.2) - https:\/\/yoast.com\/product\/yoast-seo-premium-wordpress\/ -->\n<title>Zigzag de blocs per equilibri - Milanta<\/title>\n<meta name=\"robots\" content=\"index, follow, max-snippet:-1, max-image-preview:large, max-video-preview:-1\" \/>\n<link rel=\"canonical\" href=\"https:\/\/milanta.net\/es\/producte\/zigzag-de-blocs-per-equilibri\/\" \/>\n<meta property=\"og:locale\" content=\"es_ES\" \/>\n<meta property=\"og:type\" content=\"article\" \/>\n<meta property=\"og:title\" content=\"Zigzag de blocs per equilibri\" \/>\n<meta property=\"og:description\" content=\"Proposta per a les primeres pr\u00e0ctiques d&#039;equilibri.\" \/>\n<meta property=\"og:url\" content=\"https:\/\/milanta.net\/es\/producte\/zigzag-de-blocs-per-equilibri\/\" \/>\n<meta property=\"og:site_name\" content=\"Milanta\" \/>\n<meta property=\"article:publisher\" content=\"https:\/\/www.facebook.com\/MilantaCraft\/\" \/>\n<meta property=\"article:modified_time\" content=\"2025-04-22T12:10:41+00:00\" \/>\n<meta property=\"og:image\" content=\"https:\/\/milanta.net\/wp-content\/uploads\/2014\/02\/1509-Zigzag-de-blocs-per-equilibri.jpg\" \/>\n\t<meta property=\"og:image:width\" content=\"599\" \/>\n\t<meta property=\"og:image:height\" content=\"599\" \/>\n\t<meta property=\"og:image:type\" content=\"image\/jpeg\" \/>\n<meta name=\"twitter:card\" content=\"summary_large_image\" \/>\n<meta name=\"twitter:label1\" content=\"Tiempo de lectura\" \/>\n\t<meta name=\"twitter:data1\" content=\"1 minuto\" \/>\n<script type=\"application\/ld+json\" class=\"yoast-schema-graph\">{\"@context\":\"https:\/\/schema.org\",\"@graph\":[{\"@type\":\"WebPage\",\"@id\":\"https:\/\/milanta.net\/es\/producte\/zigzag-de-blocs-per-equilibri\/\",\"url\":\"https:\/\/milanta.net\/es\/producte\/zigzag-de-blocs-per-equilibri\/\",\"name\":\"Zigzag de blocs per equilibri - Milanta\",\"isPartOf\":{\"@id\":\"https:\/\/milanta.net\/es\/#website\"},\"primaryImageOfPage\":{\"@id\":\"https:\/\/milanta.net\/es\/producte\/zigzag-de-blocs-per-equilibri\/#primaryimage\"},\"image\":{\"@id\":\"https:\/\/milanta.net\/es\/producte\/zigzag-de-blocs-per-equilibri\/#primaryimage\"},\"thumbnailUrl\":\"https:\/\/milanta.net\/wp-content\/uploads\/2014\/02\/1509-Zigzag-de-blocs-per-equilibri.jpg\",\"datePublished\":\"2014-02-20T13:08:15+00:00\",\"dateModified\":\"2025-04-22T12:10:41+00:00\",\"breadcrumb\":{\"@id\":\"https:\/\/milanta.net\/es\/producte\/zigzag-de-blocs-per-equilibri\/#breadcrumb\"},\"inLanguage\":\"es\",\"potentialAction\":[{\"@type\":\"ReadAction\",\"target\":[\"https:\/\/milanta.net\/es\/producte\/zigzag-de-blocs-per-equilibri\/\"]}]},{\"@type\":\"ImageObject\",\"inLanguage\":\"es\",\"@id\":\"https:\/\/milanta.net\/es\/producte\/zigzag-de-blocs-per-equilibri\/#primaryimage\",\"url\":\"https:\/\/milanta.net\/wp-content\/uploads\/2014\/02\/1509-Zigzag-de-blocs-per-equilibri.jpg\",\"contentUrl\":\"https:\/\/milanta.net\/wp-content\/uploads\/2014\/02\/1509-Zigzag-de-blocs-per-equilibri.jpg\",\"width\":599,\"height\":599,\"caption\":\"Zigzag de blocs per equilibri\"},{\"@type\":\"BreadcrumbList\",\"@id\":\"https:\/\/milanta.net\/es\/producte\/zigzag-de-blocs-per-equilibri\/#breadcrumb\",\"itemListElement\":[{\"@type\":\"ListItem\",\"position\":1,\"name\":\"Portada\",\"item\":\"https:\/\/milanta.net\/es\/\"},{\"@type\":\"ListItem\",\"position\":2,\"name\":\"Cat\u00e1logo\",\"item\":\"https:\/\/milanta.net\/es\/catalogo\/\"},{\"@type\":\"ListItem\",\"position\":3,\"name\":\"Zigzag de blocs per equilibri\"}]},{\"@type\":\"WebSite\",\"@id\":\"https:\/\/milanta.net\/es\/#website\",\"url\":\"https:\/\/milanta.net\/es\/\",\"name\":\"Milanta Patis Vius\",\"description\":\"ESPACIOS NATURALES Y CREATIVOS PARA LA EDUCACI\u00d3N\",\"publisher\":{\"@id\":\"https:\/\/milanta.net\/es\/#organization\"},\"alternateName\":\"Milanta - Patis Vius\",\"potentialAction\":[{\"@type\":\"SearchAction\",\"target\":{\"@type\":\"EntryPoint\",\"urlTemplate\":\"https:\/\/milanta.net\/es\/?s={search_term_string}\"},\"query-input\":{\"@type\":\"PropertyValueSpecification\",\"valueRequired\":true,\"valueName\":\"search_term_string\"}}],\"inLanguage\":\"es\"},{\"@type\":\"Organization\",\"@id\":\"https:\/\/milanta.net\/es\/#organization\",\"name\":\"Milanta\",\"url\":\"https:\/\/milanta.net\/es\/\",\"logo\":{\"@type\":\"ImageObject\",\"inLanguage\":\"es\",\"@id\":\"https:\/\/milanta.net\/es\/#\/schema\/logo\/image\/\",\"url\":\"https:\/\/milanta.net\/wp-content\/uploads\/2023\/04\/Logo-Milanta-color.svg\",\"contentUrl\":\"https:\/\/milanta.net\/wp-content\/uploads\/2023\/04\/Logo-Milanta-color.svg\",\"width\":786,\"height\":486,\"caption\":\"Milanta\"},\"image\":{\"@id\":\"https:\/\/milanta.net\/es\/#\/schema\/logo\/image\/\"},\"sameAs\":[\"https:\/\/www.facebook.com\/MilantaCraft\/\",\"https:\/\/www.instagram.com\/milanta_patis\/\"]}]}<\/script>\n<!-- \/ Yoast SEO Premium plugin. -->","yoast_head_json":{"title":"Zigzag de blocs per equilibri - Milanta","robots":{"index":"index","follow":"follow","max-snippet":"max-snippet:-1","max-image-preview":"max-image-preview:large","max-video-preview":"max-video-preview:-1"},"canonical":"https:\/\/milanta.net\/es\/producte\/zigzag-de-blocs-per-equilibri\/","og_locale":"es_ES","og_type":"article","og_title":"Zigzag de blocs per equilibri","og_description":"Proposta per a les primeres pr\u00e0ctiques d'equilibri.","og_url":"https:\/\/milanta.net\/es\/producte\/zigzag-de-blocs-per-equilibri\/","og_site_name":"Milanta","article_publisher":"https:\/\/www.facebook.com\/MilantaCraft\/","article_modified_time":"2025-04-22T12:10:41+00:00","og_image":[{"width":599,"height":599,"url":"https:\/\/milanta.net\/wp-content\/uploads\/2014\/02\/1509-Zigzag-de-blocs-per-equilibri.jpg","type":"image\/jpeg"}],"twitter_card":"summary_large_image","twitter_misc":{"Tiempo de lectura":"1 minuto"},"schema":{"@context":"https:\/\/schema.org","@graph":[{"@type":"WebPage","@id":"https:\/\/milanta.net\/es\/producte\/zigzag-de-blocs-per-equilibri\/","url":"https:\/\/milanta.net\/es\/producte\/zigzag-de-blocs-per-equilibri\/","name":"Zigzag de blocs per equilibri - Milanta","isPartOf":{"@id":"https:\/\/milanta.net\/es\/#website"},"primaryImageOfPage":{"@id":"https:\/\/milanta.net\/es\/producte\/zigzag-de-blocs-per-equilibri\/#primaryimage"},"image":{"@id":"https:\/\/milanta.net\/es\/producte\/zigzag-de-blocs-per-equilibri\/#primaryimage"},"thumbnailUrl":"https:\/\/milanta.net\/wp-content\/uploads\/2014\/02\/1509-Zigzag-de-blocs-per-equilibri.jpg","datePublished":"2014-02-20T13:08:15+00:00","dateModified":"2025-04-22T12:10:41+00:00","breadcrumb":{"@id":"https:\/\/milanta.net\/es\/producte\/zigzag-de-blocs-per-equilibri\/#breadcrumb"},"inLanguage":"es","potentialAction":[{"@type":"ReadAction","target":["https:\/\/milanta.net\/es\/producte\/zigzag-de-blocs-per-equilibri\/"]}]},{"@type":"ImageObject","inLanguage":"es","@id":"https:\/\/milanta.net\/es\/producte\/zigzag-de-blocs-per-equilibri\/#primaryimage","url":"https:\/\/milanta.net\/wp-content\/uploads\/2014\/02\/1509-Zigzag-de-blocs-per-equilibri.jpg","contentUrl":"https:\/\/milanta.net\/wp-content\/uploads\/2014\/02\/1509-Zigzag-de-blocs-per-equilibri.jpg","width":599,"height":599,"caption":"Zigzag de blocs per equilibri"},{"@type":"BreadcrumbList","@id":"https:\/\/milanta.net\/es\/producte\/zigzag-de-blocs-per-equilibri\/#breadcrumb","itemListElement":[{"@type":"ListItem","position":1,"name":"Portada","item":"https:\/\/milanta.net\/es\/"},{"@type":"ListItem","position":2,"name":"Cat\u00e1logo","item":"https:\/\/milanta.net\/es\/catalogo\/"},{"@type":"ListItem","position":3,"name":"Zigzag de blocs per equilibri"}]},{"@type":"WebSite","@id":"https:\/\/milanta.net\/es\/#website","url":"https:\/\/milanta.net\/es\/","name":"Milanta Patis Vius","description":"ESPACIOS NATURALES Y CREATIVOS PARA LA EDUCACI\u00d3N","publisher":{"@id":"https:\/\/milanta.net\/es\/#organization"},"alternateName":"Milanta - Patis Vius","potentialAction":[{"@type":"SearchAction","target":{"@type":"EntryPoint","urlTemplate":"https:\/\/milanta.net\/es\/?s={search_term_string}"},"query-input":{"@type":"PropertyValueSpecification","valueRequired":true,"valueName":"search_term_string"}}],"inLanguage":"es"},{"@type":"Organization","@id":"https:\/\/milanta.net\/es\/#organization","name":"Milanta","url":"https:\/\/milanta.net\/es\/","logo":{"@type":"ImageObject","inLanguage":"es","@id":"https:\/\/milanta.net\/es\/#\/schema\/logo\/image\/","url":"https:\/\/milanta.net\/wp-content\/uploads\/2023\/04\/Logo-Milanta-color.svg","contentUrl":"https:\/\/milanta.net\/wp-content\/uploads\/2023\/04\/Logo-Milanta-color.svg","width":786,"height":486,"caption":"Milanta"},"image":{"@id":"https:\/\/milanta.net\/es\/#\/schema\/logo\/image\/"},"sameAs":["https:\/\/www.facebook.com\/MilantaCraft\/","https:\/\/www.instagram.com\/milanta_patis\/"]}]}},"_links":{"self":[{"href":"https:\/\/milanta.net\/es\/wp-json\/wp\/v2\/product\/2498","targetHints":{"allow":["GET"]}}],"collection":[{"href":"https:\/\/milanta.net\/es\/wp-json\/wp\/v2\/product"}],"about":[{"href":"https:\/\/milanta.net\/es\/wp-json\/wp\/v2\/types\/product"}],"version-history":[{"count":0,"href":"https:\/\/milanta.net\/es\/wp-json\/wp\/v2\/product\/2498\/revisions"}],"wp:featuredmedia":[{"embeddable":true,"href":"https:\/\/milanta.net\/es\/wp-json\/wp\/v2\/media\/2493"}],"wp:attachment":[{"href":"https:\/\/milanta.net\/es\/wp-json\/wp\/v2\/media?parent=2498"}],"wp:term":[{"taxonomy":"product_brand","embeddable":true,"href":"https:\/\/milanta.net\/es\/wp-json\/wp\/v2\/product_brand?post=2498"},{"taxonomy":"product_cat","embeddable":true,"href":"https:\/\/milanta.net\/es\/wp-json\/wp\/v2\/product_cat?post=2498"},{"taxonomy":"product_tag","embeddable":true,"href":"https:\/\/milanta.net\/es\/wp-json\/wp\/v2\/product_tag?post=2498"},{"taxonomy":"ubicacion-del-mobiliario","embeddable":true,"href":"https:\/\/milanta.net\/es\/wp-json\/wp\/v2\/ubicacion-del-mobiliario?post=2498"}],"curies":[{"name":"wp","href":"https:\/\/api.w.org\/{rel}","templated":true}]}}