{"id":2710,"date":"2014-04-01T13:23:32","date_gmt":"2014-04-01T13:23:32","guid":{"rendered":"https:\/\/milanta.net\/producto\/carreto-amb-roda-frontal-i-dos-manecs\/"},"modified":"2023-10-05T11:47:39","modified_gmt":"2023-10-05T11:47:39","slug":"carreto-amb-roda-frontal-i-dos-manecs","status":"publish","type":"product","link":"https:\/\/milanta.net\/es\/producte\/carreto-amb-roda-frontal-i-dos-manecs\/","title":{"rendered":"Carret\u00f3 amb roda frontal i dos m\u00e0necs"},"content":{"rendered":"<p>Un carret\u00f3 amb una roda frontal i dos m\u00e0necs per aixecar-lo i emp\u00e8nyer-lo.<\/p>\n","protected":false},"excerpt":{"rendered":"<p>Carret\u00f3 de fusta<\/p>\n","protected":false},"featured_media":2708,"template":"","meta":[],"product_brand":[],"product_cat":[744],"product_tag":[],"ubicacion-del-mobiliario":[],"class_list":{"0":"post-2710","1":"product","2":"type-product","3":"status-publish","4":"has-post-thumbnail","6":"product_cat-joc-simbolic","8":"first","9":"instock","10":"taxable","11":"shipping-taxable","12":"purchasable","13":"product-type-simple"},"yoast_head":"<!-- This site is optimized with the Yoast SEO Premium plugin v21.6 (Yoast SEO v27.2) - https:\/\/yoast.com\/product\/yoast-seo-premium-wordpress\/ -->\n<title>Carret\u00f3 amb roda frontal i dos m\u00e0necs - Milanta<\/title>\n<meta name=\"robots\" content=\"index, follow, max-snippet:-1, max-image-preview:large, max-video-preview:-1\" \/>\n<link rel=\"canonical\" href=\"https:\/\/milanta.net\/es\/producte\/carreto-amb-roda-frontal-i-dos-manecs\/\" \/>\n<meta property=\"og:locale\" content=\"es_ES\" \/>\n<meta property=\"og:type\" content=\"article\" \/>\n<meta property=\"og:title\" content=\"Carret\u00f3 amb roda frontal i dos m\u00e0necs\" \/>\n<meta property=\"og:description\" content=\"Carret\u00f3 de fusta\" \/>\n<meta property=\"og:url\" content=\"https:\/\/milanta.net\/es\/producte\/carreto-amb-roda-frontal-i-dos-manecs\/\" \/>\n<meta property=\"og:site_name\" content=\"Milanta\" \/>\n<meta property=\"article:publisher\" content=\"https:\/\/www.facebook.com\/MilantaCraft\/\" \/>\n<meta property=\"article:modified_time\" content=\"2023-10-05T11:47:39+00:00\" \/>\n<meta property=\"og:image\" content=\"https:\/\/milanta.net\/wp-content\/uploads\/2014\/04\/1102-Carreto-amb-roda-frontal-i-dos-manecs.jpg\" \/>\n\t<meta property=\"og:image:width\" content=\"599\" \/>\n\t<meta property=\"og:image:height\" content=\"600\" \/>\n\t<meta property=\"og:image:type\" content=\"image\/jpeg\" \/>\n<meta name=\"twitter:card\" content=\"summary_large_image\" \/>\n<script type=\"application\/ld+json\" class=\"yoast-schema-graph\">{\"@context\":\"https:\/\/schema.org\",\"@graph\":[{\"@type\":\"WebPage\",\"@id\":\"https:\/\/milanta.net\/es\/producte\/carreto-amb-roda-frontal-i-dos-manecs\/\",\"url\":\"https:\/\/milanta.net\/es\/producte\/carreto-amb-roda-frontal-i-dos-manecs\/\",\"name\":\"Carret\u00f3 amb roda frontal i dos m\u00e0necs - Milanta\",\"isPartOf\":{\"@id\":\"https:\/\/milanta.net\/es\/#website\"},\"primaryImageOfPage\":{\"@id\":\"https:\/\/milanta.net\/es\/producte\/carreto-amb-roda-frontal-i-dos-manecs\/#primaryimage\"},\"image\":{\"@id\":\"https:\/\/milanta.net\/es\/producte\/carreto-amb-roda-frontal-i-dos-manecs\/#primaryimage\"},\"thumbnailUrl\":\"https:\/\/milanta.net\/wp-content\/uploads\/2014\/04\/1102-Carreto-amb-roda-frontal-i-dos-manecs.jpg\",\"datePublished\":\"2014-04-01T13:23:32+00:00\",\"dateModified\":\"2023-10-05T11:47:39+00:00\",\"breadcrumb\":{\"@id\":\"https:\/\/milanta.net\/es\/producte\/carreto-amb-roda-frontal-i-dos-manecs\/#breadcrumb\"},\"inLanguage\":\"es\",\"potentialAction\":[{\"@type\":\"ReadAction\",\"target\":[\"https:\/\/milanta.net\/es\/producte\/carreto-amb-roda-frontal-i-dos-manecs\/\"]}]},{\"@type\":\"ImageObject\",\"inLanguage\":\"es\",\"@id\":\"https:\/\/milanta.net\/es\/producte\/carreto-amb-roda-frontal-i-dos-manecs\/#primaryimage\",\"url\":\"https:\/\/milanta.net\/wp-content\/uploads\/2014\/04\/1102-Carreto-amb-roda-frontal-i-dos-manecs.jpg\",\"contentUrl\":\"https:\/\/milanta.net\/wp-content\/uploads\/2014\/04\/1102-Carreto-amb-roda-frontal-i-dos-manecs.jpg\",\"width\":599,\"height\":600,\"caption\":\"Carret\u00f3 amb roda frontal i dos m\u00e0necs\"},{\"@type\":\"BreadcrumbList\",\"@id\":\"https:\/\/milanta.net\/es\/producte\/carreto-amb-roda-frontal-i-dos-manecs\/#breadcrumb\",\"itemListElement\":[{\"@type\":\"ListItem\",\"position\":1,\"name\":\"Portada\",\"item\":\"https:\/\/milanta.net\/es\/\"},{\"@type\":\"ListItem\",\"position\":2,\"name\":\"Cat\u00e1logo\",\"item\":\"https:\/\/milanta.net\/es\/catalogo\/\"},{\"@type\":\"ListItem\",\"position\":3,\"name\":\"Carret\u00f3 amb roda frontal i dos m\u00e0necs\"}]},{\"@type\":\"WebSite\",\"@id\":\"https:\/\/milanta.net\/es\/#website\",\"url\":\"https:\/\/milanta.net\/es\/\",\"name\":\"Milanta Patis Vius\",\"description\":\"ESPACIOS NATURALES Y CREATIVOS PARA LA EDUCACI\u00d3N\",\"publisher\":{\"@id\":\"https:\/\/milanta.net\/es\/#organization\"},\"alternateName\":\"Milanta - Patis Vius\",\"potentialAction\":[{\"@type\":\"SearchAction\",\"target\":{\"@type\":\"EntryPoint\",\"urlTemplate\":\"https:\/\/milanta.net\/es\/?s={search_term_string}\"},\"query-input\":{\"@type\":\"PropertyValueSpecification\",\"valueRequired\":true,\"valueName\":\"search_term_string\"}}],\"inLanguage\":\"es\"},{\"@type\":\"Organization\",\"@id\":\"https:\/\/milanta.net\/es\/#organization\",\"name\":\"Milanta\",\"url\":\"https:\/\/milanta.net\/es\/\",\"logo\":{\"@type\":\"ImageObject\",\"inLanguage\":\"es\",\"@id\":\"https:\/\/milanta.net\/es\/#\/schema\/logo\/image\/\",\"url\":\"https:\/\/milanta.net\/wp-content\/uploads\/2023\/04\/Logo-Milanta-color.svg\",\"contentUrl\":\"https:\/\/milanta.net\/wp-content\/uploads\/2023\/04\/Logo-Milanta-color.svg\",\"width\":786,\"height\":486,\"caption\":\"Milanta\"},\"image\":{\"@id\":\"https:\/\/milanta.net\/es\/#\/schema\/logo\/image\/\"},\"sameAs\":[\"https:\/\/www.facebook.com\/MilantaCraft\/\",\"https:\/\/www.instagram.com\/milanta_patis\/\"]}]}<\/script>\n<!-- \/ Yoast SEO Premium plugin. -->","yoast_head_json":{"title":"Carret\u00f3 amb roda frontal i dos m\u00e0necs - Milanta","robots":{"index":"index","follow":"follow","max-snippet":"max-snippet:-1","max-image-preview":"max-image-preview:large","max-video-preview":"max-video-preview:-1"},"canonical":"https:\/\/milanta.net\/es\/producte\/carreto-amb-roda-frontal-i-dos-manecs\/","og_locale":"es_ES","og_type":"article","og_title":"Carret\u00f3 amb roda frontal i dos m\u00e0necs","og_description":"Carret\u00f3 de fusta","og_url":"https:\/\/milanta.net\/es\/producte\/carreto-amb-roda-frontal-i-dos-manecs\/","og_site_name":"Milanta","article_publisher":"https:\/\/www.facebook.com\/MilantaCraft\/","article_modified_time":"2023-10-05T11:47:39+00:00","og_image":[{"width":599,"height":600,"url":"https:\/\/milanta.net\/wp-content\/uploads\/2014\/04\/1102-Carreto-amb-roda-frontal-i-dos-manecs.jpg","type":"image\/jpeg"}],"twitter_card":"summary_large_image","schema":{"@context":"https:\/\/schema.org","@graph":[{"@type":"WebPage","@id":"https:\/\/milanta.net\/es\/producte\/carreto-amb-roda-frontal-i-dos-manecs\/","url":"https:\/\/milanta.net\/es\/producte\/carreto-amb-roda-frontal-i-dos-manecs\/","name":"Carret\u00f3 amb roda frontal i dos m\u00e0necs - Milanta","isPartOf":{"@id":"https:\/\/milanta.net\/es\/#website"},"primaryImageOfPage":{"@id":"https:\/\/milanta.net\/es\/producte\/carreto-amb-roda-frontal-i-dos-manecs\/#primaryimage"},"image":{"@id":"https:\/\/milanta.net\/es\/producte\/carreto-amb-roda-frontal-i-dos-manecs\/#primaryimage"},"thumbnailUrl":"https:\/\/milanta.net\/wp-content\/uploads\/2014\/04\/1102-Carreto-amb-roda-frontal-i-dos-manecs.jpg","datePublished":"2014-04-01T13:23:32+00:00","dateModified":"2023-10-05T11:47:39+00:00","breadcrumb":{"@id":"https:\/\/milanta.net\/es\/producte\/carreto-amb-roda-frontal-i-dos-manecs\/#breadcrumb"},"inLanguage":"es","potentialAction":[{"@type":"ReadAction","target":["https:\/\/milanta.net\/es\/producte\/carreto-amb-roda-frontal-i-dos-manecs\/"]}]},{"@type":"ImageObject","inLanguage":"es","@id":"https:\/\/milanta.net\/es\/producte\/carreto-amb-roda-frontal-i-dos-manecs\/#primaryimage","url":"https:\/\/milanta.net\/wp-content\/uploads\/2014\/04\/1102-Carreto-amb-roda-frontal-i-dos-manecs.jpg","contentUrl":"https:\/\/milanta.net\/wp-content\/uploads\/2014\/04\/1102-Carreto-amb-roda-frontal-i-dos-manecs.jpg","width":599,"height":600,"caption":"Carret\u00f3 amb roda frontal i dos m\u00e0necs"},{"@type":"BreadcrumbList","@id":"https:\/\/milanta.net\/es\/producte\/carreto-amb-roda-frontal-i-dos-manecs\/#breadcrumb","itemListElement":[{"@type":"ListItem","position":1,"name":"Portada","item":"https:\/\/milanta.net\/es\/"},{"@type":"ListItem","position":2,"name":"Cat\u00e1logo","item":"https:\/\/milanta.net\/es\/catalogo\/"},{"@type":"ListItem","position":3,"name":"Carret\u00f3 amb roda frontal i dos m\u00e0necs"}]},{"@type":"WebSite","@id":"https:\/\/milanta.net\/es\/#website","url":"https:\/\/milanta.net\/es\/","name":"Milanta Patis Vius","description":"ESPACIOS NATURALES Y CREATIVOS PARA LA EDUCACI\u00d3N","publisher":{"@id":"https:\/\/milanta.net\/es\/#organization"},"alternateName":"Milanta - Patis Vius","potentialAction":[{"@type":"SearchAction","target":{"@type":"EntryPoint","urlTemplate":"https:\/\/milanta.net\/es\/?s={search_term_string}"},"query-input":{"@type":"PropertyValueSpecification","valueRequired":true,"valueName":"search_term_string"}}],"inLanguage":"es"},{"@type":"Organization","@id":"https:\/\/milanta.net\/es\/#organization","name":"Milanta","url":"https:\/\/milanta.net\/es\/","logo":{"@type":"ImageObject","inLanguage":"es","@id":"https:\/\/milanta.net\/es\/#\/schema\/logo\/image\/","url":"https:\/\/milanta.net\/wp-content\/uploads\/2023\/04\/Logo-Milanta-color.svg","contentUrl":"https:\/\/milanta.net\/wp-content\/uploads\/2023\/04\/Logo-Milanta-color.svg","width":786,"height":486,"caption":"Milanta"},"image":{"@id":"https:\/\/milanta.net\/es\/#\/schema\/logo\/image\/"},"sameAs":["https:\/\/www.facebook.com\/MilantaCraft\/","https:\/\/www.instagram.com\/milanta_patis\/"]}]}},"_links":{"self":[{"href":"https:\/\/milanta.net\/es\/wp-json\/wp\/v2\/product\/2710","targetHints":{"allow":["GET"]}}],"collection":[{"href":"https:\/\/milanta.net\/es\/wp-json\/wp\/v2\/product"}],"about":[{"href":"https:\/\/milanta.net\/es\/wp-json\/wp\/v2\/types\/product"}],"version-history":[{"count":0,"href":"https:\/\/milanta.net\/es\/wp-json\/wp\/v2\/product\/2710\/revisions"}],"wp:featuredmedia":[{"embeddable":true,"href":"https:\/\/milanta.net\/es\/wp-json\/wp\/v2\/media\/2708"}],"wp:attachment":[{"href":"https:\/\/milanta.net\/es\/wp-json\/wp\/v2\/media?parent=2710"}],"wp:term":[{"taxonomy":"product_brand","embeddable":true,"href":"https:\/\/milanta.net\/es\/wp-json\/wp\/v2\/product_brand?post=2710"},{"taxonomy":"product_cat","embeddable":true,"href":"https:\/\/milanta.net\/es\/wp-json\/wp\/v2\/product_cat?post=2710"},{"taxonomy":"product_tag","embeddable":true,"href":"https:\/\/milanta.net\/es\/wp-json\/wp\/v2\/product_tag?post=2710"},{"taxonomy":"ubicacion-del-mobiliario","embeddable":true,"href":"https:\/\/milanta.net\/es\/wp-json\/wp\/v2\/ubicacion-del-mobiliario?post=2710"}],"curies":[{"name":"wp","href":"https:\/\/api.w.org\/{rel}","templated":true}]}}