{"id":2832,"date":"2015-02-05T08:44:28","date_gmt":"2015-02-05T08:44:28","guid":{"rendered":"https:\/\/milanta.net\/producto\/gran-caseta-de-nines\/"},"modified":"2025-04-01T13:30:47","modified_gmt":"2025-04-01T11:30:47","slug":"gran-caseta-de-nines","status":"publish","type":"product","link":"https:\/\/milanta.net\/es\/producte\/gran-caseta-de-nines\/","title":{"rendered":"Caseta de fusta &#8211; Nines &#8211; Per interior"},"content":{"rendered":"<p>Les cabanes, igl\u00fas i casetes de fusta s\u00f3n estructures fant\u00e0stiques per a les aules escolars. Proporcionen un espai de recolliment ideal per desenvolupar el joc simb\u00f2lic, moments de lectura i rep\u00f2s.<\/p>\n<p>La mida, la polival\u00e8ncia i el disseny d&#8217;aquest model l&#8217;han convertit en una de les estructures de fusta m\u00e9s ic\u00f2niques i venudes per aules d&#8217;escoles Bressol i d&#8217;Infantil.<\/p>\n<p>Es tracta d&#8217;una gran caseta de nines, d&#8217;inspiraci\u00f3 Waldorf, marcada per la senzillesa de l&#8217;estructura i l&#8217;austeritat en la distribuci\u00f3 dels espais. Les criatures poden circular per dins amb total comoditat, inventant i imaginant mentre juguen a recrear les escenes de la vida adulta.<\/p>\n<p>En el preu tamb\u00e9 hi va inclosa una tela per cobrir l&#8217;estructura (pot variar a la de la foto, ja que anem variant de models).<\/p>\n","protected":false},"excerpt":{"rendered":"<p>Una gran caseta de nines, senzilla i austera per\u00f2 s\u00f2lida i duradora.<\/p>\n","protected":false},"featured_media":2829,"template":"","meta":[],"product_brand":[],"product_cat":[739,123,748],"product_tag":[736],"ubicacion-del-mobiliario":[],"class_list":{"0":"post-2832","1":"product","2":"type-product","3":"status-publish","4":"has-post-thumbnail","6":"product_cat-casetes-i-cabanes-de-fusta","7":"product_cat-joc-simbolic-interior","8":"product_cat-per-a-linterior","9":"product_tag-casetes-i-cabanes","11":"first","12":"instock","13":"taxable","14":"shipping-taxable","15":"purchasable","16":"product-type-simple"},"yoast_head":"<!-- This site is optimized with the Yoast SEO Premium plugin v21.6 (Yoast SEO v27.2) - https:\/\/yoast.com\/product\/yoast-seo-premium-wordpress\/ -->\n<title>Caseta de fusta - Nines - Per interior - Milanta<\/title>\n<meta name=\"robots\" content=\"index, follow, max-snippet:-1, max-image-preview:large, max-video-preview:-1\" \/>\n<link rel=\"canonical\" href=\"https:\/\/milanta.net\/es\/producte\/gran-caseta-de-nines\/\" \/>\n<meta property=\"og:locale\" content=\"es_ES\" \/>\n<meta property=\"og:type\" content=\"article\" \/>\n<meta property=\"og:title\" content=\"Caseta de fusta - Nines - Per interior\" \/>\n<meta property=\"og:description\" content=\"Una gran caseta de nines, senzilla i austera per\u00f2 s\u00f2lida i duradora.\" \/>\n<meta property=\"og:url\" content=\"https:\/\/milanta.net\/es\/producte\/gran-caseta-de-nines\/\" \/>\n<meta property=\"og:site_name\" content=\"Milanta\" \/>\n<meta property=\"article:publisher\" content=\"https:\/\/www.facebook.com\/MilantaCraft\/\" \/>\n<meta property=\"article:modified_time\" content=\"2025-04-01T11:30:47+00:00\" \/>\n<meta property=\"og:image\" content=\"https:\/\/milanta.net\/wp-content\/uploads\/2015\/02\/1488-Gran-caseta-de-nines.jpg\" \/>\n\t<meta property=\"og:image:width\" content=\"264\" \/>\n\t<meta property=\"og:image:height\" content=\"264\" \/>\n\t<meta property=\"og:image:type\" content=\"image\/jpeg\" \/>\n<meta name=\"twitter:card\" content=\"summary_large_image\" \/>\n<meta name=\"twitter:label1\" content=\"Tiempo de lectura\" \/>\n\t<meta name=\"twitter:data1\" content=\"1 minuto\" \/>\n<script type=\"application\/ld+json\" class=\"yoast-schema-graph\">{\"@context\":\"https:\/\/schema.org\",\"@graph\":[{\"@type\":\"WebPage\",\"@id\":\"https:\/\/milanta.net\/es\/producte\/gran-caseta-de-nines\/\",\"url\":\"https:\/\/milanta.net\/es\/producte\/gran-caseta-de-nines\/\",\"name\":\"Caseta de fusta - Nines - Per interior - Milanta\",\"isPartOf\":{\"@id\":\"https:\/\/milanta.net\/es\/#website\"},\"primaryImageOfPage\":{\"@id\":\"https:\/\/milanta.net\/es\/producte\/gran-caseta-de-nines\/#primaryimage\"},\"image\":{\"@id\":\"https:\/\/milanta.net\/es\/producte\/gran-caseta-de-nines\/#primaryimage\"},\"thumbnailUrl\":\"https:\/\/milanta.net\/wp-content\/uploads\/2015\/02\/1488-Gran-caseta-de-nines.jpg\",\"datePublished\":\"2015-02-05T08:44:28+00:00\",\"dateModified\":\"2025-04-01T11:30:47+00:00\",\"breadcrumb\":{\"@id\":\"https:\/\/milanta.net\/es\/producte\/gran-caseta-de-nines\/#breadcrumb\"},\"inLanguage\":\"es\",\"potentialAction\":[{\"@type\":\"ReadAction\",\"target\":[\"https:\/\/milanta.net\/es\/producte\/gran-caseta-de-nines\/\"]}]},{\"@type\":\"ImageObject\",\"inLanguage\":\"es\",\"@id\":\"https:\/\/milanta.net\/es\/producte\/gran-caseta-de-nines\/#primaryimage\",\"url\":\"https:\/\/milanta.net\/wp-content\/uploads\/2015\/02\/1488-Gran-caseta-de-nines.jpg\",\"contentUrl\":\"https:\/\/milanta.net\/wp-content\/uploads\/2015\/02\/1488-Gran-caseta-de-nines.jpg\",\"width\":264,\"height\":264,\"caption\":\"Gran caseta de nines\"},{\"@type\":\"BreadcrumbList\",\"@id\":\"https:\/\/milanta.net\/es\/producte\/gran-caseta-de-nines\/#breadcrumb\",\"itemListElement\":[{\"@type\":\"ListItem\",\"position\":1,\"name\":\"Portada\",\"item\":\"https:\/\/milanta.net\/es\/\"},{\"@type\":\"ListItem\",\"position\":2,\"name\":\"Cat\u00e1logo\",\"item\":\"https:\/\/milanta.net\/es\/catalogo\/\"},{\"@type\":\"ListItem\",\"position\":3,\"name\":\"Caseta de fusta &#8211; Nines &#8211; Per interior\"}]},{\"@type\":\"WebSite\",\"@id\":\"https:\/\/milanta.net\/es\/#website\",\"url\":\"https:\/\/milanta.net\/es\/\",\"name\":\"Milanta Patis Vius\",\"description\":\"ESPACIOS NATURALES Y CREATIVOS PARA LA EDUCACI\u00d3N\",\"publisher\":{\"@id\":\"https:\/\/milanta.net\/es\/#organization\"},\"alternateName\":\"Milanta - Patis Vius\",\"potentialAction\":[{\"@type\":\"SearchAction\",\"target\":{\"@type\":\"EntryPoint\",\"urlTemplate\":\"https:\/\/milanta.net\/es\/?s={search_term_string}\"},\"query-input\":{\"@type\":\"PropertyValueSpecification\",\"valueRequired\":true,\"valueName\":\"search_term_string\"}}],\"inLanguage\":\"es\"},{\"@type\":\"Organization\",\"@id\":\"https:\/\/milanta.net\/es\/#organization\",\"name\":\"Milanta\",\"url\":\"https:\/\/milanta.net\/es\/\",\"logo\":{\"@type\":\"ImageObject\",\"inLanguage\":\"es\",\"@id\":\"https:\/\/milanta.net\/es\/#\/schema\/logo\/image\/\",\"url\":\"https:\/\/milanta.net\/wp-content\/uploads\/2023\/04\/Logo-Milanta-color.svg\",\"contentUrl\":\"https:\/\/milanta.net\/wp-content\/uploads\/2023\/04\/Logo-Milanta-color.svg\",\"width\":786,\"height\":486,\"caption\":\"Milanta\"},\"image\":{\"@id\":\"https:\/\/milanta.net\/es\/#\/schema\/logo\/image\/\"},\"sameAs\":[\"https:\/\/www.facebook.com\/MilantaCraft\/\",\"https:\/\/www.instagram.com\/milanta_patis\/\"]}]}<\/script>\n<!-- \/ Yoast SEO Premium plugin. -->","yoast_head_json":{"title":"Caseta de fusta - Nines - Per interior - Milanta","robots":{"index":"index","follow":"follow","max-snippet":"max-snippet:-1","max-image-preview":"max-image-preview:large","max-video-preview":"max-video-preview:-1"},"canonical":"https:\/\/milanta.net\/es\/producte\/gran-caseta-de-nines\/","og_locale":"es_ES","og_type":"article","og_title":"Caseta de fusta - Nines - Per interior","og_description":"Una gran caseta de nines, senzilla i austera per\u00f2 s\u00f2lida i duradora.","og_url":"https:\/\/milanta.net\/es\/producte\/gran-caseta-de-nines\/","og_site_name":"Milanta","article_publisher":"https:\/\/www.facebook.com\/MilantaCraft\/","article_modified_time":"2025-04-01T11:30:47+00:00","og_image":[{"width":264,"height":264,"url":"https:\/\/milanta.net\/wp-content\/uploads\/2015\/02\/1488-Gran-caseta-de-nines.jpg","type":"image\/jpeg"}],"twitter_card":"summary_large_image","twitter_misc":{"Tiempo de lectura":"1 minuto"},"schema":{"@context":"https:\/\/schema.org","@graph":[{"@type":"WebPage","@id":"https:\/\/milanta.net\/es\/producte\/gran-caseta-de-nines\/","url":"https:\/\/milanta.net\/es\/producte\/gran-caseta-de-nines\/","name":"Caseta de fusta - Nines - Per interior - Milanta","isPartOf":{"@id":"https:\/\/milanta.net\/es\/#website"},"primaryImageOfPage":{"@id":"https:\/\/milanta.net\/es\/producte\/gran-caseta-de-nines\/#primaryimage"},"image":{"@id":"https:\/\/milanta.net\/es\/producte\/gran-caseta-de-nines\/#primaryimage"},"thumbnailUrl":"https:\/\/milanta.net\/wp-content\/uploads\/2015\/02\/1488-Gran-caseta-de-nines.jpg","datePublished":"2015-02-05T08:44:28+00:00","dateModified":"2025-04-01T11:30:47+00:00","breadcrumb":{"@id":"https:\/\/milanta.net\/es\/producte\/gran-caseta-de-nines\/#breadcrumb"},"inLanguage":"es","potentialAction":[{"@type":"ReadAction","target":["https:\/\/milanta.net\/es\/producte\/gran-caseta-de-nines\/"]}]},{"@type":"ImageObject","inLanguage":"es","@id":"https:\/\/milanta.net\/es\/producte\/gran-caseta-de-nines\/#primaryimage","url":"https:\/\/milanta.net\/wp-content\/uploads\/2015\/02\/1488-Gran-caseta-de-nines.jpg","contentUrl":"https:\/\/milanta.net\/wp-content\/uploads\/2015\/02\/1488-Gran-caseta-de-nines.jpg","width":264,"height":264,"caption":"Gran caseta de nines"},{"@type":"BreadcrumbList","@id":"https:\/\/milanta.net\/es\/producte\/gran-caseta-de-nines\/#breadcrumb","itemListElement":[{"@type":"ListItem","position":1,"name":"Portada","item":"https:\/\/milanta.net\/es\/"},{"@type":"ListItem","position":2,"name":"Cat\u00e1logo","item":"https:\/\/milanta.net\/es\/catalogo\/"},{"@type":"ListItem","position":3,"name":"Caseta de fusta &#8211; Nines &#8211; Per interior"}]},{"@type":"WebSite","@id":"https:\/\/milanta.net\/es\/#website","url":"https:\/\/milanta.net\/es\/","name":"Milanta Patis Vius","description":"ESPACIOS NATURALES Y CREATIVOS PARA LA EDUCACI\u00d3N","publisher":{"@id":"https:\/\/milanta.net\/es\/#organization"},"alternateName":"Milanta - Patis Vius","potentialAction":[{"@type":"SearchAction","target":{"@type":"EntryPoint","urlTemplate":"https:\/\/milanta.net\/es\/?s={search_term_string}"},"query-input":{"@type":"PropertyValueSpecification","valueRequired":true,"valueName":"search_term_string"}}],"inLanguage":"es"},{"@type":"Organization","@id":"https:\/\/milanta.net\/es\/#organization","name":"Milanta","url":"https:\/\/milanta.net\/es\/","logo":{"@type":"ImageObject","inLanguage":"es","@id":"https:\/\/milanta.net\/es\/#\/schema\/logo\/image\/","url":"https:\/\/milanta.net\/wp-content\/uploads\/2023\/04\/Logo-Milanta-color.svg","contentUrl":"https:\/\/milanta.net\/wp-content\/uploads\/2023\/04\/Logo-Milanta-color.svg","width":786,"height":486,"caption":"Milanta"},"image":{"@id":"https:\/\/milanta.net\/es\/#\/schema\/logo\/image\/"},"sameAs":["https:\/\/www.facebook.com\/MilantaCraft\/","https:\/\/www.instagram.com\/milanta_patis\/"]}]}},"_links":{"self":[{"href":"https:\/\/milanta.net\/es\/wp-json\/wp\/v2\/product\/2832","targetHints":{"allow":["GET"]}}],"collection":[{"href":"https:\/\/milanta.net\/es\/wp-json\/wp\/v2\/product"}],"about":[{"href":"https:\/\/milanta.net\/es\/wp-json\/wp\/v2\/types\/product"}],"version-history":[{"count":0,"href":"https:\/\/milanta.net\/es\/wp-json\/wp\/v2\/product\/2832\/revisions"}],"wp:featuredmedia":[{"embeddable":true,"href":"https:\/\/milanta.net\/es\/wp-json\/wp\/v2\/media\/2829"}],"wp:attachment":[{"href":"https:\/\/milanta.net\/es\/wp-json\/wp\/v2\/media?parent=2832"}],"wp:term":[{"taxonomy":"product_brand","embeddable":true,"href":"https:\/\/milanta.net\/es\/wp-json\/wp\/v2\/product_brand?post=2832"},{"taxonomy":"product_cat","embeddable":true,"href":"https:\/\/milanta.net\/es\/wp-json\/wp\/v2\/product_cat?post=2832"},{"taxonomy":"product_tag","embeddable":true,"href":"https:\/\/milanta.net\/es\/wp-json\/wp\/v2\/product_tag?post=2832"},{"taxonomy":"ubicacion-del-mobiliario","embeddable":true,"href":"https:\/\/milanta.net\/es\/wp-json\/wp\/v2\/ubicacion-del-mobiliario?post=2832"}],"curies":[{"name":"wp","href":"https:\/\/api.w.org\/{rel}","templated":true}]}}