{"id":2854,"date":"2015-02-24T13:12:48","date_gmt":"2015-02-24T13:12:48","guid":{"rendered":"https:\/\/milanta.net\/producto\/turo-de-la-descoberta-amb-escala-pont-i-rampa\/"},"modified":"2026-03-05T13:26:09","modified_gmt":"2026-03-05T12:26:09","slug":"turo-de-la-descoberta-amb-escala-pont-i-rampa","status":"publish","type":"product","link":"https:\/\/milanta.net\/es\/producte\/turo-de-la-descoberta-amb-escala-pont-i-rampa\/","title":{"rendered":"TUR\u00d3 DE LA DESCOBERTA &#8211; PER BRESSOL"},"content":{"rendered":"<p>Muntanya de sorra amb vegetaci\u00f3, plena de reptes psicomotrius.<\/p>\n<p>Formada per una escala, una passarel\u00b7la que creua el cim i una rampa amb travesses de grimpada pel descens i un bosquet de troncs.<\/p>\n<p>Material: Fusta de pi amb tractament a l&#8217;autoclau.<\/p>\n<p>El preu no inclou la terra i les plantes per\u00f2 ho podem gestionar.<\/p>\n<p>RECOMANEM posar plantes ja que que aquestes ajuden a mantenir el tur\u00f3 compactat (sense plantes \u00e9s f\u00e0cil que es desgasti\/erosioni)<\/p>\n<p>El preu inclou el muntatge, per\u00f2 no inclou la terra i les plantes, tot i que podeu demanar-nos pressupost.<\/p>\n<p>Es pot\u00a0fer a MIDA.<\/p>\n","protected":false},"excerpt":{"rendered":"<p>Un tur\u00f3 amb propostes psicomotrius.<\/p>\n","protected":false},"featured_media":14480,"template":"","meta":[],"product_brand":[],"product_cat":[838],"product_tag":[794,165],"ubicacion-del-mobiliario":[],"class_list":{"0":"post-2854","1":"product","2":"type-product","3":"status-publish","4":"has-post-thumbnail","6":"product_cat-turons","7":"product_tag-muntanya","8":"product_tag-pati","10":"first","11":"instock","12":"taxable","13":"shipping-taxable","14":"purchasable","15":"product-type-simple"},"yoast_head":"<!-- This site is optimized with the Yoast SEO Premium plugin v21.6 (Yoast SEO v27.3) - https:\/\/yoast.com\/product\/yoast-seo-premium-wordpress\/ -->\n<title>TUR\u00d3 DE LA DESCOBERTA - PER BRESSOL - Milanta<\/title>\n<meta name=\"robots\" content=\"index, follow, max-snippet:-1, max-image-preview:large, max-video-preview:-1\" \/>\n<link rel=\"canonical\" href=\"https:\/\/milanta.net\/es\/producte\/turo-de-la-descoberta-amb-escala-pont-i-rampa\/\" \/>\n<meta property=\"og:locale\" content=\"es_ES\" \/>\n<meta property=\"og:type\" content=\"article\" \/>\n<meta property=\"og:title\" content=\"TUR\u00d3 DE LA DESCOBERTA - PER BRESSOL\" \/>\n<meta property=\"og:description\" content=\"Un tur\u00f3 amb propostes psicomotrius.\" \/>\n<meta property=\"og:url\" content=\"https:\/\/milanta.net\/es\/producte\/turo-de-la-descoberta-amb-escala-pont-i-rampa\/\" \/>\n<meta property=\"og:site_name\" content=\"Milanta\" \/>\n<meta property=\"article:publisher\" content=\"https:\/\/www.facebook.com\/MilantaCraft\/\" \/>\n<meta property=\"article:modified_time\" content=\"2026-03-05T12:26:09+00:00\" \/>\n<meta property=\"og:image\" content=\"https:\/\/milanta.net\/wp-content\/uploads\/2015\/02\/IMG-20250115-WA0011.jpg\" \/>\n\t<meta property=\"og:image:width\" content=\"2000\" \/>\n\t<meta property=\"og:image:height\" content=\"900\" \/>\n\t<meta property=\"og:image:type\" content=\"image\/jpeg\" \/>\n<meta name=\"twitter:card\" content=\"summary_large_image\" \/>\n<meta name=\"twitter:label1\" content=\"Tiempo de lectura\" \/>\n\t<meta name=\"twitter:data1\" content=\"1 minuto\" \/>\n<script type=\"application\/ld+json\" class=\"yoast-schema-graph\">{\"@context\":\"https:\\\/\\\/schema.org\",\"@graph\":[{\"@type\":\"WebPage\",\"@id\":\"https:\\\/\\\/milanta.net\\\/es\\\/producte\\\/turo-de-la-descoberta-amb-escala-pont-i-rampa\\\/\",\"url\":\"https:\\\/\\\/milanta.net\\\/es\\\/producte\\\/turo-de-la-descoberta-amb-escala-pont-i-rampa\\\/\",\"name\":\"TUR\u00d3 DE LA DESCOBERTA - PER BRESSOL - Milanta\",\"isPartOf\":{\"@id\":\"https:\\\/\\\/milanta.net\\\/es\\\/#website\"},\"primaryImageOfPage\":{\"@id\":\"https:\\\/\\\/milanta.net\\\/es\\\/producte\\\/turo-de-la-descoberta-amb-escala-pont-i-rampa\\\/#primaryimage\"},\"image\":{\"@id\":\"https:\\\/\\\/milanta.net\\\/es\\\/producte\\\/turo-de-la-descoberta-amb-escala-pont-i-rampa\\\/#primaryimage\"},\"thumbnailUrl\":\"https:\\\/\\\/milanta.net\\\/wp-content\\\/uploads\\\/2015\\\/02\\\/IMG-20250115-WA0011.jpg\",\"datePublished\":\"2015-02-24T13:12:48+00:00\",\"dateModified\":\"2026-03-05T12:26:09+00:00\",\"breadcrumb\":{\"@id\":\"https:\\\/\\\/milanta.net\\\/es\\\/producte\\\/turo-de-la-descoberta-amb-escala-pont-i-rampa\\\/#breadcrumb\"},\"inLanguage\":\"es\",\"potentialAction\":[{\"@type\":\"ReadAction\",\"target\":[\"https:\\\/\\\/milanta.net\\\/es\\\/producte\\\/turo-de-la-descoberta-amb-escala-pont-i-rampa\\\/\"]}]},{\"@type\":\"ImageObject\",\"inLanguage\":\"es\",\"@id\":\"https:\\\/\\\/milanta.net\\\/es\\\/producte\\\/turo-de-la-descoberta-amb-escala-pont-i-rampa\\\/#primaryimage\",\"url\":\"https:\\\/\\\/milanta.net\\\/wp-content\\\/uploads\\\/2015\\\/02\\\/IMG-20250115-WA0011.jpg\",\"contentUrl\":\"https:\\\/\\\/milanta.net\\\/wp-content\\\/uploads\\\/2015\\\/02\\\/IMG-20250115-WA0011.jpg\",\"width\":2000,\"height\":900},{\"@type\":\"BreadcrumbList\",\"@id\":\"https:\\\/\\\/milanta.net\\\/es\\\/producte\\\/turo-de-la-descoberta-amb-escala-pont-i-rampa\\\/#breadcrumb\",\"itemListElement\":[{\"@type\":\"ListItem\",\"position\":1,\"name\":\"Portada\",\"item\":\"https:\\\/\\\/milanta.net\\\/es\\\/\"},{\"@type\":\"ListItem\",\"position\":2,\"name\":\"Cat\u00e1logo\",\"item\":\"https:\\\/\\\/milanta.net\\\/es\\\/catalogo\\\/\"},{\"@type\":\"ListItem\",\"position\":3,\"name\":\"TUR\u00d3 DE LA DESCOBERTA &#8211; PER BRESSOL\"}]},{\"@type\":\"WebSite\",\"@id\":\"https:\\\/\\\/milanta.net\\\/es\\\/#website\",\"url\":\"https:\\\/\\\/milanta.net\\\/es\\\/\",\"name\":\"Milanta Patis Vius\",\"description\":\"ESPACIOS NATURALES Y CREATIVOS PARA LA EDUCACI\u00d3N\",\"publisher\":{\"@id\":\"https:\\\/\\\/milanta.net\\\/es\\\/#organization\"},\"alternateName\":\"Milanta - Patis Vius\",\"potentialAction\":[{\"@type\":\"SearchAction\",\"target\":{\"@type\":\"EntryPoint\",\"urlTemplate\":\"https:\\\/\\\/milanta.net\\\/es\\\/?s={search_term_string}\"},\"query-input\":{\"@type\":\"PropertyValueSpecification\",\"valueRequired\":true,\"valueName\":\"search_term_string\"}}],\"inLanguage\":\"es\"},{\"@type\":\"Organization\",\"@id\":\"https:\\\/\\\/milanta.net\\\/es\\\/#organization\",\"name\":\"Milanta\",\"url\":\"https:\\\/\\\/milanta.net\\\/es\\\/\",\"logo\":{\"@type\":\"ImageObject\",\"inLanguage\":\"es\",\"@id\":\"https:\\\/\\\/milanta.net\\\/es\\\/#\\\/schema\\\/logo\\\/image\\\/\",\"url\":\"https:\\\/\\\/milanta.net\\\/wp-content\\\/uploads\\\/2023\\\/04\\\/Logo-Milanta-color.svg\",\"contentUrl\":\"https:\\\/\\\/milanta.net\\\/wp-content\\\/uploads\\\/2023\\\/04\\\/Logo-Milanta-color.svg\",\"width\":786,\"height\":486,\"caption\":\"Milanta\"},\"image\":{\"@id\":\"https:\\\/\\\/milanta.net\\\/es\\\/#\\\/schema\\\/logo\\\/image\\\/\"},\"sameAs\":[\"https:\\\/\\\/www.facebook.com\\\/MilantaCraft\\\/\",\"https:\\\/\\\/www.instagram.com\\\/milanta_patis\\\/\"]}]}<\/script>\n<!-- \/ Yoast SEO Premium plugin. -->","yoast_head_json":{"title":"TUR\u00d3 DE LA DESCOBERTA - PER BRESSOL - Milanta","robots":{"index":"index","follow":"follow","max-snippet":"max-snippet:-1","max-image-preview":"max-image-preview:large","max-video-preview":"max-video-preview:-1"},"canonical":"https:\/\/milanta.net\/es\/producte\/turo-de-la-descoberta-amb-escala-pont-i-rampa\/","og_locale":"es_ES","og_type":"article","og_title":"TUR\u00d3 DE LA DESCOBERTA - PER BRESSOL","og_description":"Un tur\u00f3 amb propostes psicomotrius.","og_url":"https:\/\/milanta.net\/es\/producte\/turo-de-la-descoberta-amb-escala-pont-i-rampa\/","og_site_name":"Milanta","article_publisher":"https:\/\/www.facebook.com\/MilantaCraft\/","article_modified_time":"2026-03-05T12:26:09+00:00","og_image":[{"width":2000,"height":900,"url":"https:\/\/milanta.net\/wp-content\/uploads\/2015\/02\/IMG-20250115-WA0011.jpg","type":"image\/jpeg"}],"twitter_card":"summary_large_image","twitter_misc":{"Tiempo de lectura":"1 minuto"},"schema":{"@context":"https:\/\/schema.org","@graph":[{"@type":"WebPage","@id":"https:\/\/milanta.net\/es\/producte\/turo-de-la-descoberta-amb-escala-pont-i-rampa\/","url":"https:\/\/milanta.net\/es\/producte\/turo-de-la-descoberta-amb-escala-pont-i-rampa\/","name":"TUR\u00d3 DE LA DESCOBERTA - PER BRESSOL - Milanta","isPartOf":{"@id":"https:\/\/milanta.net\/es\/#website"},"primaryImageOfPage":{"@id":"https:\/\/milanta.net\/es\/producte\/turo-de-la-descoberta-amb-escala-pont-i-rampa\/#primaryimage"},"image":{"@id":"https:\/\/milanta.net\/es\/producte\/turo-de-la-descoberta-amb-escala-pont-i-rampa\/#primaryimage"},"thumbnailUrl":"https:\/\/milanta.net\/wp-content\/uploads\/2015\/02\/IMG-20250115-WA0011.jpg","datePublished":"2015-02-24T13:12:48+00:00","dateModified":"2026-03-05T12:26:09+00:00","breadcrumb":{"@id":"https:\/\/milanta.net\/es\/producte\/turo-de-la-descoberta-amb-escala-pont-i-rampa\/#breadcrumb"},"inLanguage":"es","potentialAction":[{"@type":"ReadAction","target":["https:\/\/milanta.net\/es\/producte\/turo-de-la-descoberta-amb-escala-pont-i-rampa\/"]}]},{"@type":"ImageObject","inLanguage":"es","@id":"https:\/\/milanta.net\/es\/producte\/turo-de-la-descoberta-amb-escala-pont-i-rampa\/#primaryimage","url":"https:\/\/milanta.net\/wp-content\/uploads\/2015\/02\/IMG-20250115-WA0011.jpg","contentUrl":"https:\/\/milanta.net\/wp-content\/uploads\/2015\/02\/IMG-20250115-WA0011.jpg","width":2000,"height":900},{"@type":"BreadcrumbList","@id":"https:\/\/milanta.net\/es\/producte\/turo-de-la-descoberta-amb-escala-pont-i-rampa\/#breadcrumb","itemListElement":[{"@type":"ListItem","position":1,"name":"Portada","item":"https:\/\/milanta.net\/es\/"},{"@type":"ListItem","position":2,"name":"Cat\u00e1logo","item":"https:\/\/milanta.net\/es\/catalogo\/"},{"@type":"ListItem","position":3,"name":"TUR\u00d3 DE LA DESCOBERTA &#8211; PER BRESSOL"}]},{"@type":"WebSite","@id":"https:\/\/milanta.net\/es\/#website","url":"https:\/\/milanta.net\/es\/","name":"Milanta Patis Vius","description":"ESPACIOS NATURALES Y CREATIVOS PARA LA EDUCACI\u00d3N","publisher":{"@id":"https:\/\/milanta.net\/es\/#organization"},"alternateName":"Milanta - Patis Vius","potentialAction":[{"@type":"SearchAction","target":{"@type":"EntryPoint","urlTemplate":"https:\/\/milanta.net\/es\/?s={search_term_string}"},"query-input":{"@type":"PropertyValueSpecification","valueRequired":true,"valueName":"search_term_string"}}],"inLanguage":"es"},{"@type":"Organization","@id":"https:\/\/milanta.net\/es\/#organization","name":"Milanta","url":"https:\/\/milanta.net\/es\/","logo":{"@type":"ImageObject","inLanguage":"es","@id":"https:\/\/milanta.net\/es\/#\/schema\/logo\/image\/","url":"https:\/\/milanta.net\/wp-content\/uploads\/2023\/04\/Logo-Milanta-color.svg","contentUrl":"https:\/\/milanta.net\/wp-content\/uploads\/2023\/04\/Logo-Milanta-color.svg","width":786,"height":486,"caption":"Milanta"},"image":{"@id":"https:\/\/milanta.net\/es\/#\/schema\/logo\/image\/"},"sameAs":["https:\/\/www.facebook.com\/MilantaCraft\/","https:\/\/www.instagram.com\/milanta_patis\/"]}]}},"_links":{"self":[{"href":"https:\/\/milanta.net\/es\/wp-json\/wp\/v2\/product\/2854","targetHints":{"allow":["GET"]}}],"collection":[{"href":"https:\/\/milanta.net\/es\/wp-json\/wp\/v2\/product"}],"about":[{"href":"https:\/\/milanta.net\/es\/wp-json\/wp\/v2\/types\/product"}],"version-history":[{"count":0,"href":"https:\/\/milanta.net\/es\/wp-json\/wp\/v2\/product\/2854\/revisions"}],"wp:featuredmedia":[{"embeddable":true,"href":"https:\/\/milanta.net\/es\/wp-json\/wp\/v2\/media\/14480"}],"wp:attachment":[{"href":"https:\/\/milanta.net\/es\/wp-json\/wp\/v2\/media?parent=2854"}],"wp:term":[{"taxonomy":"product_brand","embeddable":true,"href":"https:\/\/milanta.net\/es\/wp-json\/wp\/v2\/product_brand?post=2854"},{"taxonomy":"product_cat","embeddable":true,"href":"https:\/\/milanta.net\/es\/wp-json\/wp\/v2\/product_cat?post=2854"},{"taxonomy":"product_tag","embeddable":true,"href":"https:\/\/milanta.net\/es\/wp-json\/wp\/v2\/product_tag?post=2854"},{"taxonomy":"ubicacion-del-mobiliario","embeddable":true,"href":"https:\/\/milanta.net\/es\/wp-json\/wp\/v2\/ubicacion-del-mobiliario?post=2854"}],"curies":[{"name":"wp","href":"https:\/\/api.w.org\/{rel}","templated":true}]}}