{"id":2913,"date":"2015-03-26T11:09:54","date_gmt":"2015-03-26T11:09:54","guid":{"rendered":"https:\/\/milanta.net\/producto\/conjunt-de-3-troncs\/"},"modified":"2025-04-24T09:27:51","modified_gmt":"2025-04-24T07:27:51","slug":"conjunt-de-3-troncs","status":"publish","type":"product","link":"https:\/\/milanta.net\/es\/producte\/conjunt-de-3-troncs\/","title":{"rendered":"Petit conjunt de troncs"},"content":{"rendered":"<p>Petit conjunt de troncs d&#8217;ac\u00e0cia, tallats de diferents mides per a l\u2019articulaci\u00f3 de l\u2019espai, amb els caps arrodonits per a m\u00faltiples propostes de joc a l&#8217;exterior, per a l&#8217;articulaci\u00f3 de l&#8217;espai i el joc lliure.<\/p>\n<p>Aquest material did\u00e0ctic t\u00e9 unes caracter\u00edstiques, com la textura i els acabats arrodonits, interessants pel desenvolupament dels infants, per\u00f2 que requereix m\u00e9s atenci\u00f3 a l&#8217;hora de manipular-lo, aix\u00ed com una responsabilitat major per evitar-ne els mals usos, ja que no \u00e9s una joguina amb funcionalitats definides.<\/p>\n<p>Podem fer a MIDA.<\/p>\n<p>&#8220;Mai hi ha dos troncs id\u00e8ntics, la fusta \u00e9s un material que s&#8217;altera amb el temps,\u00a0 les seves formes s\u00f3n irregulars i els muntatges mai queden igual que a les fotos. Les esquerdes a la fusta formen part de la natura viva del material, si s\u00f3n de menys de 8mm no us heu de preocupar. Aplicar anualment un nutrient com l&#8217;oli de llinosa ajuda a mantenir la fusta en bones condicions durant molts anys. Truqueu-nos si teniu algun dubte o necessiteu ajuda pel manteniment&#8221;<\/p><\/p>\n","protected":false},"excerpt":{"rendered":"<p>Tres troncs amb cantons fresats.<\/p>\n","protected":false},"featured_media":2912,"template":"","meta":[],"product_brand":[],"product_cat":[844],"product_tag":[],"ubicacion-del-mobiliario":[],"class_list":{"0":"post-2913","1":"product","2":"type-product","3":"status-publish","4":"has-post-thumbnail","6":"product_cat-materials-i-complements","8":"first","9":"instock","10":"taxable","11":"shipping-taxable","12":"purchasable","13":"product-type-simple"},"yoast_head":"<!-- This site is optimized with the Yoast SEO Premium plugin v21.6 (Yoast SEO v27.2) - https:\/\/yoast.com\/product\/yoast-seo-premium-wordpress\/ -->\n<title>Petit conjunt de troncs - Milanta<\/title>\n<meta name=\"robots\" content=\"index, follow, max-snippet:-1, max-image-preview:large, max-video-preview:-1\" \/>\n<link rel=\"canonical\" href=\"https:\/\/milanta.net\/es\/producte\/conjunt-de-3-troncs\/\" \/>\n<meta property=\"og:locale\" content=\"es_ES\" \/>\n<meta property=\"og:type\" content=\"article\" \/>\n<meta property=\"og:title\" content=\"Petit conjunt de troncs\" \/>\n<meta property=\"og:description\" content=\"Tres troncs amb cantons fresats.\" \/>\n<meta property=\"og:url\" content=\"https:\/\/milanta.net\/es\/producte\/conjunt-de-3-troncs\/\" \/>\n<meta property=\"og:site_name\" content=\"Milanta\" \/>\n<meta property=\"article:publisher\" content=\"https:\/\/www.facebook.com\/MilantaCraft\/\" \/>\n<meta property=\"article:modified_time\" content=\"2025-04-24T07:27:51+00:00\" \/>\n<meta property=\"og:image\" content=\"https:\/\/milanta.net\/wp-content\/uploads\/2015\/03\/2120-Petit-conjunt-de-troncs.jpg\" \/>\n\t<meta property=\"og:image:width\" content=\"800\" \/>\n\t<meta property=\"og:image:height\" content=\"842\" \/>\n\t<meta property=\"og:image:type\" content=\"image\/jpeg\" \/>\n<meta name=\"twitter:card\" content=\"summary_large_image\" \/>\n<meta name=\"twitter:label1\" content=\"Tiempo de lectura\" \/>\n\t<meta name=\"twitter:data1\" content=\"1 minuto\" \/>\n<script type=\"application\/ld+json\" class=\"yoast-schema-graph\">{\"@context\":\"https:\/\/schema.org\",\"@graph\":[{\"@type\":\"WebPage\",\"@id\":\"https:\/\/milanta.net\/es\/producte\/conjunt-de-3-troncs\/\",\"url\":\"https:\/\/milanta.net\/es\/producte\/conjunt-de-3-troncs\/\",\"name\":\"Petit conjunt de troncs - Milanta\",\"isPartOf\":{\"@id\":\"https:\/\/milanta.net\/es\/#website\"},\"primaryImageOfPage\":{\"@id\":\"https:\/\/milanta.net\/es\/producte\/conjunt-de-3-troncs\/#primaryimage\"},\"image\":{\"@id\":\"https:\/\/milanta.net\/es\/producte\/conjunt-de-3-troncs\/#primaryimage\"},\"thumbnailUrl\":\"https:\/\/milanta.net\/wp-content\/uploads\/2015\/03\/2120-Petit-conjunt-de-troncs.jpg\",\"datePublished\":\"2015-03-26T11:09:54+00:00\",\"dateModified\":\"2025-04-24T07:27:51+00:00\",\"breadcrumb\":{\"@id\":\"https:\/\/milanta.net\/es\/producte\/conjunt-de-3-troncs\/#breadcrumb\"},\"inLanguage\":\"es\",\"potentialAction\":[{\"@type\":\"ReadAction\",\"target\":[\"https:\/\/milanta.net\/es\/producte\/conjunt-de-3-troncs\/\"]}]},{\"@type\":\"ImageObject\",\"inLanguage\":\"es\",\"@id\":\"https:\/\/milanta.net\/es\/producte\/conjunt-de-3-troncs\/#primaryimage\",\"url\":\"https:\/\/milanta.net\/wp-content\/uploads\/2015\/03\/2120-Petit-conjunt-de-troncs.jpg\",\"contentUrl\":\"https:\/\/milanta.net\/wp-content\/uploads\/2015\/03\/2120-Petit-conjunt-de-troncs.jpg\",\"width\":800,\"height\":842,\"caption\":\"Petit conjunt de troncs\"},{\"@type\":\"BreadcrumbList\",\"@id\":\"https:\/\/milanta.net\/es\/producte\/conjunt-de-3-troncs\/#breadcrumb\",\"itemListElement\":[{\"@type\":\"ListItem\",\"position\":1,\"name\":\"Portada\",\"item\":\"https:\/\/milanta.net\/es\/\"},{\"@type\":\"ListItem\",\"position\":2,\"name\":\"Cat\u00e1logo\",\"item\":\"https:\/\/milanta.net\/es\/catalogo\/\"},{\"@type\":\"ListItem\",\"position\":3,\"name\":\"Petit conjunt de troncs\"}]},{\"@type\":\"WebSite\",\"@id\":\"https:\/\/milanta.net\/es\/#website\",\"url\":\"https:\/\/milanta.net\/es\/\",\"name\":\"Milanta Patis Vius\",\"description\":\"ESPACIOS NATURALES Y CREATIVOS PARA LA EDUCACI\u00d3N\",\"publisher\":{\"@id\":\"https:\/\/milanta.net\/es\/#organization\"},\"alternateName\":\"Milanta - Patis Vius\",\"potentialAction\":[{\"@type\":\"SearchAction\",\"target\":{\"@type\":\"EntryPoint\",\"urlTemplate\":\"https:\/\/milanta.net\/es\/?s={search_term_string}\"},\"query-input\":{\"@type\":\"PropertyValueSpecification\",\"valueRequired\":true,\"valueName\":\"search_term_string\"}}],\"inLanguage\":\"es\"},{\"@type\":\"Organization\",\"@id\":\"https:\/\/milanta.net\/es\/#organization\",\"name\":\"Milanta\",\"url\":\"https:\/\/milanta.net\/es\/\",\"logo\":{\"@type\":\"ImageObject\",\"inLanguage\":\"es\",\"@id\":\"https:\/\/milanta.net\/es\/#\/schema\/logo\/image\/\",\"url\":\"https:\/\/milanta.net\/wp-content\/uploads\/2023\/04\/Logo-Milanta-color.svg\",\"contentUrl\":\"https:\/\/milanta.net\/wp-content\/uploads\/2023\/04\/Logo-Milanta-color.svg\",\"width\":786,\"height\":486,\"caption\":\"Milanta\"},\"image\":{\"@id\":\"https:\/\/milanta.net\/es\/#\/schema\/logo\/image\/\"},\"sameAs\":[\"https:\/\/www.facebook.com\/MilantaCraft\/\",\"https:\/\/www.instagram.com\/milanta_patis\/\"]}]}<\/script>\n<!-- \/ Yoast SEO Premium plugin. -->","yoast_head_json":{"title":"Petit conjunt de troncs - Milanta","robots":{"index":"index","follow":"follow","max-snippet":"max-snippet:-1","max-image-preview":"max-image-preview:large","max-video-preview":"max-video-preview:-1"},"canonical":"https:\/\/milanta.net\/es\/producte\/conjunt-de-3-troncs\/","og_locale":"es_ES","og_type":"article","og_title":"Petit conjunt de troncs","og_description":"Tres troncs amb cantons fresats.","og_url":"https:\/\/milanta.net\/es\/producte\/conjunt-de-3-troncs\/","og_site_name":"Milanta","article_publisher":"https:\/\/www.facebook.com\/MilantaCraft\/","article_modified_time":"2025-04-24T07:27:51+00:00","og_image":[{"width":800,"height":842,"url":"https:\/\/milanta.net\/wp-content\/uploads\/2015\/03\/2120-Petit-conjunt-de-troncs.jpg","type":"image\/jpeg"}],"twitter_card":"summary_large_image","twitter_misc":{"Tiempo de lectura":"1 minuto"},"schema":{"@context":"https:\/\/schema.org","@graph":[{"@type":"WebPage","@id":"https:\/\/milanta.net\/es\/producte\/conjunt-de-3-troncs\/","url":"https:\/\/milanta.net\/es\/producte\/conjunt-de-3-troncs\/","name":"Petit conjunt de troncs - Milanta","isPartOf":{"@id":"https:\/\/milanta.net\/es\/#website"},"primaryImageOfPage":{"@id":"https:\/\/milanta.net\/es\/producte\/conjunt-de-3-troncs\/#primaryimage"},"image":{"@id":"https:\/\/milanta.net\/es\/producte\/conjunt-de-3-troncs\/#primaryimage"},"thumbnailUrl":"https:\/\/milanta.net\/wp-content\/uploads\/2015\/03\/2120-Petit-conjunt-de-troncs.jpg","datePublished":"2015-03-26T11:09:54+00:00","dateModified":"2025-04-24T07:27:51+00:00","breadcrumb":{"@id":"https:\/\/milanta.net\/es\/producte\/conjunt-de-3-troncs\/#breadcrumb"},"inLanguage":"es","potentialAction":[{"@type":"ReadAction","target":["https:\/\/milanta.net\/es\/producte\/conjunt-de-3-troncs\/"]}]},{"@type":"ImageObject","inLanguage":"es","@id":"https:\/\/milanta.net\/es\/producte\/conjunt-de-3-troncs\/#primaryimage","url":"https:\/\/milanta.net\/wp-content\/uploads\/2015\/03\/2120-Petit-conjunt-de-troncs.jpg","contentUrl":"https:\/\/milanta.net\/wp-content\/uploads\/2015\/03\/2120-Petit-conjunt-de-troncs.jpg","width":800,"height":842,"caption":"Petit conjunt de troncs"},{"@type":"BreadcrumbList","@id":"https:\/\/milanta.net\/es\/producte\/conjunt-de-3-troncs\/#breadcrumb","itemListElement":[{"@type":"ListItem","position":1,"name":"Portada","item":"https:\/\/milanta.net\/es\/"},{"@type":"ListItem","position":2,"name":"Cat\u00e1logo","item":"https:\/\/milanta.net\/es\/catalogo\/"},{"@type":"ListItem","position":3,"name":"Petit conjunt de troncs"}]},{"@type":"WebSite","@id":"https:\/\/milanta.net\/es\/#website","url":"https:\/\/milanta.net\/es\/","name":"Milanta Patis Vius","description":"ESPACIOS NATURALES Y CREATIVOS PARA LA EDUCACI\u00d3N","publisher":{"@id":"https:\/\/milanta.net\/es\/#organization"},"alternateName":"Milanta - Patis Vius","potentialAction":[{"@type":"SearchAction","target":{"@type":"EntryPoint","urlTemplate":"https:\/\/milanta.net\/es\/?s={search_term_string}"},"query-input":{"@type":"PropertyValueSpecification","valueRequired":true,"valueName":"search_term_string"}}],"inLanguage":"es"},{"@type":"Organization","@id":"https:\/\/milanta.net\/es\/#organization","name":"Milanta","url":"https:\/\/milanta.net\/es\/","logo":{"@type":"ImageObject","inLanguage":"es","@id":"https:\/\/milanta.net\/es\/#\/schema\/logo\/image\/","url":"https:\/\/milanta.net\/wp-content\/uploads\/2023\/04\/Logo-Milanta-color.svg","contentUrl":"https:\/\/milanta.net\/wp-content\/uploads\/2023\/04\/Logo-Milanta-color.svg","width":786,"height":486,"caption":"Milanta"},"image":{"@id":"https:\/\/milanta.net\/es\/#\/schema\/logo\/image\/"},"sameAs":["https:\/\/www.facebook.com\/MilantaCraft\/","https:\/\/www.instagram.com\/milanta_patis\/"]}]}},"_links":{"self":[{"href":"https:\/\/milanta.net\/es\/wp-json\/wp\/v2\/product\/2913","targetHints":{"allow":["GET"]}}],"collection":[{"href":"https:\/\/milanta.net\/es\/wp-json\/wp\/v2\/product"}],"about":[{"href":"https:\/\/milanta.net\/es\/wp-json\/wp\/v2\/types\/product"}],"version-history":[{"count":0,"href":"https:\/\/milanta.net\/es\/wp-json\/wp\/v2\/product\/2913\/revisions"}],"wp:featuredmedia":[{"embeddable":true,"href":"https:\/\/milanta.net\/es\/wp-json\/wp\/v2\/media\/2912"}],"wp:attachment":[{"href":"https:\/\/milanta.net\/es\/wp-json\/wp\/v2\/media?parent=2913"}],"wp:term":[{"taxonomy":"product_brand","embeddable":true,"href":"https:\/\/milanta.net\/es\/wp-json\/wp\/v2\/product_brand?post=2913"},{"taxonomy":"product_cat","embeddable":true,"href":"https:\/\/milanta.net\/es\/wp-json\/wp\/v2\/product_cat?post=2913"},{"taxonomy":"product_tag","embeddable":true,"href":"https:\/\/milanta.net\/es\/wp-json\/wp\/v2\/product_tag?post=2913"},{"taxonomy":"ubicacion-del-mobiliario","embeddable":true,"href":"https:\/\/milanta.net\/es\/wp-json\/wp\/v2\/ubicacion-del-mobiliario?post=2913"}],"curies":[{"name":"wp","href":"https:\/\/api.w.org\/{rel}","templated":true}]}}