{"id":2965,"date":"2015-07-28T11:47:54","date_gmt":"2015-07-28T11:47:54","guid":{"rendered":"https:\/\/milanta.net\/producto\/pont-de-fusta-amb-rampa-graons-i-barana\/"},"modified":"2025-04-23T13:32:46","modified_gmt":"2025-04-23T11:32:46","slug":"pont-de-fusta-amb-rampa-graons-i-barana","status":"publish","type":"product","link":"https:\/\/milanta.net\/es\/producte\/pont-de-fusta-amb-rampa-graons-i-barana\/","title":{"rendered":"Pont de fusta mitj\u00e0 amb accessos motrius"},"content":{"rendered":"<p>Aquesta estructura de fusta no ocupa massa espai i, en canvi, dona molt de joc, tant motriu com simb\u00f2lic. Es tracta d&#8217;una plataforma semi elevada amb escales i barana de cordes, per un costat, i rampa per l&#8217;altra. La plataforma que connecta els dos accessos t\u00e9 baranes de fusta.<\/p>\n<p>\u00c9s un element de joc fant\u00e0stic que obre la porta a m\u00faltiples maneres de jugar, moure\u2019s i relacionar-se i convida els infants a explorar el moviment des del joc actiu, despertant la seva curiositat i imaginaci\u00f3.<\/p>\n<p>La fusta emprada est\u00e0 tractada i polida per garantir resist\u00e8ncia i durabilitat a l\u2019exterior, sense perdre la seva textura c\u00e0lida i natural. \u00c9s un material viu que connecta els infants amb la natura i afavoreix un ambient ser\u00e8 i inspirador.<\/p>\n<p>Aquest tipus d\u2019estructures s\u00f3n peces clau en la transformaci\u00f3 dels patis escolars: deixen enrere els espais r\u00edgids i homogenis per donar lloc a entorns vius, diversos i flexibles, que posen l\u2019infant al centre. Fomenten l\u2019autonomia, l\u2019equilibri, la creativitat i el joc simb\u00f2lic i motor, essencials per al desenvolupament global dels nens i nenes.<\/p>\n<p>A Milanta, dissenyem escenaris oberts d\u2019aprenentatge i creixement, on cada infant pot viure el pati com un lloc propi, ple d\u2019aventures a mida.<\/p>\n","protected":false},"excerpt":{"rendered":"<p>Mirador petit de fusta amb rampa lliscant, graons i barana.<\/p>\n","protected":false},"featured_media":2962,"template":"","meta":[],"product_brand":[],"product_cat":[740],"product_tag":[],"ubicacion-del-mobiliario":[821],"class_list":{"0":"post-2965","1":"product","2":"type-product","3":"status-publish","4":"has-post-thumbnail","6":"product_cat-estructures-de-fusta-pel-pati","7":"ubicacion-del-mobiliario-exterior","9":"first","10":"instock","11":"taxable","12":"shipping-taxable","13":"purchasable","14":"product-type-simple"},"yoast_head":"<!-- This site is optimized with the Yoast SEO Premium plugin v21.6 (Yoast SEO v27.3) - https:\/\/yoast.com\/product\/yoast-seo-premium-wordpress\/ -->\n<title>Pont de fusta mitj\u00e0 amb accessos motrius - Milanta<\/title>\n<meta name=\"description\" content=\"Estructura de fusta composta de plataforma semi elevada amb escales i barana de cordes, per un costat, i rampa per l&#039;altra.\" \/>\n<meta name=\"robots\" content=\"index, follow, max-snippet:-1, max-image-preview:large, max-video-preview:-1\" \/>\n<link rel=\"canonical\" href=\"https:\/\/milanta.net\/es\/producte\/pont-de-fusta-amb-rampa-graons-i-barana\/\" \/>\n<meta property=\"og:locale\" content=\"es_ES\" \/>\n<meta property=\"og:type\" content=\"article\" \/>\n<meta property=\"og:title\" content=\"Pont de fusta mitj\u00e0 amb accessos motrius\" \/>\n<meta property=\"og:description\" content=\"Estructura de fusta composta de plataforma semi elevada amb escales i barana de cordes, per un costat, i rampa per l&#039;altra.\" \/>\n<meta property=\"og:url\" content=\"https:\/\/milanta.net\/es\/producte\/pont-de-fusta-amb-rampa-graons-i-barana\/\" \/>\n<meta property=\"og:site_name\" content=\"Milanta\" \/>\n<meta property=\"article:publisher\" content=\"https:\/\/www.facebook.com\/MilantaCraft\/\" \/>\n<meta property=\"article:modified_time\" content=\"2025-04-23T11:32:46+00:00\" \/>\n<meta property=\"og:image\" content=\"https:\/\/milanta.net\/wp-content\/uploads\/2015\/07\/2097-Pont-de-fusta-amb-rampa-graons-i-barana.jpg\" \/>\n\t<meta property=\"og:image:width\" content=\"975\" \/>\n\t<meta property=\"og:image:height\" content=\"601\" \/>\n\t<meta property=\"og:image:type\" content=\"image\/jpeg\" \/>\n<meta name=\"twitter:card\" content=\"summary_large_image\" \/>\n<meta name=\"twitter:label1\" content=\"Tiempo de lectura\" \/>\n\t<meta name=\"twitter:data1\" content=\"1 minuto\" \/>\n<script type=\"application\/ld+json\" class=\"yoast-schema-graph\">{\"@context\":\"https:\\\/\\\/schema.org\",\"@graph\":[{\"@type\":\"WebPage\",\"@id\":\"https:\\\/\\\/milanta.net\\\/es\\\/producte\\\/pont-de-fusta-amb-rampa-graons-i-barana\\\/\",\"url\":\"https:\\\/\\\/milanta.net\\\/es\\\/producte\\\/pont-de-fusta-amb-rampa-graons-i-barana\\\/\",\"name\":\"Pont de fusta mitj\u00e0 amb accessos motrius - Milanta\",\"isPartOf\":{\"@id\":\"https:\\\/\\\/milanta.net\\\/es\\\/#website\"},\"primaryImageOfPage\":{\"@id\":\"https:\\\/\\\/milanta.net\\\/es\\\/producte\\\/pont-de-fusta-amb-rampa-graons-i-barana\\\/#primaryimage\"},\"image\":{\"@id\":\"https:\\\/\\\/milanta.net\\\/es\\\/producte\\\/pont-de-fusta-amb-rampa-graons-i-barana\\\/#primaryimage\"},\"thumbnailUrl\":\"https:\\\/\\\/milanta.net\\\/wp-content\\\/uploads\\\/2015\\\/07\\\/2097-Pont-de-fusta-amb-rampa-graons-i-barana.jpg\",\"datePublished\":\"2015-07-28T11:47:54+00:00\",\"dateModified\":\"2025-04-23T11:32:46+00:00\",\"description\":\"Estructura de fusta composta de plataforma semi elevada amb escales i barana de cordes, per un costat, i rampa per l'altra.\",\"breadcrumb\":{\"@id\":\"https:\\\/\\\/milanta.net\\\/es\\\/producte\\\/pont-de-fusta-amb-rampa-graons-i-barana\\\/#breadcrumb\"},\"inLanguage\":\"es\",\"potentialAction\":[{\"@type\":\"ReadAction\",\"target\":[\"https:\\\/\\\/milanta.net\\\/es\\\/producte\\\/pont-de-fusta-amb-rampa-graons-i-barana\\\/\"]}]},{\"@type\":\"ImageObject\",\"inLanguage\":\"es\",\"@id\":\"https:\\\/\\\/milanta.net\\\/es\\\/producte\\\/pont-de-fusta-amb-rampa-graons-i-barana\\\/#primaryimage\",\"url\":\"https:\\\/\\\/milanta.net\\\/wp-content\\\/uploads\\\/2015\\\/07\\\/2097-Pont-de-fusta-amb-rampa-graons-i-barana.jpg\",\"contentUrl\":\"https:\\\/\\\/milanta.net\\\/wp-content\\\/uploads\\\/2015\\\/07\\\/2097-Pont-de-fusta-amb-rampa-graons-i-barana.jpg\",\"width\":975,\"height\":601,\"caption\":\"Pont de fusta amb rampa, graons i barana\"},{\"@type\":\"BreadcrumbList\",\"@id\":\"https:\\\/\\\/milanta.net\\\/es\\\/producte\\\/pont-de-fusta-amb-rampa-graons-i-barana\\\/#breadcrumb\",\"itemListElement\":[{\"@type\":\"ListItem\",\"position\":1,\"name\":\"Portada\",\"item\":\"https:\\\/\\\/milanta.net\\\/es\\\/\"},{\"@type\":\"ListItem\",\"position\":2,\"name\":\"Cat\u00e1logo\",\"item\":\"https:\\\/\\\/milanta.net\\\/es\\\/catalogo\\\/\"},{\"@type\":\"ListItem\",\"position\":3,\"name\":\"Pont de fusta mitj\u00e0 amb accessos motrius\"}]},{\"@type\":\"WebSite\",\"@id\":\"https:\\\/\\\/milanta.net\\\/es\\\/#website\",\"url\":\"https:\\\/\\\/milanta.net\\\/es\\\/\",\"name\":\"Milanta Patis Vius\",\"description\":\"ESPACIOS NATURALES Y CREATIVOS PARA LA EDUCACI\u00d3N\",\"publisher\":{\"@id\":\"https:\\\/\\\/milanta.net\\\/es\\\/#organization\"},\"alternateName\":\"Milanta - Patis Vius\",\"potentialAction\":[{\"@type\":\"SearchAction\",\"target\":{\"@type\":\"EntryPoint\",\"urlTemplate\":\"https:\\\/\\\/milanta.net\\\/es\\\/?s={search_term_string}\"},\"query-input\":{\"@type\":\"PropertyValueSpecification\",\"valueRequired\":true,\"valueName\":\"search_term_string\"}}],\"inLanguage\":\"es\"},{\"@type\":\"Organization\",\"@id\":\"https:\\\/\\\/milanta.net\\\/es\\\/#organization\",\"name\":\"Milanta\",\"url\":\"https:\\\/\\\/milanta.net\\\/es\\\/\",\"logo\":{\"@type\":\"ImageObject\",\"inLanguage\":\"es\",\"@id\":\"https:\\\/\\\/milanta.net\\\/es\\\/#\\\/schema\\\/logo\\\/image\\\/\",\"url\":\"https:\\\/\\\/milanta.net\\\/wp-content\\\/uploads\\\/2023\\\/04\\\/Logo-Milanta-color.svg\",\"contentUrl\":\"https:\\\/\\\/milanta.net\\\/wp-content\\\/uploads\\\/2023\\\/04\\\/Logo-Milanta-color.svg\",\"caption\":\"Milanta\"},\"image\":{\"@id\":\"https:\\\/\\\/milanta.net\\\/es\\\/#\\\/schema\\\/logo\\\/image\\\/\"},\"sameAs\":[\"https:\\\/\\\/www.facebook.com\\\/MilantaCraft\\\/\",\"https:\\\/\\\/www.instagram.com\\\/milanta_patis\\\/\"]}]}<\/script>\n<!-- \/ Yoast SEO Premium plugin. -->","yoast_head_json":{"title":"Pont de fusta mitj\u00e0 amb accessos motrius - Milanta","description":"Estructura de fusta composta de plataforma semi elevada amb escales i barana de cordes, per un costat, i rampa per l'altra.","robots":{"index":"index","follow":"follow","max-snippet":"max-snippet:-1","max-image-preview":"max-image-preview:large","max-video-preview":"max-video-preview:-1"},"canonical":"https:\/\/milanta.net\/es\/producte\/pont-de-fusta-amb-rampa-graons-i-barana\/","og_locale":"es_ES","og_type":"article","og_title":"Pont de fusta mitj\u00e0 amb accessos motrius","og_description":"Estructura de fusta composta de plataforma semi elevada amb escales i barana de cordes, per un costat, i rampa per l'altra.","og_url":"https:\/\/milanta.net\/es\/producte\/pont-de-fusta-amb-rampa-graons-i-barana\/","og_site_name":"Milanta","article_publisher":"https:\/\/www.facebook.com\/MilantaCraft\/","article_modified_time":"2025-04-23T11:32:46+00:00","og_image":[{"width":975,"height":601,"url":"https:\/\/milanta.net\/wp-content\/uploads\/2015\/07\/2097-Pont-de-fusta-amb-rampa-graons-i-barana.jpg","type":"image\/jpeg"}],"twitter_card":"summary_large_image","twitter_misc":{"Tiempo de lectura":"1 minuto"},"schema":{"@context":"https:\/\/schema.org","@graph":[{"@type":"WebPage","@id":"https:\/\/milanta.net\/es\/producte\/pont-de-fusta-amb-rampa-graons-i-barana\/","url":"https:\/\/milanta.net\/es\/producte\/pont-de-fusta-amb-rampa-graons-i-barana\/","name":"Pont de fusta mitj\u00e0 amb accessos motrius - Milanta","isPartOf":{"@id":"https:\/\/milanta.net\/es\/#website"},"primaryImageOfPage":{"@id":"https:\/\/milanta.net\/es\/producte\/pont-de-fusta-amb-rampa-graons-i-barana\/#primaryimage"},"image":{"@id":"https:\/\/milanta.net\/es\/producte\/pont-de-fusta-amb-rampa-graons-i-barana\/#primaryimage"},"thumbnailUrl":"https:\/\/milanta.net\/wp-content\/uploads\/2015\/07\/2097-Pont-de-fusta-amb-rampa-graons-i-barana.jpg","datePublished":"2015-07-28T11:47:54+00:00","dateModified":"2025-04-23T11:32:46+00:00","description":"Estructura de fusta composta de plataforma semi elevada amb escales i barana de cordes, per un costat, i rampa per l'altra.","breadcrumb":{"@id":"https:\/\/milanta.net\/es\/producte\/pont-de-fusta-amb-rampa-graons-i-barana\/#breadcrumb"},"inLanguage":"es","potentialAction":[{"@type":"ReadAction","target":["https:\/\/milanta.net\/es\/producte\/pont-de-fusta-amb-rampa-graons-i-barana\/"]}]},{"@type":"ImageObject","inLanguage":"es","@id":"https:\/\/milanta.net\/es\/producte\/pont-de-fusta-amb-rampa-graons-i-barana\/#primaryimage","url":"https:\/\/milanta.net\/wp-content\/uploads\/2015\/07\/2097-Pont-de-fusta-amb-rampa-graons-i-barana.jpg","contentUrl":"https:\/\/milanta.net\/wp-content\/uploads\/2015\/07\/2097-Pont-de-fusta-amb-rampa-graons-i-barana.jpg","width":975,"height":601,"caption":"Pont de fusta amb rampa, graons i barana"},{"@type":"BreadcrumbList","@id":"https:\/\/milanta.net\/es\/producte\/pont-de-fusta-amb-rampa-graons-i-barana\/#breadcrumb","itemListElement":[{"@type":"ListItem","position":1,"name":"Portada","item":"https:\/\/milanta.net\/es\/"},{"@type":"ListItem","position":2,"name":"Cat\u00e1logo","item":"https:\/\/milanta.net\/es\/catalogo\/"},{"@type":"ListItem","position":3,"name":"Pont de fusta mitj\u00e0 amb accessos motrius"}]},{"@type":"WebSite","@id":"https:\/\/milanta.net\/es\/#website","url":"https:\/\/milanta.net\/es\/","name":"Milanta Patis Vius","description":"ESPACIOS NATURALES Y CREATIVOS PARA LA EDUCACI\u00d3N","publisher":{"@id":"https:\/\/milanta.net\/es\/#organization"},"alternateName":"Milanta - Patis Vius","potentialAction":[{"@type":"SearchAction","target":{"@type":"EntryPoint","urlTemplate":"https:\/\/milanta.net\/es\/?s={search_term_string}"},"query-input":{"@type":"PropertyValueSpecification","valueRequired":true,"valueName":"search_term_string"}}],"inLanguage":"es"},{"@type":"Organization","@id":"https:\/\/milanta.net\/es\/#organization","name":"Milanta","url":"https:\/\/milanta.net\/es\/","logo":{"@type":"ImageObject","inLanguage":"es","@id":"https:\/\/milanta.net\/es\/#\/schema\/logo\/image\/","url":"https:\/\/milanta.net\/wp-content\/uploads\/2023\/04\/Logo-Milanta-color.svg","contentUrl":"https:\/\/milanta.net\/wp-content\/uploads\/2023\/04\/Logo-Milanta-color.svg","caption":"Milanta"},"image":{"@id":"https:\/\/milanta.net\/es\/#\/schema\/logo\/image\/"},"sameAs":["https:\/\/www.facebook.com\/MilantaCraft\/","https:\/\/www.instagram.com\/milanta_patis\/"]}]}},"_links":{"self":[{"href":"https:\/\/milanta.net\/es\/wp-json\/wp\/v2\/product\/2965","targetHints":{"allow":["GET"]}}],"collection":[{"href":"https:\/\/milanta.net\/es\/wp-json\/wp\/v2\/product"}],"about":[{"href":"https:\/\/milanta.net\/es\/wp-json\/wp\/v2\/types\/product"}],"version-history":[{"count":0,"href":"https:\/\/milanta.net\/es\/wp-json\/wp\/v2\/product\/2965\/revisions"}],"wp:featuredmedia":[{"embeddable":true,"href":"https:\/\/milanta.net\/es\/wp-json\/wp\/v2\/media\/2962"}],"wp:attachment":[{"href":"https:\/\/milanta.net\/es\/wp-json\/wp\/v2\/media?parent=2965"}],"wp:term":[{"taxonomy":"product_brand","embeddable":true,"href":"https:\/\/milanta.net\/es\/wp-json\/wp\/v2\/product_brand?post=2965"},{"taxonomy":"product_cat","embeddable":true,"href":"https:\/\/milanta.net\/es\/wp-json\/wp\/v2\/product_cat?post=2965"},{"taxonomy":"product_tag","embeddable":true,"href":"https:\/\/milanta.net\/es\/wp-json\/wp\/v2\/product_tag?post=2965"},{"taxonomy":"ubicacion-del-mobiliario","embeddable":true,"href":"https:\/\/milanta.net\/es\/wp-json\/wp\/v2\/ubicacion-del-mobiliario?post=2965"}],"curies":[{"name":"wp","href":"https:\/\/api.w.org\/{rel}","templated":true}]}}