{"id":3018,"date":"2015-09-24T13:18:19","date_gmt":"2015-09-24T13:18:19","guid":{"rendered":"https:\/\/milanta.net\/producto\/lot-petit-de-peces-de-l-armari\/"},"modified":"2024-09-16T11:24:08","modified_gmt":"2024-09-16T11:24:08","slug":"lot-petit-de-peces-de-l-armari","status":"publish","type":"product","link":"https:\/\/milanta.net\/es\/producte\/lot-petit-de-peces-de-l-armari\/","title":{"rendered":"Lot petit de peces de l&#8217;armari"},"content":{"rendered":"<p>Lot format per algunes de les peces del nostre armari dels somnis:4 m\u00f2duls de 1, 2 m\u00f2duls de 2, 2 m\u00f2duls de 4, 6 taulons de 2, 4 taulons de 3, 2 taulons de 4, 2 taulons de 6, 4 rodes de fusta.<\/p>\n<p>&nbsp;<\/p>\n","protected":false},"excerpt":{"rendered":"<p>Els somnis est\u00e0n fets a mida<\/p>\n","protected":false},"featured_media":3013,"template":"","meta":[],"product_brand":[],"product_cat":[123],"product_tag":[],"ubicacion-del-mobiliario":[],"class_list":{"0":"post-3018","1":"product","2":"type-product","3":"status-publish","4":"has-post-thumbnail","6":"product_cat-joc-simbolic-interior","8":"first","9":"instock","10":"taxable","11":"shipping-taxable","12":"purchasable","13":"product-type-simple"},"yoast_head":"<!-- This site is optimized with the Yoast SEO Premium plugin v21.6 (Yoast SEO v27.2) - https:\/\/yoast.com\/product\/yoast-seo-premium-wordpress\/ -->\n<title>Lot petit de peces de l&#039;armari - Milanta<\/title>\n<meta name=\"robots\" content=\"index, follow, max-snippet:-1, max-image-preview:large, max-video-preview:-1\" \/>\n<link rel=\"canonical\" href=\"https:\/\/milanta.net\/es\/producte\/lot-petit-de-peces-de-l-armari\/\" \/>\n<meta property=\"og:locale\" content=\"es_ES\" \/>\n<meta property=\"og:type\" content=\"article\" \/>\n<meta property=\"og:title\" content=\"Lot petit de peces de l&#039;armari\" \/>\n<meta property=\"og:description\" content=\"Els somnis est\u00e0n fets a mida\" \/>\n<meta property=\"og:url\" content=\"https:\/\/milanta.net\/es\/producte\/lot-petit-de-peces-de-l-armari\/\" \/>\n<meta property=\"og:site_name\" content=\"Milanta\" \/>\n<meta property=\"article:publisher\" content=\"https:\/\/www.facebook.com\/MilantaCraft\/\" \/>\n<meta property=\"article:modified_time\" content=\"2024-09-16T11:24:08+00:00\" \/>\n<meta property=\"og:image\" content=\"https:\/\/milanta.net\/wp-content\/uploads\/2015\/09\/1520-Lot-petit-de-peces-de-larmari.jpg\" \/>\n\t<meta property=\"og:image:width\" content=\"599\" \/>\n\t<meta property=\"og:image:height\" content=\"600\" \/>\n\t<meta property=\"og:image:type\" content=\"image\/jpeg\" \/>\n<meta name=\"twitter:card\" content=\"summary_large_image\" \/>\n<meta name=\"twitter:label1\" content=\"Tiempo de lectura\" \/>\n\t<meta name=\"twitter:data1\" content=\"1 minuto\" \/>\n<script type=\"application\/ld+json\" class=\"yoast-schema-graph\">{\"@context\":\"https:\/\/schema.org\",\"@graph\":[{\"@type\":\"WebPage\",\"@id\":\"https:\/\/milanta.net\/es\/producte\/lot-petit-de-peces-de-l-armari\/\",\"url\":\"https:\/\/milanta.net\/es\/producte\/lot-petit-de-peces-de-l-armari\/\",\"name\":\"Lot petit de peces de l'armari - Milanta\",\"isPartOf\":{\"@id\":\"https:\/\/milanta.net\/es\/#website\"},\"primaryImageOfPage\":{\"@id\":\"https:\/\/milanta.net\/es\/producte\/lot-petit-de-peces-de-l-armari\/#primaryimage\"},\"image\":{\"@id\":\"https:\/\/milanta.net\/es\/producte\/lot-petit-de-peces-de-l-armari\/#primaryimage\"},\"thumbnailUrl\":\"https:\/\/milanta.net\/wp-content\/uploads\/2015\/09\/1520-Lot-petit-de-peces-de-larmari.jpg\",\"datePublished\":\"2015-09-24T13:18:19+00:00\",\"dateModified\":\"2024-09-16T11:24:08+00:00\",\"breadcrumb\":{\"@id\":\"https:\/\/milanta.net\/es\/producte\/lot-petit-de-peces-de-l-armari\/#breadcrumb\"},\"inLanguage\":\"es\",\"potentialAction\":[{\"@type\":\"ReadAction\",\"target\":[\"https:\/\/milanta.net\/es\/producte\/lot-petit-de-peces-de-l-armari\/\"]}]},{\"@type\":\"ImageObject\",\"inLanguage\":\"es\",\"@id\":\"https:\/\/milanta.net\/es\/producte\/lot-petit-de-peces-de-l-armari\/#primaryimage\",\"url\":\"https:\/\/milanta.net\/wp-content\/uploads\/2015\/09\/1520-Lot-petit-de-peces-de-larmari.jpg\",\"contentUrl\":\"https:\/\/milanta.net\/wp-content\/uploads\/2015\/09\/1520-Lot-petit-de-peces-de-larmari.jpg\",\"width\":599,\"height\":600,\"caption\":\"Lot petit de peces de l'armari\"},{\"@type\":\"BreadcrumbList\",\"@id\":\"https:\/\/milanta.net\/es\/producte\/lot-petit-de-peces-de-l-armari\/#breadcrumb\",\"itemListElement\":[{\"@type\":\"ListItem\",\"position\":1,\"name\":\"Portada\",\"item\":\"https:\/\/milanta.net\/es\/\"},{\"@type\":\"ListItem\",\"position\":2,\"name\":\"Cat\u00e1logo\",\"item\":\"https:\/\/milanta.net\/es\/catalogo\/\"},{\"@type\":\"ListItem\",\"position\":3,\"name\":\"Lot petit de peces de l&#8217;armari\"}]},{\"@type\":\"WebSite\",\"@id\":\"https:\/\/milanta.net\/es\/#website\",\"url\":\"https:\/\/milanta.net\/es\/\",\"name\":\"Milanta Patis Vius\",\"description\":\"ESPACIOS NATURALES Y CREATIVOS PARA LA EDUCACI\u00d3N\",\"publisher\":{\"@id\":\"https:\/\/milanta.net\/es\/#organization\"},\"alternateName\":\"Milanta - Patis Vius\",\"potentialAction\":[{\"@type\":\"SearchAction\",\"target\":{\"@type\":\"EntryPoint\",\"urlTemplate\":\"https:\/\/milanta.net\/es\/?s={search_term_string}\"},\"query-input\":{\"@type\":\"PropertyValueSpecification\",\"valueRequired\":true,\"valueName\":\"search_term_string\"}}],\"inLanguage\":\"es\"},{\"@type\":\"Organization\",\"@id\":\"https:\/\/milanta.net\/es\/#organization\",\"name\":\"Milanta\",\"url\":\"https:\/\/milanta.net\/es\/\",\"logo\":{\"@type\":\"ImageObject\",\"inLanguage\":\"es\",\"@id\":\"https:\/\/milanta.net\/es\/#\/schema\/logo\/image\/\",\"url\":\"https:\/\/milanta.net\/wp-content\/uploads\/2023\/04\/Logo-Milanta-color.svg\",\"contentUrl\":\"https:\/\/milanta.net\/wp-content\/uploads\/2023\/04\/Logo-Milanta-color.svg\",\"width\":786,\"height\":486,\"caption\":\"Milanta\"},\"image\":{\"@id\":\"https:\/\/milanta.net\/es\/#\/schema\/logo\/image\/\"},\"sameAs\":[\"https:\/\/www.facebook.com\/MilantaCraft\/\",\"https:\/\/www.instagram.com\/milanta_patis\/\"]}]}<\/script>\n<!-- \/ Yoast SEO Premium plugin. -->","yoast_head_json":{"title":"Lot petit de peces de l'armari - Milanta","robots":{"index":"index","follow":"follow","max-snippet":"max-snippet:-1","max-image-preview":"max-image-preview:large","max-video-preview":"max-video-preview:-1"},"canonical":"https:\/\/milanta.net\/es\/producte\/lot-petit-de-peces-de-l-armari\/","og_locale":"es_ES","og_type":"article","og_title":"Lot petit de peces de l'armari","og_description":"Els somnis est\u00e0n fets a mida","og_url":"https:\/\/milanta.net\/es\/producte\/lot-petit-de-peces-de-l-armari\/","og_site_name":"Milanta","article_publisher":"https:\/\/www.facebook.com\/MilantaCraft\/","article_modified_time":"2024-09-16T11:24:08+00:00","og_image":[{"width":599,"height":600,"url":"https:\/\/milanta.net\/wp-content\/uploads\/2015\/09\/1520-Lot-petit-de-peces-de-larmari.jpg","type":"image\/jpeg"}],"twitter_card":"summary_large_image","twitter_misc":{"Tiempo de lectura":"1 minuto"},"schema":{"@context":"https:\/\/schema.org","@graph":[{"@type":"WebPage","@id":"https:\/\/milanta.net\/es\/producte\/lot-petit-de-peces-de-l-armari\/","url":"https:\/\/milanta.net\/es\/producte\/lot-petit-de-peces-de-l-armari\/","name":"Lot petit de peces de l'armari - Milanta","isPartOf":{"@id":"https:\/\/milanta.net\/es\/#website"},"primaryImageOfPage":{"@id":"https:\/\/milanta.net\/es\/producte\/lot-petit-de-peces-de-l-armari\/#primaryimage"},"image":{"@id":"https:\/\/milanta.net\/es\/producte\/lot-petit-de-peces-de-l-armari\/#primaryimage"},"thumbnailUrl":"https:\/\/milanta.net\/wp-content\/uploads\/2015\/09\/1520-Lot-petit-de-peces-de-larmari.jpg","datePublished":"2015-09-24T13:18:19+00:00","dateModified":"2024-09-16T11:24:08+00:00","breadcrumb":{"@id":"https:\/\/milanta.net\/es\/producte\/lot-petit-de-peces-de-l-armari\/#breadcrumb"},"inLanguage":"es","potentialAction":[{"@type":"ReadAction","target":["https:\/\/milanta.net\/es\/producte\/lot-petit-de-peces-de-l-armari\/"]}]},{"@type":"ImageObject","inLanguage":"es","@id":"https:\/\/milanta.net\/es\/producte\/lot-petit-de-peces-de-l-armari\/#primaryimage","url":"https:\/\/milanta.net\/wp-content\/uploads\/2015\/09\/1520-Lot-petit-de-peces-de-larmari.jpg","contentUrl":"https:\/\/milanta.net\/wp-content\/uploads\/2015\/09\/1520-Lot-petit-de-peces-de-larmari.jpg","width":599,"height":600,"caption":"Lot petit de peces de l'armari"},{"@type":"BreadcrumbList","@id":"https:\/\/milanta.net\/es\/producte\/lot-petit-de-peces-de-l-armari\/#breadcrumb","itemListElement":[{"@type":"ListItem","position":1,"name":"Portada","item":"https:\/\/milanta.net\/es\/"},{"@type":"ListItem","position":2,"name":"Cat\u00e1logo","item":"https:\/\/milanta.net\/es\/catalogo\/"},{"@type":"ListItem","position":3,"name":"Lot petit de peces de l&#8217;armari"}]},{"@type":"WebSite","@id":"https:\/\/milanta.net\/es\/#website","url":"https:\/\/milanta.net\/es\/","name":"Milanta Patis Vius","description":"ESPACIOS NATURALES Y CREATIVOS PARA LA EDUCACI\u00d3N","publisher":{"@id":"https:\/\/milanta.net\/es\/#organization"},"alternateName":"Milanta - Patis Vius","potentialAction":[{"@type":"SearchAction","target":{"@type":"EntryPoint","urlTemplate":"https:\/\/milanta.net\/es\/?s={search_term_string}"},"query-input":{"@type":"PropertyValueSpecification","valueRequired":true,"valueName":"search_term_string"}}],"inLanguage":"es"},{"@type":"Organization","@id":"https:\/\/milanta.net\/es\/#organization","name":"Milanta","url":"https:\/\/milanta.net\/es\/","logo":{"@type":"ImageObject","inLanguage":"es","@id":"https:\/\/milanta.net\/es\/#\/schema\/logo\/image\/","url":"https:\/\/milanta.net\/wp-content\/uploads\/2023\/04\/Logo-Milanta-color.svg","contentUrl":"https:\/\/milanta.net\/wp-content\/uploads\/2023\/04\/Logo-Milanta-color.svg","width":786,"height":486,"caption":"Milanta"},"image":{"@id":"https:\/\/milanta.net\/es\/#\/schema\/logo\/image\/"},"sameAs":["https:\/\/www.facebook.com\/MilantaCraft\/","https:\/\/www.instagram.com\/milanta_patis\/"]}]}},"_links":{"self":[{"href":"https:\/\/milanta.net\/es\/wp-json\/wp\/v2\/product\/3018","targetHints":{"allow":["GET"]}}],"collection":[{"href":"https:\/\/milanta.net\/es\/wp-json\/wp\/v2\/product"}],"about":[{"href":"https:\/\/milanta.net\/es\/wp-json\/wp\/v2\/types\/product"}],"version-history":[{"count":0,"href":"https:\/\/milanta.net\/es\/wp-json\/wp\/v2\/product\/3018\/revisions"}],"wp:featuredmedia":[{"embeddable":true,"href":"https:\/\/milanta.net\/es\/wp-json\/wp\/v2\/media\/3013"}],"wp:attachment":[{"href":"https:\/\/milanta.net\/es\/wp-json\/wp\/v2\/media?parent=3018"}],"wp:term":[{"taxonomy":"product_brand","embeddable":true,"href":"https:\/\/milanta.net\/es\/wp-json\/wp\/v2\/product_brand?post=3018"},{"taxonomy":"product_cat","embeddable":true,"href":"https:\/\/milanta.net\/es\/wp-json\/wp\/v2\/product_cat?post=3018"},{"taxonomy":"product_tag","embeddable":true,"href":"https:\/\/milanta.net\/es\/wp-json\/wp\/v2\/product_tag?post=3018"},{"taxonomy":"ubicacion-del-mobiliario","embeddable":true,"href":"https:\/\/milanta.net\/es\/wp-json\/wp\/v2\/ubicacion-del-mobiliario?post=3018"}],"curies":[{"name":"wp","href":"https:\/\/api.w.org\/{rel}","templated":true}]}}