{"id":3109,"date":"2017-01-12T13:51:33","date_gmt":"2017-01-12T13:51:33","guid":{"rendered":"https:\/\/milanta.net\/producto\/conjunt-d-equilibri-amb-troncs-2\/"},"modified":"2025-04-22T13:57:15","modified_gmt":"2025-04-22T11:57:15","slug":"conjunt-d-equilibri-amb-troncs-2","status":"publish","type":"product","link":"https:\/\/milanta.net\/es\/producte\/conjunt-d-equilibri-amb-troncs-2\/","title":{"rendered":"Circuit de troncs &#8211; 5 peces"},"content":{"rendered":"<p>Aquest circuit es compon de 3 troncs de 230 cm, 1 de 180 cm i 1 vertical de 80 cm., disposats estrat\u00e8gicament per afavorir el joc i el repte d&#8217;equilibri.<\/p>\n<p>Els troncs d&#8217;ac\u00e0cia s\u00f3n molt resistents i estan tractats i polits per estar a l&#8217;exterior.<\/p>\n<p>Tamb\u00e9 coneguda com a Mikado, aquesta estructura de fusta \u00e9s una proposta de joc fant\u00e0stica per un pati d&#8217;escoles Bressol.<\/p>\n<p>Jugant-hi, treballen l\u2019equilibri, la coordinaci\u00f3 i la percepci\u00f3 del propi cos en l\u2019espai, afavorint el desenvolupament psicomotor en un entorn natural i estimulant. Cada tronc \u00e9s diferent, com cada infant: la irregularitat del material viu promou l\u2019atenci\u00f3, la concentraci\u00f3 i l\u2019autoconfian\u00e7a. \u00c9s un element obert, que s\u2019adapta a m\u00faltiples usos i convida al joc cooperatiu, a l\u2019aventura i a la imaginaci\u00f3.<\/p>\n<p>Tenim diverses mides i models d&#8217;aquests circuits de troncs. Podeu veure&#8217;ls tots al nostre cat\u00e0leg d&#8217;estructures i materials per patis escolars. Si no us n&#8217;encaixa cap, tamb\u00e9 podem fer-los a mida. Demaneu-nos-en pressupost sense comprom\u00eds.<\/p>\n<p>&#8212;&#8212;<br \/>\nProposta de psicomotricitat per a l&#8217;exterior.<\/p>\n<p>Indicat per a espais infantils i patis de prim\u00e0ria amb s\u00f2l de terra o saul\u00f3.<\/p>\n<p>Podem fer a MIDA.<\/p>\n<p>&#8220;Mai hi ha dos troncs id\u00e8ntics, la fusta \u00e9s un material que s&#8217;altera amb el temps,\u00a0 les seves formes s\u00f3n irregulars i els muntatges mai queden igual que a les fotos. Les esquerdes a la fusta formen part de la natura viva del material, si s\u00f3n de menys de 8mm no us heu de preocupar. Aplicar anualment un nutrient com l&#8217;oli de llinosa ajuda a mantenir la fusta en bones condicions durant molts anys. Truqueu-nos si teniu algun dubte o necessiteu ajuda pel manteniment&#8221;<\/p>\n","protected":false},"excerpt":{"rendered":"<p>Joc d&#8217;equilibri ideal per Escoles Bressol.<\/p>\n","protected":false},"featured_media":5262,"template":"","meta":[],"product_brand":[],"product_cat":[837],"product_tag":[],"ubicacion-del-mobiliario":[821],"class_list":{"0":"post-3109","1":"product","2":"type-product","3":"status-publish","4":"has-post-thumbnail","6":"product_cat-circuits-de-troncs","7":"ubicacion-del-mobiliario-exterior","9":"first","10":"instock","11":"taxable","12":"shipping-taxable","13":"purchasable","14":"product-type-simple"},"yoast_head":"<!-- This site is optimized with the Yoast SEO Premium plugin v21.6 (Yoast SEO v27.3) - https:\/\/yoast.com\/product\/yoast-seo-premium-wordpress\/ -->\n<title>Circuit de troncs - 5 peces - Milanta<\/title>\n<meta name=\"description\" content=\"Aquest circuit de troncs, ideal per joc d&#039;equilibiri a Escoles Bressol, es compon de 3 troncs de 230 cm, 1 de 180 cm i 1 vertical de 80 cm.\" \/>\n<meta name=\"robots\" content=\"index, follow, max-snippet:-1, max-image-preview:large, max-video-preview:-1\" \/>\n<link rel=\"canonical\" href=\"https:\/\/milanta.net\/es\/producte\/conjunt-d-equilibri-amb-troncs-2\/\" \/>\n<meta property=\"og:locale\" content=\"es_ES\" \/>\n<meta property=\"og:type\" content=\"article\" \/>\n<meta property=\"og:title\" content=\"Circuit de troncs - 5 peces\" \/>\n<meta property=\"og:description\" content=\"Aquest circuit de troncs, ideal per joc d&#039;equilibiri a Escoles Bressol, es compon de 3 troncs de 230 cm, 1 de 180 cm i 1 vertical de 80 cm.\" \/>\n<meta property=\"og:url\" content=\"https:\/\/milanta.net\/es\/producte\/conjunt-d-equilibri-amb-troncs-2\/\" \/>\n<meta property=\"og:site_name\" content=\"Milanta\" \/>\n<meta property=\"article:publisher\" content=\"https:\/\/www.facebook.com\/MilantaCraft\/\" \/>\n<meta property=\"article:modified_time\" content=\"2025-04-22T11:57:15+00:00\" \/>\n<meta property=\"og:image\" content=\"https:\/\/milanta.net\/wp-content\/uploads\/2017\/01\/841-Conjunt-dequilibri-amb-5-troncs.jpg\" \/>\n\t<meta property=\"og:image:width\" content=\"1722\" \/>\n\t<meta property=\"og:image:height\" content=\"1720\" \/>\n\t<meta property=\"og:image:type\" content=\"image\/jpeg\" \/>\n<meta name=\"twitter:card\" content=\"summary_large_image\" \/>\n<meta name=\"twitter:label1\" content=\"Tiempo de lectura\" \/>\n\t<meta name=\"twitter:data1\" content=\"1 minuto\" \/>\n<script type=\"application\/ld+json\" class=\"yoast-schema-graph\">{\"@context\":\"https:\\\/\\\/schema.org\",\"@graph\":[{\"@type\":\"WebPage\",\"@id\":\"https:\\\/\\\/milanta.net\\\/es\\\/producte\\\/conjunt-d-equilibri-amb-troncs-2\\\/\",\"url\":\"https:\\\/\\\/milanta.net\\\/es\\\/producte\\\/conjunt-d-equilibri-amb-troncs-2\\\/\",\"name\":\"Circuit de troncs - 5 peces - Milanta\",\"isPartOf\":{\"@id\":\"https:\\\/\\\/milanta.net\\\/es\\\/#website\"},\"primaryImageOfPage\":{\"@id\":\"https:\\\/\\\/milanta.net\\\/es\\\/producte\\\/conjunt-d-equilibri-amb-troncs-2\\\/#primaryimage\"},\"image\":{\"@id\":\"https:\\\/\\\/milanta.net\\\/es\\\/producte\\\/conjunt-d-equilibri-amb-troncs-2\\\/#primaryimage\"},\"thumbnailUrl\":\"https:\\\/\\\/milanta.net\\\/wp-content\\\/uploads\\\/2017\\\/01\\\/841-Conjunt-dequilibri-amb-5-troncs.jpg\",\"datePublished\":\"2017-01-12T13:51:33+00:00\",\"dateModified\":\"2025-04-22T11:57:15+00:00\",\"description\":\"Aquest circuit de troncs, ideal per joc d'equilibiri a Escoles Bressol, es compon de 3 troncs de 230 cm, 1 de 180 cm i 1 vertical de 80 cm.\",\"breadcrumb\":{\"@id\":\"https:\\\/\\\/milanta.net\\\/es\\\/producte\\\/conjunt-d-equilibri-amb-troncs-2\\\/#breadcrumb\"},\"inLanguage\":\"es\",\"potentialAction\":[{\"@type\":\"ReadAction\",\"target\":[\"https:\\\/\\\/milanta.net\\\/es\\\/producte\\\/conjunt-d-equilibri-amb-troncs-2\\\/\"]}]},{\"@type\":\"ImageObject\",\"inLanguage\":\"es\",\"@id\":\"https:\\\/\\\/milanta.net\\\/es\\\/producte\\\/conjunt-d-equilibri-amb-troncs-2\\\/#primaryimage\",\"url\":\"https:\\\/\\\/milanta.net\\\/wp-content\\\/uploads\\\/2017\\\/01\\\/841-Conjunt-dequilibri-amb-5-troncs.jpg\",\"contentUrl\":\"https:\\\/\\\/milanta.net\\\/wp-content\\\/uploads\\\/2017\\\/01\\\/841-Conjunt-dequilibri-amb-5-troncs.jpg\",\"width\":1722,\"height\":1720},{\"@type\":\"BreadcrumbList\",\"@id\":\"https:\\\/\\\/milanta.net\\\/es\\\/producte\\\/conjunt-d-equilibri-amb-troncs-2\\\/#breadcrumb\",\"itemListElement\":[{\"@type\":\"ListItem\",\"position\":1,\"name\":\"Portada\",\"item\":\"https:\\\/\\\/milanta.net\\\/es\\\/\"},{\"@type\":\"ListItem\",\"position\":2,\"name\":\"Cat\u00e1logo\",\"item\":\"https:\\\/\\\/milanta.net\\\/es\\\/catalogo\\\/\"},{\"@type\":\"ListItem\",\"position\":3,\"name\":\"Circuit de troncs &#8211; 5 peces\"}]},{\"@type\":\"WebSite\",\"@id\":\"https:\\\/\\\/milanta.net\\\/es\\\/#website\",\"url\":\"https:\\\/\\\/milanta.net\\\/es\\\/\",\"name\":\"Milanta Patis Vius\",\"description\":\"ESPACIOS NATURALES Y CREATIVOS PARA LA EDUCACI\u00d3N\",\"publisher\":{\"@id\":\"https:\\\/\\\/milanta.net\\\/es\\\/#organization\"},\"alternateName\":\"Milanta - Patis Vius\",\"potentialAction\":[{\"@type\":\"SearchAction\",\"target\":{\"@type\":\"EntryPoint\",\"urlTemplate\":\"https:\\\/\\\/milanta.net\\\/es\\\/?s={search_term_string}\"},\"query-input\":{\"@type\":\"PropertyValueSpecification\",\"valueRequired\":true,\"valueName\":\"search_term_string\"}}],\"inLanguage\":\"es\"},{\"@type\":\"Organization\",\"@id\":\"https:\\\/\\\/milanta.net\\\/es\\\/#organization\",\"name\":\"Milanta\",\"url\":\"https:\\\/\\\/milanta.net\\\/es\\\/\",\"logo\":{\"@type\":\"ImageObject\",\"inLanguage\":\"es\",\"@id\":\"https:\\\/\\\/milanta.net\\\/es\\\/#\\\/schema\\\/logo\\\/image\\\/\",\"url\":\"https:\\\/\\\/milanta.net\\\/wp-content\\\/uploads\\\/2023\\\/04\\\/Logo-Milanta-color.svg\",\"contentUrl\":\"https:\\\/\\\/milanta.net\\\/wp-content\\\/uploads\\\/2023\\\/04\\\/Logo-Milanta-color.svg\",\"caption\":\"Milanta\"},\"image\":{\"@id\":\"https:\\\/\\\/milanta.net\\\/es\\\/#\\\/schema\\\/logo\\\/image\\\/\"},\"sameAs\":[\"https:\\\/\\\/www.facebook.com\\\/MilantaCraft\\\/\",\"https:\\\/\\\/www.instagram.com\\\/milanta_patis\\\/\"]}]}<\/script>\n<!-- \/ Yoast SEO Premium plugin. -->","yoast_head_json":{"title":"Circuit de troncs - 5 peces - Milanta","description":"Aquest circuit de troncs, ideal per joc d'equilibiri a Escoles Bressol, es compon de 3 troncs de 230 cm, 1 de 180 cm i 1 vertical de 80 cm.","robots":{"index":"index","follow":"follow","max-snippet":"max-snippet:-1","max-image-preview":"max-image-preview:large","max-video-preview":"max-video-preview:-1"},"canonical":"https:\/\/milanta.net\/es\/producte\/conjunt-d-equilibri-amb-troncs-2\/","og_locale":"es_ES","og_type":"article","og_title":"Circuit de troncs - 5 peces","og_description":"Aquest circuit de troncs, ideal per joc d'equilibiri a Escoles Bressol, es compon de 3 troncs de 230 cm, 1 de 180 cm i 1 vertical de 80 cm.","og_url":"https:\/\/milanta.net\/es\/producte\/conjunt-d-equilibri-amb-troncs-2\/","og_site_name":"Milanta","article_publisher":"https:\/\/www.facebook.com\/MilantaCraft\/","article_modified_time":"2025-04-22T11:57:15+00:00","og_image":[{"width":1722,"height":1720,"url":"https:\/\/milanta.net\/wp-content\/uploads\/2017\/01\/841-Conjunt-dequilibri-amb-5-troncs.jpg","type":"image\/jpeg"}],"twitter_card":"summary_large_image","twitter_misc":{"Tiempo de lectura":"1 minuto"},"schema":{"@context":"https:\/\/schema.org","@graph":[{"@type":"WebPage","@id":"https:\/\/milanta.net\/es\/producte\/conjunt-d-equilibri-amb-troncs-2\/","url":"https:\/\/milanta.net\/es\/producte\/conjunt-d-equilibri-amb-troncs-2\/","name":"Circuit de troncs - 5 peces - Milanta","isPartOf":{"@id":"https:\/\/milanta.net\/es\/#website"},"primaryImageOfPage":{"@id":"https:\/\/milanta.net\/es\/producte\/conjunt-d-equilibri-amb-troncs-2\/#primaryimage"},"image":{"@id":"https:\/\/milanta.net\/es\/producte\/conjunt-d-equilibri-amb-troncs-2\/#primaryimage"},"thumbnailUrl":"https:\/\/milanta.net\/wp-content\/uploads\/2017\/01\/841-Conjunt-dequilibri-amb-5-troncs.jpg","datePublished":"2017-01-12T13:51:33+00:00","dateModified":"2025-04-22T11:57:15+00:00","description":"Aquest circuit de troncs, ideal per joc d'equilibiri a Escoles Bressol, es compon de 3 troncs de 230 cm, 1 de 180 cm i 1 vertical de 80 cm.","breadcrumb":{"@id":"https:\/\/milanta.net\/es\/producte\/conjunt-d-equilibri-amb-troncs-2\/#breadcrumb"},"inLanguage":"es","potentialAction":[{"@type":"ReadAction","target":["https:\/\/milanta.net\/es\/producte\/conjunt-d-equilibri-amb-troncs-2\/"]}]},{"@type":"ImageObject","inLanguage":"es","@id":"https:\/\/milanta.net\/es\/producte\/conjunt-d-equilibri-amb-troncs-2\/#primaryimage","url":"https:\/\/milanta.net\/wp-content\/uploads\/2017\/01\/841-Conjunt-dequilibri-amb-5-troncs.jpg","contentUrl":"https:\/\/milanta.net\/wp-content\/uploads\/2017\/01\/841-Conjunt-dequilibri-amb-5-troncs.jpg","width":1722,"height":1720},{"@type":"BreadcrumbList","@id":"https:\/\/milanta.net\/es\/producte\/conjunt-d-equilibri-amb-troncs-2\/#breadcrumb","itemListElement":[{"@type":"ListItem","position":1,"name":"Portada","item":"https:\/\/milanta.net\/es\/"},{"@type":"ListItem","position":2,"name":"Cat\u00e1logo","item":"https:\/\/milanta.net\/es\/catalogo\/"},{"@type":"ListItem","position":3,"name":"Circuit de troncs &#8211; 5 peces"}]},{"@type":"WebSite","@id":"https:\/\/milanta.net\/es\/#website","url":"https:\/\/milanta.net\/es\/","name":"Milanta Patis Vius","description":"ESPACIOS NATURALES Y CREATIVOS PARA LA EDUCACI\u00d3N","publisher":{"@id":"https:\/\/milanta.net\/es\/#organization"},"alternateName":"Milanta - Patis Vius","potentialAction":[{"@type":"SearchAction","target":{"@type":"EntryPoint","urlTemplate":"https:\/\/milanta.net\/es\/?s={search_term_string}"},"query-input":{"@type":"PropertyValueSpecification","valueRequired":true,"valueName":"search_term_string"}}],"inLanguage":"es"},{"@type":"Organization","@id":"https:\/\/milanta.net\/es\/#organization","name":"Milanta","url":"https:\/\/milanta.net\/es\/","logo":{"@type":"ImageObject","inLanguage":"es","@id":"https:\/\/milanta.net\/es\/#\/schema\/logo\/image\/","url":"https:\/\/milanta.net\/wp-content\/uploads\/2023\/04\/Logo-Milanta-color.svg","contentUrl":"https:\/\/milanta.net\/wp-content\/uploads\/2023\/04\/Logo-Milanta-color.svg","caption":"Milanta"},"image":{"@id":"https:\/\/milanta.net\/es\/#\/schema\/logo\/image\/"},"sameAs":["https:\/\/www.facebook.com\/MilantaCraft\/","https:\/\/www.instagram.com\/milanta_patis\/"]}]}},"_links":{"self":[{"href":"https:\/\/milanta.net\/es\/wp-json\/wp\/v2\/product\/3109","targetHints":{"allow":["GET"]}}],"collection":[{"href":"https:\/\/milanta.net\/es\/wp-json\/wp\/v2\/product"}],"about":[{"href":"https:\/\/milanta.net\/es\/wp-json\/wp\/v2\/types\/product"}],"version-history":[{"count":0,"href":"https:\/\/milanta.net\/es\/wp-json\/wp\/v2\/product\/3109\/revisions"}],"wp:featuredmedia":[{"embeddable":true,"href":"https:\/\/milanta.net\/es\/wp-json\/wp\/v2\/media\/5262"}],"wp:attachment":[{"href":"https:\/\/milanta.net\/es\/wp-json\/wp\/v2\/media?parent=3109"}],"wp:term":[{"taxonomy":"product_brand","embeddable":true,"href":"https:\/\/milanta.net\/es\/wp-json\/wp\/v2\/product_brand?post=3109"},{"taxonomy":"product_cat","embeddable":true,"href":"https:\/\/milanta.net\/es\/wp-json\/wp\/v2\/product_cat?post=3109"},{"taxonomy":"product_tag","embeddable":true,"href":"https:\/\/milanta.net\/es\/wp-json\/wp\/v2\/product_tag?post=3109"},{"taxonomy":"ubicacion-del-mobiliario","embeddable":true,"href":"https:\/\/milanta.net\/es\/wp-json\/wp\/v2\/ubicacion-del-mobiliario?post=3109"}],"curies":[{"name":"wp","href":"https:\/\/api.w.org\/{rel}","templated":true}]}}