{"id":3122,"date":"2017-01-12T17:29:04","date_gmt":"2017-01-12T17:29:04","guid":{"rendered":"https:\/\/milanta.net\/producto\/circuit-de-4-balancins-amb-taulo\/"},"modified":"2025-04-22T13:57:32","modified_gmt":"2025-04-22T11:57:32","slug":"circuit-de-4-balancins-amb-taulo","status":"publish","type":"product","link":"https:\/\/milanta.net\/es\/producte\/circuit-de-4-balancins-amb-taulo\/","title":{"rendered":"Circuit m\u00f2bil de troncs: 4 balancins"},"content":{"rendered":"<p>Aquesta proposta de joc d&#8217;equilibri \u00e9s molt especial per a Milanta, ja que el nostre departament de I+D ha estat molts mesos estudiant i dissenyant cada detall perqu\u00e8 fos completament segura i compl\u00eds la Normativa Europea EN1176 (com totes les nostres estructures) i ara ja \u00e9s una realitat a diversos patis d&#8217;escoles i d&#8217;instituts del territori.<\/p>\n<p>Es tracta d\u2019un balanc\u00ed de fusta i pneum\u00e0tics perqu\u00e8 la canalla hi camini per sobre, fent equilibris i posant tots els sentits en el moviment, la posici\u00f3 i els pesos de cada un dels cossos que participen en el joc.<\/p>\n<p>Jugant-hi, treballen l\u2019equilibri, la coordinaci\u00f3 i la percepci\u00f3 del propi cos en l\u2019espai, afavorint el desenvolupament psicomotor en un entorn natural i estimulant. Cada tronc \u00e9s diferent, com cada infant: la irregularitat del material viu promou l\u2019atenci\u00f3, la concentraci\u00f3 i l\u2019autoconfian\u00e7a. \u00c9s un element obert, que s\u2019adapta a m\u00faltiples usos i convida al joc cooperatiu, a l\u2019aventura i a la imaginaci\u00f3.<\/p>\n<div style=\"width: 800px;\" class=\"wp-video\"><video class=\"wp-video-shortcode\" id=\"video-3122-1\" width=\"800\" height=\"450\" preload=\"metadata\" controls=\"controls\"><source type=\"video\/mp4\" src=\"https:\/\/milanta.net\/wp-content\/uploads\/2017\/01\/circuit_balancins_taulons.mp4?_=1\" \/><a href=\"https:\/\/milanta.net\/wp-content\/uploads\/2017\/01\/circuit_balancins_taulons.mp4\">https:\/\/milanta.net\/wp-content\/uploads\/2017\/01\/circuit_balancins_taulons.mp4<\/a><\/video><\/div>\n","protected":false},"excerpt":{"rendered":"<p>Estructura de fusta m\u00f2bil per proporcionar joc d&#8217;equilibri i moviment a patis d&#8217;escola i institut<\/p>\n","protected":false},"featured_media":8818,"template":"","meta":[],"product_brand":[],"product_cat":[837],"product_tag":[],"ubicacion-del-mobiliario":[821],"class_list":{"0":"post-3122","1":"product","2":"type-product","3":"status-publish","4":"has-post-thumbnail","6":"product_cat-circuits-de-troncs","7":"ubicacion-del-mobiliario-exterior","9":"first","10":"instock","11":"taxable","12":"shipping-taxable","13":"purchasable","14":"product-type-simple"},"yoast_head":"<!-- This site is optimized with the Yoast SEO Premium plugin v21.6 (Yoast SEO v27.2) - https:\/\/yoast.com\/product\/yoast-seo-premium-wordpress\/ -->\n<title>Circuit m\u00f2bil de troncs: 4 balancins - Milanta<\/title>\n<meta name=\"description\" content=\"Balanc\u00ed de fusta i pneum\u00e0tics per caminar-hi per sobre, fer equilibris i posar tots els sentits en el moviment, la posici\u00f3 i els pesos de cada participant.\" \/>\n<meta name=\"robots\" content=\"index, follow, max-snippet:-1, max-image-preview:large, max-video-preview:-1\" \/>\n<link rel=\"canonical\" href=\"https:\/\/milanta.net\/es\/producte\/circuit-de-4-balancins-amb-taulo\/\" \/>\n<meta property=\"og:locale\" content=\"es_ES\" \/>\n<meta property=\"og:type\" content=\"article\" \/>\n<meta property=\"og:title\" content=\"Circuit m\u00f2bil de troncs: 4 balancins\" \/>\n<meta property=\"og:description\" content=\"Balanc\u00ed de fusta i pneum\u00e0tics per caminar-hi per sobre, fer equilibris i posar tots els sentits en el moviment, la posici\u00f3 i els pesos de cada participant.\" \/>\n<meta property=\"og:url\" content=\"https:\/\/milanta.net\/es\/producte\/circuit-de-4-balancins-amb-taulo\/\" \/>\n<meta property=\"og:site_name\" content=\"Milanta\" \/>\n<meta property=\"article:publisher\" content=\"https:\/\/www.facebook.com\/MilantaCraft\/\" \/>\n<meta property=\"article:modified_time\" content=\"2025-04-22T11:57:32+00:00\" \/>\n<meta property=\"og:image\" content=\"https:\/\/milanta.net\/wp-content\/uploads\/2017\/01\/IMG_20231205_111937-1-scaled.jpg\" \/>\n\t<meta property=\"og:image:width\" content=\"2560\" \/>\n\t<meta property=\"og:image:height\" content=\"1917\" \/>\n\t<meta property=\"og:image:type\" content=\"image\/jpeg\" \/>\n<meta name=\"twitter:card\" content=\"summary_large_image\" \/>\n<meta name=\"twitter:label1\" content=\"Tiempo de lectura\" \/>\n\t<meta name=\"twitter:data1\" content=\"2 minutos\" \/>\n<script type=\"application\/ld+json\" class=\"yoast-schema-graph\">{\"@context\":\"https:\/\/schema.org\",\"@graph\":[{\"@type\":\"WebPage\",\"@id\":\"https:\/\/milanta.net\/es\/producte\/circuit-de-4-balancins-amb-taulo\/\",\"url\":\"https:\/\/milanta.net\/es\/producte\/circuit-de-4-balancins-amb-taulo\/\",\"name\":\"Circuit m\u00f2bil de troncs: 4 balancins - Milanta\",\"isPartOf\":{\"@id\":\"https:\/\/milanta.net\/es\/#website\"},\"primaryImageOfPage\":{\"@id\":\"https:\/\/milanta.net\/es\/producte\/circuit-de-4-balancins-amb-taulo\/#primaryimage\"},\"image\":{\"@id\":\"https:\/\/milanta.net\/es\/producte\/circuit-de-4-balancins-amb-taulo\/#primaryimage\"},\"thumbnailUrl\":\"https:\/\/milanta.net\/wp-content\/uploads\/2017\/01\/IMG_20231205_111937-1-scaled.jpg\",\"datePublished\":\"2017-01-12T17:29:04+00:00\",\"dateModified\":\"2025-04-22T11:57:32+00:00\",\"description\":\"Balanc\u00ed de fusta i pneum\u00e0tics per caminar-hi per sobre, fer equilibris i posar tots els sentits en el moviment, la posici\u00f3 i els pesos de cada participant.\",\"breadcrumb\":{\"@id\":\"https:\/\/milanta.net\/es\/producte\/circuit-de-4-balancins-amb-taulo\/#breadcrumb\"},\"inLanguage\":\"es\",\"potentialAction\":[{\"@type\":\"ReadAction\",\"target\":[\"https:\/\/milanta.net\/es\/producte\/circuit-de-4-balancins-amb-taulo\/\"]}]},{\"@type\":\"ImageObject\",\"inLanguage\":\"es\",\"@id\":\"https:\/\/milanta.net\/es\/producte\/circuit-de-4-balancins-amb-taulo\/#primaryimage\",\"url\":\"https:\/\/milanta.net\/wp-content\/uploads\/2017\/01\/IMG_20231205_111937-1-scaled.jpg\",\"contentUrl\":\"https:\/\/milanta.net\/wp-content\/uploads\/2017\/01\/IMG_20231205_111937-1-scaled.jpg\",\"width\":2560,\"height\":1917},{\"@type\":\"BreadcrumbList\",\"@id\":\"https:\/\/milanta.net\/es\/producte\/circuit-de-4-balancins-amb-taulo\/#breadcrumb\",\"itemListElement\":[{\"@type\":\"ListItem\",\"position\":1,\"name\":\"Portada\",\"item\":\"https:\/\/milanta.net\/es\/\"},{\"@type\":\"ListItem\",\"position\":2,\"name\":\"Cat\u00e1logo\",\"item\":\"https:\/\/milanta.net\/es\/catalogo\/\"},{\"@type\":\"ListItem\",\"position\":3,\"name\":\"Circuit m\u00f2bil de troncs: 4 balancins\"}]},{\"@type\":\"WebSite\",\"@id\":\"https:\/\/milanta.net\/es\/#website\",\"url\":\"https:\/\/milanta.net\/es\/\",\"name\":\"Milanta Patis Vius\",\"description\":\"ESPACIOS NATURALES Y CREATIVOS PARA LA EDUCACI\u00d3N\",\"publisher\":{\"@id\":\"https:\/\/milanta.net\/es\/#organization\"},\"alternateName\":\"Milanta - Patis Vius\",\"potentialAction\":[{\"@type\":\"SearchAction\",\"target\":{\"@type\":\"EntryPoint\",\"urlTemplate\":\"https:\/\/milanta.net\/es\/?s={search_term_string}\"},\"query-input\":{\"@type\":\"PropertyValueSpecification\",\"valueRequired\":true,\"valueName\":\"search_term_string\"}}],\"inLanguage\":\"es\"},{\"@type\":\"Organization\",\"@id\":\"https:\/\/milanta.net\/es\/#organization\",\"name\":\"Milanta\",\"url\":\"https:\/\/milanta.net\/es\/\",\"logo\":{\"@type\":\"ImageObject\",\"inLanguage\":\"es\",\"@id\":\"https:\/\/milanta.net\/es\/#\/schema\/logo\/image\/\",\"url\":\"https:\/\/milanta.net\/wp-content\/uploads\/2023\/04\/Logo-Milanta-color.svg\",\"contentUrl\":\"https:\/\/milanta.net\/wp-content\/uploads\/2023\/04\/Logo-Milanta-color.svg\",\"width\":786,\"height\":486,\"caption\":\"Milanta\"},\"image\":{\"@id\":\"https:\/\/milanta.net\/es\/#\/schema\/logo\/image\/\"},\"sameAs\":[\"https:\/\/www.facebook.com\/MilantaCraft\/\",\"https:\/\/www.instagram.com\/milanta_patis\/\"]}]}<\/script>\n<!-- \/ Yoast SEO Premium plugin. -->","yoast_head_json":{"title":"Circuit m\u00f2bil de troncs: 4 balancins - Milanta","description":"Balanc\u00ed de fusta i pneum\u00e0tics per caminar-hi per sobre, fer equilibris i posar tots els sentits en el moviment, la posici\u00f3 i els pesos de cada participant.","robots":{"index":"index","follow":"follow","max-snippet":"max-snippet:-1","max-image-preview":"max-image-preview:large","max-video-preview":"max-video-preview:-1"},"canonical":"https:\/\/milanta.net\/es\/producte\/circuit-de-4-balancins-amb-taulo\/","og_locale":"es_ES","og_type":"article","og_title":"Circuit m\u00f2bil de troncs: 4 balancins","og_description":"Balanc\u00ed de fusta i pneum\u00e0tics per caminar-hi per sobre, fer equilibris i posar tots els sentits en el moviment, la posici\u00f3 i els pesos de cada participant.","og_url":"https:\/\/milanta.net\/es\/producte\/circuit-de-4-balancins-amb-taulo\/","og_site_name":"Milanta","article_publisher":"https:\/\/www.facebook.com\/MilantaCraft\/","article_modified_time":"2025-04-22T11:57:32+00:00","og_image":[{"width":2560,"height":1917,"url":"https:\/\/milanta.net\/wp-content\/uploads\/2017\/01\/IMG_20231205_111937-1-scaled.jpg","type":"image\/jpeg"}],"twitter_card":"summary_large_image","twitter_misc":{"Tiempo de lectura":"2 minutos"},"schema":{"@context":"https:\/\/schema.org","@graph":[{"@type":"WebPage","@id":"https:\/\/milanta.net\/es\/producte\/circuit-de-4-balancins-amb-taulo\/","url":"https:\/\/milanta.net\/es\/producte\/circuit-de-4-balancins-amb-taulo\/","name":"Circuit m\u00f2bil de troncs: 4 balancins - Milanta","isPartOf":{"@id":"https:\/\/milanta.net\/es\/#website"},"primaryImageOfPage":{"@id":"https:\/\/milanta.net\/es\/producte\/circuit-de-4-balancins-amb-taulo\/#primaryimage"},"image":{"@id":"https:\/\/milanta.net\/es\/producte\/circuit-de-4-balancins-amb-taulo\/#primaryimage"},"thumbnailUrl":"https:\/\/milanta.net\/wp-content\/uploads\/2017\/01\/IMG_20231205_111937-1-scaled.jpg","datePublished":"2017-01-12T17:29:04+00:00","dateModified":"2025-04-22T11:57:32+00:00","description":"Balanc\u00ed de fusta i pneum\u00e0tics per caminar-hi per sobre, fer equilibris i posar tots els sentits en el moviment, la posici\u00f3 i els pesos de cada participant.","breadcrumb":{"@id":"https:\/\/milanta.net\/es\/producte\/circuit-de-4-balancins-amb-taulo\/#breadcrumb"},"inLanguage":"es","potentialAction":[{"@type":"ReadAction","target":["https:\/\/milanta.net\/es\/producte\/circuit-de-4-balancins-amb-taulo\/"]}]},{"@type":"ImageObject","inLanguage":"es","@id":"https:\/\/milanta.net\/es\/producte\/circuit-de-4-balancins-amb-taulo\/#primaryimage","url":"https:\/\/milanta.net\/wp-content\/uploads\/2017\/01\/IMG_20231205_111937-1-scaled.jpg","contentUrl":"https:\/\/milanta.net\/wp-content\/uploads\/2017\/01\/IMG_20231205_111937-1-scaled.jpg","width":2560,"height":1917},{"@type":"BreadcrumbList","@id":"https:\/\/milanta.net\/es\/producte\/circuit-de-4-balancins-amb-taulo\/#breadcrumb","itemListElement":[{"@type":"ListItem","position":1,"name":"Portada","item":"https:\/\/milanta.net\/es\/"},{"@type":"ListItem","position":2,"name":"Cat\u00e1logo","item":"https:\/\/milanta.net\/es\/catalogo\/"},{"@type":"ListItem","position":3,"name":"Circuit m\u00f2bil de troncs: 4 balancins"}]},{"@type":"WebSite","@id":"https:\/\/milanta.net\/es\/#website","url":"https:\/\/milanta.net\/es\/","name":"Milanta Patis Vius","description":"ESPACIOS NATURALES Y CREATIVOS PARA LA EDUCACI\u00d3N","publisher":{"@id":"https:\/\/milanta.net\/es\/#organization"},"alternateName":"Milanta - Patis Vius","potentialAction":[{"@type":"SearchAction","target":{"@type":"EntryPoint","urlTemplate":"https:\/\/milanta.net\/es\/?s={search_term_string}"},"query-input":{"@type":"PropertyValueSpecification","valueRequired":true,"valueName":"search_term_string"}}],"inLanguage":"es"},{"@type":"Organization","@id":"https:\/\/milanta.net\/es\/#organization","name":"Milanta","url":"https:\/\/milanta.net\/es\/","logo":{"@type":"ImageObject","inLanguage":"es","@id":"https:\/\/milanta.net\/es\/#\/schema\/logo\/image\/","url":"https:\/\/milanta.net\/wp-content\/uploads\/2023\/04\/Logo-Milanta-color.svg","contentUrl":"https:\/\/milanta.net\/wp-content\/uploads\/2023\/04\/Logo-Milanta-color.svg","width":786,"height":486,"caption":"Milanta"},"image":{"@id":"https:\/\/milanta.net\/es\/#\/schema\/logo\/image\/"},"sameAs":["https:\/\/www.facebook.com\/MilantaCraft\/","https:\/\/www.instagram.com\/milanta_patis\/"]}]}},"_links":{"self":[{"href":"https:\/\/milanta.net\/es\/wp-json\/wp\/v2\/product\/3122","targetHints":{"allow":["GET"]}}],"collection":[{"href":"https:\/\/milanta.net\/es\/wp-json\/wp\/v2\/product"}],"about":[{"href":"https:\/\/milanta.net\/es\/wp-json\/wp\/v2\/types\/product"}],"version-history":[{"count":0,"href":"https:\/\/milanta.net\/es\/wp-json\/wp\/v2\/product\/3122\/revisions"}],"wp:featuredmedia":[{"embeddable":true,"href":"https:\/\/milanta.net\/es\/wp-json\/wp\/v2\/media\/8818"}],"wp:attachment":[{"href":"https:\/\/milanta.net\/es\/wp-json\/wp\/v2\/media?parent=3122"}],"wp:term":[{"taxonomy":"product_brand","embeddable":true,"href":"https:\/\/milanta.net\/es\/wp-json\/wp\/v2\/product_brand?post=3122"},{"taxonomy":"product_cat","embeddable":true,"href":"https:\/\/milanta.net\/es\/wp-json\/wp\/v2\/product_cat?post=3122"},{"taxonomy":"product_tag","embeddable":true,"href":"https:\/\/milanta.net\/es\/wp-json\/wp\/v2\/product_tag?post=3122"},{"taxonomy":"ubicacion-del-mobiliario","embeddable":true,"href":"https:\/\/milanta.net\/es\/wp-json\/wp\/v2\/ubicacion-del-mobiliario?post=3122"}],"curies":[{"name":"wp","href":"https:\/\/api.w.org\/{rel}","templated":true}]}}