{"id":3143,"date":"2017-01-18T11:39:36","date_gmt":"2017-01-18T11:39:36","guid":{"rendered":"https:\/\/milanta.net\/producto\/cabana-de-fusta-amb-teulada-a-dues-aigues-amb-rocodrom-i-cordes\/"},"modified":"2025-03-31T13:31:13","modified_gmt":"2025-03-31T11:31:13","slug":"cabana-de-fusta-amb-teulada-a-dues-aigues-amb-rocodrom-i-cordes","status":"publish","type":"product","link":"https:\/\/milanta.net\/es\/producte\/cabana-de-fusta-amb-teulada-a-dues-aigues-amb-rocodrom-i-cordes\/","title":{"rendered":"Cabana de fusta &#8211; Amb propostes motrius"},"content":{"rendered":"<p>Les casetes de fusta s\u00f3n un element molt ric per als patis escolars. Proporcionen un espai de recolliment ideal per desenvolupar el joc simb\u00f2lic i esdevenir un amagatall i un escenari perfecte en el joc m\u00e9s din\u00e0mic.<\/p>\n<p>La caracter\u00edstica principal d&#8217;aquesta caseta, molt resistent per a l&#8217;exterior, \u00e9s que la teulada a dues aig\u00fces s&#8217;aprofita per col\u00b7locar-hi propostes de joc motriu i d&#8217;equilibri com ho s\u00f3n les cordes i les paparres d&#8217;escalar.<\/p>\n<p>En aquest cas, cal que vagi envoltada de terra esmorte\u00efdor, com l&#8217;ull de perdiu o similar, que tamb\u00e9 us podem proporcionar.<\/p>\n<p>&nbsp;<\/p>\n","protected":false},"excerpt":{"rendered":"<p>Cabana de fusta amb teulada a dues aig\u00fces, d&#8217;una hi pengen cordes i a l&#8217;altre s&#8217;hi ancoren preses d&#8217;escalada.<\/p>\n","protected":false},"featured_media":3139,"template":"","meta":[],"product_brand":[],"product_cat":[739,117],"product_tag":[736],"ubicacion-del-mobiliario":[],"class_list":{"0":"post-3143","1":"product","2":"type-product","3":"status-publish","4":"has-post-thumbnail","6":"product_cat-casetes-i-cabanes-de-fusta","7":"product_cat-exterior-pati-i-jardi","8":"product_tag-casetes-i-cabanes","10":"first","11":"instock","12":"taxable","13":"shipping-taxable","14":"purchasable","15":"product-type-simple"},"yoast_head":"<!-- This site is optimized with the Yoast SEO Premium plugin v21.6 (Yoast SEO v27.3) - https:\/\/yoast.com\/product\/yoast-seo-premium-wordpress\/ -->\n<title>Cabana de fusta - Amb propostes motrius - Milanta<\/title>\n<meta name=\"robots\" content=\"index, follow, max-snippet:-1, max-image-preview:large, max-video-preview:-1\" \/>\n<link rel=\"canonical\" href=\"https:\/\/milanta.net\/es\/producte\/cabana-de-fusta-amb-teulada-a-dues-aigues-amb-rocodrom-i-cordes\/\" \/>\n<meta property=\"og:locale\" content=\"es_ES\" \/>\n<meta property=\"og:type\" content=\"article\" \/>\n<meta property=\"og:title\" content=\"Cabana de fusta - Amb propostes motrius\" \/>\n<meta property=\"og:description\" content=\"Cabana de fusta amb teulada a dues aig\u00fces, d&#039;una hi pengen cordes i a l&#039;altre s&#039;hi ancoren preses d&#039;escalada.\" \/>\n<meta property=\"og:url\" content=\"https:\/\/milanta.net\/es\/producte\/cabana-de-fusta-amb-teulada-a-dues-aigues-amb-rocodrom-i-cordes\/\" \/>\n<meta property=\"og:site_name\" content=\"Milanta\" \/>\n<meta property=\"article:publisher\" content=\"https:\/\/www.facebook.com\/MilantaCraft\/\" \/>\n<meta property=\"article:modified_time\" content=\"2025-03-31T11:31:13+00:00\" \/>\n<meta property=\"og:image\" content=\"https:\/\/milanta.net\/wp-content\/uploads\/2017\/01\/1552-Cabana-de-fusta-amb-teulada-a-dues-aigues-amb-cordes-i-paparres-descalar.jpg\" \/>\n\t<meta property=\"og:image:width\" content=\"599\" \/>\n\t<meta property=\"og:image:height\" content=\"600\" \/>\n\t<meta property=\"og:image:type\" content=\"image\/jpeg\" \/>\n<meta name=\"twitter:card\" content=\"summary_large_image\" \/>\n<meta name=\"twitter:label1\" content=\"Tiempo de lectura\" \/>\n\t<meta name=\"twitter:data1\" content=\"1 minuto\" \/>\n<script type=\"application\/ld+json\" class=\"yoast-schema-graph\">{\"@context\":\"https:\\\/\\\/schema.org\",\"@graph\":[{\"@type\":\"WebPage\",\"@id\":\"https:\\\/\\\/milanta.net\\\/es\\\/producte\\\/cabana-de-fusta-amb-teulada-a-dues-aigues-amb-rocodrom-i-cordes\\\/\",\"url\":\"https:\\\/\\\/milanta.net\\\/es\\\/producte\\\/cabana-de-fusta-amb-teulada-a-dues-aigues-amb-rocodrom-i-cordes\\\/\",\"name\":\"Cabana de fusta - Amb propostes motrius - Milanta\",\"isPartOf\":{\"@id\":\"https:\\\/\\\/milanta.net\\\/es\\\/#website\"},\"primaryImageOfPage\":{\"@id\":\"https:\\\/\\\/milanta.net\\\/es\\\/producte\\\/cabana-de-fusta-amb-teulada-a-dues-aigues-amb-rocodrom-i-cordes\\\/#primaryimage\"},\"image\":{\"@id\":\"https:\\\/\\\/milanta.net\\\/es\\\/producte\\\/cabana-de-fusta-amb-teulada-a-dues-aigues-amb-rocodrom-i-cordes\\\/#primaryimage\"},\"thumbnailUrl\":\"https:\\\/\\\/milanta.net\\\/wp-content\\\/uploads\\\/2017\\\/01\\\/1552-Cabana-de-fusta-amb-teulada-a-dues-aigues-amb-cordes-i-paparres-descalar.jpg\",\"datePublished\":\"2017-01-18T11:39:36+00:00\",\"dateModified\":\"2025-03-31T11:31:13+00:00\",\"breadcrumb\":{\"@id\":\"https:\\\/\\\/milanta.net\\\/es\\\/producte\\\/cabana-de-fusta-amb-teulada-a-dues-aigues-amb-rocodrom-i-cordes\\\/#breadcrumb\"},\"inLanguage\":\"es\",\"potentialAction\":[{\"@type\":\"ReadAction\",\"target\":[\"https:\\\/\\\/milanta.net\\\/es\\\/producte\\\/cabana-de-fusta-amb-teulada-a-dues-aigues-amb-rocodrom-i-cordes\\\/\"]}]},{\"@type\":\"ImageObject\",\"inLanguage\":\"es\",\"@id\":\"https:\\\/\\\/milanta.net\\\/es\\\/producte\\\/cabana-de-fusta-amb-teulada-a-dues-aigues-amb-rocodrom-i-cordes\\\/#primaryimage\",\"url\":\"https:\\\/\\\/milanta.net\\\/wp-content\\\/uploads\\\/2017\\\/01\\\/1552-Cabana-de-fusta-amb-teulada-a-dues-aigues-amb-cordes-i-paparres-descalar.jpg\",\"contentUrl\":\"https:\\\/\\\/milanta.net\\\/wp-content\\\/uploads\\\/2017\\\/01\\\/1552-Cabana-de-fusta-amb-teulada-a-dues-aigues-amb-cordes-i-paparres-descalar.jpg\",\"width\":599,\"height\":600,\"caption\":\"Cabana de fusta amb teulada a dues aig\u00fces amb cordes i paparres d'escalar\"},{\"@type\":\"BreadcrumbList\",\"@id\":\"https:\\\/\\\/milanta.net\\\/es\\\/producte\\\/cabana-de-fusta-amb-teulada-a-dues-aigues-amb-rocodrom-i-cordes\\\/#breadcrumb\",\"itemListElement\":[{\"@type\":\"ListItem\",\"position\":1,\"name\":\"Portada\",\"item\":\"https:\\\/\\\/milanta.net\\\/es\\\/\"},{\"@type\":\"ListItem\",\"position\":2,\"name\":\"Cat\u00e1logo\",\"item\":\"https:\\\/\\\/milanta.net\\\/es\\\/catalogo\\\/\"},{\"@type\":\"ListItem\",\"position\":3,\"name\":\"Cabana de fusta &#8211; Amb propostes motrius\"}]},{\"@type\":\"WebSite\",\"@id\":\"https:\\\/\\\/milanta.net\\\/es\\\/#website\",\"url\":\"https:\\\/\\\/milanta.net\\\/es\\\/\",\"name\":\"Milanta Patis Vius\",\"description\":\"ESPACIOS NATURALES Y CREATIVOS PARA LA EDUCACI\u00d3N\",\"publisher\":{\"@id\":\"https:\\\/\\\/milanta.net\\\/es\\\/#organization\"},\"alternateName\":\"Milanta - Patis Vius\",\"potentialAction\":[{\"@type\":\"SearchAction\",\"target\":{\"@type\":\"EntryPoint\",\"urlTemplate\":\"https:\\\/\\\/milanta.net\\\/es\\\/?s={search_term_string}\"},\"query-input\":{\"@type\":\"PropertyValueSpecification\",\"valueRequired\":true,\"valueName\":\"search_term_string\"}}],\"inLanguage\":\"es\"},{\"@type\":\"Organization\",\"@id\":\"https:\\\/\\\/milanta.net\\\/es\\\/#organization\",\"name\":\"Milanta\",\"url\":\"https:\\\/\\\/milanta.net\\\/es\\\/\",\"logo\":{\"@type\":\"ImageObject\",\"inLanguage\":\"es\",\"@id\":\"https:\\\/\\\/milanta.net\\\/es\\\/#\\\/schema\\\/logo\\\/image\\\/\",\"url\":\"https:\\\/\\\/milanta.net\\\/wp-content\\\/uploads\\\/2023\\\/04\\\/Logo-Milanta-color.svg\",\"contentUrl\":\"https:\\\/\\\/milanta.net\\\/wp-content\\\/uploads\\\/2023\\\/04\\\/Logo-Milanta-color.svg\",\"width\":786,\"height\":486,\"caption\":\"Milanta\"},\"image\":{\"@id\":\"https:\\\/\\\/milanta.net\\\/es\\\/#\\\/schema\\\/logo\\\/image\\\/\"},\"sameAs\":[\"https:\\\/\\\/www.facebook.com\\\/MilantaCraft\\\/\",\"https:\\\/\\\/www.instagram.com\\\/milanta_patis\\\/\"]}]}<\/script>\n<!-- \/ Yoast SEO Premium plugin. -->","yoast_head_json":{"title":"Cabana de fusta - Amb propostes motrius - Milanta","robots":{"index":"index","follow":"follow","max-snippet":"max-snippet:-1","max-image-preview":"max-image-preview:large","max-video-preview":"max-video-preview:-1"},"canonical":"https:\/\/milanta.net\/es\/producte\/cabana-de-fusta-amb-teulada-a-dues-aigues-amb-rocodrom-i-cordes\/","og_locale":"es_ES","og_type":"article","og_title":"Cabana de fusta - Amb propostes motrius","og_description":"Cabana de fusta amb teulada a dues aig\u00fces, d'una hi pengen cordes i a l'altre s'hi ancoren preses d'escalada.","og_url":"https:\/\/milanta.net\/es\/producte\/cabana-de-fusta-amb-teulada-a-dues-aigues-amb-rocodrom-i-cordes\/","og_site_name":"Milanta","article_publisher":"https:\/\/www.facebook.com\/MilantaCraft\/","article_modified_time":"2025-03-31T11:31:13+00:00","og_image":[{"width":599,"height":600,"url":"https:\/\/milanta.net\/wp-content\/uploads\/2017\/01\/1552-Cabana-de-fusta-amb-teulada-a-dues-aigues-amb-cordes-i-paparres-descalar.jpg","type":"image\/jpeg"}],"twitter_card":"summary_large_image","twitter_misc":{"Tiempo de lectura":"1 minuto"},"schema":{"@context":"https:\/\/schema.org","@graph":[{"@type":"WebPage","@id":"https:\/\/milanta.net\/es\/producte\/cabana-de-fusta-amb-teulada-a-dues-aigues-amb-rocodrom-i-cordes\/","url":"https:\/\/milanta.net\/es\/producte\/cabana-de-fusta-amb-teulada-a-dues-aigues-amb-rocodrom-i-cordes\/","name":"Cabana de fusta - Amb propostes motrius - Milanta","isPartOf":{"@id":"https:\/\/milanta.net\/es\/#website"},"primaryImageOfPage":{"@id":"https:\/\/milanta.net\/es\/producte\/cabana-de-fusta-amb-teulada-a-dues-aigues-amb-rocodrom-i-cordes\/#primaryimage"},"image":{"@id":"https:\/\/milanta.net\/es\/producte\/cabana-de-fusta-amb-teulada-a-dues-aigues-amb-rocodrom-i-cordes\/#primaryimage"},"thumbnailUrl":"https:\/\/milanta.net\/wp-content\/uploads\/2017\/01\/1552-Cabana-de-fusta-amb-teulada-a-dues-aigues-amb-cordes-i-paparres-descalar.jpg","datePublished":"2017-01-18T11:39:36+00:00","dateModified":"2025-03-31T11:31:13+00:00","breadcrumb":{"@id":"https:\/\/milanta.net\/es\/producte\/cabana-de-fusta-amb-teulada-a-dues-aigues-amb-rocodrom-i-cordes\/#breadcrumb"},"inLanguage":"es","potentialAction":[{"@type":"ReadAction","target":["https:\/\/milanta.net\/es\/producte\/cabana-de-fusta-amb-teulada-a-dues-aigues-amb-rocodrom-i-cordes\/"]}]},{"@type":"ImageObject","inLanguage":"es","@id":"https:\/\/milanta.net\/es\/producte\/cabana-de-fusta-amb-teulada-a-dues-aigues-amb-rocodrom-i-cordes\/#primaryimage","url":"https:\/\/milanta.net\/wp-content\/uploads\/2017\/01\/1552-Cabana-de-fusta-amb-teulada-a-dues-aigues-amb-cordes-i-paparres-descalar.jpg","contentUrl":"https:\/\/milanta.net\/wp-content\/uploads\/2017\/01\/1552-Cabana-de-fusta-amb-teulada-a-dues-aigues-amb-cordes-i-paparres-descalar.jpg","width":599,"height":600,"caption":"Cabana de fusta amb teulada a dues aig\u00fces amb cordes i paparres d'escalar"},{"@type":"BreadcrumbList","@id":"https:\/\/milanta.net\/es\/producte\/cabana-de-fusta-amb-teulada-a-dues-aigues-amb-rocodrom-i-cordes\/#breadcrumb","itemListElement":[{"@type":"ListItem","position":1,"name":"Portada","item":"https:\/\/milanta.net\/es\/"},{"@type":"ListItem","position":2,"name":"Cat\u00e1logo","item":"https:\/\/milanta.net\/es\/catalogo\/"},{"@type":"ListItem","position":3,"name":"Cabana de fusta &#8211; Amb propostes motrius"}]},{"@type":"WebSite","@id":"https:\/\/milanta.net\/es\/#website","url":"https:\/\/milanta.net\/es\/","name":"Milanta Patis Vius","description":"ESPACIOS NATURALES Y CREATIVOS PARA LA EDUCACI\u00d3N","publisher":{"@id":"https:\/\/milanta.net\/es\/#organization"},"alternateName":"Milanta - Patis Vius","potentialAction":[{"@type":"SearchAction","target":{"@type":"EntryPoint","urlTemplate":"https:\/\/milanta.net\/es\/?s={search_term_string}"},"query-input":{"@type":"PropertyValueSpecification","valueRequired":true,"valueName":"search_term_string"}}],"inLanguage":"es"},{"@type":"Organization","@id":"https:\/\/milanta.net\/es\/#organization","name":"Milanta","url":"https:\/\/milanta.net\/es\/","logo":{"@type":"ImageObject","inLanguage":"es","@id":"https:\/\/milanta.net\/es\/#\/schema\/logo\/image\/","url":"https:\/\/milanta.net\/wp-content\/uploads\/2023\/04\/Logo-Milanta-color.svg","contentUrl":"https:\/\/milanta.net\/wp-content\/uploads\/2023\/04\/Logo-Milanta-color.svg","width":786,"height":486,"caption":"Milanta"},"image":{"@id":"https:\/\/milanta.net\/es\/#\/schema\/logo\/image\/"},"sameAs":["https:\/\/www.facebook.com\/MilantaCraft\/","https:\/\/www.instagram.com\/milanta_patis\/"]}]}},"_links":{"self":[{"href":"https:\/\/milanta.net\/es\/wp-json\/wp\/v2\/product\/3143","targetHints":{"allow":["GET"]}}],"collection":[{"href":"https:\/\/milanta.net\/es\/wp-json\/wp\/v2\/product"}],"about":[{"href":"https:\/\/milanta.net\/es\/wp-json\/wp\/v2\/types\/product"}],"version-history":[{"count":0,"href":"https:\/\/milanta.net\/es\/wp-json\/wp\/v2\/product\/3143\/revisions"}],"wp:featuredmedia":[{"embeddable":true,"href":"https:\/\/milanta.net\/es\/wp-json\/wp\/v2\/media\/3139"}],"wp:attachment":[{"href":"https:\/\/milanta.net\/es\/wp-json\/wp\/v2\/media?parent=3143"}],"wp:term":[{"taxonomy":"product_brand","embeddable":true,"href":"https:\/\/milanta.net\/es\/wp-json\/wp\/v2\/product_brand?post=3143"},{"taxonomy":"product_cat","embeddable":true,"href":"https:\/\/milanta.net\/es\/wp-json\/wp\/v2\/product_cat?post=3143"},{"taxonomy":"product_tag","embeddable":true,"href":"https:\/\/milanta.net\/es\/wp-json\/wp\/v2\/product_tag?post=3143"},{"taxonomy":"ubicacion-del-mobiliario","embeddable":true,"href":"https:\/\/milanta.net\/es\/wp-json\/wp\/v2\/ubicacion-del-mobiliario?post=3143"}],"curies":[{"name":"wp","href":"https:\/\/api.w.org\/{rel}","templated":true}]}}