{"id":3151,"date":"2017-01-20T11:50:19","date_gmt":"2017-01-20T11:50:19","guid":{"rendered":"https:\/\/milanta.net\/producto\/agora-2\/"},"modified":"2025-03-21T13:09:37","modified_gmt":"2025-03-21T12:09:37","slug":"agora-de-fusta-model-2","status":"publish","type":"product","link":"https:\/\/milanta.net\/es\/producte\/agora-de-fusta-model-2\/","title":{"rendered":"\u00c0gora de fusta &#8211; Model 2"},"content":{"rendered":"<p>Aquesta \u00e0gora de fusta \u00e9s perfecta per crear espais de trobada, d&#8217;aula exterior i, fins i tot, de joc motriu al pati de l&#8217;escola.<\/p>\n<p>La caracter\u00edstica principal d&#8217;aquest model \u00e9s que te 13 travesses, col\u00b7locades a diferents al\u00e7ades al voltant d&#8217;un arbre o d&#8217;una columna, per aprofitar l&#8217;espai al m\u00e0xim.<\/p>\n<p>La fusta de les travesses \u00e9s ecol\u00f2gica, t\u00e9 les cantonades romes i est\u00e0 tractada per estar a l&#8217;exterior.<\/p>\n<p>Tenim moltes altres \u00e0gores disponibles en el nostre cat\u00e0leg, per\u00f2 si no us encaixen per espai o finalitat d&#8217;\u00fas, la podem fer a mida. Demaneu-nos pressupost sense comprom\u00eds.<\/p>\n<p>&nbsp;<\/p>\n","protected":false},"excerpt":{"rendered":"<p>\u00c0gora de fusta de 13 travesses per col\u00b7locar al voltant d&#8217;un arbre o columna.<\/p>\n","protected":false},"featured_media":3148,"template":"","meta":[],"product_brand":[],"product_cat":[741,117],"product_tag":[737],"ubicacion-del-mobiliario":[],"class_list":{"0":"post-3151","1":"product","2":"type-product","3":"status-publish","4":"has-post-thumbnail","6":"product_cat-aules-dexterior","7":"product_cat-exterior-pati-i-jardi","8":"product_tag-agores","10":"first","11":"instock","12":"taxable","13":"shipping-taxable","14":"purchasable","15":"product-type-simple"},"yoast_head":"<!-- This site is optimized with the Yoast SEO Premium plugin v21.6 (Yoast SEO v27.2) - https:\/\/yoast.com\/product\/yoast-seo-premium-wordpress\/ -->\n<title>\u00c0gora de fusta - Model 2 - Milanta<\/title>\n<meta name=\"robots\" content=\"index, follow, max-snippet:-1, max-image-preview:large, max-video-preview:-1\" \/>\n<link rel=\"canonical\" href=\"https:\/\/milanta.net\/es\/producte\/agora-de-fusta-model-2\/\" \/>\n<meta property=\"og:locale\" content=\"es_ES\" \/>\n<meta property=\"og:type\" content=\"article\" \/>\n<meta property=\"og:title\" content=\"\u00c0gora de fusta - Model 2\" \/>\n<meta property=\"og:description\" content=\"\u00c0gora de fusta de 13 travesses per col\u00b7locar al voltant d&#039;un arbre o columna.\" \/>\n<meta property=\"og:url\" content=\"https:\/\/milanta.net\/es\/producte\/agora-de-fusta-model-2\/\" \/>\n<meta property=\"og:site_name\" content=\"Milanta\" \/>\n<meta property=\"article:publisher\" content=\"https:\/\/www.facebook.com\/MilantaCraft\/\" \/>\n<meta property=\"article:modified_time\" content=\"2025-03-21T12:09:37+00:00\" \/>\n<meta property=\"og:image\" content=\"https:\/\/milanta.net\/wp-content\/uploads\/2017\/01\/1687-Agora-2.jpg\" \/>\n\t<meta property=\"og:image:width\" content=\"640\" \/>\n\t<meta property=\"og:image:height\" content=\"480\" \/>\n\t<meta property=\"og:image:type\" content=\"image\/jpeg\" \/>\n<meta name=\"twitter:card\" content=\"summary_large_image\" \/>\n<meta name=\"twitter:label1\" content=\"Tiempo de lectura\" \/>\n\t<meta name=\"twitter:data1\" content=\"1 minuto\" \/>\n<script type=\"application\/ld+json\" class=\"yoast-schema-graph\">{\"@context\":\"https:\/\/schema.org\",\"@graph\":[{\"@type\":\"WebPage\",\"@id\":\"https:\/\/milanta.net\/es\/producte\/agora-de-fusta-model-2\/\",\"url\":\"https:\/\/milanta.net\/es\/producte\/agora-de-fusta-model-2\/\",\"name\":\"\u00c0gora de fusta - Model 2 - Milanta\",\"isPartOf\":{\"@id\":\"https:\/\/milanta.net\/es\/#website\"},\"primaryImageOfPage\":{\"@id\":\"https:\/\/milanta.net\/es\/producte\/agora-de-fusta-model-2\/#primaryimage\"},\"image\":{\"@id\":\"https:\/\/milanta.net\/es\/producte\/agora-de-fusta-model-2\/#primaryimage\"},\"thumbnailUrl\":\"https:\/\/milanta.net\/wp-content\/uploads\/2017\/01\/1687-Agora-2.jpg\",\"datePublished\":\"2017-01-20T11:50:19+00:00\",\"dateModified\":\"2025-03-21T12:09:37+00:00\",\"breadcrumb\":{\"@id\":\"https:\/\/milanta.net\/es\/producte\/agora-de-fusta-model-2\/#breadcrumb\"},\"inLanguage\":\"es\",\"potentialAction\":[{\"@type\":\"ReadAction\",\"target\":[\"https:\/\/milanta.net\/es\/producte\/agora-de-fusta-model-2\/\"]}]},{\"@type\":\"ImageObject\",\"inLanguage\":\"es\",\"@id\":\"https:\/\/milanta.net\/es\/producte\/agora-de-fusta-model-2\/#primaryimage\",\"url\":\"https:\/\/milanta.net\/wp-content\/uploads\/2017\/01\/1687-Agora-2.jpg\",\"contentUrl\":\"https:\/\/milanta.net\/wp-content\/uploads\/2017\/01\/1687-Agora-2.jpg\",\"width\":640,\"height\":480,\"caption\":\"\u00c0gora 2\"},{\"@type\":\"BreadcrumbList\",\"@id\":\"https:\/\/milanta.net\/es\/producte\/agora-de-fusta-model-2\/#breadcrumb\",\"itemListElement\":[{\"@type\":\"ListItem\",\"position\":1,\"name\":\"Portada\",\"item\":\"https:\/\/milanta.net\/es\/\"},{\"@type\":\"ListItem\",\"position\":2,\"name\":\"Cat\u00e1logo\",\"item\":\"https:\/\/milanta.net\/es\/catalogo\/\"},{\"@type\":\"ListItem\",\"position\":3,\"name\":\"\u00c0gora de fusta &#8211; Model 2\"}]},{\"@type\":\"WebSite\",\"@id\":\"https:\/\/milanta.net\/es\/#website\",\"url\":\"https:\/\/milanta.net\/es\/\",\"name\":\"Milanta Patis Vius\",\"description\":\"ESPACIOS NATURALES Y CREATIVOS PARA LA EDUCACI\u00d3N\",\"publisher\":{\"@id\":\"https:\/\/milanta.net\/es\/#organization\"},\"alternateName\":\"Milanta - Patis Vius\",\"potentialAction\":[{\"@type\":\"SearchAction\",\"target\":{\"@type\":\"EntryPoint\",\"urlTemplate\":\"https:\/\/milanta.net\/es\/?s={search_term_string}\"},\"query-input\":{\"@type\":\"PropertyValueSpecification\",\"valueRequired\":true,\"valueName\":\"search_term_string\"}}],\"inLanguage\":\"es\"},{\"@type\":\"Organization\",\"@id\":\"https:\/\/milanta.net\/es\/#organization\",\"name\":\"Milanta\",\"url\":\"https:\/\/milanta.net\/es\/\",\"logo\":{\"@type\":\"ImageObject\",\"inLanguage\":\"es\",\"@id\":\"https:\/\/milanta.net\/es\/#\/schema\/logo\/image\/\",\"url\":\"https:\/\/milanta.net\/wp-content\/uploads\/2023\/04\/Logo-Milanta-color.svg\",\"contentUrl\":\"https:\/\/milanta.net\/wp-content\/uploads\/2023\/04\/Logo-Milanta-color.svg\",\"width\":786,\"height\":486,\"caption\":\"Milanta\"},\"image\":{\"@id\":\"https:\/\/milanta.net\/es\/#\/schema\/logo\/image\/\"},\"sameAs\":[\"https:\/\/www.facebook.com\/MilantaCraft\/\",\"https:\/\/www.instagram.com\/milanta_patis\/\"]}]}<\/script>\n<!-- \/ Yoast SEO Premium plugin. -->","yoast_head_json":{"title":"\u00c0gora de fusta - Model 2 - Milanta","robots":{"index":"index","follow":"follow","max-snippet":"max-snippet:-1","max-image-preview":"max-image-preview:large","max-video-preview":"max-video-preview:-1"},"canonical":"https:\/\/milanta.net\/es\/producte\/agora-de-fusta-model-2\/","og_locale":"es_ES","og_type":"article","og_title":"\u00c0gora de fusta - Model 2","og_description":"\u00c0gora de fusta de 13 travesses per col\u00b7locar al voltant d'un arbre o columna.","og_url":"https:\/\/milanta.net\/es\/producte\/agora-de-fusta-model-2\/","og_site_name":"Milanta","article_publisher":"https:\/\/www.facebook.com\/MilantaCraft\/","article_modified_time":"2025-03-21T12:09:37+00:00","og_image":[{"width":640,"height":480,"url":"https:\/\/milanta.net\/wp-content\/uploads\/2017\/01\/1687-Agora-2.jpg","type":"image\/jpeg"}],"twitter_card":"summary_large_image","twitter_misc":{"Tiempo de lectura":"1 minuto"},"schema":{"@context":"https:\/\/schema.org","@graph":[{"@type":"WebPage","@id":"https:\/\/milanta.net\/es\/producte\/agora-de-fusta-model-2\/","url":"https:\/\/milanta.net\/es\/producte\/agora-de-fusta-model-2\/","name":"\u00c0gora de fusta - Model 2 - Milanta","isPartOf":{"@id":"https:\/\/milanta.net\/es\/#website"},"primaryImageOfPage":{"@id":"https:\/\/milanta.net\/es\/producte\/agora-de-fusta-model-2\/#primaryimage"},"image":{"@id":"https:\/\/milanta.net\/es\/producte\/agora-de-fusta-model-2\/#primaryimage"},"thumbnailUrl":"https:\/\/milanta.net\/wp-content\/uploads\/2017\/01\/1687-Agora-2.jpg","datePublished":"2017-01-20T11:50:19+00:00","dateModified":"2025-03-21T12:09:37+00:00","breadcrumb":{"@id":"https:\/\/milanta.net\/es\/producte\/agora-de-fusta-model-2\/#breadcrumb"},"inLanguage":"es","potentialAction":[{"@type":"ReadAction","target":["https:\/\/milanta.net\/es\/producte\/agora-de-fusta-model-2\/"]}]},{"@type":"ImageObject","inLanguage":"es","@id":"https:\/\/milanta.net\/es\/producte\/agora-de-fusta-model-2\/#primaryimage","url":"https:\/\/milanta.net\/wp-content\/uploads\/2017\/01\/1687-Agora-2.jpg","contentUrl":"https:\/\/milanta.net\/wp-content\/uploads\/2017\/01\/1687-Agora-2.jpg","width":640,"height":480,"caption":"\u00c0gora 2"},{"@type":"BreadcrumbList","@id":"https:\/\/milanta.net\/es\/producte\/agora-de-fusta-model-2\/#breadcrumb","itemListElement":[{"@type":"ListItem","position":1,"name":"Portada","item":"https:\/\/milanta.net\/es\/"},{"@type":"ListItem","position":2,"name":"Cat\u00e1logo","item":"https:\/\/milanta.net\/es\/catalogo\/"},{"@type":"ListItem","position":3,"name":"\u00c0gora de fusta &#8211; Model 2"}]},{"@type":"WebSite","@id":"https:\/\/milanta.net\/es\/#website","url":"https:\/\/milanta.net\/es\/","name":"Milanta Patis Vius","description":"ESPACIOS NATURALES Y CREATIVOS PARA LA EDUCACI\u00d3N","publisher":{"@id":"https:\/\/milanta.net\/es\/#organization"},"alternateName":"Milanta - Patis Vius","potentialAction":[{"@type":"SearchAction","target":{"@type":"EntryPoint","urlTemplate":"https:\/\/milanta.net\/es\/?s={search_term_string}"},"query-input":{"@type":"PropertyValueSpecification","valueRequired":true,"valueName":"search_term_string"}}],"inLanguage":"es"},{"@type":"Organization","@id":"https:\/\/milanta.net\/es\/#organization","name":"Milanta","url":"https:\/\/milanta.net\/es\/","logo":{"@type":"ImageObject","inLanguage":"es","@id":"https:\/\/milanta.net\/es\/#\/schema\/logo\/image\/","url":"https:\/\/milanta.net\/wp-content\/uploads\/2023\/04\/Logo-Milanta-color.svg","contentUrl":"https:\/\/milanta.net\/wp-content\/uploads\/2023\/04\/Logo-Milanta-color.svg","width":786,"height":486,"caption":"Milanta"},"image":{"@id":"https:\/\/milanta.net\/es\/#\/schema\/logo\/image\/"},"sameAs":["https:\/\/www.facebook.com\/MilantaCraft\/","https:\/\/www.instagram.com\/milanta_patis\/"]}]}},"_links":{"self":[{"href":"https:\/\/milanta.net\/es\/wp-json\/wp\/v2\/product\/3151","targetHints":{"allow":["GET"]}}],"collection":[{"href":"https:\/\/milanta.net\/es\/wp-json\/wp\/v2\/product"}],"about":[{"href":"https:\/\/milanta.net\/es\/wp-json\/wp\/v2\/types\/product"}],"version-history":[{"count":0,"href":"https:\/\/milanta.net\/es\/wp-json\/wp\/v2\/product\/3151\/revisions"}],"wp:featuredmedia":[{"embeddable":true,"href":"https:\/\/milanta.net\/es\/wp-json\/wp\/v2\/media\/3148"}],"wp:attachment":[{"href":"https:\/\/milanta.net\/es\/wp-json\/wp\/v2\/media?parent=3151"}],"wp:term":[{"taxonomy":"product_brand","embeddable":true,"href":"https:\/\/milanta.net\/es\/wp-json\/wp\/v2\/product_brand?post=3151"},{"taxonomy":"product_cat","embeddable":true,"href":"https:\/\/milanta.net\/es\/wp-json\/wp\/v2\/product_cat?post=3151"},{"taxonomy":"product_tag","embeddable":true,"href":"https:\/\/milanta.net\/es\/wp-json\/wp\/v2\/product_tag?post=3151"},{"taxonomy":"ubicacion-del-mobiliario","embeddable":true,"href":"https:\/\/milanta.net\/es\/wp-json\/wp\/v2\/ubicacion-del-mobiliario?post=3151"}],"curies":[{"name":"wp","href":"https:\/\/api.w.org\/{rel}","templated":true}]}}