{"id":3192,"date":"2017-04-24T12:11:22","date_gmt":"2017-04-24T12:11:22","guid":{"rendered":"https:\/\/milanta.net\/producto\/estructura-d-equilibri-amb-9-troncs\/"},"modified":"2025-09-26T11:37:32","modified_gmt":"2025-09-26T09:37:32","slug":"estructura-d-equilibri-amb-9-troncs","status":"publish","type":"product","link":"https:\/\/milanta.net\/es\/producte\/estructura-d-equilibri-amb-9-troncs\/","title":{"rendered":"Circuit de troncs &#8211; La Pau &#8211; 9 peces"},"content":{"rendered":"<p>Aquest circuit es compon de 9 troncs de fusta d&#8217;ac\u00e0cia, disposats estrat\u00e8gicament per afavorir el joc i el repte d&#8217;equilibri: Dos troncs de 230 cm, 4 de 160 cm, 2 de 80 cm i 1 en forma d&#8217;Y.<\/p>\n<p>Els troncs d&#8217;ac\u00e0cia s\u00f3n molt resistents i estan tractats i polits per estar a l&#8217;exterior.<\/p>\n<p>Tamb\u00e9 conegudes com a Mikado, aquestes estructures de fusta s\u00f3n una proposta de joc fant\u00e0stica per un pati d&#8217;escola de prim\u00e0ria.<\/p>\n<p>Jugant-hi, treballen l\u2019equilibri, la coordinaci\u00f3 i la percepci\u00f3 del propi cos en l\u2019espai, afavorint el desenvolupament psicomotor en un entorn natural i estimulant. Cada tronc \u00e9s diferent, com cada infant: la irregularitat del material viu promou l\u2019atenci\u00f3, la concentraci\u00f3 i l\u2019autoconfian\u00e7a. \u00c9s un element obert, que s\u2019adapta a m\u00faltiples usos i convida al joc cooperatiu, a l\u2019aventura i a la imaginaci\u00f3.<\/p>\n<p>Tenim diverses mides i models d&#8217;aquests circuits de troncs. Podeu veure&#8217;ls tots al nostre cat\u00e0leg d&#8217;estructures i materials per patis escolars. Si no us n&#8217;encaixa cap, tamb\u00e9 podem fer-los a mida. Demaneu-nos-en pressupost sense comprom\u00eds.<\/p>\n<p>&#8212;-<\/p>\n<p>Indicat per a espais infantils i patis amb s\u00f2l de terra o saul\u00f3.<\/p>\n<p>Es pot fer a mida.<\/p>\n<p>Si us interessa haur\u00edeu d&#8217;enviar fotos de l&#8217;espai i us farem un pressupost a mida.<\/p>\n<p>&#8220;Mai hi ha dos troncs id\u00e8ntics, la fusta \u00e9s un material que s&#8217;altera amb el temps, les seves formes s\u00f3n irregulars i els muntatges mai queden igual que a les fotos. Les esquerdes a la fusta formen part de la natura viva del material, si s\u00f3n de menys de 8mm no us heu de preocupar. Aplicar anualment un nutrient com l&#8217;oli de llinosa ajuda a mantenir la fusta en bones condicions durant molts anys. Truqueu-nos si teniu algun dubte o necessiteu ajuda pel manteniment&#8221;<\/p>\n","protected":false},"excerpt":{"rendered":"<p>Estructura de fusta per afavorir els jocs d&#8217;equilibiri als patis d&#8217;escola prim\u00e0ria.<\/p>\n","protected":false},"featured_media":3188,"template":"","meta":[],"product_brand":[],"product_cat":[837,117],"product_tag":[],"ubicacion-del-mobiliario":[821],"class_list":{"0":"post-3192","1":"product","2":"type-product","3":"status-publish","4":"has-post-thumbnail","6":"product_cat-circuits-de-troncs","7":"product_cat-exterior-pati-i-jardi","8":"ubicacion-del-mobiliario-exterior","10":"first","11":"instock","12":"taxable","13":"shipping-taxable","14":"purchasable","15":"product-type-simple"},"yoast_head":"<!-- This site is optimized with the Yoast SEO Premium plugin v21.6 (Yoast SEO v27.3) - https:\/\/yoast.com\/product\/yoast-seo-premium-wordpress\/ -->\n<title>Circuit de troncs - La Pau - 9 peces - Milanta<\/title>\n<meta name=\"description\" content=\"Aquest circuit es compon de 9 troncs de fusta d&#039;ac\u00e0cia, disposats estrat\u00e8gicament per afavorir el joc i el repte d&#039;equilibri.\" \/>\n<meta name=\"robots\" content=\"index, follow, max-snippet:-1, max-image-preview:large, max-video-preview:-1\" \/>\n<link rel=\"canonical\" href=\"https:\/\/milanta.net\/es\/producte\/estructura-d-equilibri-amb-9-troncs\/\" \/>\n<meta property=\"og:locale\" content=\"es_ES\" \/>\n<meta property=\"og:type\" content=\"article\" \/>\n<meta property=\"og:title\" content=\"Circuit de troncs - La Pau - 9 peces\" \/>\n<meta property=\"og:description\" content=\"Aquest circuit es compon de 9 troncs de fusta d&#039;ac\u00e0cia, disposats estrat\u00e8gicament per afavorir el joc i el repte d&#039;equilibri.\" \/>\n<meta property=\"og:url\" content=\"https:\/\/milanta.net\/es\/producte\/estructura-d-equilibri-amb-9-troncs\/\" \/>\n<meta property=\"og:site_name\" content=\"Milanta\" \/>\n<meta property=\"article:publisher\" content=\"https:\/\/www.facebook.com\/MilantaCraft\/\" \/>\n<meta property=\"article:modified_time\" content=\"2025-09-26T09:37:32+00:00\" \/>\n<meta property=\"og:image\" content=\"https:\/\/milanta.net\/wp-content\/uploads\/2017\/04\/1540-Estructura-dequilibri-LA-PAU-amb-9-troncs.jpg\" \/>\n\t<meta property=\"og:image:width\" content=\"599\" \/>\n\t<meta property=\"og:image:height\" content=\"599\" \/>\n\t<meta property=\"og:image:type\" content=\"image\/jpeg\" \/>\n<meta name=\"twitter:card\" content=\"summary_large_image\" \/>\n<meta name=\"twitter:label1\" content=\"Tiempo de lectura\" \/>\n\t<meta name=\"twitter:data1\" content=\"2 minutos\" \/>\n<script type=\"application\/ld+json\" class=\"yoast-schema-graph\">{\"@context\":\"https:\\\/\\\/schema.org\",\"@graph\":[{\"@type\":\"WebPage\",\"@id\":\"https:\\\/\\\/milanta.net\\\/es\\\/producte\\\/estructura-d-equilibri-amb-9-troncs\\\/\",\"url\":\"https:\\\/\\\/milanta.net\\\/es\\\/producte\\\/estructura-d-equilibri-amb-9-troncs\\\/\",\"name\":\"Circuit de troncs - La Pau - 9 peces - Milanta\",\"isPartOf\":{\"@id\":\"https:\\\/\\\/milanta.net\\\/es\\\/#website\"},\"primaryImageOfPage\":{\"@id\":\"https:\\\/\\\/milanta.net\\\/es\\\/producte\\\/estructura-d-equilibri-amb-9-troncs\\\/#primaryimage\"},\"image\":{\"@id\":\"https:\\\/\\\/milanta.net\\\/es\\\/producte\\\/estructura-d-equilibri-amb-9-troncs\\\/#primaryimage\"},\"thumbnailUrl\":\"https:\\\/\\\/milanta.net\\\/wp-content\\\/uploads\\\/2017\\\/04\\\/1540-Estructura-dequilibri-LA-PAU-amb-9-troncs.jpg\",\"datePublished\":\"2017-04-24T12:11:22+00:00\",\"dateModified\":\"2025-09-26T09:37:32+00:00\",\"description\":\"Aquest circuit es compon de 9 troncs de fusta d'ac\u00e0cia, disposats estrat\u00e8gicament per afavorir el joc i el repte d'equilibri.\",\"breadcrumb\":{\"@id\":\"https:\\\/\\\/milanta.net\\\/es\\\/producte\\\/estructura-d-equilibri-amb-9-troncs\\\/#breadcrumb\"},\"inLanguage\":\"es\",\"potentialAction\":[{\"@type\":\"ReadAction\",\"target\":[\"https:\\\/\\\/milanta.net\\\/es\\\/producte\\\/estructura-d-equilibri-amb-9-troncs\\\/\"]}]},{\"@type\":\"ImageObject\",\"inLanguage\":\"es\",\"@id\":\"https:\\\/\\\/milanta.net\\\/es\\\/producte\\\/estructura-d-equilibri-amb-9-troncs\\\/#primaryimage\",\"url\":\"https:\\\/\\\/milanta.net\\\/wp-content\\\/uploads\\\/2017\\\/04\\\/1540-Estructura-dequilibri-LA-PAU-amb-9-troncs.jpg\",\"contentUrl\":\"https:\\\/\\\/milanta.net\\\/wp-content\\\/uploads\\\/2017\\\/04\\\/1540-Estructura-dequilibri-LA-PAU-amb-9-troncs.jpg\",\"width\":599,\"height\":599,\"caption\":\"Estructura d'equilibri \\\"LA PAU\\\" amb 9 troncs\"},{\"@type\":\"BreadcrumbList\",\"@id\":\"https:\\\/\\\/milanta.net\\\/es\\\/producte\\\/estructura-d-equilibri-amb-9-troncs\\\/#breadcrumb\",\"itemListElement\":[{\"@type\":\"ListItem\",\"position\":1,\"name\":\"Portada\",\"item\":\"https:\\\/\\\/milanta.net\\\/es\\\/\"},{\"@type\":\"ListItem\",\"position\":2,\"name\":\"Cat\u00e1logo\",\"item\":\"https:\\\/\\\/milanta.net\\\/es\\\/catalogo\\\/\"},{\"@type\":\"ListItem\",\"position\":3,\"name\":\"Circuit de troncs &#8211; La Pau &#8211; 9 peces\"}]},{\"@type\":\"WebSite\",\"@id\":\"https:\\\/\\\/milanta.net\\\/es\\\/#website\",\"url\":\"https:\\\/\\\/milanta.net\\\/es\\\/\",\"name\":\"Milanta Patis Vius\",\"description\":\"ESPACIOS NATURALES Y CREATIVOS PARA LA EDUCACI\u00d3N\",\"publisher\":{\"@id\":\"https:\\\/\\\/milanta.net\\\/es\\\/#organization\"},\"alternateName\":\"Milanta - Patis Vius\",\"potentialAction\":[{\"@type\":\"SearchAction\",\"target\":{\"@type\":\"EntryPoint\",\"urlTemplate\":\"https:\\\/\\\/milanta.net\\\/es\\\/?s={search_term_string}\"},\"query-input\":{\"@type\":\"PropertyValueSpecification\",\"valueRequired\":true,\"valueName\":\"search_term_string\"}}],\"inLanguage\":\"es\"},{\"@type\":\"Organization\",\"@id\":\"https:\\\/\\\/milanta.net\\\/es\\\/#organization\",\"name\":\"Milanta\",\"url\":\"https:\\\/\\\/milanta.net\\\/es\\\/\",\"logo\":{\"@type\":\"ImageObject\",\"inLanguage\":\"es\",\"@id\":\"https:\\\/\\\/milanta.net\\\/es\\\/#\\\/schema\\\/logo\\\/image\\\/\",\"url\":\"https:\\\/\\\/milanta.net\\\/wp-content\\\/uploads\\\/2023\\\/04\\\/Logo-Milanta-color.svg\",\"contentUrl\":\"https:\\\/\\\/milanta.net\\\/wp-content\\\/uploads\\\/2023\\\/04\\\/Logo-Milanta-color.svg\",\"width\":786,\"height\":486,\"caption\":\"Milanta\"},\"image\":{\"@id\":\"https:\\\/\\\/milanta.net\\\/es\\\/#\\\/schema\\\/logo\\\/image\\\/\"},\"sameAs\":[\"https:\\\/\\\/www.facebook.com\\\/MilantaCraft\\\/\",\"https:\\\/\\\/www.instagram.com\\\/milanta_patis\\\/\"]}]}<\/script>\n<!-- \/ Yoast SEO Premium plugin. -->","yoast_head_json":{"title":"Circuit de troncs - La Pau - 9 peces - Milanta","description":"Aquest circuit es compon de 9 troncs de fusta d'ac\u00e0cia, disposats estrat\u00e8gicament per afavorir el joc i el repte d'equilibri.","robots":{"index":"index","follow":"follow","max-snippet":"max-snippet:-1","max-image-preview":"max-image-preview:large","max-video-preview":"max-video-preview:-1"},"canonical":"https:\/\/milanta.net\/es\/producte\/estructura-d-equilibri-amb-9-troncs\/","og_locale":"es_ES","og_type":"article","og_title":"Circuit de troncs - La Pau - 9 peces","og_description":"Aquest circuit es compon de 9 troncs de fusta d'ac\u00e0cia, disposats estrat\u00e8gicament per afavorir el joc i el repte d'equilibri.","og_url":"https:\/\/milanta.net\/es\/producte\/estructura-d-equilibri-amb-9-troncs\/","og_site_name":"Milanta","article_publisher":"https:\/\/www.facebook.com\/MilantaCraft\/","article_modified_time":"2025-09-26T09:37:32+00:00","og_image":[{"width":599,"height":599,"url":"https:\/\/milanta.net\/wp-content\/uploads\/2017\/04\/1540-Estructura-dequilibri-LA-PAU-amb-9-troncs.jpg","type":"image\/jpeg"}],"twitter_card":"summary_large_image","twitter_misc":{"Tiempo de lectura":"2 minutos"},"schema":{"@context":"https:\/\/schema.org","@graph":[{"@type":"WebPage","@id":"https:\/\/milanta.net\/es\/producte\/estructura-d-equilibri-amb-9-troncs\/","url":"https:\/\/milanta.net\/es\/producte\/estructura-d-equilibri-amb-9-troncs\/","name":"Circuit de troncs - La Pau - 9 peces - Milanta","isPartOf":{"@id":"https:\/\/milanta.net\/es\/#website"},"primaryImageOfPage":{"@id":"https:\/\/milanta.net\/es\/producte\/estructura-d-equilibri-amb-9-troncs\/#primaryimage"},"image":{"@id":"https:\/\/milanta.net\/es\/producte\/estructura-d-equilibri-amb-9-troncs\/#primaryimage"},"thumbnailUrl":"https:\/\/milanta.net\/wp-content\/uploads\/2017\/04\/1540-Estructura-dequilibri-LA-PAU-amb-9-troncs.jpg","datePublished":"2017-04-24T12:11:22+00:00","dateModified":"2025-09-26T09:37:32+00:00","description":"Aquest circuit es compon de 9 troncs de fusta d'ac\u00e0cia, disposats estrat\u00e8gicament per afavorir el joc i el repte d'equilibri.","breadcrumb":{"@id":"https:\/\/milanta.net\/es\/producte\/estructura-d-equilibri-amb-9-troncs\/#breadcrumb"},"inLanguage":"es","potentialAction":[{"@type":"ReadAction","target":["https:\/\/milanta.net\/es\/producte\/estructura-d-equilibri-amb-9-troncs\/"]}]},{"@type":"ImageObject","inLanguage":"es","@id":"https:\/\/milanta.net\/es\/producte\/estructura-d-equilibri-amb-9-troncs\/#primaryimage","url":"https:\/\/milanta.net\/wp-content\/uploads\/2017\/04\/1540-Estructura-dequilibri-LA-PAU-amb-9-troncs.jpg","contentUrl":"https:\/\/milanta.net\/wp-content\/uploads\/2017\/04\/1540-Estructura-dequilibri-LA-PAU-amb-9-troncs.jpg","width":599,"height":599,"caption":"Estructura d'equilibri \"LA PAU\" amb 9 troncs"},{"@type":"BreadcrumbList","@id":"https:\/\/milanta.net\/es\/producte\/estructura-d-equilibri-amb-9-troncs\/#breadcrumb","itemListElement":[{"@type":"ListItem","position":1,"name":"Portada","item":"https:\/\/milanta.net\/es\/"},{"@type":"ListItem","position":2,"name":"Cat\u00e1logo","item":"https:\/\/milanta.net\/es\/catalogo\/"},{"@type":"ListItem","position":3,"name":"Circuit de troncs &#8211; La Pau &#8211; 9 peces"}]},{"@type":"WebSite","@id":"https:\/\/milanta.net\/es\/#website","url":"https:\/\/milanta.net\/es\/","name":"Milanta Patis Vius","description":"ESPACIOS NATURALES Y CREATIVOS PARA LA EDUCACI\u00d3N","publisher":{"@id":"https:\/\/milanta.net\/es\/#organization"},"alternateName":"Milanta - Patis Vius","potentialAction":[{"@type":"SearchAction","target":{"@type":"EntryPoint","urlTemplate":"https:\/\/milanta.net\/es\/?s={search_term_string}"},"query-input":{"@type":"PropertyValueSpecification","valueRequired":true,"valueName":"search_term_string"}}],"inLanguage":"es"},{"@type":"Organization","@id":"https:\/\/milanta.net\/es\/#organization","name":"Milanta","url":"https:\/\/milanta.net\/es\/","logo":{"@type":"ImageObject","inLanguage":"es","@id":"https:\/\/milanta.net\/es\/#\/schema\/logo\/image\/","url":"https:\/\/milanta.net\/wp-content\/uploads\/2023\/04\/Logo-Milanta-color.svg","contentUrl":"https:\/\/milanta.net\/wp-content\/uploads\/2023\/04\/Logo-Milanta-color.svg","width":786,"height":486,"caption":"Milanta"},"image":{"@id":"https:\/\/milanta.net\/es\/#\/schema\/logo\/image\/"},"sameAs":["https:\/\/www.facebook.com\/MilantaCraft\/","https:\/\/www.instagram.com\/milanta_patis\/"]}]}},"_links":{"self":[{"href":"https:\/\/milanta.net\/es\/wp-json\/wp\/v2\/product\/3192","targetHints":{"allow":["GET"]}}],"collection":[{"href":"https:\/\/milanta.net\/es\/wp-json\/wp\/v2\/product"}],"about":[{"href":"https:\/\/milanta.net\/es\/wp-json\/wp\/v2\/types\/product"}],"version-history":[{"count":0,"href":"https:\/\/milanta.net\/es\/wp-json\/wp\/v2\/product\/3192\/revisions"}],"wp:featuredmedia":[{"embeddable":true,"href":"https:\/\/milanta.net\/es\/wp-json\/wp\/v2\/media\/3188"}],"wp:attachment":[{"href":"https:\/\/milanta.net\/es\/wp-json\/wp\/v2\/media?parent=3192"}],"wp:term":[{"taxonomy":"product_brand","embeddable":true,"href":"https:\/\/milanta.net\/es\/wp-json\/wp\/v2\/product_brand?post=3192"},{"taxonomy":"product_cat","embeddable":true,"href":"https:\/\/milanta.net\/es\/wp-json\/wp\/v2\/product_cat?post=3192"},{"taxonomy":"product_tag","embeddable":true,"href":"https:\/\/milanta.net\/es\/wp-json\/wp\/v2\/product_tag?post=3192"},{"taxonomy":"ubicacion-del-mobiliario","embeddable":true,"href":"https:\/\/milanta.net\/es\/wp-json\/wp\/v2\/ubicacion-del-mobiliario?post=3192"}],"curies":[{"name":"wp","href":"https:\/\/api.w.org\/{rel}","templated":true}]}}