{"id":3226,"date":"2017-11-20T12:33:35","date_gmt":"2017-11-20T12:33:35","guid":{"rendered":"https:\/\/milanta.net\/producto\/sorral-de-dos-nivells\/"},"modified":"2023-10-05T12:00:34","modified_gmt":"2023-10-05T12:00:34","slug":"sorral-de-dos-nivells","status":"publish","type":"product","link":"https:\/\/milanta.net\/es\/producte\/sorral-de-dos-nivells\/","title":{"rendered":"SORRAL DE DOS NIVELLS"},"content":{"rendered":"<p><span style=\"font-family: Helvetica, sans-serif\"><span style=\"font-size: 15px;letter-spacing: 0.3px\">La proposta del sorral possibilita l&#8217;experimentaci\u00f3 prim\u00e0ria i d\u00f3na eines constructives.<\/span><\/span><\/p>\n<\/p>\n<p><span style=\"font-family: Helvetica, sans-serif\"><span style=\"font-size: 15px;letter-spacing: 0.3px\">El contacte amb la sorra desperta els sentits a trav\u00e9s del tacte i permet referenciar els materials i els volums comparativament.<\/span><\/span><\/p>\n<\/p>\n<p><span style=\"font-family: Helvetica, sans-serif\"><span style=\"font-size: 15px;letter-spacing: 0.3px\">No inclou la sorra.<\/span><\/span><\/p>\n<\/p>\n<p><span style=\"font-family: Helvetica, sans-serif\"><span style=\"font-size: 15px;letter-spacing: 0.3px\">Inclou el muntatge.<\/span><\/span><\/p>\n<\/p>\n<p><span style=\"font-family: Helvetica, sans-serif\"><span style=\"font-size: 15px;letter-spacing: 0.3px\">Tamb\u00e9 el podem fer a mida.<\/span><\/span><\/p>\n","protected":false},"excerpt":{"rendered":"<p>Sorral\u00a0r\u00fastic de dos nivells amb escala i rampa fet amb troncs sencers d&#8217;acacia., troncs i fibra de coco<\/p>\n","protected":false},"featured_media":3224,"template":"","meta":[],"product_brand":[],"product_cat":[743],"product_tag":[143],"ubicacion-del-mobiliario":[],"class_list":{"0":"post-3226","1":"product","2":"type-product","3":"status-publish","4":"has-post-thumbnail","6":"product_cat-sorra-aigua-i-experimentacio","7":"product_tag-sorral","9":"first","10":"instock","11":"taxable","12":"shipping-taxable","13":"purchasable","14":"product-type-simple"},"yoast_head":"<!-- This site is optimized with the Yoast SEO Premium plugin v21.6 (Yoast SEO v27.3) - https:\/\/yoast.com\/product\/yoast-seo-premium-wordpress\/ -->\n<title>SORRAL DE DOS NIVELLS - Milanta<\/title>\n<meta name=\"robots\" content=\"index, follow, max-snippet:-1, max-image-preview:large, max-video-preview:-1\" \/>\n<link rel=\"canonical\" href=\"https:\/\/milanta.net\/es\/producte\/sorral-de-dos-nivells\/\" \/>\n<meta property=\"og:locale\" content=\"es_ES\" \/>\n<meta property=\"og:type\" content=\"article\" \/>\n<meta property=\"og:title\" content=\"SORRAL DE DOS NIVELLS\" \/>\n<meta property=\"og:description\" content=\"Sorral\u00a0r\u00fastic de dos nivells amb escala i rampa fet amb troncs sencers d&#039;acacia., troncs i fibra de coco\" \/>\n<meta property=\"og:url\" content=\"https:\/\/milanta.net\/es\/producte\/sorral-de-dos-nivells\/\" \/>\n<meta property=\"og:site_name\" content=\"Milanta\" \/>\n<meta property=\"article:publisher\" content=\"https:\/\/www.facebook.com\/MilantaCraft\/\" \/>\n<meta property=\"article:modified_time\" content=\"2023-10-05T12:00:34+00:00\" \/>\n<meta property=\"og:image\" content=\"https:\/\/milanta.net\/wp-content\/uploads\/2017\/11\/1644-SORRAL-DE-DOS-NIVELLS-scaled.jpg\" \/>\n\t<meta property=\"og:image:width\" content=\"2560\" \/>\n\t<meta property=\"og:image:height\" content=\"1035\" \/>\n\t<meta property=\"og:image:type\" content=\"image\/jpeg\" \/>\n<meta name=\"twitter:card\" content=\"summary_large_image\" \/>\n<script type=\"application\/ld+json\" class=\"yoast-schema-graph\">{\"@context\":\"https:\\\/\\\/schema.org\",\"@graph\":[{\"@type\":\"WebPage\",\"@id\":\"https:\\\/\\\/milanta.net\\\/es\\\/producte\\\/sorral-de-dos-nivells\\\/\",\"url\":\"https:\\\/\\\/milanta.net\\\/es\\\/producte\\\/sorral-de-dos-nivells\\\/\",\"name\":\"SORRAL DE DOS NIVELLS - Milanta\",\"isPartOf\":{\"@id\":\"https:\\\/\\\/milanta.net\\\/es\\\/#website\"},\"primaryImageOfPage\":{\"@id\":\"https:\\\/\\\/milanta.net\\\/es\\\/producte\\\/sorral-de-dos-nivells\\\/#primaryimage\"},\"image\":{\"@id\":\"https:\\\/\\\/milanta.net\\\/es\\\/producte\\\/sorral-de-dos-nivells\\\/#primaryimage\"},\"thumbnailUrl\":\"https:\\\/\\\/milanta.net\\\/wp-content\\\/uploads\\\/2017\\\/11\\\/1644-SORRAL-DE-DOS-NIVELLS-scaled.jpg\",\"datePublished\":\"2017-11-20T12:33:35+00:00\",\"dateModified\":\"2023-10-05T12:00:34+00:00\",\"breadcrumb\":{\"@id\":\"https:\\\/\\\/milanta.net\\\/es\\\/producte\\\/sorral-de-dos-nivells\\\/#breadcrumb\"},\"inLanguage\":\"es\",\"potentialAction\":[{\"@type\":\"ReadAction\",\"target\":[\"https:\\\/\\\/milanta.net\\\/es\\\/producte\\\/sorral-de-dos-nivells\\\/\"]}]},{\"@type\":\"ImageObject\",\"inLanguage\":\"es\",\"@id\":\"https:\\\/\\\/milanta.net\\\/es\\\/producte\\\/sorral-de-dos-nivells\\\/#primaryimage\",\"url\":\"https:\\\/\\\/milanta.net\\\/wp-content\\\/uploads\\\/2017\\\/11\\\/1644-SORRAL-DE-DOS-NIVELLS-scaled.jpg\",\"contentUrl\":\"https:\\\/\\\/milanta.net\\\/wp-content\\\/uploads\\\/2017\\\/11\\\/1644-SORRAL-DE-DOS-NIVELLS-scaled.jpg\",\"width\":2560,\"height\":1035,\"caption\":\"SORRAL DE DOS NIVELLS\"},{\"@type\":\"BreadcrumbList\",\"@id\":\"https:\\\/\\\/milanta.net\\\/es\\\/producte\\\/sorral-de-dos-nivells\\\/#breadcrumb\",\"itemListElement\":[{\"@type\":\"ListItem\",\"position\":1,\"name\":\"Portada\",\"item\":\"https:\\\/\\\/milanta.net\\\/es\\\/\"},{\"@type\":\"ListItem\",\"position\":2,\"name\":\"Cat\u00e1logo\",\"item\":\"https:\\\/\\\/milanta.net\\\/es\\\/catalogo\\\/\"},{\"@type\":\"ListItem\",\"position\":3,\"name\":\"SORRAL DE DOS NIVELLS\"}]},{\"@type\":\"WebSite\",\"@id\":\"https:\\\/\\\/milanta.net\\\/es\\\/#website\",\"url\":\"https:\\\/\\\/milanta.net\\\/es\\\/\",\"name\":\"Milanta Patis Vius\",\"description\":\"ESPACIOS NATURALES Y CREATIVOS PARA LA EDUCACI\u00d3N\",\"publisher\":{\"@id\":\"https:\\\/\\\/milanta.net\\\/es\\\/#organization\"},\"alternateName\":\"Milanta - Patis Vius\",\"potentialAction\":[{\"@type\":\"SearchAction\",\"target\":{\"@type\":\"EntryPoint\",\"urlTemplate\":\"https:\\\/\\\/milanta.net\\\/es\\\/?s={search_term_string}\"},\"query-input\":{\"@type\":\"PropertyValueSpecification\",\"valueRequired\":true,\"valueName\":\"search_term_string\"}}],\"inLanguage\":\"es\"},{\"@type\":\"Organization\",\"@id\":\"https:\\\/\\\/milanta.net\\\/es\\\/#organization\",\"name\":\"Milanta\",\"url\":\"https:\\\/\\\/milanta.net\\\/es\\\/\",\"logo\":{\"@type\":\"ImageObject\",\"inLanguage\":\"es\",\"@id\":\"https:\\\/\\\/milanta.net\\\/es\\\/#\\\/schema\\\/logo\\\/image\\\/\",\"url\":\"https:\\\/\\\/milanta.net\\\/wp-content\\\/uploads\\\/2023\\\/04\\\/Logo-Milanta-color.svg\",\"contentUrl\":\"https:\\\/\\\/milanta.net\\\/wp-content\\\/uploads\\\/2023\\\/04\\\/Logo-Milanta-color.svg\",\"caption\":\"Milanta\"},\"image\":{\"@id\":\"https:\\\/\\\/milanta.net\\\/es\\\/#\\\/schema\\\/logo\\\/image\\\/\"},\"sameAs\":[\"https:\\\/\\\/www.facebook.com\\\/MilantaCraft\\\/\",\"https:\\\/\\\/www.instagram.com\\\/milanta_patis\\\/\"]}]}<\/script>\n<!-- \/ Yoast SEO Premium plugin. -->","yoast_head_json":{"title":"SORRAL DE DOS NIVELLS - Milanta","robots":{"index":"index","follow":"follow","max-snippet":"max-snippet:-1","max-image-preview":"max-image-preview:large","max-video-preview":"max-video-preview:-1"},"canonical":"https:\/\/milanta.net\/es\/producte\/sorral-de-dos-nivells\/","og_locale":"es_ES","og_type":"article","og_title":"SORRAL DE DOS NIVELLS","og_description":"Sorral\u00a0r\u00fastic de dos nivells amb escala i rampa fet amb troncs sencers d'acacia., troncs i fibra de coco","og_url":"https:\/\/milanta.net\/es\/producte\/sorral-de-dos-nivells\/","og_site_name":"Milanta","article_publisher":"https:\/\/www.facebook.com\/MilantaCraft\/","article_modified_time":"2023-10-05T12:00:34+00:00","og_image":[{"width":2560,"height":1035,"url":"https:\/\/milanta.net\/wp-content\/uploads\/2017\/11\/1644-SORRAL-DE-DOS-NIVELLS-scaled.jpg","type":"image\/jpeg"}],"twitter_card":"summary_large_image","schema":{"@context":"https:\/\/schema.org","@graph":[{"@type":"WebPage","@id":"https:\/\/milanta.net\/es\/producte\/sorral-de-dos-nivells\/","url":"https:\/\/milanta.net\/es\/producte\/sorral-de-dos-nivells\/","name":"SORRAL DE DOS NIVELLS - Milanta","isPartOf":{"@id":"https:\/\/milanta.net\/es\/#website"},"primaryImageOfPage":{"@id":"https:\/\/milanta.net\/es\/producte\/sorral-de-dos-nivells\/#primaryimage"},"image":{"@id":"https:\/\/milanta.net\/es\/producte\/sorral-de-dos-nivells\/#primaryimage"},"thumbnailUrl":"https:\/\/milanta.net\/wp-content\/uploads\/2017\/11\/1644-SORRAL-DE-DOS-NIVELLS-scaled.jpg","datePublished":"2017-11-20T12:33:35+00:00","dateModified":"2023-10-05T12:00:34+00:00","breadcrumb":{"@id":"https:\/\/milanta.net\/es\/producte\/sorral-de-dos-nivells\/#breadcrumb"},"inLanguage":"es","potentialAction":[{"@type":"ReadAction","target":["https:\/\/milanta.net\/es\/producte\/sorral-de-dos-nivells\/"]}]},{"@type":"ImageObject","inLanguage":"es","@id":"https:\/\/milanta.net\/es\/producte\/sorral-de-dos-nivells\/#primaryimage","url":"https:\/\/milanta.net\/wp-content\/uploads\/2017\/11\/1644-SORRAL-DE-DOS-NIVELLS-scaled.jpg","contentUrl":"https:\/\/milanta.net\/wp-content\/uploads\/2017\/11\/1644-SORRAL-DE-DOS-NIVELLS-scaled.jpg","width":2560,"height":1035,"caption":"SORRAL DE DOS NIVELLS"},{"@type":"BreadcrumbList","@id":"https:\/\/milanta.net\/es\/producte\/sorral-de-dos-nivells\/#breadcrumb","itemListElement":[{"@type":"ListItem","position":1,"name":"Portada","item":"https:\/\/milanta.net\/es\/"},{"@type":"ListItem","position":2,"name":"Cat\u00e1logo","item":"https:\/\/milanta.net\/es\/catalogo\/"},{"@type":"ListItem","position":3,"name":"SORRAL DE DOS NIVELLS"}]},{"@type":"WebSite","@id":"https:\/\/milanta.net\/es\/#website","url":"https:\/\/milanta.net\/es\/","name":"Milanta Patis Vius","description":"ESPACIOS NATURALES Y CREATIVOS PARA LA EDUCACI\u00d3N","publisher":{"@id":"https:\/\/milanta.net\/es\/#organization"},"alternateName":"Milanta - Patis Vius","potentialAction":[{"@type":"SearchAction","target":{"@type":"EntryPoint","urlTemplate":"https:\/\/milanta.net\/es\/?s={search_term_string}"},"query-input":{"@type":"PropertyValueSpecification","valueRequired":true,"valueName":"search_term_string"}}],"inLanguage":"es"},{"@type":"Organization","@id":"https:\/\/milanta.net\/es\/#organization","name":"Milanta","url":"https:\/\/milanta.net\/es\/","logo":{"@type":"ImageObject","inLanguage":"es","@id":"https:\/\/milanta.net\/es\/#\/schema\/logo\/image\/","url":"https:\/\/milanta.net\/wp-content\/uploads\/2023\/04\/Logo-Milanta-color.svg","contentUrl":"https:\/\/milanta.net\/wp-content\/uploads\/2023\/04\/Logo-Milanta-color.svg","caption":"Milanta"},"image":{"@id":"https:\/\/milanta.net\/es\/#\/schema\/logo\/image\/"},"sameAs":["https:\/\/www.facebook.com\/MilantaCraft\/","https:\/\/www.instagram.com\/milanta_patis\/"]}]}},"_links":{"self":[{"href":"https:\/\/milanta.net\/es\/wp-json\/wp\/v2\/product\/3226","targetHints":{"allow":["GET"]}}],"collection":[{"href":"https:\/\/milanta.net\/es\/wp-json\/wp\/v2\/product"}],"about":[{"href":"https:\/\/milanta.net\/es\/wp-json\/wp\/v2\/types\/product"}],"version-history":[{"count":0,"href":"https:\/\/milanta.net\/es\/wp-json\/wp\/v2\/product\/3226\/revisions"}],"wp:featuredmedia":[{"embeddable":true,"href":"https:\/\/milanta.net\/es\/wp-json\/wp\/v2\/media\/3224"}],"wp:attachment":[{"href":"https:\/\/milanta.net\/es\/wp-json\/wp\/v2\/media?parent=3226"}],"wp:term":[{"taxonomy":"product_brand","embeddable":true,"href":"https:\/\/milanta.net\/es\/wp-json\/wp\/v2\/product_brand?post=3226"},{"taxonomy":"product_cat","embeddable":true,"href":"https:\/\/milanta.net\/es\/wp-json\/wp\/v2\/product_cat?post=3226"},{"taxonomy":"product_tag","embeddable":true,"href":"https:\/\/milanta.net\/es\/wp-json\/wp\/v2\/product_tag?post=3226"},{"taxonomy":"ubicacion-del-mobiliario","embeddable":true,"href":"https:\/\/milanta.net\/es\/wp-json\/wp\/v2\/ubicacion-del-mobiliario?post=3226"}],"curies":[{"name":"wp","href":"https:\/\/api.w.org\/{rel}","templated":true}]}}