{"id":3274,"date":"2018-04-03T14:12:55","date_gmt":"2018-04-03T14:12:55","guid":{"rendered":"https:\/\/milanta.net\/producto\/circuit-d-aigua\/"},"modified":"2025-02-27T13:35:50","modified_gmt":"2025-02-27T12:35:50","slug":"circuit-aigua-i-experimentacio","status":"publish","type":"product","link":"https:\/\/milanta.net\/es\/producte\/circuit-aigua-i-experimentacio\/","title":{"rendered":"Circuit d&#8217;aigua de cabal controlat"},"content":{"rendered":"<p data-pm-slice=\"1 1 []\">Un circuit d&#8217;aigua desperta els sentits i fomenta l&#8217;experimentaci\u00f3 dels infants.<\/p>\n<p data-pm-slice=\"1 1 []\">Tenir-ne un al pati de l&#8217;escola els hi aportar\u00e0 molt de gaudi, experimentaci\u00f3 i aprenentatges i, si es col\u00b7loca a prop de plantes i arbrat, el desaigua esdevindr\u00e0 un element de reg controlat fant\u00e0stic per la vegetaci\u00f3.<\/p>\n<p>Milanta us pot ajudar a canalitzar l&#8217;aigua fins als escocells! Aprofitem cada gota!<\/p>\n<p>En aquest cas, consta de tres canals de 140cm m\u00e9s la plataforma.<\/p>\n<p>Es pot fer a MIDA? S\u00ed, podem ajustar el circuit i la seva mida a les vostres necessitats.<\/p>\n<p><em>*El preu inclou el muntatge ni la font.\u00a0<\/em><\/p>\n<p>&nbsp;<\/p>\n","protected":false},"excerpt":{"rendered":"<p>Circuit d&#8217;aigua per exterior format per un conjunt de troncs i una plataforma.<\/p>\n","protected":false},"featured_media":3270,"template":"","meta":[],"product_brand":[],"product_cat":[743],"product_tag":[],"ubicacion-del-mobiliario":[],"class_list":{"0":"post-3274","1":"product","2":"type-product","3":"status-publish","4":"has-post-thumbnail","6":"product_cat-sorra-aigua-i-experimentacio","8":"first","9":"instock","10":"taxable","11":"shipping-taxable","12":"purchasable","13":"product-type-simple"},"yoast_head":"<!-- This site is optimized with the Yoast SEO Premium plugin v21.6 (Yoast SEO v27.2) - https:\/\/yoast.com\/product\/yoast-seo-premium-wordpress\/ -->\n<title>Circuit d&#039;aigua de cabal controlat - Milanta<\/title>\n<meta name=\"description\" content=\"Aquest circuit d&#039;aigua i experimentaci\u00f3 aportar\u00e0 molt de gaudi i aprenentatges als infants, i pot esdevenir un element de reg fant\u00e0stic per la vegetaci\u00f3.\" \/>\n<meta name=\"robots\" content=\"index, follow, max-snippet:-1, max-image-preview:large, max-video-preview:-1\" \/>\n<link rel=\"canonical\" href=\"https:\/\/milanta.net\/es\/producte\/circuit-aigua-i-experimentacio\/\" \/>\n<meta property=\"og:locale\" content=\"es_ES\" \/>\n<meta property=\"og:type\" content=\"article\" \/>\n<meta property=\"og:title\" content=\"Circuit d&#039;aigua de cabal controlat\" \/>\n<meta property=\"og:description\" content=\"Aquest circuit d&#039;aigua i experimentaci\u00f3 aportar\u00e0 molt de gaudi i aprenentatges als infants, i pot esdevenir un element de reg fant\u00e0stic per la vegetaci\u00f3.\" \/>\n<meta property=\"og:url\" content=\"https:\/\/milanta.net\/es\/producte\/circuit-aigua-i-experimentacio\/\" \/>\n<meta property=\"og:site_name\" content=\"Milanta\" \/>\n<meta property=\"article:publisher\" content=\"https:\/\/www.facebook.com\/MilantaCraft\/\" \/>\n<meta property=\"article:modified_time\" content=\"2025-02-27T12:35:50+00:00\" \/>\n<meta property=\"og:image\" content=\"https:\/\/milanta.net\/wp-content\/uploads\/2018\/04\/1706-CIRCUIT-DAIGUA.jpg\" \/>\n\t<meta property=\"og:image:width\" content=\"400\" \/>\n\t<meta property=\"og:image:height\" content=\"267\" \/>\n\t<meta property=\"og:image:type\" content=\"image\/jpeg\" \/>\n<meta name=\"twitter:card\" content=\"summary_large_image\" \/>\n<meta name=\"twitter:label1\" content=\"Tiempo de lectura\" \/>\n\t<meta name=\"twitter:data1\" content=\"1 minuto\" \/>\n<script type=\"application\/ld+json\" class=\"yoast-schema-graph\">{\"@context\":\"https:\/\/schema.org\",\"@graph\":[{\"@type\":\"WebPage\",\"@id\":\"https:\/\/milanta.net\/es\/producte\/circuit-aigua-i-experimentacio\/\",\"url\":\"https:\/\/milanta.net\/es\/producte\/circuit-aigua-i-experimentacio\/\",\"name\":\"Circuit d'aigua de cabal controlat - Milanta\",\"isPartOf\":{\"@id\":\"https:\/\/milanta.net\/es\/#website\"},\"primaryImageOfPage\":{\"@id\":\"https:\/\/milanta.net\/es\/producte\/circuit-aigua-i-experimentacio\/#primaryimage\"},\"image\":{\"@id\":\"https:\/\/milanta.net\/es\/producte\/circuit-aigua-i-experimentacio\/#primaryimage\"},\"thumbnailUrl\":\"https:\/\/milanta.net\/wp-content\/uploads\/2018\/04\/1706-CIRCUIT-DAIGUA.jpg\",\"datePublished\":\"2018-04-03T14:12:55+00:00\",\"dateModified\":\"2025-02-27T12:35:50+00:00\",\"description\":\"Aquest circuit d'aigua i experimentaci\u00f3 aportar\u00e0 molt de gaudi i aprenentatges als infants, i pot esdevenir un element de reg fant\u00e0stic per la vegetaci\u00f3.\",\"breadcrumb\":{\"@id\":\"https:\/\/milanta.net\/es\/producte\/circuit-aigua-i-experimentacio\/#breadcrumb\"},\"inLanguage\":\"es\",\"potentialAction\":[{\"@type\":\"ReadAction\",\"target\":[\"https:\/\/milanta.net\/es\/producte\/circuit-aigua-i-experimentacio\/\"]}]},{\"@type\":\"ImageObject\",\"inLanguage\":\"es\",\"@id\":\"https:\/\/milanta.net\/es\/producte\/circuit-aigua-i-experimentacio\/#primaryimage\",\"url\":\"https:\/\/milanta.net\/wp-content\/uploads\/2018\/04\/1706-CIRCUIT-DAIGUA.jpg\",\"contentUrl\":\"https:\/\/milanta.net\/wp-content\/uploads\/2018\/04\/1706-CIRCUIT-DAIGUA.jpg\",\"width\":400,\"height\":267,\"caption\":\"CIRCUIT D'AIGUA\"},{\"@type\":\"BreadcrumbList\",\"@id\":\"https:\/\/milanta.net\/es\/producte\/circuit-aigua-i-experimentacio\/#breadcrumb\",\"itemListElement\":[{\"@type\":\"ListItem\",\"position\":1,\"name\":\"Portada\",\"item\":\"https:\/\/milanta.net\/es\/\"},{\"@type\":\"ListItem\",\"position\":2,\"name\":\"Cat\u00e1logo\",\"item\":\"https:\/\/milanta.net\/es\/catalogo\/\"},{\"@type\":\"ListItem\",\"position\":3,\"name\":\"Circuit d&#8217;aigua de cabal controlat\"}]},{\"@type\":\"WebSite\",\"@id\":\"https:\/\/milanta.net\/es\/#website\",\"url\":\"https:\/\/milanta.net\/es\/\",\"name\":\"Milanta Patis Vius\",\"description\":\"ESPACIOS NATURALES Y CREATIVOS PARA LA EDUCACI\u00d3N\",\"publisher\":{\"@id\":\"https:\/\/milanta.net\/es\/#organization\"},\"alternateName\":\"Milanta - Patis Vius\",\"potentialAction\":[{\"@type\":\"SearchAction\",\"target\":{\"@type\":\"EntryPoint\",\"urlTemplate\":\"https:\/\/milanta.net\/es\/?s={search_term_string}\"},\"query-input\":{\"@type\":\"PropertyValueSpecification\",\"valueRequired\":true,\"valueName\":\"search_term_string\"}}],\"inLanguage\":\"es\"},{\"@type\":\"Organization\",\"@id\":\"https:\/\/milanta.net\/es\/#organization\",\"name\":\"Milanta\",\"url\":\"https:\/\/milanta.net\/es\/\",\"logo\":{\"@type\":\"ImageObject\",\"inLanguage\":\"es\",\"@id\":\"https:\/\/milanta.net\/es\/#\/schema\/logo\/image\/\",\"url\":\"https:\/\/milanta.net\/wp-content\/uploads\/2023\/04\/Logo-Milanta-color.svg\",\"contentUrl\":\"https:\/\/milanta.net\/wp-content\/uploads\/2023\/04\/Logo-Milanta-color.svg\",\"width\":786,\"height\":486,\"caption\":\"Milanta\"},\"image\":{\"@id\":\"https:\/\/milanta.net\/es\/#\/schema\/logo\/image\/\"},\"sameAs\":[\"https:\/\/www.facebook.com\/MilantaCraft\/\",\"https:\/\/www.instagram.com\/milanta_patis\/\"]}]}<\/script>\n<!-- \/ Yoast SEO Premium plugin. -->","yoast_head_json":{"title":"Circuit d'aigua de cabal controlat - Milanta","description":"Aquest circuit d'aigua i experimentaci\u00f3 aportar\u00e0 molt de gaudi i aprenentatges als infants, i pot esdevenir un element de reg fant\u00e0stic per la vegetaci\u00f3.","robots":{"index":"index","follow":"follow","max-snippet":"max-snippet:-1","max-image-preview":"max-image-preview:large","max-video-preview":"max-video-preview:-1"},"canonical":"https:\/\/milanta.net\/es\/producte\/circuit-aigua-i-experimentacio\/","og_locale":"es_ES","og_type":"article","og_title":"Circuit d'aigua de cabal controlat","og_description":"Aquest circuit d'aigua i experimentaci\u00f3 aportar\u00e0 molt de gaudi i aprenentatges als infants, i pot esdevenir un element de reg fant\u00e0stic per la vegetaci\u00f3.","og_url":"https:\/\/milanta.net\/es\/producte\/circuit-aigua-i-experimentacio\/","og_site_name":"Milanta","article_publisher":"https:\/\/www.facebook.com\/MilantaCraft\/","article_modified_time":"2025-02-27T12:35:50+00:00","og_image":[{"width":400,"height":267,"url":"https:\/\/milanta.net\/wp-content\/uploads\/2018\/04\/1706-CIRCUIT-DAIGUA.jpg","type":"image\/jpeg"}],"twitter_card":"summary_large_image","twitter_misc":{"Tiempo de lectura":"1 minuto"},"schema":{"@context":"https:\/\/schema.org","@graph":[{"@type":"WebPage","@id":"https:\/\/milanta.net\/es\/producte\/circuit-aigua-i-experimentacio\/","url":"https:\/\/milanta.net\/es\/producte\/circuit-aigua-i-experimentacio\/","name":"Circuit d'aigua de cabal controlat - Milanta","isPartOf":{"@id":"https:\/\/milanta.net\/es\/#website"},"primaryImageOfPage":{"@id":"https:\/\/milanta.net\/es\/producte\/circuit-aigua-i-experimentacio\/#primaryimage"},"image":{"@id":"https:\/\/milanta.net\/es\/producte\/circuit-aigua-i-experimentacio\/#primaryimage"},"thumbnailUrl":"https:\/\/milanta.net\/wp-content\/uploads\/2018\/04\/1706-CIRCUIT-DAIGUA.jpg","datePublished":"2018-04-03T14:12:55+00:00","dateModified":"2025-02-27T12:35:50+00:00","description":"Aquest circuit d'aigua i experimentaci\u00f3 aportar\u00e0 molt de gaudi i aprenentatges als infants, i pot esdevenir un element de reg fant\u00e0stic per la vegetaci\u00f3.","breadcrumb":{"@id":"https:\/\/milanta.net\/es\/producte\/circuit-aigua-i-experimentacio\/#breadcrumb"},"inLanguage":"es","potentialAction":[{"@type":"ReadAction","target":["https:\/\/milanta.net\/es\/producte\/circuit-aigua-i-experimentacio\/"]}]},{"@type":"ImageObject","inLanguage":"es","@id":"https:\/\/milanta.net\/es\/producte\/circuit-aigua-i-experimentacio\/#primaryimage","url":"https:\/\/milanta.net\/wp-content\/uploads\/2018\/04\/1706-CIRCUIT-DAIGUA.jpg","contentUrl":"https:\/\/milanta.net\/wp-content\/uploads\/2018\/04\/1706-CIRCUIT-DAIGUA.jpg","width":400,"height":267,"caption":"CIRCUIT D'AIGUA"},{"@type":"BreadcrumbList","@id":"https:\/\/milanta.net\/es\/producte\/circuit-aigua-i-experimentacio\/#breadcrumb","itemListElement":[{"@type":"ListItem","position":1,"name":"Portada","item":"https:\/\/milanta.net\/es\/"},{"@type":"ListItem","position":2,"name":"Cat\u00e1logo","item":"https:\/\/milanta.net\/es\/catalogo\/"},{"@type":"ListItem","position":3,"name":"Circuit d&#8217;aigua de cabal controlat"}]},{"@type":"WebSite","@id":"https:\/\/milanta.net\/es\/#website","url":"https:\/\/milanta.net\/es\/","name":"Milanta Patis Vius","description":"ESPACIOS NATURALES Y CREATIVOS PARA LA EDUCACI\u00d3N","publisher":{"@id":"https:\/\/milanta.net\/es\/#organization"},"alternateName":"Milanta - Patis Vius","potentialAction":[{"@type":"SearchAction","target":{"@type":"EntryPoint","urlTemplate":"https:\/\/milanta.net\/es\/?s={search_term_string}"},"query-input":{"@type":"PropertyValueSpecification","valueRequired":true,"valueName":"search_term_string"}}],"inLanguage":"es"},{"@type":"Organization","@id":"https:\/\/milanta.net\/es\/#organization","name":"Milanta","url":"https:\/\/milanta.net\/es\/","logo":{"@type":"ImageObject","inLanguage":"es","@id":"https:\/\/milanta.net\/es\/#\/schema\/logo\/image\/","url":"https:\/\/milanta.net\/wp-content\/uploads\/2023\/04\/Logo-Milanta-color.svg","contentUrl":"https:\/\/milanta.net\/wp-content\/uploads\/2023\/04\/Logo-Milanta-color.svg","width":786,"height":486,"caption":"Milanta"},"image":{"@id":"https:\/\/milanta.net\/es\/#\/schema\/logo\/image\/"},"sameAs":["https:\/\/www.facebook.com\/MilantaCraft\/","https:\/\/www.instagram.com\/milanta_patis\/"]}]}},"_links":{"self":[{"href":"https:\/\/milanta.net\/es\/wp-json\/wp\/v2\/product\/3274","targetHints":{"allow":["GET"]}}],"collection":[{"href":"https:\/\/milanta.net\/es\/wp-json\/wp\/v2\/product"}],"about":[{"href":"https:\/\/milanta.net\/es\/wp-json\/wp\/v2\/types\/product"}],"version-history":[{"count":0,"href":"https:\/\/milanta.net\/es\/wp-json\/wp\/v2\/product\/3274\/revisions"}],"wp:featuredmedia":[{"embeddable":true,"href":"https:\/\/milanta.net\/es\/wp-json\/wp\/v2\/media\/3270"}],"wp:attachment":[{"href":"https:\/\/milanta.net\/es\/wp-json\/wp\/v2\/media?parent=3274"}],"wp:term":[{"taxonomy":"product_brand","embeddable":true,"href":"https:\/\/milanta.net\/es\/wp-json\/wp\/v2\/product_brand?post=3274"},{"taxonomy":"product_cat","embeddable":true,"href":"https:\/\/milanta.net\/es\/wp-json\/wp\/v2\/product_cat?post=3274"},{"taxonomy":"product_tag","embeddable":true,"href":"https:\/\/milanta.net\/es\/wp-json\/wp\/v2\/product_tag?post=3274"},{"taxonomy":"ubicacion-del-mobiliario","embeddable":true,"href":"https:\/\/milanta.net\/es\/wp-json\/wp\/v2\/ubicacion-del-mobiliario?post=3274"}],"curies":[{"name":"wp","href":"https:\/\/api.w.org\/{rel}","templated":true}]}}