{"id":3279,"date":"2018-04-26T11:33:05","date_gmt":"2018-04-26T11:33:05","guid":{"rendered":"https:\/\/milanta.net\/producto\/muntanya-del-tiller\/"},"modified":"2025-04-22T14:10:18","modified_gmt":"2025-04-22T12:10:18","slug":"muntanya-del-tiller","status":"publish","type":"product","link":"https:\/\/milanta.net\/es\/producte\/muntanya-del-tiller\/","title":{"rendered":"Muntanya amb reptes motrius &#8211; El Til\u00b7ler"},"content":{"rendered":"<p>Un pati Renaturalitzat vol assemblar-se tant com sigui possible a la natura i&#8230; Oi que a la muntanya la topografia no \u00e9s plana? Doncs en els patis vius&#8230; Tampoc! Per aix\u00f2 ens encanta fer cr\u00e9ixer turons i muntanyes a cada transformaci\u00f3 de pati.<\/p>\n<p>La caracter\u00edtica principal d&#8217;aquesta gran muntanya \u00e9s que es compon de terres, sorres, vegetaci\u00f3, travesses i un circuit de troncs per proporcionar joc d&#8217;equilibri. <\/p>\n<p>Sempre plantegem aquests desnivells com a elements multipotenciadors. Per un costat, els fem amb terres, sorres i vegetaci\u00f3 per potenciar l&#8217;experimentaci\u00f3, l&#8217;observaci\u00f3 i el contacte amb la natura i, per altre costat, hi integrem diversos reptes motors per afavorir el moviment dels infants, el coneixement del propi cos i l\u00edmits, i l&#8217;autogesti\u00f3 del risc.<\/p>\n<p>Tenim diversos turons i muntanyes en el nostre cat\u00e0leg, per\u00f2 si no us n&#8217;encaixa cap, no patiu, que els podem fer a mida. Com que la majoria d&#8217;estructures i materials que proporcionem a Milanta els dissenyem i fabriquem a la nostra fusteria, podem adaptar-los als vostres espais i necessitats. Demaneu-nos pressupost sense comprom\u00eds.<\/p>\n<p>&#8212;<\/p>\n<p>No s&#8217;inclou el muntatge.<\/p>\n","protected":false},"excerpt":{"rendered":"<p>Gran relleu de terres, sorres, troncs, travesses i plantes.<\/p>\n","protected":false},"featured_media":3275,"template":"","meta":[],"product_brand":[],"product_cat":[117,838],"product_tag":[],"ubicacion-del-mobiliario":[821],"class_list":{"0":"post-3279","1":"product","2":"type-product","3":"status-publish","4":"has-post-thumbnail","6":"product_cat-exterior-pati-i-jardi","7":"product_cat-turons","8":"ubicacion-del-mobiliario-exterior","10":"first","11":"instock","12":"taxable","13":"shipping-taxable","14":"purchasable","15":"product-type-simple"},"yoast_head":"<!-- This site is optimized with the Yoast SEO Premium plugin v21.6 (Yoast SEO v27.3) - https:\/\/yoast.com\/product\/yoast-seo-premium-wordpress\/ -->\n<title>Muntanya amb reptes motrius - El Til\u00b7ler - Milanta<\/title>\n<meta name=\"robots\" content=\"index, follow, max-snippet:-1, max-image-preview:large, max-video-preview:-1\" \/>\n<link rel=\"canonical\" href=\"https:\/\/milanta.net\/es\/producte\/muntanya-del-tiller\/\" \/>\n<meta property=\"og:locale\" content=\"es_ES\" \/>\n<meta property=\"og:type\" content=\"article\" \/>\n<meta property=\"og:title\" content=\"Muntanya amb reptes motrius - El Til\u00b7ler\" \/>\n<meta property=\"og:description\" content=\"Gran relleu de terres, sorres, troncs, travesses i plantes.\" \/>\n<meta property=\"og:url\" content=\"https:\/\/milanta.net\/es\/producte\/muntanya-del-tiller\/\" \/>\n<meta property=\"og:site_name\" content=\"Milanta\" \/>\n<meta property=\"article:publisher\" content=\"https:\/\/www.facebook.com\/MilantaCraft\/\" \/>\n<meta property=\"article:modified_time\" content=\"2025-04-22T12:10:18+00:00\" \/>\n<meta property=\"og:image\" content=\"https:\/\/milanta.net\/wp-content\/uploads\/2018\/04\/1547-Muntanya-del-Til\u00b7ler.jpg\" \/>\n\t<meta property=\"og:image:width\" content=\"599\" \/>\n\t<meta property=\"og:image:height\" content=\"600\" \/>\n\t<meta property=\"og:image:type\" content=\"image\/jpeg\" \/>\n<meta name=\"twitter:card\" content=\"summary_large_image\" \/>\n<meta name=\"twitter:label1\" content=\"Tiempo de lectura\" \/>\n\t<meta name=\"twitter:data1\" content=\"2 minutos\" \/>\n<script type=\"application\/ld+json\" class=\"yoast-schema-graph\">{\"@context\":\"https:\\\/\\\/schema.org\",\"@graph\":[{\"@type\":\"WebPage\",\"@id\":\"https:\\\/\\\/milanta.net\\\/es\\\/producte\\\/muntanya-del-tiller\\\/\",\"url\":\"https:\\\/\\\/milanta.net\\\/es\\\/producte\\\/muntanya-del-tiller\\\/\",\"name\":\"Muntanya amb reptes motrius - El Til\u00b7ler - Milanta\",\"isPartOf\":{\"@id\":\"https:\\\/\\\/milanta.net\\\/es\\\/#website\"},\"primaryImageOfPage\":{\"@id\":\"https:\\\/\\\/milanta.net\\\/es\\\/producte\\\/muntanya-del-tiller\\\/#primaryimage\"},\"image\":{\"@id\":\"https:\\\/\\\/milanta.net\\\/es\\\/producte\\\/muntanya-del-tiller\\\/#primaryimage\"},\"thumbnailUrl\":\"https:\\\/\\\/milanta.net\\\/wp-content\\\/uploads\\\/2018\\\/04\\\/1547-Muntanya-del-Til\u00b7ler.jpg\",\"datePublished\":\"2018-04-26T11:33:05+00:00\",\"dateModified\":\"2025-04-22T12:10:18+00:00\",\"breadcrumb\":{\"@id\":\"https:\\\/\\\/milanta.net\\\/es\\\/producte\\\/muntanya-del-tiller\\\/#breadcrumb\"},\"inLanguage\":\"es\",\"potentialAction\":[{\"@type\":\"ReadAction\",\"target\":[\"https:\\\/\\\/milanta.net\\\/es\\\/producte\\\/muntanya-del-tiller\\\/\"]}]},{\"@type\":\"ImageObject\",\"inLanguage\":\"es\",\"@id\":\"https:\\\/\\\/milanta.net\\\/es\\\/producte\\\/muntanya-del-tiller\\\/#primaryimage\",\"url\":\"https:\\\/\\\/milanta.net\\\/wp-content\\\/uploads\\\/2018\\\/04\\\/1547-Muntanya-del-Til\u00b7ler.jpg\",\"contentUrl\":\"https:\\\/\\\/milanta.net\\\/wp-content\\\/uploads\\\/2018\\\/04\\\/1547-Muntanya-del-Til\u00b7ler.jpg\",\"width\":599,\"height\":600,\"caption\":\"Muntanya del Til\u00b7ler\"},{\"@type\":\"BreadcrumbList\",\"@id\":\"https:\\\/\\\/milanta.net\\\/es\\\/producte\\\/muntanya-del-tiller\\\/#breadcrumb\",\"itemListElement\":[{\"@type\":\"ListItem\",\"position\":1,\"name\":\"Portada\",\"item\":\"https:\\\/\\\/milanta.net\\\/es\\\/\"},{\"@type\":\"ListItem\",\"position\":2,\"name\":\"Cat\u00e1logo\",\"item\":\"https:\\\/\\\/milanta.net\\\/es\\\/catalogo\\\/\"},{\"@type\":\"ListItem\",\"position\":3,\"name\":\"Muntanya amb reptes motrius &#8211; El Til\u00b7ler\"}]},{\"@type\":\"WebSite\",\"@id\":\"https:\\\/\\\/milanta.net\\\/es\\\/#website\",\"url\":\"https:\\\/\\\/milanta.net\\\/es\\\/\",\"name\":\"Milanta Patis Vius\",\"description\":\"ESPACIOS NATURALES Y CREATIVOS PARA LA EDUCACI\u00d3N\",\"publisher\":{\"@id\":\"https:\\\/\\\/milanta.net\\\/es\\\/#organization\"},\"alternateName\":\"Milanta - Patis Vius\",\"potentialAction\":[{\"@type\":\"SearchAction\",\"target\":{\"@type\":\"EntryPoint\",\"urlTemplate\":\"https:\\\/\\\/milanta.net\\\/es\\\/?s={search_term_string}\"},\"query-input\":{\"@type\":\"PropertyValueSpecification\",\"valueRequired\":true,\"valueName\":\"search_term_string\"}}],\"inLanguage\":\"es\"},{\"@type\":\"Organization\",\"@id\":\"https:\\\/\\\/milanta.net\\\/es\\\/#organization\",\"name\":\"Milanta\",\"url\":\"https:\\\/\\\/milanta.net\\\/es\\\/\",\"logo\":{\"@type\":\"ImageObject\",\"inLanguage\":\"es\",\"@id\":\"https:\\\/\\\/milanta.net\\\/es\\\/#\\\/schema\\\/logo\\\/image\\\/\",\"url\":\"https:\\\/\\\/milanta.net\\\/wp-content\\\/uploads\\\/2023\\\/04\\\/Logo-Milanta-color.svg\",\"contentUrl\":\"https:\\\/\\\/milanta.net\\\/wp-content\\\/uploads\\\/2023\\\/04\\\/Logo-Milanta-color.svg\",\"caption\":\"Milanta\"},\"image\":{\"@id\":\"https:\\\/\\\/milanta.net\\\/es\\\/#\\\/schema\\\/logo\\\/image\\\/\"},\"sameAs\":[\"https:\\\/\\\/www.facebook.com\\\/MilantaCraft\\\/\",\"https:\\\/\\\/www.instagram.com\\\/milanta_patis\\\/\"]}]}<\/script>\n<!-- \/ Yoast SEO Premium plugin. -->","yoast_head_json":{"title":"Muntanya amb reptes motrius - El Til\u00b7ler - Milanta","robots":{"index":"index","follow":"follow","max-snippet":"max-snippet:-1","max-image-preview":"max-image-preview:large","max-video-preview":"max-video-preview:-1"},"canonical":"https:\/\/milanta.net\/es\/producte\/muntanya-del-tiller\/","og_locale":"es_ES","og_type":"article","og_title":"Muntanya amb reptes motrius - El Til\u00b7ler","og_description":"Gran relleu de terres, sorres, troncs, travesses i plantes.","og_url":"https:\/\/milanta.net\/es\/producte\/muntanya-del-tiller\/","og_site_name":"Milanta","article_publisher":"https:\/\/www.facebook.com\/MilantaCraft\/","article_modified_time":"2025-04-22T12:10:18+00:00","og_image":[{"width":599,"height":600,"url":"https:\/\/milanta.net\/wp-content\/uploads\/2018\/04\/1547-Muntanya-del-Til\u00b7ler.jpg","type":"image\/jpeg"}],"twitter_card":"summary_large_image","twitter_misc":{"Tiempo de lectura":"2 minutos"},"schema":{"@context":"https:\/\/schema.org","@graph":[{"@type":"WebPage","@id":"https:\/\/milanta.net\/es\/producte\/muntanya-del-tiller\/","url":"https:\/\/milanta.net\/es\/producte\/muntanya-del-tiller\/","name":"Muntanya amb reptes motrius - El Til\u00b7ler - Milanta","isPartOf":{"@id":"https:\/\/milanta.net\/es\/#website"},"primaryImageOfPage":{"@id":"https:\/\/milanta.net\/es\/producte\/muntanya-del-tiller\/#primaryimage"},"image":{"@id":"https:\/\/milanta.net\/es\/producte\/muntanya-del-tiller\/#primaryimage"},"thumbnailUrl":"https:\/\/milanta.net\/wp-content\/uploads\/2018\/04\/1547-Muntanya-del-Til\u00b7ler.jpg","datePublished":"2018-04-26T11:33:05+00:00","dateModified":"2025-04-22T12:10:18+00:00","breadcrumb":{"@id":"https:\/\/milanta.net\/es\/producte\/muntanya-del-tiller\/#breadcrumb"},"inLanguage":"es","potentialAction":[{"@type":"ReadAction","target":["https:\/\/milanta.net\/es\/producte\/muntanya-del-tiller\/"]}]},{"@type":"ImageObject","inLanguage":"es","@id":"https:\/\/milanta.net\/es\/producte\/muntanya-del-tiller\/#primaryimage","url":"https:\/\/milanta.net\/wp-content\/uploads\/2018\/04\/1547-Muntanya-del-Til\u00b7ler.jpg","contentUrl":"https:\/\/milanta.net\/wp-content\/uploads\/2018\/04\/1547-Muntanya-del-Til\u00b7ler.jpg","width":599,"height":600,"caption":"Muntanya del Til\u00b7ler"},{"@type":"BreadcrumbList","@id":"https:\/\/milanta.net\/es\/producte\/muntanya-del-tiller\/#breadcrumb","itemListElement":[{"@type":"ListItem","position":1,"name":"Portada","item":"https:\/\/milanta.net\/es\/"},{"@type":"ListItem","position":2,"name":"Cat\u00e1logo","item":"https:\/\/milanta.net\/es\/catalogo\/"},{"@type":"ListItem","position":3,"name":"Muntanya amb reptes motrius &#8211; El Til\u00b7ler"}]},{"@type":"WebSite","@id":"https:\/\/milanta.net\/es\/#website","url":"https:\/\/milanta.net\/es\/","name":"Milanta Patis Vius","description":"ESPACIOS NATURALES Y CREATIVOS PARA LA EDUCACI\u00d3N","publisher":{"@id":"https:\/\/milanta.net\/es\/#organization"},"alternateName":"Milanta - Patis Vius","potentialAction":[{"@type":"SearchAction","target":{"@type":"EntryPoint","urlTemplate":"https:\/\/milanta.net\/es\/?s={search_term_string}"},"query-input":{"@type":"PropertyValueSpecification","valueRequired":true,"valueName":"search_term_string"}}],"inLanguage":"es"},{"@type":"Organization","@id":"https:\/\/milanta.net\/es\/#organization","name":"Milanta","url":"https:\/\/milanta.net\/es\/","logo":{"@type":"ImageObject","inLanguage":"es","@id":"https:\/\/milanta.net\/es\/#\/schema\/logo\/image\/","url":"https:\/\/milanta.net\/wp-content\/uploads\/2023\/04\/Logo-Milanta-color.svg","contentUrl":"https:\/\/milanta.net\/wp-content\/uploads\/2023\/04\/Logo-Milanta-color.svg","caption":"Milanta"},"image":{"@id":"https:\/\/milanta.net\/es\/#\/schema\/logo\/image\/"},"sameAs":["https:\/\/www.facebook.com\/MilantaCraft\/","https:\/\/www.instagram.com\/milanta_patis\/"]}]}},"_links":{"self":[{"href":"https:\/\/milanta.net\/es\/wp-json\/wp\/v2\/product\/3279","targetHints":{"allow":["GET"]}}],"collection":[{"href":"https:\/\/milanta.net\/es\/wp-json\/wp\/v2\/product"}],"about":[{"href":"https:\/\/milanta.net\/es\/wp-json\/wp\/v2\/types\/product"}],"version-history":[{"count":0,"href":"https:\/\/milanta.net\/es\/wp-json\/wp\/v2\/product\/3279\/revisions"}],"wp:featuredmedia":[{"embeddable":true,"href":"https:\/\/milanta.net\/es\/wp-json\/wp\/v2\/media\/3275"}],"wp:attachment":[{"href":"https:\/\/milanta.net\/es\/wp-json\/wp\/v2\/media?parent=3279"}],"wp:term":[{"taxonomy":"product_brand","embeddable":true,"href":"https:\/\/milanta.net\/es\/wp-json\/wp\/v2\/product_brand?post=3279"},{"taxonomy":"product_cat","embeddable":true,"href":"https:\/\/milanta.net\/es\/wp-json\/wp\/v2\/product_cat?post=3279"},{"taxonomy":"product_tag","embeddable":true,"href":"https:\/\/milanta.net\/es\/wp-json\/wp\/v2\/product_tag?post=3279"},{"taxonomy":"ubicacion-del-mobiliario","embeddable":true,"href":"https:\/\/milanta.net\/es\/wp-json\/wp\/v2\/ubicacion-del-mobiliario?post=3279"}],"curies":[{"name":"wp","href":"https:\/\/api.w.org\/{rel}","templated":true}]}}