{"id":3292,"date":"2018-09-27T13:46:54","date_gmt":"2018-09-27T13:46:54","guid":{"rendered":"https:\/\/milanta.net\/producto\/bosc-de-troncs\/"},"modified":"2025-04-22T14:19:38","modified_gmt":"2025-04-22T12:19:38","slug":"bosc-de-troncs","status":"publish","type":"product","link":"https:\/\/milanta.net\/es\/producte\/bosc-de-troncs\/","title":{"rendered":"Bosc de troncs &#8211; 25 peces"},"content":{"rendered":"<p>Aquesta proposta de joc d&#8217;equilibri es compon de 25 troncs de fusta, d&#8217;entre 16 i 24cm de di\u00e0metre, tallats a diverses al\u00e7ades que, ajuntats, formen una elevaci\u00f3 d&#8217;entre uns 20 i 50 cm.\u00a0<\/p>\n<p>Aquesta estructura de fusta \u00e9s una proposta de joc fant\u00e0stica per un pati d&#8217;escola, tant d&#8217;infantil com de prim\u00e0ria.<\/p>\n<p>Els troncs d&#8217;ac\u00e0cia s\u00f3n molt resistents i estan tractats i polits per estar a l&#8217;exterior.<\/p>\n<p>Aquest bosc, com la resta de circuits de troncs, afavoreixen el joc d\u2019equilibri, la coordinaci\u00f3 i la percepci\u00f3 del propi cos en l\u2019espai, afavorint el desenvolupament psicomotor en un entorn natural i estimulant. Cada tronc \u00e9s diferent, com cada infant: la irregularitat del material viu promou l\u2019atenci\u00f3, la concentraci\u00f3 i l\u2019autoconfian\u00e7a. \u00c9s un element obert, que s\u2019adapta a m\u00faltiples usos i convida al joc cooperatiu, a l\u2019aventura i a la imaginaci\u00f3.<\/p>\n<p>Com gaireb\u00e9 totes les estructures i materials que fabriquem a Milanta, podem fer-los a mida. Si voleu un bosc de troncs diferent, demaneu-nos-en pressupost sense comprom\u00eds.<\/p>\n<p>&#8212;&#8211;<br \/>\nInclou el muntatge.<\/p>\n<p>Indicat per a espais infantils i patis de prim\u00e0ria amb s\u00f2l de terra o saul\u00f3.<\/p>\n<p>Es pot fer a mida.<\/p>\n<p>&#8220;Mai hi ha dos troncs id\u00e8ntics, la fusta \u00e9s un material que s&#8217;altera amb el temps,\u00a0 les seves formes s\u00f3n irregulars i els muntatges mai queden igual que a les fotos. Les esquerdes a la fusta formen part de la natura viva del material, si s\u00f3n de menys de 8mm no us heu de preocupar. Aplicar anualment un nutrient com l&#8217;oli de llinosa ajuda a mantenir la fusta en bones condicions durant molts anys. Truqueu-nos si teniu algun dubte o necessiteu ajuda pel manteniment&#8221;<\/p>\n","protected":false},"excerpt":{"rendered":"<p>Circuit de troncs per escoles d&#8217;infantil i prim\u00e0ria<\/p>\n","protected":false},"featured_media":3289,"template":"","meta":[],"product_brand":[],"product_cat":[837,117],"product_tag":[],"ubicacion-del-mobiliario":[821],"class_list":{"0":"post-3292","1":"product","2":"type-product","3":"status-publish","4":"has-post-thumbnail","6":"product_cat-circuits-de-troncs","7":"product_cat-exterior-pati-i-jardi","8":"ubicacion-del-mobiliario-exterior","10":"first","11":"instock","12":"taxable","13":"shipping-taxable","14":"purchasable","15":"product-type-simple"},"yoast_head":"<!-- This site is optimized with the Yoast SEO Premium plugin v21.6 (Yoast SEO v27.3) - https:\/\/yoast.com\/product\/yoast-seo-premium-wordpress\/ -->\n<title>Bosc de troncs - 25 peces - Milanta<\/title>\n<meta name=\"description\" content=\"Aquest circuit es compon de 25 troncs tallats a diverses al\u00e7ades que, ajuntats, formen una elevaci\u00f3 d&#039;entre uns 20 i 50 cm.\u00a0\" \/>\n<meta name=\"robots\" content=\"index, follow, max-snippet:-1, max-image-preview:large, max-video-preview:-1\" \/>\n<link rel=\"canonical\" href=\"https:\/\/milanta.net\/es\/producte\/bosc-de-troncs\/\" \/>\n<meta property=\"og:locale\" content=\"es_ES\" \/>\n<meta property=\"og:type\" content=\"article\" \/>\n<meta property=\"og:title\" content=\"Bosc de troncs - 25 peces\" \/>\n<meta property=\"og:description\" content=\"Aquest circuit es compon de 25 troncs tallats a diverses al\u00e7ades que, ajuntats, formen una elevaci\u00f3 d&#039;entre uns 20 i 50 cm.\u00a0\" \/>\n<meta property=\"og:url\" content=\"https:\/\/milanta.net\/es\/producte\/bosc-de-troncs\/\" \/>\n<meta property=\"og:site_name\" content=\"Milanta\" \/>\n<meta property=\"article:publisher\" content=\"https:\/\/www.facebook.com\/MilantaCraft\/\" \/>\n<meta property=\"article:modified_time\" content=\"2025-04-22T12:19:38+00:00\" \/>\n<meta property=\"og:image\" content=\"https:\/\/milanta.net\/wp-content\/uploads\/2018\/09\/1893-BOSC-DE-TRONCS.jpg\" \/>\n\t<meta property=\"og:image:width\" content=\"1600\" \/>\n\t<meta property=\"og:image:height\" content=\"1200\" \/>\n\t<meta property=\"og:image:type\" content=\"image\/jpeg\" \/>\n<meta name=\"twitter:card\" content=\"summary_large_image\" \/>\n<meta name=\"twitter:label1\" content=\"Tiempo de lectura\" \/>\n\t<meta name=\"twitter:data1\" content=\"2 minutos\" \/>\n<script type=\"application\/ld+json\" class=\"yoast-schema-graph\">{\"@context\":\"https:\\\/\\\/schema.org\",\"@graph\":[{\"@type\":\"WebPage\",\"@id\":\"https:\\\/\\\/milanta.net\\\/es\\\/producte\\\/bosc-de-troncs\\\/\",\"url\":\"https:\\\/\\\/milanta.net\\\/es\\\/producte\\\/bosc-de-troncs\\\/\",\"name\":\"Bosc de troncs - 25 peces - Milanta\",\"isPartOf\":{\"@id\":\"https:\\\/\\\/milanta.net\\\/es\\\/#website\"},\"primaryImageOfPage\":{\"@id\":\"https:\\\/\\\/milanta.net\\\/es\\\/producte\\\/bosc-de-troncs\\\/#primaryimage\"},\"image\":{\"@id\":\"https:\\\/\\\/milanta.net\\\/es\\\/producte\\\/bosc-de-troncs\\\/#primaryimage\"},\"thumbnailUrl\":\"https:\\\/\\\/milanta.net\\\/wp-content\\\/uploads\\\/2018\\\/09\\\/1893-BOSC-DE-TRONCS.jpg\",\"datePublished\":\"2018-09-27T13:46:54+00:00\",\"dateModified\":\"2025-04-22T12:19:38+00:00\",\"description\":\"Aquest circuit es compon de 25 troncs tallats a diverses al\u00e7ades que, ajuntats, formen una elevaci\u00f3 d'entre uns 20 i 50 cm.\u00a0\",\"breadcrumb\":{\"@id\":\"https:\\\/\\\/milanta.net\\\/es\\\/producte\\\/bosc-de-troncs\\\/#breadcrumb\"},\"inLanguage\":\"es\",\"potentialAction\":[{\"@type\":\"ReadAction\",\"target\":[\"https:\\\/\\\/milanta.net\\\/es\\\/producte\\\/bosc-de-troncs\\\/\"]}]},{\"@type\":\"ImageObject\",\"inLanguage\":\"es\",\"@id\":\"https:\\\/\\\/milanta.net\\\/es\\\/producte\\\/bosc-de-troncs\\\/#primaryimage\",\"url\":\"https:\\\/\\\/milanta.net\\\/wp-content\\\/uploads\\\/2018\\\/09\\\/1893-BOSC-DE-TRONCS.jpg\",\"contentUrl\":\"https:\\\/\\\/milanta.net\\\/wp-content\\\/uploads\\\/2018\\\/09\\\/1893-BOSC-DE-TRONCS.jpg\",\"width\":1600,\"height\":1200,\"caption\":\"BOSC DE TRONCS\"},{\"@type\":\"BreadcrumbList\",\"@id\":\"https:\\\/\\\/milanta.net\\\/es\\\/producte\\\/bosc-de-troncs\\\/#breadcrumb\",\"itemListElement\":[{\"@type\":\"ListItem\",\"position\":1,\"name\":\"Portada\",\"item\":\"https:\\\/\\\/milanta.net\\\/es\\\/\"},{\"@type\":\"ListItem\",\"position\":2,\"name\":\"Cat\u00e1logo\",\"item\":\"https:\\\/\\\/milanta.net\\\/es\\\/catalogo\\\/\"},{\"@type\":\"ListItem\",\"position\":3,\"name\":\"Bosc de troncs &#8211; 25 peces\"}]},{\"@type\":\"WebSite\",\"@id\":\"https:\\\/\\\/milanta.net\\\/es\\\/#website\",\"url\":\"https:\\\/\\\/milanta.net\\\/es\\\/\",\"name\":\"Milanta Patis Vius\",\"description\":\"ESPACIOS NATURALES Y CREATIVOS PARA LA EDUCACI\u00d3N\",\"publisher\":{\"@id\":\"https:\\\/\\\/milanta.net\\\/es\\\/#organization\"},\"alternateName\":\"Milanta - Patis Vius\",\"potentialAction\":[{\"@type\":\"SearchAction\",\"target\":{\"@type\":\"EntryPoint\",\"urlTemplate\":\"https:\\\/\\\/milanta.net\\\/es\\\/?s={search_term_string}\"},\"query-input\":{\"@type\":\"PropertyValueSpecification\",\"valueRequired\":true,\"valueName\":\"search_term_string\"}}],\"inLanguage\":\"es\"},{\"@type\":\"Organization\",\"@id\":\"https:\\\/\\\/milanta.net\\\/es\\\/#organization\",\"name\":\"Milanta\",\"url\":\"https:\\\/\\\/milanta.net\\\/es\\\/\",\"logo\":{\"@type\":\"ImageObject\",\"inLanguage\":\"es\",\"@id\":\"https:\\\/\\\/milanta.net\\\/es\\\/#\\\/schema\\\/logo\\\/image\\\/\",\"url\":\"https:\\\/\\\/milanta.net\\\/wp-content\\\/uploads\\\/2023\\\/04\\\/Logo-Milanta-color.svg\",\"contentUrl\":\"https:\\\/\\\/milanta.net\\\/wp-content\\\/uploads\\\/2023\\\/04\\\/Logo-Milanta-color.svg\",\"width\":786,\"height\":486,\"caption\":\"Milanta\"},\"image\":{\"@id\":\"https:\\\/\\\/milanta.net\\\/es\\\/#\\\/schema\\\/logo\\\/image\\\/\"},\"sameAs\":[\"https:\\\/\\\/www.facebook.com\\\/MilantaCraft\\\/\",\"https:\\\/\\\/www.instagram.com\\\/milanta_patis\\\/\"]}]}<\/script>\n<!-- \/ Yoast SEO Premium plugin. -->","yoast_head_json":{"title":"Bosc de troncs - 25 peces - Milanta","description":"Aquest circuit es compon de 25 troncs tallats a diverses al\u00e7ades que, ajuntats, formen una elevaci\u00f3 d'entre uns 20 i 50 cm.\u00a0","robots":{"index":"index","follow":"follow","max-snippet":"max-snippet:-1","max-image-preview":"max-image-preview:large","max-video-preview":"max-video-preview:-1"},"canonical":"https:\/\/milanta.net\/es\/producte\/bosc-de-troncs\/","og_locale":"es_ES","og_type":"article","og_title":"Bosc de troncs - 25 peces","og_description":"Aquest circuit es compon de 25 troncs tallats a diverses al\u00e7ades que, ajuntats, formen una elevaci\u00f3 d'entre uns 20 i 50 cm.\u00a0","og_url":"https:\/\/milanta.net\/es\/producte\/bosc-de-troncs\/","og_site_name":"Milanta","article_publisher":"https:\/\/www.facebook.com\/MilantaCraft\/","article_modified_time":"2025-04-22T12:19:38+00:00","og_image":[{"width":1600,"height":1200,"url":"https:\/\/milanta.net\/wp-content\/uploads\/2018\/09\/1893-BOSC-DE-TRONCS.jpg","type":"image\/jpeg"}],"twitter_card":"summary_large_image","twitter_misc":{"Tiempo de lectura":"2 minutos"},"schema":{"@context":"https:\/\/schema.org","@graph":[{"@type":"WebPage","@id":"https:\/\/milanta.net\/es\/producte\/bosc-de-troncs\/","url":"https:\/\/milanta.net\/es\/producte\/bosc-de-troncs\/","name":"Bosc de troncs - 25 peces - Milanta","isPartOf":{"@id":"https:\/\/milanta.net\/es\/#website"},"primaryImageOfPage":{"@id":"https:\/\/milanta.net\/es\/producte\/bosc-de-troncs\/#primaryimage"},"image":{"@id":"https:\/\/milanta.net\/es\/producte\/bosc-de-troncs\/#primaryimage"},"thumbnailUrl":"https:\/\/milanta.net\/wp-content\/uploads\/2018\/09\/1893-BOSC-DE-TRONCS.jpg","datePublished":"2018-09-27T13:46:54+00:00","dateModified":"2025-04-22T12:19:38+00:00","description":"Aquest circuit es compon de 25 troncs tallats a diverses al\u00e7ades que, ajuntats, formen una elevaci\u00f3 d'entre uns 20 i 50 cm.\u00a0","breadcrumb":{"@id":"https:\/\/milanta.net\/es\/producte\/bosc-de-troncs\/#breadcrumb"},"inLanguage":"es","potentialAction":[{"@type":"ReadAction","target":["https:\/\/milanta.net\/es\/producte\/bosc-de-troncs\/"]}]},{"@type":"ImageObject","inLanguage":"es","@id":"https:\/\/milanta.net\/es\/producte\/bosc-de-troncs\/#primaryimage","url":"https:\/\/milanta.net\/wp-content\/uploads\/2018\/09\/1893-BOSC-DE-TRONCS.jpg","contentUrl":"https:\/\/milanta.net\/wp-content\/uploads\/2018\/09\/1893-BOSC-DE-TRONCS.jpg","width":1600,"height":1200,"caption":"BOSC DE TRONCS"},{"@type":"BreadcrumbList","@id":"https:\/\/milanta.net\/es\/producte\/bosc-de-troncs\/#breadcrumb","itemListElement":[{"@type":"ListItem","position":1,"name":"Portada","item":"https:\/\/milanta.net\/es\/"},{"@type":"ListItem","position":2,"name":"Cat\u00e1logo","item":"https:\/\/milanta.net\/es\/catalogo\/"},{"@type":"ListItem","position":3,"name":"Bosc de troncs &#8211; 25 peces"}]},{"@type":"WebSite","@id":"https:\/\/milanta.net\/es\/#website","url":"https:\/\/milanta.net\/es\/","name":"Milanta Patis Vius","description":"ESPACIOS NATURALES Y CREATIVOS PARA LA EDUCACI\u00d3N","publisher":{"@id":"https:\/\/milanta.net\/es\/#organization"},"alternateName":"Milanta - Patis Vius","potentialAction":[{"@type":"SearchAction","target":{"@type":"EntryPoint","urlTemplate":"https:\/\/milanta.net\/es\/?s={search_term_string}"},"query-input":{"@type":"PropertyValueSpecification","valueRequired":true,"valueName":"search_term_string"}}],"inLanguage":"es"},{"@type":"Organization","@id":"https:\/\/milanta.net\/es\/#organization","name":"Milanta","url":"https:\/\/milanta.net\/es\/","logo":{"@type":"ImageObject","inLanguage":"es","@id":"https:\/\/milanta.net\/es\/#\/schema\/logo\/image\/","url":"https:\/\/milanta.net\/wp-content\/uploads\/2023\/04\/Logo-Milanta-color.svg","contentUrl":"https:\/\/milanta.net\/wp-content\/uploads\/2023\/04\/Logo-Milanta-color.svg","width":786,"height":486,"caption":"Milanta"},"image":{"@id":"https:\/\/milanta.net\/es\/#\/schema\/logo\/image\/"},"sameAs":["https:\/\/www.facebook.com\/MilantaCraft\/","https:\/\/www.instagram.com\/milanta_patis\/"]}]}},"_links":{"self":[{"href":"https:\/\/milanta.net\/es\/wp-json\/wp\/v2\/product\/3292","targetHints":{"allow":["GET"]}}],"collection":[{"href":"https:\/\/milanta.net\/es\/wp-json\/wp\/v2\/product"}],"about":[{"href":"https:\/\/milanta.net\/es\/wp-json\/wp\/v2\/types\/product"}],"version-history":[{"count":0,"href":"https:\/\/milanta.net\/es\/wp-json\/wp\/v2\/product\/3292\/revisions"}],"wp:featuredmedia":[{"embeddable":true,"href":"https:\/\/milanta.net\/es\/wp-json\/wp\/v2\/media\/3289"}],"wp:attachment":[{"href":"https:\/\/milanta.net\/es\/wp-json\/wp\/v2\/media?parent=3292"}],"wp:term":[{"taxonomy":"product_brand","embeddable":true,"href":"https:\/\/milanta.net\/es\/wp-json\/wp\/v2\/product_brand?post=3292"},{"taxonomy":"product_cat","embeddable":true,"href":"https:\/\/milanta.net\/es\/wp-json\/wp\/v2\/product_cat?post=3292"},{"taxonomy":"product_tag","embeddable":true,"href":"https:\/\/milanta.net\/es\/wp-json\/wp\/v2\/product_tag?post=3292"},{"taxonomy":"ubicacion-del-mobiliario","embeddable":true,"href":"https:\/\/milanta.net\/es\/wp-json\/wp\/v2\/ubicacion-del-mobiliario?post=3292"}],"curies":[{"name":"wp","href":"https:\/\/api.w.org\/{rel}","templated":true}]}}