{"id":3299,"date":"2018-10-31T12:57:11","date_gmt":"2018-10-31T12:57:11","guid":{"rendered":"https:\/\/milanta.net\/producto\/turo-de-la-descoberta-amb-escala-campanar-i-rampa\/"},"modified":"2025-04-22T14:03:16","modified_gmt":"2025-04-22T12:03:16","slug":"turo-de-la-descoberta-amb-escala-campanar-i-rampa","status":"publish","type":"product","link":"https:\/\/milanta.net\/es\/producte\/turo-de-la-descoberta-amb-escala-campanar-i-rampa\/","title":{"rendered":"Tur\u00f3 de la descoberta amb campanar &#8211; Per Bressol"},"content":{"rendered":"<p>Aquest tur\u00f3 per patis d\u2019escola Bressol \u00e9s fant\u00e0stic per proporcionar relleu a l\u2019espai exterior, fomentar el joc motriu i simb\u00f2lic entre els infants i esdevenir un espai de cura i observaci\u00f3 de la vegetaci\u00f3.<\/p>\n<p>Amb els turons trencarem el paisatge pla i crearem una nova realitat al pati! Un pati&#8230; Una porta a la natura!<\/p>\n<p>Est\u00e0 format per una muntanya de terra perimetrada i:<br \/>\n&#8211; Una estructura de fusta amb un campanar al capdamunt<br \/>\n&#8211; Graons d&#8217;acc\u00e9s<br \/>\n&#8211; Una passarel\u00b7la que creua el cim<br \/>\n&#8211; Una rampa amb travesses de grimpada i descens.<\/p>\n<p><strong>Important<\/strong>:\u00a0Recomanem plantar-hi for\u00e7a vegetaci\u00f3, ja que ajuden a mantenir el tur\u00f3 compactat. Sense, \u00e9s f\u00e0cil que es desgasti\/erosioni amb l\u2019\u00fas.<\/p>\n<p>Tenim diversos turons i muntanyes en el nostre cat\u00e0leg, per\u00f2 si no us n&#8217;encaixa cap, no patiu, que els podem fer a mida.<br \/>\nCom la majoria d&#8217;estructures i materials que proporcionem a Milanta els dissenyem i fabriquem a la nostra fusteria, podem adaptar-los als vostres espais i necessitats. Demaneu-nos pressupost sense comprom\u00eds.<\/p>\n<p>&#8212;-<\/p>\n<p><strong>Personalitzaci\u00f3: s\u00ed<\/strong><\/p>\n<p><strong>Material:\u00a0<\/strong>Fusta de pi amb tractament a l\u2019autoclau.<\/p>\n<p><strong>El preu inclou\u00a0<\/strong>el muntatge<\/p>\n<p><strong>El preu NO inlou:<\/strong>\u00a0La terra i les plantes. Ho venem i gestionem a part. Demaneu-nos pressupost.<\/p>\n","protected":false},"excerpt":{"rendered":"<div id=\"short_description_content\" class=\"rte align_justify\">\n<p>Muntanya de terra perimetrada amb estructura elevada, graons, rampa i campanar<\/p>\n<div><\/div>\n<\/div>\n","protected":false},"featured_media":3293,"template":"","meta":[],"product_brand":[],"product_cat":[838],"product_tag":[],"ubicacion-del-mobiliario":[821],"class_list":{"0":"post-3299","1":"product","2":"type-product","3":"status-publish","4":"has-post-thumbnail","6":"product_cat-turons","7":"ubicacion-del-mobiliario-exterior","9":"first","10":"instock","11":"taxable","12":"shipping-taxable","13":"purchasable","14":"product-type-simple"},"yoast_head":"<!-- This site is optimized with the Yoast SEO Premium plugin v21.6 (Yoast SEO v27.3) - https:\/\/yoast.com\/product\/yoast-seo-premium-wordpress\/ -->\n<title>Tur\u00f3 de la descoberta amb campanar - Per Bressol - Milanta<\/title>\n<meta name=\"description\" content=\"\u00c9s un element ideal per patis d&#039;escola Bressol. El tur\u00f3 est\u00e0 format per una muntanya de terra, una estructura de fusta amb campanar, graons i rampa.\" \/>\n<meta name=\"robots\" content=\"index, follow, max-snippet:-1, max-image-preview:large, max-video-preview:-1\" \/>\n<link rel=\"canonical\" href=\"https:\/\/milanta.net\/es\/producte\/turo-de-la-descoberta-amb-escala-campanar-i-rampa\/\" \/>\n<meta property=\"og:locale\" content=\"es_ES\" \/>\n<meta property=\"og:type\" content=\"article\" \/>\n<meta property=\"og:title\" content=\"Tur\u00f3 de la descoberta amb campanar - Per Bressol\" \/>\n<meta property=\"og:description\" content=\"\u00c9s un element ideal per patis d&#039;escola Bressol. El tur\u00f3 est\u00e0 format per una muntanya de terra, una estructura de fusta amb campanar, graons i rampa.\" \/>\n<meta property=\"og:url\" content=\"https:\/\/milanta.net\/es\/producte\/turo-de-la-descoberta-amb-escala-campanar-i-rampa\/\" \/>\n<meta property=\"og:site_name\" content=\"Milanta\" \/>\n<meta property=\"article:publisher\" content=\"https:\/\/www.facebook.com\/MilantaCraft\/\" \/>\n<meta property=\"article:modified_time\" content=\"2025-04-22T12:03:16+00:00\" \/>\n<meta property=\"og:image\" content=\"https:\/\/milanta.net\/wp-content\/uploads\/2018\/10\/1645-TURO-DE-LA-DESCOBERTA-AMB-ESCALA-CAMPANAR-I-RAMPA-scaled.jpg\" \/>\n\t<meta property=\"og:image:width\" content=\"2560\" \/>\n\t<meta property=\"og:image:height\" content=\"1920\" \/>\n\t<meta property=\"og:image:type\" content=\"image\/jpeg\" \/>\n<meta name=\"twitter:card\" content=\"summary_large_image\" \/>\n<meta name=\"twitter:label1\" content=\"Tiempo de lectura\" \/>\n\t<meta name=\"twitter:data1\" content=\"2 minutos\" \/>\n<script type=\"application\/ld+json\" class=\"yoast-schema-graph\">{\"@context\":\"https:\\\/\\\/schema.org\",\"@graph\":[{\"@type\":\"WebPage\",\"@id\":\"https:\\\/\\\/milanta.net\\\/es\\\/producte\\\/turo-de-la-descoberta-amb-escala-campanar-i-rampa\\\/\",\"url\":\"https:\\\/\\\/milanta.net\\\/es\\\/producte\\\/turo-de-la-descoberta-amb-escala-campanar-i-rampa\\\/\",\"name\":\"Tur\u00f3 de la descoberta amb campanar - Per Bressol - Milanta\",\"isPartOf\":{\"@id\":\"https:\\\/\\\/milanta.net\\\/es\\\/#website\"},\"primaryImageOfPage\":{\"@id\":\"https:\\\/\\\/milanta.net\\\/es\\\/producte\\\/turo-de-la-descoberta-amb-escala-campanar-i-rampa\\\/#primaryimage\"},\"image\":{\"@id\":\"https:\\\/\\\/milanta.net\\\/es\\\/producte\\\/turo-de-la-descoberta-amb-escala-campanar-i-rampa\\\/#primaryimage\"},\"thumbnailUrl\":\"https:\\\/\\\/milanta.net\\\/wp-content\\\/uploads\\\/2018\\\/10\\\/1645-TURO-DE-LA-DESCOBERTA-AMB-ESCALA-CAMPANAR-I-RAMPA-scaled.jpg\",\"datePublished\":\"2018-10-31T12:57:11+00:00\",\"dateModified\":\"2025-04-22T12:03:16+00:00\",\"description\":\"\u00c9s un element ideal per patis d'escola Bressol. El tur\u00f3 est\u00e0 format per una muntanya de terra, una estructura de fusta amb campanar, graons i rampa.\",\"breadcrumb\":{\"@id\":\"https:\\\/\\\/milanta.net\\\/es\\\/producte\\\/turo-de-la-descoberta-amb-escala-campanar-i-rampa\\\/#breadcrumb\"},\"inLanguage\":\"es\",\"potentialAction\":[{\"@type\":\"ReadAction\",\"target\":[\"https:\\\/\\\/milanta.net\\\/es\\\/producte\\\/turo-de-la-descoberta-amb-escala-campanar-i-rampa\\\/\"]}]},{\"@type\":\"ImageObject\",\"inLanguage\":\"es\",\"@id\":\"https:\\\/\\\/milanta.net\\\/es\\\/producte\\\/turo-de-la-descoberta-amb-escala-campanar-i-rampa\\\/#primaryimage\",\"url\":\"https:\\\/\\\/milanta.net\\\/wp-content\\\/uploads\\\/2018\\\/10\\\/1645-TURO-DE-LA-DESCOBERTA-AMB-ESCALA-CAMPANAR-I-RAMPA-scaled.jpg\",\"contentUrl\":\"https:\\\/\\\/milanta.net\\\/wp-content\\\/uploads\\\/2018\\\/10\\\/1645-TURO-DE-LA-DESCOBERTA-AMB-ESCALA-CAMPANAR-I-RAMPA-scaled.jpg\",\"width\":2560,\"height\":1920,\"caption\":\"TURO DE LA DESCOBERTA AMB ESCALA, CAMPANAR I RAMPA\"},{\"@type\":\"BreadcrumbList\",\"@id\":\"https:\\\/\\\/milanta.net\\\/es\\\/producte\\\/turo-de-la-descoberta-amb-escala-campanar-i-rampa\\\/#breadcrumb\",\"itemListElement\":[{\"@type\":\"ListItem\",\"position\":1,\"name\":\"Portada\",\"item\":\"https:\\\/\\\/milanta.net\\\/es\\\/\"},{\"@type\":\"ListItem\",\"position\":2,\"name\":\"Cat\u00e1logo\",\"item\":\"https:\\\/\\\/milanta.net\\\/es\\\/catalogo\\\/\"},{\"@type\":\"ListItem\",\"position\":3,\"name\":\"Tur\u00f3 de la descoberta amb campanar &#8211; Per Bressol\"}]},{\"@type\":\"WebSite\",\"@id\":\"https:\\\/\\\/milanta.net\\\/es\\\/#website\",\"url\":\"https:\\\/\\\/milanta.net\\\/es\\\/\",\"name\":\"Milanta Patis Vius\",\"description\":\"ESPACIOS NATURALES Y CREATIVOS PARA LA EDUCACI\u00d3N\",\"publisher\":{\"@id\":\"https:\\\/\\\/milanta.net\\\/es\\\/#organization\"},\"alternateName\":\"Milanta - Patis Vius\",\"potentialAction\":[{\"@type\":\"SearchAction\",\"target\":{\"@type\":\"EntryPoint\",\"urlTemplate\":\"https:\\\/\\\/milanta.net\\\/es\\\/?s={search_term_string}\"},\"query-input\":{\"@type\":\"PropertyValueSpecification\",\"valueRequired\":true,\"valueName\":\"search_term_string\"}}],\"inLanguage\":\"es\"},{\"@type\":\"Organization\",\"@id\":\"https:\\\/\\\/milanta.net\\\/es\\\/#organization\",\"name\":\"Milanta\",\"url\":\"https:\\\/\\\/milanta.net\\\/es\\\/\",\"logo\":{\"@type\":\"ImageObject\",\"inLanguage\":\"es\",\"@id\":\"https:\\\/\\\/milanta.net\\\/es\\\/#\\\/schema\\\/logo\\\/image\\\/\",\"url\":\"https:\\\/\\\/milanta.net\\\/wp-content\\\/uploads\\\/2023\\\/04\\\/Logo-Milanta-color.svg\",\"contentUrl\":\"https:\\\/\\\/milanta.net\\\/wp-content\\\/uploads\\\/2023\\\/04\\\/Logo-Milanta-color.svg\",\"width\":786,\"height\":486,\"caption\":\"Milanta\"},\"image\":{\"@id\":\"https:\\\/\\\/milanta.net\\\/es\\\/#\\\/schema\\\/logo\\\/image\\\/\"},\"sameAs\":[\"https:\\\/\\\/www.facebook.com\\\/MilantaCraft\\\/\",\"https:\\\/\\\/www.instagram.com\\\/milanta_patis\\\/\"]}]}<\/script>\n<!-- \/ Yoast SEO Premium plugin. -->","yoast_head_json":{"title":"Tur\u00f3 de la descoberta amb campanar - Per Bressol - Milanta","description":"\u00c9s un element ideal per patis d'escola Bressol. El tur\u00f3 est\u00e0 format per una muntanya de terra, una estructura de fusta amb campanar, graons i rampa.","robots":{"index":"index","follow":"follow","max-snippet":"max-snippet:-1","max-image-preview":"max-image-preview:large","max-video-preview":"max-video-preview:-1"},"canonical":"https:\/\/milanta.net\/es\/producte\/turo-de-la-descoberta-amb-escala-campanar-i-rampa\/","og_locale":"es_ES","og_type":"article","og_title":"Tur\u00f3 de la descoberta amb campanar - Per Bressol","og_description":"\u00c9s un element ideal per patis d'escola Bressol. El tur\u00f3 est\u00e0 format per una muntanya de terra, una estructura de fusta amb campanar, graons i rampa.","og_url":"https:\/\/milanta.net\/es\/producte\/turo-de-la-descoberta-amb-escala-campanar-i-rampa\/","og_site_name":"Milanta","article_publisher":"https:\/\/www.facebook.com\/MilantaCraft\/","article_modified_time":"2025-04-22T12:03:16+00:00","og_image":[{"width":2560,"height":1920,"url":"https:\/\/milanta.net\/wp-content\/uploads\/2018\/10\/1645-TURO-DE-LA-DESCOBERTA-AMB-ESCALA-CAMPANAR-I-RAMPA-scaled.jpg","type":"image\/jpeg"}],"twitter_card":"summary_large_image","twitter_misc":{"Tiempo de lectura":"2 minutos"},"schema":{"@context":"https:\/\/schema.org","@graph":[{"@type":"WebPage","@id":"https:\/\/milanta.net\/es\/producte\/turo-de-la-descoberta-amb-escala-campanar-i-rampa\/","url":"https:\/\/milanta.net\/es\/producte\/turo-de-la-descoberta-amb-escala-campanar-i-rampa\/","name":"Tur\u00f3 de la descoberta amb campanar - Per Bressol - Milanta","isPartOf":{"@id":"https:\/\/milanta.net\/es\/#website"},"primaryImageOfPage":{"@id":"https:\/\/milanta.net\/es\/producte\/turo-de-la-descoberta-amb-escala-campanar-i-rampa\/#primaryimage"},"image":{"@id":"https:\/\/milanta.net\/es\/producte\/turo-de-la-descoberta-amb-escala-campanar-i-rampa\/#primaryimage"},"thumbnailUrl":"https:\/\/milanta.net\/wp-content\/uploads\/2018\/10\/1645-TURO-DE-LA-DESCOBERTA-AMB-ESCALA-CAMPANAR-I-RAMPA-scaled.jpg","datePublished":"2018-10-31T12:57:11+00:00","dateModified":"2025-04-22T12:03:16+00:00","description":"\u00c9s un element ideal per patis d'escola Bressol. El tur\u00f3 est\u00e0 format per una muntanya de terra, una estructura de fusta amb campanar, graons i rampa.","breadcrumb":{"@id":"https:\/\/milanta.net\/es\/producte\/turo-de-la-descoberta-amb-escala-campanar-i-rampa\/#breadcrumb"},"inLanguage":"es","potentialAction":[{"@type":"ReadAction","target":["https:\/\/milanta.net\/es\/producte\/turo-de-la-descoberta-amb-escala-campanar-i-rampa\/"]}]},{"@type":"ImageObject","inLanguage":"es","@id":"https:\/\/milanta.net\/es\/producte\/turo-de-la-descoberta-amb-escala-campanar-i-rampa\/#primaryimage","url":"https:\/\/milanta.net\/wp-content\/uploads\/2018\/10\/1645-TURO-DE-LA-DESCOBERTA-AMB-ESCALA-CAMPANAR-I-RAMPA-scaled.jpg","contentUrl":"https:\/\/milanta.net\/wp-content\/uploads\/2018\/10\/1645-TURO-DE-LA-DESCOBERTA-AMB-ESCALA-CAMPANAR-I-RAMPA-scaled.jpg","width":2560,"height":1920,"caption":"TURO DE LA DESCOBERTA AMB ESCALA, CAMPANAR I RAMPA"},{"@type":"BreadcrumbList","@id":"https:\/\/milanta.net\/es\/producte\/turo-de-la-descoberta-amb-escala-campanar-i-rampa\/#breadcrumb","itemListElement":[{"@type":"ListItem","position":1,"name":"Portada","item":"https:\/\/milanta.net\/es\/"},{"@type":"ListItem","position":2,"name":"Cat\u00e1logo","item":"https:\/\/milanta.net\/es\/catalogo\/"},{"@type":"ListItem","position":3,"name":"Tur\u00f3 de la descoberta amb campanar &#8211; Per Bressol"}]},{"@type":"WebSite","@id":"https:\/\/milanta.net\/es\/#website","url":"https:\/\/milanta.net\/es\/","name":"Milanta Patis Vius","description":"ESPACIOS NATURALES Y CREATIVOS PARA LA EDUCACI\u00d3N","publisher":{"@id":"https:\/\/milanta.net\/es\/#organization"},"alternateName":"Milanta - Patis Vius","potentialAction":[{"@type":"SearchAction","target":{"@type":"EntryPoint","urlTemplate":"https:\/\/milanta.net\/es\/?s={search_term_string}"},"query-input":{"@type":"PropertyValueSpecification","valueRequired":true,"valueName":"search_term_string"}}],"inLanguage":"es"},{"@type":"Organization","@id":"https:\/\/milanta.net\/es\/#organization","name":"Milanta","url":"https:\/\/milanta.net\/es\/","logo":{"@type":"ImageObject","inLanguage":"es","@id":"https:\/\/milanta.net\/es\/#\/schema\/logo\/image\/","url":"https:\/\/milanta.net\/wp-content\/uploads\/2023\/04\/Logo-Milanta-color.svg","contentUrl":"https:\/\/milanta.net\/wp-content\/uploads\/2023\/04\/Logo-Milanta-color.svg","width":786,"height":486,"caption":"Milanta"},"image":{"@id":"https:\/\/milanta.net\/es\/#\/schema\/logo\/image\/"},"sameAs":["https:\/\/www.facebook.com\/MilantaCraft\/","https:\/\/www.instagram.com\/milanta_patis\/"]}]}},"_links":{"self":[{"href":"https:\/\/milanta.net\/es\/wp-json\/wp\/v2\/product\/3299","targetHints":{"allow":["GET"]}}],"collection":[{"href":"https:\/\/milanta.net\/es\/wp-json\/wp\/v2\/product"}],"about":[{"href":"https:\/\/milanta.net\/es\/wp-json\/wp\/v2\/types\/product"}],"version-history":[{"count":0,"href":"https:\/\/milanta.net\/es\/wp-json\/wp\/v2\/product\/3299\/revisions"}],"wp:featuredmedia":[{"embeddable":true,"href":"https:\/\/milanta.net\/es\/wp-json\/wp\/v2\/media\/3293"}],"wp:attachment":[{"href":"https:\/\/milanta.net\/es\/wp-json\/wp\/v2\/media?parent=3299"}],"wp:term":[{"taxonomy":"product_brand","embeddable":true,"href":"https:\/\/milanta.net\/es\/wp-json\/wp\/v2\/product_brand?post=3299"},{"taxonomy":"product_cat","embeddable":true,"href":"https:\/\/milanta.net\/es\/wp-json\/wp\/v2\/product_cat?post=3299"},{"taxonomy":"product_tag","embeddable":true,"href":"https:\/\/milanta.net\/es\/wp-json\/wp\/v2\/product_tag?post=3299"},{"taxonomy":"ubicacion-del-mobiliario","embeddable":true,"href":"https:\/\/milanta.net\/es\/wp-json\/wp\/v2\/ubicacion-del-mobiliario?post=3299"}],"curies":[{"name":"wp","href":"https:\/\/api.w.org\/{rel}","templated":true}]}}