{"id":3307,"date":"2018-12-12T18:17:33","date_gmt":"2018-12-12T18:17:33","guid":{"rendered":"https:\/\/milanta.net\/producto\/rampa-de-barres-per-psicomotricitat\/"},"modified":"2023-09-22T16:03:28","modified_gmt":"2023-09-22T16:03:28","slug":"rampa-de-barres-per-psicomotricitat","status":"publish","type":"product","link":"https:\/\/milanta.net\/es\/producte\/rampa-de-barres-per-psicomotricitat\/","title":{"rendered":"RAMPA DE BARRES PER PSICOMOTRICITAT"},"content":{"rendered":"<p>Est\u00e0 pensada per al desenvolupar l&#8217;equilibri. Es pot treballar sola o amb altres peces del conjunt de tarimes.<\/p>\n<div id=\"more_info_sheets\" class=\"sheets align_justify\">\n<div id=\"idTab1\" class=\"rte\">\n<p>Aquest moble \u00e9s per a interior, tamb\u00e9 es pot fer amb fusta adequada a la intemp\u00e8rie, per\u00f2 el cost \u00e9s m\u00e9s elevat.<\/p>\n<p>Podem fer a MIDA.<\/p>\n<\/p><\/div>\n<\/p><\/div>\n","protected":false},"excerpt":{"rendered":"<p>Rampa per a m\u00faltiples propostes de psicomotricitat en els m\u00e9s petits, ideal per combinar amb la tarima i amb la tarima alta.<\/p>\n","protected":false},"featured_media":3305,"template":"","meta":[],"product_brand":[],"product_cat":[121],"product_tag":[],"ubicacion-del-mobiliario":[],"class_list":{"0":"post-3307","1":"product","2":"type-product","3":"status-publish","4":"has-post-thumbnail","6":"product_cat-moviment-i-psicomotricitat","8":"first","9":"instock","10":"taxable","11":"shipping-taxable","12":"purchasable","13":"product-type-simple"},"yoast_head":"<!-- This site is optimized with the Yoast SEO Premium plugin v21.6 (Yoast SEO v27.3) - https:\/\/yoast.com\/product\/yoast-seo-premium-wordpress\/ -->\n<title>RAMPA DE BARRES PER PSICOMOTRICITAT - Milanta<\/title>\n<meta name=\"robots\" content=\"index, follow, max-snippet:-1, max-image-preview:large, max-video-preview:-1\" \/>\n<link rel=\"canonical\" href=\"https:\/\/milanta.net\/es\/producte\/rampa-de-barres-per-psicomotricitat\/\" \/>\n<meta property=\"og:locale\" content=\"es_ES\" \/>\n<meta property=\"og:type\" content=\"article\" \/>\n<meta property=\"og:title\" content=\"RAMPA DE BARRES PER PSICOMOTRICITAT\" \/>\n<meta property=\"og:description\" content=\"Rampa per a m\u00faltiples propostes de psicomotricitat en els m\u00e9s petits, ideal per combinar amb la tarima i amb la tarima alta.\" \/>\n<meta property=\"og:url\" content=\"https:\/\/milanta.net\/es\/producte\/rampa-de-barres-per-psicomotricitat\/\" \/>\n<meta property=\"og:site_name\" content=\"Milanta\" \/>\n<meta property=\"article:publisher\" content=\"https:\/\/www.facebook.com\/MilantaCraft\/\" \/>\n<meta property=\"article:modified_time\" content=\"2023-09-22T16:03:28+00:00\" \/>\n<meta property=\"og:image\" content=\"https:\/\/milanta.net\/wp-content\/uploads\/2018\/12\/1625-RAMPA-DE-BARRES-PER-PSICOMOTRICITAT-scaled.jpg\" \/>\n\t<meta property=\"og:image:width\" content=\"2560\" \/>\n\t<meta property=\"og:image:height\" content=\"1884\" \/>\n\t<meta property=\"og:image:type\" content=\"image\/jpeg\" \/>\n<meta name=\"twitter:card\" content=\"summary_large_image\" \/>\n<script type=\"application\/ld+json\" class=\"yoast-schema-graph\">{\"@context\":\"https:\\\/\\\/schema.org\",\"@graph\":[{\"@type\":\"WebPage\",\"@id\":\"https:\\\/\\\/milanta.net\\\/es\\\/producte\\\/rampa-de-barres-per-psicomotricitat\\\/\",\"url\":\"https:\\\/\\\/milanta.net\\\/es\\\/producte\\\/rampa-de-barres-per-psicomotricitat\\\/\",\"name\":\"RAMPA DE BARRES PER PSICOMOTRICITAT - Milanta\",\"isPartOf\":{\"@id\":\"https:\\\/\\\/milanta.net\\\/es\\\/#website\"},\"primaryImageOfPage\":{\"@id\":\"https:\\\/\\\/milanta.net\\\/es\\\/producte\\\/rampa-de-barres-per-psicomotricitat\\\/#primaryimage\"},\"image\":{\"@id\":\"https:\\\/\\\/milanta.net\\\/es\\\/producte\\\/rampa-de-barres-per-psicomotricitat\\\/#primaryimage\"},\"thumbnailUrl\":\"https:\\\/\\\/milanta.net\\\/wp-content\\\/uploads\\\/2018\\\/12\\\/1625-RAMPA-DE-BARRES-PER-PSICOMOTRICITAT-scaled.jpg\",\"datePublished\":\"2018-12-12T18:17:33+00:00\",\"dateModified\":\"2023-09-22T16:03:28+00:00\",\"breadcrumb\":{\"@id\":\"https:\\\/\\\/milanta.net\\\/es\\\/producte\\\/rampa-de-barres-per-psicomotricitat\\\/#breadcrumb\"},\"inLanguage\":\"es\",\"potentialAction\":[{\"@type\":\"ReadAction\",\"target\":[\"https:\\\/\\\/milanta.net\\\/es\\\/producte\\\/rampa-de-barres-per-psicomotricitat\\\/\"]}]},{\"@type\":\"ImageObject\",\"inLanguage\":\"es\",\"@id\":\"https:\\\/\\\/milanta.net\\\/es\\\/producte\\\/rampa-de-barres-per-psicomotricitat\\\/#primaryimage\",\"url\":\"https:\\\/\\\/milanta.net\\\/wp-content\\\/uploads\\\/2018\\\/12\\\/1625-RAMPA-DE-BARRES-PER-PSICOMOTRICITAT-scaled.jpg\",\"contentUrl\":\"https:\\\/\\\/milanta.net\\\/wp-content\\\/uploads\\\/2018\\\/12\\\/1625-RAMPA-DE-BARRES-PER-PSICOMOTRICITAT-scaled.jpg\",\"width\":2560,\"height\":1884,\"caption\":\"RAMPA DE BARRES PER PSICOMOTRICITAT\"},{\"@type\":\"BreadcrumbList\",\"@id\":\"https:\\\/\\\/milanta.net\\\/es\\\/producte\\\/rampa-de-barres-per-psicomotricitat\\\/#breadcrumb\",\"itemListElement\":[{\"@type\":\"ListItem\",\"position\":1,\"name\":\"Portada\",\"item\":\"https:\\\/\\\/milanta.net\\\/es\\\/\"},{\"@type\":\"ListItem\",\"position\":2,\"name\":\"Cat\u00e1logo\",\"item\":\"https:\\\/\\\/milanta.net\\\/es\\\/catalogo\\\/\"},{\"@type\":\"ListItem\",\"position\":3,\"name\":\"RAMPA DE BARRES PER PSICOMOTRICITAT\"}]},{\"@type\":\"WebSite\",\"@id\":\"https:\\\/\\\/milanta.net\\\/es\\\/#website\",\"url\":\"https:\\\/\\\/milanta.net\\\/es\\\/\",\"name\":\"Milanta Patis Vius\",\"description\":\"ESPACIOS NATURALES Y CREATIVOS PARA LA EDUCACI\u00d3N\",\"publisher\":{\"@id\":\"https:\\\/\\\/milanta.net\\\/es\\\/#organization\"},\"alternateName\":\"Milanta - Patis Vius\",\"potentialAction\":[{\"@type\":\"SearchAction\",\"target\":{\"@type\":\"EntryPoint\",\"urlTemplate\":\"https:\\\/\\\/milanta.net\\\/es\\\/?s={search_term_string}\"},\"query-input\":{\"@type\":\"PropertyValueSpecification\",\"valueRequired\":true,\"valueName\":\"search_term_string\"}}],\"inLanguage\":\"es\"},{\"@type\":\"Organization\",\"@id\":\"https:\\\/\\\/milanta.net\\\/es\\\/#organization\",\"name\":\"Milanta\",\"url\":\"https:\\\/\\\/milanta.net\\\/es\\\/\",\"logo\":{\"@type\":\"ImageObject\",\"inLanguage\":\"es\",\"@id\":\"https:\\\/\\\/milanta.net\\\/es\\\/#\\\/schema\\\/logo\\\/image\\\/\",\"url\":\"https:\\\/\\\/milanta.net\\\/wp-content\\\/uploads\\\/2023\\\/04\\\/Logo-Milanta-color.svg\",\"contentUrl\":\"https:\\\/\\\/milanta.net\\\/wp-content\\\/uploads\\\/2023\\\/04\\\/Logo-Milanta-color.svg\",\"caption\":\"Milanta\"},\"image\":{\"@id\":\"https:\\\/\\\/milanta.net\\\/es\\\/#\\\/schema\\\/logo\\\/image\\\/\"},\"sameAs\":[\"https:\\\/\\\/www.facebook.com\\\/MilantaCraft\\\/\",\"https:\\\/\\\/www.instagram.com\\\/milanta_patis\\\/\"]}]}<\/script>\n<!-- \/ Yoast SEO Premium plugin. -->","yoast_head_json":{"title":"RAMPA DE BARRES PER PSICOMOTRICITAT - Milanta","robots":{"index":"index","follow":"follow","max-snippet":"max-snippet:-1","max-image-preview":"max-image-preview:large","max-video-preview":"max-video-preview:-1"},"canonical":"https:\/\/milanta.net\/es\/producte\/rampa-de-barres-per-psicomotricitat\/","og_locale":"es_ES","og_type":"article","og_title":"RAMPA DE BARRES PER PSICOMOTRICITAT","og_description":"Rampa per a m\u00faltiples propostes de psicomotricitat en els m\u00e9s petits, ideal per combinar amb la tarima i amb la tarima alta.","og_url":"https:\/\/milanta.net\/es\/producte\/rampa-de-barres-per-psicomotricitat\/","og_site_name":"Milanta","article_publisher":"https:\/\/www.facebook.com\/MilantaCraft\/","article_modified_time":"2023-09-22T16:03:28+00:00","og_image":[{"width":2560,"height":1884,"url":"https:\/\/milanta.net\/wp-content\/uploads\/2018\/12\/1625-RAMPA-DE-BARRES-PER-PSICOMOTRICITAT-scaled.jpg","type":"image\/jpeg"}],"twitter_card":"summary_large_image","schema":{"@context":"https:\/\/schema.org","@graph":[{"@type":"WebPage","@id":"https:\/\/milanta.net\/es\/producte\/rampa-de-barres-per-psicomotricitat\/","url":"https:\/\/milanta.net\/es\/producte\/rampa-de-barres-per-psicomotricitat\/","name":"RAMPA DE BARRES PER PSICOMOTRICITAT - Milanta","isPartOf":{"@id":"https:\/\/milanta.net\/es\/#website"},"primaryImageOfPage":{"@id":"https:\/\/milanta.net\/es\/producte\/rampa-de-barres-per-psicomotricitat\/#primaryimage"},"image":{"@id":"https:\/\/milanta.net\/es\/producte\/rampa-de-barres-per-psicomotricitat\/#primaryimage"},"thumbnailUrl":"https:\/\/milanta.net\/wp-content\/uploads\/2018\/12\/1625-RAMPA-DE-BARRES-PER-PSICOMOTRICITAT-scaled.jpg","datePublished":"2018-12-12T18:17:33+00:00","dateModified":"2023-09-22T16:03:28+00:00","breadcrumb":{"@id":"https:\/\/milanta.net\/es\/producte\/rampa-de-barres-per-psicomotricitat\/#breadcrumb"},"inLanguage":"es","potentialAction":[{"@type":"ReadAction","target":["https:\/\/milanta.net\/es\/producte\/rampa-de-barres-per-psicomotricitat\/"]}]},{"@type":"ImageObject","inLanguage":"es","@id":"https:\/\/milanta.net\/es\/producte\/rampa-de-barres-per-psicomotricitat\/#primaryimage","url":"https:\/\/milanta.net\/wp-content\/uploads\/2018\/12\/1625-RAMPA-DE-BARRES-PER-PSICOMOTRICITAT-scaled.jpg","contentUrl":"https:\/\/milanta.net\/wp-content\/uploads\/2018\/12\/1625-RAMPA-DE-BARRES-PER-PSICOMOTRICITAT-scaled.jpg","width":2560,"height":1884,"caption":"RAMPA DE BARRES PER PSICOMOTRICITAT"},{"@type":"BreadcrumbList","@id":"https:\/\/milanta.net\/es\/producte\/rampa-de-barres-per-psicomotricitat\/#breadcrumb","itemListElement":[{"@type":"ListItem","position":1,"name":"Portada","item":"https:\/\/milanta.net\/es\/"},{"@type":"ListItem","position":2,"name":"Cat\u00e1logo","item":"https:\/\/milanta.net\/es\/catalogo\/"},{"@type":"ListItem","position":3,"name":"RAMPA DE BARRES PER PSICOMOTRICITAT"}]},{"@type":"WebSite","@id":"https:\/\/milanta.net\/es\/#website","url":"https:\/\/milanta.net\/es\/","name":"Milanta Patis Vius","description":"ESPACIOS NATURALES Y CREATIVOS PARA LA EDUCACI\u00d3N","publisher":{"@id":"https:\/\/milanta.net\/es\/#organization"},"alternateName":"Milanta - Patis Vius","potentialAction":[{"@type":"SearchAction","target":{"@type":"EntryPoint","urlTemplate":"https:\/\/milanta.net\/es\/?s={search_term_string}"},"query-input":{"@type":"PropertyValueSpecification","valueRequired":true,"valueName":"search_term_string"}}],"inLanguage":"es"},{"@type":"Organization","@id":"https:\/\/milanta.net\/es\/#organization","name":"Milanta","url":"https:\/\/milanta.net\/es\/","logo":{"@type":"ImageObject","inLanguage":"es","@id":"https:\/\/milanta.net\/es\/#\/schema\/logo\/image\/","url":"https:\/\/milanta.net\/wp-content\/uploads\/2023\/04\/Logo-Milanta-color.svg","contentUrl":"https:\/\/milanta.net\/wp-content\/uploads\/2023\/04\/Logo-Milanta-color.svg","caption":"Milanta"},"image":{"@id":"https:\/\/milanta.net\/es\/#\/schema\/logo\/image\/"},"sameAs":["https:\/\/www.facebook.com\/MilantaCraft\/","https:\/\/www.instagram.com\/milanta_patis\/"]}]}},"_links":{"self":[{"href":"https:\/\/milanta.net\/es\/wp-json\/wp\/v2\/product\/3307","targetHints":{"allow":["GET"]}}],"collection":[{"href":"https:\/\/milanta.net\/es\/wp-json\/wp\/v2\/product"}],"about":[{"href":"https:\/\/milanta.net\/es\/wp-json\/wp\/v2\/types\/product"}],"version-history":[{"count":0,"href":"https:\/\/milanta.net\/es\/wp-json\/wp\/v2\/product\/3307\/revisions"}],"wp:featuredmedia":[{"embeddable":true,"href":"https:\/\/milanta.net\/es\/wp-json\/wp\/v2\/media\/3305"}],"wp:attachment":[{"href":"https:\/\/milanta.net\/es\/wp-json\/wp\/v2\/media?parent=3307"}],"wp:term":[{"taxonomy":"product_brand","embeddable":true,"href":"https:\/\/milanta.net\/es\/wp-json\/wp\/v2\/product_brand?post=3307"},{"taxonomy":"product_cat","embeddable":true,"href":"https:\/\/milanta.net\/es\/wp-json\/wp\/v2\/product_cat?post=3307"},{"taxonomy":"product_tag","embeddable":true,"href":"https:\/\/milanta.net\/es\/wp-json\/wp\/v2\/product_tag?post=3307"},{"taxonomy":"ubicacion-del-mobiliario","embeddable":true,"href":"https:\/\/milanta.net\/es\/wp-json\/wp\/v2\/ubicacion-del-mobiliario?post=3307"}],"curies":[{"name":"wp","href":"https:\/\/api.w.org\/{rel}","templated":true}]}}