{"id":3330,"date":"2019-04-04T09:03:55","date_gmt":"2019-04-04T09:03:55","guid":{"rendered":"https:\/\/milanta.net\/producto\/sotrac-rampa-concava\/"},"modified":"2025-04-24T12:39:00","modified_gmt":"2025-04-24T10:39:00","slug":"sotrac-rampa-concava","status":"publish","type":"product","link":"https:\/\/milanta.net\/es\/producte\/sotrac-rampa-concava\/","title":{"rendered":"Rampa c\u00f2ncava &#8211; Sotrac"},"content":{"rendered":"<p>Aquest petit pont o rampa c\u00f2ncava \u00e9s una opci\u00f3 magn\u00edfica per proporcionar desnivells als patis escolars. Sovint col\u00b7loquem aquesta estructura com a acc\u00e9s a diferents dels espais que proposem en les transformacions de pati. <\/p>\n<p>Aix\u00ed mateix, tamb\u00e9 col\u00b7locar-la com a estructura individual.<\/p>\n<p>\u00c9s un element senzill, per\u00f2 dona joc i experi\u00e8ncia motriu als infants m\u00e9s petits. Els ofereixen una experi\u00e8ncia de moviment din\u00e0mica i divertida, que estimula el sistema vestibular i el control corporal. <\/p>\n<p>La fusta est\u00e0 tractada i polida per garantir resist\u00e8ncia i durabilitat a l\u2019exterior, sense perdre la seva textura c\u00e0lida i natural. \u00c9s un material viu que connecta els infants amb la natura i afavoreix un ambient ser\u00e8 i inspirador, ideal per un pati viu!<\/p>\n","protected":false},"excerpt":{"rendered":"<p>Soluci\u00f3 per a afegir un canvi de terreny en els espais.<\/p>\n","protected":false},"featured_media":3327,"template":"","meta":[],"product_brand":[],"product_cat":[117,844],"product_tag":[],"ubicacion-del-mobiliario":[],"class_list":{"0":"post-3330","1":"product","2":"type-product","3":"status-publish","4":"has-post-thumbnail","6":"product_cat-exterior-pati-i-jardi","7":"product_cat-materials-i-complements","9":"first","10":"instock","11":"taxable","12":"shipping-taxable","13":"purchasable","14":"product-type-simple"},"yoast_head":"<!-- This site is optimized with the Yoast SEO Premium plugin v21.6 (Yoast SEO v27.2) - https:\/\/yoast.com\/product\/yoast-seo-premium-wordpress\/ -->\n<title>Rampa c\u00f2ncava - Sotrac - Milanta<\/title>\n<meta name=\"description\" content=\"Aquest petit pont o rampa c\u00f2ncava de fusta \u00e9s una opci\u00f3 magn\u00edfica per proporcionar desnivell i acc\u00e9s a diferents espais del pati.\" \/>\n<meta name=\"robots\" content=\"index, follow, max-snippet:-1, max-image-preview:large, max-video-preview:-1\" \/>\n<link rel=\"canonical\" href=\"https:\/\/milanta.net\/es\/producte\/sotrac-rampa-concava\/\" \/>\n<meta property=\"og:locale\" content=\"es_ES\" \/>\n<meta property=\"og:type\" content=\"article\" \/>\n<meta property=\"og:title\" content=\"Rampa c\u00f2ncava - Sotrac\" \/>\n<meta property=\"og:description\" content=\"Aquest petit pont o rampa c\u00f2ncava de fusta \u00e9s una opci\u00f3 magn\u00edfica per proporcionar desnivell i acc\u00e9s a diferents espais del pati.\" \/>\n<meta property=\"og:url\" content=\"https:\/\/milanta.net\/es\/producte\/sotrac-rampa-concava\/\" \/>\n<meta property=\"og:site_name\" content=\"Milanta\" \/>\n<meta property=\"article:publisher\" content=\"https:\/\/www.facebook.com\/MilantaCraft\/\" \/>\n<meta property=\"article:modified_time\" content=\"2025-04-24T10:39:00+00:00\" \/>\n<meta property=\"og:image\" content=\"https:\/\/milanta.net\/wp-content\/uploads\/2019\/04\/1579-SOTRAC-RAMPA-CONCAVA-scaled.jpg\" \/>\n\t<meta property=\"og:image:width\" content=\"1920\" \/>\n\t<meta property=\"og:image:height\" content=\"2560\" \/>\n\t<meta property=\"og:image:type\" content=\"image\/jpeg\" \/>\n<meta name=\"twitter:card\" content=\"summary_large_image\" \/>\n<meta name=\"twitter:label1\" content=\"Tiempo de lectura\" \/>\n\t<meta name=\"twitter:data1\" content=\"1 minuto\" \/>\n<script type=\"application\/ld+json\" class=\"yoast-schema-graph\">{\"@context\":\"https:\/\/schema.org\",\"@graph\":[{\"@type\":\"WebPage\",\"@id\":\"https:\/\/milanta.net\/es\/producte\/sotrac-rampa-concava\/\",\"url\":\"https:\/\/milanta.net\/es\/producte\/sotrac-rampa-concava\/\",\"name\":\"Rampa c\u00f2ncava - Sotrac - Milanta\",\"isPartOf\":{\"@id\":\"https:\/\/milanta.net\/es\/#website\"},\"primaryImageOfPage\":{\"@id\":\"https:\/\/milanta.net\/es\/producte\/sotrac-rampa-concava\/#primaryimage\"},\"image\":{\"@id\":\"https:\/\/milanta.net\/es\/producte\/sotrac-rampa-concava\/#primaryimage\"},\"thumbnailUrl\":\"https:\/\/milanta.net\/wp-content\/uploads\/2019\/04\/1579-SOTRAC-RAMPA-CONCAVA-scaled.jpg\",\"datePublished\":\"2019-04-04T09:03:55+00:00\",\"dateModified\":\"2025-04-24T10:39:00+00:00\",\"description\":\"Aquest petit pont o rampa c\u00f2ncava de fusta \u00e9s una opci\u00f3 magn\u00edfica per proporcionar desnivell i acc\u00e9s a diferents espais del pati.\",\"breadcrumb\":{\"@id\":\"https:\/\/milanta.net\/es\/producte\/sotrac-rampa-concava\/#breadcrumb\"},\"inLanguage\":\"es\",\"potentialAction\":[{\"@type\":\"ReadAction\",\"target\":[\"https:\/\/milanta.net\/es\/producte\/sotrac-rampa-concava\/\"]}]},{\"@type\":\"ImageObject\",\"inLanguage\":\"es\",\"@id\":\"https:\/\/milanta.net\/es\/producte\/sotrac-rampa-concava\/#primaryimage\",\"url\":\"https:\/\/milanta.net\/wp-content\/uploads\/2019\/04\/1579-SOTRAC-RAMPA-CONCAVA-scaled.jpg\",\"contentUrl\":\"https:\/\/milanta.net\/wp-content\/uploads\/2019\/04\/1579-SOTRAC-RAMPA-CONCAVA-scaled.jpg\",\"width\":1920,\"height\":2560,\"caption\":\"SOTRAC, RAMPA C\u00d2NCAVA\"},{\"@type\":\"BreadcrumbList\",\"@id\":\"https:\/\/milanta.net\/es\/producte\/sotrac-rampa-concava\/#breadcrumb\",\"itemListElement\":[{\"@type\":\"ListItem\",\"position\":1,\"name\":\"Portada\",\"item\":\"https:\/\/milanta.net\/es\/\"},{\"@type\":\"ListItem\",\"position\":2,\"name\":\"Cat\u00e1logo\",\"item\":\"https:\/\/milanta.net\/es\/catalogo\/\"},{\"@type\":\"ListItem\",\"position\":3,\"name\":\"Rampa c\u00f2ncava &#8211; Sotrac\"}]},{\"@type\":\"WebSite\",\"@id\":\"https:\/\/milanta.net\/es\/#website\",\"url\":\"https:\/\/milanta.net\/es\/\",\"name\":\"Milanta Patis Vius\",\"description\":\"ESPACIOS NATURALES Y CREATIVOS PARA LA EDUCACI\u00d3N\",\"publisher\":{\"@id\":\"https:\/\/milanta.net\/es\/#organization\"},\"alternateName\":\"Milanta - Patis Vius\",\"potentialAction\":[{\"@type\":\"SearchAction\",\"target\":{\"@type\":\"EntryPoint\",\"urlTemplate\":\"https:\/\/milanta.net\/es\/?s={search_term_string}\"},\"query-input\":{\"@type\":\"PropertyValueSpecification\",\"valueRequired\":true,\"valueName\":\"search_term_string\"}}],\"inLanguage\":\"es\"},{\"@type\":\"Organization\",\"@id\":\"https:\/\/milanta.net\/es\/#organization\",\"name\":\"Milanta\",\"url\":\"https:\/\/milanta.net\/es\/\",\"logo\":{\"@type\":\"ImageObject\",\"inLanguage\":\"es\",\"@id\":\"https:\/\/milanta.net\/es\/#\/schema\/logo\/image\/\",\"url\":\"https:\/\/milanta.net\/wp-content\/uploads\/2023\/04\/Logo-Milanta-color.svg\",\"contentUrl\":\"https:\/\/milanta.net\/wp-content\/uploads\/2023\/04\/Logo-Milanta-color.svg\",\"width\":786,\"height\":486,\"caption\":\"Milanta\"},\"image\":{\"@id\":\"https:\/\/milanta.net\/es\/#\/schema\/logo\/image\/\"},\"sameAs\":[\"https:\/\/www.facebook.com\/MilantaCraft\/\",\"https:\/\/www.instagram.com\/milanta_patis\/\"]}]}<\/script>\n<!-- \/ Yoast SEO Premium plugin. -->","yoast_head_json":{"title":"Rampa c\u00f2ncava - Sotrac - Milanta","description":"Aquest petit pont o rampa c\u00f2ncava de fusta \u00e9s una opci\u00f3 magn\u00edfica per proporcionar desnivell i acc\u00e9s a diferents espais del pati.","robots":{"index":"index","follow":"follow","max-snippet":"max-snippet:-1","max-image-preview":"max-image-preview:large","max-video-preview":"max-video-preview:-1"},"canonical":"https:\/\/milanta.net\/es\/producte\/sotrac-rampa-concava\/","og_locale":"es_ES","og_type":"article","og_title":"Rampa c\u00f2ncava - Sotrac","og_description":"Aquest petit pont o rampa c\u00f2ncava de fusta \u00e9s una opci\u00f3 magn\u00edfica per proporcionar desnivell i acc\u00e9s a diferents espais del pati.","og_url":"https:\/\/milanta.net\/es\/producte\/sotrac-rampa-concava\/","og_site_name":"Milanta","article_publisher":"https:\/\/www.facebook.com\/MilantaCraft\/","article_modified_time":"2025-04-24T10:39:00+00:00","og_image":[{"width":1920,"height":2560,"url":"https:\/\/milanta.net\/wp-content\/uploads\/2019\/04\/1579-SOTRAC-RAMPA-CONCAVA-scaled.jpg","type":"image\/jpeg"}],"twitter_card":"summary_large_image","twitter_misc":{"Tiempo de lectura":"1 minuto"},"schema":{"@context":"https:\/\/schema.org","@graph":[{"@type":"WebPage","@id":"https:\/\/milanta.net\/es\/producte\/sotrac-rampa-concava\/","url":"https:\/\/milanta.net\/es\/producte\/sotrac-rampa-concava\/","name":"Rampa c\u00f2ncava - Sotrac - Milanta","isPartOf":{"@id":"https:\/\/milanta.net\/es\/#website"},"primaryImageOfPage":{"@id":"https:\/\/milanta.net\/es\/producte\/sotrac-rampa-concava\/#primaryimage"},"image":{"@id":"https:\/\/milanta.net\/es\/producte\/sotrac-rampa-concava\/#primaryimage"},"thumbnailUrl":"https:\/\/milanta.net\/wp-content\/uploads\/2019\/04\/1579-SOTRAC-RAMPA-CONCAVA-scaled.jpg","datePublished":"2019-04-04T09:03:55+00:00","dateModified":"2025-04-24T10:39:00+00:00","description":"Aquest petit pont o rampa c\u00f2ncava de fusta \u00e9s una opci\u00f3 magn\u00edfica per proporcionar desnivell i acc\u00e9s a diferents espais del pati.","breadcrumb":{"@id":"https:\/\/milanta.net\/es\/producte\/sotrac-rampa-concava\/#breadcrumb"},"inLanguage":"es","potentialAction":[{"@type":"ReadAction","target":["https:\/\/milanta.net\/es\/producte\/sotrac-rampa-concava\/"]}]},{"@type":"ImageObject","inLanguage":"es","@id":"https:\/\/milanta.net\/es\/producte\/sotrac-rampa-concava\/#primaryimage","url":"https:\/\/milanta.net\/wp-content\/uploads\/2019\/04\/1579-SOTRAC-RAMPA-CONCAVA-scaled.jpg","contentUrl":"https:\/\/milanta.net\/wp-content\/uploads\/2019\/04\/1579-SOTRAC-RAMPA-CONCAVA-scaled.jpg","width":1920,"height":2560,"caption":"SOTRAC, RAMPA C\u00d2NCAVA"},{"@type":"BreadcrumbList","@id":"https:\/\/milanta.net\/es\/producte\/sotrac-rampa-concava\/#breadcrumb","itemListElement":[{"@type":"ListItem","position":1,"name":"Portada","item":"https:\/\/milanta.net\/es\/"},{"@type":"ListItem","position":2,"name":"Cat\u00e1logo","item":"https:\/\/milanta.net\/es\/catalogo\/"},{"@type":"ListItem","position":3,"name":"Rampa c\u00f2ncava &#8211; Sotrac"}]},{"@type":"WebSite","@id":"https:\/\/milanta.net\/es\/#website","url":"https:\/\/milanta.net\/es\/","name":"Milanta Patis Vius","description":"ESPACIOS NATURALES Y CREATIVOS PARA LA EDUCACI\u00d3N","publisher":{"@id":"https:\/\/milanta.net\/es\/#organization"},"alternateName":"Milanta - Patis Vius","potentialAction":[{"@type":"SearchAction","target":{"@type":"EntryPoint","urlTemplate":"https:\/\/milanta.net\/es\/?s={search_term_string}"},"query-input":{"@type":"PropertyValueSpecification","valueRequired":true,"valueName":"search_term_string"}}],"inLanguage":"es"},{"@type":"Organization","@id":"https:\/\/milanta.net\/es\/#organization","name":"Milanta","url":"https:\/\/milanta.net\/es\/","logo":{"@type":"ImageObject","inLanguage":"es","@id":"https:\/\/milanta.net\/es\/#\/schema\/logo\/image\/","url":"https:\/\/milanta.net\/wp-content\/uploads\/2023\/04\/Logo-Milanta-color.svg","contentUrl":"https:\/\/milanta.net\/wp-content\/uploads\/2023\/04\/Logo-Milanta-color.svg","width":786,"height":486,"caption":"Milanta"},"image":{"@id":"https:\/\/milanta.net\/es\/#\/schema\/logo\/image\/"},"sameAs":["https:\/\/www.facebook.com\/MilantaCraft\/","https:\/\/www.instagram.com\/milanta_patis\/"]}]}},"_links":{"self":[{"href":"https:\/\/milanta.net\/es\/wp-json\/wp\/v2\/product\/3330","targetHints":{"allow":["GET"]}}],"collection":[{"href":"https:\/\/milanta.net\/es\/wp-json\/wp\/v2\/product"}],"about":[{"href":"https:\/\/milanta.net\/es\/wp-json\/wp\/v2\/types\/product"}],"version-history":[{"count":0,"href":"https:\/\/milanta.net\/es\/wp-json\/wp\/v2\/product\/3330\/revisions"}],"wp:featuredmedia":[{"embeddable":true,"href":"https:\/\/milanta.net\/es\/wp-json\/wp\/v2\/media\/3327"}],"wp:attachment":[{"href":"https:\/\/milanta.net\/es\/wp-json\/wp\/v2\/media?parent=3330"}],"wp:term":[{"taxonomy":"product_brand","embeddable":true,"href":"https:\/\/milanta.net\/es\/wp-json\/wp\/v2\/product_brand?post=3330"},{"taxonomy":"product_cat","embeddable":true,"href":"https:\/\/milanta.net\/es\/wp-json\/wp\/v2\/product_cat?post=3330"},{"taxonomy":"product_tag","embeddable":true,"href":"https:\/\/milanta.net\/es\/wp-json\/wp\/v2\/product_tag?post=3330"},{"taxonomy":"ubicacion-del-mobiliario","embeddable":true,"href":"https:\/\/milanta.net\/es\/wp-json\/wp\/v2\/ubicacion-del-mobiliario?post=3330"}],"curies":[{"name":"wp","href":"https:\/\/api.w.org\/{rel}","templated":true}]}}