{"id":3443,"date":"2019-10-28T05:38:43","date_gmt":"2019-10-28T05:38:43","guid":{"rendered":"https:\/\/milanta.net\/producto\/estructura-de-troncs-per-pergola-macaco\/"},"modified":"2026-01-07T10:15:49","modified_gmt":"2026-01-07T09:15:49","slug":"estructura-de-troncs-per-pergola-macaco","status":"publish","type":"product","link":"https:\/\/milanta.net\/es\/producte\/estructura-de-troncs-per-pergola-macaco\/","title":{"rendered":"Circuit de troncs &#8211; Per p\u00e8rgola Macaco"},"content":{"rendered":"<p>Proposem el repte de les capacitats motrius i d&#8217;equilibri per a infants de m\u00e9s de 3 anys.<\/p>\n<p>Indicat per a espais infantils i patis de prim\u00e0ria.<\/p>\n<p>Cal comptar amb 1&#8217;5 metres lliures a tot el voltant i ha de ser de terra, no pavimentat.<\/p>\n<p>Indicat per a espais infantils i patis de prim\u00e0ria amb s\u00f2l de terra o saul\u00f3.<\/p>\n<p>No inclou el muntatge.<\/p>\n<p>Podem fer a MIDA.<\/p>\n<p>&#8220;Mai hi ha dos troncs id\u00e8ntics, la fusta \u00e9s un material que s&#8217;altera amb el temps,\u00a0 les seves formes s\u00f3n irregulars i els muntatges mai queden igual que a les fotos. Les esquerdes a la fusta formen part de la natura viva del material, si s\u00f3n de menys de 8mm no us heu de preocupar. Aplicar anualment un nutrient com l&#8217;oli de llinosa ajuda a mantenir la fusta en bones condicions durant molts anys. Truqueu-nos si teniu algun dubte o necessiteu ajuda pel manteniment&#8221;<\/p>\n","protected":false},"excerpt":{"rendered":"<p><span style=\"color: #323232;font-family: Helvetica, sans-serif;font-size: 14px;letter-spacing: .3px\">Estructura de\u00a030 troncs d&#8217;ac\u00e0cia per a la descoberta l&#8217;experimentaci\u00f3.<\/span><\/p>\n<p><span style=\"color: #323232;font-family: Helvetica, sans-serif\"><span style=\"font-size: 14px;letter-spacing: 0.3px\">Molt adequat per a\u00a0subjectar umbracles.<\/span><\/span><\/p>\n","protected":false},"featured_media":3438,"template":"","meta":[],"product_brand":[],"product_cat":[837,117],"product_tag":[707],"ubicacion-del-mobiliario":[821],"class_list":{"0":"post-3443","1":"product","2":"type-product","3":"status-publish","4":"has-post-thumbnail","6":"product_cat-circuits-de-troncs","7":"product_cat-exterior-pati-i-jardi","8":"product_tag-umbracles","9":"ubicacion-del-mobiliario-exterior","11":"first","12":"instock","13":"taxable","14":"shipping-taxable","15":"purchasable","16":"product-type-simple"},"yoast_head":"<!-- This site is optimized with the Yoast SEO Premium plugin v21.6 (Yoast SEO v27.2) - https:\/\/yoast.com\/product\/yoast-seo-premium-wordpress\/ -->\n<title>Circuit de troncs - Per p\u00e8rgola Macaco - Milanta<\/title>\n<meta name=\"robots\" content=\"index, follow, max-snippet:-1, max-image-preview:large, max-video-preview:-1\" \/>\n<link rel=\"canonical\" href=\"https:\/\/milanta.net\/es\/producte\/estructura-de-troncs-per-pergola-macaco\/\" \/>\n<meta property=\"og:locale\" content=\"es_ES\" \/>\n<meta property=\"og:type\" content=\"article\" \/>\n<meta property=\"og:title\" content=\"Circuit de troncs - Per p\u00e8rgola Macaco\" \/>\n<meta property=\"og:description\" content=\"Estructura de\u00a030 troncs d&#039;ac\u00e0cia per a la descoberta l&#039;experimentaci\u00f3.  Molt adequat per a\u00a0subjectar umbracles.\" \/>\n<meta property=\"og:url\" content=\"https:\/\/milanta.net\/es\/producte\/estructura-de-troncs-per-pergola-macaco\/\" \/>\n<meta property=\"og:site_name\" content=\"Milanta\" \/>\n<meta property=\"article:publisher\" content=\"https:\/\/www.facebook.com\/MilantaCraft\/\" \/>\n<meta property=\"article:modified_time\" content=\"2026-01-07T09:15:49+00:00\" \/>\n<meta property=\"og:image\" content=\"https:\/\/milanta.net\/wp-content\/uploads\/2019\/10\/1936-ESTRUCTURA-DE-TRONCS-PER-PERGOLA-MACACO-scaled.jpg\" \/>\n\t<meta property=\"og:image:width\" content=\"1920\" \/>\n\t<meta property=\"og:image:height\" content=\"2560\" \/>\n\t<meta property=\"og:image:type\" content=\"image\/jpeg\" \/>\n<meta name=\"twitter:card\" content=\"summary_large_image\" \/>\n<meta name=\"twitter:label1\" content=\"Tiempo de lectura\" \/>\n\t<meta name=\"twitter:data1\" content=\"2 minutos\" \/>\n<script type=\"application\/ld+json\" class=\"yoast-schema-graph\">{\"@context\":\"https:\/\/schema.org\",\"@graph\":[{\"@type\":\"WebPage\",\"@id\":\"https:\/\/milanta.net\/es\/producte\/estructura-de-troncs-per-pergola-macaco\/\",\"url\":\"https:\/\/milanta.net\/es\/producte\/estructura-de-troncs-per-pergola-macaco\/\",\"name\":\"Circuit de troncs - Per p\u00e8rgola Macaco - Milanta\",\"isPartOf\":{\"@id\":\"https:\/\/milanta.net\/es\/#website\"},\"primaryImageOfPage\":{\"@id\":\"https:\/\/milanta.net\/es\/producte\/estructura-de-troncs-per-pergola-macaco\/#primaryimage\"},\"image\":{\"@id\":\"https:\/\/milanta.net\/es\/producte\/estructura-de-troncs-per-pergola-macaco\/#primaryimage\"},\"thumbnailUrl\":\"https:\/\/milanta.net\/wp-content\/uploads\/2019\/10\/1936-ESTRUCTURA-DE-TRONCS-PER-PERGOLA-MACACO-scaled.jpg\",\"datePublished\":\"2019-10-28T05:38:43+00:00\",\"dateModified\":\"2026-01-07T09:15:49+00:00\",\"breadcrumb\":{\"@id\":\"https:\/\/milanta.net\/es\/producte\/estructura-de-troncs-per-pergola-macaco\/#breadcrumb\"},\"inLanguage\":\"es\",\"potentialAction\":[{\"@type\":\"ReadAction\",\"target\":[\"https:\/\/milanta.net\/es\/producte\/estructura-de-troncs-per-pergola-macaco\/\"]}]},{\"@type\":\"ImageObject\",\"inLanguage\":\"es\",\"@id\":\"https:\/\/milanta.net\/es\/producte\/estructura-de-troncs-per-pergola-macaco\/#primaryimage\",\"url\":\"https:\/\/milanta.net\/wp-content\/uploads\/2019\/10\/1936-ESTRUCTURA-DE-TRONCS-PER-PERGOLA-MACACO-scaled.jpg\",\"contentUrl\":\"https:\/\/milanta.net\/wp-content\/uploads\/2019\/10\/1936-ESTRUCTURA-DE-TRONCS-PER-PERGOLA-MACACO-scaled.jpg\",\"width\":1920,\"height\":2560,\"caption\":\"ESTRUCTURA DE TRONCS PER P\u00c8RGOLA MACACO\"},{\"@type\":\"BreadcrumbList\",\"@id\":\"https:\/\/milanta.net\/es\/producte\/estructura-de-troncs-per-pergola-macaco\/#breadcrumb\",\"itemListElement\":[{\"@type\":\"ListItem\",\"position\":1,\"name\":\"Portada\",\"item\":\"https:\/\/milanta.net\/es\/\"},{\"@type\":\"ListItem\",\"position\":2,\"name\":\"Cat\u00e1logo\",\"item\":\"https:\/\/milanta.net\/es\/catalogo\/\"},{\"@type\":\"ListItem\",\"position\":3,\"name\":\"Circuit de troncs &#8211; Per p\u00e8rgola Macaco\"}]},{\"@type\":\"WebSite\",\"@id\":\"https:\/\/milanta.net\/es\/#website\",\"url\":\"https:\/\/milanta.net\/es\/\",\"name\":\"Milanta Patis Vius\",\"description\":\"ESPACIOS NATURALES Y CREATIVOS PARA LA EDUCACI\u00d3N\",\"publisher\":{\"@id\":\"https:\/\/milanta.net\/es\/#organization\"},\"alternateName\":\"Milanta - Patis Vius\",\"potentialAction\":[{\"@type\":\"SearchAction\",\"target\":{\"@type\":\"EntryPoint\",\"urlTemplate\":\"https:\/\/milanta.net\/es\/?s={search_term_string}\"},\"query-input\":{\"@type\":\"PropertyValueSpecification\",\"valueRequired\":true,\"valueName\":\"search_term_string\"}}],\"inLanguage\":\"es\"},{\"@type\":\"Organization\",\"@id\":\"https:\/\/milanta.net\/es\/#organization\",\"name\":\"Milanta\",\"url\":\"https:\/\/milanta.net\/es\/\",\"logo\":{\"@type\":\"ImageObject\",\"inLanguage\":\"es\",\"@id\":\"https:\/\/milanta.net\/es\/#\/schema\/logo\/image\/\",\"url\":\"https:\/\/milanta.net\/wp-content\/uploads\/2023\/04\/Logo-Milanta-color.svg\",\"contentUrl\":\"https:\/\/milanta.net\/wp-content\/uploads\/2023\/04\/Logo-Milanta-color.svg\",\"width\":786,\"height\":486,\"caption\":\"Milanta\"},\"image\":{\"@id\":\"https:\/\/milanta.net\/es\/#\/schema\/logo\/image\/\"},\"sameAs\":[\"https:\/\/www.facebook.com\/MilantaCraft\/\",\"https:\/\/www.instagram.com\/milanta_patis\/\"]}]}<\/script>\n<!-- \/ Yoast SEO Premium plugin. -->","yoast_head_json":{"title":"Circuit de troncs - Per p\u00e8rgola Macaco - Milanta","robots":{"index":"index","follow":"follow","max-snippet":"max-snippet:-1","max-image-preview":"max-image-preview:large","max-video-preview":"max-video-preview:-1"},"canonical":"https:\/\/milanta.net\/es\/producte\/estructura-de-troncs-per-pergola-macaco\/","og_locale":"es_ES","og_type":"article","og_title":"Circuit de troncs - Per p\u00e8rgola Macaco","og_description":"Estructura de\u00a030 troncs d'ac\u00e0cia per a la descoberta l'experimentaci\u00f3.  Molt adequat per a\u00a0subjectar umbracles.","og_url":"https:\/\/milanta.net\/es\/producte\/estructura-de-troncs-per-pergola-macaco\/","og_site_name":"Milanta","article_publisher":"https:\/\/www.facebook.com\/MilantaCraft\/","article_modified_time":"2026-01-07T09:15:49+00:00","og_image":[{"width":1920,"height":2560,"url":"https:\/\/milanta.net\/wp-content\/uploads\/2019\/10\/1936-ESTRUCTURA-DE-TRONCS-PER-PERGOLA-MACACO-scaled.jpg","type":"image\/jpeg"}],"twitter_card":"summary_large_image","twitter_misc":{"Tiempo de lectura":"2 minutos"},"schema":{"@context":"https:\/\/schema.org","@graph":[{"@type":"WebPage","@id":"https:\/\/milanta.net\/es\/producte\/estructura-de-troncs-per-pergola-macaco\/","url":"https:\/\/milanta.net\/es\/producte\/estructura-de-troncs-per-pergola-macaco\/","name":"Circuit de troncs - Per p\u00e8rgola Macaco - Milanta","isPartOf":{"@id":"https:\/\/milanta.net\/es\/#website"},"primaryImageOfPage":{"@id":"https:\/\/milanta.net\/es\/producte\/estructura-de-troncs-per-pergola-macaco\/#primaryimage"},"image":{"@id":"https:\/\/milanta.net\/es\/producte\/estructura-de-troncs-per-pergola-macaco\/#primaryimage"},"thumbnailUrl":"https:\/\/milanta.net\/wp-content\/uploads\/2019\/10\/1936-ESTRUCTURA-DE-TRONCS-PER-PERGOLA-MACACO-scaled.jpg","datePublished":"2019-10-28T05:38:43+00:00","dateModified":"2026-01-07T09:15:49+00:00","breadcrumb":{"@id":"https:\/\/milanta.net\/es\/producte\/estructura-de-troncs-per-pergola-macaco\/#breadcrumb"},"inLanguage":"es","potentialAction":[{"@type":"ReadAction","target":["https:\/\/milanta.net\/es\/producte\/estructura-de-troncs-per-pergola-macaco\/"]}]},{"@type":"ImageObject","inLanguage":"es","@id":"https:\/\/milanta.net\/es\/producte\/estructura-de-troncs-per-pergola-macaco\/#primaryimage","url":"https:\/\/milanta.net\/wp-content\/uploads\/2019\/10\/1936-ESTRUCTURA-DE-TRONCS-PER-PERGOLA-MACACO-scaled.jpg","contentUrl":"https:\/\/milanta.net\/wp-content\/uploads\/2019\/10\/1936-ESTRUCTURA-DE-TRONCS-PER-PERGOLA-MACACO-scaled.jpg","width":1920,"height":2560,"caption":"ESTRUCTURA DE TRONCS PER P\u00c8RGOLA MACACO"},{"@type":"BreadcrumbList","@id":"https:\/\/milanta.net\/es\/producte\/estructura-de-troncs-per-pergola-macaco\/#breadcrumb","itemListElement":[{"@type":"ListItem","position":1,"name":"Portada","item":"https:\/\/milanta.net\/es\/"},{"@type":"ListItem","position":2,"name":"Cat\u00e1logo","item":"https:\/\/milanta.net\/es\/catalogo\/"},{"@type":"ListItem","position":3,"name":"Circuit de troncs &#8211; Per p\u00e8rgola Macaco"}]},{"@type":"WebSite","@id":"https:\/\/milanta.net\/es\/#website","url":"https:\/\/milanta.net\/es\/","name":"Milanta Patis Vius","description":"ESPACIOS NATURALES Y CREATIVOS PARA LA EDUCACI\u00d3N","publisher":{"@id":"https:\/\/milanta.net\/es\/#organization"},"alternateName":"Milanta - Patis Vius","potentialAction":[{"@type":"SearchAction","target":{"@type":"EntryPoint","urlTemplate":"https:\/\/milanta.net\/es\/?s={search_term_string}"},"query-input":{"@type":"PropertyValueSpecification","valueRequired":true,"valueName":"search_term_string"}}],"inLanguage":"es"},{"@type":"Organization","@id":"https:\/\/milanta.net\/es\/#organization","name":"Milanta","url":"https:\/\/milanta.net\/es\/","logo":{"@type":"ImageObject","inLanguage":"es","@id":"https:\/\/milanta.net\/es\/#\/schema\/logo\/image\/","url":"https:\/\/milanta.net\/wp-content\/uploads\/2023\/04\/Logo-Milanta-color.svg","contentUrl":"https:\/\/milanta.net\/wp-content\/uploads\/2023\/04\/Logo-Milanta-color.svg","width":786,"height":486,"caption":"Milanta"},"image":{"@id":"https:\/\/milanta.net\/es\/#\/schema\/logo\/image\/"},"sameAs":["https:\/\/www.facebook.com\/MilantaCraft\/","https:\/\/www.instagram.com\/milanta_patis\/"]}]}},"_links":{"self":[{"href":"https:\/\/milanta.net\/es\/wp-json\/wp\/v2\/product\/3443","targetHints":{"allow":["GET"]}}],"collection":[{"href":"https:\/\/milanta.net\/es\/wp-json\/wp\/v2\/product"}],"about":[{"href":"https:\/\/milanta.net\/es\/wp-json\/wp\/v2\/types\/product"}],"version-history":[{"count":1,"href":"https:\/\/milanta.net\/es\/wp-json\/wp\/v2\/product\/3443\/revisions"}],"predecessor-version":[{"id":14353,"href":"https:\/\/milanta.net\/es\/wp-json\/wp\/v2\/product\/3443\/revisions\/14353"}],"wp:featuredmedia":[{"embeddable":true,"href":"https:\/\/milanta.net\/es\/wp-json\/wp\/v2\/media\/3438"}],"wp:attachment":[{"href":"https:\/\/milanta.net\/es\/wp-json\/wp\/v2\/media?parent=3443"}],"wp:term":[{"taxonomy":"product_brand","embeddable":true,"href":"https:\/\/milanta.net\/es\/wp-json\/wp\/v2\/product_brand?post=3443"},{"taxonomy":"product_cat","embeddable":true,"href":"https:\/\/milanta.net\/es\/wp-json\/wp\/v2\/product_cat?post=3443"},{"taxonomy":"product_tag","embeddable":true,"href":"https:\/\/milanta.net\/es\/wp-json\/wp\/v2\/product_tag?post=3443"},{"taxonomy":"ubicacion-del-mobiliario","embeddable":true,"href":"https:\/\/milanta.net\/es\/wp-json\/wp\/v2\/ubicacion-del-mobiliario?post=3443"}],"curies":[{"name":"wp","href":"https:\/\/api.w.org\/{rel}","templated":true}]}}