{"id":3461,"date":"2019-11-11T08:51:58","date_gmt":"2019-11-11T08:51:58","guid":{"rendered":"https:\/\/milanta.net\/producto\/quiosc-cabana-mitjana\/"},"modified":"2026-04-07T13:03:22","modified_gmt":"2026-04-07T11:03:22","slug":"quiosc-cabana-mitjana","status":"publish","type":"product","link":"https:\/\/milanta.net\/es\/producte\/quiosc-cabana-mitjana\/","title":{"rendered":"Caseta de fusta &#8211; Laterals oberts &#8211; Model 2"},"content":{"rendered":"<p>Les casetes s\u00f3n un element molt ric per als patis escolars. Proporcionen un espai de recolliment ideal per desenvolupar el joc simb\u00f2lic.<\/p>\n<p>La caracter\u00edstica principal d&#8217;aquesta caseta de troncs \u00e9s que tot i tenir teulada, les parets queden obertes i dos dels laterals esdevenen petits obradors, taulells o qualsevol altre escenari que la seva imaginaci\u00f3 pugui inventar i recrear.<\/p>\n<p>Aquesta caseta de formes arrodonides aportaran un toc c\u00e0lid i natural al pati.<\/p>\n<p>Com gaireb\u00e9 totes les estructures i mobiliari per patis escolars que fabriquem a Milanta, aquesta caseta tamb\u00e9 es pot fer a mida. Demaneu-nos pressupost sense comprom\u00eds.<\/p>\n<p>&nbsp;<\/p>\n","protected":false},"excerpt":{"rendered":"<p>Caseta de troncs coberta i amb laterals oberts<\/p>\n","protected":false},"featured_media":3460,"template":"","meta":[],"product_brand":[],"product_cat":[739],"product_tag":[736],"ubicacion-del-mobiliario":[],"class_list":{"0":"post-3461","1":"product","2":"type-product","3":"status-publish","4":"has-post-thumbnail","6":"product_cat-casetes-i-cabanes-de-fusta","7":"product_tag-casetes-i-cabanes","9":"first","10":"instock","11":"taxable","12":"shipping-taxable","13":"purchasable","14":"product-type-simple"},"yoast_head":"<!-- This site is optimized with the Yoast SEO Premium plugin v21.6 (Yoast SEO v27.3) - https:\/\/yoast.com\/product\/yoast-seo-premium-wordpress\/ -->\n<title>Caseta de fusta - Laterals oberts - Model 2 - Milanta<\/title>\n<meta name=\"robots\" content=\"index, follow, max-snippet:-1, max-image-preview:large, max-video-preview:-1\" \/>\n<link rel=\"canonical\" href=\"https:\/\/milanta.net\/es\/producte\/quiosc-cabana-mitjana\/\" \/>\n<meta property=\"og:locale\" content=\"es_ES\" \/>\n<meta property=\"og:type\" content=\"article\" \/>\n<meta property=\"og:title\" content=\"Caseta de fusta - Laterals oberts - Model 2\" \/>\n<meta property=\"og:description\" content=\"Caseta de troncs coberta i amb laterals oberts\" \/>\n<meta property=\"og:url\" content=\"https:\/\/milanta.net\/es\/producte\/quiosc-cabana-mitjana\/\" \/>\n<meta property=\"og:site_name\" content=\"Milanta\" \/>\n<meta property=\"article:publisher\" content=\"https:\/\/www.facebook.com\/MilantaCraft\/\" \/>\n<meta property=\"article:modified_time\" content=\"2026-04-07T11:03:22+00:00\" \/>\n<meta property=\"og:image\" content=\"https:\/\/milanta.net\/wp-content\/uploads\/2019\/11\/1756-QUIOSC-CABANA-MITJANA-scaled.jpg\" \/>\n\t<meta property=\"og:image:width\" content=\"1920\" \/>\n\t<meta property=\"og:image:height\" content=\"2560\" \/>\n\t<meta property=\"og:image:type\" content=\"image\/jpeg\" \/>\n<meta name=\"twitter:card\" content=\"summary_large_image\" \/>\n<meta name=\"twitter:label1\" content=\"Tiempo de lectura\" \/>\n\t<meta name=\"twitter:data1\" content=\"1 minuto\" \/>\n<script type=\"application\/ld+json\" class=\"yoast-schema-graph\">{\"@context\":\"https:\\\/\\\/schema.org\",\"@graph\":[{\"@type\":\"WebPage\",\"@id\":\"https:\\\/\\\/milanta.net\\\/es\\\/producte\\\/quiosc-cabana-mitjana\\\/\",\"url\":\"https:\\\/\\\/milanta.net\\\/es\\\/producte\\\/quiosc-cabana-mitjana\\\/\",\"name\":\"Caseta de fusta - Laterals oberts - Model 2 - Milanta\",\"isPartOf\":{\"@id\":\"https:\\\/\\\/milanta.net\\\/es\\\/#website\"},\"primaryImageOfPage\":{\"@id\":\"https:\\\/\\\/milanta.net\\\/es\\\/producte\\\/quiosc-cabana-mitjana\\\/#primaryimage\"},\"image\":{\"@id\":\"https:\\\/\\\/milanta.net\\\/es\\\/producte\\\/quiosc-cabana-mitjana\\\/#primaryimage\"},\"thumbnailUrl\":\"https:\\\/\\\/milanta.net\\\/wp-content\\\/uploads\\\/2019\\\/11\\\/1756-QUIOSC-CABANA-MITJANA-scaled.jpg\",\"datePublished\":\"2019-11-11T08:51:58+00:00\",\"dateModified\":\"2026-04-07T11:03:22+00:00\",\"breadcrumb\":{\"@id\":\"https:\\\/\\\/milanta.net\\\/es\\\/producte\\\/quiosc-cabana-mitjana\\\/#breadcrumb\"},\"inLanguage\":\"es\",\"potentialAction\":[{\"@type\":\"ReadAction\",\"target\":[\"https:\\\/\\\/milanta.net\\\/es\\\/producte\\\/quiosc-cabana-mitjana\\\/\"]}]},{\"@type\":\"ImageObject\",\"inLanguage\":\"es\",\"@id\":\"https:\\\/\\\/milanta.net\\\/es\\\/producte\\\/quiosc-cabana-mitjana\\\/#primaryimage\",\"url\":\"https:\\\/\\\/milanta.net\\\/wp-content\\\/uploads\\\/2019\\\/11\\\/1756-QUIOSC-CABANA-MITJANA-scaled.jpg\",\"contentUrl\":\"https:\\\/\\\/milanta.net\\\/wp-content\\\/uploads\\\/2019\\\/11\\\/1756-QUIOSC-CABANA-MITJANA-scaled.jpg\",\"width\":1920,\"height\":2560,\"caption\":\"QUIOSC \\\/ CABANA MITJANA\"},{\"@type\":\"BreadcrumbList\",\"@id\":\"https:\\\/\\\/milanta.net\\\/es\\\/producte\\\/quiosc-cabana-mitjana\\\/#breadcrumb\",\"itemListElement\":[{\"@type\":\"ListItem\",\"position\":1,\"name\":\"Portada\",\"item\":\"https:\\\/\\\/milanta.net\\\/es\\\/\"},{\"@type\":\"ListItem\",\"position\":2,\"name\":\"Cat\u00e1logo\",\"item\":\"https:\\\/\\\/milanta.net\\\/es\\\/catalogo\\\/\"},{\"@type\":\"ListItem\",\"position\":3,\"name\":\"Caseta de fusta &#8211; Laterals oberts &#8211; Model 2\"}]},{\"@type\":\"WebSite\",\"@id\":\"https:\\\/\\\/milanta.net\\\/es\\\/#website\",\"url\":\"https:\\\/\\\/milanta.net\\\/es\\\/\",\"name\":\"Milanta Patis Vius\",\"description\":\"ESPACIOS NATURALES Y CREATIVOS PARA LA EDUCACI\u00d3N\",\"publisher\":{\"@id\":\"https:\\\/\\\/milanta.net\\\/es\\\/#organization\"},\"alternateName\":\"Milanta - Patis Vius\",\"potentialAction\":[{\"@type\":\"SearchAction\",\"target\":{\"@type\":\"EntryPoint\",\"urlTemplate\":\"https:\\\/\\\/milanta.net\\\/es\\\/?s={search_term_string}\"},\"query-input\":{\"@type\":\"PropertyValueSpecification\",\"valueRequired\":true,\"valueName\":\"search_term_string\"}}],\"inLanguage\":\"es\"},{\"@type\":\"Organization\",\"@id\":\"https:\\\/\\\/milanta.net\\\/es\\\/#organization\",\"name\":\"Milanta\",\"url\":\"https:\\\/\\\/milanta.net\\\/es\\\/\",\"logo\":{\"@type\":\"ImageObject\",\"inLanguage\":\"es\",\"@id\":\"https:\\\/\\\/milanta.net\\\/es\\\/#\\\/schema\\\/logo\\\/image\\\/\",\"url\":\"https:\\\/\\\/milanta.net\\\/wp-content\\\/uploads\\\/2023\\\/04\\\/Logo-Milanta-color.svg\",\"contentUrl\":\"https:\\\/\\\/milanta.net\\\/wp-content\\\/uploads\\\/2023\\\/04\\\/Logo-Milanta-color.svg\",\"caption\":\"Milanta\"},\"image\":{\"@id\":\"https:\\\/\\\/milanta.net\\\/es\\\/#\\\/schema\\\/logo\\\/image\\\/\"},\"sameAs\":[\"https:\\\/\\\/www.facebook.com\\\/MilantaCraft\\\/\",\"https:\\\/\\\/www.instagram.com\\\/milanta_patis\\\/\"]}]}<\/script>\n<!-- \/ Yoast SEO Premium plugin. -->","yoast_head_json":{"title":"Caseta de fusta - Laterals oberts - Model 2 - Milanta","robots":{"index":"index","follow":"follow","max-snippet":"max-snippet:-1","max-image-preview":"max-image-preview:large","max-video-preview":"max-video-preview:-1"},"canonical":"https:\/\/milanta.net\/es\/producte\/quiosc-cabana-mitjana\/","og_locale":"es_ES","og_type":"article","og_title":"Caseta de fusta - Laterals oberts - Model 2","og_description":"Caseta de troncs coberta i amb laterals oberts","og_url":"https:\/\/milanta.net\/es\/producte\/quiosc-cabana-mitjana\/","og_site_name":"Milanta","article_publisher":"https:\/\/www.facebook.com\/MilantaCraft\/","article_modified_time":"2026-04-07T11:03:22+00:00","og_image":[{"width":1920,"height":2560,"url":"https:\/\/milanta.net\/wp-content\/uploads\/2019\/11\/1756-QUIOSC-CABANA-MITJANA-scaled.jpg","type":"image\/jpeg"}],"twitter_card":"summary_large_image","twitter_misc":{"Tiempo de lectura":"1 minuto"},"schema":{"@context":"https:\/\/schema.org","@graph":[{"@type":"WebPage","@id":"https:\/\/milanta.net\/es\/producte\/quiosc-cabana-mitjana\/","url":"https:\/\/milanta.net\/es\/producte\/quiosc-cabana-mitjana\/","name":"Caseta de fusta - Laterals oberts - Model 2 - Milanta","isPartOf":{"@id":"https:\/\/milanta.net\/es\/#website"},"primaryImageOfPage":{"@id":"https:\/\/milanta.net\/es\/producte\/quiosc-cabana-mitjana\/#primaryimage"},"image":{"@id":"https:\/\/milanta.net\/es\/producte\/quiosc-cabana-mitjana\/#primaryimage"},"thumbnailUrl":"https:\/\/milanta.net\/wp-content\/uploads\/2019\/11\/1756-QUIOSC-CABANA-MITJANA-scaled.jpg","datePublished":"2019-11-11T08:51:58+00:00","dateModified":"2026-04-07T11:03:22+00:00","breadcrumb":{"@id":"https:\/\/milanta.net\/es\/producte\/quiosc-cabana-mitjana\/#breadcrumb"},"inLanguage":"es","potentialAction":[{"@type":"ReadAction","target":["https:\/\/milanta.net\/es\/producte\/quiosc-cabana-mitjana\/"]}]},{"@type":"ImageObject","inLanguage":"es","@id":"https:\/\/milanta.net\/es\/producte\/quiosc-cabana-mitjana\/#primaryimage","url":"https:\/\/milanta.net\/wp-content\/uploads\/2019\/11\/1756-QUIOSC-CABANA-MITJANA-scaled.jpg","contentUrl":"https:\/\/milanta.net\/wp-content\/uploads\/2019\/11\/1756-QUIOSC-CABANA-MITJANA-scaled.jpg","width":1920,"height":2560,"caption":"QUIOSC \/ CABANA MITJANA"},{"@type":"BreadcrumbList","@id":"https:\/\/milanta.net\/es\/producte\/quiosc-cabana-mitjana\/#breadcrumb","itemListElement":[{"@type":"ListItem","position":1,"name":"Portada","item":"https:\/\/milanta.net\/es\/"},{"@type":"ListItem","position":2,"name":"Cat\u00e1logo","item":"https:\/\/milanta.net\/es\/catalogo\/"},{"@type":"ListItem","position":3,"name":"Caseta de fusta &#8211; Laterals oberts &#8211; Model 2"}]},{"@type":"WebSite","@id":"https:\/\/milanta.net\/es\/#website","url":"https:\/\/milanta.net\/es\/","name":"Milanta Patis Vius","description":"ESPACIOS NATURALES Y CREATIVOS PARA LA EDUCACI\u00d3N","publisher":{"@id":"https:\/\/milanta.net\/es\/#organization"},"alternateName":"Milanta - Patis Vius","potentialAction":[{"@type":"SearchAction","target":{"@type":"EntryPoint","urlTemplate":"https:\/\/milanta.net\/es\/?s={search_term_string}"},"query-input":{"@type":"PropertyValueSpecification","valueRequired":true,"valueName":"search_term_string"}}],"inLanguage":"es"},{"@type":"Organization","@id":"https:\/\/milanta.net\/es\/#organization","name":"Milanta","url":"https:\/\/milanta.net\/es\/","logo":{"@type":"ImageObject","inLanguage":"es","@id":"https:\/\/milanta.net\/es\/#\/schema\/logo\/image\/","url":"https:\/\/milanta.net\/wp-content\/uploads\/2023\/04\/Logo-Milanta-color.svg","contentUrl":"https:\/\/milanta.net\/wp-content\/uploads\/2023\/04\/Logo-Milanta-color.svg","caption":"Milanta"},"image":{"@id":"https:\/\/milanta.net\/es\/#\/schema\/logo\/image\/"},"sameAs":["https:\/\/www.facebook.com\/MilantaCraft\/","https:\/\/www.instagram.com\/milanta_patis\/"]}]}},"_links":{"self":[{"href":"https:\/\/milanta.net\/es\/wp-json\/wp\/v2\/product\/3461","targetHints":{"allow":["GET"]}}],"collection":[{"href":"https:\/\/milanta.net\/es\/wp-json\/wp\/v2\/product"}],"about":[{"href":"https:\/\/milanta.net\/es\/wp-json\/wp\/v2\/types\/product"}],"version-history":[{"count":0,"href":"https:\/\/milanta.net\/es\/wp-json\/wp\/v2\/product\/3461\/revisions"}],"wp:featuredmedia":[{"embeddable":true,"href":"https:\/\/milanta.net\/es\/wp-json\/wp\/v2\/media\/3460"}],"wp:attachment":[{"href":"https:\/\/milanta.net\/es\/wp-json\/wp\/v2\/media?parent=3461"}],"wp:term":[{"taxonomy":"product_brand","embeddable":true,"href":"https:\/\/milanta.net\/es\/wp-json\/wp\/v2\/product_brand?post=3461"},{"taxonomy":"product_cat","embeddable":true,"href":"https:\/\/milanta.net\/es\/wp-json\/wp\/v2\/product_cat?post=3461"},{"taxonomy":"product_tag","embeddable":true,"href":"https:\/\/milanta.net\/es\/wp-json\/wp\/v2\/product_tag?post=3461"},{"taxonomy":"ubicacion-del-mobiliario","embeddable":true,"href":"https:\/\/milanta.net\/es\/wp-json\/wp\/v2\/ubicacion-del-mobiliario?post=3461"}],"curies":[{"name":"wp","href":"https:\/\/api.w.org\/{rel}","templated":true}]}}