{"id":3467,"date":"2019-11-18T03:54:09","date_gmt":"2019-11-18T03:54:09","guid":{"rendered":"https:\/\/milanta.net\/producto\/pont-de-fusta-amb-rampa-tub-magnum-graons-i-barana-de-corda-per-bressol\/"},"modified":"2026-02-20T09:55:48","modified_gmt":"2026-02-20T08:55:48","slug":"mirador-amb-reptes-motrius-per-escola-bressol","status":"publish","type":"product","link":"https:\/\/milanta.net\/es\/producte\/mirador-amb-reptes-motrius-per-escola-bressol\/","title":{"rendered":"Mirador amb reptes motrius &#8211; Escoles Bressol"},"content":{"rendered":"<p>Una estructura de joc de fusta en un pati viu \u00e9s molt m\u00e9s que un espai per jugar: \u00e9s una oportunitat per cr\u00e9ixer i transformar l\u2019experi\u00e8ncia educativa.<\/p>\n<p><strong>Aquesta estructura de fusta per Escoles Bressol no ocupa massa espai i, en canvi, dona molt de joc, tant motriu com simb\u00f2lic. Es tracta d&#8217;una plataforma elevada amb escales i barana de cordes, per un costat, i rampa per l&#8217;altra. La plataforma que connecta els dos accessos t\u00e9 baranes de fusta i, a sota, hi t\u00e9 un tub m\u00e0gnum, que la canalla fa servir tant de pas com d&#8217;amagatall, igual que l&#8217;espai buit que queda sota la rampa.<\/strong><\/p>\n<p>\u00c9s un element de joc fant\u00e0stic que obre la porta a m\u00faltiples maneres de jugar, moure\u2019s i relacionar-se i convida els infants a explorar el moviment des del joc actiu, despertant la seva curiositat i imaginaci\u00f3.<\/p>\n<p>La fusta emprada est\u00e0 tractada i polida per garantir resist\u00e8ncia i durabilitat a l\u2019exterior, sense perdre la seva textura c\u00e0lida i natural. \u00c9s un material viu que connecta els infants amb la natura i afavoreix un ambient ser\u00e8 i inspirador.<\/p>\n<p>Aquest tipus d\u2019estructures s\u00f3n peces clau en la transformaci\u00f3 dels patis escolars: deixen enrere els espais r\u00edgids i homogenis per donar lloc a entorns vius, diversos i flexibles, que posen l\u2019infant al centre. Fomenten l\u2019autonomia, l\u2019equilibri, la creativitat i el joc simb\u00f2lic i motor, essencials per al desenvolupament global dels nens i nenes.<\/p>\n<p>A Milanta, dissenyem escenaris oberts d\u2019aprenentatge i creixement, on cada infant pot viure el pati com un lloc propi, ple d\u2019aventures a mida.<\/p>\n<p>&#8212;&#8211;<\/p>\n<p>*El muntatge i l&#8217;enjardinat no estan inclosos en el preu.<\/p>\n","protected":false},"excerpt":{"rendered":"<p>Estructura de fusta amb t\u00fanel i reptes motrius\u00a0 per patis d&#8217;Escola Bressol.<\/p>\n","protected":false},"featured_media":3465,"template":"","meta":[],"product_brand":[],"product_cat":[740],"product_tag":[],"ubicacion-del-mobiliario":[],"class_list":{"0":"post-3467","1":"product","2":"type-product","3":"status-publish","4":"has-post-thumbnail","6":"product_cat-estructures-de-fusta-pel-pati","8":"first","9":"instock","10":"taxable","11":"shipping-taxable","12":"purchasable","13":"product-type-simple"},"yoast_head":"<!-- This site is optimized with the Yoast SEO Premium plugin v21.6 (Yoast SEO v27.3) - https:\/\/yoast.com\/product\/yoast-seo-premium-wordpress\/ -->\n<title>Mirador amb reptes motrius - Escoles Bressol - Milanta<\/title>\n<meta name=\"description\" content=\"Aquesta estructura de fusta \u00e9s ideal per patis d&#039;escola Bressol. No ocupa massa espai i, en canvi, proporciona molt de joc, tant motriu com simb\u00f2lic.\" \/>\n<meta name=\"robots\" content=\"index, follow, max-snippet:-1, max-image-preview:large, max-video-preview:-1\" \/>\n<link rel=\"canonical\" href=\"https:\/\/milanta.net\/es\/producte\/mirador-amb-reptes-motrius-per-escola-bressol\/\" \/>\n<meta property=\"og:locale\" content=\"es_ES\" \/>\n<meta property=\"og:type\" content=\"article\" \/>\n<meta property=\"og:title\" content=\"Mirador amb reptes motrius - Escoles Bressol\" \/>\n<meta property=\"og:description\" content=\"Aquesta estructura de fusta \u00e9s ideal per patis d&#039;escola Bressol. No ocupa massa espai i, en canvi, proporciona molt de joc, tant motriu com simb\u00f2lic.\" \/>\n<meta property=\"og:url\" content=\"https:\/\/milanta.net\/es\/producte\/mirador-amb-reptes-motrius-per-escola-bressol\/\" \/>\n<meta property=\"og:site_name\" content=\"Milanta\" \/>\n<meta property=\"article:publisher\" content=\"https:\/\/www.facebook.com\/MilantaCraft\/\" \/>\n<meta property=\"article:modified_time\" content=\"2026-02-20T08:55:48+00:00\" \/>\n<meta property=\"og:image\" content=\"https:\/\/milanta.net\/wp-content\/uploads\/2019\/11\/1760-PONT-DE-FUSTA-AMB-RAMPA-TUB-MAGNUM-GRAONS-I-BARANA-DE-CORDA-PER-BRESSOL.jpg\" \/>\n\t<meta property=\"og:image:width\" content=\"1200\" \/>\n\t<meta property=\"og:image:height\" content=\"1600\" \/>\n\t<meta property=\"og:image:type\" content=\"image\/jpeg\" \/>\n<meta name=\"twitter:card\" content=\"summary_large_image\" \/>\n<meta name=\"twitter:label1\" content=\"Tiempo de lectura\" \/>\n\t<meta name=\"twitter:data1\" content=\"2 minutos\" \/>\n<script type=\"application\/ld+json\" class=\"yoast-schema-graph\">{\"@context\":\"https:\\\/\\\/schema.org\",\"@graph\":[{\"@type\":\"WebPage\",\"@id\":\"https:\\\/\\\/milanta.net\\\/es\\\/producte\\\/mirador-amb-reptes-motrius-per-escola-bressol\\\/\",\"url\":\"https:\\\/\\\/milanta.net\\\/es\\\/producte\\\/mirador-amb-reptes-motrius-per-escola-bressol\\\/\",\"name\":\"Mirador amb reptes motrius - Escoles Bressol - Milanta\",\"isPartOf\":{\"@id\":\"https:\\\/\\\/milanta.net\\\/es\\\/#website\"},\"primaryImageOfPage\":{\"@id\":\"https:\\\/\\\/milanta.net\\\/es\\\/producte\\\/mirador-amb-reptes-motrius-per-escola-bressol\\\/#primaryimage\"},\"image\":{\"@id\":\"https:\\\/\\\/milanta.net\\\/es\\\/producte\\\/mirador-amb-reptes-motrius-per-escola-bressol\\\/#primaryimage\"},\"thumbnailUrl\":\"https:\\\/\\\/milanta.net\\\/wp-content\\\/uploads\\\/2019\\\/11\\\/1760-PONT-DE-FUSTA-AMB-RAMPA-TUB-MAGNUM-GRAONS-I-BARANA-DE-CORDA-PER-BRESSOL.jpg\",\"datePublished\":\"2019-11-18T03:54:09+00:00\",\"dateModified\":\"2026-02-20T08:55:48+00:00\",\"description\":\"Aquesta estructura de fusta \u00e9s ideal per patis d'escola Bressol. No ocupa massa espai i, en canvi, proporciona molt de joc, tant motriu com simb\u00f2lic.\",\"breadcrumb\":{\"@id\":\"https:\\\/\\\/milanta.net\\\/es\\\/producte\\\/mirador-amb-reptes-motrius-per-escola-bressol\\\/#breadcrumb\"},\"inLanguage\":\"es\",\"potentialAction\":[{\"@type\":\"ReadAction\",\"target\":[\"https:\\\/\\\/milanta.net\\\/es\\\/producte\\\/mirador-amb-reptes-motrius-per-escola-bressol\\\/\"]}]},{\"@type\":\"ImageObject\",\"inLanguage\":\"es\",\"@id\":\"https:\\\/\\\/milanta.net\\\/es\\\/producte\\\/mirador-amb-reptes-motrius-per-escola-bressol\\\/#primaryimage\",\"url\":\"https:\\\/\\\/milanta.net\\\/wp-content\\\/uploads\\\/2019\\\/11\\\/1760-PONT-DE-FUSTA-AMB-RAMPA-TUB-MAGNUM-GRAONS-I-BARANA-DE-CORDA-PER-BRESSOL.jpg\",\"contentUrl\":\"https:\\\/\\\/milanta.net\\\/wp-content\\\/uploads\\\/2019\\\/11\\\/1760-PONT-DE-FUSTA-AMB-RAMPA-TUB-MAGNUM-GRAONS-I-BARANA-DE-CORDA-PER-BRESSOL.jpg\",\"width\":1200,\"height\":1600,\"caption\":\"PONT DE FUSTA AMB RAMPA, TUB MAGNUM, GRAONS I BARANA DE CORDA PER BRESSOL\"},{\"@type\":\"BreadcrumbList\",\"@id\":\"https:\\\/\\\/milanta.net\\\/es\\\/producte\\\/mirador-amb-reptes-motrius-per-escola-bressol\\\/#breadcrumb\",\"itemListElement\":[{\"@type\":\"ListItem\",\"position\":1,\"name\":\"Portada\",\"item\":\"https:\\\/\\\/milanta.net\\\/es\\\/\"},{\"@type\":\"ListItem\",\"position\":2,\"name\":\"Cat\u00e1logo\",\"item\":\"https:\\\/\\\/milanta.net\\\/es\\\/catalogo\\\/\"},{\"@type\":\"ListItem\",\"position\":3,\"name\":\"Mirador amb reptes motrius &#8211; Escoles Bressol\"}]},{\"@type\":\"WebSite\",\"@id\":\"https:\\\/\\\/milanta.net\\\/es\\\/#website\",\"url\":\"https:\\\/\\\/milanta.net\\\/es\\\/\",\"name\":\"Milanta Patis Vius\",\"description\":\"ESPACIOS NATURALES Y CREATIVOS PARA LA EDUCACI\u00d3N\",\"publisher\":{\"@id\":\"https:\\\/\\\/milanta.net\\\/es\\\/#organization\"},\"alternateName\":\"Milanta - Patis Vius\",\"potentialAction\":[{\"@type\":\"SearchAction\",\"target\":{\"@type\":\"EntryPoint\",\"urlTemplate\":\"https:\\\/\\\/milanta.net\\\/es\\\/?s={search_term_string}\"},\"query-input\":{\"@type\":\"PropertyValueSpecification\",\"valueRequired\":true,\"valueName\":\"search_term_string\"}}],\"inLanguage\":\"es\"},{\"@type\":\"Organization\",\"@id\":\"https:\\\/\\\/milanta.net\\\/es\\\/#organization\",\"name\":\"Milanta\",\"url\":\"https:\\\/\\\/milanta.net\\\/es\\\/\",\"logo\":{\"@type\":\"ImageObject\",\"inLanguage\":\"es\",\"@id\":\"https:\\\/\\\/milanta.net\\\/es\\\/#\\\/schema\\\/logo\\\/image\\\/\",\"url\":\"https:\\\/\\\/milanta.net\\\/wp-content\\\/uploads\\\/2023\\\/04\\\/Logo-Milanta-color.svg\",\"contentUrl\":\"https:\\\/\\\/milanta.net\\\/wp-content\\\/uploads\\\/2023\\\/04\\\/Logo-Milanta-color.svg\",\"caption\":\"Milanta\"},\"image\":{\"@id\":\"https:\\\/\\\/milanta.net\\\/es\\\/#\\\/schema\\\/logo\\\/image\\\/\"},\"sameAs\":[\"https:\\\/\\\/www.facebook.com\\\/MilantaCraft\\\/\",\"https:\\\/\\\/www.instagram.com\\\/milanta_patis\\\/\"]}]}<\/script>\n<!-- \/ Yoast SEO Premium plugin. -->","yoast_head_json":{"title":"Mirador amb reptes motrius - Escoles Bressol - Milanta","description":"Aquesta estructura de fusta \u00e9s ideal per patis d'escola Bressol. No ocupa massa espai i, en canvi, proporciona molt de joc, tant motriu com simb\u00f2lic.","robots":{"index":"index","follow":"follow","max-snippet":"max-snippet:-1","max-image-preview":"max-image-preview:large","max-video-preview":"max-video-preview:-1"},"canonical":"https:\/\/milanta.net\/es\/producte\/mirador-amb-reptes-motrius-per-escola-bressol\/","og_locale":"es_ES","og_type":"article","og_title":"Mirador amb reptes motrius - Escoles Bressol","og_description":"Aquesta estructura de fusta \u00e9s ideal per patis d'escola Bressol. No ocupa massa espai i, en canvi, proporciona molt de joc, tant motriu com simb\u00f2lic.","og_url":"https:\/\/milanta.net\/es\/producte\/mirador-amb-reptes-motrius-per-escola-bressol\/","og_site_name":"Milanta","article_publisher":"https:\/\/www.facebook.com\/MilantaCraft\/","article_modified_time":"2026-02-20T08:55:48+00:00","og_image":[{"width":1200,"height":1600,"url":"https:\/\/milanta.net\/wp-content\/uploads\/2019\/11\/1760-PONT-DE-FUSTA-AMB-RAMPA-TUB-MAGNUM-GRAONS-I-BARANA-DE-CORDA-PER-BRESSOL.jpg","type":"image\/jpeg"}],"twitter_card":"summary_large_image","twitter_misc":{"Tiempo de lectura":"2 minutos"},"schema":{"@context":"https:\/\/schema.org","@graph":[{"@type":"WebPage","@id":"https:\/\/milanta.net\/es\/producte\/mirador-amb-reptes-motrius-per-escola-bressol\/","url":"https:\/\/milanta.net\/es\/producte\/mirador-amb-reptes-motrius-per-escola-bressol\/","name":"Mirador amb reptes motrius - Escoles Bressol - Milanta","isPartOf":{"@id":"https:\/\/milanta.net\/es\/#website"},"primaryImageOfPage":{"@id":"https:\/\/milanta.net\/es\/producte\/mirador-amb-reptes-motrius-per-escola-bressol\/#primaryimage"},"image":{"@id":"https:\/\/milanta.net\/es\/producte\/mirador-amb-reptes-motrius-per-escola-bressol\/#primaryimage"},"thumbnailUrl":"https:\/\/milanta.net\/wp-content\/uploads\/2019\/11\/1760-PONT-DE-FUSTA-AMB-RAMPA-TUB-MAGNUM-GRAONS-I-BARANA-DE-CORDA-PER-BRESSOL.jpg","datePublished":"2019-11-18T03:54:09+00:00","dateModified":"2026-02-20T08:55:48+00:00","description":"Aquesta estructura de fusta \u00e9s ideal per patis d'escola Bressol. No ocupa massa espai i, en canvi, proporciona molt de joc, tant motriu com simb\u00f2lic.","breadcrumb":{"@id":"https:\/\/milanta.net\/es\/producte\/mirador-amb-reptes-motrius-per-escola-bressol\/#breadcrumb"},"inLanguage":"es","potentialAction":[{"@type":"ReadAction","target":["https:\/\/milanta.net\/es\/producte\/mirador-amb-reptes-motrius-per-escola-bressol\/"]}]},{"@type":"ImageObject","inLanguage":"es","@id":"https:\/\/milanta.net\/es\/producte\/mirador-amb-reptes-motrius-per-escola-bressol\/#primaryimage","url":"https:\/\/milanta.net\/wp-content\/uploads\/2019\/11\/1760-PONT-DE-FUSTA-AMB-RAMPA-TUB-MAGNUM-GRAONS-I-BARANA-DE-CORDA-PER-BRESSOL.jpg","contentUrl":"https:\/\/milanta.net\/wp-content\/uploads\/2019\/11\/1760-PONT-DE-FUSTA-AMB-RAMPA-TUB-MAGNUM-GRAONS-I-BARANA-DE-CORDA-PER-BRESSOL.jpg","width":1200,"height":1600,"caption":"PONT DE FUSTA AMB RAMPA, TUB MAGNUM, GRAONS I BARANA DE CORDA PER BRESSOL"},{"@type":"BreadcrumbList","@id":"https:\/\/milanta.net\/es\/producte\/mirador-amb-reptes-motrius-per-escola-bressol\/#breadcrumb","itemListElement":[{"@type":"ListItem","position":1,"name":"Portada","item":"https:\/\/milanta.net\/es\/"},{"@type":"ListItem","position":2,"name":"Cat\u00e1logo","item":"https:\/\/milanta.net\/es\/catalogo\/"},{"@type":"ListItem","position":3,"name":"Mirador amb reptes motrius &#8211; Escoles Bressol"}]},{"@type":"WebSite","@id":"https:\/\/milanta.net\/es\/#website","url":"https:\/\/milanta.net\/es\/","name":"Milanta Patis Vius","description":"ESPACIOS NATURALES Y CREATIVOS PARA LA EDUCACI\u00d3N","publisher":{"@id":"https:\/\/milanta.net\/es\/#organization"},"alternateName":"Milanta - Patis Vius","potentialAction":[{"@type":"SearchAction","target":{"@type":"EntryPoint","urlTemplate":"https:\/\/milanta.net\/es\/?s={search_term_string}"},"query-input":{"@type":"PropertyValueSpecification","valueRequired":true,"valueName":"search_term_string"}}],"inLanguage":"es"},{"@type":"Organization","@id":"https:\/\/milanta.net\/es\/#organization","name":"Milanta","url":"https:\/\/milanta.net\/es\/","logo":{"@type":"ImageObject","inLanguage":"es","@id":"https:\/\/milanta.net\/es\/#\/schema\/logo\/image\/","url":"https:\/\/milanta.net\/wp-content\/uploads\/2023\/04\/Logo-Milanta-color.svg","contentUrl":"https:\/\/milanta.net\/wp-content\/uploads\/2023\/04\/Logo-Milanta-color.svg","caption":"Milanta"},"image":{"@id":"https:\/\/milanta.net\/es\/#\/schema\/logo\/image\/"},"sameAs":["https:\/\/www.facebook.com\/MilantaCraft\/","https:\/\/www.instagram.com\/milanta_patis\/"]}]}},"_links":{"self":[{"href":"https:\/\/milanta.net\/es\/wp-json\/wp\/v2\/product\/3467","targetHints":{"allow":["GET"]}}],"collection":[{"href":"https:\/\/milanta.net\/es\/wp-json\/wp\/v2\/product"}],"about":[{"href":"https:\/\/milanta.net\/es\/wp-json\/wp\/v2\/types\/product"}],"version-history":[{"count":0,"href":"https:\/\/milanta.net\/es\/wp-json\/wp\/v2\/product\/3467\/revisions"}],"wp:featuredmedia":[{"embeddable":true,"href":"https:\/\/milanta.net\/es\/wp-json\/wp\/v2\/media\/3465"}],"wp:attachment":[{"href":"https:\/\/milanta.net\/es\/wp-json\/wp\/v2\/media?parent=3467"}],"wp:term":[{"taxonomy":"product_brand","embeddable":true,"href":"https:\/\/milanta.net\/es\/wp-json\/wp\/v2\/product_brand?post=3467"},{"taxonomy":"product_cat","embeddable":true,"href":"https:\/\/milanta.net\/es\/wp-json\/wp\/v2\/product_cat?post=3467"},{"taxonomy":"product_tag","embeddable":true,"href":"https:\/\/milanta.net\/es\/wp-json\/wp\/v2\/product_tag?post=3467"},{"taxonomy":"ubicacion-del-mobiliario","embeddable":true,"href":"https:\/\/milanta.net\/es\/wp-json\/wp\/v2\/ubicacion-del-mobiliario?post=3467"}],"curies":[{"name":"wp","href":"https:\/\/api.w.org\/{rel}","templated":true}]}}