{"id":3488,"date":"2020-01-16T09:54:59","date_gmt":"2020-01-16T09:54:59","guid":{"rendered":"https:\/\/milanta.net\/producto\/anelles-acer-inoxidable-amb-corda-per-penjar-se\/"},"modified":"2023-10-18T10:18:08","modified_gmt":"2023-10-18T10:18:08","slug":"anelles-acer-inoxidable-amb-corda-per-penjar-se","status":"publish","type":"product","link":"https:\/\/milanta.net\/es\/producte\/anelles-acer-inoxidable-amb-corda-per-penjar-se\/","title":{"rendered":"ANELLES ACER INOXIDABLE AMB CORDA PER PENJAR-SE"},"content":{"rendered":"<p>Aquest material \u00e9s un cl\u00e0ssic re-versionat amb la intenci\u00f3 de donar el m\u00e0xim de possibilitats per al desenvolupament dels infants.\u00a0<\/p>\n<p>Amb les anelles poden penjar-se, balancejar-se, arrossegar els peus i solcar la terra o fer tombarelles refor\u00e7ant bra\u00e7os, tors i esquena.<\/p>\n<p>El moviment lliure \u00e9s la clau per l&#8217;aprenentatge aut\u00f2nom.<\/p>\n<p>L&#8217;al\u00e7ada de la corda \u00e9s graduable.<\/p>\n","protected":false},"excerpt":{"rendered":"<p>Aquest parell d&#8217;anelles van sostingudes de cordes, com a proposta per treballar la psicomotricitat lliurement a l&#8217;exterior.<\/p>\n","protected":false},"featured_media":3484,"template":"","meta":[],"product_brand":[],"product_cat":[749],"product_tag":[],"ubicacion-del-mobiliario":[],"class_list":{"0":"post-3488","1":"product","2":"type-product","3":"status-publish","4":"has-post-thumbnail","6":"product_cat-elements-penjants","8":"first","9":"instock","10":"taxable","11":"shipping-taxable","12":"purchasable","13":"product-type-simple"},"yoast_head":"<!-- This site is optimized with the Yoast SEO Premium plugin v21.6 (Yoast SEO v27.2) - https:\/\/yoast.com\/product\/yoast-seo-premium-wordpress\/ -->\n<title>ANELLES ACER INOXIDABLE AMB CORDA PER PENJAR-SE - Milanta<\/title>\n<meta name=\"robots\" content=\"index, follow, max-snippet:-1, max-image-preview:large, max-video-preview:-1\" \/>\n<link rel=\"canonical\" href=\"https:\/\/milanta.net\/es\/producte\/anelles-acer-inoxidable-amb-corda-per-penjar-se\/\" \/>\n<meta property=\"og:locale\" content=\"es_ES\" \/>\n<meta property=\"og:type\" content=\"article\" \/>\n<meta property=\"og:title\" content=\"ANELLES ACER INOXIDABLE AMB CORDA PER PENJAR-SE\" \/>\n<meta property=\"og:description\" content=\"Aquest parell d&#039;anelles van sostingudes de cordes, com a proposta per treballar la psicomotricitat lliurement a l&#039;exterior.\" \/>\n<meta property=\"og:url\" content=\"https:\/\/milanta.net\/es\/producte\/anelles-acer-inoxidable-amb-corda-per-penjar-se\/\" \/>\n<meta property=\"og:site_name\" content=\"Milanta\" \/>\n<meta property=\"article:publisher\" content=\"https:\/\/www.facebook.com\/MilantaCraft\/\" \/>\n<meta property=\"article:modified_time\" content=\"2023-10-18T10:18:08+00:00\" \/>\n<meta property=\"og:image\" content=\"https:\/\/milanta.net\/wp-content\/uploads\/2020\/01\/1788-ANELLES-ACER-INOXIDABLE-AMB-CORDA-PER-PENJAR-SE.jpg\" \/>\n\t<meta property=\"og:image:width\" content=\"640\" \/>\n\t<meta property=\"og:image:height\" content=\"640\" \/>\n\t<meta property=\"og:image:type\" content=\"image\/jpeg\" \/>\n<meta name=\"twitter:card\" content=\"summary_large_image\" \/>\n<script type=\"application\/ld+json\" class=\"yoast-schema-graph\">{\"@context\":\"https:\/\/schema.org\",\"@graph\":[{\"@type\":\"WebPage\",\"@id\":\"https:\/\/milanta.net\/es\/producte\/anelles-acer-inoxidable-amb-corda-per-penjar-se\/\",\"url\":\"https:\/\/milanta.net\/es\/producte\/anelles-acer-inoxidable-amb-corda-per-penjar-se\/\",\"name\":\"ANELLES ACER INOXIDABLE AMB CORDA PER PENJAR-SE - Milanta\",\"isPartOf\":{\"@id\":\"https:\/\/milanta.net\/es\/#website\"},\"primaryImageOfPage\":{\"@id\":\"https:\/\/milanta.net\/es\/producte\/anelles-acer-inoxidable-amb-corda-per-penjar-se\/#primaryimage\"},\"image\":{\"@id\":\"https:\/\/milanta.net\/es\/producte\/anelles-acer-inoxidable-amb-corda-per-penjar-se\/#primaryimage\"},\"thumbnailUrl\":\"https:\/\/milanta.net\/wp-content\/uploads\/2020\/01\/1788-ANELLES-ACER-INOXIDABLE-AMB-CORDA-PER-PENJAR-SE.jpg\",\"datePublished\":\"2020-01-16T09:54:59+00:00\",\"dateModified\":\"2023-10-18T10:18:08+00:00\",\"breadcrumb\":{\"@id\":\"https:\/\/milanta.net\/es\/producte\/anelles-acer-inoxidable-amb-corda-per-penjar-se\/#breadcrumb\"},\"inLanguage\":\"es\",\"potentialAction\":[{\"@type\":\"ReadAction\",\"target\":[\"https:\/\/milanta.net\/es\/producte\/anelles-acer-inoxidable-amb-corda-per-penjar-se\/\"]}]},{\"@type\":\"ImageObject\",\"inLanguage\":\"es\",\"@id\":\"https:\/\/milanta.net\/es\/producte\/anelles-acer-inoxidable-amb-corda-per-penjar-se\/#primaryimage\",\"url\":\"https:\/\/milanta.net\/wp-content\/uploads\/2020\/01\/1788-ANELLES-ACER-INOXIDABLE-AMB-CORDA-PER-PENJAR-SE.jpg\",\"contentUrl\":\"https:\/\/milanta.net\/wp-content\/uploads\/2020\/01\/1788-ANELLES-ACER-INOXIDABLE-AMB-CORDA-PER-PENJAR-SE.jpg\",\"width\":640,\"height\":640,\"caption\":\"ANELLES ACER INOXIDABLE AMB CORDA PER PENJAR-SE\"},{\"@type\":\"BreadcrumbList\",\"@id\":\"https:\/\/milanta.net\/es\/producte\/anelles-acer-inoxidable-amb-corda-per-penjar-se\/#breadcrumb\",\"itemListElement\":[{\"@type\":\"ListItem\",\"position\":1,\"name\":\"Portada\",\"item\":\"https:\/\/milanta.net\/es\/\"},{\"@type\":\"ListItem\",\"position\":2,\"name\":\"Cat\u00e1logo\",\"item\":\"https:\/\/milanta.net\/es\/catalogo\/\"},{\"@type\":\"ListItem\",\"position\":3,\"name\":\"ANELLES ACER INOXIDABLE AMB CORDA PER PENJAR-SE\"}]},{\"@type\":\"WebSite\",\"@id\":\"https:\/\/milanta.net\/es\/#website\",\"url\":\"https:\/\/milanta.net\/es\/\",\"name\":\"Milanta Patis Vius\",\"description\":\"ESPACIOS NATURALES Y CREATIVOS PARA LA EDUCACI\u00d3N\",\"publisher\":{\"@id\":\"https:\/\/milanta.net\/es\/#organization\"},\"alternateName\":\"Milanta - Patis Vius\",\"potentialAction\":[{\"@type\":\"SearchAction\",\"target\":{\"@type\":\"EntryPoint\",\"urlTemplate\":\"https:\/\/milanta.net\/es\/?s={search_term_string}\"},\"query-input\":{\"@type\":\"PropertyValueSpecification\",\"valueRequired\":true,\"valueName\":\"search_term_string\"}}],\"inLanguage\":\"es\"},{\"@type\":\"Organization\",\"@id\":\"https:\/\/milanta.net\/es\/#organization\",\"name\":\"Milanta\",\"url\":\"https:\/\/milanta.net\/es\/\",\"logo\":{\"@type\":\"ImageObject\",\"inLanguage\":\"es\",\"@id\":\"https:\/\/milanta.net\/es\/#\/schema\/logo\/image\/\",\"url\":\"https:\/\/milanta.net\/wp-content\/uploads\/2023\/04\/Logo-Milanta-color.svg\",\"contentUrl\":\"https:\/\/milanta.net\/wp-content\/uploads\/2023\/04\/Logo-Milanta-color.svg\",\"width\":786,\"height\":486,\"caption\":\"Milanta\"},\"image\":{\"@id\":\"https:\/\/milanta.net\/es\/#\/schema\/logo\/image\/\"},\"sameAs\":[\"https:\/\/www.facebook.com\/MilantaCraft\/\",\"https:\/\/www.instagram.com\/milanta_patis\/\"]}]}<\/script>\n<!-- \/ Yoast SEO Premium plugin. -->","yoast_head_json":{"title":"ANELLES ACER INOXIDABLE AMB CORDA PER PENJAR-SE - Milanta","robots":{"index":"index","follow":"follow","max-snippet":"max-snippet:-1","max-image-preview":"max-image-preview:large","max-video-preview":"max-video-preview:-1"},"canonical":"https:\/\/milanta.net\/es\/producte\/anelles-acer-inoxidable-amb-corda-per-penjar-se\/","og_locale":"es_ES","og_type":"article","og_title":"ANELLES ACER INOXIDABLE AMB CORDA PER PENJAR-SE","og_description":"Aquest parell d'anelles van sostingudes de cordes, com a proposta per treballar la psicomotricitat lliurement a l'exterior.","og_url":"https:\/\/milanta.net\/es\/producte\/anelles-acer-inoxidable-amb-corda-per-penjar-se\/","og_site_name":"Milanta","article_publisher":"https:\/\/www.facebook.com\/MilantaCraft\/","article_modified_time":"2023-10-18T10:18:08+00:00","og_image":[{"width":640,"height":640,"url":"https:\/\/milanta.net\/wp-content\/uploads\/2020\/01\/1788-ANELLES-ACER-INOXIDABLE-AMB-CORDA-PER-PENJAR-SE.jpg","type":"image\/jpeg"}],"twitter_card":"summary_large_image","schema":{"@context":"https:\/\/schema.org","@graph":[{"@type":"WebPage","@id":"https:\/\/milanta.net\/es\/producte\/anelles-acer-inoxidable-amb-corda-per-penjar-se\/","url":"https:\/\/milanta.net\/es\/producte\/anelles-acer-inoxidable-amb-corda-per-penjar-se\/","name":"ANELLES ACER INOXIDABLE AMB CORDA PER PENJAR-SE - Milanta","isPartOf":{"@id":"https:\/\/milanta.net\/es\/#website"},"primaryImageOfPage":{"@id":"https:\/\/milanta.net\/es\/producte\/anelles-acer-inoxidable-amb-corda-per-penjar-se\/#primaryimage"},"image":{"@id":"https:\/\/milanta.net\/es\/producte\/anelles-acer-inoxidable-amb-corda-per-penjar-se\/#primaryimage"},"thumbnailUrl":"https:\/\/milanta.net\/wp-content\/uploads\/2020\/01\/1788-ANELLES-ACER-INOXIDABLE-AMB-CORDA-PER-PENJAR-SE.jpg","datePublished":"2020-01-16T09:54:59+00:00","dateModified":"2023-10-18T10:18:08+00:00","breadcrumb":{"@id":"https:\/\/milanta.net\/es\/producte\/anelles-acer-inoxidable-amb-corda-per-penjar-se\/#breadcrumb"},"inLanguage":"es","potentialAction":[{"@type":"ReadAction","target":["https:\/\/milanta.net\/es\/producte\/anelles-acer-inoxidable-amb-corda-per-penjar-se\/"]}]},{"@type":"ImageObject","inLanguage":"es","@id":"https:\/\/milanta.net\/es\/producte\/anelles-acer-inoxidable-amb-corda-per-penjar-se\/#primaryimage","url":"https:\/\/milanta.net\/wp-content\/uploads\/2020\/01\/1788-ANELLES-ACER-INOXIDABLE-AMB-CORDA-PER-PENJAR-SE.jpg","contentUrl":"https:\/\/milanta.net\/wp-content\/uploads\/2020\/01\/1788-ANELLES-ACER-INOXIDABLE-AMB-CORDA-PER-PENJAR-SE.jpg","width":640,"height":640,"caption":"ANELLES ACER INOXIDABLE AMB CORDA PER PENJAR-SE"},{"@type":"BreadcrumbList","@id":"https:\/\/milanta.net\/es\/producte\/anelles-acer-inoxidable-amb-corda-per-penjar-se\/#breadcrumb","itemListElement":[{"@type":"ListItem","position":1,"name":"Portada","item":"https:\/\/milanta.net\/es\/"},{"@type":"ListItem","position":2,"name":"Cat\u00e1logo","item":"https:\/\/milanta.net\/es\/catalogo\/"},{"@type":"ListItem","position":3,"name":"ANELLES ACER INOXIDABLE AMB CORDA PER PENJAR-SE"}]},{"@type":"WebSite","@id":"https:\/\/milanta.net\/es\/#website","url":"https:\/\/milanta.net\/es\/","name":"Milanta Patis Vius","description":"ESPACIOS NATURALES Y CREATIVOS PARA LA EDUCACI\u00d3N","publisher":{"@id":"https:\/\/milanta.net\/es\/#organization"},"alternateName":"Milanta - Patis Vius","potentialAction":[{"@type":"SearchAction","target":{"@type":"EntryPoint","urlTemplate":"https:\/\/milanta.net\/es\/?s={search_term_string}"},"query-input":{"@type":"PropertyValueSpecification","valueRequired":true,"valueName":"search_term_string"}}],"inLanguage":"es"},{"@type":"Organization","@id":"https:\/\/milanta.net\/es\/#organization","name":"Milanta","url":"https:\/\/milanta.net\/es\/","logo":{"@type":"ImageObject","inLanguage":"es","@id":"https:\/\/milanta.net\/es\/#\/schema\/logo\/image\/","url":"https:\/\/milanta.net\/wp-content\/uploads\/2023\/04\/Logo-Milanta-color.svg","contentUrl":"https:\/\/milanta.net\/wp-content\/uploads\/2023\/04\/Logo-Milanta-color.svg","width":786,"height":486,"caption":"Milanta"},"image":{"@id":"https:\/\/milanta.net\/es\/#\/schema\/logo\/image\/"},"sameAs":["https:\/\/www.facebook.com\/MilantaCraft\/","https:\/\/www.instagram.com\/milanta_patis\/"]}]}},"_links":{"self":[{"href":"https:\/\/milanta.net\/es\/wp-json\/wp\/v2\/product\/3488","targetHints":{"allow":["GET"]}}],"collection":[{"href":"https:\/\/milanta.net\/es\/wp-json\/wp\/v2\/product"}],"about":[{"href":"https:\/\/milanta.net\/es\/wp-json\/wp\/v2\/types\/product"}],"version-history":[{"count":0,"href":"https:\/\/milanta.net\/es\/wp-json\/wp\/v2\/product\/3488\/revisions"}],"wp:featuredmedia":[{"embeddable":true,"href":"https:\/\/milanta.net\/es\/wp-json\/wp\/v2\/media\/3484"}],"wp:attachment":[{"href":"https:\/\/milanta.net\/es\/wp-json\/wp\/v2\/media?parent=3488"}],"wp:term":[{"taxonomy":"product_brand","embeddable":true,"href":"https:\/\/milanta.net\/es\/wp-json\/wp\/v2\/product_brand?post=3488"},{"taxonomy":"product_cat","embeddable":true,"href":"https:\/\/milanta.net\/es\/wp-json\/wp\/v2\/product_cat?post=3488"},{"taxonomy":"product_tag","embeddable":true,"href":"https:\/\/milanta.net\/es\/wp-json\/wp\/v2\/product_tag?post=3488"},{"taxonomy":"ubicacion-del-mobiliario","embeddable":true,"href":"https:\/\/milanta.net\/es\/wp-json\/wp\/v2\/ubicacion-del-mobiliario?post=3488"}],"curies":[{"name":"wp","href":"https:\/\/api.w.org\/{rel}","templated":true}]}}