{"id":3503,"date":"2020-01-22T03:52:31","date_gmt":"2020-01-22T03:52:31","guid":{"rendered":"https:\/\/milanta.net\/producto\/estructura-de-troncs-amb-cordes-d-equilibri\/"},"modified":"2025-04-22T14:17:35","modified_gmt":"2025-04-22T12:17:35","slug":"estructura-de-troncs-amb-cordes-d-equilibri","status":"publish","type":"product","link":"https:\/\/milanta.net\/es\/producte\/estructura-de-troncs-amb-cordes-d-equilibri\/","title":{"rendered":"Circuit de troncs &#8211; Amb cordes d&#8217;equilibri"},"content":{"rendered":"<p>Aquest circuit de 6 troncs amb cordes d&#8217;equilibri \u00e9s ideal per patis d&#8217;escola prim\u00e0ria. Els troncs s\u00f3n d&#8217;ac\u00e0cia i van pelats, polits i amb tractament d&#8217;oli.<\/p>\n<p>Aquesta estructura \u00e9s un repte natural que convida al moviment conscient i al joc lliure.<\/p>\n<p>Treballa l\u2019equilibri, la coordinaci\u00f3 i la percepci\u00f3 del propi cos en l\u2019espai, afavorint el desenvolupament psicomotor en un entorn natural i estimulant. Cada tronc \u00e9s diferent, com cada infant: la irregularitat del material viu promou l\u2019atenci\u00f3, la concentraci\u00f3 i l\u2019autoconfian\u00e7a. \u00c9s un element obert, que s\u2019adapta a m\u00faltiples usos i convida al joc cooperatiu, a l\u2019aventura i a la imaginaci\u00f3.<\/p>\n<p>Tenim diverses mides i models d&#8217;aquests circuits. Podeu veure&#8217;ls tots al nostre cat\u00e0leg d&#8217;estructures i materials per patis escolars. Si no us n&#8217;encaixa cap, tamb\u00e9 podem fer-los a mida. Demaneu-nos-en pressupost sense comprom\u00eds.<\/p>\n<p>&#8212;&#8212;<br \/>\nProposem el repte de les capacitats motrius i d&#8217;equilibri per a infants.<\/p>\n<p>Indicat per a espais infantils i patis de prim\u00e0ria amb s\u00f2l de terra o saul\u00f3.<\/p>\n<p>Els troncs d&#8217;ac\u00e0cia van pelats, polits i amb tractament d&#8217;oli.<\/p>\n<p>Es recomana l&#8217;\u00fas individual.<\/p>\n<p>Cal comptar amb un metre i mig lliure a tot el voltant de terra no pavimentat.<\/p>\n<p>Podem fer a MIDA.<\/p>\n<p>&#8220;Mai hi ha dos troncs id\u00e8ntics, la fusta \u00e9s un material que s&#8217;altera amb el temps,\u00a0 les seves formes s\u00f3n irregulars i els muntatges mai queden igual que a les fotos. Les esquerdes a la fusta formen part de la natura viva del material, si s\u00f3n de menys de 8mm no us heu de preocupar. Aplicar anualment un nutrient com l&#8217;oli de llinosa ajuda a mantenir la fusta en bones condicions durant molts anys. Truqueu-nos si teniu algun dubte o necessiteu ajuda pel manteniment&#8221;<\/p>\n","protected":false},"excerpt":{"rendered":"<p>Estructura de troncs vertical amb cordes per a treballar la psicomotricitat.<\/p>\n","protected":false},"featured_media":3497,"template":"","meta":[],"product_brand":[],"product_cat":[837,117],"product_tag":[],"ubicacion-del-mobiliario":[821],"class_list":{"0":"post-3503","1":"product","2":"type-product","3":"status-publish","4":"has-post-thumbnail","6":"product_cat-circuits-de-troncs","7":"product_cat-exterior-pati-i-jardi","8":"ubicacion-del-mobiliario-exterior","10":"first","11":"instock","12":"taxable","13":"shipping-taxable","14":"purchasable","15":"product-type-simple"},"yoast_head":"<!-- This site is optimized with the Yoast SEO Premium plugin v21.6 (Yoast SEO v27.2) - https:\/\/yoast.com\/product\/yoast-seo-premium-wordpress\/ -->\n<title>Circuit de troncs - Amb cordes d&#039;equilibri - Milanta<\/title>\n<meta name=\"description\" content=\"Aquesta estructura de troncs \u00e9s un repte natural que convida al moviment conscient i al joc lliure ideal per patis de prim\u00e0ria.\" \/>\n<meta name=\"robots\" content=\"index, follow, max-snippet:-1, max-image-preview:large, max-video-preview:-1\" \/>\n<link rel=\"canonical\" href=\"https:\/\/milanta.net\/es\/producte\/estructura-de-troncs-amb-cordes-d-equilibri\/\" \/>\n<meta property=\"og:locale\" content=\"es_ES\" \/>\n<meta property=\"og:type\" content=\"article\" \/>\n<meta property=\"og:title\" content=\"Circuit de troncs - Amb cordes d&#039;equilibri\" \/>\n<meta property=\"og:description\" content=\"Aquesta estructura de troncs \u00e9s un repte natural que convida al moviment conscient i al joc lliure ideal per patis de prim\u00e0ria.\" \/>\n<meta property=\"og:url\" content=\"https:\/\/milanta.net\/es\/producte\/estructura-de-troncs-amb-cordes-d-equilibri\/\" \/>\n<meta property=\"og:site_name\" content=\"Milanta\" \/>\n<meta property=\"article:publisher\" content=\"https:\/\/www.facebook.com\/MilantaCraft\/\" \/>\n<meta property=\"article:modified_time\" content=\"2025-04-22T12:17:35+00:00\" \/>\n<meta property=\"og:image\" content=\"https:\/\/milanta.net\/wp-content\/uploads\/2020\/01\/1796-ESTRUCTURA-DE-TRONCS-AMB-CORDES-DEQUILIBRI-scaled.jpg\" \/>\n\t<meta property=\"og:image:width\" content=\"2560\" \/>\n\t<meta property=\"og:image:height\" content=\"1920\" \/>\n\t<meta property=\"og:image:type\" content=\"image\/jpeg\" \/>\n<meta name=\"twitter:card\" content=\"summary_large_image\" \/>\n<meta name=\"twitter:label1\" content=\"Tiempo de lectura\" \/>\n\t<meta name=\"twitter:data1\" content=\"2 minutos\" \/>\n<script type=\"application\/ld+json\" class=\"yoast-schema-graph\">{\"@context\":\"https:\/\/schema.org\",\"@graph\":[{\"@type\":\"WebPage\",\"@id\":\"https:\/\/milanta.net\/es\/producte\/estructura-de-troncs-amb-cordes-d-equilibri\/\",\"url\":\"https:\/\/milanta.net\/es\/producte\/estructura-de-troncs-amb-cordes-d-equilibri\/\",\"name\":\"Circuit de troncs - Amb cordes d'equilibri - Milanta\",\"isPartOf\":{\"@id\":\"https:\/\/milanta.net\/es\/#website\"},\"primaryImageOfPage\":{\"@id\":\"https:\/\/milanta.net\/es\/producte\/estructura-de-troncs-amb-cordes-d-equilibri\/#primaryimage\"},\"image\":{\"@id\":\"https:\/\/milanta.net\/es\/producte\/estructura-de-troncs-amb-cordes-d-equilibri\/#primaryimage\"},\"thumbnailUrl\":\"https:\/\/milanta.net\/wp-content\/uploads\/2020\/01\/1796-ESTRUCTURA-DE-TRONCS-AMB-CORDES-DEQUILIBRI-scaled.jpg\",\"datePublished\":\"2020-01-22T03:52:31+00:00\",\"dateModified\":\"2025-04-22T12:17:35+00:00\",\"description\":\"Aquesta estructura de troncs \u00e9s un repte natural que convida al moviment conscient i al joc lliure ideal per patis de prim\u00e0ria.\",\"breadcrumb\":{\"@id\":\"https:\/\/milanta.net\/es\/producte\/estructura-de-troncs-amb-cordes-d-equilibri\/#breadcrumb\"},\"inLanguage\":\"es\",\"potentialAction\":[{\"@type\":\"ReadAction\",\"target\":[\"https:\/\/milanta.net\/es\/producte\/estructura-de-troncs-amb-cordes-d-equilibri\/\"]}]},{\"@type\":\"ImageObject\",\"inLanguage\":\"es\",\"@id\":\"https:\/\/milanta.net\/es\/producte\/estructura-de-troncs-amb-cordes-d-equilibri\/#primaryimage\",\"url\":\"https:\/\/milanta.net\/wp-content\/uploads\/2020\/01\/1796-ESTRUCTURA-DE-TRONCS-AMB-CORDES-DEQUILIBRI-scaled.jpg\",\"contentUrl\":\"https:\/\/milanta.net\/wp-content\/uploads\/2020\/01\/1796-ESTRUCTURA-DE-TRONCS-AMB-CORDES-DEQUILIBRI-scaled.jpg\",\"width\":2560,\"height\":1920,\"caption\":\"ESTRUCTURA DE TRONCS AMB CORDES D'EQUILIBRI\"},{\"@type\":\"BreadcrumbList\",\"@id\":\"https:\/\/milanta.net\/es\/producte\/estructura-de-troncs-amb-cordes-d-equilibri\/#breadcrumb\",\"itemListElement\":[{\"@type\":\"ListItem\",\"position\":1,\"name\":\"Portada\",\"item\":\"https:\/\/milanta.net\/es\/\"},{\"@type\":\"ListItem\",\"position\":2,\"name\":\"Cat\u00e1logo\",\"item\":\"https:\/\/milanta.net\/es\/catalogo\/\"},{\"@type\":\"ListItem\",\"position\":3,\"name\":\"Circuit de troncs &#8211; Amb cordes d&#8217;equilibri\"}]},{\"@type\":\"WebSite\",\"@id\":\"https:\/\/milanta.net\/es\/#website\",\"url\":\"https:\/\/milanta.net\/es\/\",\"name\":\"Milanta Patis Vius\",\"description\":\"ESPACIOS NATURALES Y CREATIVOS PARA LA EDUCACI\u00d3N\",\"publisher\":{\"@id\":\"https:\/\/milanta.net\/es\/#organization\"},\"alternateName\":\"Milanta - Patis Vius\",\"potentialAction\":[{\"@type\":\"SearchAction\",\"target\":{\"@type\":\"EntryPoint\",\"urlTemplate\":\"https:\/\/milanta.net\/es\/?s={search_term_string}\"},\"query-input\":{\"@type\":\"PropertyValueSpecification\",\"valueRequired\":true,\"valueName\":\"search_term_string\"}}],\"inLanguage\":\"es\"},{\"@type\":\"Organization\",\"@id\":\"https:\/\/milanta.net\/es\/#organization\",\"name\":\"Milanta\",\"url\":\"https:\/\/milanta.net\/es\/\",\"logo\":{\"@type\":\"ImageObject\",\"inLanguage\":\"es\",\"@id\":\"https:\/\/milanta.net\/es\/#\/schema\/logo\/image\/\",\"url\":\"https:\/\/milanta.net\/wp-content\/uploads\/2023\/04\/Logo-Milanta-color.svg\",\"contentUrl\":\"https:\/\/milanta.net\/wp-content\/uploads\/2023\/04\/Logo-Milanta-color.svg\",\"width\":786,\"height\":486,\"caption\":\"Milanta\"},\"image\":{\"@id\":\"https:\/\/milanta.net\/es\/#\/schema\/logo\/image\/\"},\"sameAs\":[\"https:\/\/www.facebook.com\/MilantaCraft\/\",\"https:\/\/www.instagram.com\/milanta_patis\/\"]}]}<\/script>\n<!-- \/ Yoast SEO Premium plugin. -->","yoast_head_json":{"title":"Circuit de troncs - Amb cordes d'equilibri - Milanta","description":"Aquesta estructura de troncs \u00e9s un repte natural que convida al moviment conscient i al joc lliure ideal per patis de prim\u00e0ria.","robots":{"index":"index","follow":"follow","max-snippet":"max-snippet:-1","max-image-preview":"max-image-preview:large","max-video-preview":"max-video-preview:-1"},"canonical":"https:\/\/milanta.net\/es\/producte\/estructura-de-troncs-amb-cordes-d-equilibri\/","og_locale":"es_ES","og_type":"article","og_title":"Circuit de troncs - Amb cordes d'equilibri","og_description":"Aquesta estructura de troncs \u00e9s un repte natural que convida al moviment conscient i al joc lliure ideal per patis de prim\u00e0ria.","og_url":"https:\/\/milanta.net\/es\/producte\/estructura-de-troncs-amb-cordes-d-equilibri\/","og_site_name":"Milanta","article_publisher":"https:\/\/www.facebook.com\/MilantaCraft\/","article_modified_time":"2025-04-22T12:17:35+00:00","og_image":[{"width":2560,"height":1920,"url":"https:\/\/milanta.net\/wp-content\/uploads\/2020\/01\/1796-ESTRUCTURA-DE-TRONCS-AMB-CORDES-DEQUILIBRI-scaled.jpg","type":"image\/jpeg"}],"twitter_card":"summary_large_image","twitter_misc":{"Tiempo de lectura":"2 minutos"},"schema":{"@context":"https:\/\/schema.org","@graph":[{"@type":"WebPage","@id":"https:\/\/milanta.net\/es\/producte\/estructura-de-troncs-amb-cordes-d-equilibri\/","url":"https:\/\/milanta.net\/es\/producte\/estructura-de-troncs-amb-cordes-d-equilibri\/","name":"Circuit de troncs - Amb cordes d'equilibri - Milanta","isPartOf":{"@id":"https:\/\/milanta.net\/es\/#website"},"primaryImageOfPage":{"@id":"https:\/\/milanta.net\/es\/producte\/estructura-de-troncs-amb-cordes-d-equilibri\/#primaryimage"},"image":{"@id":"https:\/\/milanta.net\/es\/producte\/estructura-de-troncs-amb-cordes-d-equilibri\/#primaryimage"},"thumbnailUrl":"https:\/\/milanta.net\/wp-content\/uploads\/2020\/01\/1796-ESTRUCTURA-DE-TRONCS-AMB-CORDES-DEQUILIBRI-scaled.jpg","datePublished":"2020-01-22T03:52:31+00:00","dateModified":"2025-04-22T12:17:35+00:00","description":"Aquesta estructura de troncs \u00e9s un repte natural que convida al moviment conscient i al joc lliure ideal per patis de prim\u00e0ria.","breadcrumb":{"@id":"https:\/\/milanta.net\/es\/producte\/estructura-de-troncs-amb-cordes-d-equilibri\/#breadcrumb"},"inLanguage":"es","potentialAction":[{"@type":"ReadAction","target":["https:\/\/milanta.net\/es\/producte\/estructura-de-troncs-amb-cordes-d-equilibri\/"]}]},{"@type":"ImageObject","inLanguage":"es","@id":"https:\/\/milanta.net\/es\/producte\/estructura-de-troncs-amb-cordes-d-equilibri\/#primaryimage","url":"https:\/\/milanta.net\/wp-content\/uploads\/2020\/01\/1796-ESTRUCTURA-DE-TRONCS-AMB-CORDES-DEQUILIBRI-scaled.jpg","contentUrl":"https:\/\/milanta.net\/wp-content\/uploads\/2020\/01\/1796-ESTRUCTURA-DE-TRONCS-AMB-CORDES-DEQUILIBRI-scaled.jpg","width":2560,"height":1920,"caption":"ESTRUCTURA DE TRONCS AMB CORDES D'EQUILIBRI"},{"@type":"BreadcrumbList","@id":"https:\/\/milanta.net\/es\/producte\/estructura-de-troncs-amb-cordes-d-equilibri\/#breadcrumb","itemListElement":[{"@type":"ListItem","position":1,"name":"Portada","item":"https:\/\/milanta.net\/es\/"},{"@type":"ListItem","position":2,"name":"Cat\u00e1logo","item":"https:\/\/milanta.net\/es\/catalogo\/"},{"@type":"ListItem","position":3,"name":"Circuit de troncs &#8211; Amb cordes d&#8217;equilibri"}]},{"@type":"WebSite","@id":"https:\/\/milanta.net\/es\/#website","url":"https:\/\/milanta.net\/es\/","name":"Milanta Patis Vius","description":"ESPACIOS NATURALES Y CREATIVOS PARA LA EDUCACI\u00d3N","publisher":{"@id":"https:\/\/milanta.net\/es\/#organization"},"alternateName":"Milanta - Patis Vius","potentialAction":[{"@type":"SearchAction","target":{"@type":"EntryPoint","urlTemplate":"https:\/\/milanta.net\/es\/?s={search_term_string}"},"query-input":{"@type":"PropertyValueSpecification","valueRequired":true,"valueName":"search_term_string"}}],"inLanguage":"es"},{"@type":"Organization","@id":"https:\/\/milanta.net\/es\/#organization","name":"Milanta","url":"https:\/\/milanta.net\/es\/","logo":{"@type":"ImageObject","inLanguage":"es","@id":"https:\/\/milanta.net\/es\/#\/schema\/logo\/image\/","url":"https:\/\/milanta.net\/wp-content\/uploads\/2023\/04\/Logo-Milanta-color.svg","contentUrl":"https:\/\/milanta.net\/wp-content\/uploads\/2023\/04\/Logo-Milanta-color.svg","width":786,"height":486,"caption":"Milanta"},"image":{"@id":"https:\/\/milanta.net\/es\/#\/schema\/logo\/image\/"},"sameAs":["https:\/\/www.facebook.com\/MilantaCraft\/","https:\/\/www.instagram.com\/milanta_patis\/"]}]}},"_links":{"self":[{"href":"https:\/\/milanta.net\/es\/wp-json\/wp\/v2\/product\/3503","targetHints":{"allow":["GET"]}}],"collection":[{"href":"https:\/\/milanta.net\/es\/wp-json\/wp\/v2\/product"}],"about":[{"href":"https:\/\/milanta.net\/es\/wp-json\/wp\/v2\/types\/product"}],"version-history":[{"count":0,"href":"https:\/\/milanta.net\/es\/wp-json\/wp\/v2\/product\/3503\/revisions"}],"wp:featuredmedia":[{"embeddable":true,"href":"https:\/\/milanta.net\/es\/wp-json\/wp\/v2\/media\/3497"}],"wp:attachment":[{"href":"https:\/\/milanta.net\/es\/wp-json\/wp\/v2\/media?parent=3503"}],"wp:term":[{"taxonomy":"product_brand","embeddable":true,"href":"https:\/\/milanta.net\/es\/wp-json\/wp\/v2\/product_brand?post=3503"},{"taxonomy":"product_cat","embeddable":true,"href":"https:\/\/milanta.net\/es\/wp-json\/wp\/v2\/product_cat?post=3503"},{"taxonomy":"product_tag","embeddable":true,"href":"https:\/\/milanta.net\/es\/wp-json\/wp\/v2\/product_tag?post=3503"},{"taxonomy":"ubicacion-del-mobiliario","embeddable":true,"href":"https:\/\/milanta.net\/es\/wp-json\/wp\/v2\/ubicacion-del-mobiliario?post=3503"}],"curies":[{"name":"wp","href":"https:\/\/api.w.org\/{rel}","templated":true}]}}