{"id":3529,"date":"2020-05-08T04:03:09","date_gmt":"2020-05-08T04:03:09","guid":{"rendered":"https:\/\/milanta.net\/producto\/tres-arbres-grans-perimetre-contorn-1820-varis-tipus\/"},"modified":"2023-10-05T10:42:32","modified_gmt":"2023-10-05T10:42:32","slug":"tres-arbres-grans-perimetre-contorn-1820-varis-tipus","status":"publish","type":"product","link":"https:\/\/milanta.net\/es\/producte\/tres-arbres-grans-perimetre-contorn-1820-varis-tipus\/","title":{"rendered":"TRES ARBRES GRANS PERIMETRE CONTORN 18\/20  VARIS TIPUS"},"content":{"rendered":"<p>Preu per a tres unitats m\u00ednimes.\u00a0<\/p>\n<p>Si no entra la m\u00e0quina per fer el forat, haurem d&#8217;estudiar com ho fem.<\/p>\n<p>Si en voleu m\u00e9s de tres, us podem fer un pressupost m\u00e9s barat per unitat.<\/p>\n","protected":false},"excerpt":{"rendered":"<p>Venda i plantaci\u00f3 de tres arbres, us podem assessorar alhora d&#8217;escollir les esp\u00e8cies que volgueu segons la regi\u00f3 i el s\u00f3l on us trobeu.<\/p>\n","protected":false},"featured_media":3525,"template":"","meta":[],"product_brand":[],"product_cat":[746],"product_tag":[],"ubicacion-del-mobiliario":[],"class_list":{"0":"post-3529","1":"product","2":"type-product","3":"status-publish","4":"has-post-thumbnail","6":"product_cat-horts-i-jardineres","8":"first","9":"instock","10":"taxable","11":"shipping-taxable","12":"purchasable","13":"product-type-simple"},"yoast_head":"<!-- This site is optimized with the Yoast SEO Premium plugin v21.6 (Yoast SEO v27.3) - https:\/\/yoast.com\/product\/yoast-seo-premium-wordpress\/ -->\n<title>TRES ARBRES GRANS PERIMETRE CONTORN 18\/20 VARIS TIPUS - Milanta<\/title>\n<meta name=\"robots\" content=\"index, follow, max-snippet:-1, max-image-preview:large, max-video-preview:-1\" \/>\n<link rel=\"canonical\" href=\"https:\/\/milanta.net\/es\/producte\/tres-arbres-grans-perimetre-contorn-1820-varis-tipus\/\" \/>\n<meta property=\"og:locale\" content=\"es_ES\" \/>\n<meta property=\"og:type\" content=\"article\" \/>\n<meta property=\"og:title\" content=\"TRES ARBRES GRANS PERIMETRE CONTORN 18\/20 VARIS TIPUS\" \/>\n<meta property=\"og:description\" content=\"Venda i plantaci\u00f3 de tres arbres, us podem assessorar alhora d&#039;escollir les esp\u00e8cies que volgueu segons la regi\u00f3 i el s\u00f3l on us trobeu.\" \/>\n<meta property=\"og:url\" content=\"https:\/\/milanta.net\/es\/producte\/tres-arbres-grans-perimetre-contorn-1820-varis-tipus\/\" \/>\n<meta property=\"og:site_name\" content=\"Milanta\" \/>\n<meta property=\"article:publisher\" content=\"https:\/\/www.facebook.com\/MilantaCraft\/\" \/>\n<meta property=\"article:modified_time\" content=\"2023-10-05T10:42:32+00:00\" \/>\n<meta property=\"og:image\" content=\"https:\/\/milanta.net\/wp-content\/uploads\/2020\/05\/1839-TRES-ARBRES-GRANS-PERIMETRE-CONTORN-1820-VARIS-TIPUS.jpg\" \/>\n\t<meta property=\"og:image:width\" content=\"908\" \/>\n\t<meta property=\"og:image:height\" content=\"1086\" \/>\n\t<meta property=\"og:image:type\" content=\"image\/jpeg\" \/>\n<meta name=\"twitter:card\" content=\"summary_large_image\" \/>\n<script type=\"application\/ld+json\" class=\"yoast-schema-graph\">{\"@context\":\"https:\\\/\\\/schema.org\",\"@graph\":[{\"@type\":\"WebPage\",\"@id\":\"https:\\\/\\\/milanta.net\\\/es\\\/producte\\\/tres-arbres-grans-perimetre-contorn-1820-varis-tipus\\\/\",\"url\":\"https:\\\/\\\/milanta.net\\\/es\\\/producte\\\/tres-arbres-grans-perimetre-contorn-1820-varis-tipus\\\/\",\"name\":\"TRES ARBRES GRANS PERIMETRE CONTORN 18\\\/20 VARIS TIPUS - Milanta\",\"isPartOf\":{\"@id\":\"https:\\\/\\\/milanta.net\\\/es\\\/#website\"},\"primaryImageOfPage\":{\"@id\":\"https:\\\/\\\/milanta.net\\\/es\\\/producte\\\/tres-arbres-grans-perimetre-contorn-1820-varis-tipus\\\/#primaryimage\"},\"image\":{\"@id\":\"https:\\\/\\\/milanta.net\\\/es\\\/producte\\\/tres-arbres-grans-perimetre-contorn-1820-varis-tipus\\\/#primaryimage\"},\"thumbnailUrl\":\"https:\\\/\\\/milanta.net\\\/wp-content\\\/uploads\\\/2020\\\/05\\\/1839-TRES-ARBRES-GRANS-PERIMETRE-CONTORN-1820-VARIS-TIPUS.jpg\",\"datePublished\":\"2020-05-08T04:03:09+00:00\",\"dateModified\":\"2023-10-05T10:42:32+00:00\",\"breadcrumb\":{\"@id\":\"https:\\\/\\\/milanta.net\\\/es\\\/producte\\\/tres-arbres-grans-perimetre-contorn-1820-varis-tipus\\\/#breadcrumb\"},\"inLanguage\":\"es\",\"potentialAction\":[{\"@type\":\"ReadAction\",\"target\":[\"https:\\\/\\\/milanta.net\\\/es\\\/producte\\\/tres-arbres-grans-perimetre-contorn-1820-varis-tipus\\\/\"]}]},{\"@type\":\"ImageObject\",\"inLanguage\":\"es\",\"@id\":\"https:\\\/\\\/milanta.net\\\/es\\\/producte\\\/tres-arbres-grans-perimetre-contorn-1820-varis-tipus\\\/#primaryimage\",\"url\":\"https:\\\/\\\/milanta.net\\\/wp-content\\\/uploads\\\/2020\\\/05\\\/1839-TRES-ARBRES-GRANS-PERIMETRE-CONTORN-1820-VARIS-TIPUS.jpg\",\"contentUrl\":\"https:\\\/\\\/milanta.net\\\/wp-content\\\/uploads\\\/2020\\\/05\\\/1839-TRES-ARBRES-GRANS-PERIMETRE-CONTORN-1820-VARIS-TIPUS.jpg\",\"width\":908,\"height\":1086,\"caption\":\"TRES ARBRES GRANS PERIMETRE CONTORN 18\\\/20 VARIS TIPUS\"},{\"@type\":\"BreadcrumbList\",\"@id\":\"https:\\\/\\\/milanta.net\\\/es\\\/producte\\\/tres-arbres-grans-perimetre-contorn-1820-varis-tipus\\\/#breadcrumb\",\"itemListElement\":[{\"@type\":\"ListItem\",\"position\":1,\"name\":\"Portada\",\"item\":\"https:\\\/\\\/milanta.net\\\/es\\\/\"},{\"@type\":\"ListItem\",\"position\":2,\"name\":\"Cat\u00e1logo\",\"item\":\"https:\\\/\\\/milanta.net\\\/es\\\/catalogo\\\/\"},{\"@type\":\"ListItem\",\"position\":3,\"name\":\"TRES ARBRES GRANS PERIMETRE CONTORN 18\\\/20 VARIS TIPUS\"}]},{\"@type\":\"WebSite\",\"@id\":\"https:\\\/\\\/milanta.net\\\/es\\\/#website\",\"url\":\"https:\\\/\\\/milanta.net\\\/es\\\/\",\"name\":\"Milanta Patis Vius\",\"description\":\"ESPACIOS NATURALES Y CREATIVOS PARA LA EDUCACI\u00d3N\",\"publisher\":{\"@id\":\"https:\\\/\\\/milanta.net\\\/es\\\/#organization\"},\"alternateName\":\"Milanta - Patis Vius\",\"potentialAction\":[{\"@type\":\"SearchAction\",\"target\":{\"@type\":\"EntryPoint\",\"urlTemplate\":\"https:\\\/\\\/milanta.net\\\/es\\\/?s={search_term_string}\"},\"query-input\":{\"@type\":\"PropertyValueSpecification\",\"valueRequired\":true,\"valueName\":\"search_term_string\"}}],\"inLanguage\":\"es\"},{\"@type\":\"Organization\",\"@id\":\"https:\\\/\\\/milanta.net\\\/es\\\/#organization\",\"name\":\"Milanta\",\"url\":\"https:\\\/\\\/milanta.net\\\/es\\\/\",\"logo\":{\"@type\":\"ImageObject\",\"inLanguage\":\"es\",\"@id\":\"https:\\\/\\\/milanta.net\\\/es\\\/#\\\/schema\\\/logo\\\/image\\\/\",\"url\":\"https:\\\/\\\/milanta.net\\\/wp-content\\\/uploads\\\/2023\\\/04\\\/Logo-Milanta-color.svg\",\"contentUrl\":\"https:\\\/\\\/milanta.net\\\/wp-content\\\/uploads\\\/2023\\\/04\\\/Logo-Milanta-color.svg\",\"width\":786,\"height\":486,\"caption\":\"Milanta\"},\"image\":{\"@id\":\"https:\\\/\\\/milanta.net\\\/es\\\/#\\\/schema\\\/logo\\\/image\\\/\"},\"sameAs\":[\"https:\\\/\\\/www.facebook.com\\\/MilantaCraft\\\/\",\"https:\\\/\\\/www.instagram.com\\\/milanta_patis\\\/\"]}]}<\/script>\n<!-- \/ Yoast SEO Premium plugin. -->","yoast_head_json":{"title":"TRES ARBRES GRANS PERIMETRE CONTORN 18\/20 VARIS TIPUS - Milanta","robots":{"index":"index","follow":"follow","max-snippet":"max-snippet:-1","max-image-preview":"max-image-preview:large","max-video-preview":"max-video-preview:-1"},"canonical":"https:\/\/milanta.net\/es\/producte\/tres-arbres-grans-perimetre-contorn-1820-varis-tipus\/","og_locale":"es_ES","og_type":"article","og_title":"TRES ARBRES GRANS PERIMETRE CONTORN 18\/20 VARIS TIPUS","og_description":"Venda i plantaci\u00f3 de tres arbres, us podem assessorar alhora d'escollir les esp\u00e8cies que volgueu segons la regi\u00f3 i el s\u00f3l on us trobeu.","og_url":"https:\/\/milanta.net\/es\/producte\/tres-arbres-grans-perimetre-contorn-1820-varis-tipus\/","og_site_name":"Milanta","article_publisher":"https:\/\/www.facebook.com\/MilantaCraft\/","article_modified_time":"2023-10-05T10:42:32+00:00","og_image":[{"width":908,"height":1086,"url":"https:\/\/milanta.net\/wp-content\/uploads\/2020\/05\/1839-TRES-ARBRES-GRANS-PERIMETRE-CONTORN-1820-VARIS-TIPUS.jpg","type":"image\/jpeg"}],"twitter_card":"summary_large_image","schema":{"@context":"https:\/\/schema.org","@graph":[{"@type":"WebPage","@id":"https:\/\/milanta.net\/es\/producte\/tres-arbres-grans-perimetre-contorn-1820-varis-tipus\/","url":"https:\/\/milanta.net\/es\/producte\/tres-arbres-grans-perimetre-contorn-1820-varis-tipus\/","name":"TRES ARBRES GRANS PERIMETRE CONTORN 18\/20 VARIS TIPUS - Milanta","isPartOf":{"@id":"https:\/\/milanta.net\/es\/#website"},"primaryImageOfPage":{"@id":"https:\/\/milanta.net\/es\/producte\/tres-arbres-grans-perimetre-contorn-1820-varis-tipus\/#primaryimage"},"image":{"@id":"https:\/\/milanta.net\/es\/producte\/tres-arbres-grans-perimetre-contorn-1820-varis-tipus\/#primaryimage"},"thumbnailUrl":"https:\/\/milanta.net\/wp-content\/uploads\/2020\/05\/1839-TRES-ARBRES-GRANS-PERIMETRE-CONTORN-1820-VARIS-TIPUS.jpg","datePublished":"2020-05-08T04:03:09+00:00","dateModified":"2023-10-05T10:42:32+00:00","breadcrumb":{"@id":"https:\/\/milanta.net\/es\/producte\/tres-arbres-grans-perimetre-contorn-1820-varis-tipus\/#breadcrumb"},"inLanguage":"es","potentialAction":[{"@type":"ReadAction","target":["https:\/\/milanta.net\/es\/producte\/tres-arbres-grans-perimetre-contorn-1820-varis-tipus\/"]}]},{"@type":"ImageObject","inLanguage":"es","@id":"https:\/\/milanta.net\/es\/producte\/tres-arbres-grans-perimetre-contorn-1820-varis-tipus\/#primaryimage","url":"https:\/\/milanta.net\/wp-content\/uploads\/2020\/05\/1839-TRES-ARBRES-GRANS-PERIMETRE-CONTORN-1820-VARIS-TIPUS.jpg","contentUrl":"https:\/\/milanta.net\/wp-content\/uploads\/2020\/05\/1839-TRES-ARBRES-GRANS-PERIMETRE-CONTORN-1820-VARIS-TIPUS.jpg","width":908,"height":1086,"caption":"TRES ARBRES GRANS PERIMETRE CONTORN 18\/20 VARIS TIPUS"},{"@type":"BreadcrumbList","@id":"https:\/\/milanta.net\/es\/producte\/tres-arbres-grans-perimetre-contorn-1820-varis-tipus\/#breadcrumb","itemListElement":[{"@type":"ListItem","position":1,"name":"Portada","item":"https:\/\/milanta.net\/es\/"},{"@type":"ListItem","position":2,"name":"Cat\u00e1logo","item":"https:\/\/milanta.net\/es\/catalogo\/"},{"@type":"ListItem","position":3,"name":"TRES ARBRES GRANS PERIMETRE CONTORN 18\/20 VARIS TIPUS"}]},{"@type":"WebSite","@id":"https:\/\/milanta.net\/es\/#website","url":"https:\/\/milanta.net\/es\/","name":"Milanta Patis Vius","description":"ESPACIOS NATURALES Y CREATIVOS PARA LA EDUCACI\u00d3N","publisher":{"@id":"https:\/\/milanta.net\/es\/#organization"},"alternateName":"Milanta - Patis Vius","potentialAction":[{"@type":"SearchAction","target":{"@type":"EntryPoint","urlTemplate":"https:\/\/milanta.net\/es\/?s={search_term_string}"},"query-input":{"@type":"PropertyValueSpecification","valueRequired":true,"valueName":"search_term_string"}}],"inLanguage":"es"},{"@type":"Organization","@id":"https:\/\/milanta.net\/es\/#organization","name":"Milanta","url":"https:\/\/milanta.net\/es\/","logo":{"@type":"ImageObject","inLanguage":"es","@id":"https:\/\/milanta.net\/es\/#\/schema\/logo\/image\/","url":"https:\/\/milanta.net\/wp-content\/uploads\/2023\/04\/Logo-Milanta-color.svg","contentUrl":"https:\/\/milanta.net\/wp-content\/uploads\/2023\/04\/Logo-Milanta-color.svg","width":786,"height":486,"caption":"Milanta"},"image":{"@id":"https:\/\/milanta.net\/es\/#\/schema\/logo\/image\/"},"sameAs":["https:\/\/www.facebook.com\/MilantaCraft\/","https:\/\/www.instagram.com\/milanta_patis\/"]}]}},"_links":{"self":[{"href":"https:\/\/milanta.net\/es\/wp-json\/wp\/v2\/product\/3529","targetHints":{"allow":["GET"]}}],"collection":[{"href":"https:\/\/milanta.net\/es\/wp-json\/wp\/v2\/product"}],"about":[{"href":"https:\/\/milanta.net\/es\/wp-json\/wp\/v2\/types\/product"}],"version-history":[{"count":0,"href":"https:\/\/milanta.net\/es\/wp-json\/wp\/v2\/product\/3529\/revisions"}],"wp:featuredmedia":[{"embeddable":true,"href":"https:\/\/milanta.net\/es\/wp-json\/wp\/v2\/media\/3525"}],"wp:attachment":[{"href":"https:\/\/milanta.net\/es\/wp-json\/wp\/v2\/media?parent=3529"}],"wp:term":[{"taxonomy":"product_brand","embeddable":true,"href":"https:\/\/milanta.net\/es\/wp-json\/wp\/v2\/product_brand?post=3529"},{"taxonomy":"product_cat","embeddable":true,"href":"https:\/\/milanta.net\/es\/wp-json\/wp\/v2\/product_cat?post=3529"},{"taxonomy":"product_tag","embeddable":true,"href":"https:\/\/milanta.net\/es\/wp-json\/wp\/v2\/product_tag?post=3529"},{"taxonomy":"ubicacion-del-mobiliario","embeddable":true,"href":"https:\/\/milanta.net\/es\/wp-json\/wp\/v2\/ubicacion-del-mobiliario?post=3529"}],"curies":[{"name":"wp","href":"https:\/\/api.w.org\/{rel}","templated":true}]}}