{"id":3537,"date":"2020-05-08T10:16:53","date_gmt":"2020-05-08T10:16:53","guid":{"rendered":"https:\/\/milanta.net\/producto\/pont-de-fusta-amb-rampa-tub-magnum-graons-i-barana-de-corda-per-infantil\/"},"modified":"2025-09-02T12:09:23","modified_gmt":"2025-09-02T10:09:23","slug":"pont-de-fusta-amb-rampa-tub-magnum-graons-i-barana-de-corda-per-infantil","status":"publish","type":"product","link":"https:\/\/milanta.net\/es\/producte\/pont-de-fusta-amb-rampa-tub-magnum-graons-i-barana-de-corda-per-infantil\/","title":{"rendered":"Mirador amb reptes motrius &#8211; Escoles d&#8217;Infantil"},"content":{"rendered":"<p>Una estructura de joc de fusta en un pati viu \u00e9s molt m\u00e9s que un espai per jugar: \u00e9s una oportunitat per cr\u00e9ixer i transformar l\u2019experi\u00e8ncia educativa.<\/p>\n<p><strong>Aquest pont per Escoles d&#8217;Infantil es compon d&#8217;una plataforma elevada amb baranes de fusta, una rampa i unes escales de fusta que fan d&#8217;acc\u00e9s, i un tub magnum perqu\u00e8 la canalla passi per dins i s&#8217;hi pugui amagar.<\/strong><\/p>\n<p>\u00c9s un element de joc fant\u00e0stic que obre la porta a m\u00faltiples maneres de jugar, moure\u2019s i relacionar-se i convida els infants a explorar el moviment des del joc actiu, despertant la seva curiositat i imaginaci\u00f3.<\/p>\n<p>La fusta emprada est\u00e0 tractada i polida per garantir resist\u00e8ncia i durabilitat a l\u2019exterior, sense perdre la seva textura c\u00e0lida i natural. \u00c9s un material viu que connecta els infants amb la natura i afavoreix un ambient ser\u00e8 i inspirador.<\/p>\n<p>Aquest tipus d\u2019estructures s\u00f3n peces clau en la transformaci\u00f3 dels patis escolars: deixen enrere els espais r\u00edgids i homogenis per donar lloc a entorns vius, diversos i flexibles, que posen l\u2019infant al centre. Fomenten l\u2019autonomia, l\u2019equilibri, la creativitat i el joc simb\u00f2lic i motor, essencials per al desenvolupament global dels nens i nenes.<\/p>\n<p>A Milanta, dissenyem escenaris oberts d\u2019aprenentatge i creixement, on cada infant pot viure el pati com un lloc propi, ple d\u2019aventures a mida.<\/p>\n<p>&#8212;-<\/p>\n<p>El muntatge i l&#8217;ajardinat no estan inclosos en el preu. Si us interessa podeu demanar pressupost.<\/p>\n","protected":false},"excerpt":{"rendered":"<p>Estructura de fusta amb t\u00fanel i reptes motrius\u00a0 per patis d&#8217;escola infantil.<\/p>\n","protected":false},"featured_media":3534,"template":"","meta":[],"product_brand":[],"product_cat":[740],"product_tag":[],"ubicacion-del-mobiliario":[821],"class_list":{"0":"post-3537","1":"product","2":"type-product","3":"status-publish","4":"has-post-thumbnail","6":"product_cat-estructures-de-fusta-pel-pati","7":"ubicacion-del-mobiliario-exterior","9":"first","10":"instock","11":"taxable","12":"shipping-taxable","13":"purchasable","14":"product-type-simple"},"yoast_head":"<!-- This site is optimized with the Yoast SEO Premium plugin v21.6 (Yoast SEO v27.3) - https:\/\/yoast.com\/product\/yoast-seo-premium-wordpress\/ -->\n<title>Mirador amb reptes motrius - Escoles d&#039;Infantil - Milanta<\/title>\n<meta name=\"description\" content=\"Plataforma elevada amb baranes de corda, una rampa i unes escales de fusta que fan d&#039;acc\u00e9s, i un tub magnum perqu\u00e8 la canalla s&#039;hi pugui amagar.\" \/>\n<meta name=\"robots\" content=\"index, follow, max-snippet:-1, max-image-preview:large, max-video-preview:-1\" \/>\n<link rel=\"canonical\" href=\"https:\/\/milanta.net\/es\/producte\/pont-de-fusta-amb-rampa-tub-magnum-graons-i-barana-de-corda-per-infantil\/\" \/>\n<meta property=\"og:locale\" content=\"es_ES\" \/>\n<meta property=\"og:type\" content=\"article\" \/>\n<meta property=\"og:title\" content=\"Mirador amb reptes motrius - Escoles d&#039;Infantil\" \/>\n<meta property=\"og:description\" content=\"Plataforma elevada amb baranes de corda, una rampa i unes escales de fusta que fan d&#039;acc\u00e9s, i un tub magnum perqu\u00e8 la canalla s&#039;hi pugui amagar.\" \/>\n<meta property=\"og:url\" content=\"https:\/\/milanta.net\/es\/producte\/pont-de-fusta-amb-rampa-tub-magnum-graons-i-barana-de-corda-per-infantil\/\" \/>\n<meta property=\"og:site_name\" content=\"Milanta\" \/>\n<meta property=\"article:publisher\" content=\"https:\/\/www.facebook.com\/MilantaCraft\/\" \/>\n<meta property=\"article:modified_time\" content=\"2025-09-02T10:09:23+00:00\" \/>\n<meta property=\"og:image\" content=\"https:\/\/milanta.net\/wp-content\/uploads\/2020\/05\/2283-PONT-DE-FUSTA-AMB-RAMPA-TUB-MAGNUM-GRAONS-I-BARANA-DE-CORDA-PER-INFANTIL.jpg\" \/>\n\t<meta property=\"og:image:width\" content=\"980\" \/>\n\t<meta property=\"og:image:height\" content=\"842\" \/>\n\t<meta property=\"og:image:type\" content=\"image\/jpeg\" \/>\n<meta name=\"twitter:card\" content=\"summary_large_image\" \/>\n<meta name=\"twitter:label1\" content=\"Tiempo de lectura\" \/>\n\t<meta name=\"twitter:data1\" content=\"2 minutos\" \/>\n<script type=\"application\/ld+json\" class=\"yoast-schema-graph\">{\"@context\":\"https:\\\/\\\/schema.org\",\"@graph\":[{\"@type\":\"WebPage\",\"@id\":\"https:\\\/\\\/milanta.net\\\/es\\\/producte\\\/pont-de-fusta-amb-rampa-tub-magnum-graons-i-barana-de-corda-per-infantil\\\/\",\"url\":\"https:\\\/\\\/milanta.net\\\/es\\\/producte\\\/pont-de-fusta-amb-rampa-tub-magnum-graons-i-barana-de-corda-per-infantil\\\/\",\"name\":\"Mirador amb reptes motrius - Escoles d'Infantil - Milanta\",\"isPartOf\":{\"@id\":\"https:\\\/\\\/milanta.net\\\/es\\\/#website\"},\"primaryImageOfPage\":{\"@id\":\"https:\\\/\\\/milanta.net\\\/es\\\/producte\\\/pont-de-fusta-amb-rampa-tub-magnum-graons-i-barana-de-corda-per-infantil\\\/#primaryimage\"},\"image\":{\"@id\":\"https:\\\/\\\/milanta.net\\\/es\\\/producte\\\/pont-de-fusta-amb-rampa-tub-magnum-graons-i-barana-de-corda-per-infantil\\\/#primaryimage\"},\"thumbnailUrl\":\"https:\\\/\\\/milanta.net\\\/wp-content\\\/uploads\\\/2020\\\/05\\\/2283-PONT-DE-FUSTA-AMB-RAMPA-TUB-MAGNUM-GRAONS-I-BARANA-DE-CORDA-PER-INFANTIL.jpg\",\"datePublished\":\"2020-05-08T10:16:53+00:00\",\"dateModified\":\"2025-09-02T10:09:23+00:00\",\"description\":\"Plataforma elevada amb baranes de corda, una rampa i unes escales de fusta que fan d'acc\u00e9s, i un tub magnum perqu\u00e8 la canalla s'hi pugui amagar.\",\"breadcrumb\":{\"@id\":\"https:\\\/\\\/milanta.net\\\/es\\\/producte\\\/pont-de-fusta-amb-rampa-tub-magnum-graons-i-barana-de-corda-per-infantil\\\/#breadcrumb\"},\"inLanguage\":\"es\",\"potentialAction\":[{\"@type\":\"ReadAction\",\"target\":[\"https:\\\/\\\/milanta.net\\\/es\\\/producte\\\/pont-de-fusta-amb-rampa-tub-magnum-graons-i-barana-de-corda-per-infantil\\\/\"]}]},{\"@type\":\"ImageObject\",\"inLanguage\":\"es\",\"@id\":\"https:\\\/\\\/milanta.net\\\/es\\\/producte\\\/pont-de-fusta-amb-rampa-tub-magnum-graons-i-barana-de-corda-per-infantil\\\/#primaryimage\",\"url\":\"https:\\\/\\\/milanta.net\\\/wp-content\\\/uploads\\\/2020\\\/05\\\/2283-PONT-DE-FUSTA-AMB-RAMPA-TUB-MAGNUM-GRAONS-I-BARANA-DE-CORDA-PER-INFANTIL.jpg\",\"contentUrl\":\"https:\\\/\\\/milanta.net\\\/wp-content\\\/uploads\\\/2020\\\/05\\\/2283-PONT-DE-FUSTA-AMB-RAMPA-TUB-MAGNUM-GRAONS-I-BARANA-DE-CORDA-PER-INFANTIL.jpg\",\"width\":980,\"height\":842,\"caption\":\"PONT DE FUSTA AMB RAMPA, TUB MAGNUM, GRAONS I BARANA DE CORDA PER INFANTIL\"},{\"@type\":\"BreadcrumbList\",\"@id\":\"https:\\\/\\\/milanta.net\\\/es\\\/producte\\\/pont-de-fusta-amb-rampa-tub-magnum-graons-i-barana-de-corda-per-infantil\\\/#breadcrumb\",\"itemListElement\":[{\"@type\":\"ListItem\",\"position\":1,\"name\":\"Portada\",\"item\":\"https:\\\/\\\/milanta.net\\\/es\\\/\"},{\"@type\":\"ListItem\",\"position\":2,\"name\":\"Cat\u00e1logo\",\"item\":\"https:\\\/\\\/milanta.net\\\/es\\\/catalogo\\\/\"},{\"@type\":\"ListItem\",\"position\":3,\"name\":\"Mirador amb reptes motrius &#8211; Escoles d&#8217;Infantil\"}]},{\"@type\":\"WebSite\",\"@id\":\"https:\\\/\\\/milanta.net\\\/es\\\/#website\",\"url\":\"https:\\\/\\\/milanta.net\\\/es\\\/\",\"name\":\"Milanta Patis Vius\",\"description\":\"ESPACIOS NATURALES Y CREATIVOS PARA LA EDUCACI\u00d3N\",\"publisher\":{\"@id\":\"https:\\\/\\\/milanta.net\\\/es\\\/#organization\"},\"alternateName\":\"Milanta - Patis Vius\",\"potentialAction\":[{\"@type\":\"SearchAction\",\"target\":{\"@type\":\"EntryPoint\",\"urlTemplate\":\"https:\\\/\\\/milanta.net\\\/es\\\/?s={search_term_string}\"},\"query-input\":{\"@type\":\"PropertyValueSpecification\",\"valueRequired\":true,\"valueName\":\"search_term_string\"}}],\"inLanguage\":\"es\"},{\"@type\":\"Organization\",\"@id\":\"https:\\\/\\\/milanta.net\\\/es\\\/#organization\",\"name\":\"Milanta\",\"url\":\"https:\\\/\\\/milanta.net\\\/es\\\/\",\"logo\":{\"@type\":\"ImageObject\",\"inLanguage\":\"es\",\"@id\":\"https:\\\/\\\/milanta.net\\\/es\\\/#\\\/schema\\\/logo\\\/image\\\/\",\"url\":\"https:\\\/\\\/milanta.net\\\/wp-content\\\/uploads\\\/2023\\\/04\\\/Logo-Milanta-color.svg\",\"contentUrl\":\"https:\\\/\\\/milanta.net\\\/wp-content\\\/uploads\\\/2023\\\/04\\\/Logo-Milanta-color.svg\",\"caption\":\"Milanta\"},\"image\":{\"@id\":\"https:\\\/\\\/milanta.net\\\/es\\\/#\\\/schema\\\/logo\\\/image\\\/\"},\"sameAs\":[\"https:\\\/\\\/www.facebook.com\\\/MilantaCraft\\\/\",\"https:\\\/\\\/www.instagram.com\\\/milanta_patis\\\/\"]}]}<\/script>\n<!-- \/ Yoast SEO Premium plugin. -->","yoast_head_json":{"title":"Mirador amb reptes motrius - Escoles d'Infantil - Milanta","description":"Plataforma elevada amb baranes de corda, una rampa i unes escales de fusta que fan d'acc\u00e9s, i un tub magnum perqu\u00e8 la canalla s'hi pugui amagar.","robots":{"index":"index","follow":"follow","max-snippet":"max-snippet:-1","max-image-preview":"max-image-preview:large","max-video-preview":"max-video-preview:-1"},"canonical":"https:\/\/milanta.net\/es\/producte\/pont-de-fusta-amb-rampa-tub-magnum-graons-i-barana-de-corda-per-infantil\/","og_locale":"es_ES","og_type":"article","og_title":"Mirador amb reptes motrius - Escoles d'Infantil","og_description":"Plataforma elevada amb baranes de corda, una rampa i unes escales de fusta que fan d'acc\u00e9s, i un tub magnum perqu\u00e8 la canalla s'hi pugui amagar.","og_url":"https:\/\/milanta.net\/es\/producte\/pont-de-fusta-amb-rampa-tub-magnum-graons-i-barana-de-corda-per-infantil\/","og_site_name":"Milanta","article_publisher":"https:\/\/www.facebook.com\/MilantaCraft\/","article_modified_time":"2025-09-02T10:09:23+00:00","og_image":[{"width":980,"height":842,"url":"https:\/\/milanta.net\/wp-content\/uploads\/2020\/05\/2283-PONT-DE-FUSTA-AMB-RAMPA-TUB-MAGNUM-GRAONS-I-BARANA-DE-CORDA-PER-INFANTIL.jpg","type":"image\/jpeg"}],"twitter_card":"summary_large_image","twitter_misc":{"Tiempo de lectura":"2 minutos"},"schema":{"@context":"https:\/\/schema.org","@graph":[{"@type":"WebPage","@id":"https:\/\/milanta.net\/es\/producte\/pont-de-fusta-amb-rampa-tub-magnum-graons-i-barana-de-corda-per-infantil\/","url":"https:\/\/milanta.net\/es\/producte\/pont-de-fusta-amb-rampa-tub-magnum-graons-i-barana-de-corda-per-infantil\/","name":"Mirador amb reptes motrius - Escoles d'Infantil - Milanta","isPartOf":{"@id":"https:\/\/milanta.net\/es\/#website"},"primaryImageOfPage":{"@id":"https:\/\/milanta.net\/es\/producte\/pont-de-fusta-amb-rampa-tub-magnum-graons-i-barana-de-corda-per-infantil\/#primaryimage"},"image":{"@id":"https:\/\/milanta.net\/es\/producte\/pont-de-fusta-amb-rampa-tub-magnum-graons-i-barana-de-corda-per-infantil\/#primaryimage"},"thumbnailUrl":"https:\/\/milanta.net\/wp-content\/uploads\/2020\/05\/2283-PONT-DE-FUSTA-AMB-RAMPA-TUB-MAGNUM-GRAONS-I-BARANA-DE-CORDA-PER-INFANTIL.jpg","datePublished":"2020-05-08T10:16:53+00:00","dateModified":"2025-09-02T10:09:23+00:00","description":"Plataforma elevada amb baranes de corda, una rampa i unes escales de fusta que fan d'acc\u00e9s, i un tub magnum perqu\u00e8 la canalla s'hi pugui amagar.","breadcrumb":{"@id":"https:\/\/milanta.net\/es\/producte\/pont-de-fusta-amb-rampa-tub-magnum-graons-i-barana-de-corda-per-infantil\/#breadcrumb"},"inLanguage":"es","potentialAction":[{"@type":"ReadAction","target":["https:\/\/milanta.net\/es\/producte\/pont-de-fusta-amb-rampa-tub-magnum-graons-i-barana-de-corda-per-infantil\/"]}]},{"@type":"ImageObject","inLanguage":"es","@id":"https:\/\/milanta.net\/es\/producte\/pont-de-fusta-amb-rampa-tub-magnum-graons-i-barana-de-corda-per-infantil\/#primaryimage","url":"https:\/\/milanta.net\/wp-content\/uploads\/2020\/05\/2283-PONT-DE-FUSTA-AMB-RAMPA-TUB-MAGNUM-GRAONS-I-BARANA-DE-CORDA-PER-INFANTIL.jpg","contentUrl":"https:\/\/milanta.net\/wp-content\/uploads\/2020\/05\/2283-PONT-DE-FUSTA-AMB-RAMPA-TUB-MAGNUM-GRAONS-I-BARANA-DE-CORDA-PER-INFANTIL.jpg","width":980,"height":842,"caption":"PONT DE FUSTA AMB RAMPA, TUB MAGNUM, GRAONS I BARANA DE CORDA PER INFANTIL"},{"@type":"BreadcrumbList","@id":"https:\/\/milanta.net\/es\/producte\/pont-de-fusta-amb-rampa-tub-magnum-graons-i-barana-de-corda-per-infantil\/#breadcrumb","itemListElement":[{"@type":"ListItem","position":1,"name":"Portada","item":"https:\/\/milanta.net\/es\/"},{"@type":"ListItem","position":2,"name":"Cat\u00e1logo","item":"https:\/\/milanta.net\/es\/catalogo\/"},{"@type":"ListItem","position":3,"name":"Mirador amb reptes motrius &#8211; Escoles d&#8217;Infantil"}]},{"@type":"WebSite","@id":"https:\/\/milanta.net\/es\/#website","url":"https:\/\/milanta.net\/es\/","name":"Milanta Patis Vius","description":"ESPACIOS NATURALES Y CREATIVOS PARA LA EDUCACI\u00d3N","publisher":{"@id":"https:\/\/milanta.net\/es\/#organization"},"alternateName":"Milanta - Patis Vius","potentialAction":[{"@type":"SearchAction","target":{"@type":"EntryPoint","urlTemplate":"https:\/\/milanta.net\/es\/?s={search_term_string}"},"query-input":{"@type":"PropertyValueSpecification","valueRequired":true,"valueName":"search_term_string"}}],"inLanguage":"es"},{"@type":"Organization","@id":"https:\/\/milanta.net\/es\/#organization","name":"Milanta","url":"https:\/\/milanta.net\/es\/","logo":{"@type":"ImageObject","inLanguage":"es","@id":"https:\/\/milanta.net\/es\/#\/schema\/logo\/image\/","url":"https:\/\/milanta.net\/wp-content\/uploads\/2023\/04\/Logo-Milanta-color.svg","contentUrl":"https:\/\/milanta.net\/wp-content\/uploads\/2023\/04\/Logo-Milanta-color.svg","caption":"Milanta"},"image":{"@id":"https:\/\/milanta.net\/es\/#\/schema\/logo\/image\/"},"sameAs":["https:\/\/www.facebook.com\/MilantaCraft\/","https:\/\/www.instagram.com\/milanta_patis\/"]}]}},"_links":{"self":[{"href":"https:\/\/milanta.net\/es\/wp-json\/wp\/v2\/product\/3537","targetHints":{"allow":["GET"]}}],"collection":[{"href":"https:\/\/milanta.net\/es\/wp-json\/wp\/v2\/product"}],"about":[{"href":"https:\/\/milanta.net\/es\/wp-json\/wp\/v2\/types\/product"}],"version-history":[{"count":0,"href":"https:\/\/milanta.net\/es\/wp-json\/wp\/v2\/product\/3537\/revisions"}],"wp:featuredmedia":[{"embeddable":true,"href":"https:\/\/milanta.net\/es\/wp-json\/wp\/v2\/media\/3534"}],"wp:attachment":[{"href":"https:\/\/milanta.net\/es\/wp-json\/wp\/v2\/media?parent=3537"}],"wp:term":[{"taxonomy":"product_brand","embeddable":true,"href":"https:\/\/milanta.net\/es\/wp-json\/wp\/v2\/product_brand?post=3537"},{"taxonomy":"product_cat","embeddable":true,"href":"https:\/\/milanta.net\/es\/wp-json\/wp\/v2\/product_cat?post=3537"},{"taxonomy":"product_tag","embeddable":true,"href":"https:\/\/milanta.net\/es\/wp-json\/wp\/v2\/product_tag?post=3537"},{"taxonomy":"ubicacion-del-mobiliario","embeddable":true,"href":"https:\/\/milanta.net\/es\/wp-json\/wp\/v2\/ubicacion-del-mobiliario?post=3537"}],"curies":[{"name":"wp","href":"https:\/\/api.w.org\/{rel}","templated":true}]}}