{"id":3553,"date":"2020-06-07T07:51:47","date_gmt":"2020-06-07T07:51:47","guid":{"rendered":"https:\/\/milanta.net\/producto\/troncs-horitzontals-polits-amb-tractament-oli\/"},"modified":"2025-05-05T10:01:02","modified_gmt":"2025-05-05T08:01:02","slug":"troncs-horitzontals-polits-amb-tractament-oli","status":"publish","type":"product","link":"https:\/\/milanta.net\/es\/producte\/troncs-horitzontals-polits-amb-tractament-oli\/","title":{"rendered":"TRONCS HORITZONTALS POLITS AMB TRACTAMENT OLI (ml)"},"content":{"rendered":"<div style=\"color: #222222; font-family: Arial, Helvetica, sans-serif; font-size: small; background-color: #ffffff;\">\n<p style=\"color: #222222; font-family: Arial, Helvetica, sans-serif; font-size: small; background-color: #ffffff;\"><span style=\"color: #222222; font-family: Arial, Helvetica, sans-serif; font-size: small;\">Funcionen molt b\u00e9 per a dibuixar l\u00edmits i contenir la terra i la sorra, tant per jardineres com per sorrals. Per aquest \u00fas es recomana combinar-los amb els troncs verticals.<\/span><\/p>\n<p style=\"color: #222222; font-family: Arial, Helvetica, sans-serif; font-size: small; background-color: #ffffff;\"><span style=\"color: #222222; font-family: Arial, Helvetica, sans-serif; font-size: small;\"><strong>Preu per metre lineal,<\/strong> l&#8217;allargada m\u00e0xima per unitat \u00e9s de 240 cm. Es pot fer a mida.<br \/>\n<\/span><\/p>\n<p style=\"color: #222222; font-family: Arial, Helvetica, sans-serif; font-size: small; background-color: #ffffff;\"><span style=\"color: #222222; font-family: Arial, Helvetica, sans-serif; font-size: small;\">No inclou el muntatge.<\/span><\/p>\n<p style=\"color: #222222; font-family: Arial, Helvetica, sans-serif; font-size: small; background-color: #ffffff;\">\n<div style=\"color: #222222; font-family: Arial, Helvetica, sans-serif; font-size: small; background-color: #ffffff;\">\n<p class=\"p1\" style=\"margin: 0px; font-size: 13px; line-height: normal; font-family: 'Helvetica Neue'; color: #000000;\">&#8220;Mai hi ha dos troncs id\u00e8ntics, la fusta \u00e9s un material que s&#8217;altera amb el temps,\u00a0 les seves formes s\u00f3n irregulars i els muntatges mai queden igual que a les fotos. Les esquerdes a la fusta formen part de la natura viva del material, si s\u00f3n de menys de 8mm no us heu de preocupar. Aplicar anualment un nutrient com l&#8217;oli de llinosa ajuda a mantenir la fusta en bones condicions durant molts anys. Truqueu-nos si teniu algun dubte o necessiteu ajuda pel manteniment&#8221;<\/p>\n<\/div>\n<\/div>\n<div style=\"color: #222222; font-family: Arial, Helvetica, sans-serif; font-size: small; background-color: #ffffff;\"><\/div>\n","protected":false},"excerpt":{"rendered":"<p><span style=\"font-size: 11px;\">Troncs horitzontals d&#8217;ac\u00e0cia per exterior.<\/span><\/p>\n","protected":false},"featured_media":3548,"template":"","meta":[],"product_brand":[],"product_cat":[117,747],"product_tag":[],"ubicacion-del-mobiliario":[],"class_list":{"0":"post-3553","1":"product","2":"type-product","3":"status-publish","4":"has-post-thumbnail","6":"product_cat-exterior-pati-i-jardi","7":"product_cat-paviments","9":"first","10":"instock","11":"taxable","12":"shipping-taxable","13":"purchasable","14":"product-type-simple"},"yoast_head":"<!-- This site is optimized with the Yoast SEO Premium plugin v21.6 (Yoast SEO v27.3) - https:\/\/yoast.com\/product\/yoast-seo-premium-wordpress\/ -->\n<title>TRONCS HORITZONTALS POLITS AMB TRACTAMENT OLI (ml) - Milanta<\/title>\n<meta name=\"robots\" content=\"index, follow, max-snippet:-1, max-image-preview:large, max-video-preview:-1\" \/>\n<link rel=\"canonical\" href=\"https:\/\/milanta.net\/es\/producte\/troncs-horitzontals-polits-amb-tractament-oli\/\" \/>\n<meta property=\"og:locale\" content=\"es_ES\" \/>\n<meta property=\"og:type\" content=\"article\" \/>\n<meta property=\"og:title\" content=\"TRONCS HORITZONTALS POLITS AMB TRACTAMENT OLI (ml)\" \/>\n<meta property=\"og:description\" content=\"Troncs horitzontals d&#039;ac\u00e0cia per exterior.\" \/>\n<meta property=\"og:url\" content=\"https:\/\/milanta.net\/es\/producte\/troncs-horitzontals-polits-amb-tractament-oli\/\" \/>\n<meta property=\"og:site_name\" content=\"Milanta\" \/>\n<meta property=\"article:publisher\" content=\"https:\/\/www.facebook.com\/MilantaCraft\/\" \/>\n<meta property=\"article:modified_time\" content=\"2025-05-05T08:01:02+00:00\" \/>\n<meta property=\"og:image\" content=\"https:\/\/milanta.net\/wp-content\/uploads\/2020\/06\/1875-TRONCS-HORITZONTALS-POLITS-AMB-TRACTAMENT-OLI.jpg\" \/>\n\t<meta property=\"og:image:width\" content=\"1605\" \/>\n\t<meta property=\"og:image:height\" content=\"1080\" \/>\n\t<meta property=\"og:image:type\" content=\"image\/jpeg\" \/>\n<meta name=\"twitter:card\" content=\"summary_large_image\" \/>\n<meta name=\"twitter:label1\" content=\"Tiempo de lectura\" \/>\n\t<meta name=\"twitter:data1\" content=\"1 minuto\" \/>\n<script type=\"application\/ld+json\" class=\"yoast-schema-graph\">{\"@context\":\"https:\\\/\\\/schema.org\",\"@graph\":[{\"@type\":\"WebPage\",\"@id\":\"https:\\\/\\\/milanta.net\\\/es\\\/producte\\\/troncs-horitzontals-polits-amb-tractament-oli\\\/\",\"url\":\"https:\\\/\\\/milanta.net\\\/es\\\/producte\\\/troncs-horitzontals-polits-amb-tractament-oli\\\/\",\"name\":\"TRONCS HORITZONTALS POLITS AMB TRACTAMENT OLI (ml) - Milanta\",\"isPartOf\":{\"@id\":\"https:\\\/\\\/milanta.net\\\/es\\\/#website\"},\"primaryImageOfPage\":{\"@id\":\"https:\\\/\\\/milanta.net\\\/es\\\/producte\\\/troncs-horitzontals-polits-amb-tractament-oli\\\/#primaryimage\"},\"image\":{\"@id\":\"https:\\\/\\\/milanta.net\\\/es\\\/producte\\\/troncs-horitzontals-polits-amb-tractament-oli\\\/#primaryimage\"},\"thumbnailUrl\":\"https:\\\/\\\/milanta.net\\\/wp-content\\\/uploads\\\/2020\\\/06\\\/1875-TRONCS-HORITZONTALS-POLITS-AMB-TRACTAMENT-OLI.jpg\",\"datePublished\":\"2020-06-07T07:51:47+00:00\",\"dateModified\":\"2025-05-05T08:01:02+00:00\",\"breadcrumb\":{\"@id\":\"https:\\\/\\\/milanta.net\\\/es\\\/producte\\\/troncs-horitzontals-polits-amb-tractament-oli\\\/#breadcrumb\"},\"inLanguage\":\"es\",\"potentialAction\":[{\"@type\":\"ReadAction\",\"target\":[\"https:\\\/\\\/milanta.net\\\/es\\\/producte\\\/troncs-horitzontals-polits-amb-tractament-oli\\\/\"]}]},{\"@type\":\"ImageObject\",\"inLanguage\":\"es\",\"@id\":\"https:\\\/\\\/milanta.net\\\/es\\\/producte\\\/troncs-horitzontals-polits-amb-tractament-oli\\\/#primaryimage\",\"url\":\"https:\\\/\\\/milanta.net\\\/wp-content\\\/uploads\\\/2020\\\/06\\\/1875-TRONCS-HORITZONTALS-POLITS-AMB-TRACTAMENT-OLI.jpg\",\"contentUrl\":\"https:\\\/\\\/milanta.net\\\/wp-content\\\/uploads\\\/2020\\\/06\\\/1875-TRONCS-HORITZONTALS-POLITS-AMB-TRACTAMENT-OLI.jpg\",\"width\":1605,\"height\":1080,\"caption\":\"TRONCS HORITZONTALS POLITS AMB TRACTAMENT OLI\"},{\"@type\":\"BreadcrumbList\",\"@id\":\"https:\\\/\\\/milanta.net\\\/es\\\/producte\\\/troncs-horitzontals-polits-amb-tractament-oli\\\/#breadcrumb\",\"itemListElement\":[{\"@type\":\"ListItem\",\"position\":1,\"name\":\"Portada\",\"item\":\"https:\\\/\\\/milanta.net\\\/es\\\/\"},{\"@type\":\"ListItem\",\"position\":2,\"name\":\"Cat\u00e1logo\",\"item\":\"https:\\\/\\\/milanta.net\\\/es\\\/catalogo\\\/\"},{\"@type\":\"ListItem\",\"position\":3,\"name\":\"TRONCS HORITZONTALS POLITS AMB TRACTAMENT OLI (ml)\"}]},{\"@type\":\"WebSite\",\"@id\":\"https:\\\/\\\/milanta.net\\\/es\\\/#website\",\"url\":\"https:\\\/\\\/milanta.net\\\/es\\\/\",\"name\":\"Milanta Patis Vius\",\"description\":\"ESPACIOS NATURALES Y CREATIVOS PARA LA EDUCACI\u00d3N\",\"publisher\":{\"@id\":\"https:\\\/\\\/milanta.net\\\/es\\\/#organization\"},\"alternateName\":\"Milanta - Patis Vius\",\"potentialAction\":[{\"@type\":\"SearchAction\",\"target\":{\"@type\":\"EntryPoint\",\"urlTemplate\":\"https:\\\/\\\/milanta.net\\\/es\\\/?s={search_term_string}\"},\"query-input\":{\"@type\":\"PropertyValueSpecification\",\"valueRequired\":true,\"valueName\":\"search_term_string\"}}],\"inLanguage\":\"es\"},{\"@type\":\"Organization\",\"@id\":\"https:\\\/\\\/milanta.net\\\/es\\\/#organization\",\"name\":\"Milanta\",\"url\":\"https:\\\/\\\/milanta.net\\\/es\\\/\",\"logo\":{\"@type\":\"ImageObject\",\"inLanguage\":\"es\",\"@id\":\"https:\\\/\\\/milanta.net\\\/es\\\/#\\\/schema\\\/logo\\\/image\\\/\",\"url\":\"https:\\\/\\\/milanta.net\\\/wp-content\\\/uploads\\\/2023\\\/04\\\/Logo-Milanta-color.svg\",\"contentUrl\":\"https:\\\/\\\/milanta.net\\\/wp-content\\\/uploads\\\/2023\\\/04\\\/Logo-Milanta-color.svg\",\"caption\":\"Milanta\"},\"image\":{\"@id\":\"https:\\\/\\\/milanta.net\\\/es\\\/#\\\/schema\\\/logo\\\/image\\\/\"},\"sameAs\":[\"https:\\\/\\\/www.facebook.com\\\/MilantaCraft\\\/\",\"https:\\\/\\\/www.instagram.com\\\/milanta_patis\\\/\"]}]}<\/script>\n<!-- \/ Yoast SEO Premium plugin. -->","yoast_head_json":{"title":"TRONCS HORITZONTALS POLITS AMB TRACTAMENT OLI (ml) - Milanta","robots":{"index":"index","follow":"follow","max-snippet":"max-snippet:-1","max-image-preview":"max-image-preview:large","max-video-preview":"max-video-preview:-1"},"canonical":"https:\/\/milanta.net\/es\/producte\/troncs-horitzontals-polits-amb-tractament-oli\/","og_locale":"es_ES","og_type":"article","og_title":"TRONCS HORITZONTALS POLITS AMB TRACTAMENT OLI (ml)","og_description":"Troncs horitzontals d'ac\u00e0cia per exterior.","og_url":"https:\/\/milanta.net\/es\/producte\/troncs-horitzontals-polits-amb-tractament-oli\/","og_site_name":"Milanta","article_publisher":"https:\/\/www.facebook.com\/MilantaCraft\/","article_modified_time":"2025-05-05T08:01:02+00:00","og_image":[{"width":1605,"height":1080,"url":"https:\/\/milanta.net\/wp-content\/uploads\/2020\/06\/1875-TRONCS-HORITZONTALS-POLITS-AMB-TRACTAMENT-OLI.jpg","type":"image\/jpeg"}],"twitter_card":"summary_large_image","twitter_misc":{"Tiempo de lectura":"1 minuto"},"schema":{"@context":"https:\/\/schema.org","@graph":[{"@type":"WebPage","@id":"https:\/\/milanta.net\/es\/producte\/troncs-horitzontals-polits-amb-tractament-oli\/","url":"https:\/\/milanta.net\/es\/producte\/troncs-horitzontals-polits-amb-tractament-oli\/","name":"TRONCS HORITZONTALS POLITS AMB TRACTAMENT OLI (ml) - Milanta","isPartOf":{"@id":"https:\/\/milanta.net\/es\/#website"},"primaryImageOfPage":{"@id":"https:\/\/milanta.net\/es\/producte\/troncs-horitzontals-polits-amb-tractament-oli\/#primaryimage"},"image":{"@id":"https:\/\/milanta.net\/es\/producte\/troncs-horitzontals-polits-amb-tractament-oli\/#primaryimage"},"thumbnailUrl":"https:\/\/milanta.net\/wp-content\/uploads\/2020\/06\/1875-TRONCS-HORITZONTALS-POLITS-AMB-TRACTAMENT-OLI.jpg","datePublished":"2020-06-07T07:51:47+00:00","dateModified":"2025-05-05T08:01:02+00:00","breadcrumb":{"@id":"https:\/\/milanta.net\/es\/producte\/troncs-horitzontals-polits-amb-tractament-oli\/#breadcrumb"},"inLanguage":"es","potentialAction":[{"@type":"ReadAction","target":["https:\/\/milanta.net\/es\/producte\/troncs-horitzontals-polits-amb-tractament-oli\/"]}]},{"@type":"ImageObject","inLanguage":"es","@id":"https:\/\/milanta.net\/es\/producte\/troncs-horitzontals-polits-amb-tractament-oli\/#primaryimage","url":"https:\/\/milanta.net\/wp-content\/uploads\/2020\/06\/1875-TRONCS-HORITZONTALS-POLITS-AMB-TRACTAMENT-OLI.jpg","contentUrl":"https:\/\/milanta.net\/wp-content\/uploads\/2020\/06\/1875-TRONCS-HORITZONTALS-POLITS-AMB-TRACTAMENT-OLI.jpg","width":1605,"height":1080,"caption":"TRONCS HORITZONTALS POLITS AMB TRACTAMENT OLI"},{"@type":"BreadcrumbList","@id":"https:\/\/milanta.net\/es\/producte\/troncs-horitzontals-polits-amb-tractament-oli\/#breadcrumb","itemListElement":[{"@type":"ListItem","position":1,"name":"Portada","item":"https:\/\/milanta.net\/es\/"},{"@type":"ListItem","position":2,"name":"Cat\u00e1logo","item":"https:\/\/milanta.net\/es\/catalogo\/"},{"@type":"ListItem","position":3,"name":"TRONCS HORITZONTALS POLITS AMB TRACTAMENT OLI (ml)"}]},{"@type":"WebSite","@id":"https:\/\/milanta.net\/es\/#website","url":"https:\/\/milanta.net\/es\/","name":"Milanta Patis Vius","description":"ESPACIOS NATURALES Y CREATIVOS PARA LA EDUCACI\u00d3N","publisher":{"@id":"https:\/\/milanta.net\/es\/#organization"},"alternateName":"Milanta - Patis Vius","potentialAction":[{"@type":"SearchAction","target":{"@type":"EntryPoint","urlTemplate":"https:\/\/milanta.net\/es\/?s={search_term_string}"},"query-input":{"@type":"PropertyValueSpecification","valueRequired":true,"valueName":"search_term_string"}}],"inLanguage":"es"},{"@type":"Organization","@id":"https:\/\/milanta.net\/es\/#organization","name":"Milanta","url":"https:\/\/milanta.net\/es\/","logo":{"@type":"ImageObject","inLanguage":"es","@id":"https:\/\/milanta.net\/es\/#\/schema\/logo\/image\/","url":"https:\/\/milanta.net\/wp-content\/uploads\/2023\/04\/Logo-Milanta-color.svg","contentUrl":"https:\/\/milanta.net\/wp-content\/uploads\/2023\/04\/Logo-Milanta-color.svg","caption":"Milanta"},"image":{"@id":"https:\/\/milanta.net\/es\/#\/schema\/logo\/image\/"},"sameAs":["https:\/\/www.facebook.com\/MilantaCraft\/","https:\/\/www.instagram.com\/milanta_patis\/"]}]}},"_links":{"self":[{"href":"https:\/\/milanta.net\/es\/wp-json\/wp\/v2\/product\/3553","targetHints":{"allow":["GET"]}}],"collection":[{"href":"https:\/\/milanta.net\/es\/wp-json\/wp\/v2\/product"}],"about":[{"href":"https:\/\/milanta.net\/es\/wp-json\/wp\/v2\/types\/product"}],"version-history":[{"count":0,"href":"https:\/\/milanta.net\/es\/wp-json\/wp\/v2\/product\/3553\/revisions"}],"wp:featuredmedia":[{"embeddable":true,"href":"https:\/\/milanta.net\/es\/wp-json\/wp\/v2\/media\/3548"}],"wp:attachment":[{"href":"https:\/\/milanta.net\/es\/wp-json\/wp\/v2\/media?parent=3553"}],"wp:term":[{"taxonomy":"product_brand","embeddable":true,"href":"https:\/\/milanta.net\/es\/wp-json\/wp\/v2\/product_brand?post=3553"},{"taxonomy":"product_cat","embeddable":true,"href":"https:\/\/milanta.net\/es\/wp-json\/wp\/v2\/product_cat?post=3553"},{"taxonomy":"product_tag","embeddable":true,"href":"https:\/\/milanta.net\/es\/wp-json\/wp\/v2\/product_tag?post=3553"},{"taxonomy":"ubicacion-del-mobiliario","embeddable":true,"href":"https:\/\/milanta.net\/es\/wp-json\/wp\/v2\/ubicacion-del-mobiliario?post=3553"}],"curies":[{"name":"wp","href":"https:\/\/api.w.org\/{rel}","templated":true}]}}