{"id":3564,"date":"2020-09-30T10:00:19","date_gmt":"2020-09-30T10:00:19","guid":{"rendered":"https:\/\/milanta.net\/producto\/font-bomba-d-aigua\/"},"modified":"2026-03-04T13:07:14","modified_gmt":"2026-03-04T12:07:14","slug":"font-bomba-d-aigua","status":"publish","type":"product","link":"https:\/\/milanta.net\/es\/producte\/font-bomba-d-aigua\/","title":{"rendered":"FONT BOMBA D&#8217;AIGUA"},"content":{"rendered":"<p><span style=\"color: #666666; font-family: 'Open Sans', Helvetica, Arial, sans-serif; font-size: 16px;\">Aquesta proposta implica a l&#8217;infant f\u00edsicament i cognitivament a l&#8217;experi\u00e8ncia del moviment de l&#8217;aigua.<\/span><br style=\"color: #666666; font-family: 'Open Sans', Helvetica, Arial, sans-serif; font-size: 16px;\" \/><br style=\"color: #666666; font-family: 'Open Sans', Helvetica, Arial, sans-serif; font-size: 16px;\" \/><span style=\"color: #666666; font-family: 'Open Sans', Helvetica, Arial, sans-serif; font-size: 16px;\">Creiem que experimentar \u00e9s la millor manera de cr\u00e9ixer i aprendre, veure com influeix la for\u00e7a manual al mecanisme i com aquest interv\u00e9 en el flux de l&#8217;aigua d\u00f3na un valor afegit al joc i al recorregut del pati.<\/span><\/p>\n<p><span style=\"color: #666666; font-family: 'Open Sans', Helvetica, Arial, sans-serif; font-size: 16px;\"><br style=\"color: #000000;\" \/><span style=\"color: #000000;\">Us<\/span><span style=\"color: #000000;\">\u00a0recomanem que el desaigua no vagi al clavegueram, tant de bo que l&#8217;aigua que cau a terra continu\u00ef circulant fins a les plantes i els arbres que l&#8217;envolten.<\/span><br style=\"color: #000000;\" \/><br style=\"color: #000000;\" \/><span style=\"color: #000000;\">Milanta us pot ajudar a canalitzar l&#8217;aigua fins als escocells!<\/span><br style=\"color: #000000;\" \/><span style=\"color: #000000;\">No perdem ni una sola gota!<\/span><br style=\"color: #000000;\" \/><br style=\"color: #000000;\" \/><\/span><\/p>\n","protected":false},"excerpt":{"rendered":"<p><span style=\"color: #666666; font-family: 'Open Sans', Helvetica, Arial, sans-serif; font-size: 16px;\">Instrument per bombar aigua manualment. <\/span><\/p>\n<p><span style=\"color: #666666; font-family: 'Open Sans', Helvetica, Arial, sans-serif; font-size: 16px;\">El preu no inclou el muntatge<\/span><\/p>\n","protected":false},"featured_media":3562,"template":"","meta":[],"product_brand":[],"product_cat":[743],"product_tag":[],"ubicacion-del-mobiliario":[],"class_list":{"0":"post-3564","1":"product","2":"type-product","3":"status-publish","4":"has-post-thumbnail","6":"product_cat-sorra-aigua-i-experimentacio","8":"first","9":"instock","10":"taxable","11":"shipping-taxable","12":"purchasable","13":"product-type-simple"},"yoast_head":"<!-- This site is optimized with the Yoast SEO Premium plugin v21.6 (Yoast SEO v27.2) - https:\/\/yoast.com\/product\/yoast-seo-premium-wordpress\/ -->\n<title>FONT BOMBA D&#039;AIGUA - Milanta<\/title>\n<meta name=\"robots\" content=\"index, follow, max-snippet:-1, max-image-preview:large, max-video-preview:-1\" \/>\n<link rel=\"canonical\" href=\"https:\/\/milanta.net\/es\/producte\/font-bomba-d-aigua\/\" \/>\n<meta property=\"og:locale\" content=\"es_ES\" \/>\n<meta property=\"og:type\" content=\"article\" \/>\n<meta property=\"og:title\" content=\"FONT BOMBA D&#039;AIGUA\" \/>\n<meta property=\"og:description\" content=\"Instrument per bombar aigua manualment.   El preu no inclou el muntatge\" \/>\n<meta property=\"og:url\" content=\"https:\/\/milanta.net\/es\/producte\/font-bomba-d-aigua\/\" \/>\n<meta property=\"og:site_name\" content=\"Milanta\" \/>\n<meta property=\"article:publisher\" content=\"https:\/\/www.facebook.com\/MilantaCraft\/\" \/>\n<meta property=\"article:modified_time\" content=\"2026-03-04T12:07:14+00:00\" \/>\n<meta property=\"og:image\" content=\"https:\/\/milanta.net\/wp-content\/uploads\/2020\/09\/1898-FONT-BOMBA-DAIGUA.jpg\" \/>\n\t<meta property=\"og:image:width\" content=\"738\" \/>\n\t<meta property=\"og:image:height\" content=\"1599\" \/>\n\t<meta property=\"og:image:type\" content=\"image\/jpeg\" \/>\n<meta name=\"twitter:card\" content=\"summary_large_image\" \/>\n<meta name=\"twitter:label1\" content=\"Tiempo de lectura\" \/>\n\t<meta name=\"twitter:data1\" content=\"1 minuto\" \/>\n<script type=\"application\/ld+json\" class=\"yoast-schema-graph\">{\"@context\":\"https:\/\/schema.org\",\"@graph\":[{\"@type\":\"WebPage\",\"@id\":\"https:\/\/milanta.net\/es\/producte\/font-bomba-d-aigua\/\",\"url\":\"https:\/\/milanta.net\/es\/producte\/font-bomba-d-aigua\/\",\"name\":\"FONT BOMBA D'AIGUA - Milanta\",\"isPartOf\":{\"@id\":\"https:\/\/milanta.net\/es\/#website\"},\"primaryImageOfPage\":{\"@id\":\"https:\/\/milanta.net\/es\/producte\/font-bomba-d-aigua\/#primaryimage\"},\"image\":{\"@id\":\"https:\/\/milanta.net\/es\/producte\/font-bomba-d-aigua\/#primaryimage\"},\"thumbnailUrl\":\"https:\/\/milanta.net\/wp-content\/uploads\/2020\/09\/1898-FONT-BOMBA-DAIGUA.jpg\",\"datePublished\":\"2020-09-30T10:00:19+00:00\",\"dateModified\":\"2026-03-04T12:07:14+00:00\",\"breadcrumb\":{\"@id\":\"https:\/\/milanta.net\/es\/producte\/font-bomba-d-aigua\/#breadcrumb\"},\"inLanguage\":\"es\",\"potentialAction\":[{\"@type\":\"ReadAction\",\"target\":[\"https:\/\/milanta.net\/es\/producte\/font-bomba-d-aigua\/\"]}]},{\"@type\":\"ImageObject\",\"inLanguage\":\"es\",\"@id\":\"https:\/\/milanta.net\/es\/producte\/font-bomba-d-aigua\/#primaryimage\",\"url\":\"https:\/\/milanta.net\/wp-content\/uploads\/2020\/09\/1898-FONT-BOMBA-DAIGUA.jpg\",\"contentUrl\":\"https:\/\/milanta.net\/wp-content\/uploads\/2020\/09\/1898-FONT-BOMBA-DAIGUA.jpg\",\"width\":738,\"height\":1599,\"caption\":\"FONT BOMBA D'AIGUA\"},{\"@type\":\"BreadcrumbList\",\"@id\":\"https:\/\/milanta.net\/es\/producte\/font-bomba-d-aigua\/#breadcrumb\",\"itemListElement\":[{\"@type\":\"ListItem\",\"position\":1,\"name\":\"Portada\",\"item\":\"https:\/\/milanta.net\/es\/\"},{\"@type\":\"ListItem\",\"position\":2,\"name\":\"Cat\u00e1logo\",\"item\":\"https:\/\/milanta.net\/es\/catalogo\/\"},{\"@type\":\"ListItem\",\"position\":3,\"name\":\"FONT BOMBA D&#8217;AIGUA\"}]},{\"@type\":\"WebSite\",\"@id\":\"https:\/\/milanta.net\/es\/#website\",\"url\":\"https:\/\/milanta.net\/es\/\",\"name\":\"Milanta Patis Vius\",\"description\":\"ESPACIOS NATURALES Y CREATIVOS PARA LA EDUCACI\u00d3N\",\"publisher\":{\"@id\":\"https:\/\/milanta.net\/es\/#organization\"},\"alternateName\":\"Milanta - Patis Vius\",\"potentialAction\":[{\"@type\":\"SearchAction\",\"target\":{\"@type\":\"EntryPoint\",\"urlTemplate\":\"https:\/\/milanta.net\/es\/?s={search_term_string}\"},\"query-input\":{\"@type\":\"PropertyValueSpecification\",\"valueRequired\":true,\"valueName\":\"search_term_string\"}}],\"inLanguage\":\"es\"},{\"@type\":\"Organization\",\"@id\":\"https:\/\/milanta.net\/es\/#organization\",\"name\":\"Milanta\",\"url\":\"https:\/\/milanta.net\/es\/\",\"logo\":{\"@type\":\"ImageObject\",\"inLanguage\":\"es\",\"@id\":\"https:\/\/milanta.net\/es\/#\/schema\/logo\/image\/\",\"url\":\"https:\/\/milanta.net\/wp-content\/uploads\/2023\/04\/Logo-Milanta-color.svg\",\"contentUrl\":\"https:\/\/milanta.net\/wp-content\/uploads\/2023\/04\/Logo-Milanta-color.svg\",\"width\":786,\"height\":486,\"caption\":\"Milanta\"},\"image\":{\"@id\":\"https:\/\/milanta.net\/es\/#\/schema\/logo\/image\/\"},\"sameAs\":[\"https:\/\/www.facebook.com\/MilantaCraft\/\",\"https:\/\/www.instagram.com\/milanta_patis\/\"]}]}<\/script>\n<!-- \/ Yoast SEO Premium plugin. -->","yoast_head_json":{"title":"FONT BOMBA D'AIGUA - Milanta","robots":{"index":"index","follow":"follow","max-snippet":"max-snippet:-1","max-image-preview":"max-image-preview:large","max-video-preview":"max-video-preview:-1"},"canonical":"https:\/\/milanta.net\/es\/producte\/font-bomba-d-aigua\/","og_locale":"es_ES","og_type":"article","og_title":"FONT BOMBA D'AIGUA","og_description":"Instrument per bombar aigua manualment.   El preu no inclou el muntatge","og_url":"https:\/\/milanta.net\/es\/producte\/font-bomba-d-aigua\/","og_site_name":"Milanta","article_publisher":"https:\/\/www.facebook.com\/MilantaCraft\/","article_modified_time":"2026-03-04T12:07:14+00:00","og_image":[{"width":738,"height":1599,"url":"https:\/\/milanta.net\/wp-content\/uploads\/2020\/09\/1898-FONT-BOMBA-DAIGUA.jpg","type":"image\/jpeg"}],"twitter_card":"summary_large_image","twitter_misc":{"Tiempo de lectura":"1 minuto"},"schema":{"@context":"https:\/\/schema.org","@graph":[{"@type":"WebPage","@id":"https:\/\/milanta.net\/es\/producte\/font-bomba-d-aigua\/","url":"https:\/\/milanta.net\/es\/producte\/font-bomba-d-aigua\/","name":"FONT BOMBA D'AIGUA - Milanta","isPartOf":{"@id":"https:\/\/milanta.net\/es\/#website"},"primaryImageOfPage":{"@id":"https:\/\/milanta.net\/es\/producte\/font-bomba-d-aigua\/#primaryimage"},"image":{"@id":"https:\/\/milanta.net\/es\/producte\/font-bomba-d-aigua\/#primaryimage"},"thumbnailUrl":"https:\/\/milanta.net\/wp-content\/uploads\/2020\/09\/1898-FONT-BOMBA-DAIGUA.jpg","datePublished":"2020-09-30T10:00:19+00:00","dateModified":"2026-03-04T12:07:14+00:00","breadcrumb":{"@id":"https:\/\/milanta.net\/es\/producte\/font-bomba-d-aigua\/#breadcrumb"},"inLanguage":"es","potentialAction":[{"@type":"ReadAction","target":["https:\/\/milanta.net\/es\/producte\/font-bomba-d-aigua\/"]}]},{"@type":"ImageObject","inLanguage":"es","@id":"https:\/\/milanta.net\/es\/producte\/font-bomba-d-aigua\/#primaryimage","url":"https:\/\/milanta.net\/wp-content\/uploads\/2020\/09\/1898-FONT-BOMBA-DAIGUA.jpg","contentUrl":"https:\/\/milanta.net\/wp-content\/uploads\/2020\/09\/1898-FONT-BOMBA-DAIGUA.jpg","width":738,"height":1599,"caption":"FONT BOMBA D'AIGUA"},{"@type":"BreadcrumbList","@id":"https:\/\/milanta.net\/es\/producte\/font-bomba-d-aigua\/#breadcrumb","itemListElement":[{"@type":"ListItem","position":1,"name":"Portada","item":"https:\/\/milanta.net\/es\/"},{"@type":"ListItem","position":2,"name":"Cat\u00e1logo","item":"https:\/\/milanta.net\/es\/catalogo\/"},{"@type":"ListItem","position":3,"name":"FONT BOMBA D&#8217;AIGUA"}]},{"@type":"WebSite","@id":"https:\/\/milanta.net\/es\/#website","url":"https:\/\/milanta.net\/es\/","name":"Milanta Patis Vius","description":"ESPACIOS NATURALES Y CREATIVOS PARA LA EDUCACI\u00d3N","publisher":{"@id":"https:\/\/milanta.net\/es\/#organization"},"alternateName":"Milanta - Patis Vius","potentialAction":[{"@type":"SearchAction","target":{"@type":"EntryPoint","urlTemplate":"https:\/\/milanta.net\/es\/?s={search_term_string}"},"query-input":{"@type":"PropertyValueSpecification","valueRequired":true,"valueName":"search_term_string"}}],"inLanguage":"es"},{"@type":"Organization","@id":"https:\/\/milanta.net\/es\/#organization","name":"Milanta","url":"https:\/\/milanta.net\/es\/","logo":{"@type":"ImageObject","inLanguage":"es","@id":"https:\/\/milanta.net\/es\/#\/schema\/logo\/image\/","url":"https:\/\/milanta.net\/wp-content\/uploads\/2023\/04\/Logo-Milanta-color.svg","contentUrl":"https:\/\/milanta.net\/wp-content\/uploads\/2023\/04\/Logo-Milanta-color.svg","width":786,"height":486,"caption":"Milanta"},"image":{"@id":"https:\/\/milanta.net\/es\/#\/schema\/logo\/image\/"},"sameAs":["https:\/\/www.facebook.com\/MilantaCraft\/","https:\/\/www.instagram.com\/milanta_patis\/"]}]}},"_links":{"self":[{"href":"https:\/\/milanta.net\/es\/wp-json\/wp\/v2\/product\/3564","targetHints":{"allow":["GET"]}}],"collection":[{"href":"https:\/\/milanta.net\/es\/wp-json\/wp\/v2\/product"}],"about":[{"href":"https:\/\/milanta.net\/es\/wp-json\/wp\/v2\/types\/product"}],"version-history":[{"count":2,"href":"https:\/\/milanta.net\/es\/wp-json\/wp\/v2\/product\/3564\/revisions"}],"predecessor-version":[{"id":14547,"href":"https:\/\/milanta.net\/es\/wp-json\/wp\/v2\/product\/3564\/revisions\/14547"}],"wp:featuredmedia":[{"embeddable":true,"href":"https:\/\/milanta.net\/es\/wp-json\/wp\/v2\/media\/3562"}],"wp:attachment":[{"href":"https:\/\/milanta.net\/es\/wp-json\/wp\/v2\/media?parent=3564"}],"wp:term":[{"taxonomy":"product_brand","embeddable":true,"href":"https:\/\/milanta.net\/es\/wp-json\/wp\/v2\/product_brand?post=3564"},{"taxonomy":"product_cat","embeddable":true,"href":"https:\/\/milanta.net\/es\/wp-json\/wp\/v2\/product_cat?post=3564"},{"taxonomy":"product_tag","embeddable":true,"href":"https:\/\/milanta.net\/es\/wp-json\/wp\/v2\/product_tag?post=3564"},{"taxonomy":"ubicacion-del-mobiliario","embeddable":true,"href":"https:\/\/milanta.net\/es\/wp-json\/wp\/v2\/ubicacion-del-mobiliario?post=3564"}],"curies":[{"name":"wp","href":"https:\/\/api.w.org\/{rel}","templated":true}]}}