{"id":3577,"date":"2020-10-14T09:39:50","date_gmt":"2020-10-14T09:39:50","guid":{"rendered":"https:\/\/milanta.net\/producto\/circuit-de-cinc-taules-d-aigua\/"},"modified":"2023-10-05T12:04:58","modified_gmt":"2023-10-05T12:04:58","slug":"circuit-de-cinc-taules-d-aigua","status":"publish","type":"product","link":"https:\/\/milanta.net\/es\/producte\/circuit-de-cinc-taules-d-aigua\/","title":{"rendered":"CIRCUIT DE CINC TAULES D&#8217;AIGUA"},"content":{"rendered":"<p style=\"margin-top: 0px;margin-bottom: 10px;color: #808080;font-family: Poppins, sans-serif;font-size: 14px;background-color: #ffffff\"><span style=\"color: #000000;font-family: 'Open Sans', Helvetica, Arial, sans-serif;font-size: 16px\">La circulaci\u00f3 de l&#8217;aigua desperta els sentits i fomenta l&#8217;experimentaci\u00f3 dels infants.<\/span><\/p>\n<p style=\"line-height: 26px;margin: 0px;font-family: 'Open Sans', Helvetica, Arial, sans-serif;font-size: 16px\">L&#8217;aigua llisca avall movent i modificant elements naturals com la sorra i petits materials org\u00e0nics. A partir d&#8217;aqu\u00ed, el joc lliure \u00e9s el millor mestre. L&#8217;observaci\u00f3 del moviment permet comprovar de forma pr\u00e0ctica les caracter\u00edstiques dels elements que ens envolten.<\/p>\n<p style=\"line-height: 26px;margin: 0px;font-family: 'Open Sans', Helvetica, Arial, sans-serif;font-size: 16px\">Us recomanem que el desaigua no vagi al clavegueram, tant de bo que l&#8217;aigua que cau a terra continu\u00ef circulant fins a les plantes i els arbres que l&#8217;envolten.<\/p>\n<p style=\"line-height: 26px;margin: 0px;font-family: 'Open Sans', Helvetica, Arial, sans-serif;font-size: 16px\">Milanta us pot ajudar a canalitzar l&#8217;aigua fins als escocells!<br \/>No perdem ni una sola gota!<\/p>\n<p style=\"line-height: 26px;margin: 0px;font-family: 'Open Sans', Helvetica, Arial, sans-serif;font-size: 16px\">Les plataformes es poden dissenyar a MIDA.<\/p>\n<p style=\"line-height: 26px;margin: 0px;font-family: 'Open Sans', Helvetica, Arial, sans-serif;font-size: 16px\">La tarima de fusta no est\u00e0 incl\u00f2s en el preu.<\/p>\n<p style=\"line-height: 26px;margin: 0px;font-family: 'Open Sans', Helvetica, Arial, sans-serif;font-size: 16px\">La font no est\u00e0 inclosa. La podeu comprar a part, veure als articles relacionats al peu de la p\u00e0gina.<\/p>\n","protected":false},"excerpt":{"rendered":"<p><span style=\"color: #808080;font-family: Poppins, sans-serif;font-size: 14px;background-color: #ffffff\">Circuit d&#8217;aigua per exterior format per un conjunt de\u00a0cinc\u00a0plataformes grans.<\/span><\/p>\n","protected":false},"featured_media":3570,"template":"","meta":[],"product_brand":[],"product_cat":[743],"product_tag":[],"ubicacion-del-mobiliario":[],"class_list":{"0":"post-3577","1":"product","2":"type-product","3":"status-publish","4":"has-post-thumbnail","6":"product_cat-sorra-aigua-i-experimentacio","8":"first","9":"instock","10":"taxable","11":"shipping-taxable","12":"purchasable","13":"product-type-simple"},"yoast_head":"<!-- This site is optimized with the Yoast SEO Premium plugin v21.6 (Yoast SEO v27.2) - https:\/\/yoast.com\/product\/yoast-seo-premium-wordpress\/ -->\n<title>CIRCUIT DE CINC TAULES D&#039;AIGUA - Milanta<\/title>\n<meta name=\"robots\" content=\"index, follow, max-snippet:-1, max-image-preview:large, max-video-preview:-1\" \/>\n<link rel=\"canonical\" href=\"https:\/\/milanta.net\/es\/producte\/circuit-de-cinc-taules-d-aigua\/\" \/>\n<meta property=\"og:locale\" content=\"es_ES\" \/>\n<meta property=\"og:type\" content=\"article\" \/>\n<meta property=\"og:title\" content=\"CIRCUIT DE CINC TAULES D&#039;AIGUA\" \/>\n<meta property=\"og:description\" content=\"Circuit d&#039;aigua per exterior format per un conjunt de\u00a0cinc\u00a0plataformes grans.\" \/>\n<meta property=\"og:url\" content=\"https:\/\/milanta.net\/es\/producte\/circuit-de-cinc-taules-d-aigua\/\" \/>\n<meta property=\"og:site_name\" content=\"Milanta\" \/>\n<meta property=\"article:publisher\" content=\"https:\/\/www.facebook.com\/MilantaCraft\/\" \/>\n<meta property=\"article:modified_time\" content=\"2023-10-05T12:04:58+00:00\" \/>\n<meta property=\"og:image\" content=\"https:\/\/milanta.net\/wp-content\/uploads\/2020\/10\/1912-CIRCUIT-DE-CINC-TAULES-DAIGUA.jpg\" \/>\n\t<meta property=\"og:image:width\" content=\"1024\" \/>\n\t<meta property=\"og:image:height\" content=\"768\" \/>\n\t<meta property=\"og:image:type\" content=\"image\/jpeg\" \/>\n<meta name=\"twitter:card\" content=\"summary_large_image\" \/>\n<meta name=\"twitter:label1\" content=\"Tiempo de lectura\" \/>\n\t<meta name=\"twitter:data1\" content=\"1 minuto\" \/>\n<script type=\"application\/ld+json\" class=\"yoast-schema-graph\">{\"@context\":\"https:\/\/schema.org\",\"@graph\":[{\"@type\":\"WebPage\",\"@id\":\"https:\/\/milanta.net\/es\/producte\/circuit-de-cinc-taules-d-aigua\/\",\"url\":\"https:\/\/milanta.net\/es\/producte\/circuit-de-cinc-taules-d-aigua\/\",\"name\":\"CIRCUIT DE CINC TAULES D'AIGUA - Milanta\",\"isPartOf\":{\"@id\":\"https:\/\/milanta.net\/es\/#website\"},\"primaryImageOfPage\":{\"@id\":\"https:\/\/milanta.net\/es\/producte\/circuit-de-cinc-taules-d-aigua\/#primaryimage\"},\"image\":{\"@id\":\"https:\/\/milanta.net\/es\/producte\/circuit-de-cinc-taules-d-aigua\/#primaryimage\"},\"thumbnailUrl\":\"https:\/\/milanta.net\/wp-content\/uploads\/2020\/10\/1912-CIRCUIT-DE-CINC-TAULES-DAIGUA.jpg\",\"datePublished\":\"2020-10-14T09:39:50+00:00\",\"dateModified\":\"2023-10-05T12:04:58+00:00\",\"breadcrumb\":{\"@id\":\"https:\/\/milanta.net\/es\/producte\/circuit-de-cinc-taules-d-aigua\/#breadcrumb\"},\"inLanguage\":\"es\",\"potentialAction\":[{\"@type\":\"ReadAction\",\"target\":[\"https:\/\/milanta.net\/es\/producte\/circuit-de-cinc-taules-d-aigua\/\"]}]},{\"@type\":\"ImageObject\",\"inLanguage\":\"es\",\"@id\":\"https:\/\/milanta.net\/es\/producte\/circuit-de-cinc-taules-d-aigua\/#primaryimage\",\"url\":\"https:\/\/milanta.net\/wp-content\/uploads\/2020\/10\/1912-CIRCUIT-DE-CINC-TAULES-DAIGUA.jpg\",\"contentUrl\":\"https:\/\/milanta.net\/wp-content\/uploads\/2020\/10\/1912-CIRCUIT-DE-CINC-TAULES-DAIGUA.jpg\",\"width\":1024,\"height\":768,\"caption\":\"CIRCUIT DE CINC TAULES D'AIGUA\"},{\"@type\":\"BreadcrumbList\",\"@id\":\"https:\/\/milanta.net\/es\/producte\/circuit-de-cinc-taules-d-aigua\/#breadcrumb\",\"itemListElement\":[{\"@type\":\"ListItem\",\"position\":1,\"name\":\"Portada\",\"item\":\"https:\/\/milanta.net\/es\/\"},{\"@type\":\"ListItem\",\"position\":2,\"name\":\"Cat\u00e1logo\",\"item\":\"https:\/\/milanta.net\/es\/catalogo\/\"},{\"@type\":\"ListItem\",\"position\":3,\"name\":\"CIRCUIT DE CINC TAULES D&#8217;AIGUA\"}]},{\"@type\":\"WebSite\",\"@id\":\"https:\/\/milanta.net\/es\/#website\",\"url\":\"https:\/\/milanta.net\/es\/\",\"name\":\"Milanta Patis Vius\",\"description\":\"ESPACIOS NATURALES Y CREATIVOS PARA LA EDUCACI\u00d3N\",\"publisher\":{\"@id\":\"https:\/\/milanta.net\/es\/#organization\"},\"alternateName\":\"Milanta - Patis Vius\",\"potentialAction\":[{\"@type\":\"SearchAction\",\"target\":{\"@type\":\"EntryPoint\",\"urlTemplate\":\"https:\/\/milanta.net\/es\/?s={search_term_string}\"},\"query-input\":{\"@type\":\"PropertyValueSpecification\",\"valueRequired\":true,\"valueName\":\"search_term_string\"}}],\"inLanguage\":\"es\"},{\"@type\":\"Organization\",\"@id\":\"https:\/\/milanta.net\/es\/#organization\",\"name\":\"Milanta\",\"url\":\"https:\/\/milanta.net\/es\/\",\"logo\":{\"@type\":\"ImageObject\",\"inLanguage\":\"es\",\"@id\":\"https:\/\/milanta.net\/es\/#\/schema\/logo\/image\/\",\"url\":\"https:\/\/milanta.net\/wp-content\/uploads\/2023\/04\/Logo-Milanta-color.svg\",\"contentUrl\":\"https:\/\/milanta.net\/wp-content\/uploads\/2023\/04\/Logo-Milanta-color.svg\",\"width\":786,\"height\":486,\"caption\":\"Milanta\"},\"image\":{\"@id\":\"https:\/\/milanta.net\/es\/#\/schema\/logo\/image\/\"},\"sameAs\":[\"https:\/\/www.facebook.com\/MilantaCraft\/\",\"https:\/\/www.instagram.com\/milanta_patis\/\"]}]}<\/script>\n<!-- \/ Yoast SEO Premium plugin. -->","yoast_head_json":{"title":"CIRCUIT DE CINC TAULES D'AIGUA - Milanta","robots":{"index":"index","follow":"follow","max-snippet":"max-snippet:-1","max-image-preview":"max-image-preview:large","max-video-preview":"max-video-preview:-1"},"canonical":"https:\/\/milanta.net\/es\/producte\/circuit-de-cinc-taules-d-aigua\/","og_locale":"es_ES","og_type":"article","og_title":"CIRCUIT DE CINC TAULES D'AIGUA","og_description":"Circuit d'aigua per exterior format per un conjunt de\u00a0cinc\u00a0plataformes grans.","og_url":"https:\/\/milanta.net\/es\/producte\/circuit-de-cinc-taules-d-aigua\/","og_site_name":"Milanta","article_publisher":"https:\/\/www.facebook.com\/MilantaCraft\/","article_modified_time":"2023-10-05T12:04:58+00:00","og_image":[{"width":1024,"height":768,"url":"https:\/\/milanta.net\/wp-content\/uploads\/2020\/10\/1912-CIRCUIT-DE-CINC-TAULES-DAIGUA.jpg","type":"image\/jpeg"}],"twitter_card":"summary_large_image","twitter_misc":{"Tiempo de lectura":"1 minuto"},"schema":{"@context":"https:\/\/schema.org","@graph":[{"@type":"WebPage","@id":"https:\/\/milanta.net\/es\/producte\/circuit-de-cinc-taules-d-aigua\/","url":"https:\/\/milanta.net\/es\/producte\/circuit-de-cinc-taules-d-aigua\/","name":"CIRCUIT DE CINC TAULES D'AIGUA - Milanta","isPartOf":{"@id":"https:\/\/milanta.net\/es\/#website"},"primaryImageOfPage":{"@id":"https:\/\/milanta.net\/es\/producte\/circuit-de-cinc-taules-d-aigua\/#primaryimage"},"image":{"@id":"https:\/\/milanta.net\/es\/producte\/circuit-de-cinc-taules-d-aigua\/#primaryimage"},"thumbnailUrl":"https:\/\/milanta.net\/wp-content\/uploads\/2020\/10\/1912-CIRCUIT-DE-CINC-TAULES-DAIGUA.jpg","datePublished":"2020-10-14T09:39:50+00:00","dateModified":"2023-10-05T12:04:58+00:00","breadcrumb":{"@id":"https:\/\/milanta.net\/es\/producte\/circuit-de-cinc-taules-d-aigua\/#breadcrumb"},"inLanguage":"es","potentialAction":[{"@type":"ReadAction","target":["https:\/\/milanta.net\/es\/producte\/circuit-de-cinc-taules-d-aigua\/"]}]},{"@type":"ImageObject","inLanguage":"es","@id":"https:\/\/milanta.net\/es\/producte\/circuit-de-cinc-taules-d-aigua\/#primaryimage","url":"https:\/\/milanta.net\/wp-content\/uploads\/2020\/10\/1912-CIRCUIT-DE-CINC-TAULES-DAIGUA.jpg","contentUrl":"https:\/\/milanta.net\/wp-content\/uploads\/2020\/10\/1912-CIRCUIT-DE-CINC-TAULES-DAIGUA.jpg","width":1024,"height":768,"caption":"CIRCUIT DE CINC TAULES D'AIGUA"},{"@type":"BreadcrumbList","@id":"https:\/\/milanta.net\/es\/producte\/circuit-de-cinc-taules-d-aigua\/#breadcrumb","itemListElement":[{"@type":"ListItem","position":1,"name":"Portada","item":"https:\/\/milanta.net\/es\/"},{"@type":"ListItem","position":2,"name":"Cat\u00e1logo","item":"https:\/\/milanta.net\/es\/catalogo\/"},{"@type":"ListItem","position":3,"name":"CIRCUIT DE CINC TAULES D&#8217;AIGUA"}]},{"@type":"WebSite","@id":"https:\/\/milanta.net\/es\/#website","url":"https:\/\/milanta.net\/es\/","name":"Milanta Patis Vius","description":"ESPACIOS NATURALES Y CREATIVOS PARA LA EDUCACI\u00d3N","publisher":{"@id":"https:\/\/milanta.net\/es\/#organization"},"alternateName":"Milanta - Patis Vius","potentialAction":[{"@type":"SearchAction","target":{"@type":"EntryPoint","urlTemplate":"https:\/\/milanta.net\/es\/?s={search_term_string}"},"query-input":{"@type":"PropertyValueSpecification","valueRequired":true,"valueName":"search_term_string"}}],"inLanguage":"es"},{"@type":"Organization","@id":"https:\/\/milanta.net\/es\/#organization","name":"Milanta","url":"https:\/\/milanta.net\/es\/","logo":{"@type":"ImageObject","inLanguage":"es","@id":"https:\/\/milanta.net\/es\/#\/schema\/logo\/image\/","url":"https:\/\/milanta.net\/wp-content\/uploads\/2023\/04\/Logo-Milanta-color.svg","contentUrl":"https:\/\/milanta.net\/wp-content\/uploads\/2023\/04\/Logo-Milanta-color.svg","width":786,"height":486,"caption":"Milanta"},"image":{"@id":"https:\/\/milanta.net\/es\/#\/schema\/logo\/image\/"},"sameAs":["https:\/\/www.facebook.com\/MilantaCraft\/","https:\/\/www.instagram.com\/milanta_patis\/"]}]}},"_links":{"self":[{"href":"https:\/\/milanta.net\/es\/wp-json\/wp\/v2\/product\/3577","targetHints":{"allow":["GET"]}}],"collection":[{"href":"https:\/\/milanta.net\/es\/wp-json\/wp\/v2\/product"}],"about":[{"href":"https:\/\/milanta.net\/es\/wp-json\/wp\/v2\/types\/product"}],"version-history":[{"count":0,"href":"https:\/\/milanta.net\/es\/wp-json\/wp\/v2\/product\/3577\/revisions"}],"wp:featuredmedia":[{"embeddable":true,"href":"https:\/\/milanta.net\/es\/wp-json\/wp\/v2\/media\/3570"}],"wp:attachment":[{"href":"https:\/\/milanta.net\/es\/wp-json\/wp\/v2\/media?parent=3577"}],"wp:term":[{"taxonomy":"product_brand","embeddable":true,"href":"https:\/\/milanta.net\/es\/wp-json\/wp\/v2\/product_brand?post=3577"},{"taxonomy":"product_cat","embeddable":true,"href":"https:\/\/milanta.net\/es\/wp-json\/wp\/v2\/product_cat?post=3577"},{"taxonomy":"product_tag","embeddable":true,"href":"https:\/\/milanta.net\/es\/wp-json\/wp\/v2\/product_tag?post=3577"},{"taxonomy":"ubicacion-del-mobiliario","embeddable":true,"href":"https:\/\/milanta.net\/es\/wp-json\/wp\/v2\/ubicacion-del-mobiliario?post=3577"}],"curies":[{"name":"wp","href":"https:\/\/api.w.org\/{rel}","templated":true}]}}