{"id":3595,"date":"2020-11-24T05:35:42","date_gmt":"2020-11-24T05:35:42","guid":{"rendered":"https:\/\/milanta.net\/producto\/torre-d-escalada\/"},"modified":"2025-05-19T12:45:54","modified_gmt":"2025-05-19T10:45:54","slug":"torre-d-escalada","status":"publish","type":"product","link":"https:\/\/milanta.net\/es\/producte\/torre-d-escalada\/","title":{"rendered":"Torre d&#8217;escalada amb amagatall"},"content":{"rendered":"<p>Aquesta petita torre d&#8217;escalada es compon d&#8217;una plataforma elevada amb baranes de fusta i 2 accessos que contenen preses i cordes per grimpar. Sota la plataforma hi ha un tub m\u00e0gnum ideal per amagar-se i desenvolupar-hi tota mena de joc simb\u00f2lic.<\/p>\n<p>Aquesta estructura de joc, ideal per patis d&#8217;escola infantil, tamb\u00e9 ens permet pujar i observar els voltants des d&#8217;una altra perspectiva, o amagar-se i mirar enfora sense ser vist.<\/p>\n<p>Les torres d\u2019escalada permeten als infants explorar el moviment amb llibertat, decidint com interactuar-hi segons les seves capacitats i emocions. A trav\u00e9s del joc, desenvolupen habilitats com l\u2019equilibri, la coordinaci\u00f3 i la concentraci\u00f3, alhora que guanyen confian\u00e7a i autonomia. Els reptes que ofereix la xarxa fomenten la resili\u00e8ncia i sovint afavoreixen la cooperaci\u00f3 espont\u00e0nia entre infants. Una estructura oberta que convida a aprendre jugant.<\/p>\n<p>&#8212;-<br \/>\nEl preu no inclou el muntatge.<\/p>\n<p>Cal terra esmorte\u00efdor (saul\u00f3 o similar)<\/p>\n","protected":false},"excerpt":{"rendered":"<p>Estructura de fusta petita per patis escolars per escalar i desenvolupar-hi tot tipus de joc simb\u00f2lic<\/p>\n","protected":false},"featured_media":3589,"template":"","meta":[],"product_brand":[],"product_cat":[740],"product_tag":[],"ubicacion-del-mobiliario":[821],"class_list":{"0":"post-3595","1":"product","2":"type-product","3":"status-publish","4":"has-post-thumbnail","6":"product_cat-estructures-de-fusta-pel-pati","7":"ubicacion-del-mobiliario-exterior","9":"first","10":"instock","11":"taxable","12":"shipping-taxable","13":"purchasable","14":"product-type-simple"},"yoast_head":"<!-- This site is optimized with the Yoast SEO Premium plugin v21.6 (Yoast SEO v27.3) - https:\/\/yoast.com\/product\/yoast-seo-premium-wordpress\/ -->\n<title>Torre d&#039;escalada amb amagatall - Milanta<\/title>\n<meta name=\"description\" content=\"Petita torre d&#039;escalada composta d&#039;una plataforma elevada amb baranes de fusta, 2 accessos amb preses i cordes per grimpar i un tub d&#039;amagatall.\" \/>\n<meta name=\"robots\" content=\"index, follow, max-snippet:-1, max-image-preview:large, max-video-preview:-1\" \/>\n<link rel=\"canonical\" href=\"https:\/\/milanta.net\/es\/producte\/torre-d-escalada\/\" \/>\n<meta property=\"og:locale\" content=\"es_ES\" \/>\n<meta property=\"og:type\" content=\"article\" \/>\n<meta property=\"og:title\" content=\"Torre d&#039;escalada amb amagatall\" \/>\n<meta property=\"og:description\" content=\"Petita torre d&#039;escalada composta d&#039;una plataforma elevada amb baranes de fusta, 2 accessos amb preses i cordes per grimpar i un tub d&#039;amagatall.\" \/>\n<meta property=\"og:url\" content=\"https:\/\/milanta.net\/es\/producte\/torre-d-escalada\/\" \/>\n<meta property=\"og:site_name\" content=\"Milanta\" \/>\n<meta property=\"article:publisher\" content=\"https:\/\/www.facebook.com\/MilantaCraft\/\" \/>\n<meta property=\"article:modified_time\" content=\"2025-05-19T10:45:54+00:00\" \/>\n<meta property=\"og:image\" content=\"https:\/\/milanta.net\/wp-content\/uploads\/2020\/11\/1952-TORRE-DESCALADA.jpg\" \/>\n\t<meta property=\"og:image:width\" content=\"681\" \/>\n\t<meta property=\"og:image:height\" content=\"709\" \/>\n\t<meta property=\"og:image:type\" content=\"image\/jpeg\" \/>\n<meta name=\"twitter:card\" content=\"summary_large_image\" \/>\n<meta name=\"twitter:label1\" content=\"Tiempo de lectura\" \/>\n\t<meta name=\"twitter:data1\" content=\"1 minuto\" \/>\n<script type=\"application\/ld+json\" class=\"yoast-schema-graph\">{\"@context\":\"https:\\\/\\\/schema.org\",\"@graph\":[{\"@type\":\"WebPage\",\"@id\":\"https:\\\/\\\/milanta.net\\\/es\\\/producte\\\/torre-d-escalada\\\/\",\"url\":\"https:\\\/\\\/milanta.net\\\/es\\\/producte\\\/torre-d-escalada\\\/\",\"name\":\"Torre d'escalada amb amagatall - Milanta\",\"isPartOf\":{\"@id\":\"https:\\\/\\\/milanta.net\\\/es\\\/#website\"},\"primaryImageOfPage\":{\"@id\":\"https:\\\/\\\/milanta.net\\\/es\\\/producte\\\/torre-d-escalada\\\/#primaryimage\"},\"image\":{\"@id\":\"https:\\\/\\\/milanta.net\\\/es\\\/producte\\\/torre-d-escalada\\\/#primaryimage\"},\"thumbnailUrl\":\"https:\\\/\\\/milanta.net\\\/wp-content\\\/uploads\\\/2020\\\/11\\\/1952-TORRE-DESCALADA.jpg\",\"datePublished\":\"2020-11-24T05:35:42+00:00\",\"dateModified\":\"2025-05-19T10:45:54+00:00\",\"description\":\"Petita torre d'escalada composta d'una plataforma elevada amb baranes de fusta, 2 accessos amb preses i cordes per grimpar i un tub d'amagatall.\",\"breadcrumb\":{\"@id\":\"https:\\\/\\\/milanta.net\\\/es\\\/producte\\\/torre-d-escalada\\\/#breadcrumb\"},\"inLanguage\":\"es\",\"potentialAction\":[{\"@type\":\"ReadAction\",\"target\":[\"https:\\\/\\\/milanta.net\\\/es\\\/producte\\\/torre-d-escalada\\\/\"]}]},{\"@type\":\"ImageObject\",\"inLanguage\":\"es\",\"@id\":\"https:\\\/\\\/milanta.net\\\/es\\\/producte\\\/torre-d-escalada\\\/#primaryimage\",\"url\":\"https:\\\/\\\/milanta.net\\\/wp-content\\\/uploads\\\/2020\\\/11\\\/1952-TORRE-DESCALADA.jpg\",\"contentUrl\":\"https:\\\/\\\/milanta.net\\\/wp-content\\\/uploads\\\/2020\\\/11\\\/1952-TORRE-DESCALADA.jpg\",\"width\":681,\"height\":709,\"caption\":\"TORRE D'ESCALADA\"},{\"@type\":\"BreadcrumbList\",\"@id\":\"https:\\\/\\\/milanta.net\\\/es\\\/producte\\\/torre-d-escalada\\\/#breadcrumb\",\"itemListElement\":[{\"@type\":\"ListItem\",\"position\":1,\"name\":\"Portada\",\"item\":\"https:\\\/\\\/milanta.net\\\/es\\\/\"},{\"@type\":\"ListItem\",\"position\":2,\"name\":\"Cat\u00e1logo\",\"item\":\"https:\\\/\\\/milanta.net\\\/es\\\/catalogo\\\/\"},{\"@type\":\"ListItem\",\"position\":3,\"name\":\"Torre d&#8217;escalada amb amagatall\"}]},{\"@type\":\"WebSite\",\"@id\":\"https:\\\/\\\/milanta.net\\\/es\\\/#website\",\"url\":\"https:\\\/\\\/milanta.net\\\/es\\\/\",\"name\":\"Milanta Patis Vius\",\"description\":\"ESPACIOS NATURALES Y CREATIVOS PARA LA EDUCACI\u00d3N\",\"publisher\":{\"@id\":\"https:\\\/\\\/milanta.net\\\/es\\\/#organization\"},\"alternateName\":\"Milanta - Patis Vius\",\"potentialAction\":[{\"@type\":\"SearchAction\",\"target\":{\"@type\":\"EntryPoint\",\"urlTemplate\":\"https:\\\/\\\/milanta.net\\\/es\\\/?s={search_term_string}\"},\"query-input\":{\"@type\":\"PropertyValueSpecification\",\"valueRequired\":true,\"valueName\":\"search_term_string\"}}],\"inLanguage\":\"es\"},{\"@type\":\"Organization\",\"@id\":\"https:\\\/\\\/milanta.net\\\/es\\\/#organization\",\"name\":\"Milanta\",\"url\":\"https:\\\/\\\/milanta.net\\\/es\\\/\",\"logo\":{\"@type\":\"ImageObject\",\"inLanguage\":\"es\",\"@id\":\"https:\\\/\\\/milanta.net\\\/es\\\/#\\\/schema\\\/logo\\\/image\\\/\",\"url\":\"https:\\\/\\\/milanta.net\\\/wp-content\\\/uploads\\\/2023\\\/04\\\/Logo-Milanta-color.svg\",\"contentUrl\":\"https:\\\/\\\/milanta.net\\\/wp-content\\\/uploads\\\/2023\\\/04\\\/Logo-Milanta-color.svg\",\"caption\":\"Milanta\"},\"image\":{\"@id\":\"https:\\\/\\\/milanta.net\\\/es\\\/#\\\/schema\\\/logo\\\/image\\\/\"},\"sameAs\":[\"https:\\\/\\\/www.facebook.com\\\/MilantaCraft\\\/\",\"https:\\\/\\\/www.instagram.com\\\/milanta_patis\\\/\"]}]}<\/script>\n<!-- \/ Yoast SEO Premium plugin. -->","yoast_head_json":{"title":"Torre d'escalada amb amagatall - Milanta","description":"Petita torre d'escalada composta d'una plataforma elevada amb baranes de fusta, 2 accessos amb preses i cordes per grimpar i un tub d'amagatall.","robots":{"index":"index","follow":"follow","max-snippet":"max-snippet:-1","max-image-preview":"max-image-preview:large","max-video-preview":"max-video-preview:-1"},"canonical":"https:\/\/milanta.net\/es\/producte\/torre-d-escalada\/","og_locale":"es_ES","og_type":"article","og_title":"Torre d'escalada amb amagatall","og_description":"Petita torre d'escalada composta d'una plataforma elevada amb baranes de fusta, 2 accessos amb preses i cordes per grimpar i un tub d'amagatall.","og_url":"https:\/\/milanta.net\/es\/producte\/torre-d-escalada\/","og_site_name":"Milanta","article_publisher":"https:\/\/www.facebook.com\/MilantaCraft\/","article_modified_time":"2025-05-19T10:45:54+00:00","og_image":[{"width":681,"height":709,"url":"https:\/\/milanta.net\/wp-content\/uploads\/2020\/11\/1952-TORRE-DESCALADA.jpg","type":"image\/jpeg"}],"twitter_card":"summary_large_image","twitter_misc":{"Tiempo de lectura":"1 minuto"},"schema":{"@context":"https:\/\/schema.org","@graph":[{"@type":"WebPage","@id":"https:\/\/milanta.net\/es\/producte\/torre-d-escalada\/","url":"https:\/\/milanta.net\/es\/producte\/torre-d-escalada\/","name":"Torre d'escalada amb amagatall - Milanta","isPartOf":{"@id":"https:\/\/milanta.net\/es\/#website"},"primaryImageOfPage":{"@id":"https:\/\/milanta.net\/es\/producte\/torre-d-escalada\/#primaryimage"},"image":{"@id":"https:\/\/milanta.net\/es\/producte\/torre-d-escalada\/#primaryimage"},"thumbnailUrl":"https:\/\/milanta.net\/wp-content\/uploads\/2020\/11\/1952-TORRE-DESCALADA.jpg","datePublished":"2020-11-24T05:35:42+00:00","dateModified":"2025-05-19T10:45:54+00:00","description":"Petita torre d'escalada composta d'una plataforma elevada amb baranes de fusta, 2 accessos amb preses i cordes per grimpar i un tub d'amagatall.","breadcrumb":{"@id":"https:\/\/milanta.net\/es\/producte\/torre-d-escalada\/#breadcrumb"},"inLanguage":"es","potentialAction":[{"@type":"ReadAction","target":["https:\/\/milanta.net\/es\/producte\/torre-d-escalada\/"]}]},{"@type":"ImageObject","inLanguage":"es","@id":"https:\/\/milanta.net\/es\/producte\/torre-d-escalada\/#primaryimage","url":"https:\/\/milanta.net\/wp-content\/uploads\/2020\/11\/1952-TORRE-DESCALADA.jpg","contentUrl":"https:\/\/milanta.net\/wp-content\/uploads\/2020\/11\/1952-TORRE-DESCALADA.jpg","width":681,"height":709,"caption":"TORRE D'ESCALADA"},{"@type":"BreadcrumbList","@id":"https:\/\/milanta.net\/es\/producte\/torre-d-escalada\/#breadcrumb","itemListElement":[{"@type":"ListItem","position":1,"name":"Portada","item":"https:\/\/milanta.net\/es\/"},{"@type":"ListItem","position":2,"name":"Cat\u00e1logo","item":"https:\/\/milanta.net\/es\/catalogo\/"},{"@type":"ListItem","position":3,"name":"Torre d&#8217;escalada amb amagatall"}]},{"@type":"WebSite","@id":"https:\/\/milanta.net\/es\/#website","url":"https:\/\/milanta.net\/es\/","name":"Milanta Patis Vius","description":"ESPACIOS NATURALES Y CREATIVOS PARA LA EDUCACI\u00d3N","publisher":{"@id":"https:\/\/milanta.net\/es\/#organization"},"alternateName":"Milanta - Patis Vius","potentialAction":[{"@type":"SearchAction","target":{"@type":"EntryPoint","urlTemplate":"https:\/\/milanta.net\/es\/?s={search_term_string}"},"query-input":{"@type":"PropertyValueSpecification","valueRequired":true,"valueName":"search_term_string"}}],"inLanguage":"es"},{"@type":"Organization","@id":"https:\/\/milanta.net\/es\/#organization","name":"Milanta","url":"https:\/\/milanta.net\/es\/","logo":{"@type":"ImageObject","inLanguage":"es","@id":"https:\/\/milanta.net\/es\/#\/schema\/logo\/image\/","url":"https:\/\/milanta.net\/wp-content\/uploads\/2023\/04\/Logo-Milanta-color.svg","contentUrl":"https:\/\/milanta.net\/wp-content\/uploads\/2023\/04\/Logo-Milanta-color.svg","caption":"Milanta"},"image":{"@id":"https:\/\/milanta.net\/es\/#\/schema\/logo\/image\/"},"sameAs":["https:\/\/www.facebook.com\/MilantaCraft\/","https:\/\/www.instagram.com\/milanta_patis\/"]}]}},"_links":{"self":[{"href":"https:\/\/milanta.net\/es\/wp-json\/wp\/v2\/product\/3595","targetHints":{"allow":["GET"]}}],"collection":[{"href":"https:\/\/milanta.net\/es\/wp-json\/wp\/v2\/product"}],"about":[{"href":"https:\/\/milanta.net\/es\/wp-json\/wp\/v2\/types\/product"}],"version-history":[{"count":0,"href":"https:\/\/milanta.net\/es\/wp-json\/wp\/v2\/product\/3595\/revisions"}],"wp:featuredmedia":[{"embeddable":true,"href":"https:\/\/milanta.net\/es\/wp-json\/wp\/v2\/media\/3589"}],"wp:attachment":[{"href":"https:\/\/milanta.net\/es\/wp-json\/wp\/v2\/media?parent=3595"}],"wp:term":[{"taxonomy":"product_brand","embeddable":true,"href":"https:\/\/milanta.net\/es\/wp-json\/wp\/v2\/product_brand?post=3595"},{"taxonomy":"product_cat","embeddable":true,"href":"https:\/\/milanta.net\/es\/wp-json\/wp\/v2\/product_cat?post=3595"},{"taxonomy":"product_tag","embeddable":true,"href":"https:\/\/milanta.net\/es\/wp-json\/wp\/v2\/product_tag?post=3595"},{"taxonomy":"ubicacion-del-mobiliario","embeddable":true,"href":"https:\/\/milanta.net\/es\/wp-json\/wp\/v2\/ubicacion-del-mobiliario?post=3595"}],"curies":[{"name":"wp","href":"https:\/\/api.w.org\/{rel}","templated":true}]}}