{"id":3608,"date":"2021-01-05T06:32:06","date_gmt":"2021-01-05T06:32:06","guid":{"rendered":"https:\/\/milanta.net\/producto\/taula-d-experimentacio-amb-cubetes-xirinacs\/"},"modified":"2024-02-27T09:04:23","modified_gmt":"2024-02-27T09:04:23","slug":"taula-d-experimentacio-amb-cubetes-xirinacs","status":"publish","type":"product","link":"https:\/\/milanta.net\/es\/producte\/taula-d-experimentacio-amb-cubetes-xirinacs\/","title":{"rendered":"TAULA D&#8217;EXPERIMENTACI\u00d3 AMB CUBETES XIRINACS"},"content":{"rendered":"<p><span style=\"color: #666666;font-family: 'Open Sans', Helvetica, Arial, sans-serif;font-size: 16px\">Aquesta proposta convida a descobrir, remenar i elaborar experiments\u00a0<\/span><span style=\"color: #666666;font-family: 'Open Sans', Helvetica, Arial, sans-serif;font-size: 16px\">lliurement<\/span><span style=\"color: #666666;font-family: 'Open Sans', Helvetica, Arial, sans-serif;font-size: 16px\">, els recipients poden contenir l\u00edquids o materials\u00a0<\/span><span style=\"color: #666666;font-family: 'Open Sans', Helvetica, Arial, sans-serif;font-size: 16px\">aquosos<\/span><span style=\"color: #666666;font-family: 'Open Sans', Helvetica, Arial, sans-serif;font-size: 16px\">.<\/span><br style=\"color: #666666;font-family: 'Open Sans', Helvetica, Arial, sans-serif;font-size: 16px\" \/><br style=\"color: #666666;font-family: 'Open Sans', Helvetica, Arial, sans-serif;font-size: 16px\" \/><span style=\"color: #666666;font-family: 'Open Sans', Helvetica, Arial, sans-serif;font-size: 16px\">El m\u00f3n que ens rodeja es capta a trav\u00e9s de la plasticitat, tocar \u00e9s entendre. Creem eines que permeten alterar els elements que ens rodegen.<\/span><\/p>\n<p><span style=\"color: #666666;font-family: 'Open Sans', Helvetica, Arial, sans-serif;font-size: 16px\">Dels dos models que surten a les fotos, el que fem actualment, \u00e9s el que t\u00e9 la fusta m\u00e9s fosca.<\/span><\/p>\n","protected":false},"excerpt":{"rendered":"<p>Taula per amb cubetes de pl\u00e0stic gegants i posa recipients lliscants. P<span style=\"background-color: #ffffff;color: #222222;font-family: Arial, Helvetica, sans-serif;font-size: small\">er fer servir tant a exterior com a interior.<\/span><\/p>\n","protected":false},"featured_media":3597,"template":"","meta":[],"product_brand":[],"product_cat":[743],"product_tag":[],"ubicacion-del-mobiliario":[],"class_list":{"0":"post-3608","1":"product","2":"type-product","3":"status-publish","4":"has-post-thumbnail","6":"product_cat-sorra-aigua-i-experimentacio","8":"first","9":"instock","10":"taxable","11":"shipping-taxable","12":"purchasable","13":"product-type-simple"},"yoast_head":"<!-- This site is optimized with the Yoast SEO Premium plugin v21.6 (Yoast SEO v27.2) - https:\/\/yoast.com\/product\/yoast-seo-premium-wordpress\/ -->\n<title>TAULA D&#039;EXPERIMENTACI\u00d3 AMB CUBETES XIRINACS - Milanta<\/title>\n<meta name=\"robots\" content=\"index, follow, max-snippet:-1, max-image-preview:large, max-video-preview:-1\" \/>\n<link rel=\"canonical\" href=\"https:\/\/milanta.net\/es\/producte\/taula-d-experimentacio-amb-cubetes-xirinacs\/\" \/>\n<meta property=\"og:locale\" content=\"es_ES\" \/>\n<meta property=\"og:type\" content=\"article\" \/>\n<meta property=\"og:title\" content=\"TAULA D&#039;EXPERIMENTACI\u00d3 AMB CUBETES XIRINACS\" \/>\n<meta property=\"og:description\" content=\"Taula per amb cubetes de pl\u00e0stic gegants i posa recipients lliscants. Per fer servir tant a exterior com a interior.\" \/>\n<meta property=\"og:url\" content=\"https:\/\/milanta.net\/es\/producte\/taula-d-experimentacio-amb-cubetes-xirinacs\/\" \/>\n<meta property=\"og:site_name\" content=\"Milanta\" \/>\n<meta property=\"article:publisher\" content=\"https:\/\/www.facebook.com\/MilantaCraft\/\" \/>\n<meta property=\"article:modified_time\" content=\"2024-02-27T09:04:23+00:00\" \/>\n<meta property=\"og:image\" content=\"https:\/\/milanta.net\/wp-content\/uploads\/2021\/01\/2170-TAULA-DEXPERIMENTACIO-AMB-CUBETES-XIRINACS.jpg\" \/>\n\t<meta property=\"og:image:width\" content=\"944\" \/>\n\t<meta property=\"og:image:height\" content=\"1677\" \/>\n\t<meta property=\"og:image:type\" content=\"image\/jpeg\" \/>\n<meta name=\"twitter:card\" content=\"summary_large_image\" \/>\n<script type=\"application\/ld+json\" class=\"yoast-schema-graph\">{\"@context\":\"https:\/\/schema.org\",\"@graph\":[{\"@type\":\"WebPage\",\"@id\":\"https:\/\/milanta.net\/es\/producte\/taula-d-experimentacio-amb-cubetes-xirinacs\/\",\"url\":\"https:\/\/milanta.net\/es\/producte\/taula-d-experimentacio-amb-cubetes-xirinacs\/\",\"name\":\"TAULA D'EXPERIMENTACI\u00d3 AMB CUBETES XIRINACS - Milanta\",\"isPartOf\":{\"@id\":\"https:\/\/milanta.net\/es\/#website\"},\"primaryImageOfPage\":{\"@id\":\"https:\/\/milanta.net\/es\/producte\/taula-d-experimentacio-amb-cubetes-xirinacs\/#primaryimage\"},\"image\":{\"@id\":\"https:\/\/milanta.net\/es\/producte\/taula-d-experimentacio-amb-cubetes-xirinacs\/#primaryimage\"},\"thumbnailUrl\":\"https:\/\/milanta.net\/wp-content\/uploads\/2021\/01\/2170-TAULA-DEXPERIMENTACIO-AMB-CUBETES-XIRINACS.jpg\",\"datePublished\":\"2021-01-05T06:32:06+00:00\",\"dateModified\":\"2024-02-27T09:04:23+00:00\",\"breadcrumb\":{\"@id\":\"https:\/\/milanta.net\/es\/producte\/taula-d-experimentacio-amb-cubetes-xirinacs\/#breadcrumb\"},\"inLanguage\":\"es\",\"potentialAction\":[{\"@type\":\"ReadAction\",\"target\":[\"https:\/\/milanta.net\/es\/producte\/taula-d-experimentacio-amb-cubetes-xirinacs\/\"]}]},{\"@type\":\"ImageObject\",\"inLanguage\":\"es\",\"@id\":\"https:\/\/milanta.net\/es\/producte\/taula-d-experimentacio-amb-cubetes-xirinacs\/#primaryimage\",\"url\":\"https:\/\/milanta.net\/wp-content\/uploads\/2021\/01\/2170-TAULA-DEXPERIMENTACIO-AMB-CUBETES-XIRINACS.jpg\",\"contentUrl\":\"https:\/\/milanta.net\/wp-content\/uploads\/2021\/01\/2170-TAULA-DEXPERIMENTACIO-AMB-CUBETES-XIRINACS.jpg\",\"width\":944,\"height\":1677,\"caption\":\"TAULA D'EXPERIMENTACI\u00d3 AMB CUBETES XIRINACS\"},{\"@type\":\"BreadcrumbList\",\"@id\":\"https:\/\/milanta.net\/es\/producte\/taula-d-experimentacio-amb-cubetes-xirinacs\/#breadcrumb\",\"itemListElement\":[{\"@type\":\"ListItem\",\"position\":1,\"name\":\"Portada\",\"item\":\"https:\/\/milanta.net\/es\/\"},{\"@type\":\"ListItem\",\"position\":2,\"name\":\"Cat\u00e1logo\",\"item\":\"https:\/\/milanta.net\/es\/catalogo\/\"},{\"@type\":\"ListItem\",\"position\":3,\"name\":\"TAULA D&#8217;EXPERIMENTACI\u00d3 AMB CUBETES XIRINACS\"}]},{\"@type\":\"WebSite\",\"@id\":\"https:\/\/milanta.net\/es\/#website\",\"url\":\"https:\/\/milanta.net\/es\/\",\"name\":\"Milanta Patis Vius\",\"description\":\"ESPACIOS NATURALES Y CREATIVOS PARA LA EDUCACI\u00d3N\",\"publisher\":{\"@id\":\"https:\/\/milanta.net\/es\/#organization\"},\"alternateName\":\"Milanta - Patis Vius\",\"potentialAction\":[{\"@type\":\"SearchAction\",\"target\":{\"@type\":\"EntryPoint\",\"urlTemplate\":\"https:\/\/milanta.net\/es\/?s={search_term_string}\"},\"query-input\":{\"@type\":\"PropertyValueSpecification\",\"valueRequired\":true,\"valueName\":\"search_term_string\"}}],\"inLanguage\":\"es\"},{\"@type\":\"Organization\",\"@id\":\"https:\/\/milanta.net\/es\/#organization\",\"name\":\"Milanta\",\"url\":\"https:\/\/milanta.net\/es\/\",\"logo\":{\"@type\":\"ImageObject\",\"inLanguage\":\"es\",\"@id\":\"https:\/\/milanta.net\/es\/#\/schema\/logo\/image\/\",\"url\":\"https:\/\/milanta.net\/wp-content\/uploads\/2023\/04\/Logo-Milanta-color.svg\",\"contentUrl\":\"https:\/\/milanta.net\/wp-content\/uploads\/2023\/04\/Logo-Milanta-color.svg\",\"width\":786,\"height\":486,\"caption\":\"Milanta\"},\"image\":{\"@id\":\"https:\/\/milanta.net\/es\/#\/schema\/logo\/image\/\"},\"sameAs\":[\"https:\/\/www.facebook.com\/MilantaCraft\/\",\"https:\/\/www.instagram.com\/milanta_patis\/\"]}]}<\/script>\n<!-- \/ Yoast SEO Premium plugin. -->","yoast_head_json":{"title":"TAULA D'EXPERIMENTACI\u00d3 AMB CUBETES XIRINACS - Milanta","robots":{"index":"index","follow":"follow","max-snippet":"max-snippet:-1","max-image-preview":"max-image-preview:large","max-video-preview":"max-video-preview:-1"},"canonical":"https:\/\/milanta.net\/es\/producte\/taula-d-experimentacio-amb-cubetes-xirinacs\/","og_locale":"es_ES","og_type":"article","og_title":"TAULA D'EXPERIMENTACI\u00d3 AMB CUBETES XIRINACS","og_description":"Taula per amb cubetes de pl\u00e0stic gegants i posa recipients lliscants. Per fer servir tant a exterior com a interior.","og_url":"https:\/\/milanta.net\/es\/producte\/taula-d-experimentacio-amb-cubetes-xirinacs\/","og_site_name":"Milanta","article_publisher":"https:\/\/www.facebook.com\/MilantaCraft\/","article_modified_time":"2024-02-27T09:04:23+00:00","og_image":[{"width":944,"height":1677,"url":"https:\/\/milanta.net\/wp-content\/uploads\/2021\/01\/2170-TAULA-DEXPERIMENTACIO-AMB-CUBETES-XIRINACS.jpg","type":"image\/jpeg"}],"twitter_card":"summary_large_image","schema":{"@context":"https:\/\/schema.org","@graph":[{"@type":"WebPage","@id":"https:\/\/milanta.net\/es\/producte\/taula-d-experimentacio-amb-cubetes-xirinacs\/","url":"https:\/\/milanta.net\/es\/producte\/taula-d-experimentacio-amb-cubetes-xirinacs\/","name":"TAULA D'EXPERIMENTACI\u00d3 AMB CUBETES XIRINACS - Milanta","isPartOf":{"@id":"https:\/\/milanta.net\/es\/#website"},"primaryImageOfPage":{"@id":"https:\/\/milanta.net\/es\/producte\/taula-d-experimentacio-amb-cubetes-xirinacs\/#primaryimage"},"image":{"@id":"https:\/\/milanta.net\/es\/producte\/taula-d-experimentacio-amb-cubetes-xirinacs\/#primaryimage"},"thumbnailUrl":"https:\/\/milanta.net\/wp-content\/uploads\/2021\/01\/2170-TAULA-DEXPERIMENTACIO-AMB-CUBETES-XIRINACS.jpg","datePublished":"2021-01-05T06:32:06+00:00","dateModified":"2024-02-27T09:04:23+00:00","breadcrumb":{"@id":"https:\/\/milanta.net\/es\/producte\/taula-d-experimentacio-amb-cubetes-xirinacs\/#breadcrumb"},"inLanguage":"es","potentialAction":[{"@type":"ReadAction","target":["https:\/\/milanta.net\/es\/producte\/taula-d-experimentacio-amb-cubetes-xirinacs\/"]}]},{"@type":"ImageObject","inLanguage":"es","@id":"https:\/\/milanta.net\/es\/producte\/taula-d-experimentacio-amb-cubetes-xirinacs\/#primaryimage","url":"https:\/\/milanta.net\/wp-content\/uploads\/2021\/01\/2170-TAULA-DEXPERIMENTACIO-AMB-CUBETES-XIRINACS.jpg","contentUrl":"https:\/\/milanta.net\/wp-content\/uploads\/2021\/01\/2170-TAULA-DEXPERIMENTACIO-AMB-CUBETES-XIRINACS.jpg","width":944,"height":1677,"caption":"TAULA D'EXPERIMENTACI\u00d3 AMB CUBETES XIRINACS"},{"@type":"BreadcrumbList","@id":"https:\/\/milanta.net\/es\/producte\/taula-d-experimentacio-amb-cubetes-xirinacs\/#breadcrumb","itemListElement":[{"@type":"ListItem","position":1,"name":"Portada","item":"https:\/\/milanta.net\/es\/"},{"@type":"ListItem","position":2,"name":"Cat\u00e1logo","item":"https:\/\/milanta.net\/es\/catalogo\/"},{"@type":"ListItem","position":3,"name":"TAULA D&#8217;EXPERIMENTACI\u00d3 AMB CUBETES XIRINACS"}]},{"@type":"WebSite","@id":"https:\/\/milanta.net\/es\/#website","url":"https:\/\/milanta.net\/es\/","name":"Milanta Patis Vius","description":"ESPACIOS NATURALES Y CREATIVOS PARA LA EDUCACI\u00d3N","publisher":{"@id":"https:\/\/milanta.net\/es\/#organization"},"alternateName":"Milanta - Patis Vius","potentialAction":[{"@type":"SearchAction","target":{"@type":"EntryPoint","urlTemplate":"https:\/\/milanta.net\/es\/?s={search_term_string}"},"query-input":{"@type":"PropertyValueSpecification","valueRequired":true,"valueName":"search_term_string"}}],"inLanguage":"es"},{"@type":"Organization","@id":"https:\/\/milanta.net\/es\/#organization","name":"Milanta","url":"https:\/\/milanta.net\/es\/","logo":{"@type":"ImageObject","inLanguage":"es","@id":"https:\/\/milanta.net\/es\/#\/schema\/logo\/image\/","url":"https:\/\/milanta.net\/wp-content\/uploads\/2023\/04\/Logo-Milanta-color.svg","contentUrl":"https:\/\/milanta.net\/wp-content\/uploads\/2023\/04\/Logo-Milanta-color.svg","width":786,"height":486,"caption":"Milanta"},"image":{"@id":"https:\/\/milanta.net\/es\/#\/schema\/logo\/image\/"},"sameAs":["https:\/\/www.facebook.com\/MilantaCraft\/","https:\/\/www.instagram.com\/milanta_patis\/"]}]}},"_links":{"self":[{"href":"https:\/\/milanta.net\/es\/wp-json\/wp\/v2\/product\/3608","targetHints":{"allow":["GET"]}}],"collection":[{"href":"https:\/\/milanta.net\/es\/wp-json\/wp\/v2\/product"}],"about":[{"href":"https:\/\/milanta.net\/es\/wp-json\/wp\/v2\/types\/product"}],"version-history":[{"count":0,"href":"https:\/\/milanta.net\/es\/wp-json\/wp\/v2\/product\/3608\/revisions"}],"wp:featuredmedia":[{"embeddable":true,"href":"https:\/\/milanta.net\/es\/wp-json\/wp\/v2\/media\/3597"}],"wp:attachment":[{"href":"https:\/\/milanta.net\/es\/wp-json\/wp\/v2\/media?parent=3608"}],"wp:term":[{"taxonomy":"product_brand","embeddable":true,"href":"https:\/\/milanta.net\/es\/wp-json\/wp\/v2\/product_brand?post=3608"},{"taxonomy":"product_cat","embeddable":true,"href":"https:\/\/milanta.net\/es\/wp-json\/wp\/v2\/product_cat?post=3608"},{"taxonomy":"product_tag","embeddable":true,"href":"https:\/\/milanta.net\/es\/wp-json\/wp\/v2\/product_tag?post=3608"},{"taxonomy":"ubicacion-del-mobiliario","embeddable":true,"href":"https:\/\/milanta.net\/es\/wp-json\/wp\/v2\/ubicacion-del-mobiliario?post=3608"}],"curies":[{"name":"wp","href":"https:\/\/api.w.org\/{rel}","templated":true}]}}