{"id":3614,"date":"2021-01-05T07:12:37","date_gmt":"2021-01-05T07:12:37","guid":{"rendered":"https:\/\/milanta.net\/producto\/cartell-de-fusta-per-exterior\/"},"modified":"2025-03-21T11:49:26","modified_gmt":"2025-03-21T10:49:26","slug":"cartell-de-fusta-per-exterior","status":"publish","type":"product","link":"https:\/\/milanta.net\/es\/producte\/cartell-de-fusta-per-exterior\/","title":{"rendered":"Cartell de Fusta per exterior"},"content":{"rendered":"<p>Aquests cartells de fusta us ajudaran a indicar els noms i\/o usos dels espais, tant d&#8217;interior com d&#8217;exterior.<\/p>\n<p>Les lletres s\u00f3n lletres en baix relleu, tintades o piro-grafiades.<\/p>\n<p>El preu fa refer\u00e8ncia al cartell del &#8220;Rac\u00f3 de la Pau&#8221;, per\u00f2 com que els podem fer a mida i personalitzar amb el text i dimensions que vulgueu, no dubteu a demanar-nos pressupost de la idea que tingueu.<\/p>\n<p>En el carrusel d&#8217;imatges hi podreu trobar diferents exemples d&#8217;enc\u00e0rrecs personalitzats. La creativitat i les possibilitats s\u00f3n infinites!<\/p>\n","protected":false},"excerpt":{"rendered":"<p>Cartell de fusta personalitzable.<\/p>\n","protected":false},"featured_media":3609,"template":"","meta":[],"product_brand":[],"product_cat":[741],"product_tag":[],"ubicacion-del-mobiliario":[],"class_list":{"0":"post-3614","1":"product","2":"type-product","3":"status-publish","4":"has-post-thumbnail","6":"product_cat-aules-dexterior","8":"first","9":"instock","10":"taxable","11":"shipping-taxable","12":"purchasable","13":"product-type-simple"},"yoast_head":"<!-- This site is optimized with the Yoast SEO Premium plugin v21.6 (Yoast SEO v27.2) - https:\/\/yoast.com\/product\/yoast-seo-premium-wordpress\/ -->\n<title>Cartell de Fusta per exterior - Milanta<\/title>\n<meta name=\"robots\" content=\"index, follow, max-snippet:-1, max-image-preview:large, max-video-preview:-1\" \/>\n<link rel=\"canonical\" href=\"https:\/\/milanta.net\/es\/producte\/cartell-de-fusta-per-exterior\/\" \/>\n<meta property=\"og:locale\" content=\"es_ES\" \/>\n<meta property=\"og:type\" content=\"article\" \/>\n<meta property=\"og:title\" content=\"Cartell de Fusta per exterior\" \/>\n<meta property=\"og:description\" content=\"Cartell de fusta personalitzable.\" \/>\n<meta property=\"og:url\" content=\"https:\/\/milanta.net\/es\/producte\/cartell-de-fusta-per-exterior\/\" \/>\n<meta property=\"og:site_name\" content=\"Milanta\" \/>\n<meta property=\"article:publisher\" content=\"https:\/\/www.facebook.com\/MilantaCraft\/\" \/>\n<meta property=\"article:modified_time\" content=\"2025-03-21T10:49:26+00:00\" \/>\n<meta property=\"og:image\" content=\"https:\/\/milanta.net\/wp-content\/uploads\/2021\/01\/1966-CARTELL-DE-FUSTA-PER-EXTERIOR.jpg\" \/>\n\t<meta property=\"og:image:width\" content=\"607\" \/>\n\t<meta property=\"og:image:height\" content=\"99\" \/>\n\t<meta property=\"og:image:type\" content=\"image\/jpeg\" \/>\n<meta name=\"twitter:card\" content=\"summary_large_image\" \/>\n<meta name=\"twitter:label1\" content=\"Tiempo de lectura\" \/>\n\t<meta name=\"twitter:data1\" content=\"1 minuto\" \/>\n<script type=\"application\/ld+json\" class=\"yoast-schema-graph\">{\"@context\":\"https:\/\/schema.org\",\"@graph\":[{\"@type\":\"WebPage\",\"@id\":\"https:\/\/milanta.net\/es\/producte\/cartell-de-fusta-per-exterior\/\",\"url\":\"https:\/\/milanta.net\/es\/producte\/cartell-de-fusta-per-exterior\/\",\"name\":\"Cartell de Fusta per exterior - Milanta\",\"isPartOf\":{\"@id\":\"https:\/\/milanta.net\/es\/#website\"},\"primaryImageOfPage\":{\"@id\":\"https:\/\/milanta.net\/es\/producte\/cartell-de-fusta-per-exterior\/#primaryimage\"},\"image\":{\"@id\":\"https:\/\/milanta.net\/es\/producte\/cartell-de-fusta-per-exterior\/#primaryimage\"},\"thumbnailUrl\":\"https:\/\/milanta.net\/wp-content\/uploads\/2021\/01\/1966-CARTELL-DE-FUSTA-PER-EXTERIOR.jpg\",\"datePublished\":\"2021-01-05T07:12:37+00:00\",\"dateModified\":\"2025-03-21T10:49:26+00:00\",\"breadcrumb\":{\"@id\":\"https:\/\/milanta.net\/es\/producte\/cartell-de-fusta-per-exterior\/#breadcrumb\"},\"inLanguage\":\"es\",\"potentialAction\":[{\"@type\":\"ReadAction\",\"target\":[\"https:\/\/milanta.net\/es\/producte\/cartell-de-fusta-per-exterior\/\"]}]},{\"@type\":\"ImageObject\",\"inLanguage\":\"es\",\"@id\":\"https:\/\/milanta.net\/es\/producte\/cartell-de-fusta-per-exterior\/#primaryimage\",\"url\":\"https:\/\/milanta.net\/wp-content\/uploads\/2021\/01\/1966-CARTELL-DE-FUSTA-PER-EXTERIOR.jpg\",\"contentUrl\":\"https:\/\/milanta.net\/wp-content\/uploads\/2021\/01\/1966-CARTELL-DE-FUSTA-PER-EXTERIOR.jpg\",\"width\":607,\"height\":99,\"caption\":\"CARTELL DE FUSTA PER EXTERIOR\"},{\"@type\":\"BreadcrumbList\",\"@id\":\"https:\/\/milanta.net\/es\/producte\/cartell-de-fusta-per-exterior\/#breadcrumb\",\"itemListElement\":[{\"@type\":\"ListItem\",\"position\":1,\"name\":\"Portada\",\"item\":\"https:\/\/milanta.net\/es\/\"},{\"@type\":\"ListItem\",\"position\":2,\"name\":\"Cat\u00e1logo\",\"item\":\"https:\/\/milanta.net\/es\/catalogo\/\"},{\"@type\":\"ListItem\",\"position\":3,\"name\":\"Cartell de Fusta per exterior\"}]},{\"@type\":\"WebSite\",\"@id\":\"https:\/\/milanta.net\/es\/#website\",\"url\":\"https:\/\/milanta.net\/es\/\",\"name\":\"Milanta Patis Vius\",\"description\":\"ESPACIOS NATURALES Y CREATIVOS PARA LA EDUCACI\u00d3N\",\"publisher\":{\"@id\":\"https:\/\/milanta.net\/es\/#organization\"},\"alternateName\":\"Milanta - Patis Vius\",\"potentialAction\":[{\"@type\":\"SearchAction\",\"target\":{\"@type\":\"EntryPoint\",\"urlTemplate\":\"https:\/\/milanta.net\/es\/?s={search_term_string}\"},\"query-input\":{\"@type\":\"PropertyValueSpecification\",\"valueRequired\":true,\"valueName\":\"search_term_string\"}}],\"inLanguage\":\"es\"},{\"@type\":\"Organization\",\"@id\":\"https:\/\/milanta.net\/es\/#organization\",\"name\":\"Milanta\",\"url\":\"https:\/\/milanta.net\/es\/\",\"logo\":{\"@type\":\"ImageObject\",\"inLanguage\":\"es\",\"@id\":\"https:\/\/milanta.net\/es\/#\/schema\/logo\/image\/\",\"url\":\"https:\/\/milanta.net\/wp-content\/uploads\/2023\/04\/Logo-Milanta-color.svg\",\"contentUrl\":\"https:\/\/milanta.net\/wp-content\/uploads\/2023\/04\/Logo-Milanta-color.svg\",\"width\":786,\"height\":486,\"caption\":\"Milanta\"},\"image\":{\"@id\":\"https:\/\/milanta.net\/es\/#\/schema\/logo\/image\/\"},\"sameAs\":[\"https:\/\/www.facebook.com\/MilantaCraft\/\",\"https:\/\/www.instagram.com\/milanta_patis\/\"]}]}<\/script>\n<!-- \/ Yoast SEO Premium plugin. -->","yoast_head_json":{"title":"Cartell de Fusta per exterior - Milanta","robots":{"index":"index","follow":"follow","max-snippet":"max-snippet:-1","max-image-preview":"max-image-preview:large","max-video-preview":"max-video-preview:-1"},"canonical":"https:\/\/milanta.net\/es\/producte\/cartell-de-fusta-per-exterior\/","og_locale":"es_ES","og_type":"article","og_title":"Cartell de Fusta per exterior","og_description":"Cartell de fusta personalitzable.","og_url":"https:\/\/milanta.net\/es\/producte\/cartell-de-fusta-per-exterior\/","og_site_name":"Milanta","article_publisher":"https:\/\/www.facebook.com\/MilantaCraft\/","article_modified_time":"2025-03-21T10:49:26+00:00","og_image":[{"width":607,"height":99,"url":"https:\/\/milanta.net\/wp-content\/uploads\/2021\/01\/1966-CARTELL-DE-FUSTA-PER-EXTERIOR.jpg","type":"image\/jpeg"}],"twitter_card":"summary_large_image","twitter_misc":{"Tiempo de lectura":"1 minuto"},"schema":{"@context":"https:\/\/schema.org","@graph":[{"@type":"WebPage","@id":"https:\/\/milanta.net\/es\/producte\/cartell-de-fusta-per-exterior\/","url":"https:\/\/milanta.net\/es\/producte\/cartell-de-fusta-per-exterior\/","name":"Cartell de Fusta per exterior - Milanta","isPartOf":{"@id":"https:\/\/milanta.net\/es\/#website"},"primaryImageOfPage":{"@id":"https:\/\/milanta.net\/es\/producte\/cartell-de-fusta-per-exterior\/#primaryimage"},"image":{"@id":"https:\/\/milanta.net\/es\/producte\/cartell-de-fusta-per-exterior\/#primaryimage"},"thumbnailUrl":"https:\/\/milanta.net\/wp-content\/uploads\/2021\/01\/1966-CARTELL-DE-FUSTA-PER-EXTERIOR.jpg","datePublished":"2021-01-05T07:12:37+00:00","dateModified":"2025-03-21T10:49:26+00:00","breadcrumb":{"@id":"https:\/\/milanta.net\/es\/producte\/cartell-de-fusta-per-exterior\/#breadcrumb"},"inLanguage":"es","potentialAction":[{"@type":"ReadAction","target":["https:\/\/milanta.net\/es\/producte\/cartell-de-fusta-per-exterior\/"]}]},{"@type":"ImageObject","inLanguage":"es","@id":"https:\/\/milanta.net\/es\/producte\/cartell-de-fusta-per-exterior\/#primaryimage","url":"https:\/\/milanta.net\/wp-content\/uploads\/2021\/01\/1966-CARTELL-DE-FUSTA-PER-EXTERIOR.jpg","contentUrl":"https:\/\/milanta.net\/wp-content\/uploads\/2021\/01\/1966-CARTELL-DE-FUSTA-PER-EXTERIOR.jpg","width":607,"height":99,"caption":"CARTELL DE FUSTA PER EXTERIOR"},{"@type":"BreadcrumbList","@id":"https:\/\/milanta.net\/es\/producte\/cartell-de-fusta-per-exterior\/#breadcrumb","itemListElement":[{"@type":"ListItem","position":1,"name":"Portada","item":"https:\/\/milanta.net\/es\/"},{"@type":"ListItem","position":2,"name":"Cat\u00e1logo","item":"https:\/\/milanta.net\/es\/catalogo\/"},{"@type":"ListItem","position":3,"name":"Cartell de Fusta per exterior"}]},{"@type":"WebSite","@id":"https:\/\/milanta.net\/es\/#website","url":"https:\/\/milanta.net\/es\/","name":"Milanta Patis Vius","description":"ESPACIOS NATURALES Y CREATIVOS PARA LA EDUCACI\u00d3N","publisher":{"@id":"https:\/\/milanta.net\/es\/#organization"},"alternateName":"Milanta - Patis Vius","potentialAction":[{"@type":"SearchAction","target":{"@type":"EntryPoint","urlTemplate":"https:\/\/milanta.net\/es\/?s={search_term_string}"},"query-input":{"@type":"PropertyValueSpecification","valueRequired":true,"valueName":"search_term_string"}}],"inLanguage":"es"},{"@type":"Organization","@id":"https:\/\/milanta.net\/es\/#organization","name":"Milanta","url":"https:\/\/milanta.net\/es\/","logo":{"@type":"ImageObject","inLanguage":"es","@id":"https:\/\/milanta.net\/es\/#\/schema\/logo\/image\/","url":"https:\/\/milanta.net\/wp-content\/uploads\/2023\/04\/Logo-Milanta-color.svg","contentUrl":"https:\/\/milanta.net\/wp-content\/uploads\/2023\/04\/Logo-Milanta-color.svg","width":786,"height":486,"caption":"Milanta"},"image":{"@id":"https:\/\/milanta.net\/es\/#\/schema\/logo\/image\/"},"sameAs":["https:\/\/www.facebook.com\/MilantaCraft\/","https:\/\/www.instagram.com\/milanta_patis\/"]}]}},"_links":{"self":[{"href":"https:\/\/milanta.net\/es\/wp-json\/wp\/v2\/product\/3614","targetHints":{"allow":["GET"]}}],"collection":[{"href":"https:\/\/milanta.net\/es\/wp-json\/wp\/v2\/product"}],"about":[{"href":"https:\/\/milanta.net\/es\/wp-json\/wp\/v2\/types\/product"}],"version-history":[{"count":0,"href":"https:\/\/milanta.net\/es\/wp-json\/wp\/v2\/product\/3614\/revisions"}],"wp:featuredmedia":[{"embeddable":true,"href":"https:\/\/milanta.net\/es\/wp-json\/wp\/v2\/media\/3609"}],"wp:attachment":[{"href":"https:\/\/milanta.net\/es\/wp-json\/wp\/v2\/media?parent=3614"}],"wp:term":[{"taxonomy":"product_brand","embeddable":true,"href":"https:\/\/milanta.net\/es\/wp-json\/wp\/v2\/product_brand?post=3614"},{"taxonomy":"product_cat","embeddable":true,"href":"https:\/\/milanta.net\/es\/wp-json\/wp\/v2\/product_cat?post=3614"},{"taxonomy":"product_tag","embeddable":true,"href":"https:\/\/milanta.net\/es\/wp-json\/wp\/v2\/product_tag?post=3614"},{"taxonomy":"ubicacion-del-mobiliario","embeddable":true,"href":"https:\/\/milanta.net\/es\/wp-json\/wp\/v2\/ubicacion-del-mobiliario?post=3614"}],"curies":[{"name":"wp","href":"https:\/\/api.w.org\/{rel}","templated":true}]}}