{"id":3625,"date":"2021-01-05T07:38:21","date_gmt":"2021-01-05T07:38:21","guid":{"rendered":"https:\/\/milanta.net\/producto\/observatori-d-ocells-pauels\/"},"modified":"2025-04-24T11:45:50","modified_gmt":"2025-04-24T09:45:50","slug":"observatori-d-ocells-pauls","status":"publish","type":"product","link":"https:\/\/milanta.net\/es\/producte\/observatori-d-ocells-pauls\/","title":{"rendered":"Observatori d&#8217;ocells &#8211; Pa\u00fcls"},"content":{"rendered":"<p>Aquest observatori de fusta est\u00e0 dissenyat per fomentar l\u2019observaci\u00f3 de la natura i el descobriment del medi. <\/p>\n<p>Es compon d&#8217;una de planta pentagonal, escales, tub lliscant i cartells indicatius de la fauna local.<\/p>\n<p>Cada un dels cinc costats es pot adaptar a diferents usos segons l\u2019orientaci\u00f3, els interessos de l\u2019escola o les necessitats de l\u2019espai: finestres d\u2019observaci\u00f3, panells interpretatius, bancs de rep\u00f2s, prestatgeries per a material de descoberta o murs per a il\u00b7lustracions i icones.<\/p>\n<p>\u00c9s un recurs ideal per integrar en la transformaci\u00f3 dels patis escolars, ja que ofereix un espai tranquil i alhora ric en est\u00edmuls, on els infants poden observar aus, rastres d\u2019animals, formes de vida vegetal i canvis estacionals. Afavoreix la concentraci\u00f3, la curiositat i la connexi\u00f3 amb l\u2019entorn natural. \u00c9s una aula exterior fant\u00e0stica!<\/p>\n<p>El primer observatori es va instal\u00b7lar a Pa\u00fcls, dins del parc natural dels Ports, en col\u00b7laboraci\u00f3 amb una bi\u00f2loga que va identificar la fauna local i els seus rastres. A partir d\u2019aix\u00f2, es van crear icones de fusta pirografiades i tintades, amagades dins i fora de l\u2019estructura, que permeten, als infants, jugar, descobrir i ampliar el coneixement del medi.<\/p>\n<p><strong>Caracter\u00edstiques principals:<\/strong><\/p>\n<p>&#8211; Estructura de fusta de pi o ac\u00e0cia, tractada per a \u00fas exterior.<\/p>\n<p>&#8211; Planta pentagonal amb distribuci\u00f3 personalitzable.<\/p>\n<p>&#8211; Ideal per a escoles, espais naturals o zones verdes urbanes.<\/p>\n<p>&#8211; Possibilitat d\u2019integrar panells interpretatius, bancs o icones de fauna.<\/p>\n<p>&#8211; Espai educatiu per a l\u2019observaci\u00f3, el joc tranquil i l\u2019exploraci\u00f3 cient\u00edfica.<\/p>\n<p>A Milanta creem estructures que connecten joc, natura i aprenentatge. L\u2019observatori \u00e9s una finestra oberta al m\u00f3n, constru\u00efda per mirar-lo amb ulls d\u2019infant.<\/p>\n","protected":false},"excerpt":{"rendered":"<p>Torre de guaita amb escales, tub lliscant i cartells indicatius de la fauna local.<\/p>\n","protected":false},"featured_media":3615,"template":"","meta":[],"product_brand":[],"product_cat":[740,117],"product_tag":[],"ubicacion-del-mobiliario":[821],"class_list":{"0":"post-3625","1":"product","2":"type-product","3":"status-publish","4":"has-post-thumbnail","6":"product_cat-estructures-de-fusta-pel-pati","7":"product_cat-exterior-pati-i-jardi","8":"ubicacion-del-mobiliario-exterior","10":"first","11":"instock","12":"taxable","13":"shipping-taxable","14":"purchasable","15":"product-type-simple"},"yoast_head":"<!-- This site is optimized with the Yoast SEO Premium plugin v21.6 (Yoast SEO v27.2) - https:\/\/yoast.com\/product\/yoast-seo-premium-wordpress\/ -->\n<title>Observatori d&#039;ocells - Pa\u00fcls - Milanta<\/title>\n<meta name=\"description\" content=\"Est\u00e0 dissenyat per fomentar l\u2019observaci\u00f3 i descobriment de la natura: Planta pentagonal, escales, tub lliscant i cartells indicatius de la fauna local.\" \/>\n<meta name=\"robots\" content=\"index, follow, max-snippet:-1, max-image-preview:large, max-video-preview:-1\" \/>\n<link rel=\"canonical\" href=\"https:\/\/milanta.net\/es\/producte\/observatori-d-ocells-pauls\/\" \/>\n<meta property=\"og:locale\" content=\"es_ES\" \/>\n<meta property=\"og:type\" content=\"article\" \/>\n<meta property=\"og:title\" content=\"Observatori d&#039;ocells - Pa\u00fcls\" \/>\n<meta property=\"og:description\" content=\"Est\u00e0 dissenyat per fomentar l\u2019observaci\u00f3 i descobriment de la natura: Planta pentagonal, escales, tub lliscant i cartells indicatius de la fauna local.\" \/>\n<meta property=\"og:url\" content=\"https:\/\/milanta.net\/es\/producte\/observatori-d-ocells-pauls\/\" \/>\n<meta property=\"og:site_name\" content=\"Milanta\" \/>\n<meta property=\"article:publisher\" content=\"https:\/\/www.facebook.com\/MilantaCraft\/\" \/>\n<meta property=\"article:modified_time\" content=\"2025-04-24T09:45:50+00:00\" \/>\n<meta property=\"og:image\" content=\"https:\/\/milanta.net\/wp-content\/uploads\/2021\/01\/1974-OBSERVATORI-DOCELLS-PAULS.jpg\" \/>\n\t<meta property=\"og:image:width\" content=\"864\" \/>\n\t<meta property=\"og:image:height\" content=\"733\" \/>\n\t<meta property=\"og:image:type\" content=\"image\/jpeg\" \/>\n<meta name=\"twitter:card\" content=\"summary_large_image\" \/>\n<meta name=\"twitter:label1\" content=\"Tiempo de lectura\" \/>\n\t<meta name=\"twitter:data1\" content=\"1 minuto\" \/>\n<script type=\"application\/ld+json\" class=\"yoast-schema-graph\">{\"@context\":\"https:\/\/schema.org\",\"@graph\":[{\"@type\":\"WebPage\",\"@id\":\"https:\/\/milanta.net\/es\/producte\/observatori-d-ocells-pauls\/\",\"url\":\"https:\/\/milanta.net\/es\/producte\/observatori-d-ocells-pauls\/\",\"name\":\"Observatori d'ocells - Pa\u00fcls - Milanta\",\"isPartOf\":{\"@id\":\"https:\/\/milanta.net\/es\/#website\"},\"primaryImageOfPage\":{\"@id\":\"https:\/\/milanta.net\/es\/producte\/observatori-d-ocells-pauls\/#primaryimage\"},\"image\":{\"@id\":\"https:\/\/milanta.net\/es\/producte\/observatori-d-ocells-pauls\/#primaryimage\"},\"thumbnailUrl\":\"https:\/\/milanta.net\/wp-content\/uploads\/2021\/01\/1974-OBSERVATORI-DOCELLS-PAULS.jpg\",\"datePublished\":\"2021-01-05T07:38:21+00:00\",\"dateModified\":\"2025-04-24T09:45:50+00:00\",\"description\":\"Est\u00e0 dissenyat per fomentar l\u2019observaci\u00f3 i descobriment de la natura: Planta pentagonal, escales, tub lliscant i cartells indicatius de la fauna local.\",\"breadcrumb\":{\"@id\":\"https:\/\/milanta.net\/es\/producte\/observatori-d-ocells-pauls\/#breadcrumb\"},\"inLanguage\":\"es\",\"potentialAction\":[{\"@type\":\"ReadAction\",\"target\":[\"https:\/\/milanta.net\/es\/producte\/observatori-d-ocells-pauls\/\"]}]},{\"@type\":\"ImageObject\",\"inLanguage\":\"es\",\"@id\":\"https:\/\/milanta.net\/es\/producte\/observatori-d-ocells-pauls\/#primaryimage\",\"url\":\"https:\/\/milanta.net\/wp-content\/uploads\/2021\/01\/1974-OBSERVATORI-DOCELLS-PAULS.jpg\",\"contentUrl\":\"https:\/\/milanta.net\/wp-content\/uploads\/2021\/01\/1974-OBSERVATORI-DOCELLS-PAULS.jpg\",\"width\":864,\"height\":733,\"caption\":\"OBSERVATORI D'OCELLS PA\u00dcLS\"},{\"@type\":\"BreadcrumbList\",\"@id\":\"https:\/\/milanta.net\/es\/producte\/observatori-d-ocells-pauls\/#breadcrumb\",\"itemListElement\":[{\"@type\":\"ListItem\",\"position\":1,\"name\":\"Portada\",\"item\":\"https:\/\/milanta.net\/es\/\"},{\"@type\":\"ListItem\",\"position\":2,\"name\":\"Cat\u00e1logo\",\"item\":\"https:\/\/milanta.net\/es\/catalogo\/\"},{\"@type\":\"ListItem\",\"position\":3,\"name\":\"Observatori d&#8217;ocells &#8211; Pa\u00fcls\"}]},{\"@type\":\"WebSite\",\"@id\":\"https:\/\/milanta.net\/es\/#website\",\"url\":\"https:\/\/milanta.net\/es\/\",\"name\":\"Milanta Patis Vius\",\"description\":\"ESPACIOS NATURALES Y CREATIVOS PARA LA EDUCACI\u00d3N\",\"publisher\":{\"@id\":\"https:\/\/milanta.net\/es\/#organization\"},\"alternateName\":\"Milanta - Patis Vius\",\"potentialAction\":[{\"@type\":\"SearchAction\",\"target\":{\"@type\":\"EntryPoint\",\"urlTemplate\":\"https:\/\/milanta.net\/es\/?s={search_term_string}\"},\"query-input\":{\"@type\":\"PropertyValueSpecification\",\"valueRequired\":true,\"valueName\":\"search_term_string\"}}],\"inLanguage\":\"es\"},{\"@type\":\"Organization\",\"@id\":\"https:\/\/milanta.net\/es\/#organization\",\"name\":\"Milanta\",\"url\":\"https:\/\/milanta.net\/es\/\",\"logo\":{\"@type\":\"ImageObject\",\"inLanguage\":\"es\",\"@id\":\"https:\/\/milanta.net\/es\/#\/schema\/logo\/image\/\",\"url\":\"https:\/\/milanta.net\/wp-content\/uploads\/2023\/04\/Logo-Milanta-color.svg\",\"contentUrl\":\"https:\/\/milanta.net\/wp-content\/uploads\/2023\/04\/Logo-Milanta-color.svg\",\"width\":786,\"height\":486,\"caption\":\"Milanta\"},\"image\":{\"@id\":\"https:\/\/milanta.net\/es\/#\/schema\/logo\/image\/\"},\"sameAs\":[\"https:\/\/www.facebook.com\/MilantaCraft\/\",\"https:\/\/www.instagram.com\/milanta_patis\/\"]}]}<\/script>\n<!-- \/ Yoast SEO Premium plugin. -->","yoast_head_json":{"title":"Observatori d'ocells - Pa\u00fcls - Milanta","description":"Est\u00e0 dissenyat per fomentar l\u2019observaci\u00f3 i descobriment de la natura: Planta pentagonal, escales, tub lliscant i cartells indicatius de la fauna local.","robots":{"index":"index","follow":"follow","max-snippet":"max-snippet:-1","max-image-preview":"max-image-preview:large","max-video-preview":"max-video-preview:-1"},"canonical":"https:\/\/milanta.net\/es\/producte\/observatori-d-ocells-pauls\/","og_locale":"es_ES","og_type":"article","og_title":"Observatori d'ocells - Pa\u00fcls","og_description":"Est\u00e0 dissenyat per fomentar l\u2019observaci\u00f3 i descobriment de la natura: Planta pentagonal, escales, tub lliscant i cartells indicatius de la fauna local.","og_url":"https:\/\/milanta.net\/es\/producte\/observatori-d-ocells-pauls\/","og_site_name":"Milanta","article_publisher":"https:\/\/www.facebook.com\/MilantaCraft\/","article_modified_time":"2025-04-24T09:45:50+00:00","og_image":[{"width":864,"height":733,"url":"https:\/\/milanta.net\/wp-content\/uploads\/2021\/01\/1974-OBSERVATORI-DOCELLS-PAULS.jpg","type":"image\/jpeg"}],"twitter_card":"summary_large_image","twitter_misc":{"Tiempo de lectura":"1 minuto"},"schema":{"@context":"https:\/\/schema.org","@graph":[{"@type":"WebPage","@id":"https:\/\/milanta.net\/es\/producte\/observatori-d-ocells-pauls\/","url":"https:\/\/milanta.net\/es\/producte\/observatori-d-ocells-pauls\/","name":"Observatori d'ocells - Pa\u00fcls - Milanta","isPartOf":{"@id":"https:\/\/milanta.net\/es\/#website"},"primaryImageOfPage":{"@id":"https:\/\/milanta.net\/es\/producte\/observatori-d-ocells-pauls\/#primaryimage"},"image":{"@id":"https:\/\/milanta.net\/es\/producte\/observatori-d-ocells-pauls\/#primaryimage"},"thumbnailUrl":"https:\/\/milanta.net\/wp-content\/uploads\/2021\/01\/1974-OBSERVATORI-DOCELLS-PAULS.jpg","datePublished":"2021-01-05T07:38:21+00:00","dateModified":"2025-04-24T09:45:50+00:00","description":"Est\u00e0 dissenyat per fomentar l\u2019observaci\u00f3 i descobriment de la natura: Planta pentagonal, escales, tub lliscant i cartells indicatius de la fauna local.","breadcrumb":{"@id":"https:\/\/milanta.net\/es\/producte\/observatori-d-ocells-pauls\/#breadcrumb"},"inLanguage":"es","potentialAction":[{"@type":"ReadAction","target":["https:\/\/milanta.net\/es\/producte\/observatori-d-ocells-pauls\/"]}]},{"@type":"ImageObject","inLanguage":"es","@id":"https:\/\/milanta.net\/es\/producte\/observatori-d-ocells-pauls\/#primaryimage","url":"https:\/\/milanta.net\/wp-content\/uploads\/2021\/01\/1974-OBSERVATORI-DOCELLS-PAULS.jpg","contentUrl":"https:\/\/milanta.net\/wp-content\/uploads\/2021\/01\/1974-OBSERVATORI-DOCELLS-PAULS.jpg","width":864,"height":733,"caption":"OBSERVATORI D'OCELLS PA\u00dcLS"},{"@type":"BreadcrumbList","@id":"https:\/\/milanta.net\/es\/producte\/observatori-d-ocells-pauls\/#breadcrumb","itemListElement":[{"@type":"ListItem","position":1,"name":"Portada","item":"https:\/\/milanta.net\/es\/"},{"@type":"ListItem","position":2,"name":"Cat\u00e1logo","item":"https:\/\/milanta.net\/es\/catalogo\/"},{"@type":"ListItem","position":3,"name":"Observatori d&#8217;ocells &#8211; Pa\u00fcls"}]},{"@type":"WebSite","@id":"https:\/\/milanta.net\/es\/#website","url":"https:\/\/milanta.net\/es\/","name":"Milanta Patis Vius","description":"ESPACIOS NATURALES Y CREATIVOS PARA LA EDUCACI\u00d3N","publisher":{"@id":"https:\/\/milanta.net\/es\/#organization"},"alternateName":"Milanta - Patis Vius","potentialAction":[{"@type":"SearchAction","target":{"@type":"EntryPoint","urlTemplate":"https:\/\/milanta.net\/es\/?s={search_term_string}"},"query-input":{"@type":"PropertyValueSpecification","valueRequired":true,"valueName":"search_term_string"}}],"inLanguage":"es"},{"@type":"Organization","@id":"https:\/\/milanta.net\/es\/#organization","name":"Milanta","url":"https:\/\/milanta.net\/es\/","logo":{"@type":"ImageObject","inLanguage":"es","@id":"https:\/\/milanta.net\/es\/#\/schema\/logo\/image\/","url":"https:\/\/milanta.net\/wp-content\/uploads\/2023\/04\/Logo-Milanta-color.svg","contentUrl":"https:\/\/milanta.net\/wp-content\/uploads\/2023\/04\/Logo-Milanta-color.svg","width":786,"height":486,"caption":"Milanta"},"image":{"@id":"https:\/\/milanta.net\/es\/#\/schema\/logo\/image\/"},"sameAs":["https:\/\/www.facebook.com\/MilantaCraft\/","https:\/\/www.instagram.com\/milanta_patis\/"]}]}},"_links":{"self":[{"href":"https:\/\/milanta.net\/es\/wp-json\/wp\/v2\/product\/3625","targetHints":{"allow":["GET"]}}],"collection":[{"href":"https:\/\/milanta.net\/es\/wp-json\/wp\/v2\/product"}],"about":[{"href":"https:\/\/milanta.net\/es\/wp-json\/wp\/v2\/types\/product"}],"version-history":[{"count":0,"href":"https:\/\/milanta.net\/es\/wp-json\/wp\/v2\/product\/3625\/revisions"}],"wp:featuredmedia":[{"embeddable":true,"href":"https:\/\/milanta.net\/es\/wp-json\/wp\/v2\/media\/3615"}],"wp:attachment":[{"href":"https:\/\/milanta.net\/es\/wp-json\/wp\/v2\/media?parent=3625"}],"wp:term":[{"taxonomy":"product_brand","embeddable":true,"href":"https:\/\/milanta.net\/es\/wp-json\/wp\/v2\/product_brand?post=3625"},{"taxonomy":"product_cat","embeddable":true,"href":"https:\/\/milanta.net\/es\/wp-json\/wp\/v2\/product_cat?post=3625"},{"taxonomy":"product_tag","embeddable":true,"href":"https:\/\/milanta.net\/es\/wp-json\/wp\/v2\/product_tag?post=3625"},{"taxonomy":"ubicacion-del-mobiliario","embeddable":true,"href":"https:\/\/milanta.net\/es\/wp-json\/wp\/v2\/ubicacion-del-mobiliario?post=3625"}],"curies":[{"name":"wp","href":"https:\/\/api.w.org\/{rel}","templated":true}]}}