{"id":3719,"date":"2021-03-18T10:12:30","date_gmt":"2021-03-18T10:12:30","guid":{"rendered":"https:\/\/milanta.net\/producto\/cabana-tipi-hexagonal-gran\/"},"modified":"2025-08-28T10:09:20","modified_gmt":"2025-08-28T08:09:20","slug":"cabana-tipi-hexagonal-gran","status":"publish","type":"product","link":"https:\/\/milanta.net\/es\/producte\/cabana-tipi-hexagonal-gran\/","title":{"rendered":"Tipi de fusta &#8211; Escoles d&#8217;infantil i prim\u00e0ria"},"content":{"rendered":"<p>Les cabanes de fusta s\u00f3n un element molt ric per als patis escolars. Proporcionen un espai de recolliment ideal per desenvolupar el joc simb\u00f2lic, esdevenir un amagatall perfecte en el joc m\u00e9s din\u00e0mic o convidar a estones de rep\u00f2s i calma.<\/p>\n<p>La caracter\u00edstica principal d&#8217;aquest tipi \u00e9s que compta amb una porta i varies finestres que permeten l&#8217;entrada de llum.<\/p>\n<p>Tant la fusta com el tractament aplicat la converteixen en una cabana per exterior s\u00f2lida i duradora.<\/p>\n<p>La mida d&#8217;aquest tipi \u00e9s ideal per patis d&#8217;escoles d&#8217;infantil i prim\u00e0ria, per\u00f2\u00a0 tamb\u00e9 tenim una mida m\u00e9s petita per patis d&#8217;escoles bressol.<\/p>\n<p>Si tot i aix\u00ed necessiteu una altra mida, demaneu-nos pressupost sense comprom\u00eds, ja que com gaireb\u00e9 tots els elements, estructures i materials que fabriquem a Milanta, aquesta cabana tamb\u00e9 es pot fer a mida.<\/p>\n<p>&#8212;<\/p>\n<p>El preu no inclou el muntatge<\/p>\n","protected":false},"excerpt":{"rendered":"<p>Cabana de fusta en forma de tipi hexagonal per exterior<\/p>\n","protected":false},"featured_media":3714,"template":"","meta":[],"product_brand":[],"product_cat":[739],"product_tag":[736],"ubicacion-del-mobiliario":[],"class_list":{"0":"post-3719","1":"product","2":"type-product","3":"status-publish","4":"has-post-thumbnail","6":"product_cat-casetes-i-cabanes-de-fusta","7":"product_tag-casetes-i-cabanes","9":"first","10":"instock","11":"taxable","12":"shipping-taxable","13":"purchasable","14":"product-type-simple"},"yoast_head":"<!-- This site is optimized with the Yoast SEO Premium plugin v21.6 (Yoast SEO v27.3) - https:\/\/yoast.com\/product\/yoast-seo-premium-wordpress\/ -->\n<title>Tipi de fusta - Escoles d&#039;infantil i prim\u00e0ria - Milanta<\/title>\n<meta name=\"robots\" content=\"index, follow, max-snippet:-1, max-image-preview:large, max-video-preview:-1\" \/>\n<link rel=\"canonical\" href=\"https:\/\/milanta.net\/es\/producte\/cabana-tipi-hexagonal-gran\/\" \/>\n<meta property=\"og:locale\" content=\"es_ES\" \/>\n<meta property=\"og:type\" content=\"article\" \/>\n<meta property=\"og:title\" content=\"Tipi de fusta - Escoles d&#039;infantil i prim\u00e0ria\" \/>\n<meta property=\"og:description\" content=\"Cabana de fusta en forma de tipi hexagonal per exterior\" \/>\n<meta property=\"og:url\" content=\"https:\/\/milanta.net\/es\/producte\/cabana-tipi-hexagonal-gran\/\" \/>\n<meta property=\"og:site_name\" content=\"Milanta\" \/>\n<meta property=\"article:publisher\" content=\"https:\/\/www.facebook.com\/MilantaCraft\/\" \/>\n<meta property=\"article:modified_time\" content=\"2025-08-28T08:09:20+00:00\" \/>\n<meta property=\"og:image\" content=\"https:\/\/milanta.net\/wp-content\/uploads\/2021\/03\/2051-CABANA-TIPI-HEXAGONAL-GRAN-scaled.jpg\" \/>\n\t<meta property=\"og:image:width\" content=\"1671\" \/>\n\t<meta property=\"og:image:height\" content=\"2560\" \/>\n\t<meta property=\"og:image:type\" content=\"image\/jpeg\" \/>\n<meta name=\"twitter:card\" content=\"summary_large_image\" \/>\n<meta name=\"twitter:label1\" content=\"Tiempo de lectura\" \/>\n\t<meta name=\"twitter:data1\" content=\"1 minuto\" \/>\n<script type=\"application\/ld+json\" class=\"yoast-schema-graph\">{\"@context\":\"https:\\\/\\\/schema.org\",\"@graph\":[{\"@type\":\"WebPage\",\"@id\":\"https:\\\/\\\/milanta.net\\\/es\\\/producte\\\/cabana-tipi-hexagonal-gran\\\/\",\"url\":\"https:\\\/\\\/milanta.net\\\/es\\\/producte\\\/cabana-tipi-hexagonal-gran\\\/\",\"name\":\"Tipi de fusta - Escoles d'infantil i prim\u00e0ria - Milanta\",\"isPartOf\":{\"@id\":\"https:\\\/\\\/milanta.net\\\/es\\\/#website\"},\"primaryImageOfPage\":{\"@id\":\"https:\\\/\\\/milanta.net\\\/es\\\/producte\\\/cabana-tipi-hexagonal-gran\\\/#primaryimage\"},\"image\":{\"@id\":\"https:\\\/\\\/milanta.net\\\/es\\\/producte\\\/cabana-tipi-hexagonal-gran\\\/#primaryimage\"},\"thumbnailUrl\":\"https:\\\/\\\/milanta.net\\\/wp-content\\\/uploads\\\/2021\\\/03\\\/2051-CABANA-TIPI-HEXAGONAL-GRAN-scaled.jpg\",\"datePublished\":\"2021-03-18T10:12:30+00:00\",\"dateModified\":\"2025-08-28T08:09:20+00:00\",\"breadcrumb\":{\"@id\":\"https:\\\/\\\/milanta.net\\\/es\\\/producte\\\/cabana-tipi-hexagonal-gran\\\/#breadcrumb\"},\"inLanguage\":\"es\",\"potentialAction\":[{\"@type\":\"ReadAction\",\"target\":[\"https:\\\/\\\/milanta.net\\\/es\\\/producte\\\/cabana-tipi-hexagonal-gran\\\/\"]}]},{\"@type\":\"ImageObject\",\"inLanguage\":\"es\",\"@id\":\"https:\\\/\\\/milanta.net\\\/es\\\/producte\\\/cabana-tipi-hexagonal-gran\\\/#primaryimage\",\"url\":\"https:\\\/\\\/milanta.net\\\/wp-content\\\/uploads\\\/2021\\\/03\\\/2051-CABANA-TIPI-HEXAGONAL-GRAN-scaled.jpg\",\"contentUrl\":\"https:\\\/\\\/milanta.net\\\/wp-content\\\/uploads\\\/2021\\\/03\\\/2051-CABANA-TIPI-HEXAGONAL-GRAN-scaled.jpg\",\"width\":1671,\"height\":2560,\"caption\":\"CABANA TIPI HEXAGONAL GRAN\"},{\"@type\":\"BreadcrumbList\",\"@id\":\"https:\\\/\\\/milanta.net\\\/es\\\/producte\\\/cabana-tipi-hexagonal-gran\\\/#breadcrumb\",\"itemListElement\":[{\"@type\":\"ListItem\",\"position\":1,\"name\":\"Portada\",\"item\":\"https:\\\/\\\/milanta.net\\\/es\\\/\"},{\"@type\":\"ListItem\",\"position\":2,\"name\":\"Cat\u00e1logo\",\"item\":\"https:\\\/\\\/milanta.net\\\/es\\\/catalogo\\\/\"},{\"@type\":\"ListItem\",\"position\":3,\"name\":\"Tipi de fusta &#8211; Escoles d&#8217;infantil i prim\u00e0ria\"}]},{\"@type\":\"WebSite\",\"@id\":\"https:\\\/\\\/milanta.net\\\/es\\\/#website\",\"url\":\"https:\\\/\\\/milanta.net\\\/es\\\/\",\"name\":\"Milanta Patis Vius\",\"description\":\"ESPACIOS NATURALES Y CREATIVOS PARA LA EDUCACI\u00d3N\",\"publisher\":{\"@id\":\"https:\\\/\\\/milanta.net\\\/es\\\/#organization\"},\"alternateName\":\"Milanta - Patis Vius\",\"potentialAction\":[{\"@type\":\"SearchAction\",\"target\":{\"@type\":\"EntryPoint\",\"urlTemplate\":\"https:\\\/\\\/milanta.net\\\/es\\\/?s={search_term_string}\"},\"query-input\":{\"@type\":\"PropertyValueSpecification\",\"valueRequired\":true,\"valueName\":\"search_term_string\"}}],\"inLanguage\":\"es\"},{\"@type\":\"Organization\",\"@id\":\"https:\\\/\\\/milanta.net\\\/es\\\/#organization\",\"name\":\"Milanta\",\"url\":\"https:\\\/\\\/milanta.net\\\/es\\\/\",\"logo\":{\"@type\":\"ImageObject\",\"inLanguage\":\"es\",\"@id\":\"https:\\\/\\\/milanta.net\\\/es\\\/#\\\/schema\\\/logo\\\/image\\\/\",\"url\":\"https:\\\/\\\/milanta.net\\\/wp-content\\\/uploads\\\/2023\\\/04\\\/Logo-Milanta-color.svg\",\"contentUrl\":\"https:\\\/\\\/milanta.net\\\/wp-content\\\/uploads\\\/2023\\\/04\\\/Logo-Milanta-color.svg\",\"caption\":\"Milanta\"},\"image\":{\"@id\":\"https:\\\/\\\/milanta.net\\\/es\\\/#\\\/schema\\\/logo\\\/image\\\/\"},\"sameAs\":[\"https:\\\/\\\/www.facebook.com\\\/MilantaCraft\\\/\",\"https:\\\/\\\/www.instagram.com\\\/milanta_patis\\\/\"]}]}<\/script>\n<!-- \/ Yoast SEO Premium plugin. -->","yoast_head_json":{"title":"Tipi de fusta - Escoles d'infantil i prim\u00e0ria - Milanta","robots":{"index":"index","follow":"follow","max-snippet":"max-snippet:-1","max-image-preview":"max-image-preview:large","max-video-preview":"max-video-preview:-1"},"canonical":"https:\/\/milanta.net\/es\/producte\/cabana-tipi-hexagonal-gran\/","og_locale":"es_ES","og_type":"article","og_title":"Tipi de fusta - Escoles d'infantil i prim\u00e0ria","og_description":"Cabana de fusta en forma de tipi hexagonal per exterior","og_url":"https:\/\/milanta.net\/es\/producte\/cabana-tipi-hexagonal-gran\/","og_site_name":"Milanta","article_publisher":"https:\/\/www.facebook.com\/MilantaCraft\/","article_modified_time":"2025-08-28T08:09:20+00:00","og_image":[{"width":1671,"height":2560,"url":"https:\/\/milanta.net\/wp-content\/uploads\/2021\/03\/2051-CABANA-TIPI-HEXAGONAL-GRAN-scaled.jpg","type":"image\/jpeg"}],"twitter_card":"summary_large_image","twitter_misc":{"Tiempo de lectura":"1 minuto"},"schema":{"@context":"https:\/\/schema.org","@graph":[{"@type":"WebPage","@id":"https:\/\/milanta.net\/es\/producte\/cabana-tipi-hexagonal-gran\/","url":"https:\/\/milanta.net\/es\/producte\/cabana-tipi-hexagonal-gran\/","name":"Tipi de fusta - Escoles d'infantil i prim\u00e0ria - Milanta","isPartOf":{"@id":"https:\/\/milanta.net\/es\/#website"},"primaryImageOfPage":{"@id":"https:\/\/milanta.net\/es\/producte\/cabana-tipi-hexagonal-gran\/#primaryimage"},"image":{"@id":"https:\/\/milanta.net\/es\/producte\/cabana-tipi-hexagonal-gran\/#primaryimage"},"thumbnailUrl":"https:\/\/milanta.net\/wp-content\/uploads\/2021\/03\/2051-CABANA-TIPI-HEXAGONAL-GRAN-scaled.jpg","datePublished":"2021-03-18T10:12:30+00:00","dateModified":"2025-08-28T08:09:20+00:00","breadcrumb":{"@id":"https:\/\/milanta.net\/es\/producte\/cabana-tipi-hexagonal-gran\/#breadcrumb"},"inLanguage":"es","potentialAction":[{"@type":"ReadAction","target":["https:\/\/milanta.net\/es\/producte\/cabana-tipi-hexagonal-gran\/"]}]},{"@type":"ImageObject","inLanguage":"es","@id":"https:\/\/milanta.net\/es\/producte\/cabana-tipi-hexagonal-gran\/#primaryimage","url":"https:\/\/milanta.net\/wp-content\/uploads\/2021\/03\/2051-CABANA-TIPI-HEXAGONAL-GRAN-scaled.jpg","contentUrl":"https:\/\/milanta.net\/wp-content\/uploads\/2021\/03\/2051-CABANA-TIPI-HEXAGONAL-GRAN-scaled.jpg","width":1671,"height":2560,"caption":"CABANA TIPI HEXAGONAL GRAN"},{"@type":"BreadcrumbList","@id":"https:\/\/milanta.net\/es\/producte\/cabana-tipi-hexagonal-gran\/#breadcrumb","itemListElement":[{"@type":"ListItem","position":1,"name":"Portada","item":"https:\/\/milanta.net\/es\/"},{"@type":"ListItem","position":2,"name":"Cat\u00e1logo","item":"https:\/\/milanta.net\/es\/catalogo\/"},{"@type":"ListItem","position":3,"name":"Tipi de fusta &#8211; Escoles d&#8217;infantil i prim\u00e0ria"}]},{"@type":"WebSite","@id":"https:\/\/milanta.net\/es\/#website","url":"https:\/\/milanta.net\/es\/","name":"Milanta Patis Vius","description":"ESPACIOS NATURALES Y CREATIVOS PARA LA EDUCACI\u00d3N","publisher":{"@id":"https:\/\/milanta.net\/es\/#organization"},"alternateName":"Milanta - Patis Vius","potentialAction":[{"@type":"SearchAction","target":{"@type":"EntryPoint","urlTemplate":"https:\/\/milanta.net\/es\/?s={search_term_string}"},"query-input":{"@type":"PropertyValueSpecification","valueRequired":true,"valueName":"search_term_string"}}],"inLanguage":"es"},{"@type":"Organization","@id":"https:\/\/milanta.net\/es\/#organization","name":"Milanta","url":"https:\/\/milanta.net\/es\/","logo":{"@type":"ImageObject","inLanguage":"es","@id":"https:\/\/milanta.net\/es\/#\/schema\/logo\/image\/","url":"https:\/\/milanta.net\/wp-content\/uploads\/2023\/04\/Logo-Milanta-color.svg","contentUrl":"https:\/\/milanta.net\/wp-content\/uploads\/2023\/04\/Logo-Milanta-color.svg","caption":"Milanta"},"image":{"@id":"https:\/\/milanta.net\/es\/#\/schema\/logo\/image\/"},"sameAs":["https:\/\/www.facebook.com\/MilantaCraft\/","https:\/\/www.instagram.com\/milanta_patis\/"]}]}},"_links":{"self":[{"href":"https:\/\/milanta.net\/es\/wp-json\/wp\/v2\/product\/3719","targetHints":{"allow":["GET"]}}],"collection":[{"href":"https:\/\/milanta.net\/es\/wp-json\/wp\/v2\/product"}],"about":[{"href":"https:\/\/milanta.net\/es\/wp-json\/wp\/v2\/types\/product"}],"version-history":[{"count":0,"href":"https:\/\/milanta.net\/es\/wp-json\/wp\/v2\/product\/3719\/revisions"}],"wp:featuredmedia":[{"embeddable":true,"href":"https:\/\/milanta.net\/es\/wp-json\/wp\/v2\/media\/3714"}],"wp:attachment":[{"href":"https:\/\/milanta.net\/es\/wp-json\/wp\/v2\/media?parent=3719"}],"wp:term":[{"taxonomy":"product_brand","embeddable":true,"href":"https:\/\/milanta.net\/es\/wp-json\/wp\/v2\/product_brand?post=3719"},{"taxonomy":"product_cat","embeddable":true,"href":"https:\/\/milanta.net\/es\/wp-json\/wp\/v2\/product_cat?post=3719"},{"taxonomy":"product_tag","embeddable":true,"href":"https:\/\/milanta.net\/es\/wp-json\/wp\/v2\/product_tag?post=3719"},{"taxonomy":"ubicacion-del-mobiliario","embeddable":true,"href":"https:\/\/milanta.net\/es\/wp-json\/wp\/v2\/ubicacion-del-mobiliario?post=3719"}],"curies":[{"name":"wp","href":"https:\/\/api.w.org\/{rel}","templated":true}]}}