{"id":3731,"date":"2021-05-11T08:22:26","date_gmt":"2021-05-11T08:22:26","guid":{"rendered":"https:\/\/milanta.net\/producto\/cabana-tipi-hexagonal-petit-per-escola-bressol\/"},"modified":"2025-08-28T10:10:29","modified_gmt":"2025-08-28T08:10:29","slug":"cabana-tipi-hexagonal-petit-per-escola-bressol","status":"publish","type":"product","link":"https:\/\/milanta.net\/es\/producte\/cabana-tipi-hexagonal-petit-per-escola-bressol\/","title":{"rendered":"Tipi de fusta &#8211; Escoles Bressol"},"content":{"rendered":"<p>Les cabanes de fusta s\u00f3n un element molt ric per als patis escolars. Proporcionen un espai de recolliment ideal per desenvolupar el joc simb\u00f2lic, esdevenir un amagatall perfecte en el joc m\u00e9s din\u00e0mic o convidar a estones de rep\u00f2s i calma.<\/p>\n<p>La caracter\u00edstica principal d&#8217;aquest tipi \u00e9s que compta amb una porta i tres finestres, dues de les quals tenen una petita lleixa on els infants podran jugar i fer volar la seva imaginaci\u00f3 en els moments de joc simb\u00f2lic.<\/p>\n<p>Tant la fusta com el tractament aplicat la converteixen en una cabana per exterior s\u00f2lida i duradora.<\/p>\n<p>La mida d&#8217;aquest tipi \u00e9s ideal per patis d&#8217;escoles bressol. Tamb\u00e9 tenim una mida m\u00e9s gran per patis d&#8217;escoles d&#8217;infantil i prim\u00e0ria.<\/p>\n<p>Si tot i aix\u00ed necessiteu una altra mida, demaneu-nos pressupost sense comprom\u00eds, ja que com gaireb\u00e9 tots els elements, estructures i materials que fabriquem a Milanta, aquesta cabana tamb\u00e9 es pot fer a mida.<\/p>\n<p>&#8212;-<\/p>\n<p>Cabana de fusta amb tractament per a exterior, s\u00f2lida i duradora.<br \/>\nLa podem fer a mida.<\/p>\n<p>El preu no inclou el muntatge.<\/p>\n","protected":false},"excerpt":{"rendered":"<p>Cabana en forma de tipi hexagonal amb finestres per a l&#8217;exterior<\/p>\n","protected":false},"featured_media":3727,"template":"","meta":[],"product_brand":[],"product_cat":[739],"product_tag":[736],"ubicacion-del-mobiliario":[],"class_list":{"0":"post-3731","1":"product","2":"type-product","3":"status-publish","4":"has-post-thumbnail","6":"product_cat-casetes-i-cabanes-de-fusta","7":"product_tag-casetes-i-cabanes","9":"first","10":"instock","11":"taxable","12":"shipping-taxable","13":"purchasable","14":"product-type-simple"},"yoast_head":"<!-- This site is optimized with the Yoast SEO Premium plugin v21.6 (Yoast SEO v27.3) - https:\/\/yoast.com\/product\/yoast-seo-premium-wordpress\/ -->\n<title>Tipi de fusta - Escoles Bressol - Milanta<\/title>\n<meta name=\"robots\" content=\"index, follow, max-snippet:-1, max-image-preview:large, max-video-preview:-1\" \/>\n<link rel=\"canonical\" href=\"https:\/\/milanta.net\/es\/producte\/cabana-tipi-hexagonal-petit-per-escola-bressol\/\" \/>\n<meta property=\"og:locale\" content=\"es_ES\" \/>\n<meta property=\"og:type\" content=\"article\" \/>\n<meta property=\"og:title\" content=\"Tipi de fusta - Escoles Bressol\" \/>\n<meta property=\"og:description\" content=\"Cabana en forma de tipi hexagonal amb finestres per a l&#039;exterior\" \/>\n<meta property=\"og:url\" content=\"https:\/\/milanta.net\/es\/producte\/cabana-tipi-hexagonal-petit-per-escola-bressol\/\" \/>\n<meta property=\"og:site_name\" content=\"Milanta\" \/>\n<meta property=\"article:publisher\" content=\"https:\/\/www.facebook.com\/MilantaCraft\/\" \/>\n<meta property=\"article:modified_time\" content=\"2025-08-28T08:10:29+00:00\" \/>\n<meta property=\"og:image\" content=\"https:\/\/milanta.net\/wp-content\/uploads\/2021\/05\/2063-CABANA-TIPI-HEXAGONAL-PETIT-PER-ESCOLA-BRESSOL.jpg\" \/>\n\t<meta property=\"og:image:width\" content=\"1075\" \/>\n\t<meta property=\"og:image:height\" content=\"1535\" \/>\n\t<meta property=\"og:image:type\" content=\"image\/jpeg\" \/>\n<meta name=\"twitter:card\" content=\"summary_large_image\" \/>\n<meta name=\"twitter:label1\" content=\"Tiempo de lectura\" \/>\n\t<meta name=\"twitter:data1\" content=\"2 minutos\" \/>\n<script type=\"application\/ld+json\" class=\"yoast-schema-graph\">{\"@context\":\"https:\\\/\\\/schema.org\",\"@graph\":[{\"@type\":\"WebPage\",\"@id\":\"https:\\\/\\\/milanta.net\\\/es\\\/producte\\\/cabana-tipi-hexagonal-petit-per-escola-bressol\\\/\",\"url\":\"https:\\\/\\\/milanta.net\\\/es\\\/producte\\\/cabana-tipi-hexagonal-petit-per-escola-bressol\\\/\",\"name\":\"Tipi de fusta - Escoles Bressol - Milanta\",\"isPartOf\":{\"@id\":\"https:\\\/\\\/milanta.net\\\/es\\\/#website\"},\"primaryImageOfPage\":{\"@id\":\"https:\\\/\\\/milanta.net\\\/es\\\/producte\\\/cabana-tipi-hexagonal-petit-per-escola-bressol\\\/#primaryimage\"},\"image\":{\"@id\":\"https:\\\/\\\/milanta.net\\\/es\\\/producte\\\/cabana-tipi-hexagonal-petit-per-escola-bressol\\\/#primaryimage\"},\"thumbnailUrl\":\"https:\\\/\\\/milanta.net\\\/wp-content\\\/uploads\\\/2021\\\/05\\\/2063-CABANA-TIPI-HEXAGONAL-PETIT-PER-ESCOLA-BRESSOL.jpg\",\"datePublished\":\"2021-05-11T08:22:26+00:00\",\"dateModified\":\"2025-08-28T08:10:29+00:00\",\"breadcrumb\":{\"@id\":\"https:\\\/\\\/milanta.net\\\/es\\\/producte\\\/cabana-tipi-hexagonal-petit-per-escola-bressol\\\/#breadcrumb\"},\"inLanguage\":\"es\",\"potentialAction\":[{\"@type\":\"ReadAction\",\"target\":[\"https:\\\/\\\/milanta.net\\\/es\\\/producte\\\/cabana-tipi-hexagonal-petit-per-escola-bressol\\\/\"]}]},{\"@type\":\"ImageObject\",\"inLanguage\":\"es\",\"@id\":\"https:\\\/\\\/milanta.net\\\/es\\\/producte\\\/cabana-tipi-hexagonal-petit-per-escola-bressol\\\/#primaryimage\",\"url\":\"https:\\\/\\\/milanta.net\\\/wp-content\\\/uploads\\\/2021\\\/05\\\/2063-CABANA-TIPI-HEXAGONAL-PETIT-PER-ESCOLA-BRESSOL.jpg\",\"contentUrl\":\"https:\\\/\\\/milanta.net\\\/wp-content\\\/uploads\\\/2021\\\/05\\\/2063-CABANA-TIPI-HEXAGONAL-PETIT-PER-ESCOLA-BRESSOL.jpg\",\"width\":1075,\"height\":1535,\"caption\":\"CABANA TIPI HEXAGONAL PETIT PER ESCOLA BRESSOL\"},{\"@type\":\"BreadcrumbList\",\"@id\":\"https:\\\/\\\/milanta.net\\\/es\\\/producte\\\/cabana-tipi-hexagonal-petit-per-escola-bressol\\\/#breadcrumb\",\"itemListElement\":[{\"@type\":\"ListItem\",\"position\":1,\"name\":\"Portada\",\"item\":\"https:\\\/\\\/milanta.net\\\/es\\\/\"},{\"@type\":\"ListItem\",\"position\":2,\"name\":\"Cat\u00e1logo\",\"item\":\"https:\\\/\\\/milanta.net\\\/es\\\/catalogo\\\/\"},{\"@type\":\"ListItem\",\"position\":3,\"name\":\"Tipi de fusta &#8211; Escoles Bressol\"}]},{\"@type\":\"WebSite\",\"@id\":\"https:\\\/\\\/milanta.net\\\/es\\\/#website\",\"url\":\"https:\\\/\\\/milanta.net\\\/es\\\/\",\"name\":\"Milanta Patis Vius\",\"description\":\"ESPACIOS NATURALES Y CREATIVOS PARA LA EDUCACI\u00d3N\",\"publisher\":{\"@id\":\"https:\\\/\\\/milanta.net\\\/es\\\/#organization\"},\"alternateName\":\"Milanta - Patis Vius\",\"potentialAction\":[{\"@type\":\"SearchAction\",\"target\":{\"@type\":\"EntryPoint\",\"urlTemplate\":\"https:\\\/\\\/milanta.net\\\/es\\\/?s={search_term_string}\"},\"query-input\":{\"@type\":\"PropertyValueSpecification\",\"valueRequired\":true,\"valueName\":\"search_term_string\"}}],\"inLanguage\":\"es\"},{\"@type\":\"Organization\",\"@id\":\"https:\\\/\\\/milanta.net\\\/es\\\/#organization\",\"name\":\"Milanta\",\"url\":\"https:\\\/\\\/milanta.net\\\/es\\\/\",\"logo\":{\"@type\":\"ImageObject\",\"inLanguage\":\"es\",\"@id\":\"https:\\\/\\\/milanta.net\\\/es\\\/#\\\/schema\\\/logo\\\/image\\\/\",\"url\":\"https:\\\/\\\/milanta.net\\\/wp-content\\\/uploads\\\/2023\\\/04\\\/Logo-Milanta-color.svg\",\"contentUrl\":\"https:\\\/\\\/milanta.net\\\/wp-content\\\/uploads\\\/2023\\\/04\\\/Logo-Milanta-color.svg\",\"caption\":\"Milanta\"},\"image\":{\"@id\":\"https:\\\/\\\/milanta.net\\\/es\\\/#\\\/schema\\\/logo\\\/image\\\/\"},\"sameAs\":[\"https:\\\/\\\/www.facebook.com\\\/MilantaCraft\\\/\",\"https:\\\/\\\/www.instagram.com\\\/milanta_patis\\\/\"]}]}<\/script>\n<!-- \/ Yoast SEO Premium plugin. -->","yoast_head_json":{"title":"Tipi de fusta - Escoles Bressol - Milanta","robots":{"index":"index","follow":"follow","max-snippet":"max-snippet:-1","max-image-preview":"max-image-preview:large","max-video-preview":"max-video-preview:-1"},"canonical":"https:\/\/milanta.net\/es\/producte\/cabana-tipi-hexagonal-petit-per-escola-bressol\/","og_locale":"es_ES","og_type":"article","og_title":"Tipi de fusta - Escoles Bressol","og_description":"Cabana en forma de tipi hexagonal amb finestres per a l'exterior","og_url":"https:\/\/milanta.net\/es\/producte\/cabana-tipi-hexagonal-petit-per-escola-bressol\/","og_site_name":"Milanta","article_publisher":"https:\/\/www.facebook.com\/MilantaCraft\/","article_modified_time":"2025-08-28T08:10:29+00:00","og_image":[{"width":1075,"height":1535,"url":"https:\/\/milanta.net\/wp-content\/uploads\/2021\/05\/2063-CABANA-TIPI-HEXAGONAL-PETIT-PER-ESCOLA-BRESSOL.jpg","type":"image\/jpeg"}],"twitter_card":"summary_large_image","twitter_misc":{"Tiempo de lectura":"2 minutos"},"schema":{"@context":"https:\/\/schema.org","@graph":[{"@type":"WebPage","@id":"https:\/\/milanta.net\/es\/producte\/cabana-tipi-hexagonal-petit-per-escola-bressol\/","url":"https:\/\/milanta.net\/es\/producte\/cabana-tipi-hexagonal-petit-per-escola-bressol\/","name":"Tipi de fusta - Escoles Bressol - Milanta","isPartOf":{"@id":"https:\/\/milanta.net\/es\/#website"},"primaryImageOfPage":{"@id":"https:\/\/milanta.net\/es\/producte\/cabana-tipi-hexagonal-petit-per-escola-bressol\/#primaryimage"},"image":{"@id":"https:\/\/milanta.net\/es\/producte\/cabana-tipi-hexagonal-petit-per-escola-bressol\/#primaryimage"},"thumbnailUrl":"https:\/\/milanta.net\/wp-content\/uploads\/2021\/05\/2063-CABANA-TIPI-HEXAGONAL-PETIT-PER-ESCOLA-BRESSOL.jpg","datePublished":"2021-05-11T08:22:26+00:00","dateModified":"2025-08-28T08:10:29+00:00","breadcrumb":{"@id":"https:\/\/milanta.net\/es\/producte\/cabana-tipi-hexagonal-petit-per-escola-bressol\/#breadcrumb"},"inLanguage":"es","potentialAction":[{"@type":"ReadAction","target":["https:\/\/milanta.net\/es\/producte\/cabana-tipi-hexagonal-petit-per-escola-bressol\/"]}]},{"@type":"ImageObject","inLanguage":"es","@id":"https:\/\/milanta.net\/es\/producte\/cabana-tipi-hexagonal-petit-per-escola-bressol\/#primaryimage","url":"https:\/\/milanta.net\/wp-content\/uploads\/2021\/05\/2063-CABANA-TIPI-HEXAGONAL-PETIT-PER-ESCOLA-BRESSOL.jpg","contentUrl":"https:\/\/milanta.net\/wp-content\/uploads\/2021\/05\/2063-CABANA-TIPI-HEXAGONAL-PETIT-PER-ESCOLA-BRESSOL.jpg","width":1075,"height":1535,"caption":"CABANA TIPI HEXAGONAL PETIT PER ESCOLA BRESSOL"},{"@type":"BreadcrumbList","@id":"https:\/\/milanta.net\/es\/producte\/cabana-tipi-hexagonal-petit-per-escola-bressol\/#breadcrumb","itemListElement":[{"@type":"ListItem","position":1,"name":"Portada","item":"https:\/\/milanta.net\/es\/"},{"@type":"ListItem","position":2,"name":"Cat\u00e1logo","item":"https:\/\/milanta.net\/es\/catalogo\/"},{"@type":"ListItem","position":3,"name":"Tipi de fusta &#8211; Escoles Bressol"}]},{"@type":"WebSite","@id":"https:\/\/milanta.net\/es\/#website","url":"https:\/\/milanta.net\/es\/","name":"Milanta Patis Vius","description":"ESPACIOS NATURALES Y CREATIVOS PARA LA EDUCACI\u00d3N","publisher":{"@id":"https:\/\/milanta.net\/es\/#organization"},"alternateName":"Milanta - Patis Vius","potentialAction":[{"@type":"SearchAction","target":{"@type":"EntryPoint","urlTemplate":"https:\/\/milanta.net\/es\/?s={search_term_string}"},"query-input":{"@type":"PropertyValueSpecification","valueRequired":true,"valueName":"search_term_string"}}],"inLanguage":"es"},{"@type":"Organization","@id":"https:\/\/milanta.net\/es\/#organization","name":"Milanta","url":"https:\/\/milanta.net\/es\/","logo":{"@type":"ImageObject","inLanguage":"es","@id":"https:\/\/milanta.net\/es\/#\/schema\/logo\/image\/","url":"https:\/\/milanta.net\/wp-content\/uploads\/2023\/04\/Logo-Milanta-color.svg","contentUrl":"https:\/\/milanta.net\/wp-content\/uploads\/2023\/04\/Logo-Milanta-color.svg","caption":"Milanta"},"image":{"@id":"https:\/\/milanta.net\/es\/#\/schema\/logo\/image\/"},"sameAs":["https:\/\/www.facebook.com\/MilantaCraft\/","https:\/\/www.instagram.com\/milanta_patis\/"]}]}},"_links":{"self":[{"href":"https:\/\/milanta.net\/es\/wp-json\/wp\/v2\/product\/3731","targetHints":{"allow":["GET"]}}],"collection":[{"href":"https:\/\/milanta.net\/es\/wp-json\/wp\/v2\/product"}],"about":[{"href":"https:\/\/milanta.net\/es\/wp-json\/wp\/v2\/types\/product"}],"version-history":[{"count":0,"href":"https:\/\/milanta.net\/es\/wp-json\/wp\/v2\/product\/3731\/revisions"}],"wp:featuredmedia":[{"embeddable":true,"href":"https:\/\/milanta.net\/es\/wp-json\/wp\/v2\/media\/3727"}],"wp:attachment":[{"href":"https:\/\/milanta.net\/es\/wp-json\/wp\/v2\/media?parent=3731"}],"wp:term":[{"taxonomy":"product_brand","embeddable":true,"href":"https:\/\/milanta.net\/es\/wp-json\/wp\/v2\/product_brand?post=3731"},{"taxonomy":"product_cat","embeddable":true,"href":"https:\/\/milanta.net\/es\/wp-json\/wp\/v2\/product_cat?post=3731"},{"taxonomy":"product_tag","embeddable":true,"href":"https:\/\/milanta.net\/es\/wp-json\/wp\/v2\/product_tag?post=3731"},{"taxonomy":"ubicacion-del-mobiliario","embeddable":true,"href":"https:\/\/milanta.net\/es\/wp-json\/wp\/v2\/ubicacion-del-mobiliario?post=3731"}],"curies":[{"name":"wp","href":"https:\/\/api.w.org\/{rel}","templated":true}]}}