{"id":3736,"date":"2021-05-11T08:53:39","date_gmt":"2021-05-11T08:53:39","guid":{"rendered":"https:\/\/milanta.net\/producto\/muntanya-de-travessa-trinitat-nova-de-quatre-pisos\/"},"modified":"2025-04-22T14:06:11","modified_gmt":"2025-04-22T12:06:11","slug":"muntanya-de-fusta-sorra-per-pati-escolar","status":"publish","type":"product","link":"https:\/\/milanta.net\/es\/producte\/muntanya-de-fusta-sorra-per-pati-escolar\/","title":{"rendered":"Muntanya de 4 pisos"},"content":{"rendered":"<p>Un pati Renaturalitzat vol assemblar-se tant com sigui possible a la natura i&#8230; Oi que a la muntanya la topografia no \u00e9s plana? Doncs en els patis vius&#8230; Tampoc! Per aix\u00f2 ens encanta fer cr\u00e9ixer turons i muntanyes a cada transformaci\u00f3 de pati.<\/p>\n<p>La caracter\u00edtica principal d&#8217;aquesta Muntanya \u00e9s que es compon de 4 pisos fets a partir de travesses de pi i sorres, i complementada amb una rampa de fusta. Les travesses de pi estan col\u00b7locades estrat\u00e8gicament per perimetrar petits espais de joc d&#8217;experimentaci\u00f3 i generar desnivells.<\/p>\n<p>\u00c9s una proposta fant\u00e0stica per proporcionar relleu a l&#8217;espai exterior i fomentar el joc motriu i simb\u00f2lic.<\/p>\n<p>Tenim diversos turons i muntanyes en el nostre cat\u00e0leg, per\u00f2 si no us n&#8217;encaixa cap, no patiu, que els podem fer a mida. Com que la majoria d&#8217;estructures i materials que proporcionem a Milanta els dissenyem i fabriquem a la nostra fusteria, podem adaptar-los als vostres espais i necessitats. Demaneu-nos pressupost sense comprom\u00eds.<\/p>\n<p>&#8212;&#8212;<br \/>\nProposta amb una rampa i desnivells fets a partir de travesses.<\/p>\n<p>El preu inclou la terra.<\/p>\n<p>Inclou el muntatge.<\/p>\n<p>Podem fer a MIDA.<\/p>\n","protected":false},"excerpt":{"rendered":"<p>Muntanya de desnivells i petits espais de sorres.<\/p>\n","protected":false},"featured_media":3732,"template":"","meta":[],"product_brand":[],"product_cat":[838],"product_tag":[],"ubicacion-del-mobiliario":[821],"class_list":{"0":"post-3736","1":"product","2":"type-product","3":"status-publish","4":"has-post-thumbnail","6":"product_cat-turons","7":"ubicacion-del-mobiliario-exterior","9":"first","10":"instock","11":"taxable","12":"shipping-taxable","13":"purchasable","14":"product-type-simple"},"yoast_head":"<!-- This site is optimized with the Yoast SEO Premium plugin v21.6 (Yoast SEO v27.3) - https:\/\/yoast.com\/product\/yoast-seo-premium-wordpress\/ -->\n<title>Muntanya de 4 pisos - Milanta<\/title>\n<meta name=\"description\" content=\"Muntanya de 4 pisos feta de travesses de pi i sorres, ideal per proporcionar desnivell al pati i joc simb\u00f2lic, d&#039;experimentaci\u00f3 i motriu.\" \/>\n<meta name=\"robots\" content=\"index, follow, max-snippet:-1, max-image-preview:large, max-video-preview:-1\" \/>\n<link rel=\"canonical\" href=\"https:\/\/milanta.net\/es\/producte\/muntanya-de-fusta-sorra-per-pati-escolar\/\" \/>\n<meta property=\"og:locale\" content=\"es_ES\" \/>\n<meta property=\"og:type\" content=\"article\" \/>\n<meta property=\"og:title\" content=\"Muntanya de 4 pisos\" \/>\n<meta property=\"og:description\" content=\"Muntanya de 4 pisos feta de travesses de pi i sorres, ideal per proporcionar desnivell al pati i joc simb\u00f2lic, d&#039;experimentaci\u00f3 i motriu.\" \/>\n<meta property=\"og:url\" content=\"https:\/\/milanta.net\/es\/producte\/muntanya-de-fusta-sorra-per-pati-escolar\/\" \/>\n<meta property=\"og:site_name\" content=\"Milanta\" \/>\n<meta property=\"article:publisher\" content=\"https:\/\/www.facebook.com\/MilantaCraft\/\" \/>\n<meta property=\"article:modified_time\" content=\"2025-04-22T12:06:11+00:00\" \/>\n<meta property=\"og:image\" content=\"https:\/\/milanta.net\/wp-content\/uploads\/2021\/05\/2068-MUNTANYA-DE-TRAVESSA-TRINITAT-NOVA-DE-QUATRE-PISOS.jpg\" \/>\n\t<meta property=\"og:image:width\" content=\"2048\" \/>\n\t<meta property=\"og:image:height\" content=\"1536\" \/>\n\t<meta property=\"og:image:type\" content=\"image\/jpeg\" \/>\n<meta name=\"twitter:card\" content=\"summary_large_image\" \/>\n<meta name=\"twitter:label1\" content=\"Tiempo de lectura\" \/>\n\t<meta name=\"twitter:data1\" content=\"2 minutos\" \/>\n<script type=\"application\/ld+json\" class=\"yoast-schema-graph\">{\"@context\":\"https:\\\/\\\/schema.org\",\"@graph\":[{\"@type\":\"WebPage\",\"@id\":\"https:\\\/\\\/milanta.net\\\/es\\\/producte\\\/muntanya-de-fusta-sorra-per-pati-escolar\\\/\",\"url\":\"https:\\\/\\\/milanta.net\\\/es\\\/producte\\\/muntanya-de-fusta-sorra-per-pati-escolar\\\/\",\"name\":\"Muntanya de 4 pisos - Milanta\",\"isPartOf\":{\"@id\":\"https:\\\/\\\/milanta.net\\\/es\\\/#website\"},\"primaryImageOfPage\":{\"@id\":\"https:\\\/\\\/milanta.net\\\/es\\\/producte\\\/muntanya-de-fusta-sorra-per-pati-escolar\\\/#primaryimage\"},\"image\":{\"@id\":\"https:\\\/\\\/milanta.net\\\/es\\\/producte\\\/muntanya-de-fusta-sorra-per-pati-escolar\\\/#primaryimage\"},\"thumbnailUrl\":\"https:\\\/\\\/milanta.net\\\/wp-content\\\/uploads\\\/2021\\\/05\\\/2068-MUNTANYA-DE-TRAVESSA-TRINITAT-NOVA-DE-QUATRE-PISOS.jpg\",\"datePublished\":\"2021-05-11T08:53:39+00:00\",\"dateModified\":\"2025-04-22T12:06:11+00:00\",\"description\":\"Muntanya de 4 pisos feta de travesses de pi i sorres, ideal per proporcionar desnivell al pati i joc simb\u00f2lic, d'experimentaci\u00f3 i motriu.\",\"breadcrumb\":{\"@id\":\"https:\\\/\\\/milanta.net\\\/es\\\/producte\\\/muntanya-de-fusta-sorra-per-pati-escolar\\\/#breadcrumb\"},\"inLanguage\":\"es\",\"potentialAction\":[{\"@type\":\"ReadAction\",\"target\":[\"https:\\\/\\\/milanta.net\\\/es\\\/producte\\\/muntanya-de-fusta-sorra-per-pati-escolar\\\/\"]}]},{\"@type\":\"ImageObject\",\"inLanguage\":\"es\",\"@id\":\"https:\\\/\\\/milanta.net\\\/es\\\/producte\\\/muntanya-de-fusta-sorra-per-pati-escolar\\\/#primaryimage\",\"url\":\"https:\\\/\\\/milanta.net\\\/wp-content\\\/uploads\\\/2021\\\/05\\\/2068-MUNTANYA-DE-TRAVESSA-TRINITAT-NOVA-DE-QUATRE-PISOS.jpg\",\"contentUrl\":\"https:\\\/\\\/milanta.net\\\/wp-content\\\/uploads\\\/2021\\\/05\\\/2068-MUNTANYA-DE-TRAVESSA-TRINITAT-NOVA-DE-QUATRE-PISOS.jpg\",\"width\":2048,\"height\":1536,\"caption\":\"MUNTANYA DE TRAVESSA TRINITAT NOVA DE QUATRE PISOS\"},{\"@type\":\"BreadcrumbList\",\"@id\":\"https:\\\/\\\/milanta.net\\\/es\\\/producte\\\/muntanya-de-fusta-sorra-per-pati-escolar\\\/#breadcrumb\",\"itemListElement\":[{\"@type\":\"ListItem\",\"position\":1,\"name\":\"Portada\",\"item\":\"https:\\\/\\\/milanta.net\\\/es\\\/\"},{\"@type\":\"ListItem\",\"position\":2,\"name\":\"Cat\u00e1logo\",\"item\":\"https:\\\/\\\/milanta.net\\\/es\\\/catalogo\\\/\"},{\"@type\":\"ListItem\",\"position\":3,\"name\":\"Muntanya de 4 pisos\"}]},{\"@type\":\"WebSite\",\"@id\":\"https:\\\/\\\/milanta.net\\\/es\\\/#website\",\"url\":\"https:\\\/\\\/milanta.net\\\/es\\\/\",\"name\":\"Milanta Patis Vius\",\"description\":\"ESPACIOS NATURALES Y CREATIVOS PARA LA EDUCACI\u00d3N\",\"publisher\":{\"@id\":\"https:\\\/\\\/milanta.net\\\/es\\\/#organization\"},\"alternateName\":\"Milanta - Patis Vius\",\"potentialAction\":[{\"@type\":\"SearchAction\",\"target\":{\"@type\":\"EntryPoint\",\"urlTemplate\":\"https:\\\/\\\/milanta.net\\\/es\\\/?s={search_term_string}\"},\"query-input\":{\"@type\":\"PropertyValueSpecification\",\"valueRequired\":true,\"valueName\":\"search_term_string\"}}],\"inLanguage\":\"es\"},{\"@type\":\"Organization\",\"@id\":\"https:\\\/\\\/milanta.net\\\/es\\\/#organization\",\"name\":\"Milanta\",\"url\":\"https:\\\/\\\/milanta.net\\\/es\\\/\",\"logo\":{\"@type\":\"ImageObject\",\"inLanguage\":\"es\",\"@id\":\"https:\\\/\\\/milanta.net\\\/es\\\/#\\\/schema\\\/logo\\\/image\\\/\",\"url\":\"https:\\\/\\\/milanta.net\\\/wp-content\\\/uploads\\\/2023\\\/04\\\/Logo-Milanta-color.svg\",\"contentUrl\":\"https:\\\/\\\/milanta.net\\\/wp-content\\\/uploads\\\/2023\\\/04\\\/Logo-Milanta-color.svg\",\"width\":786,\"height\":486,\"caption\":\"Milanta\"},\"image\":{\"@id\":\"https:\\\/\\\/milanta.net\\\/es\\\/#\\\/schema\\\/logo\\\/image\\\/\"},\"sameAs\":[\"https:\\\/\\\/www.facebook.com\\\/MilantaCraft\\\/\",\"https:\\\/\\\/www.instagram.com\\\/milanta_patis\\\/\"]}]}<\/script>\n<!-- \/ Yoast SEO Premium plugin. -->","yoast_head_json":{"title":"Muntanya de 4 pisos - Milanta","description":"Muntanya de 4 pisos feta de travesses de pi i sorres, ideal per proporcionar desnivell al pati i joc simb\u00f2lic, d'experimentaci\u00f3 i motriu.","robots":{"index":"index","follow":"follow","max-snippet":"max-snippet:-1","max-image-preview":"max-image-preview:large","max-video-preview":"max-video-preview:-1"},"canonical":"https:\/\/milanta.net\/es\/producte\/muntanya-de-fusta-sorra-per-pati-escolar\/","og_locale":"es_ES","og_type":"article","og_title":"Muntanya de 4 pisos","og_description":"Muntanya de 4 pisos feta de travesses de pi i sorres, ideal per proporcionar desnivell al pati i joc simb\u00f2lic, d'experimentaci\u00f3 i motriu.","og_url":"https:\/\/milanta.net\/es\/producte\/muntanya-de-fusta-sorra-per-pati-escolar\/","og_site_name":"Milanta","article_publisher":"https:\/\/www.facebook.com\/MilantaCraft\/","article_modified_time":"2025-04-22T12:06:11+00:00","og_image":[{"width":2048,"height":1536,"url":"https:\/\/milanta.net\/wp-content\/uploads\/2021\/05\/2068-MUNTANYA-DE-TRAVESSA-TRINITAT-NOVA-DE-QUATRE-PISOS.jpg","type":"image\/jpeg"}],"twitter_card":"summary_large_image","twitter_misc":{"Tiempo de lectura":"2 minutos"},"schema":{"@context":"https:\/\/schema.org","@graph":[{"@type":"WebPage","@id":"https:\/\/milanta.net\/es\/producte\/muntanya-de-fusta-sorra-per-pati-escolar\/","url":"https:\/\/milanta.net\/es\/producte\/muntanya-de-fusta-sorra-per-pati-escolar\/","name":"Muntanya de 4 pisos - Milanta","isPartOf":{"@id":"https:\/\/milanta.net\/es\/#website"},"primaryImageOfPage":{"@id":"https:\/\/milanta.net\/es\/producte\/muntanya-de-fusta-sorra-per-pati-escolar\/#primaryimage"},"image":{"@id":"https:\/\/milanta.net\/es\/producte\/muntanya-de-fusta-sorra-per-pati-escolar\/#primaryimage"},"thumbnailUrl":"https:\/\/milanta.net\/wp-content\/uploads\/2021\/05\/2068-MUNTANYA-DE-TRAVESSA-TRINITAT-NOVA-DE-QUATRE-PISOS.jpg","datePublished":"2021-05-11T08:53:39+00:00","dateModified":"2025-04-22T12:06:11+00:00","description":"Muntanya de 4 pisos feta de travesses de pi i sorres, ideal per proporcionar desnivell al pati i joc simb\u00f2lic, d'experimentaci\u00f3 i motriu.","breadcrumb":{"@id":"https:\/\/milanta.net\/es\/producte\/muntanya-de-fusta-sorra-per-pati-escolar\/#breadcrumb"},"inLanguage":"es","potentialAction":[{"@type":"ReadAction","target":["https:\/\/milanta.net\/es\/producte\/muntanya-de-fusta-sorra-per-pati-escolar\/"]}]},{"@type":"ImageObject","inLanguage":"es","@id":"https:\/\/milanta.net\/es\/producte\/muntanya-de-fusta-sorra-per-pati-escolar\/#primaryimage","url":"https:\/\/milanta.net\/wp-content\/uploads\/2021\/05\/2068-MUNTANYA-DE-TRAVESSA-TRINITAT-NOVA-DE-QUATRE-PISOS.jpg","contentUrl":"https:\/\/milanta.net\/wp-content\/uploads\/2021\/05\/2068-MUNTANYA-DE-TRAVESSA-TRINITAT-NOVA-DE-QUATRE-PISOS.jpg","width":2048,"height":1536,"caption":"MUNTANYA DE TRAVESSA TRINITAT NOVA DE QUATRE PISOS"},{"@type":"BreadcrumbList","@id":"https:\/\/milanta.net\/es\/producte\/muntanya-de-fusta-sorra-per-pati-escolar\/#breadcrumb","itemListElement":[{"@type":"ListItem","position":1,"name":"Portada","item":"https:\/\/milanta.net\/es\/"},{"@type":"ListItem","position":2,"name":"Cat\u00e1logo","item":"https:\/\/milanta.net\/es\/catalogo\/"},{"@type":"ListItem","position":3,"name":"Muntanya de 4 pisos"}]},{"@type":"WebSite","@id":"https:\/\/milanta.net\/es\/#website","url":"https:\/\/milanta.net\/es\/","name":"Milanta Patis Vius","description":"ESPACIOS NATURALES Y CREATIVOS PARA LA EDUCACI\u00d3N","publisher":{"@id":"https:\/\/milanta.net\/es\/#organization"},"alternateName":"Milanta - Patis Vius","potentialAction":[{"@type":"SearchAction","target":{"@type":"EntryPoint","urlTemplate":"https:\/\/milanta.net\/es\/?s={search_term_string}"},"query-input":{"@type":"PropertyValueSpecification","valueRequired":true,"valueName":"search_term_string"}}],"inLanguage":"es"},{"@type":"Organization","@id":"https:\/\/milanta.net\/es\/#organization","name":"Milanta","url":"https:\/\/milanta.net\/es\/","logo":{"@type":"ImageObject","inLanguage":"es","@id":"https:\/\/milanta.net\/es\/#\/schema\/logo\/image\/","url":"https:\/\/milanta.net\/wp-content\/uploads\/2023\/04\/Logo-Milanta-color.svg","contentUrl":"https:\/\/milanta.net\/wp-content\/uploads\/2023\/04\/Logo-Milanta-color.svg","width":786,"height":486,"caption":"Milanta"},"image":{"@id":"https:\/\/milanta.net\/es\/#\/schema\/logo\/image\/"},"sameAs":["https:\/\/www.facebook.com\/MilantaCraft\/","https:\/\/www.instagram.com\/milanta_patis\/"]}]}},"_links":{"self":[{"href":"https:\/\/milanta.net\/es\/wp-json\/wp\/v2\/product\/3736","targetHints":{"allow":["GET"]}}],"collection":[{"href":"https:\/\/milanta.net\/es\/wp-json\/wp\/v2\/product"}],"about":[{"href":"https:\/\/milanta.net\/es\/wp-json\/wp\/v2\/types\/product"}],"version-history":[{"count":0,"href":"https:\/\/milanta.net\/es\/wp-json\/wp\/v2\/product\/3736\/revisions"}],"wp:featuredmedia":[{"embeddable":true,"href":"https:\/\/milanta.net\/es\/wp-json\/wp\/v2\/media\/3732"}],"wp:attachment":[{"href":"https:\/\/milanta.net\/es\/wp-json\/wp\/v2\/media?parent=3736"}],"wp:term":[{"taxonomy":"product_brand","embeddable":true,"href":"https:\/\/milanta.net\/es\/wp-json\/wp\/v2\/product_brand?post=3736"},{"taxonomy":"product_cat","embeddable":true,"href":"https:\/\/milanta.net\/es\/wp-json\/wp\/v2\/product_cat?post=3736"},{"taxonomy":"product_tag","embeddable":true,"href":"https:\/\/milanta.net\/es\/wp-json\/wp\/v2\/product_tag?post=3736"},{"taxonomy":"ubicacion-del-mobiliario","embeddable":true,"href":"https:\/\/milanta.net\/es\/wp-json\/wp\/v2\/ubicacion-del-mobiliario?post=3736"}],"curies":[{"name":"wp","href":"https:\/\/api.w.org\/{rel}","templated":true}]}}