{"id":3751,"date":"2021-08-30T11:52:50","date_gmt":"2021-08-30T11:52:50","guid":{"rendered":"https:\/\/milanta.net\/producto\/turo-de-rotlle-de-fibra-de-coco-i-saulo\/"},"modified":"2025-04-22T13:50:04","modified_gmt":"2025-04-22T11:50:04","slug":"turo-de-rotlle-de-fibra-de-coco-i-saulo","status":"publish","type":"product","link":"https:\/\/milanta.net\/es\/producte\/turo-de-rotlle-de-fibra-de-coco-i-saulo\/","title":{"rendered":"Tur\u00f3 de rotlle de fibra de coco i saul\u00f3"},"content":{"rendered":"<p>El preu inclou el saul\u00f3 i el muntatge<\/p>\n<p>Podem dissenyar i perimetrar amb el rotlle de coco segons les vostres necessitats.<\/p>\n","protected":false},"excerpt":{"rendered":"<p>Monticle fet a partir de rotlles de fibra de coco cosits entre si i saul\u00f3.<\/p>\n","protected":false},"featured_media":3749,"template":"","meta":[],"product_brand":[],"product_cat":[838],"product_tag":[],"ubicacion-del-mobiliario":[],"class_list":{"0":"post-3751","1":"product","2":"type-product","3":"status-publish","4":"has-post-thumbnail","6":"product_cat-turons","8":"first","9":"instock","10":"taxable","11":"shipping-taxable","12":"purchasable","13":"product-type-simple"},"yoast_head":"<!-- This site is optimized with the Yoast SEO Premium plugin v21.6 (Yoast SEO v27.2) - https:\/\/yoast.com\/product\/yoast-seo-premium-wordpress\/ -->\n<title>Tur\u00f3 de rotlle de fibra de coco i saul\u00f3 - Milanta<\/title>\n<meta name=\"robots\" content=\"index, follow, max-snippet:-1, max-image-preview:large, max-video-preview:-1\" \/>\n<link rel=\"canonical\" href=\"https:\/\/milanta.net\/es\/producte\/turo-de-rotlle-de-fibra-de-coco-i-saulo\/\" \/>\n<meta property=\"og:locale\" content=\"es_ES\" \/>\n<meta property=\"og:type\" content=\"article\" \/>\n<meta property=\"og:title\" content=\"Tur\u00f3 de rotlle de fibra de coco i saul\u00f3\" \/>\n<meta property=\"og:description\" content=\"Monticle fet a partir de rotlles de fibra de coco cosits entre si i saul\u00f3.\" \/>\n<meta property=\"og:url\" content=\"https:\/\/milanta.net\/es\/producte\/turo-de-rotlle-de-fibra-de-coco-i-saulo\/\" \/>\n<meta property=\"og:site_name\" content=\"Milanta\" \/>\n<meta property=\"article:publisher\" content=\"https:\/\/www.facebook.com\/MilantaCraft\/\" \/>\n<meta property=\"article:modified_time\" content=\"2025-04-22T11:50:04+00:00\" \/>\n<meta property=\"og:image\" content=\"https:\/\/milanta.net\/wp-content\/uploads\/2021\/08\/2205-Turo-de-rotlle-de-fibra-de-coco-i-saulo.jpg\" \/>\n\t<meta property=\"og:image:width\" content=\"400\" \/>\n\t<meta property=\"og:image:height\" content=\"300\" \/>\n\t<meta property=\"og:image:type\" content=\"image\/jpeg\" \/>\n<meta name=\"twitter:card\" content=\"summary_large_image\" \/>\n<meta name=\"twitter:label1\" content=\"Tiempo de lectura\" \/>\n\t<meta name=\"twitter:data1\" content=\"1 minuto\" \/>\n<script type=\"application\/ld+json\" class=\"yoast-schema-graph\">{\"@context\":\"https:\/\/schema.org\",\"@graph\":[{\"@type\":\"WebPage\",\"@id\":\"https:\/\/milanta.net\/es\/producte\/turo-de-rotlle-de-fibra-de-coco-i-saulo\/\",\"url\":\"https:\/\/milanta.net\/es\/producte\/turo-de-rotlle-de-fibra-de-coco-i-saulo\/\",\"name\":\"Tur\u00f3 de rotlle de fibra de coco i saul\u00f3 - Milanta\",\"isPartOf\":{\"@id\":\"https:\/\/milanta.net\/es\/#website\"},\"primaryImageOfPage\":{\"@id\":\"https:\/\/milanta.net\/es\/producte\/turo-de-rotlle-de-fibra-de-coco-i-saulo\/#primaryimage\"},\"image\":{\"@id\":\"https:\/\/milanta.net\/es\/producte\/turo-de-rotlle-de-fibra-de-coco-i-saulo\/#primaryimage\"},\"thumbnailUrl\":\"https:\/\/milanta.net\/wp-content\/uploads\/2021\/08\/2205-Turo-de-rotlle-de-fibra-de-coco-i-saulo.jpg\",\"datePublished\":\"2021-08-30T11:52:50+00:00\",\"dateModified\":\"2025-04-22T11:50:04+00:00\",\"breadcrumb\":{\"@id\":\"https:\/\/milanta.net\/es\/producte\/turo-de-rotlle-de-fibra-de-coco-i-saulo\/#breadcrumb\"},\"inLanguage\":\"es\",\"potentialAction\":[{\"@type\":\"ReadAction\",\"target\":[\"https:\/\/milanta.net\/es\/producte\/turo-de-rotlle-de-fibra-de-coco-i-saulo\/\"]}]},{\"@type\":\"ImageObject\",\"inLanguage\":\"es\",\"@id\":\"https:\/\/milanta.net\/es\/producte\/turo-de-rotlle-de-fibra-de-coco-i-saulo\/#primaryimage\",\"url\":\"https:\/\/milanta.net\/wp-content\/uploads\/2021\/08\/2205-Turo-de-rotlle-de-fibra-de-coco-i-saulo.jpg\",\"contentUrl\":\"https:\/\/milanta.net\/wp-content\/uploads\/2021\/08\/2205-Turo-de-rotlle-de-fibra-de-coco-i-saulo.jpg\",\"width\":400,\"height\":300,\"caption\":\"Tur\u00f3 de rotlle de fibra de coco i saul\u00f3\"},{\"@type\":\"BreadcrumbList\",\"@id\":\"https:\/\/milanta.net\/es\/producte\/turo-de-rotlle-de-fibra-de-coco-i-saulo\/#breadcrumb\",\"itemListElement\":[{\"@type\":\"ListItem\",\"position\":1,\"name\":\"Portada\",\"item\":\"https:\/\/milanta.net\/es\/\"},{\"@type\":\"ListItem\",\"position\":2,\"name\":\"Cat\u00e1logo\",\"item\":\"https:\/\/milanta.net\/es\/catalogo\/\"},{\"@type\":\"ListItem\",\"position\":3,\"name\":\"Tur\u00f3 de rotlle de fibra de coco i saul\u00f3\"}]},{\"@type\":\"WebSite\",\"@id\":\"https:\/\/milanta.net\/es\/#website\",\"url\":\"https:\/\/milanta.net\/es\/\",\"name\":\"Milanta Patis Vius\",\"description\":\"ESPACIOS NATURALES Y CREATIVOS PARA LA EDUCACI\u00d3N\",\"publisher\":{\"@id\":\"https:\/\/milanta.net\/es\/#organization\"},\"alternateName\":\"Milanta - Patis Vius\",\"potentialAction\":[{\"@type\":\"SearchAction\",\"target\":{\"@type\":\"EntryPoint\",\"urlTemplate\":\"https:\/\/milanta.net\/es\/?s={search_term_string}\"},\"query-input\":{\"@type\":\"PropertyValueSpecification\",\"valueRequired\":true,\"valueName\":\"search_term_string\"}}],\"inLanguage\":\"es\"},{\"@type\":\"Organization\",\"@id\":\"https:\/\/milanta.net\/es\/#organization\",\"name\":\"Milanta\",\"url\":\"https:\/\/milanta.net\/es\/\",\"logo\":{\"@type\":\"ImageObject\",\"inLanguage\":\"es\",\"@id\":\"https:\/\/milanta.net\/es\/#\/schema\/logo\/image\/\",\"url\":\"https:\/\/milanta.net\/wp-content\/uploads\/2023\/04\/Logo-Milanta-color.svg\",\"contentUrl\":\"https:\/\/milanta.net\/wp-content\/uploads\/2023\/04\/Logo-Milanta-color.svg\",\"width\":786,\"height\":486,\"caption\":\"Milanta\"},\"image\":{\"@id\":\"https:\/\/milanta.net\/es\/#\/schema\/logo\/image\/\"},\"sameAs\":[\"https:\/\/www.facebook.com\/MilantaCraft\/\",\"https:\/\/www.instagram.com\/milanta_patis\/\"]}]}<\/script>\n<!-- \/ Yoast SEO Premium plugin. -->","yoast_head_json":{"title":"Tur\u00f3 de rotlle de fibra de coco i saul\u00f3 - Milanta","robots":{"index":"index","follow":"follow","max-snippet":"max-snippet:-1","max-image-preview":"max-image-preview:large","max-video-preview":"max-video-preview:-1"},"canonical":"https:\/\/milanta.net\/es\/producte\/turo-de-rotlle-de-fibra-de-coco-i-saulo\/","og_locale":"es_ES","og_type":"article","og_title":"Tur\u00f3 de rotlle de fibra de coco i saul\u00f3","og_description":"Monticle fet a partir de rotlles de fibra de coco cosits entre si i saul\u00f3.","og_url":"https:\/\/milanta.net\/es\/producte\/turo-de-rotlle-de-fibra-de-coco-i-saulo\/","og_site_name":"Milanta","article_publisher":"https:\/\/www.facebook.com\/MilantaCraft\/","article_modified_time":"2025-04-22T11:50:04+00:00","og_image":[{"width":400,"height":300,"url":"https:\/\/milanta.net\/wp-content\/uploads\/2021\/08\/2205-Turo-de-rotlle-de-fibra-de-coco-i-saulo.jpg","type":"image\/jpeg"}],"twitter_card":"summary_large_image","twitter_misc":{"Tiempo de lectura":"1 minuto"},"schema":{"@context":"https:\/\/schema.org","@graph":[{"@type":"WebPage","@id":"https:\/\/milanta.net\/es\/producte\/turo-de-rotlle-de-fibra-de-coco-i-saulo\/","url":"https:\/\/milanta.net\/es\/producte\/turo-de-rotlle-de-fibra-de-coco-i-saulo\/","name":"Tur\u00f3 de rotlle de fibra de coco i saul\u00f3 - Milanta","isPartOf":{"@id":"https:\/\/milanta.net\/es\/#website"},"primaryImageOfPage":{"@id":"https:\/\/milanta.net\/es\/producte\/turo-de-rotlle-de-fibra-de-coco-i-saulo\/#primaryimage"},"image":{"@id":"https:\/\/milanta.net\/es\/producte\/turo-de-rotlle-de-fibra-de-coco-i-saulo\/#primaryimage"},"thumbnailUrl":"https:\/\/milanta.net\/wp-content\/uploads\/2021\/08\/2205-Turo-de-rotlle-de-fibra-de-coco-i-saulo.jpg","datePublished":"2021-08-30T11:52:50+00:00","dateModified":"2025-04-22T11:50:04+00:00","breadcrumb":{"@id":"https:\/\/milanta.net\/es\/producte\/turo-de-rotlle-de-fibra-de-coco-i-saulo\/#breadcrumb"},"inLanguage":"es","potentialAction":[{"@type":"ReadAction","target":["https:\/\/milanta.net\/es\/producte\/turo-de-rotlle-de-fibra-de-coco-i-saulo\/"]}]},{"@type":"ImageObject","inLanguage":"es","@id":"https:\/\/milanta.net\/es\/producte\/turo-de-rotlle-de-fibra-de-coco-i-saulo\/#primaryimage","url":"https:\/\/milanta.net\/wp-content\/uploads\/2021\/08\/2205-Turo-de-rotlle-de-fibra-de-coco-i-saulo.jpg","contentUrl":"https:\/\/milanta.net\/wp-content\/uploads\/2021\/08\/2205-Turo-de-rotlle-de-fibra-de-coco-i-saulo.jpg","width":400,"height":300,"caption":"Tur\u00f3 de rotlle de fibra de coco i saul\u00f3"},{"@type":"BreadcrumbList","@id":"https:\/\/milanta.net\/es\/producte\/turo-de-rotlle-de-fibra-de-coco-i-saulo\/#breadcrumb","itemListElement":[{"@type":"ListItem","position":1,"name":"Portada","item":"https:\/\/milanta.net\/es\/"},{"@type":"ListItem","position":2,"name":"Cat\u00e1logo","item":"https:\/\/milanta.net\/es\/catalogo\/"},{"@type":"ListItem","position":3,"name":"Tur\u00f3 de rotlle de fibra de coco i saul\u00f3"}]},{"@type":"WebSite","@id":"https:\/\/milanta.net\/es\/#website","url":"https:\/\/milanta.net\/es\/","name":"Milanta Patis Vius","description":"ESPACIOS NATURALES Y CREATIVOS PARA LA EDUCACI\u00d3N","publisher":{"@id":"https:\/\/milanta.net\/es\/#organization"},"alternateName":"Milanta - Patis Vius","potentialAction":[{"@type":"SearchAction","target":{"@type":"EntryPoint","urlTemplate":"https:\/\/milanta.net\/es\/?s={search_term_string}"},"query-input":{"@type":"PropertyValueSpecification","valueRequired":true,"valueName":"search_term_string"}}],"inLanguage":"es"},{"@type":"Organization","@id":"https:\/\/milanta.net\/es\/#organization","name":"Milanta","url":"https:\/\/milanta.net\/es\/","logo":{"@type":"ImageObject","inLanguage":"es","@id":"https:\/\/milanta.net\/es\/#\/schema\/logo\/image\/","url":"https:\/\/milanta.net\/wp-content\/uploads\/2023\/04\/Logo-Milanta-color.svg","contentUrl":"https:\/\/milanta.net\/wp-content\/uploads\/2023\/04\/Logo-Milanta-color.svg","width":786,"height":486,"caption":"Milanta"},"image":{"@id":"https:\/\/milanta.net\/es\/#\/schema\/logo\/image\/"},"sameAs":["https:\/\/www.facebook.com\/MilantaCraft\/","https:\/\/www.instagram.com\/milanta_patis\/"]}]}},"_links":{"self":[{"href":"https:\/\/milanta.net\/es\/wp-json\/wp\/v2\/product\/3751","targetHints":{"allow":["GET"]}}],"collection":[{"href":"https:\/\/milanta.net\/es\/wp-json\/wp\/v2\/product"}],"about":[{"href":"https:\/\/milanta.net\/es\/wp-json\/wp\/v2\/types\/product"}],"version-history":[{"count":0,"href":"https:\/\/milanta.net\/es\/wp-json\/wp\/v2\/product\/3751\/revisions"}],"wp:featuredmedia":[{"embeddable":true,"href":"https:\/\/milanta.net\/es\/wp-json\/wp\/v2\/media\/3749"}],"wp:attachment":[{"href":"https:\/\/milanta.net\/es\/wp-json\/wp\/v2\/media?parent=3751"}],"wp:term":[{"taxonomy":"product_brand","embeddable":true,"href":"https:\/\/milanta.net\/es\/wp-json\/wp\/v2\/product_brand?post=3751"},{"taxonomy":"product_cat","embeddable":true,"href":"https:\/\/milanta.net\/es\/wp-json\/wp\/v2\/product_cat?post=3751"},{"taxonomy":"product_tag","embeddable":true,"href":"https:\/\/milanta.net\/es\/wp-json\/wp\/v2\/product_tag?post=3751"},{"taxonomy":"ubicacion-del-mobiliario","embeddable":true,"href":"https:\/\/milanta.net\/es\/wp-json\/wp\/v2\/ubicacion-del-mobiliario?post=3751"}],"curies":[{"name":"wp","href":"https:\/\/api.w.org\/{rel}","templated":true}]}}