{"id":3788,"date":"2021-08-31T09:56:58","date_gmt":"2021-08-31T09:56:58","guid":{"rendered":"https:\/\/milanta.net\/producto\/rampa-de-tronc-per-lliscar\/"},"modified":"2025-04-24T11:22:58","modified_gmt":"2025-04-24T09:22:58","slug":"rampa-de-tronc-per-lliscar","status":"publish","type":"product","link":"https:\/\/milanta.net\/es\/producte\/rampa-de-tronc-per-lliscar\/","title":{"rendered":"Rampa de fusta per lliscar"},"content":{"rendered":"<p>Aquesta rampa de fusta \u00e9s una opci\u00f3 magn\u00edfica per proporcionar joc de moviment als patis escolars. La fem a mida segons les vostres necessitats i l&#8217;espai on ha d&#8217;anar col\u00b7locada.<\/p>\n<p>A les imatges podeu veure diferents exemples d&#8217;espais i usos que proporciona aquesta estructura.<\/p>\n<p>Les rampes ofereixen als infants una experi\u00e8ncia de moviment din\u00e0mica i divertida, que estimula el sistema vestibular i el control corporal. En pujar o lliscar, experimenten velocitat, inclinaci\u00f3 i gravetat, tot desenvolupant la percepci\u00f3 del risc i la presa de decisions. S\u00f3n elements que generen emoci\u00f3 i aprenentatge a trav\u00e9s del plaer del moviment.<\/p>\n<p>La fusta est\u00e0 tractada i polida per garantir resist\u00e8ncia i durabilitat a l\u2019exterior, sense perdre la seva textura c\u00e0lida i natural. \u00c9s un material viu que connecta els infants amb la natura i afavoreix un ambient ser\u00e8 i inspirador, ideal per un pati viu!<\/p>\n<p>&#8212;-<\/p>\n<p>&nbsp;<\/p>\n<p>No inclou el muntatge, dependr\u00e0 de l&#8217;espai.<\/p>\n<p>No inclou\u00a0el suport, ni els 2 troncs.<\/p>\n<p>Podem instal\u00b7lar-la com a element de desnivell i complementar l&#8217;espai amb jardineres, circuit per grimpar o rotlles de coco. Nom\u00e9s cal que ens passeu mides i ens demaneu pressupost.<\/p>\n","protected":false},"excerpt":{"rendered":"<p>Estructura de fusta feta a mida per generar desnivells, joc i gaudi al pati escolar.<\/p>\n","protected":false},"featured_media":3782,"template":"","meta":[],"product_brand":[],"product_cat":[740,117],"product_tag":[],"ubicacion-del-mobiliario":[821],"class_list":{"0":"post-3788","1":"product","2":"type-product","3":"status-publish","4":"has-post-thumbnail","6":"product_cat-estructures-de-fusta-pel-pati","7":"product_cat-exterior-pati-i-jardi","8":"ubicacion-del-mobiliario-exterior","10":"first","11":"instock","12":"taxable","13":"shipping-taxable","14":"purchasable","15":"product-type-simple"},"yoast_head":"<!-- This site is optimized with the Yoast SEO Premium plugin v21.6 (Yoast SEO v27.2) - https:\/\/yoast.com\/product\/yoast-seo-premium-wordpress\/ -->\n<title>Rampa de fusta per lliscar - Milanta<\/title>\n<meta name=\"description\" content=\"Rampa de fusta ideal per proporcionar joc de moviment. La fem a mida segons les vostres necessitats i l&#039;espai on ha d&#039;anar col\u00b7locada.\u00a0\" \/>\n<meta name=\"robots\" content=\"index, follow, max-snippet:-1, max-image-preview:large, max-video-preview:-1\" \/>\n<link rel=\"canonical\" href=\"https:\/\/milanta.net\/es\/producte\/rampa-de-tronc-per-lliscar\/\" \/>\n<meta property=\"og:locale\" content=\"es_ES\" \/>\n<meta property=\"og:type\" content=\"article\" \/>\n<meta property=\"og:title\" content=\"Rampa de fusta per lliscar\" \/>\n<meta property=\"og:description\" content=\"Rampa de fusta ideal per proporcionar joc de moviment. La fem a mida segons les vostres necessitats i l&#039;espai on ha d&#039;anar col\u00b7locada.\u00a0\" \/>\n<meta property=\"og:url\" content=\"https:\/\/milanta.net\/es\/producte\/rampa-de-tronc-per-lliscar\/\" \/>\n<meta property=\"og:site_name\" content=\"Milanta\" \/>\n<meta property=\"article:publisher\" content=\"https:\/\/www.facebook.com\/MilantaCraft\/\" \/>\n<meta property=\"article:modified_time\" content=\"2025-04-24T09:22:58+00:00\" \/>\n<meta property=\"og:image\" content=\"https:\/\/milanta.net\/wp-content\/uploads\/2021\/08\/2113-Rampa-de-tronc-per-lliscar.jpg\" \/>\n\t<meta property=\"og:image:width\" content=\"1920\" \/>\n\t<meta property=\"og:image:height\" content=\"1281\" \/>\n\t<meta property=\"og:image:type\" content=\"image\/jpeg\" \/>\n<meta name=\"twitter:card\" content=\"summary_large_image\" \/>\n<meta name=\"twitter:label1\" content=\"Tiempo de lectura\" \/>\n\t<meta name=\"twitter:data1\" content=\"2 minutos\" \/>\n<script type=\"application\/ld+json\" class=\"yoast-schema-graph\">{\"@context\":\"https:\/\/schema.org\",\"@graph\":[{\"@type\":\"WebPage\",\"@id\":\"https:\/\/milanta.net\/es\/producte\/rampa-de-tronc-per-lliscar\/\",\"url\":\"https:\/\/milanta.net\/es\/producte\/rampa-de-tronc-per-lliscar\/\",\"name\":\"Rampa de fusta per lliscar - Milanta\",\"isPartOf\":{\"@id\":\"https:\/\/milanta.net\/es\/#website\"},\"primaryImageOfPage\":{\"@id\":\"https:\/\/milanta.net\/es\/producte\/rampa-de-tronc-per-lliscar\/#primaryimage\"},\"image\":{\"@id\":\"https:\/\/milanta.net\/es\/producte\/rampa-de-tronc-per-lliscar\/#primaryimage\"},\"thumbnailUrl\":\"https:\/\/milanta.net\/wp-content\/uploads\/2021\/08\/2113-Rampa-de-tronc-per-lliscar.jpg\",\"datePublished\":\"2021-08-31T09:56:58+00:00\",\"dateModified\":\"2025-04-24T09:22:58+00:00\",\"description\":\"Rampa de fusta ideal per proporcionar joc de moviment. La fem a mida segons les vostres necessitats i l'espai on ha d'anar col\u00b7locada.\u00a0\",\"breadcrumb\":{\"@id\":\"https:\/\/milanta.net\/es\/producte\/rampa-de-tronc-per-lliscar\/#breadcrumb\"},\"inLanguage\":\"es\",\"potentialAction\":[{\"@type\":\"ReadAction\",\"target\":[\"https:\/\/milanta.net\/es\/producte\/rampa-de-tronc-per-lliscar\/\"]}]},{\"@type\":\"ImageObject\",\"inLanguage\":\"es\",\"@id\":\"https:\/\/milanta.net\/es\/producte\/rampa-de-tronc-per-lliscar\/#primaryimage\",\"url\":\"https:\/\/milanta.net\/wp-content\/uploads\/2021\/08\/2113-Rampa-de-tronc-per-lliscar.jpg\",\"contentUrl\":\"https:\/\/milanta.net\/wp-content\/uploads\/2021\/08\/2113-Rampa-de-tronc-per-lliscar.jpg\",\"width\":1920,\"height\":1281,\"caption\":\"Rampa de tronc per lliscar\"},{\"@type\":\"BreadcrumbList\",\"@id\":\"https:\/\/milanta.net\/es\/producte\/rampa-de-tronc-per-lliscar\/#breadcrumb\",\"itemListElement\":[{\"@type\":\"ListItem\",\"position\":1,\"name\":\"Portada\",\"item\":\"https:\/\/milanta.net\/es\/\"},{\"@type\":\"ListItem\",\"position\":2,\"name\":\"Cat\u00e1logo\",\"item\":\"https:\/\/milanta.net\/es\/catalogo\/\"},{\"@type\":\"ListItem\",\"position\":3,\"name\":\"Rampa de fusta per lliscar\"}]},{\"@type\":\"WebSite\",\"@id\":\"https:\/\/milanta.net\/es\/#website\",\"url\":\"https:\/\/milanta.net\/es\/\",\"name\":\"Milanta Patis Vius\",\"description\":\"ESPACIOS NATURALES Y CREATIVOS PARA LA EDUCACI\u00d3N\",\"publisher\":{\"@id\":\"https:\/\/milanta.net\/es\/#organization\"},\"alternateName\":\"Milanta - Patis Vius\",\"potentialAction\":[{\"@type\":\"SearchAction\",\"target\":{\"@type\":\"EntryPoint\",\"urlTemplate\":\"https:\/\/milanta.net\/es\/?s={search_term_string}\"},\"query-input\":{\"@type\":\"PropertyValueSpecification\",\"valueRequired\":true,\"valueName\":\"search_term_string\"}}],\"inLanguage\":\"es\"},{\"@type\":\"Organization\",\"@id\":\"https:\/\/milanta.net\/es\/#organization\",\"name\":\"Milanta\",\"url\":\"https:\/\/milanta.net\/es\/\",\"logo\":{\"@type\":\"ImageObject\",\"inLanguage\":\"es\",\"@id\":\"https:\/\/milanta.net\/es\/#\/schema\/logo\/image\/\",\"url\":\"https:\/\/milanta.net\/wp-content\/uploads\/2023\/04\/Logo-Milanta-color.svg\",\"contentUrl\":\"https:\/\/milanta.net\/wp-content\/uploads\/2023\/04\/Logo-Milanta-color.svg\",\"width\":786,\"height\":486,\"caption\":\"Milanta\"},\"image\":{\"@id\":\"https:\/\/milanta.net\/es\/#\/schema\/logo\/image\/\"},\"sameAs\":[\"https:\/\/www.facebook.com\/MilantaCraft\/\",\"https:\/\/www.instagram.com\/milanta_patis\/\"]}]}<\/script>\n<!-- \/ Yoast SEO Premium plugin. -->","yoast_head_json":{"title":"Rampa de fusta per lliscar - Milanta","description":"Rampa de fusta ideal per proporcionar joc de moviment. La fem a mida segons les vostres necessitats i l'espai on ha d'anar col\u00b7locada.\u00a0","robots":{"index":"index","follow":"follow","max-snippet":"max-snippet:-1","max-image-preview":"max-image-preview:large","max-video-preview":"max-video-preview:-1"},"canonical":"https:\/\/milanta.net\/es\/producte\/rampa-de-tronc-per-lliscar\/","og_locale":"es_ES","og_type":"article","og_title":"Rampa de fusta per lliscar","og_description":"Rampa de fusta ideal per proporcionar joc de moviment. La fem a mida segons les vostres necessitats i l'espai on ha d'anar col\u00b7locada.\u00a0","og_url":"https:\/\/milanta.net\/es\/producte\/rampa-de-tronc-per-lliscar\/","og_site_name":"Milanta","article_publisher":"https:\/\/www.facebook.com\/MilantaCraft\/","article_modified_time":"2025-04-24T09:22:58+00:00","og_image":[{"width":1920,"height":1281,"url":"https:\/\/milanta.net\/wp-content\/uploads\/2021\/08\/2113-Rampa-de-tronc-per-lliscar.jpg","type":"image\/jpeg"}],"twitter_card":"summary_large_image","twitter_misc":{"Tiempo de lectura":"2 minutos"},"schema":{"@context":"https:\/\/schema.org","@graph":[{"@type":"WebPage","@id":"https:\/\/milanta.net\/es\/producte\/rampa-de-tronc-per-lliscar\/","url":"https:\/\/milanta.net\/es\/producte\/rampa-de-tronc-per-lliscar\/","name":"Rampa de fusta per lliscar - Milanta","isPartOf":{"@id":"https:\/\/milanta.net\/es\/#website"},"primaryImageOfPage":{"@id":"https:\/\/milanta.net\/es\/producte\/rampa-de-tronc-per-lliscar\/#primaryimage"},"image":{"@id":"https:\/\/milanta.net\/es\/producte\/rampa-de-tronc-per-lliscar\/#primaryimage"},"thumbnailUrl":"https:\/\/milanta.net\/wp-content\/uploads\/2021\/08\/2113-Rampa-de-tronc-per-lliscar.jpg","datePublished":"2021-08-31T09:56:58+00:00","dateModified":"2025-04-24T09:22:58+00:00","description":"Rampa de fusta ideal per proporcionar joc de moviment. La fem a mida segons les vostres necessitats i l'espai on ha d'anar col\u00b7locada.\u00a0","breadcrumb":{"@id":"https:\/\/milanta.net\/es\/producte\/rampa-de-tronc-per-lliscar\/#breadcrumb"},"inLanguage":"es","potentialAction":[{"@type":"ReadAction","target":["https:\/\/milanta.net\/es\/producte\/rampa-de-tronc-per-lliscar\/"]}]},{"@type":"ImageObject","inLanguage":"es","@id":"https:\/\/milanta.net\/es\/producte\/rampa-de-tronc-per-lliscar\/#primaryimage","url":"https:\/\/milanta.net\/wp-content\/uploads\/2021\/08\/2113-Rampa-de-tronc-per-lliscar.jpg","contentUrl":"https:\/\/milanta.net\/wp-content\/uploads\/2021\/08\/2113-Rampa-de-tronc-per-lliscar.jpg","width":1920,"height":1281,"caption":"Rampa de tronc per lliscar"},{"@type":"BreadcrumbList","@id":"https:\/\/milanta.net\/es\/producte\/rampa-de-tronc-per-lliscar\/#breadcrumb","itemListElement":[{"@type":"ListItem","position":1,"name":"Portada","item":"https:\/\/milanta.net\/es\/"},{"@type":"ListItem","position":2,"name":"Cat\u00e1logo","item":"https:\/\/milanta.net\/es\/catalogo\/"},{"@type":"ListItem","position":3,"name":"Rampa de fusta per lliscar"}]},{"@type":"WebSite","@id":"https:\/\/milanta.net\/es\/#website","url":"https:\/\/milanta.net\/es\/","name":"Milanta Patis Vius","description":"ESPACIOS NATURALES Y CREATIVOS PARA LA EDUCACI\u00d3N","publisher":{"@id":"https:\/\/milanta.net\/es\/#organization"},"alternateName":"Milanta - Patis Vius","potentialAction":[{"@type":"SearchAction","target":{"@type":"EntryPoint","urlTemplate":"https:\/\/milanta.net\/es\/?s={search_term_string}"},"query-input":{"@type":"PropertyValueSpecification","valueRequired":true,"valueName":"search_term_string"}}],"inLanguage":"es"},{"@type":"Organization","@id":"https:\/\/milanta.net\/es\/#organization","name":"Milanta","url":"https:\/\/milanta.net\/es\/","logo":{"@type":"ImageObject","inLanguage":"es","@id":"https:\/\/milanta.net\/es\/#\/schema\/logo\/image\/","url":"https:\/\/milanta.net\/wp-content\/uploads\/2023\/04\/Logo-Milanta-color.svg","contentUrl":"https:\/\/milanta.net\/wp-content\/uploads\/2023\/04\/Logo-Milanta-color.svg","width":786,"height":486,"caption":"Milanta"},"image":{"@id":"https:\/\/milanta.net\/es\/#\/schema\/logo\/image\/"},"sameAs":["https:\/\/www.facebook.com\/MilantaCraft\/","https:\/\/www.instagram.com\/milanta_patis\/"]}]}},"_links":{"self":[{"href":"https:\/\/milanta.net\/es\/wp-json\/wp\/v2\/product\/3788","targetHints":{"allow":["GET"]}}],"collection":[{"href":"https:\/\/milanta.net\/es\/wp-json\/wp\/v2\/product"}],"about":[{"href":"https:\/\/milanta.net\/es\/wp-json\/wp\/v2\/types\/product"}],"version-history":[{"count":0,"href":"https:\/\/milanta.net\/es\/wp-json\/wp\/v2\/product\/3788\/revisions"}],"wp:featuredmedia":[{"embeddable":true,"href":"https:\/\/milanta.net\/es\/wp-json\/wp\/v2\/media\/3782"}],"wp:attachment":[{"href":"https:\/\/milanta.net\/es\/wp-json\/wp\/v2\/media?parent=3788"}],"wp:term":[{"taxonomy":"product_brand","embeddable":true,"href":"https:\/\/milanta.net\/es\/wp-json\/wp\/v2\/product_brand?post=3788"},{"taxonomy":"product_cat","embeddable":true,"href":"https:\/\/milanta.net\/es\/wp-json\/wp\/v2\/product_cat?post=3788"},{"taxonomy":"product_tag","embeddable":true,"href":"https:\/\/milanta.net\/es\/wp-json\/wp\/v2\/product_tag?post=3788"},{"taxonomy":"ubicacion-del-mobiliario","embeddable":true,"href":"https:\/\/milanta.net\/es\/wp-json\/wp\/v2\/ubicacion-del-mobiliario?post=3788"}],"curies":[{"name":"wp","href":"https:\/\/api.w.org\/{rel}","templated":true}]}}