{"id":3791,"date":"2021-09-17T10:33:37","date_gmt":"2021-09-17T10:33:37","guid":{"rendered":"https:\/\/milanta.net\/producto\/piramide-les-vinyes\/"},"modified":"2025-04-22T13:53:02","modified_gmt":"2025-04-22T11:53:02","slug":"piramide-les-vinyes","status":"publish","type":"product","link":"https:\/\/milanta.net\/es\/producte\/piramide-les-vinyes\/","title":{"rendered":"Circuit de troncs &#8211; Pir\u00e0mide de 8 peces"},"content":{"rendered":"<p>Aquest petit circuit de 8 troncs en forma de pir\u00e0mide \u00e9s ideal per patis d&#8217;espais infantils i escoles de prim\u00e0ria.<\/p>\n<p>\u00c9s un repte natural que convida al moviment conscient i al joc lliure.<\/p>\n<p>Treballa l\u2019equilibri, la coordinaci\u00f3 i la percepci\u00f3 del propi cos en l\u2019espai, afavorint el desenvolupament psicomotor en un entorn natural i estimulant. Cada tronc \u00e9s diferent, com cada infant: la irregularitat del material viu promou l\u2019atenci\u00f3, la concentraci\u00f3 i l\u2019autoconfian\u00e7a. \u00c9s un element obert, que s\u2019adapta a m\u00faltiples usos i convida al joc cooperatiu, a l\u2019aventura i a la imaginaci\u00f3.<\/p>\n<p>&#8212;&#8211;<br \/>\nCal comptar amb\u00a0un metre i mig lliure a tot el voltant de terra no pavimentat.<\/p>\n<p>Inclou el muntatge.<\/p>\n<p>Podem fer a MIDA.<\/p>\n<p>&#8220;Mai hi ha dos troncs id\u00e8ntics, la fusta \u00e9s un material que s&#8217;altera amb el temps,\u00a0 les seves formes s\u00f3n irregulars i els muntatges mai queden igual que a les fotos. Les esquerdes a la fusta formen part de la natura viva del material, si s\u00f3n de menys de 8mm no us heu de preocupar. Aplicar anualment un nutrient com l&#8217;oli de llinosa ajuda a mantenir la fusta en bones condicions durant molts anys. Truqueu-nos si teniu algun dubte o necessiteu ajuda pel manteniment&#8221;<\/p>\n<p>\u00a0<\/p>\n","protected":false},"excerpt":{"rendered":"<p>Estructura de 8 troncs d&#8217;ac\u00e0cia per la descoberta i l&#8217;experimentaci\u00f3 motriu.<\/p>\n","protected":false},"featured_media":3789,"template":"","meta":[],"product_brand":[],"product_cat":[837,117],"product_tag":[],"ubicacion-del-mobiliario":[821],"class_list":{"0":"post-3791","1":"product","2":"type-product","3":"status-publish","4":"has-post-thumbnail","6":"product_cat-circuits-de-troncs","7":"product_cat-exterior-pati-i-jardi","8":"ubicacion-del-mobiliario-exterior","10":"first","11":"instock","12":"taxable","13":"shipping-taxable","14":"purchasable","15":"product-type-simple"},"yoast_head":"<!-- This site is optimized with the Yoast SEO Premium plugin v21.6 (Yoast SEO v27.2) - https:\/\/yoast.com\/product\/yoast-seo-premium-wordpress\/ -->\n<title>Circuit de troncs - Pir\u00e0mide de 8 peces - Milanta<\/title>\n<meta name=\"description\" content=\"Aquest petit circuit de 8 troncs d&#039;ac\u00e0cia en forma de pir\u00e0mide \u00e9s ideal per patis d&#039;espais infantils i escoles de prim\u00e0ria.\" \/>\n<meta name=\"robots\" content=\"index, follow, max-snippet:-1, max-image-preview:large, max-video-preview:-1\" \/>\n<link rel=\"canonical\" href=\"https:\/\/milanta.net\/es\/producte\/piramide-les-vinyes\/\" \/>\n<meta property=\"og:locale\" content=\"es_ES\" \/>\n<meta property=\"og:type\" content=\"article\" \/>\n<meta property=\"og:title\" content=\"Circuit de troncs - Pir\u00e0mide de 8 peces\" \/>\n<meta property=\"og:description\" content=\"Aquest petit circuit de 8 troncs d&#039;ac\u00e0cia en forma de pir\u00e0mide \u00e9s ideal per patis d&#039;espais infantils i escoles de prim\u00e0ria.\" \/>\n<meta property=\"og:url\" content=\"https:\/\/milanta.net\/es\/producte\/piramide-les-vinyes\/\" \/>\n<meta property=\"og:site_name\" content=\"Milanta\" \/>\n<meta property=\"article:publisher\" content=\"https:\/\/www.facebook.com\/MilantaCraft\/\" \/>\n<meta property=\"article:modified_time\" content=\"2025-04-22T11:53:02+00:00\" \/>\n<meta property=\"og:image\" content=\"https:\/\/milanta.net\/wp-content\/uploads\/2021\/09\/2117-Piramide-les-Vinyes-scaled.jpg\" \/>\n\t<meta property=\"og:image:width\" content=\"2560\" \/>\n\t<meta property=\"og:image:height\" content=\"1920\" \/>\n\t<meta property=\"og:image:type\" content=\"image\/jpeg\" \/>\n<meta name=\"twitter:card\" content=\"summary_large_image\" \/>\n<meta name=\"twitter:label1\" content=\"Tiempo de lectura\" \/>\n\t<meta name=\"twitter:data1\" content=\"2 minutos\" \/>\n<script type=\"application\/ld+json\" class=\"yoast-schema-graph\">{\"@context\":\"https:\/\/schema.org\",\"@graph\":[{\"@type\":\"WebPage\",\"@id\":\"https:\/\/milanta.net\/es\/producte\/piramide-les-vinyes\/\",\"url\":\"https:\/\/milanta.net\/es\/producte\/piramide-les-vinyes\/\",\"name\":\"Circuit de troncs - Pir\u00e0mide de 8 peces - Milanta\",\"isPartOf\":{\"@id\":\"https:\/\/milanta.net\/es\/#website\"},\"primaryImageOfPage\":{\"@id\":\"https:\/\/milanta.net\/es\/producte\/piramide-les-vinyes\/#primaryimage\"},\"image\":{\"@id\":\"https:\/\/milanta.net\/es\/producte\/piramide-les-vinyes\/#primaryimage\"},\"thumbnailUrl\":\"https:\/\/milanta.net\/wp-content\/uploads\/2021\/09\/2117-Piramide-les-Vinyes-scaled.jpg\",\"datePublished\":\"2021-09-17T10:33:37+00:00\",\"dateModified\":\"2025-04-22T11:53:02+00:00\",\"description\":\"Aquest petit circuit de 8 troncs d'ac\u00e0cia en forma de pir\u00e0mide \u00e9s ideal per patis d'espais infantils i escoles de prim\u00e0ria.\",\"breadcrumb\":{\"@id\":\"https:\/\/milanta.net\/es\/producte\/piramide-les-vinyes\/#breadcrumb\"},\"inLanguage\":\"es\",\"potentialAction\":[{\"@type\":\"ReadAction\",\"target\":[\"https:\/\/milanta.net\/es\/producte\/piramide-les-vinyes\/\"]}]},{\"@type\":\"ImageObject\",\"inLanguage\":\"es\",\"@id\":\"https:\/\/milanta.net\/es\/producte\/piramide-les-vinyes\/#primaryimage\",\"url\":\"https:\/\/milanta.net\/wp-content\/uploads\/2021\/09\/2117-Piramide-les-Vinyes-scaled.jpg\",\"contentUrl\":\"https:\/\/milanta.net\/wp-content\/uploads\/2021\/09\/2117-Piramide-les-Vinyes-scaled.jpg\",\"width\":2560,\"height\":1920,\"caption\":\"Pir\u00e0mide les Vinyes\"},{\"@type\":\"BreadcrumbList\",\"@id\":\"https:\/\/milanta.net\/es\/producte\/piramide-les-vinyes\/#breadcrumb\",\"itemListElement\":[{\"@type\":\"ListItem\",\"position\":1,\"name\":\"Portada\",\"item\":\"https:\/\/milanta.net\/es\/\"},{\"@type\":\"ListItem\",\"position\":2,\"name\":\"Cat\u00e1logo\",\"item\":\"https:\/\/milanta.net\/es\/catalogo\/\"},{\"@type\":\"ListItem\",\"position\":3,\"name\":\"Circuit de troncs &#8211; Pir\u00e0mide de 8 peces\"}]},{\"@type\":\"WebSite\",\"@id\":\"https:\/\/milanta.net\/es\/#website\",\"url\":\"https:\/\/milanta.net\/es\/\",\"name\":\"Milanta Patis Vius\",\"description\":\"ESPACIOS NATURALES Y CREATIVOS PARA LA EDUCACI\u00d3N\",\"publisher\":{\"@id\":\"https:\/\/milanta.net\/es\/#organization\"},\"alternateName\":\"Milanta - Patis Vius\",\"potentialAction\":[{\"@type\":\"SearchAction\",\"target\":{\"@type\":\"EntryPoint\",\"urlTemplate\":\"https:\/\/milanta.net\/es\/?s={search_term_string}\"},\"query-input\":{\"@type\":\"PropertyValueSpecification\",\"valueRequired\":true,\"valueName\":\"search_term_string\"}}],\"inLanguage\":\"es\"},{\"@type\":\"Organization\",\"@id\":\"https:\/\/milanta.net\/es\/#organization\",\"name\":\"Milanta\",\"url\":\"https:\/\/milanta.net\/es\/\",\"logo\":{\"@type\":\"ImageObject\",\"inLanguage\":\"es\",\"@id\":\"https:\/\/milanta.net\/es\/#\/schema\/logo\/image\/\",\"url\":\"https:\/\/milanta.net\/wp-content\/uploads\/2023\/04\/Logo-Milanta-color.svg\",\"contentUrl\":\"https:\/\/milanta.net\/wp-content\/uploads\/2023\/04\/Logo-Milanta-color.svg\",\"width\":786,\"height\":486,\"caption\":\"Milanta\"},\"image\":{\"@id\":\"https:\/\/milanta.net\/es\/#\/schema\/logo\/image\/\"},\"sameAs\":[\"https:\/\/www.facebook.com\/MilantaCraft\/\",\"https:\/\/www.instagram.com\/milanta_patis\/\"]}]}<\/script>\n<!-- \/ Yoast SEO Premium plugin. -->","yoast_head_json":{"title":"Circuit de troncs - Pir\u00e0mide de 8 peces - Milanta","description":"Aquest petit circuit de 8 troncs d'ac\u00e0cia en forma de pir\u00e0mide \u00e9s ideal per patis d'espais infantils i escoles de prim\u00e0ria.","robots":{"index":"index","follow":"follow","max-snippet":"max-snippet:-1","max-image-preview":"max-image-preview:large","max-video-preview":"max-video-preview:-1"},"canonical":"https:\/\/milanta.net\/es\/producte\/piramide-les-vinyes\/","og_locale":"es_ES","og_type":"article","og_title":"Circuit de troncs - Pir\u00e0mide de 8 peces","og_description":"Aquest petit circuit de 8 troncs d'ac\u00e0cia en forma de pir\u00e0mide \u00e9s ideal per patis d'espais infantils i escoles de prim\u00e0ria.","og_url":"https:\/\/milanta.net\/es\/producte\/piramide-les-vinyes\/","og_site_name":"Milanta","article_publisher":"https:\/\/www.facebook.com\/MilantaCraft\/","article_modified_time":"2025-04-22T11:53:02+00:00","og_image":[{"width":2560,"height":1920,"url":"https:\/\/milanta.net\/wp-content\/uploads\/2021\/09\/2117-Piramide-les-Vinyes-scaled.jpg","type":"image\/jpeg"}],"twitter_card":"summary_large_image","twitter_misc":{"Tiempo de lectura":"2 minutos"},"schema":{"@context":"https:\/\/schema.org","@graph":[{"@type":"WebPage","@id":"https:\/\/milanta.net\/es\/producte\/piramide-les-vinyes\/","url":"https:\/\/milanta.net\/es\/producte\/piramide-les-vinyes\/","name":"Circuit de troncs - Pir\u00e0mide de 8 peces - Milanta","isPartOf":{"@id":"https:\/\/milanta.net\/es\/#website"},"primaryImageOfPage":{"@id":"https:\/\/milanta.net\/es\/producte\/piramide-les-vinyes\/#primaryimage"},"image":{"@id":"https:\/\/milanta.net\/es\/producte\/piramide-les-vinyes\/#primaryimage"},"thumbnailUrl":"https:\/\/milanta.net\/wp-content\/uploads\/2021\/09\/2117-Piramide-les-Vinyes-scaled.jpg","datePublished":"2021-09-17T10:33:37+00:00","dateModified":"2025-04-22T11:53:02+00:00","description":"Aquest petit circuit de 8 troncs d'ac\u00e0cia en forma de pir\u00e0mide \u00e9s ideal per patis d'espais infantils i escoles de prim\u00e0ria.","breadcrumb":{"@id":"https:\/\/milanta.net\/es\/producte\/piramide-les-vinyes\/#breadcrumb"},"inLanguage":"es","potentialAction":[{"@type":"ReadAction","target":["https:\/\/milanta.net\/es\/producte\/piramide-les-vinyes\/"]}]},{"@type":"ImageObject","inLanguage":"es","@id":"https:\/\/milanta.net\/es\/producte\/piramide-les-vinyes\/#primaryimage","url":"https:\/\/milanta.net\/wp-content\/uploads\/2021\/09\/2117-Piramide-les-Vinyes-scaled.jpg","contentUrl":"https:\/\/milanta.net\/wp-content\/uploads\/2021\/09\/2117-Piramide-les-Vinyes-scaled.jpg","width":2560,"height":1920,"caption":"Pir\u00e0mide les Vinyes"},{"@type":"BreadcrumbList","@id":"https:\/\/milanta.net\/es\/producte\/piramide-les-vinyes\/#breadcrumb","itemListElement":[{"@type":"ListItem","position":1,"name":"Portada","item":"https:\/\/milanta.net\/es\/"},{"@type":"ListItem","position":2,"name":"Cat\u00e1logo","item":"https:\/\/milanta.net\/es\/catalogo\/"},{"@type":"ListItem","position":3,"name":"Circuit de troncs &#8211; Pir\u00e0mide de 8 peces"}]},{"@type":"WebSite","@id":"https:\/\/milanta.net\/es\/#website","url":"https:\/\/milanta.net\/es\/","name":"Milanta Patis Vius","description":"ESPACIOS NATURALES Y CREATIVOS PARA LA EDUCACI\u00d3N","publisher":{"@id":"https:\/\/milanta.net\/es\/#organization"},"alternateName":"Milanta - Patis Vius","potentialAction":[{"@type":"SearchAction","target":{"@type":"EntryPoint","urlTemplate":"https:\/\/milanta.net\/es\/?s={search_term_string}"},"query-input":{"@type":"PropertyValueSpecification","valueRequired":true,"valueName":"search_term_string"}}],"inLanguage":"es"},{"@type":"Organization","@id":"https:\/\/milanta.net\/es\/#organization","name":"Milanta","url":"https:\/\/milanta.net\/es\/","logo":{"@type":"ImageObject","inLanguage":"es","@id":"https:\/\/milanta.net\/es\/#\/schema\/logo\/image\/","url":"https:\/\/milanta.net\/wp-content\/uploads\/2023\/04\/Logo-Milanta-color.svg","contentUrl":"https:\/\/milanta.net\/wp-content\/uploads\/2023\/04\/Logo-Milanta-color.svg","width":786,"height":486,"caption":"Milanta"},"image":{"@id":"https:\/\/milanta.net\/es\/#\/schema\/logo\/image\/"},"sameAs":["https:\/\/www.facebook.com\/MilantaCraft\/","https:\/\/www.instagram.com\/milanta_patis\/"]}]}},"_links":{"self":[{"href":"https:\/\/milanta.net\/es\/wp-json\/wp\/v2\/product\/3791","targetHints":{"allow":["GET"]}}],"collection":[{"href":"https:\/\/milanta.net\/es\/wp-json\/wp\/v2\/product"}],"about":[{"href":"https:\/\/milanta.net\/es\/wp-json\/wp\/v2\/types\/product"}],"version-history":[{"count":0,"href":"https:\/\/milanta.net\/es\/wp-json\/wp\/v2\/product\/3791\/revisions"}],"wp:featuredmedia":[{"embeddable":true,"href":"https:\/\/milanta.net\/es\/wp-json\/wp\/v2\/media\/3789"}],"wp:attachment":[{"href":"https:\/\/milanta.net\/es\/wp-json\/wp\/v2\/media?parent=3791"}],"wp:term":[{"taxonomy":"product_brand","embeddable":true,"href":"https:\/\/milanta.net\/es\/wp-json\/wp\/v2\/product_brand?post=3791"},{"taxonomy":"product_cat","embeddable":true,"href":"https:\/\/milanta.net\/es\/wp-json\/wp\/v2\/product_cat?post=3791"},{"taxonomy":"product_tag","embeddable":true,"href":"https:\/\/milanta.net\/es\/wp-json\/wp\/v2\/product_tag?post=3791"},{"taxonomy":"ubicacion-del-mobiliario","embeddable":true,"href":"https:\/\/milanta.net\/es\/wp-json\/wp\/v2\/ubicacion-del-mobiliario?post=3791"}],"curies":[{"name":"wp","href":"https:\/\/api.w.org\/{rel}","templated":true}]}}