{"id":3802,"date":"2021-11-19T11:42:14","date_gmt":"2021-11-19T11:42:14","guid":{"rendered":"https:\/\/milanta.net\/producto\/umbracle-grades-escenari-i-jardineres\/"},"modified":"2026-02-12T09:45:47","modified_gmt":"2026-02-12T08:45:47","slug":"aula-exterior-natural-amb-ombra","status":"publish","type":"product","link":"https:\/\/milanta.net\/es\/producte\/aula-exterior-natural-amb-ombra\/","title":{"rendered":"Aula Exterior Natural amb ombra"},"content":{"rendered":"<p>Aquest espai est\u00e0 pensat per reduir la temperatura del pati alhora que per proporcionar un espai natural de calma, trobada, joc i aula exterior.<\/p>\n<p><strong>L&#8217;espai inclou: <\/strong><\/p>\n<ul>\n<li>1 tur\u00f3 de grans dimensions amb reptes motrius (pent\u00e0gon de troncs, graons i rampa)<\/li>\n<li>1 umbracle de tela transpirable amb estructura de quatre pilars,<\/li>\n<li>2 jardineres<\/li>\n<li>1 tarima de travesses de fusta de 2,50m x 2,00m<\/li>\n<li>1 grada de cinc al\u00e7ades<\/li>\n<li>Tur\u00f3 perimetrat amb troncs i fibra de coco<\/li>\n<li>Escales de tronc<\/li>\n<li>Pent\u00e0gon de tronc<\/li>\n<li>Terres<\/li>\n<\/ul>\n<p>&nbsp;<\/p>\n<p>*La vegetaci\u00f3 no estan incloses en el preu, per\u00f2 podem gestionar la compra i la plantaci\u00f3. Demaneu-nos pressupost sense comprom\u00eds.<\/p>\n<p>Aquest rac\u00f3 de trobada \u00e9s fant\u00e0stic per patis d&#8217;escoles d&#8217;infantil i prim\u00e0ria i es convertir\u00e0 en un petit refugi clim\u00e0tic, no nom\u00e9s gr\u00e0cies a l&#8217;umbracle sin\u00f3 tamb\u00e9 a la vegetaci\u00f3, a la fusta i al s\u00f2l de terres, que absorbeixen la calor.<\/p>\n","protected":false},"excerpt":{"rendered":"<p>Espai dissenyat per generar ombra al pati escolar i, alhora, proporcionar oportunitats de joc i aula exterior.<\/p>\n","protected":false},"featured_media":3800,"template":"","meta":[],"product_brand":[],"product_cat":[741,838,742],"product_tag":[707],"ubicacion-del-mobiliario":[],"class_list":{"0":"post-3802","1":"product","2":"type-product","3":"status-publish","4":"has-post-thumbnail","6":"product_cat-aules-dexterior","7":"product_cat-turons","8":"product_cat-umbracles-per-patis-escolars","9":"product_tag-umbracles","11":"first","12":"instock","13":"taxable","14":"shipping-taxable","15":"purchasable","16":"product-type-simple"},"yoast_head":"<!-- This site is optimized with the Yoast SEO Premium plugin v21.6 (Yoast SEO v27.2) - https:\/\/yoast.com\/product\/yoast-seo-premium-wordpress\/ -->\n<title>Aula Exterior Natural amb ombra - Milanta<\/title>\n<meta name=\"robots\" content=\"index, follow, max-snippet:-1, max-image-preview:large, max-video-preview:-1\" \/>\n<link rel=\"canonical\" href=\"https:\/\/milanta.net\/es\/producte\/aula-exterior-natural-amb-ombra\/\" \/>\n<meta property=\"og:locale\" content=\"es_ES\" \/>\n<meta property=\"og:type\" content=\"article\" \/>\n<meta property=\"og:title\" content=\"Aula Exterior Natural amb ombra\" \/>\n<meta property=\"og:description\" content=\"Espai dissenyat per generar ombra al pati escolar i, alhora, proporcionar oportunitats de joc i aula exterior.\" \/>\n<meta property=\"og:url\" content=\"https:\/\/milanta.net\/es\/producte\/aula-exterior-natural-amb-ombra\/\" \/>\n<meta property=\"og:site_name\" content=\"Milanta\" \/>\n<meta property=\"article:publisher\" content=\"https:\/\/www.facebook.com\/MilantaCraft\/\" \/>\n<meta property=\"article:modified_time\" content=\"2026-02-12T08:45:47+00:00\" \/>\n<meta property=\"og:image\" content=\"https:\/\/milanta.net\/wp-content\/uploads\/2021\/11\/2183-UMBRACLE-GRADES-ESCENARI-I-JARDINERES-scaled.jpg\" \/>\n\t<meta property=\"og:image:width\" content=\"2560\" \/>\n\t<meta property=\"og:image:height\" content=\"1397\" \/>\n\t<meta property=\"og:image:type\" content=\"image\/jpeg\" \/>\n<meta name=\"twitter:card\" content=\"summary_large_image\" \/>\n<meta name=\"twitter:label1\" content=\"Tiempo de lectura\" \/>\n\t<meta name=\"twitter:data1\" content=\"1 minuto\" \/>\n<script type=\"application\/ld+json\" class=\"yoast-schema-graph\">{\"@context\":\"https:\/\/schema.org\",\"@graph\":[{\"@type\":\"WebPage\",\"@id\":\"https:\/\/milanta.net\/es\/producte\/aula-exterior-natural-amb-ombra\/\",\"url\":\"https:\/\/milanta.net\/es\/producte\/aula-exterior-natural-amb-ombra\/\",\"name\":\"Aula Exterior Natural amb ombra - Milanta\",\"isPartOf\":{\"@id\":\"https:\/\/milanta.net\/es\/#website\"},\"primaryImageOfPage\":{\"@id\":\"https:\/\/milanta.net\/es\/producte\/aula-exterior-natural-amb-ombra\/#primaryimage\"},\"image\":{\"@id\":\"https:\/\/milanta.net\/es\/producte\/aula-exterior-natural-amb-ombra\/#primaryimage\"},\"thumbnailUrl\":\"https:\/\/milanta.net\/wp-content\/uploads\/2021\/11\/2183-UMBRACLE-GRADES-ESCENARI-I-JARDINERES-scaled.jpg\",\"datePublished\":\"2021-11-19T11:42:14+00:00\",\"dateModified\":\"2026-02-12T08:45:47+00:00\",\"breadcrumb\":{\"@id\":\"https:\/\/milanta.net\/es\/producte\/aula-exterior-natural-amb-ombra\/#breadcrumb\"},\"inLanguage\":\"es\",\"potentialAction\":[{\"@type\":\"ReadAction\",\"target\":[\"https:\/\/milanta.net\/es\/producte\/aula-exterior-natural-amb-ombra\/\"]}]},{\"@type\":\"ImageObject\",\"inLanguage\":\"es\",\"@id\":\"https:\/\/milanta.net\/es\/producte\/aula-exterior-natural-amb-ombra\/#primaryimage\",\"url\":\"https:\/\/milanta.net\/wp-content\/uploads\/2021\/11\/2183-UMBRACLE-GRADES-ESCENARI-I-JARDINERES-scaled.jpg\",\"contentUrl\":\"https:\/\/milanta.net\/wp-content\/uploads\/2021\/11\/2183-UMBRACLE-GRADES-ESCENARI-I-JARDINERES-scaled.jpg\",\"width\":2560,\"height\":1397,\"caption\":\"UMBRACLE GRADES, ESCENARI I JARDINERES\"},{\"@type\":\"BreadcrumbList\",\"@id\":\"https:\/\/milanta.net\/es\/producte\/aula-exterior-natural-amb-ombra\/#breadcrumb\",\"itemListElement\":[{\"@type\":\"ListItem\",\"position\":1,\"name\":\"Portada\",\"item\":\"https:\/\/milanta.net\/es\/\"},{\"@type\":\"ListItem\",\"position\":2,\"name\":\"Cat\u00e1logo\",\"item\":\"https:\/\/milanta.net\/es\/catalogo\/\"},{\"@type\":\"ListItem\",\"position\":3,\"name\":\"Aula Exterior Natural amb ombra\"}]},{\"@type\":\"WebSite\",\"@id\":\"https:\/\/milanta.net\/es\/#website\",\"url\":\"https:\/\/milanta.net\/es\/\",\"name\":\"Milanta Patis Vius\",\"description\":\"ESPACIOS NATURALES Y CREATIVOS PARA LA EDUCACI\u00d3N\",\"publisher\":{\"@id\":\"https:\/\/milanta.net\/es\/#organization\"},\"alternateName\":\"Milanta - Patis Vius\",\"potentialAction\":[{\"@type\":\"SearchAction\",\"target\":{\"@type\":\"EntryPoint\",\"urlTemplate\":\"https:\/\/milanta.net\/es\/?s={search_term_string}\"},\"query-input\":{\"@type\":\"PropertyValueSpecification\",\"valueRequired\":true,\"valueName\":\"search_term_string\"}}],\"inLanguage\":\"es\"},{\"@type\":\"Organization\",\"@id\":\"https:\/\/milanta.net\/es\/#organization\",\"name\":\"Milanta\",\"url\":\"https:\/\/milanta.net\/es\/\",\"logo\":{\"@type\":\"ImageObject\",\"inLanguage\":\"es\",\"@id\":\"https:\/\/milanta.net\/es\/#\/schema\/logo\/image\/\",\"url\":\"https:\/\/milanta.net\/wp-content\/uploads\/2023\/04\/Logo-Milanta-color.svg\",\"contentUrl\":\"https:\/\/milanta.net\/wp-content\/uploads\/2023\/04\/Logo-Milanta-color.svg\",\"width\":786,\"height\":486,\"caption\":\"Milanta\"},\"image\":{\"@id\":\"https:\/\/milanta.net\/es\/#\/schema\/logo\/image\/\"},\"sameAs\":[\"https:\/\/www.facebook.com\/MilantaCraft\/\",\"https:\/\/www.instagram.com\/milanta_patis\/\"]}]}<\/script>\n<!-- \/ Yoast SEO Premium plugin. -->","yoast_head_json":{"title":"Aula Exterior Natural amb ombra - Milanta","robots":{"index":"index","follow":"follow","max-snippet":"max-snippet:-1","max-image-preview":"max-image-preview:large","max-video-preview":"max-video-preview:-1"},"canonical":"https:\/\/milanta.net\/es\/producte\/aula-exterior-natural-amb-ombra\/","og_locale":"es_ES","og_type":"article","og_title":"Aula Exterior Natural amb ombra","og_description":"Espai dissenyat per generar ombra al pati escolar i, alhora, proporcionar oportunitats de joc i aula exterior.","og_url":"https:\/\/milanta.net\/es\/producte\/aula-exterior-natural-amb-ombra\/","og_site_name":"Milanta","article_publisher":"https:\/\/www.facebook.com\/MilantaCraft\/","article_modified_time":"2026-02-12T08:45:47+00:00","og_image":[{"width":2560,"height":1397,"url":"https:\/\/milanta.net\/wp-content\/uploads\/2021\/11\/2183-UMBRACLE-GRADES-ESCENARI-I-JARDINERES-scaled.jpg","type":"image\/jpeg"}],"twitter_card":"summary_large_image","twitter_misc":{"Tiempo de lectura":"1 minuto"},"schema":{"@context":"https:\/\/schema.org","@graph":[{"@type":"WebPage","@id":"https:\/\/milanta.net\/es\/producte\/aula-exterior-natural-amb-ombra\/","url":"https:\/\/milanta.net\/es\/producte\/aula-exterior-natural-amb-ombra\/","name":"Aula Exterior Natural amb ombra - Milanta","isPartOf":{"@id":"https:\/\/milanta.net\/es\/#website"},"primaryImageOfPage":{"@id":"https:\/\/milanta.net\/es\/producte\/aula-exterior-natural-amb-ombra\/#primaryimage"},"image":{"@id":"https:\/\/milanta.net\/es\/producte\/aula-exterior-natural-amb-ombra\/#primaryimage"},"thumbnailUrl":"https:\/\/milanta.net\/wp-content\/uploads\/2021\/11\/2183-UMBRACLE-GRADES-ESCENARI-I-JARDINERES-scaled.jpg","datePublished":"2021-11-19T11:42:14+00:00","dateModified":"2026-02-12T08:45:47+00:00","breadcrumb":{"@id":"https:\/\/milanta.net\/es\/producte\/aula-exterior-natural-amb-ombra\/#breadcrumb"},"inLanguage":"es","potentialAction":[{"@type":"ReadAction","target":["https:\/\/milanta.net\/es\/producte\/aula-exterior-natural-amb-ombra\/"]}]},{"@type":"ImageObject","inLanguage":"es","@id":"https:\/\/milanta.net\/es\/producte\/aula-exterior-natural-amb-ombra\/#primaryimage","url":"https:\/\/milanta.net\/wp-content\/uploads\/2021\/11\/2183-UMBRACLE-GRADES-ESCENARI-I-JARDINERES-scaled.jpg","contentUrl":"https:\/\/milanta.net\/wp-content\/uploads\/2021\/11\/2183-UMBRACLE-GRADES-ESCENARI-I-JARDINERES-scaled.jpg","width":2560,"height":1397,"caption":"UMBRACLE GRADES, ESCENARI I JARDINERES"},{"@type":"BreadcrumbList","@id":"https:\/\/milanta.net\/es\/producte\/aula-exterior-natural-amb-ombra\/#breadcrumb","itemListElement":[{"@type":"ListItem","position":1,"name":"Portada","item":"https:\/\/milanta.net\/es\/"},{"@type":"ListItem","position":2,"name":"Cat\u00e1logo","item":"https:\/\/milanta.net\/es\/catalogo\/"},{"@type":"ListItem","position":3,"name":"Aula Exterior Natural amb ombra"}]},{"@type":"WebSite","@id":"https:\/\/milanta.net\/es\/#website","url":"https:\/\/milanta.net\/es\/","name":"Milanta Patis Vius","description":"ESPACIOS NATURALES Y CREATIVOS PARA LA EDUCACI\u00d3N","publisher":{"@id":"https:\/\/milanta.net\/es\/#organization"},"alternateName":"Milanta - Patis Vius","potentialAction":[{"@type":"SearchAction","target":{"@type":"EntryPoint","urlTemplate":"https:\/\/milanta.net\/es\/?s={search_term_string}"},"query-input":{"@type":"PropertyValueSpecification","valueRequired":true,"valueName":"search_term_string"}}],"inLanguage":"es"},{"@type":"Organization","@id":"https:\/\/milanta.net\/es\/#organization","name":"Milanta","url":"https:\/\/milanta.net\/es\/","logo":{"@type":"ImageObject","inLanguage":"es","@id":"https:\/\/milanta.net\/es\/#\/schema\/logo\/image\/","url":"https:\/\/milanta.net\/wp-content\/uploads\/2023\/04\/Logo-Milanta-color.svg","contentUrl":"https:\/\/milanta.net\/wp-content\/uploads\/2023\/04\/Logo-Milanta-color.svg","width":786,"height":486,"caption":"Milanta"},"image":{"@id":"https:\/\/milanta.net\/es\/#\/schema\/logo\/image\/"},"sameAs":["https:\/\/www.facebook.com\/MilantaCraft\/","https:\/\/www.instagram.com\/milanta_patis\/"]}]}},"_links":{"self":[{"href":"https:\/\/milanta.net\/es\/wp-json\/wp\/v2\/product\/3802","targetHints":{"allow":["GET"]}}],"collection":[{"href":"https:\/\/milanta.net\/es\/wp-json\/wp\/v2\/product"}],"about":[{"href":"https:\/\/milanta.net\/es\/wp-json\/wp\/v2\/types\/product"}],"version-history":[{"count":3,"href":"https:\/\/milanta.net\/es\/wp-json\/wp\/v2\/product\/3802\/revisions"}],"predecessor-version":[{"id":14454,"href":"https:\/\/milanta.net\/es\/wp-json\/wp\/v2\/product\/3802\/revisions\/14454"}],"wp:featuredmedia":[{"embeddable":true,"href":"https:\/\/milanta.net\/es\/wp-json\/wp\/v2\/media\/3800"}],"wp:attachment":[{"href":"https:\/\/milanta.net\/es\/wp-json\/wp\/v2\/media?parent=3802"}],"wp:term":[{"taxonomy":"product_brand","embeddable":true,"href":"https:\/\/milanta.net\/es\/wp-json\/wp\/v2\/product_brand?post=3802"},{"taxonomy":"product_cat","embeddable":true,"href":"https:\/\/milanta.net\/es\/wp-json\/wp\/v2\/product_cat?post=3802"},{"taxonomy":"product_tag","embeddable":true,"href":"https:\/\/milanta.net\/es\/wp-json\/wp\/v2\/product_tag?post=3802"},{"taxonomy":"ubicacion-del-mobiliario","embeddable":true,"href":"https:\/\/milanta.net\/es\/wp-json\/wp\/v2\/ubicacion-del-mobiliario?post=3802"}],"curies":[{"name":"wp","href":"https:\/\/api.w.org\/{rel}","templated":true}]}}